{"id":1448,"date":"2025-01-26T18:33:50","date_gmt":"2025-01-26T15:33:50","guid":{"rendered":"https:\/\/ticaret.edu.tr\/uluslararasi-ticaret\/?page_id=1448"},"modified":"2025-02-11T16:17:03","modified_gmt":"2025-02-11T13:17:03","slug":"yonetmelikler","status":"publish","type":"page","link":"http:\/\/ticaret.edu.tr\/uluslararasi-ticaret\/yonetmelikler\/","title":{"rendered":"Y\u00f6netmelikler"},"content":{"rendered":"<p><a href=\"https:\/\/www.mevzuat.gov.tr\/mevzuat?MevzuatNo=15066&amp;MevzuatTur=8&amp;MevzuatTertip=5\"><strong>\u0130STANBUL T\u0130CARET \u00dcN\u0130VERS\u0130TES\u0130 \u00d6NL\u0130SANS VE L\u0130SANS E\u011e\u0130T\u0130M-\u00d6\u011eRET\u0130M VE SINAV Y\u00d6NETMEL\u0130\u011e\u0130<\/strong><\/a><\/p>\n<p><a href=\"https:\/\/www.mevzuat.gov.tr\/mevzuat?MevzuatNo=7267&amp;MevzuatTur=8&amp;MevzuatTertip=5\"><strong>\u0130STANBUL T\u0130CARET \u00dcN\u0130VERS\u0130TES\u0130 YAZ \u00d6\u011eRET\u0130M\u0130 Y\u00d6NETMEL\u0130\u011e\u0130<\/strong><\/a><\/p>\n<p><a href=\"https:\/\/ticaret.edu.tr\/wp-content\/uploads\/2021\/04\/ogrenci-topluluk.pdf\"><strong>\u0130STANBUL T\u0130CARET \u00dcN\u0130VERS\u0130TES\u0130 \u00d6\u011eRENC\u0130 TOPLULUKLARI Y\u00d6NERGES\u0130<\/strong><\/a><\/p>\n<p><a href=\"https:\/\/ticaret.edu.tr\/wp-content\/uploads\/2021\/11\/Istanbul-Ticaret-Universitesi-Lisans-Burs-Yonergesi.pdf\"><strong>\u0130STANBUL T\u0130CARET \u00dcN\u0130VERS\u0130TES\u0130 BURS Y\u00d6NERGES\u0130<\/strong><\/a><\/p>\n<p><a href=\"https:\/\/kariyer.ticaret.edu.tr\/content\/3-ogrenciler\/1-staj-belgeleri\/guncel-istanbul-ticaret-universitesi-staj-yoenergesi.pdf\"><strong>\u0130STANBUL T\u0130CARET \u00dcN\u0130VERS\u0130TES\u0130 STAJ Y\u00d6NERGES\u0130<\/strong><\/a><\/p>\n","protected":false},"excerpt":{"rendered":"<p>\u0130STANBUL T\u0130CARET \u00dcN\u0130VERS\u0130TES\u0130 \u00d6NL\u0130SANS VE L\u0130SANS E\u011e\u0130T\u0130M-\u00d6\u011eRET\u0130M VE SINAV Y\u00d6NETMEL\u0130\u011e\u0130 \u0130STANBUL T\u0130CARET \u00dcN\u0130VERS\u0130TES\u0130 YAZ \u00d6\u011eRET\u0130M\u0130 Y\u00d6NETMEL\u0130\u011e\u0130 \u0130STANBUL T\u0130CARET \u00dcN\u0130VERS\u0130TES\u0130 \u00d6\u011eRENC\u0130 TOPLULUKLARI Y\u00d6NERGES\u0130 \u0130STANBUL T\u0130CARET \u00dcN\u0130VERS\u0130TES\u0130 BURS Y\u00d6NERGES\u0130 \u0130STANBUL T\u0130CARET \u00dcN\u0130VERS\u0130TES\u0130 STAJ Y\u00d6NERGES\u0130<\/p>\n","protected":false},"author":215,"featured_media":0,"parent":0,"menu_order":0,"comment_status":"closed","ping_status":"closed","template":"genel_sayfa.php","meta":{"footnotes":""},"yoast_head":"<!-- This site is optimized with the Yoast SEO Premium plugin v22.1 (Yoast SEO v22.1) - https:\/\/yoast.com\/wordpress\/plugins\/seo\/ -->\n<title>Y\u00f6netmelikler - Uluslararas\u0131 Ticaret<\/title>\n<meta name=\"robots\" content=\"index, follow, max-snippet:-1, max-image-preview:large, max-video-preview:-1\" \/>\n<link rel=\"canonical\" href=\"http:\/\/ticaret.edu.tr\/uluslararasi-ticaret\/yonetmelikler\/\" \/>\n<meta property=\"og:locale\" content=\"tr_TR\" \/>\n<meta property=\"og:type\" content=\"article\" \/>\n<meta property=\"og:title\" content=\"Y\u00f6netmelikler\" \/>\n<meta property=\"og:description\" content=\"\u0130STANBUL T\u0130CARET \u00dcN\u0130VERS\u0130TES\u0130 \u00d6NL\u0130SANS VE L\u0130SANS E\u011e\u0130T\u0130M-\u00d6\u011eRET\u0130M VE SINAV Y\u00d6NETMEL\u0130\u011e\u0130 \u0130STANBUL T\u0130CARET \u00dcN\u0130VERS\u0130TES\u0130 YAZ \u00d6\u011eRET\u0130M\u0130 Y\u00d6NETMEL\u0130\u011e\u0130 \u0130STANBUL T\u0130CARET \u00dcN\u0130VERS\u0130TES\u0130 \u00d6\u011eRENC\u0130 TOPLULUKLARI Y\u00d6NERGES\u0130 \u0130STANBUL T\u0130CARET \u00dcN\u0130VERS\u0130TES\u0130 BURS Y\u00d6NERGES\u0130 \u0130STANBUL T\u0130CARET \u00dcN\u0130VERS\u0130TES\u0130 STAJ Y\u00d6NERGES\u0130\" \/>\n<meta property=\"og:url\" content=\"http:\/\/ticaret.edu.tr\/uluslararasi-ticaret\/yonetmelikler\/\" \/>\n<meta property=\"og:site_name\" content=\"Uluslararas\u0131 Ticaret\" \/>\n<meta property=\"article:publisher\" content=\"https:\/\/www.facebook.com\/ticaretedutr\" \/>\n<meta property=\"article:modified_time\" content=\"2025-02-11T13:17:03+00:00\" \/>\n<meta property=\"og:image\" content=\"http:\/\/ticaret.edu.tr\/uluslararasi-ticaret\/wp-content\/uploads\/sites\/18\/2021\/11\/web_logo-01.jpg\" \/>\n\t<meta property=\"og:image:width\" content=\"1250\" \/>\n\t<meta property=\"og:image:height\" content=\"833\" \/>\n\t<meta property=\"og:image:type\" content=\"image\/jpeg\" \/>\n<meta name=\"twitter:card\" content=\"summary_large_image\" \/>\n<meta name=\"twitter:site\" content=\"@ticaretedutr\" \/>\n<meta name=\"twitter:label1\" content=\"Tahmini okuma s\u00fcresi\" \/>\n\t<meta name=\"twitter:data1\" content=\"1 dakika\" \/>\n<script type=\"application\/ld+json\" class=\"yoast-schema-graph\">{\"@context\":\"https:\/\/schema.org\",\"@graph\":[{\"@type\":\"WebPage\",\"@id\":\"http:\/\/ticaret.edu.tr\/uluslararasi-ticaret\/yonetmelikler\/\",\"url\":\"http:\/\/ticaret.edu.tr\/uluslararasi-ticaret\/yonetmelikler\/\",\"name\":\"Y\u00f6netmelikler - Uluslararas\u0131 Ticaret\",\"isPartOf\":{\"@id\":\"https:\/\/ticaret.edu.tr\/uluslararasi-ticaret\/#website\"},\"datePublished\":\"2025-01-26T15:33:50+00:00\",\"dateModified\":\"2025-02-11T13:17:03+00:00\",\"breadcrumb\":{\"@id\":\"http:\/\/ticaret.edu.tr\/uluslararasi-ticaret\/yonetmelikler\/#breadcrumb\"},\"inLanguage\":\"tr\",\"potentialAction\":[{\"@type\":\"ReadAction\",\"target\":[\"http:\/\/ticaret.edu.tr\/uluslararasi-ticaret\/yonetmelikler\/\"]}]},{\"@type\":\"BreadcrumbList\",\"@id\":\"http:\/\/ticaret.edu.tr\/uluslararasi-ticaret\/yonetmelikler\/#breadcrumb\",\"itemListElement\":[{\"@type\":\"ListItem\",\"position\":1,\"name\":\"Ana sayfa\",\"item\":\"https:\/\/ticaret.edu.tr\/uluslararasi-ticaret\/\"},{\"@type\":\"ListItem\",\"position\":2,\"name\":\"Y\u00f6netmelikler\"}]},{\"@type\":\"WebSite\",\"@id\":\"https:\/\/ticaret.edu.tr\/uluslararasi-ticaret\/#website\",\"url\":\"https:\/\/ticaret.edu.tr\/uluslararasi-ticaret\/\",\"name\":\"Uluslararas\u0131 Ticaret\",\"description\":\"\",\"potentialAction\":[{\"@type\":\"SearchAction\",\"target\":{\"@type\":\"EntryPoint\",\"urlTemplate\":\"https:\/\/ticaret.edu.tr\/uluslararasi-ticaret\/?s={search_term_string}\"},\"query-input\":\"required name=search_term_string\"}],\"inLanguage\":\"tr\"}]}<\/script>\n<!-- \/ Yoast SEO Premium plugin. -->","yoast_head_json":{"title":"Y\u00f6netmelikler - Uluslararas\u0131 Ticaret","robots":{"index":"index","follow":"follow","max-snippet":"max-snippet:-1","max-image-preview":"max-image-preview:large","max-video-preview":"max-video-preview:-1"},"canonical":"http:\/\/ticaret.edu.tr\/uluslararasi-ticaret\/yonetmelikler\/","og_locale":"tr_TR","og_type":"article","og_title":"Y\u00f6netmelikler","og_description":"\u0130STANBUL T\u0130CARET \u00dcN\u0130VERS\u0130TES\u0130 \u00d6NL\u0130SANS VE L\u0130SANS E\u011e\u0130T\u0130M-\u00d6\u011eRET\u0130M VE SINAV Y\u00d6NETMEL\u0130\u011e\u0130 \u0130STANBUL T\u0130CARET \u00dcN\u0130VERS\u0130TES\u0130 YAZ \u00d6\u011eRET\u0130M\u0130 Y\u00d6NETMEL\u0130\u011e\u0130 \u0130STANBUL T\u0130CARET \u00dcN\u0130VERS\u0130TES\u0130 \u00d6\u011eRENC\u0130 TOPLULUKLARI Y\u00d6NERGES\u0130 \u0130STANBUL T\u0130CARET \u00dcN\u0130VERS\u0130TES\u0130 BURS Y\u00d6NERGES\u0130 \u0130STANBUL T\u0130CARET \u00dcN\u0130VERS\u0130TES\u0130 STAJ Y\u00d6NERGES\u0130","og_url":"http:\/\/ticaret.edu.tr\/uluslararasi-ticaret\/yonetmelikler\/","og_site_name":"Uluslararas\u0131 Ticaret","article_publisher":"https:\/\/www.facebook.com\/ticaretedutr","article_modified_time":"2025-02-11T13:17:03+00:00","og_image":[{"width":1250,"height":833,"url":"http:\/\/ticaret.edu.tr\/uluslararasi-ticaret\/wp-content\/uploads\/sites\/18\/2021\/11\/web_logo-01.jpg","type":"image\/jpeg"}],"twitter_card":"summary_large_image","twitter_site":"@ticaretedutr","twitter_misc":{"Tahmini okuma s\u00fcresi":"1 dakika"},"schema":{"@context":"https:\/\/schema.org","@graph":[{"@type":"WebPage","@id":"http:\/\/ticaret.edu.tr\/uluslararasi-ticaret\/yonetmelikler\/","url":"http:\/\/ticaret.edu.tr\/uluslararasi-ticaret\/yonetmelikler\/","name":"Y\u00f6netmelikler - Uluslararas\u0131 Ticaret","isPartOf":{"@id":"https:\/\/ticaret.edu.tr\/uluslararasi-ticaret\/#website"},"datePublished":"2025-01-26T15:33:50+00:00","dateModified":"2025-02-11T13:17:03+00:00","breadcrumb":{"@id":"http:\/\/ticaret.edu.tr\/uluslararasi-ticaret\/yonetmelikler\/#breadcrumb"},"inLanguage":"tr","potentialAction":[{"@type":"ReadAction","target":["http:\/\/ticaret.edu.tr\/uluslararasi-ticaret\/yonetmelikler\/"]}]},{"@type":"BreadcrumbList","@id":"http:\/\/ticaret.edu.tr\/uluslararasi-ticaret\/yonetmelikler\/#breadcrumb","itemListElement":[{"@type":"ListItem","position":1,"name":"Ana sayfa","item":"https:\/\/ticaret.edu.tr\/uluslararasi-ticaret\/"},{"@type":"ListItem","position":2,"name":"Y\u00f6netmelikler"}]},{"@type":"WebSite","@id":"https:\/\/ticaret.edu.tr\/uluslararasi-ticaret\/#website","url":"https:\/\/ticaret.edu.tr\/uluslararasi-ticaret\/","name":"Uluslararas\u0131 Ticaret","description":"","potentialAction":[{"@type":"SearchAction","target":{"@type":"EntryPoint","urlTemplate":"https:\/\/ticaret.edu.tr\/uluslararasi-ticaret\/?s={search_term_string}"},"query-input":"required name=search_term_string"}],"inLanguage":"tr"}]}},"lang":"tr","translations":{"en":1450,"tr":1448},"pll_sync_post":[],"_links":{"self":[{"href":"http:\/\/ticaret.edu.tr\/uluslararasi-ticaret\/wp-json\/wp\/v2\/pages\/1448"}],"collection":[{"href":"http:\/\/ticaret.edu.tr\/uluslararasi-ticaret\/wp-json\/wp\/v2\/pages"}],"about":[{"href":"http:\/\/ticaret.edu.tr\/uluslararasi-ticaret\/wp-json\/wp\/v2\/types\/page"}],"author":[{"embeddable":true,"href":"http:\/\/ticaret.edu.tr\/uluslararasi-ticaret\/wp-json\/wp\/v2\/users\/215"}],"replies":[{"embeddable":true,"href":"http:\/\/ticaret.edu.tr\/uluslararasi-ticaret\/wp-json\/wp\/v2\/comments?post=1448"}],"version-history":[{"count":3,"href":"http:\/\/ticaret.edu.tr\/uluslararasi-ticaret\/wp-json\/wp\/v2\/pages\/1448\/revisions"}],"predecessor-version":[{"id":1729,"href":"http:\/\/ticaret.edu.tr\/uluslararasi-ticaret\/wp-json\/wp\/v2\/pages\/1448\/revisions\/1729"}],"wp:attachment":[{"href":"http:\/\/ticaret.edu.tr\/uluslararasi-ticaret\/wp-json\/wp\/v2\/media?parent=1448"}],"curies":[{"name":"wp","href":"https:\/\/api.w.org\/{rel}","templated":true}]}}