{"id":1482,"date":"2025-01-26T20:02:58","date_gmt":"2025-01-26T17:02:58","guid":{"rendered":"https:\/\/ticaret.edu.tr\/uluslararasi-ticaret\/?page_id=1482"},"modified":"2025-09-22T11:01:15","modified_gmt":"2025-09-22T08:01:15","slug":"program-egitim-amaclari","status":"publish","type":"page","link":"http:\/\/ticaret.edu.tr\/uluslararasi-ticaret\/program-egitim-amaclari\/","title":{"rendered":"Program E\u011fitim Ama\u00e7lar\u0131"},"content":{"rendered":"<p>1-Ulusal ve uluslararas\u0131 i\u015fletmelerin d\u0131\u015f ticaret, lojistik, tedarik zinciri y\u00f6netimi ve uluslararas\u0131 pazarlama departmanlar\u0131nda kariyerlerinde ilerleyerek uzman veya y\u00f6netici pozisyonlar\u0131nda rol alabilecek yetkinlikleri kazand\u0131rmak,<br \/>\n2-Uluslararas\u0131 ticaret alan\u0131ndaki f\u0131rsatlar\u0131 de\u011ferlendiren, bu f\u0131rsatlar\u0131 yenilik\u00e7i ve s\u00fcrd\u00fcr\u00fclebilir i\u015f modellerine d\u00f6n\u00fc\u015ft\u00fcrerek kendi giri\u015fimlerini kurabilen bireyler yeti\u015ftirmek,<br \/>\n3-\u00c7al\u0131\u015ft\u0131klar\u0131 kurumlarda etik ilkelere ve sosyal sorumluluk bilincine dayal\u0131, s\u00fcrd\u00fcr\u00fclebilir ve dijital d\u00f6n\u00fc\u015f\u00fcme uyumlu uluslararas\u0131 ticaret stratejilerinin ve politikalar\u0131n\u0131n geli\u015ftirilmesinde aktif rol \u00fcstlenmelerini sa\u011flamak,<br \/>\n4-\u00d6\u011frencilere hayat boyu \u00f6\u011frenme felsefesi a\u015f\u0131layarak hem akademik hem de ki\u015fisel geli\u015fimlerini sa\u011flamak,<br \/>\n5-\u00d6\u011frencilere, ele\u015ftirel bak\u0131\u015f a\u00e7\u0131s\u0131 ve analitik d\u00fc\u015f\u00fcnme g\u00fcc\u00fc vas\u0131tas\u0131yla i\u015f d\u00fcnyas\u0131nda kar\u015f\u0131la\u015f\u0131lan problemleri \u00e7\u00f6zebilme ve farkl\u0131 payda\u015flarla etkin ileti\u015fim kurabilme yetene\u011fi kazand\u0131rmak.<\/p>\n","protected":false},"excerpt":{"rendered":"<p>1-Ulusal ve uluslararas\u0131 i\u015fletmelerin d\u0131\u015f ticaret, lojistik, tedarik zinciri y\u00f6netimi ve uluslararas\u0131 pazarlama departmanlar\u0131nda kariyerlerinde ilerleyerek uzman veya y\u00f6netici pozisyonlar\u0131nda rol alabilecek yetkinlikleri kazand\u0131rmak, 2-Uluslararas\u0131 ticaret alan\u0131ndaki f\u0131rsatlar\u0131 de\u011ferlendiren, bu f\u0131rsatlar\u0131 yenilik\u00e7i ve s\u00fcrd\u00fcr\u00fclebilir i\u015f modellerine d\u00f6n\u00fc\u015ft\u00fcrerek kendi giri\u015fimlerini kurabilen bireyler yeti\u015ftirmek, 3-\u00c7al\u0131\u015ft\u0131klar\u0131 kurumlarda etik ilkelere ve sosyal sorumluluk bilincine dayal\u0131, s\u00fcrd\u00fcr\u00fclebilir ve dijital d\u00f6n\u00fc\u015f\u00fcme [&hellip;]<\/p>\n","protected":false},"author":215,"featured_media":0,"parent":0,"menu_order":0,"comment_status":"closed","ping_status":"closed","template":"genel_sayfa.php","meta":{"footnotes":""},"yoast_head":"<!-- This site is optimized with the Yoast SEO Premium plugin v22.1 (Yoast SEO v22.1) - https:\/\/yoast.com\/wordpress\/plugins\/seo\/ -->\n<title>Program E\u011fitim Ama\u00e7lar\u0131 - Uluslararas\u0131 Ticaret<\/title>\n<meta name=\"robots\" content=\"index, follow, max-snippet:-1, max-image-preview:large, max-video-preview:-1\" \/>\n<link rel=\"canonical\" href=\"http:\/\/ticaret.edu.tr\/uluslararasi-ticaret\/program-egitim-amaclari\/\" \/>\n<meta property=\"og:locale\" content=\"tr_TR\" \/>\n<meta property=\"og:type\" content=\"article\" \/>\n<meta property=\"og:title\" content=\"Program E\u011fitim Ama\u00e7lar\u0131\" \/>\n<meta property=\"og:description\" content=\"1-Ulusal ve uluslararas\u0131 i\u015fletmelerin d\u0131\u015f ticaret, lojistik, tedarik zinciri y\u00f6netimi ve uluslararas\u0131 pazarlama departmanlar\u0131nda kariyerlerinde ilerleyerek uzman veya y\u00f6netici pozisyonlar\u0131nda rol alabilecek yetkinlikleri kazand\u0131rmak, 2-Uluslararas\u0131 ticaret alan\u0131ndaki f\u0131rsatlar\u0131 de\u011ferlendiren, bu f\u0131rsatlar\u0131 yenilik\u00e7i ve s\u00fcrd\u00fcr\u00fclebilir i\u015f modellerine d\u00f6n\u00fc\u015ft\u00fcrerek kendi giri\u015fimlerini kurabilen bireyler yeti\u015ftirmek, 3-\u00c7al\u0131\u015ft\u0131klar\u0131 kurumlarda etik ilkelere ve sosyal sorumluluk bilincine dayal\u0131, s\u00fcrd\u00fcr\u00fclebilir ve dijital d\u00f6n\u00fc\u015f\u00fcme [&hellip;]\" \/>\n<meta property=\"og:url\" content=\"http:\/\/ticaret.edu.tr\/uluslararasi-ticaret\/program-egitim-amaclari\/\" \/>\n<meta property=\"og:site_name\" content=\"Uluslararas\u0131 Ticaret\" \/>\n<meta property=\"article:publisher\" content=\"https:\/\/www.facebook.com\/ticaretedutr\" \/>\n<meta property=\"article:modified_time\" content=\"2025-09-22T08:01:15+00:00\" \/>\n<meta property=\"og:image\" content=\"http:\/\/ticaret.edu.tr\/uluslararasi-ticaret\/wp-content\/uploads\/sites\/18\/2021\/11\/web_logo-01.jpg\" \/>\n\t<meta property=\"og:image:width\" content=\"1250\" \/>\n\t<meta property=\"og:image:height\" content=\"833\" \/>\n\t<meta property=\"og:image:type\" content=\"image\/jpeg\" \/>\n<meta name=\"twitter:card\" content=\"summary_large_image\" \/>\n<meta name=\"twitter:site\" content=\"@ticaretedutr\" \/>\n<meta name=\"twitter:label1\" content=\"Tahmini okuma s\u00fcresi\" \/>\n\t<meta name=\"twitter:data1\" content=\"1 dakika\" \/>\n<script type=\"application\/ld+json\" class=\"yoast-schema-graph\">{\"@context\":\"https:\/\/schema.org\",\"@graph\":[{\"@type\":\"WebPage\",\"@id\":\"http:\/\/ticaret.edu.tr\/uluslararasi-ticaret\/program-egitim-amaclari\/\",\"url\":\"http:\/\/ticaret.edu.tr\/uluslararasi-ticaret\/program-egitim-amaclari\/\",\"name\":\"Program E\u011fitim Ama\u00e7lar\u0131 - Uluslararas\u0131 Ticaret\",\"isPartOf\":{\"@id\":\"https:\/\/ticaret.edu.tr\/uluslararasi-ticaret\/#website\"},\"datePublished\":\"2025-01-26T17:02:58+00:00\",\"dateModified\":\"2025-09-22T08:01:15+00:00\",\"breadcrumb\":{\"@id\":\"http:\/\/ticaret.edu.tr\/uluslararasi-ticaret\/program-egitim-amaclari\/#breadcrumb\"},\"inLanguage\":\"tr\",\"potentialAction\":[{\"@type\":\"ReadAction\",\"target\":[\"http:\/\/ticaret.edu.tr\/uluslararasi-ticaret\/program-egitim-amaclari\/\"]}]},{\"@type\":\"BreadcrumbList\",\"@id\":\"http:\/\/ticaret.edu.tr\/uluslararasi-ticaret\/program-egitim-amaclari\/#breadcrumb\",\"itemListElement\":[{\"@type\":\"ListItem\",\"position\":1,\"name\":\"Ana sayfa\",\"item\":\"https:\/\/ticaret.edu.tr\/uluslararasi-ticaret\/\"},{\"@type\":\"ListItem\",\"position\":2,\"name\":\"Program E\u011fitim Ama\u00e7lar\u0131\"}]},{\"@type\":\"WebSite\",\"@id\":\"https:\/\/ticaret.edu.tr\/uluslararasi-ticaret\/#website\",\"url\":\"https:\/\/ticaret.edu.tr\/uluslararasi-ticaret\/\",\"name\":\"Uluslararas\u0131 Ticaret\",\"description\":\"\",\"potentialAction\":[{\"@type\":\"SearchAction\",\"target\":{\"@type\":\"EntryPoint\",\"urlTemplate\":\"https:\/\/ticaret.edu.tr\/uluslararasi-ticaret\/?s={search_term_string}\"},\"query-input\":\"required name=search_term_string\"}],\"inLanguage\":\"tr\"}]}<\/script>\n<!-- \/ Yoast SEO Premium plugin. -->","yoast_head_json":{"title":"Program E\u011fitim Ama\u00e7lar\u0131 - Uluslararas\u0131 Ticaret","robots":{"index":"index","follow":"follow","max-snippet":"max-snippet:-1","max-image-preview":"max-image-preview:large","max-video-preview":"max-video-preview:-1"},"canonical":"http:\/\/ticaret.edu.tr\/uluslararasi-ticaret\/program-egitim-amaclari\/","og_locale":"tr_TR","og_type":"article","og_title":"Program E\u011fitim Ama\u00e7lar\u0131","og_description":"1-Ulusal ve uluslararas\u0131 i\u015fletmelerin d\u0131\u015f ticaret, lojistik, tedarik zinciri y\u00f6netimi ve uluslararas\u0131 pazarlama departmanlar\u0131nda kariyerlerinde ilerleyerek uzman veya y\u00f6netici pozisyonlar\u0131nda rol alabilecek yetkinlikleri kazand\u0131rmak, 2-Uluslararas\u0131 ticaret alan\u0131ndaki f\u0131rsatlar\u0131 de\u011ferlendiren, bu f\u0131rsatlar\u0131 yenilik\u00e7i ve s\u00fcrd\u00fcr\u00fclebilir i\u015f modellerine d\u00f6n\u00fc\u015ft\u00fcrerek kendi giri\u015fimlerini kurabilen bireyler yeti\u015ftirmek, 3-\u00c7al\u0131\u015ft\u0131klar\u0131 kurumlarda etik ilkelere ve sosyal sorumluluk bilincine dayal\u0131, s\u00fcrd\u00fcr\u00fclebilir ve dijital d\u00f6n\u00fc\u015f\u00fcme [&hellip;]","og_url":"http:\/\/ticaret.edu.tr\/uluslararasi-ticaret\/program-egitim-amaclari\/","og_site_name":"Uluslararas\u0131 Ticaret","article_publisher":"https:\/\/www.facebook.com\/ticaretedutr","article_modified_time":"2025-09-22T08:01:15+00:00","og_image":[{"width":1250,"height":833,"url":"http:\/\/ticaret.edu.tr\/uluslararasi-ticaret\/wp-content\/uploads\/sites\/18\/2021\/11\/web_logo-01.jpg","type":"image\/jpeg"}],"twitter_card":"summary_large_image","twitter_site":"@ticaretedutr","twitter_misc":{"Tahmini okuma s\u00fcresi":"1 dakika"},"schema":{"@context":"https:\/\/schema.org","@graph":[{"@type":"WebPage","@id":"http:\/\/ticaret.edu.tr\/uluslararasi-ticaret\/program-egitim-amaclari\/","url":"http:\/\/ticaret.edu.tr\/uluslararasi-ticaret\/program-egitim-amaclari\/","name":"Program E\u011fitim Ama\u00e7lar\u0131 - Uluslararas\u0131 Ticaret","isPartOf":{"@id":"https:\/\/ticaret.edu.tr\/uluslararasi-ticaret\/#website"},"datePublished":"2025-01-26T17:02:58+00:00","dateModified":"2025-09-22T08:01:15+00:00","breadcrumb":{"@id":"http:\/\/ticaret.edu.tr\/uluslararasi-ticaret\/program-egitim-amaclari\/#breadcrumb"},"inLanguage":"tr","potentialAction":[{"@type":"ReadAction","target":["http:\/\/ticaret.edu.tr\/uluslararasi-ticaret\/program-egitim-amaclari\/"]}]},{"@type":"BreadcrumbList","@id":"http:\/\/ticaret.edu.tr\/uluslararasi-ticaret\/program-egitim-amaclari\/#breadcrumb","itemListElement":[{"@type":"ListItem","position":1,"name":"Ana sayfa","item":"https:\/\/ticaret.edu.tr\/uluslararasi-ticaret\/"},{"@type":"ListItem","position":2,"name":"Program E\u011fitim Ama\u00e7lar\u0131"}]},{"@type":"WebSite","@id":"https:\/\/ticaret.edu.tr\/uluslararasi-ticaret\/#website","url":"https:\/\/ticaret.edu.tr\/uluslararasi-ticaret\/","name":"Uluslararas\u0131 Ticaret","description":"","potentialAction":[{"@type":"SearchAction","target":{"@type":"EntryPoint","urlTemplate":"https:\/\/ticaret.edu.tr\/uluslararasi-ticaret\/?s={search_term_string}"},"query-input":"required name=search_term_string"}],"inLanguage":"tr"}]}},"lang":"tr","translations":{"en":1484,"tr":1482},"pll_sync_post":[],"_links":{"self":[{"href":"http:\/\/ticaret.edu.tr\/uluslararasi-ticaret\/wp-json\/wp\/v2\/pages\/1482"}],"collection":[{"href":"http:\/\/ticaret.edu.tr\/uluslararasi-ticaret\/wp-json\/wp\/v2\/pages"}],"about":[{"href":"http:\/\/ticaret.edu.tr\/uluslararasi-ticaret\/wp-json\/wp\/v2\/types\/page"}],"author":[{"embeddable":true,"href":"http:\/\/ticaret.edu.tr\/uluslararasi-ticaret\/wp-json\/wp\/v2\/users\/215"}],"replies":[{"embeddable":true,"href":"http:\/\/ticaret.edu.tr\/uluslararasi-ticaret\/wp-json\/wp\/v2\/comments?post=1482"}],"version-history":[{"count":2,"href":"http:\/\/ticaret.edu.tr\/uluslararasi-ticaret\/wp-json\/wp\/v2\/pages\/1482\/revisions"}],"predecessor-version":[{"id":2063,"href":"http:\/\/ticaret.edu.tr\/uluslararasi-ticaret\/wp-json\/wp\/v2\/pages\/1482\/revisions\/2063"}],"wp:attachment":[{"href":"http:\/\/ticaret.edu.tr\/uluslararasi-ticaret\/wp-json\/wp\/v2\/media?parent=1482"}],"curies":[{"name":"wp","href":"https:\/\/api.w.org\/{rel}","templated":true}]}}