{"id":1486,"date":"2025-01-26T20:03:39","date_gmt":"2025-01-26T17:03:39","guid":{"rendered":"https:\/\/ticaret.edu.tr\/uluslararasi-ticaret\/?page_id=1486"},"modified":"2025-09-22T11:14:59","modified_gmt":"2025-09-22T08:14:59","slug":"program-ogretim-ciktilari","status":"publish","type":"page","link":"http:\/\/ticaret.edu.tr\/uluslararasi-ticaret\/program-ogretim-ciktilari\/","title":{"rendered":"Program \u00d6\u011fretim \u00c7\u0131kt\u0131lar\u0131"},"content":{"rendered":"<p>1-Alan\u0131yla ilgili konular\u0131, yaz\u0131l\u0131 ve s\u00f6zl\u00fc olarak, en az bir yabanc\u0131 dilde (\u0130ngilizce) yetkin bir \u015fekilde, farkl\u0131 payda\u015flara a\u00e7\u0131k ve ikna edici bir bi\u00e7imde sunar.<\/p>\n<p>2-E\u011fitim ve \u00f6\u011fretimi s\u0131ras\u0131nda edindi\u011fi bilgi ve becerileri, piyasa ko\u015fullar\u0131n\u0131n gere\u011fine uygun olarak s\u00fcrekli geli\u015ftirebilecek ara\u015ft\u0131r\u0131c\u0131 ve sorgulay\u0131c\u0131 yap\u0131ya sahip olur.<\/p>\n<p>3-Uluslararas\u0131 ticaretin ekonomik, hukuki, finansal ve i\u015fletme y\u00f6netimi boyutlar\u0131na ili\u015fkin kuramsal ve olgusal temelleri analiz eder.<\/p>\n<p>4-Disiplin i\u00e7i ve disiplinler aras\u0131 tak\u0131mlarda yap\u0131c\u0131 bir \u00fcye olarak etkin bir \u015fekilde \u00e7al\u0131\u015f\u0131r, gerekti\u011finde liderlik rol\u00fc \u00fcstlenerek bireysel ve ekip sorumlulu\u011fu al\u0131r.<\/p>\n<p>5-Mesleki faaliyetlerini evrensel etik ilkeler, sosyal sorumluluk, teknolojik geli\u015fim ve s\u00fcrd\u00fcr\u00fclebilirlik bilinciyle y\u00fcr\u00fct\u00fcr; uluslararas\u0131 ticaretin toplumsal ve \u00e7evresel etkilerini de\u011ferlendirerek\u00a0i\u015fine\u00a0uygular.<\/p>\n","protected":false},"excerpt":{"rendered":"<p>1-Alan\u0131yla ilgili konular\u0131, yaz\u0131l\u0131 ve s\u00f6zl\u00fc olarak, en az bir yabanc\u0131 dilde (\u0130ngilizce) yetkin bir \u015fekilde, farkl\u0131 payda\u015flara a\u00e7\u0131k ve ikna edici bir bi\u00e7imde sunar. 2-E\u011fitim ve \u00f6\u011fretimi s\u0131ras\u0131nda edindi\u011fi bilgi ve becerileri, piyasa ko\u015fullar\u0131n\u0131n gere\u011fine uygun olarak s\u00fcrekli geli\u015ftirebilecek ara\u015ft\u0131r\u0131c\u0131 ve sorgulay\u0131c\u0131 yap\u0131ya sahip olur. 3-Uluslararas\u0131 ticaretin ekonomik, hukuki, finansal ve i\u015fletme y\u00f6netimi boyutlar\u0131na [&hellip;]<\/p>\n","protected":false},"author":215,"featured_media":0,"parent":0,"menu_order":0,"comment_status":"closed","ping_status":"closed","template":"genel_sayfa.php","meta":{"footnotes":""},"yoast_head":"<!-- This site is optimized with the Yoast SEO Premium plugin v22.1 (Yoast SEO v22.1) - https:\/\/yoast.com\/wordpress\/plugins\/seo\/ -->\n<title>Program \u00d6\u011fretim \u00c7\u0131kt\u0131lar\u0131 - Uluslararas\u0131 Ticaret<\/title>\n<meta name=\"robots\" content=\"index, follow, max-snippet:-1, max-image-preview:large, max-video-preview:-1\" \/>\n<link rel=\"canonical\" href=\"http:\/\/ticaret.edu.tr\/uluslararasi-ticaret\/program-ogretim-ciktilari\/\" \/>\n<meta property=\"og:locale\" content=\"tr_TR\" \/>\n<meta property=\"og:type\" content=\"article\" \/>\n<meta property=\"og:title\" content=\"Program \u00d6\u011fretim \u00c7\u0131kt\u0131lar\u0131\" \/>\n<meta property=\"og:description\" content=\"1-Alan\u0131yla ilgili konular\u0131, yaz\u0131l\u0131 ve s\u00f6zl\u00fc olarak, en az bir yabanc\u0131 dilde (\u0130ngilizce) yetkin bir \u015fekilde, farkl\u0131 payda\u015flara a\u00e7\u0131k ve ikna edici bir bi\u00e7imde sunar. 2-E\u011fitim ve \u00f6\u011fretimi s\u0131ras\u0131nda edindi\u011fi bilgi ve becerileri, piyasa ko\u015fullar\u0131n\u0131n gere\u011fine uygun olarak s\u00fcrekli geli\u015ftirebilecek ara\u015ft\u0131r\u0131c\u0131 ve sorgulay\u0131c\u0131 yap\u0131ya sahip olur. 3-Uluslararas\u0131 ticaretin ekonomik, hukuki, finansal ve i\u015fletme y\u00f6netimi boyutlar\u0131na [&hellip;]\" \/>\n<meta property=\"og:url\" content=\"http:\/\/ticaret.edu.tr\/uluslararasi-ticaret\/program-ogretim-ciktilari\/\" \/>\n<meta property=\"og:site_name\" content=\"Uluslararas\u0131 Ticaret\" \/>\n<meta property=\"article:publisher\" content=\"https:\/\/www.facebook.com\/ticaretedutr\" \/>\n<meta property=\"article:modified_time\" content=\"2025-09-22T08:14:59+00:00\" \/>\n<meta property=\"og:image\" content=\"http:\/\/ticaret.edu.tr\/uluslararasi-ticaret\/wp-content\/uploads\/sites\/18\/2021\/11\/web_logo-01.jpg\" \/>\n\t<meta property=\"og:image:width\" content=\"1250\" \/>\n\t<meta property=\"og:image:height\" content=\"833\" \/>\n\t<meta property=\"og:image:type\" content=\"image\/jpeg\" \/>\n<meta name=\"twitter:card\" content=\"summary_large_image\" \/>\n<meta name=\"twitter:site\" content=\"@ticaretedutr\" \/>\n<meta name=\"twitter:label1\" content=\"Tahmini okuma s\u00fcresi\" \/>\n\t<meta name=\"twitter:data1\" content=\"1 dakika\" \/>\n<script type=\"application\/ld+json\" class=\"yoast-schema-graph\">{\"@context\":\"https:\/\/schema.org\",\"@graph\":[{\"@type\":\"WebPage\",\"@id\":\"http:\/\/ticaret.edu.tr\/uluslararasi-ticaret\/program-ogretim-ciktilari\/\",\"url\":\"http:\/\/ticaret.edu.tr\/uluslararasi-ticaret\/program-ogretim-ciktilari\/\",\"name\":\"Program \u00d6\u011fretim \u00c7\u0131kt\u0131lar\u0131 - Uluslararas\u0131 Ticaret\",\"isPartOf\":{\"@id\":\"https:\/\/ticaret.edu.tr\/uluslararasi-ticaret\/#website\"},\"datePublished\":\"2025-01-26T17:03:39+00:00\",\"dateModified\":\"2025-09-22T08:14:59+00:00\",\"breadcrumb\":{\"@id\":\"http:\/\/ticaret.edu.tr\/uluslararasi-ticaret\/program-ogretim-ciktilari\/#breadcrumb\"},\"inLanguage\":\"tr\",\"potentialAction\":[{\"@type\":\"ReadAction\",\"target\":[\"http:\/\/ticaret.edu.tr\/uluslararasi-ticaret\/program-ogretim-ciktilari\/\"]}]},{\"@type\":\"BreadcrumbList\",\"@id\":\"http:\/\/ticaret.edu.tr\/uluslararasi-ticaret\/program-ogretim-ciktilari\/#breadcrumb\",\"itemListElement\":[{\"@type\":\"ListItem\",\"position\":1,\"name\":\"Ana sayfa\",\"item\":\"https:\/\/ticaret.edu.tr\/uluslararasi-ticaret\/\"},{\"@type\":\"ListItem\",\"position\":2,\"name\":\"Program \u00d6\u011fretim \u00c7\u0131kt\u0131lar\u0131\"}]},{\"@type\":\"WebSite\",\"@id\":\"https:\/\/ticaret.edu.tr\/uluslararasi-ticaret\/#website\",\"url\":\"https:\/\/ticaret.edu.tr\/uluslararasi-ticaret\/\",\"name\":\"Uluslararas\u0131 Ticaret\",\"description\":\"\",\"potentialAction\":[{\"@type\":\"SearchAction\",\"target\":{\"@type\":\"EntryPoint\",\"urlTemplate\":\"https:\/\/ticaret.edu.tr\/uluslararasi-ticaret\/?s={search_term_string}\"},\"query-input\":\"required name=search_term_string\"}],\"inLanguage\":\"tr\"}]}<\/script>\n<!-- \/ Yoast SEO Premium plugin. -->","yoast_head_json":{"title":"Program \u00d6\u011fretim \u00c7\u0131kt\u0131lar\u0131 - Uluslararas\u0131 Ticaret","robots":{"index":"index","follow":"follow","max-snippet":"max-snippet:-1","max-image-preview":"max-image-preview:large","max-video-preview":"max-video-preview:-1"},"canonical":"http:\/\/ticaret.edu.tr\/uluslararasi-ticaret\/program-ogretim-ciktilari\/","og_locale":"tr_TR","og_type":"article","og_title":"Program \u00d6\u011fretim \u00c7\u0131kt\u0131lar\u0131","og_description":"1-Alan\u0131yla ilgili konular\u0131, yaz\u0131l\u0131 ve s\u00f6zl\u00fc olarak, en az bir yabanc\u0131 dilde (\u0130ngilizce) yetkin bir \u015fekilde, farkl\u0131 payda\u015flara a\u00e7\u0131k ve ikna edici bir bi\u00e7imde sunar. 2-E\u011fitim ve \u00f6\u011fretimi s\u0131ras\u0131nda edindi\u011fi bilgi ve becerileri, piyasa ko\u015fullar\u0131n\u0131n gere\u011fine uygun olarak s\u00fcrekli geli\u015ftirebilecek ara\u015ft\u0131r\u0131c\u0131 ve sorgulay\u0131c\u0131 yap\u0131ya sahip olur. 3-Uluslararas\u0131 ticaretin ekonomik, hukuki, finansal ve i\u015fletme y\u00f6netimi boyutlar\u0131na [&hellip;]","og_url":"http:\/\/ticaret.edu.tr\/uluslararasi-ticaret\/program-ogretim-ciktilari\/","og_site_name":"Uluslararas\u0131 Ticaret","article_publisher":"https:\/\/www.facebook.com\/ticaretedutr","article_modified_time":"2025-09-22T08:14:59+00:00","og_image":[{"width":1250,"height":833,"url":"http:\/\/ticaret.edu.tr\/uluslararasi-ticaret\/wp-content\/uploads\/sites\/18\/2021\/11\/web_logo-01.jpg","type":"image\/jpeg"}],"twitter_card":"summary_large_image","twitter_site":"@ticaretedutr","twitter_misc":{"Tahmini okuma s\u00fcresi":"1 dakika"},"schema":{"@context":"https:\/\/schema.org","@graph":[{"@type":"WebPage","@id":"http:\/\/ticaret.edu.tr\/uluslararasi-ticaret\/program-ogretim-ciktilari\/","url":"http:\/\/ticaret.edu.tr\/uluslararasi-ticaret\/program-ogretim-ciktilari\/","name":"Program \u00d6\u011fretim \u00c7\u0131kt\u0131lar\u0131 - Uluslararas\u0131 Ticaret","isPartOf":{"@id":"https:\/\/ticaret.edu.tr\/uluslararasi-ticaret\/#website"},"datePublished":"2025-01-26T17:03:39+00:00","dateModified":"2025-09-22T08:14:59+00:00","breadcrumb":{"@id":"http:\/\/ticaret.edu.tr\/uluslararasi-ticaret\/program-ogretim-ciktilari\/#breadcrumb"},"inLanguage":"tr","potentialAction":[{"@type":"ReadAction","target":["http:\/\/ticaret.edu.tr\/uluslararasi-ticaret\/program-ogretim-ciktilari\/"]}]},{"@type":"BreadcrumbList","@id":"http:\/\/ticaret.edu.tr\/uluslararasi-ticaret\/program-ogretim-ciktilari\/#breadcrumb","itemListElement":[{"@type":"ListItem","position":1,"name":"Ana sayfa","item":"https:\/\/ticaret.edu.tr\/uluslararasi-ticaret\/"},{"@type":"ListItem","position":2,"name":"Program \u00d6\u011fretim \u00c7\u0131kt\u0131lar\u0131"}]},{"@type":"WebSite","@id":"https:\/\/ticaret.edu.tr\/uluslararasi-ticaret\/#website","url":"https:\/\/ticaret.edu.tr\/uluslararasi-ticaret\/","name":"Uluslararas\u0131 Ticaret","description":"","potentialAction":[{"@type":"SearchAction","target":{"@type":"EntryPoint","urlTemplate":"https:\/\/ticaret.edu.tr\/uluslararasi-ticaret\/?s={search_term_string}"},"query-input":"required name=search_term_string"}],"inLanguage":"tr"}]}},"lang":"tr","translations":{"en":1488,"tr":1486},"pll_sync_post":[],"_links":{"self":[{"href":"http:\/\/ticaret.edu.tr\/uluslararasi-ticaret\/wp-json\/wp\/v2\/pages\/1486"}],"collection":[{"href":"http:\/\/ticaret.edu.tr\/uluslararasi-ticaret\/wp-json\/wp\/v2\/pages"}],"about":[{"href":"http:\/\/ticaret.edu.tr\/uluslararasi-ticaret\/wp-json\/wp\/v2\/types\/page"}],"author":[{"embeddable":true,"href":"http:\/\/ticaret.edu.tr\/uluslararasi-ticaret\/wp-json\/wp\/v2\/users\/215"}],"replies":[{"embeddable":true,"href":"http:\/\/ticaret.edu.tr\/uluslararasi-ticaret\/wp-json\/wp\/v2\/comments?post=1486"}],"version-history":[{"count":2,"href":"http:\/\/ticaret.edu.tr\/uluslararasi-ticaret\/wp-json\/wp\/v2\/pages\/1486\/revisions"}],"predecessor-version":[{"id":2065,"href":"http:\/\/ticaret.edu.tr\/uluslararasi-ticaret\/wp-json\/wp\/v2\/pages\/1486\/revisions\/2065"}],"wp:attachment":[{"href":"http:\/\/ticaret.edu.tr\/uluslararasi-ticaret\/wp-json\/wp\/v2\/media?parent=1486"}],"curies":[{"name":"wp","href":"https:\/\/api.w.org\/{rel}","templated":true}]}}