{"id":1510,"date":"2025-01-26T20:12:32","date_gmt":"2025-01-26T17:12:32","guid":{"rendered":"https:\/\/ticaret.edu.tr\/uluslararasi-ticaret\/?page_id=1510"},"modified":"2025-02-11T16:16:18","modified_gmt":"2025-02-11T13:16:18","slug":"kayit-kabul-sartlari","status":"publish","type":"page","link":"http:\/\/ticaret.edu.tr\/uluslararasi-ticaret\/kayit-kabul-sartlari\/","title":{"rendered":"Kay\u0131t Kabul \u015eartlar\u0131"},"content":{"rendered":"<p>\u0130stanbul Ticaret \u00dcniversitesi Uluslararas\u0131 Ticaret b\u00f6l\u00fcm\u00fc, Y\u00fcksek\u00f6\u011fretim Kurumu (Y\u00d6K) taraf\u0131ndan belirlenen y\u00f6netmelikler \u00e7er\u00e7evesinde, \u00d6\u011frenci Se\u00e7me ve Yerle\u015ftirme Merkezi (\u00d6SYM) taraf\u0131ndan yap\u0131lan s\u0131nav ile \u00f6\u011frenci kabul\u00fc almaktad\u0131r. \u00d6\u011frenciler, \u00f6\u011frenim g\u00f6rmek istedikleri program tercihlerini bildirdikten sonra, bu s\u0131navdan ald\u0131klar\u0131 puana g\u00f6re \u00d6SYM taraf\u0131ndan ilgili programlara yerle\u015ftirilmektedir.<\/p>\n","protected":false},"excerpt":{"rendered":"<p>\u0130stanbul Ticaret \u00dcniversitesi Uluslararas\u0131 Ticaret b\u00f6l\u00fcm\u00fc, Y\u00fcksek\u00f6\u011fretim Kurumu (Y\u00d6K) taraf\u0131ndan belirlenen y\u00f6netmelikler \u00e7er\u00e7evesinde, \u00d6\u011frenci Se\u00e7me ve Yerle\u015ftirme Merkezi (\u00d6SYM) taraf\u0131ndan yap\u0131lan s\u0131nav ile \u00f6\u011frenci kabul\u00fc almaktad\u0131r. \u00d6\u011frenciler, \u00f6\u011frenim g\u00f6rmek istedikleri program tercihlerini bildirdikten sonra, bu s\u0131navdan ald\u0131klar\u0131 puana g\u00f6re \u00d6SYM taraf\u0131ndan ilgili programlara yerle\u015ftirilmektedir.<\/p>\n","protected":false},"author":215,"featured_media":0,"parent":0,"menu_order":0,"comment_status":"closed","ping_status":"closed","template":"genel_sayfa.php","meta":{"footnotes":""},"yoast_head":"<!-- This site is optimized with the Yoast SEO Premium plugin v22.1 (Yoast SEO v22.1) - https:\/\/yoast.com\/wordpress\/plugins\/seo\/ -->\n<title>Kay\u0131t Kabul \u015eartlar\u0131 - Uluslararas\u0131 Ticaret<\/title>\n<meta name=\"robots\" content=\"index, follow, max-snippet:-1, max-image-preview:large, max-video-preview:-1\" \/>\n<link rel=\"canonical\" href=\"http:\/\/ticaret.edu.tr\/uluslararasi-ticaret\/kayit-kabul-sartlari\/\" \/>\n<meta property=\"og:locale\" content=\"tr_TR\" \/>\n<meta property=\"og:type\" content=\"article\" \/>\n<meta property=\"og:title\" content=\"Kay\u0131t Kabul \u015eartlar\u0131\" \/>\n<meta property=\"og:description\" content=\"\u0130stanbul Ticaret \u00dcniversitesi Uluslararas\u0131 Ticaret b\u00f6l\u00fcm\u00fc, Y\u00fcksek\u00f6\u011fretim Kurumu (Y\u00d6K) taraf\u0131ndan belirlenen y\u00f6netmelikler \u00e7er\u00e7evesinde, \u00d6\u011frenci Se\u00e7me ve Yerle\u015ftirme Merkezi (\u00d6SYM) taraf\u0131ndan yap\u0131lan s\u0131nav ile \u00f6\u011frenci kabul\u00fc almaktad\u0131r. \u00d6\u011frenciler, \u00f6\u011frenim g\u00f6rmek istedikleri program tercihlerini bildirdikten sonra, bu s\u0131navdan ald\u0131klar\u0131 puana g\u00f6re \u00d6SYM taraf\u0131ndan ilgili programlara yerle\u015ftirilmektedir.\" \/>\n<meta property=\"og:url\" content=\"http:\/\/ticaret.edu.tr\/uluslararasi-ticaret\/kayit-kabul-sartlari\/\" \/>\n<meta property=\"og:site_name\" content=\"Uluslararas\u0131 Ticaret\" \/>\n<meta property=\"article:publisher\" content=\"https:\/\/www.facebook.com\/ticaretedutr\" \/>\n<meta property=\"article:modified_time\" content=\"2025-02-11T13:16:18+00:00\" \/>\n<meta property=\"og:image\" content=\"http:\/\/ticaret.edu.tr\/uluslararasi-ticaret\/wp-content\/uploads\/sites\/18\/2021\/11\/web_logo-01.jpg\" \/>\n\t<meta property=\"og:image:width\" content=\"1250\" \/>\n\t<meta property=\"og:image:height\" content=\"833\" \/>\n\t<meta property=\"og:image:type\" content=\"image\/jpeg\" \/>\n<meta name=\"twitter:card\" content=\"summary_large_image\" \/>\n<meta name=\"twitter:site\" content=\"@ticaretedutr\" \/>\n<script type=\"application\/ld+json\" class=\"yoast-schema-graph\">{\"@context\":\"https:\/\/schema.org\",\"@graph\":[{\"@type\":\"WebPage\",\"@id\":\"http:\/\/ticaret.edu.tr\/uluslararasi-ticaret\/kayit-kabul-sartlari\/\",\"url\":\"http:\/\/ticaret.edu.tr\/uluslararasi-ticaret\/kayit-kabul-sartlari\/\",\"name\":\"Kay\u0131t Kabul \u015eartlar\u0131 - Uluslararas\u0131 Ticaret\",\"isPartOf\":{\"@id\":\"https:\/\/ticaret.edu.tr\/uluslararasi-ticaret\/#website\"},\"datePublished\":\"2025-01-26T17:12:32+00:00\",\"dateModified\":\"2025-02-11T13:16:18+00:00\",\"breadcrumb\":{\"@id\":\"http:\/\/ticaret.edu.tr\/uluslararasi-ticaret\/kayit-kabul-sartlari\/#breadcrumb\"},\"inLanguage\":\"tr\",\"potentialAction\":[{\"@type\":\"ReadAction\",\"target\":[\"http:\/\/ticaret.edu.tr\/uluslararasi-ticaret\/kayit-kabul-sartlari\/\"]}]},{\"@type\":\"BreadcrumbList\",\"@id\":\"http:\/\/ticaret.edu.tr\/uluslararasi-ticaret\/kayit-kabul-sartlari\/#breadcrumb\",\"itemListElement\":[{\"@type\":\"ListItem\",\"position\":1,\"name\":\"Ana sayfa\",\"item\":\"https:\/\/ticaret.edu.tr\/uluslararasi-ticaret\/\"},{\"@type\":\"ListItem\",\"position\":2,\"name\":\"Kay\u0131t Kabul \u015eartlar\u0131\"}]},{\"@type\":\"WebSite\",\"@id\":\"https:\/\/ticaret.edu.tr\/uluslararasi-ticaret\/#website\",\"url\":\"https:\/\/ticaret.edu.tr\/uluslararasi-ticaret\/\",\"name\":\"Uluslararas\u0131 Ticaret\",\"description\":\"\",\"potentialAction\":[{\"@type\":\"SearchAction\",\"target\":{\"@type\":\"EntryPoint\",\"urlTemplate\":\"https:\/\/ticaret.edu.tr\/uluslararasi-ticaret\/?s={search_term_string}\"},\"query-input\":\"required name=search_term_string\"}],\"inLanguage\":\"tr\"}]}<\/script>\n<!-- \/ Yoast SEO Premium plugin. -->","yoast_head_json":{"title":"Kay\u0131t Kabul \u015eartlar\u0131 - Uluslararas\u0131 Ticaret","robots":{"index":"index","follow":"follow","max-snippet":"max-snippet:-1","max-image-preview":"max-image-preview:large","max-video-preview":"max-video-preview:-1"},"canonical":"http:\/\/ticaret.edu.tr\/uluslararasi-ticaret\/kayit-kabul-sartlari\/","og_locale":"tr_TR","og_type":"article","og_title":"Kay\u0131t Kabul \u015eartlar\u0131","og_description":"\u0130stanbul Ticaret \u00dcniversitesi Uluslararas\u0131 Ticaret b\u00f6l\u00fcm\u00fc, Y\u00fcksek\u00f6\u011fretim Kurumu (Y\u00d6K) taraf\u0131ndan belirlenen y\u00f6netmelikler \u00e7er\u00e7evesinde, \u00d6\u011frenci Se\u00e7me ve Yerle\u015ftirme Merkezi (\u00d6SYM) taraf\u0131ndan yap\u0131lan s\u0131nav ile \u00f6\u011frenci kabul\u00fc almaktad\u0131r. \u00d6\u011frenciler, \u00f6\u011frenim g\u00f6rmek istedikleri program tercihlerini bildirdikten sonra, bu s\u0131navdan ald\u0131klar\u0131 puana g\u00f6re \u00d6SYM taraf\u0131ndan ilgili programlara yerle\u015ftirilmektedir.","og_url":"http:\/\/ticaret.edu.tr\/uluslararasi-ticaret\/kayit-kabul-sartlari\/","og_site_name":"Uluslararas\u0131 Ticaret","article_publisher":"https:\/\/www.facebook.com\/ticaretedutr","article_modified_time":"2025-02-11T13:16:18+00:00","og_image":[{"width":1250,"height":833,"url":"http:\/\/ticaret.edu.tr\/uluslararasi-ticaret\/wp-content\/uploads\/sites\/18\/2021\/11\/web_logo-01.jpg","type":"image\/jpeg"}],"twitter_card":"summary_large_image","twitter_site":"@ticaretedutr","schema":{"@context":"https:\/\/schema.org","@graph":[{"@type":"WebPage","@id":"http:\/\/ticaret.edu.tr\/uluslararasi-ticaret\/kayit-kabul-sartlari\/","url":"http:\/\/ticaret.edu.tr\/uluslararasi-ticaret\/kayit-kabul-sartlari\/","name":"Kay\u0131t Kabul \u015eartlar\u0131 - Uluslararas\u0131 Ticaret","isPartOf":{"@id":"https:\/\/ticaret.edu.tr\/uluslararasi-ticaret\/#website"},"datePublished":"2025-01-26T17:12:32+00:00","dateModified":"2025-02-11T13:16:18+00:00","breadcrumb":{"@id":"http:\/\/ticaret.edu.tr\/uluslararasi-ticaret\/kayit-kabul-sartlari\/#breadcrumb"},"inLanguage":"tr","potentialAction":[{"@type":"ReadAction","target":["http:\/\/ticaret.edu.tr\/uluslararasi-ticaret\/kayit-kabul-sartlari\/"]}]},{"@type":"BreadcrumbList","@id":"http:\/\/ticaret.edu.tr\/uluslararasi-ticaret\/kayit-kabul-sartlari\/#breadcrumb","itemListElement":[{"@type":"ListItem","position":1,"name":"Ana sayfa","item":"https:\/\/ticaret.edu.tr\/uluslararasi-ticaret\/"},{"@type":"ListItem","position":2,"name":"Kay\u0131t Kabul \u015eartlar\u0131"}]},{"@type":"WebSite","@id":"https:\/\/ticaret.edu.tr\/uluslararasi-ticaret\/#website","url":"https:\/\/ticaret.edu.tr\/uluslararasi-ticaret\/","name":"Uluslararas\u0131 Ticaret","description":"","potentialAction":[{"@type":"SearchAction","target":{"@type":"EntryPoint","urlTemplate":"https:\/\/ticaret.edu.tr\/uluslararasi-ticaret\/?s={search_term_string}"},"query-input":"required name=search_term_string"}],"inLanguage":"tr"}]}},"lang":"tr","translations":{"en":1512,"tr":1510},"pll_sync_post":[],"_links":{"self":[{"href":"http:\/\/ticaret.edu.tr\/uluslararasi-ticaret\/wp-json\/wp\/v2\/pages\/1510"}],"collection":[{"href":"http:\/\/ticaret.edu.tr\/uluslararasi-ticaret\/wp-json\/wp\/v2\/pages"}],"about":[{"href":"http:\/\/ticaret.edu.tr\/uluslararasi-ticaret\/wp-json\/wp\/v2\/types\/page"}],"author":[{"embeddable":true,"href":"http:\/\/ticaret.edu.tr\/uluslararasi-ticaret\/wp-json\/wp\/v2\/users\/215"}],"replies":[{"embeddable":true,"href":"http:\/\/ticaret.edu.tr\/uluslararasi-ticaret\/wp-json\/wp\/v2\/comments?post=1510"}],"version-history":[{"count":2,"href":"http:\/\/ticaret.edu.tr\/uluslararasi-ticaret\/wp-json\/wp\/v2\/pages\/1510\/revisions"}],"predecessor-version":[{"id":1764,"href":"http:\/\/ticaret.edu.tr\/uluslararasi-ticaret\/wp-json\/wp\/v2\/pages\/1510\/revisions\/1764"}],"wp:attachment":[{"href":"http:\/\/ticaret.edu.tr\/uluslararasi-ticaret\/wp-json\/wp\/v2\/media?parent=1510"}],"curies":[{"name":"wp","href":"https:\/\/api.w.org\/{rel}","templated":true}]}}