{"id":1518,"date":"2025-01-26T20:15:31","date_gmt":"2025-01-26T17:15:31","guid":{"rendered":"https:\/\/ticaret.edu.tr\/uluslararasi-ticaret\/?page_id=1518"},"modified":"2025-02-11T16:16:25","modified_gmt":"2025-02-11T13:16:25","slug":"mezuniyet-kosullari","status":"publish","type":"page","link":"http:\/\/ticaret.edu.tr\/uluslararasi-ticaret\/mezuniyet-kosullari\/","title":{"rendered":"Mezuniyet Ko\u015fullar\u0131"},"content":{"rendered":"<p>\u00d6\u011frencilerimizin mezun olabilmeleri i\u00e7in m\u00fcfredatta yer alan t\u00fcm dersleri ba\u015far\u0131yla ge\u00e7erek toplam 240 AKTS\u2019yi tamamlamalar\u0131 gerekmektedir. Mezuniyet i\u00e7in t\u00fcm zorunlu ve se\u00e7meli dersleri, uygulama ve stajlar\u0131, almas\u0131 gereken kredi y\u00fck\u00fcn\u00fc ba\u015far\u0131 ile ve en az 2,00 GNO ile tamamlayan \u00f6\u011frenciler fak\u00fclte lisans diplomas\u0131 almaya hak kazan\u0131rlar. Mezuniyet i\u00e7in gereken b\u00fct\u00fcn derslerden ba\u015far\u0131l\u0131 olan ancak 2,00 GNO\u2019ya ula\u015famayan son s\u0131n\u0131f \u00f6\u011frencileri istedikleri derslerin ortalama y\u00fckseltme s\u0131nav\u0131na en son ald\u0131klar\u0131 not ge\u00e7erli olmak ve s\u0131nav \u00fccreti \u00f6demek \u00fczere girebilirler.<\/p>\n","protected":false},"excerpt":{"rendered":"<p>\u00d6\u011frencilerimizin mezun olabilmeleri i\u00e7in m\u00fcfredatta yer alan t\u00fcm dersleri ba\u015far\u0131yla ge\u00e7erek toplam 240 AKTS\u2019yi tamamlamalar\u0131 gerekmektedir. Mezuniyet i\u00e7in t\u00fcm zorunlu ve se\u00e7meli dersleri, uygulama ve stajlar\u0131, almas\u0131 gereken kredi y\u00fck\u00fcn\u00fc ba\u015far\u0131 ile ve en az 2,00 GNO ile tamamlayan \u00f6\u011frenciler fak\u00fclte lisans diplomas\u0131 almaya hak kazan\u0131rlar. Mezuniyet i\u00e7in gereken b\u00fct\u00fcn derslerden ba\u015far\u0131l\u0131 olan ancak 2,00 [&hellip;]<\/p>\n","protected":false},"author":215,"featured_media":0,"parent":0,"menu_order":0,"comment_status":"closed","ping_status":"closed","template":"genel_sayfa.php","meta":{"footnotes":""},"yoast_head":"<!-- This site is optimized with the Yoast SEO Premium plugin v22.1 (Yoast SEO v22.1) - https:\/\/yoast.com\/wordpress\/plugins\/seo\/ -->\n<title>Mezuniyet Ko\u015fullar\u0131 - Uluslararas\u0131 Ticaret<\/title>\n<meta name=\"robots\" content=\"index, follow, max-snippet:-1, max-image-preview:large, max-video-preview:-1\" \/>\n<link rel=\"canonical\" href=\"https:\/\/ticaret.edu.tr\/uluslararasi-ticaret\/mezuniyet-kosullari\/\" \/>\n<meta property=\"og:locale\" content=\"tr_TR\" \/>\n<meta property=\"og:type\" content=\"article\" \/>\n<meta property=\"og:title\" content=\"Mezuniyet Ko\u015fullar\u0131\" \/>\n<meta property=\"og:description\" content=\"\u00d6\u011frencilerimizin mezun olabilmeleri i\u00e7in m\u00fcfredatta yer alan t\u00fcm dersleri ba\u015far\u0131yla ge\u00e7erek toplam 240 AKTS\u2019yi tamamlamalar\u0131 gerekmektedir. Mezuniyet i\u00e7in t\u00fcm zorunlu ve se\u00e7meli dersleri, uygulama ve stajlar\u0131, almas\u0131 gereken kredi y\u00fck\u00fcn\u00fc ba\u015far\u0131 ile ve en az 2,00 GNO ile tamamlayan \u00f6\u011frenciler fak\u00fclte lisans diplomas\u0131 almaya hak kazan\u0131rlar. Mezuniyet i\u00e7in gereken b\u00fct\u00fcn derslerden ba\u015far\u0131l\u0131 olan ancak 2,00 [&hellip;]\" \/>\n<meta property=\"og:url\" content=\"https:\/\/ticaret.edu.tr\/uluslararasi-ticaret\/mezuniyet-kosullari\/\" \/>\n<meta property=\"og:site_name\" content=\"Uluslararas\u0131 Ticaret\" \/>\n<meta property=\"article:publisher\" content=\"https:\/\/www.facebook.com\/ticaretedutr\" \/>\n<meta property=\"article:modified_time\" content=\"2025-02-11T13:16:25+00:00\" \/>\n<meta property=\"og:image\" content=\"http:\/\/ticaret.edu.tr\/uluslararasi-ticaret\/wp-content\/uploads\/sites\/18\/2021\/11\/web_logo-01.jpg\" \/>\n\t<meta property=\"og:image:width\" content=\"1250\" \/>\n\t<meta property=\"og:image:height\" content=\"833\" \/>\n\t<meta property=\"og:image:type\" content=\"image\/jpeg\" \/>\n<meta name=\"twitter:card\" content=\"summary_large_image\" \/>\n<meta name=\"twitter:site\" content=\"@ticaretedutr\" \/>\n<script type=\"application\/ld+json\" class=\"yoast-schema-graph\">{\"@context\":\"https:\/\/schema.org\",\"@graph\":[{\"@type\":\"WebPage\",\"@id\":\"https:\/\/ticaret.edu.tr\/uluslararasi-ticaret\/mezuniyet-kosullari\/\",\"url\":\"https:\/\/ticaret.edu.tr\/uluslararasi-ticaret\/mezuniyet-kosullari\/\",\"name\":\"Mezuniyet Ko\u015fullar\u0131 - Uluslararas\u0131 Ticaret\",\"isPartOf\":{\"@id\":\"https:\/\/ticaret.edu.tr\/uluslararasi-ticaret\/#website\"},\"datePublished\":\"2025-01-26T17:15:31+00:00\",\"dateModified\":\"2025-02-11T13:16:25+00:00\",\"breadcrumb\":{\"@id\":\"https:\/\/ticaret.edu.tr\/uluslararasi-ticaret\/mezuniyet-kosullari\/#breadcrumb\"},\"inLanguage\":\"tr\",\"potentialAction\":[{\"@type\":\"ReadAction\",\"target\":[\"https:\/\/ticaret.edu.tr\/uluslararasi-ticaret\/mezuniyet-kosullari\/\"]}]},{\"@type\":\"BreadcrumbList\",\"@id\":\"https:\/\/ticaret.edu.tr\/uluslararasi-ticaret\/mezuniyet-kosullari\/#breadcrumb\",\"itemListElement\":[{\"@type\":\"ListItem\",\"position\":1,\"name\":\"Ana sayfa\",\"item\":\"https:\/\/ticaret.edu.tr\/uluslararasi-ticaret\/\"},{\"@type\":\"ListItem\",\"position\":2,\"name\":\"Mezuniyet Ko\u015fullar\u0131\"}]},{\"@type\":\"WebSite\",\"@id\":\"https:\/\/ticaret.edu.tr\/uluslararasi-ticaret\/#website\",\"url\":\"https:\/\/ticaret.edu.tr\/uluslararasi-ticaret\/\",\"name\":\"Uluslararas\u0131 Ticaret\",\"description\":\"\",\"potentialAction\":[{\"@type\":\"SearchAction\",\"target\":{\"@type\":\"EntryPoint\",\"urlTemplate\":\"https:\/\/ticaret.edu.tr\/uluslararasi-ticaret\/?s={search_term_string}\"},\"query-input\":\"required name=search_term_string\"}],\"inLanguage\":\"tr\"}]}<\/script>\n<!-- \/ Yoast SEO Premium plugin. -->","yoast_head_json":{"title":"Mezuniyet Ko\u015fullar\u0131 - Uluslararas\u0131 Ticaret","robots":{"index":"index","follow":"follow","max-snippet":"max-snippet:-1","max-image-preview":"max-image-preview:large","max-video-preview":"max-video-preview:-1"},"canonical":"https:\/\/ticaret.edu.tr\/uluslararasi-ticaret\/mezuniyet-kosullari\/","og_locale":"tr_TR","og_type":"article","og_title":"Mezuniyet Ko\u015fullar\u0131","og_description":"\u00d6\u011frencilerimizin mezun olabilmeleri i\u00e7in m\u00fcfredatta yer alan t\u00fcm dersleri ba\u015far\u0131yla ge\u00e7erek toplam 240 AKTS\u2019yi tamamlamalar\u0131 gerekmektedir. Mezuniyet i\u00e7in t\u00fcm zorunlu ve se\u00e7meli dersleri, uygulama ve stajlar\u0131, almas\u0131 gereken kredi y\u00fck\u00fcn\u00fc ba\u015far\u0131 ile ve en az 2,00 GNO ile tamamlayan \u00f6\u011frenciler fak\u00fclte lisans diplomas\u0131 almaya hak kazan\u0131rlar. Mezuniyet i\u00e7in gereken b\u00fct\u00fcn derslerden ba\u015far\u0131l\u0131 olan ancak 2,00 [&hellip;]","og_url":"https:\/\/ticaret.edu.tr\/uluslararasi-ticaret\/mezuniyet-kosullari\/","og_site_name":"Uluslararas\u0131 Ticaret","article_publisher":"https:\/\/www.facebook.com\/ticaretedutr","article_modified_time":"2025-02-11T13:16:25+00:00","og_image":[{"width":1250,"height":833,"url":"http:\/\/ticaret.edu.tr\/uluslararasi-ticaret\/wp-content\/uploads\/sites\/18\/2021\/11\/web_logo-01.jpg","type":"image\/jpeg"}],"twitter_card":"summary_large_image","twitter_site":"@ticaretedutr","schema":{"@context":"https:\/\/schema.org","@graph":[{"@type":"WebPage","@id":"https:\/\/ticaret.edu.tr\/uluslararasi-ticaret\/mezuniyet-kosullari\/","url":"https:\/\/ticaret.edu.tr\/uluslararasi-ticaret\/mezuniyet-kosullari\/","name":"Mezuniyet Ko\u015fullar\u0131 - Uluslararas\u0131 Ticaret","isPartOf":{"@id":"https:\/\/ticaret.edu.tr\/uluslararasi-ticaret\/#website"},"datePublished":"2025-01-26T17:15:31+00:00","dateModified":"2025-02-11T13:16:25+00:00","breadcrumb":{"@id":"https:\/\/ticaret.edu.tr\/uluslararasi-ticaret\/mezuniyet-kosullari\/#breadcrumb"},"inLanguage":"tr","potentialAction":[{"@type":"ReadAction","target":["https:\/\/ticaret.edu.tr\/uluslararasi-ticaret\/mezuniyet-kosullari\/"]}]},{"@type":"BreadcrumbList","@id":"https:\/\/ticaret.edu.tr\/uluslararasi-ticaret\/mezuniyet-kosullari\/#breadcrumb","itemListElement":[{"@type":"ListItem","position":1,"name":"Ana sayfa","item":"https:\/\/ticaret.edu.tr\/uluslararasi-ticaret\/"},{"@type":"ListItem","position":2,"name":"Mezuniyet Ko\u015fullar\u0131"}]},{"@type":"WebSite","@id":"https:\/\/ticaret.edu.tr\/uluslararasi-ticaret\/#website","url":"https:\/\/ticaret.edu.tr\/uluslararasi-ticaret\/","name":"Uluslararas\u0131 Ticaret","description":"","potentialAction":[{"@type":"SearchAction","target":{"@type":"EntryPoint","urlTemplate":"https:\/\/ticaret.edu.tr\/uluslararasi-ticaret\/?s={search_term_string}"},"query-input":"required name=search_term_string"}],"inLanguage":"tr"}]}},"lang":"tr","translations":{"en":1520,"tr":1518},"pll_sync_post":[],"_links":{"self":[{"href":"http:\/\/ticaret.edu.tr\/uluslararasi-ticaret\/wp-json\/wp\/v2\/pages\/1518"}],"collection":[{"href":"http:\/\/ticaret.edu.tr\/uluslararasi-ticaret\/wp-json\/wp\/v2\/pages"}],"about":[{"href":"http:\/\/ticaret.edu.tr\/uluslararasi-ticaret\/wp-json\/wp\/v2\/types\/page"}],"author":[{"embeddable":true,"href":"http:\/\/ticaret.edu.tr\/uluslararasi-ticaret\/wp-json\/wp\/v2\/users\/215"}],"replies":[{"embeddable":true,"href":"http:\/\/ticaret.edu.tr\/uluslararasi-ticaret\/wp-json\/wp\/v2\/comments?post=1518"}],"version-history":[{"count":3,"href":"http:\/\/ticaret.edu.tr\/uluslararasi-ticaret\/wp-json\/wp\/v2\/pages\/1518\/revisions"}],"predecessor-version":[{"id":1760,"href":"http:\/\/ticaret.edu.tr\/uluslararasi-ticaret\/wp-json\/wp\/v2\/pages\/1518\/revisions\/1760"}],"wp:attachment":[{"href":"http:\/\/ticaret.edu.tr\/uluslararasi-ticaret\/wp-json\/wp\/v2\/media?parent=1518"}],"curies":[{"name":"wp","href":"https:\/\/api.w.org\/{rel}","templated":true}]}}