{"id":1577,"date":"2025-01-27T09:44:14","date_gmt":"2025-01-27T06:44:14","guid":{"rendered":"https:\/\/ticaret.edu.tr\/uluslararasi-ticaret\/?page_id=1577"},"modified":"2025-10-17T13:48:52","modified_gmt":"2025-10-17T10:48:52","slug":"iletisim-ulasim","status":"publish","type":"page","link":"http:\/\/ticaret.edu.tr\/uluslararasi-ticaret\/iletisim-ulasim\/","title":{"rendered":"\u0130leti\u015fim &amp; Ula\u015f\u0131m"},"content":{"rendered":"<p><span class=\"highlight\">S\u00e2d\u00e2b\u00e2d Kamp\u00fcs\u00fc S\u00fctl\u00fcce<\/span><\/p>\n<p>\u0130\u015fletme Fak\u00fcltesi<\/p>\n<p><strong>Adres<\/strong><\/p>\n<p>\u00d6rnektepe Mah. \u0130mrahor Cad. No: 88\/2 Beyo\u011flu 34445 \/ \u0130stanbul<\/p>\n<p><strong><span class=\"highlight\">Telefon<\/span><\/strong><\/p>\n<p>444 0 413<\/p>\n<p><strong><span class=\"highlight\">E-posta<\/span><\/strong><\/p>\n<p>bilgi@ticaret.edu.tr<\/p>\n","protected":false},"excerpt":{"rendered":"<p>S\u00e2d\u00e2b\u00e2d Kamp\u00fcs\u00fc S\u00fctl\u00fcce \u0130\u015fletme Fak\u00fcltesi Adres \u00d6rnektepe Mah. \u0130mrahor Cad. No: 88\/2 Beyo\u011flu 34445 \/ \u0130stanbul Telefon 444 0 413 E-posta bilgi@ticaret.edu.tr<\/p>\n","protected":false},"author":215,"featured_media":0,"parent":0,"menu_order":0,"comment_status":"closed","ping_status":"closed","template":"genel_sayfa.php","meta":{"footnotes":""},"yoast_head":"<!-- This site is optimized with the Yoast SEO Premium plugin v22.1 (Yoast SEO v22.1) - https:\/\/yoast.com\/wordpress\/plugins\/seo\/ -->\n<title>\u0130leti\u015fim &amp; Ula\u015f\u0131m - Uluslararas\u0131 Ticaret<\/title>\n<meta name=\"robots\" content=\"index, follow, max-snippet:-1, max-image-preview:large, max-video-preview:-1\" \/>\n<link rel=\"canonical\" href=\"https:\/\/ticaret.edu.tr\/uluslararasi-ticaret\/iletisim-ulasim\/\" \/>\n<meta property=\"og:locale\" content=\"tr_TR\" \/>\n<meta property=\"og:type\" content=\"article\" \/>\n<meta property=\"og:title\" content=\"\u0130leti\u015fim &amp; Ula\u015f\u0131m\" \/>\n<meta property=\"og:description\" content=\"S\u00e2d\u00e2b\u00e2d Kamp\u00fcs\u00fc S\u00fctl\u00fcce \u0130\u015fletme Fak\u00fcltesi Adres \u00d6rnektepe Mah. \u0130mrahor Cad. No: 88\/2 Beyo\u011flu 34445 \/ \u0130stanbul Telefon 444 0 413 E-posta bilgi@ticaret.edu.tr\" \/>\n<meta property=\"og:url\" content=\"https:\/\/ticaret.edu.tr\/uluslararasi-ticaret\/iletisim-ulasim\/\" \/>\n<meta property=\"og:site_name\" content=\"Uluslararas\u0131 Ticaret\" \/>\n<meta property=\"article:publisher\" content=\"https:\/\/www.facebook.com\/ticaretedutr\" \/>\n<meta property=\"article:modified_time\" content=\"2025-10-17T10:48:52+00:00\" \/>\n<meta property=\"og:image\" content=\"http:\/\/ticaret.edu.tr\/uluslararasi-ticaret\/wp-content\/uploads\/sites\/18\/2021\/11\/web_logo-01.jpg\" \/>\n\t<meta property=\"og:image:width\" content=\"1250\" \/>\n\t<meta property=\"og:image:height\" content=\"833\" \/>\n\t<meta property=\"og:image:type\" content=\"image\/jpeg\" \/>\n<meta name=\"twitter:card\" content=\"summary_large_image\" \/>\n<meta name=\"twitter:site\" content=\"@ticaretedutr\" \/>\n<meta name=\"twitter:label1\" content=\"Tahmini okuma s\u00fcresi\" \/>\n\t<meta name=\"twitter:data1\" content=\"1 dakika\" \/>\n<script type=\"application\/ld+json\" class=\"yoast-schema-graph\">{\"@context\":\"https:\/\/schema.org\",\"@graph\":[{\"@type\":\"WebPage\",\"@id\":\"https:\/\/ticaret.edu.tr\/uluslararasi-ticaret\/iletisim-ulasim\/\",\"url\":\"https:\/\/ticaret.edu.tr\/uluslararasi-ticaret\/iletisim-ulasim\/\",\"name\":\"\u0130leti\u015fim &amp; Ula\u015f\u0131m - Uluslararas\u0131 Ticaret\",\"isPartOf\":{\"@id\":\"https:\/\/ticaret.edu.tr\/uluslararasi-ticaret\/#website\"},\"datePublished\":\"2025-01-27T06:44:14+00:00\",\"dateModified\":\"2025-10-17T10:48:52+00:00\",\"breadcrumb\":{\"@id\":\"https:\/\/ticaret.edu.tr\/uluslararasi-ticaret\/iletisim-ulasim\/#breadcrumb\"},\"inLanguage\":\"tr\",\"potentialAction\":[{\"@type\":\"ReadAction\",\"target\":[\"https:\/\/ticaret.edu.tr\/uluslararasi-ticaret\/iletisim-ulasim\/\"]}]},{\"@type\":\"BreadcrumbList\",\"@id\":\"https:\/\/ticaret.edu.tr\/uluslararasi-ticaret\/iletisim-ulasim\/#breadcrumb\",\"itemListElement\":[{\"@type\":\"ListItem\",\"position\":1,\"name\":\"Ana sayfa\",\"item\":\"https:\/\/ticaret.edu.tr\/uluslararasi-ticaret\/\"},{\"@type\":\"ListItem\",\"position\":2,\"name\":\"\u0130leti\u015fim &amp; Ula\u015f\u0131m\"}]},{\"@type\":\"WebSite\",\"@id\":\"https:\/\/ticaret.edu.tr\/uluslararasi-ticaret\/#website\",\"url\":\"https:\/\/ticaret.edu.tr\/uluslararasi-ticaret\/\",\"name\":\"Uluslararas\u0131 Ticaret\",\"description\":\"\",\"potentialAction\":[{\"@type\":\"SearchAction\",\"target\":{\"@type\":\"EntryPoint\",\"urlTemplate\":\"https:\/\/ticaret.edu.tr\/uluslararasi-ticaret\/?s={search_term_string}\"},\"query-input\":\"required name=search_term_string\"}],\"inLanguage\":\"tr\"}]}<\/script>\n<!-- \/ Yoast SEO Premium plugin. -->","yoast_head_json":{"title":"\u0130leti\u015fim &amp; Ula\u015f\u0131m - Uluslararas\u0131 Ticaret","robots":{"index":"index","follow":"follow","max-snippet":"max-snippet:-1","max-image-preview":"max-image-preview:large","max-video-preview":"max-video-preview:-1"},"canonical":"https:\/\/ticaret.edu.tr\/uluslararasi-ticaret\/iletisim-ulasim\/","og_locale":"tr_TR","og_type":"article","og_title":"\u0130leti\u015fim &amp; Ula\u015f\u0131m","og_description":"S\u00e2d\u00e2b\u00e2d Kamp\u00fcs\u00fc S\u00fctl\u00fcce \u0130\u015fletme Fak\u00fcltesi Adres \u00d6rnektepe Mah. \u0130mrahor Cad. No: 88\/2 Beyo\u011flu 34445 \/ \u0130stanbul Telefon 444 0 413 E-posta bilgi@ticaret.edu.tr","og_url":"https:\/\/ticaret.edu.tr\/uluslararasi-ticaret\/iletisim-ulasim\/","og_site_name":"Uluslararas\u0131 Ticaret","article_publisher":"https:\/\/www.facebook.com\/ticaretedutr","article_modified_time":"2025-10-17T10:48:52+00:00","og_image":[{"width":1250,"height":833,"url":"http:\/\/ticaret.edu.tr\/uluslararasi-ticaret\/wp-content\/uploads\/sites\/18\/2021\/11\/web_logo-01.jpg","type":"image\/jpeg"}],"twitter_card":"summary_large_image","twitter_site":"@ticaretedutr","twitter_misc":{"Tahmini okuma s\u00fcresi":"1 dakika"},"schema":{"@context":"https:\/\/schema.org","@graph":[{"@type":"WebPage","@id":"https:\/\/ticaret.edu.tr\/uluslararasi-ticaret\/iletisim-ulasim\/","url":"https:\/\/ticaret.edu.tr\/uluslararasi-ticaret\/iletisim-ulasim\/","name":"\u0130leti\u015fim &amp; Ula\u015f\u0131m - Uluslararas\u0131 Ticaret","isPartOf":{"@id":"https:\/\/ticaret.edu.tr\/uluslararasi-ticaret\/#website"},"datePublished":"2025-01-27T06:44:14+00:00","dateModified":"2025-10-17T10:48:52+00:00","breadcrumb":{"@id":"https:\/\/ticaret.edu.tr\/uluslararasi-ticaret\/iletisim-ulasim\/#breadcrumb"},"inLanguage":"tr","potentialAction":[{"@type":"ReadAction","target":["https:\/\/ticaret.edu.tr\/uluslararasi-ticaret\/iletisim-ulasim\/"]}]},{"@type":"BreadcrumbList","@id":"https:\/\/ticaret.edu.tr\/uluslararasi-ticaret\/iletisim-ulasim\/#breadcrumb","itemListElement":[{"@type":"ListItem","position":1,"name":"Ana sayfa","item":"https:\/\/ticaret.edu.tr\/uluslararasi-ticaret\/"},{"@type":"ListItem","position":2,"name":"\u0130leti\u015fim &amp; Ula\u015f\u0131m"}]},{"@type":"WebSite","@id":"https:\/\/ticaret.edu.tr\/uluslararasi-ticaret\/#website","url":"https:\/\/ticaret.edu.tr\/uluslararasi-ticaret\/","name":"Uluslararas\u0131 Ticaret","description":"","potentialAction":[{"@type":"SearchAction","target":{"@type":"EntryPoint","urlTemplate":"https:\/\/ticaret.edu.tr\/uluslararasi-ticaret\/?s={search_term_string}"},"query-input":"required name=search_term_string"}],"inLanguage":"tr"}]}},"lang":"tr","translations":{"en":1579,"tr":1577},"pll_sync_post":[],"_links":{"self":[{"href":"http:\/\/ticaret.edu.tr\/uluslararasi-ticaret\/wp-json\/wp\/v2\/pages\/1577"}],"collection":[{"href":"http:\/\/ticaret.edu.tr\/uluslararasi-ticaret\/wp-json\/wp\/v2\/pages"}],"about":[{"href":"http:\/\/ticaret.edu.tr\/uluslararasi-ticaret\/wp-json\/wp\/v2\/types\/page"}],"author":[{"embeddable":true,"href":"http:\/\/ticaret.edu.tr\/uluslararasi-ticaret\/wp-json\/wp\/v2\/users\/215"}],"replies":[{"embeddable":true,"href":"http:\/\/ticaret.edu.tr\/uluslararasi-ticaret\/wp-json\/wp\/v2\/comments?post=1577"}],"version-history":[{"count":2,"href":"http:\/\/ticaret.edu.tr\/uluslararasi-ticaret\/wp-json\/wp\/v2\/pages\/1577\/revisions"}],"predecessor-version":[{"id":2095,"href":"http:\/\/ticaret.edu.tr\/uluslararasi-ticaret\/wp-json\/wp\/v2\/pages\/1577\/revisions\/2095"}],"wp:attachment":[{"href":"http:\/\/ticaret.edu.tr\/uluslararasi-ticaret\/wp-json\/wp\/v2\/media?parent=1577"}],"curies":[{"name":"wp","href":"https:\/\/api.w.org\/{rel}","templated":true}]}}