{"id":1595,"date":"2025-01-27T09:49:49","date_gmt":"2025-01-27T06:49:49","guid":{"rendered":"https:\/\/ticaret.edu.tr\/uluslararasi-ticaret\/?page_id=1595"},"modified":"2025-10-17T13:14:14","modified_gmt":"2025-10-17T10:14:14","slug":"lisansustu-genel-bilgi","status":"publish","type":"page","link":"http:\/\/ticaret.edu.tr\/uluslararasi-ticaret\/lisansustu-genel-bilgi\/","title":{"rendered":"Genel Bilgi"},"content":{"rendered":"<p><strong>Uluslararas\u0131 Ticaret Y\u00fcksek Lisans Program\u0131<\/strong><\/p>\n<p>Uluslararas\u0131 ticaret, ekonomi, finans ve i\u015fletme bilim dallar\u0131ndan beslenmektedir. Program\u0131n temel amac\u0131, \u00f6\u011frencilere uluslararas\u0131 ticaretin temel fonksiyonlar\u0131n\u0131 kapsayan ve uluslararas\u0131 ticaretin belirli alanlar\u0131nda uzmanla\u015fmaya imk\u00e2n sa\u011flayacak etkin ve verimli \u00fcst d\u00fczey bir lisans\u00fcst\u00fc e\u011fitim vermektir. Uluslararas\u0131 Ticaret Y\u00fcksek Lisans program\u0131 temel olarak \u00f6\u011frencileri i\u015f hayat\u0131na haz\u0131rlamaya y\u00f6neliktir. Bu program, \u00f6\u011frencilerin k\u00fcreselle\u015fmenin s\u00fcreci ve etkisine \u00f6zel \u00f6nem vererek uluslararas\u0131 pazarlama, uluslararas\u0131 ekonomi ve uluslararas\u0131 i\u015fletme alanlar\u0131nda g\u00fc\u00e7l\u00fc bir teorik birikim kazanmalar\u0131n\u0131 sa\u011flar.<\/p>\n<p>Bu programda \u00f6\u011frenciler, d\u00fcnyan\u0131n ticaretle nas\u0131l ba\u011flant\u0131l\u0131 oldu\u011funu, \u00fcretici ve ihracat\u00e7\u0131 olarak i\u015fletmeleri nas\u0131l etkiledi\u011fini vb. konular\u0131 inceleyeceklerdir. Dersler s\u0131ras\u0131nda bu konular\u0131 farkl\u0131 disiplinlerin mercekleri arac\u0131l\u0131\u011f\u0131yla ele alacaklard\u0131r. Deneyimli akademik kadromuz sayesinde uluslararas\u0131 ticaretin ulusal ekonomi \u00fczerindeki etkisini hem akademik hem de i\u015f perspektifinden inceleyeceklerdir.<\/p>\n<p>Ticari s\u0131n\u0131rlar\u0131n ortadan kalkt\u0131\u011f\u0131 ve rekabetin uluslararas\u0131 boyutta cereyan etti\u011fi g\u00fcn\u00fcm\u00fczde bu alana y\u00f6nelik e\u011fitimli i\u015f g\u00fcc\u00fc olu\u015fturmak gereklilik haline gelmi\u015ftir. Lisans\u00fcst\u00fc E\u011fitim Enstit\u00fcs\u00fc b\u00fcnyesinde yer alan bu program ilgili gereklili\u011fe y\u00f6nelik olarak tasarlanm\u0131\u015ft\u0131r. Uluslararas\u0131 Ticaret Y\u00fcksek Lisans program\u0131, d\u00fcnyan\u0131n \u00f6nde gelen sanayi \u015firketleri ve sivil toplum kurulu\u015flar\u0131nda \u00fcst d\u00fczey y\u00f6netici veya uluslararas\u0131 ticaret uzman\u0131 olarak kariyer kap\u0131lar\u0131n\u0131 aralayacak. Program ayr\u0131ca doktora program\u0131na devam etmek ve akademik kariyere ba\u015flamak isteyenler i\u00e7in sa\u011flam bir teorik ve metodolojik temel sa\u011flar.<\/p>\n<p><strong>Uluslararas\u0131 Ticaret Doktora Program\u0131<\/strong><\/p>\n<p>Esas olarak Ekonomi Bilimi a\u011f\u0131rl\u0131kl\u0131 olmakla birlikte, Program, Uluslararas\u0131 Ticaretin birbirinden ayr\u0131lamaz nitelikteki ekonomik, hukuki ve siyasi boyutlar\u0131na ili\u015fkin ileri d\u00fczeyde bilgi aktar\u0131m\u0131na ve ara\u015ft\u0131rma altyap\u0131s\u0131na dayal\u0131 bir i\u00e7eri\u011fe sahiptir. Ama\u00e7, \u00f6\u011frencilerimizin ba\u011f\u0131ms\u0131z ve ki\u015fisel ara\u015ft\u0131rma tecr\u00fcbesi edinmelerini ve kaliteli bilimsel ara\u015ft\u0131rmalar ger\u00e7ekle\u015ftirebilmelerini sa\u011flamakt\u0131r.<\/p>\n<p>Tarihsel ve \u00e7a\u011fda\u015f uluslararas\u0131 ticaret politikalar\u0131 ve uygulamalar\u0131na ili\u015fkin konular\u0131n derinli\u011fine ele al\u0131n\u0131p tart\u0131\u015f\u0131lmas\u0131na a\u011f\u0131rl\u0131k verilmesini ama\u00e7layan Program\u2019da a\u011f\u0131rl\u0131kl\u0131 olarak ve \u00f6zellikle, g\u00fcn\u00fcm\u00fcz uluslararas\u0131 ticaret hareketlerine y\u00f6n veren trendlerin te\u015fhisi ve analizi, uluslararas\u0131 ticaret politikalar\u0131n\u0131n belirlenmesinde rol alan akt\u00f6rler, uluslararas\u0131 ticaret politika ve uygulamalar\u0131n\u0131n politik ve kurumsal ba\u011flamlar gibi konular yer alacakt\u0131r.<\/p>\n<p>\u0130stanbul Ticaret \u00dcniversitesi\u2019nin Uluslararas\u0131 Ticaret alan\u0131nda doktora d\u00fczeyinde e\u011fitim alan ki\u015filer ise; k\u00fcreselle\u015fmenin en temel unsuru olan uluslararas\u0131 ticaretin ulusal ve uluslararas\u0131 boyutlar\u0131 konular\u0131nda uzmanl\u0131k d\u00fczeyinde bilgi sahibi olacak ve bu alanlarda ara\u015ft\u0131rma yapacak ve ders verecek bir donan\u0131ma sahip olabileceklerdir.<\/p>\n<p><strong>Lisans\u00fcst\u00fc E\u011fitim Enstit\u00fcs\u00fc b\u00fcnyesinde Uluslararas\u0131 Ticaret Y\u00fcksek Lisans Program\u0131, Uluslararas\u0131 Ticaret (\u0130ngilizce) Y\u00fcksek Lisans Program\u0131, Uluslararas\u0131 Ticaret \u2013 Uzaktan E\u011fitim Tezsiz Y\u00fcksek Lisans Program\u0131, Uluslararas\u0131 Ticaret Doktora Program\u0131, Uluslararas\u0131 (\u0130ngilizce) Doktora Program\u0131 bulunmaktad\u0131r. Detayl\u0131 bilgiye <a href=\"https:\/\/ticaret.edu.tr\/lisansustu-egitim-enstitusu\/\">enstit\u00fc web sitesi<\/a> \u00fczerinden ula\u015fabilirsiniz.\u00a0<\/strong><\/p>\n","protected":false},"excerpt":{"rendered":"<p>Uluslararas\u0131 Ticaret Y\u00fcksek Lisans Program\u0131 Uluslararas\u0131 ticaret, ekonomi, finans ve i\u015fletme bilim dallar\u0131ndan beslenmektedir. Program\u0131n temel amac\u0131, \u00f6\u011frencilere uluslararas\u0131 ticaretin temel fonksiyonlar\u0131n\u0131 kapsayan ve uluslararas\u0131 ticaretin belirli alanlar\u0131nda uzmanla\u015fmaya imk\u00e2n sa\u011flayacak etkin ve verimli \u00fcst d\u00fczey bir lisans\u00fcst\u00fc e\u011fitim vermektir. Uluslararas\u0131 Ticaret Y\u00fcksek Lisans program\u0131 temel olarak \u00f6\u011frencileri i\u015f hayat\u0131na haz\u0131rlamaya y\u00f6neliktir. Bu program, \u00f6\u011frencilerin [&hellip;]<\/p>\n","protected":false},"author":215,"featured_media":0,"parent":0,"menu_order":0,"comment_status":"closed","ping_status":"closed","template":"genel_sayfa.php","meta":{"footnotes":""},"yoast_head":"<!-- This site is optimized with the Yoast SEO Premium plugin v22.1 (Yoast SEO v22.1) - https:\/\/yoast.com\/wordpress\/plugins\/seo\/ -->\n<title>Genel Bilgi - Uluslararas\u0131 Ticaret<\/title>\n<meta name=\"robots\" content=\"index, follow, max-snippet:-1, max-image-preview:large, max-video-preview:-1\" \/>\n<link rel=\"canonical\" href=\"http:\/\/ticaret.edu.tr\/uluslararasi-ticaret\/lisansustu-genel-bilgi\/\" \/>\n<meta property=\"og:locale\" content=\"tr_TR\" \/>\n<meta property=\"og:type\" content=\"article\" \/>\n<meta property=\"og:title\" content=\"Genel Bilgi\" \/>\n<meta property=\"og:description\" content=\"Uluslararas\u0131 Ticaret Y\u00fcksek Lisans Program\u0131 Uluslararas\u0131 ticaret, ekonomi, finans ve i\u015fletme bilim dallar\u0131ndan beslenmektedir. Program\u0131n temel amac\u0131, \u00f6\u011frencilere uluslararas\u0131 ticaretin temel fonksiyonlar\u0131n\u0131 kapsayan ve uluslararas\u0131 ticaretin belirli alanlar\u0131nda uzmanla\u015fmaya imk\u00e2n sa\u011flayacak etkin ve verimli \u00fcst d\u00fczey bir lisans\u00fcst\u00fc e\u011fitim vermektir. Uluslararas\u0131 Ticaret Y\u00fcksek Lisans program\u0131 temel olarak \u00f6\u011frencileri i\u015f hayat\u0131na haz\u0131rlamaya y\u00f6neliktir. Bu program, \u00f6\u011frencilerin [&hellip;]\" \/>\n<meta property=\"og:url\" content=\"http:\/\/ticaret.edu.tr\/uluslararasi-ticaret\/lisansustu-genel-bilgi\/\" \/>\n<meta property=\"og:site_name\" content=\"Uluslararas\u0131 Ticaret\" \/>\n<meta property=\"article:publisher\" content=\"https:\/\/www.facebook.com\/ticaretedutr\" \/>\n<meta property=\"article:modified_time\" content=\"2025-10-17T10:14:14+00:00\" \/>\n<meta property=\"og:image\" content=\"http:\/\/ticaret.edu.tr\/uluslararasi-ticaret\/wp-content\/uploads\/sites\/18\/2021\/11\/web_logo-01.jpg\" \/>\n\t<meta property=\"og:image:width\" content=\"1250\" \/>\n\t<meta property=\"og:image:height\" content=\"833\" \/>\n\t<meta property=\"og:image:type\" content=\"image\/jpeg\" \/>\n<meta name=\"twitter:card\" content=\"summary_large_image\" \/>\n<meta name=\"twitter:site\" content=\"@ticaretedutr\" \/>\n<meta name=\"twitter:label1\" content=\"Tahmini okuma s\u00fcresi\" \/>\n\t<meta name=\"twitter:data1\" content=\"3 dakika\" \/>\n<script type=\"application\/ld+json\" class=\"yoast-schema-graph\">{\"@context\":\"https:\/\/schema.org\",\"@graph\":[{\"@type\":\"WebPage\",\"@id\":\"http:\/\/ticaret.edu.tr\/uluslararasi-ticaret\/lisansustu-genel-bilgi\/\",\"url\":\"http:\/\/ticaret.edu.tr\/uluslararasi-ticaret\/lisansustu-genel-bilgi\/\",\"name\":\"Genel Bilgi - Uluslararas\u0131 Ticaret\",\"isPartOf\":{\"@id\":\"https:\/\/ticaret.edu.tr\/uluslararasi-ticaret\/#website\"},\"datePublished\":\"2025-01-27T06:49:49+00:00\",\"dateModified\":\"2025-10-17T10:14:14+00:00\",\"breadcrumb\":{\"@id\":\"http:\/\/ticaret.edu.tr\/uluslararasi-ticaret\/lisansustu-genel-bilgi\/#breadcrumb\"},\"inLanguage\":\"tr\",\"potentialAction\":[{\"@type\":\"ReadAction\",\"target\":[\"http:\/\/ticaret.edu.tr\/uluslararasi-ticaret\/lisansustu-genel-bilgi\/\"]}]},{\"@type\":\"BreadcrumbList\",\"@id\":\"http:\/\/ticaret.edu.tr\/uluslararasi-ticaret\/lisansustu-genel-bilgi\/#breadcrumb\",\"itemListElement\":[{\"@type\":\"ListItem\",\"position\":1,\"name\":\"Ana sayfa\",\"item\":\"https:\/\/ticaret.edu.tr\/uluslararasi-ticaret\/\"},{\"@type\":\"ListItem\",\"position\":2,\"name\":\"Genel Bilgi\"}]},{\"@type\":\"WebSite\",\"@id\":\"https:\/\/ticaret.edu.tr\/uluslararasi-ticaret\/#website\",\"url\":\"https:\/\/ticaret.edu.tr\/uluslararasi-ticaret\/\",\"name\":\"Uluslararas\u0131 Ticaret\",\"description\":\"\",\"potentialAction\":[{\"@type\":\"SearchAction\",\"target\":{\"@type\":\"EntryPoint\",\"urlTemplate\":\"https:\/\/ticaret.edu.tr\/uluslararasi-ticaret\/?s={search_term_string}\"},\"query-input\":\"required name=search_term_string\"}],\"inLanguage\":\"tr\"}]}<\/script>\n<!-- \/ Yoast SEO Premium plugin. -->","yoast_head_json":{"title":"Genel Bilgi - Uluslararas\u0131 Ticaret","robots":{"index":"index","follow":"follow","max-snippet":"max-snippet:-1","max-image-preview":"max-image-preview:large","max-video-preview":"max-video-preview:-1"},"canonical":"http:\/\/ticaret.edu.tr\/uluslararasi-ticaret\/lisansustu-genel-bilgi\/","og_locale":"tr_TR","og_type":"article","og_title":"Genel Bilgi","og_description":"Uluslararas\u0131 Ticaret Y\u00fcksek Lisans Program\u0131 Uluslararas\u0131 ticaret, ekonomi, finans ve i\u015fletme bilim dallar\u0131ndan beslenmektedir. Program\u0131n temel amac\u0131, \u00f6\u011frencilere uluslararas\u0131 ticaretin temel fonksiyonlar\u0131n\u0131 kapsayan ve uluslararas\u0131 ticaretin belirli alanlar\u0131nda uzmanla\u015fmaya imk\u00e2n sa\u011flayacak etkin ve verimli \u00fcst d\u00fczey bir lisans\u00fcst\u00fc e\u011fitim vermektir. Uluslararas\u0131 Ticaret Y\u00fcksek Lisans program\u0131 temel olarak \u00f6\u011frencileri i\u015f hayat\u0131na haz\u0131rlamaya y\u00f6neliktir. Bu program, \u00f6\u011frencilerin [&hellip;]","og_url":"http:\/\/ticaret.edu.tr\/uluslararasi-ticaret\/lisansustu-genel-bilgi\/","og_site_name":"Uluslararas\u0131 Ticaret","article_publisher":"https:\/\/www.facebook.com\/ticaretedutr","article_modified_time":"2025-10-17T10:14:14+00:00","og_image":[{"width":1250,"height":833,"url":"http:\/\/ticaret.edu.tr\/uluslararasi-ticaret\/wp-content\/uploads\/sites\/18\/2021\/11\/web_logo-01.jpg","type":"image\/jpeg"}],"twitter_card":"summary_large_image","twitter_site":"@ticaretedutr","twitter_misc":{"Tahmini okuma s\u00fcresi":"3 dakika"},"schema":{"@context":"https:\/\/schema.org","@graph":[{"@type":"WebPage","@id":"http:\/\/ticaret.edu.tr\/uluslararasi-ticaret\/lisansustu-genel-bilgi\/","url":"http:\/\/ticaret.edu.tr\/uluslararasi-ticaret\/lisansustu-genel-bilgi\/","name":"Genel Bilgi - Uluslararas\u0131 Ticaret","isPartOf":{"@id":"https:\/\/ticaret.edu.tr\/uluslararasi-ticaret\/#website"},"datePublished":"2025-01-27T06:49:49+00:00","dateModified":"2025-10-17T10:14:14+00:00","breadcrumb":{"@id":"http:\/\/ticaret.edu.tr\/uluslararasi-ticaret\/lisansustu-genel-bilgi\/#breadcrumb"},"inLanguage":"tr","potentialAction":[{"@type":"ReadAction","target":["http:\/\/ticaret.edu.tr\/uluslararasi-ticaret\/lisansustu-genel-bilgi\/"]}]},{"@type":"BreadcrumbList","@id":"http:\/\/ticaret.edu.tr\/uluslararasi-ticaret\/lisansustu-genel-bilgi\/#breadcrumb","itemListElement":[{"@type":"ListItem","position":1,"name":"Ana sayfa","item":"https:\/\/ticaret.edu.tr\/uluslararasi-ticaret\/"},{"@type":"ListItem","position":2,"name":"Genel Bilgi"}]},{"@type":"WebSite","@id":"https:\/\/ticaret.edu.tr\/uluslararasi-ticaret\/#website","url":"https:\/\/ticaret.edu.tr\/uluslararasi-ticaret\/","name":"Uluslararas\u0131 Ticaret","description":"","potentialAction":[{"@type":"SearchAction","target":{"@type":"EntryPoint","urlTemplate":"https:\/\/ticaret.edu.tr\/uluslararasi-ticaret\/?s={search_term_string}"},"query-input":"required name=search_term_string"}],"inLanguage":"tr"}]}},"lang":"tr","translations":{"en":1597,"tr":1595},"pll_sync_post":[],"_links":{"self":[{"href":"http:\/\/ticaret.edu.tr\/uluslararasi-ticaret\/wp-json\/wp\/v2\/pages\/1595"}],"collection":[{"href":"http:\/\/ticaret.edu.tr\/uluslararasi-ticaret\/wp-json\/wp\/v2\/pages"}],"about":[{"href":"http:\/\/ticaret.edu.tr\/uluslararasi-ticaret\/wp-json\/wp\/v2\/types\/page"}],"author":[{"embeddable":true,"href":"http:\/\/ticaret.edu.tr\/uluslararasi-ticaret\/wp-json\/wp\/v2\/users\/215"}],"replies":[{"embeddable":true,"href":"http:\/\/ticaret.edu.tr\/uluslararasi-ticaret\/wp-json\/wp\/v2\/comments?post=1595"}],"version-history":[{"count":3,"href":"http:\/\/ticaret.edu.tr\/uluslararasi-ticaret\/wp-json\/wp\/v2\/pages\/1595\/revisions"}],"predecessor-version":[{"id":2084,"href":"http:\/\/ticaret.edu.tr\/uluslararasi-ticaret\/wp-json\/wp\/v2\/pages\/1595\/revisions\/2084"}],"wp:attachment":[{"href":"http:\/\/ticaret.edu.tr\/uluslararasi-ticaret\/wp-json\/wp\/v2\/media?parent=1595"}],"curies":[{"name":"wp","href":"https:\/\/api.w.org\/{rel}","templated":true}]}}