{"id":1599,"date":"2025-01-27T09:50:33","date_gmt":"2025-01-27T06:50:33","guid":{"rendered":"https:\/\/ticaret.edu.tr\/uluslararasi-ticaret\/?page_id=1599"},"modified":"2025-10-17T13:19:51","modified_gmt":"2025-10-17T10:19:51","slug":"basvuru-kosullari","status":"publish","type":"page","link":"http:\/\/ticaret.edu.tr\/uluslararasi-ticaret\/basvuru-kosullari\/","title":{"rendered":"Ba\u015fvuru Ko\u015fullar\u0131"},"content":{"rendered":"<h3>Y\u00fcksek Lisans Programlar\u0131 Ba\u015fvuru Ko\u015fullar\u0131<\/h3>\n<ul>\n<li>Y\u00fcksek Lisans Program\u0131 i\u00e7in adaylar ilgili ALES* Puan t\u00fcr\u00fcnden en az 55, \u0130ngilizce Y\u00fcksek Lisans Programlar\u0131 i\u00e7in \u00d6SYM taraf\u0131ndan yap\u0131lan YDS\/Y\u00d6KD\u0130L s\u0131nav\u0131ndan en az 65 puan veya \u00dcniversiteler aras\u0131 Kurulca e\u015fde\u011ferlili\u011fi kabul edilen uluslararas\u0131 yabanc\u0131 dil s\u0131navlar\u0131n\u0131n birinden bu puana e\u015fde\u011fer bir puan alm\u0131\u015f olmak gerekmektedir. Dil belgesine sahip olmayan adaylara \u00fcniversitede yabanc\u0131 dil s\u0131nav\u0131 yap\u0131lmaktad\u0131r.<\/li>\n<li>Program baz\u0131nda farkl\u0131 ko\u015fullar istenebilmektedir. Detaylar i\u00e7in l\u00fctfen ilgili enstit\u00fc ile ileti\u015fime ge\u00e7iniz.<\/li>\n<li>\u0130\u015fletme \u0130ngilizce, \u0130ktisat \u0130ngilizce ve \u0130ngilizce Afrika \u00c7al\u0131\u015fmalar\u0131 programlar\u0131na (Uluslararas\u0131 \u0130li\u015fkiler Y\u00fcksek Lisans Program\u0131 i\u00e7in \u00d6SYM taraf\u0131ndan yap\u0131lan Yabanc\u0131 Dil S\u0131nav\u0131ndan en az 55) \u00f6\u011frenci kabul\u00fcnde \u00d6SYM taraf\u0131ndan yap\u0131lan Yabanc\u0131 Dil S\u0131nav\u0131ndan en az 65 puan ya da \u00d6SYM Y\u00f6netim Kurulu taraf\u0131ndan e\u015fde\u011ferli\u011fi kabul edilen uluslararas\u0131 \u0130ngilizce yabanc\u0131 dil s\u0131nav\u0131ndan e\u015fde\u011fer puan alma \u015fart\u0131 aranmas\u0131na; bu \u015fart\u0131 sa\u011flayamayan adaylar\u0131n \u00dcniversitemiz \u201cYabanc\u0131 Dil Yeterlik (Proficiency) S\u0131nav\u0131\u2019ndan ba\u015far\u0131l\u0131 olma \u015fart\u0131 aranmaktad\u0131r.<\/li>\n<\/ul>\n<h4>E\u011fitim \u2013 \u00d6\u011fretim<\/h4>\n<ul>\n<li>Dersler hafta i\u00e7i 18.30 \u2013 21.30 saatleri aras\u0131 ve gerekti\u011finde hafta sonu yap\u0131lmaktad\u0131r.<\/li>\n<li>\u00dcniversitemizin lisans\u00fcst\u00fc e\u011fitimleri, S\u00fctl\u00fcce ve K\u00fc\u00e7\u00fckyal\u0131 yerle\u015fkelerinde e\u015f zamanl\u0131 olarak s\u00fcrd\u00fcr\u00fclmekte olup, akademik ihtiya\u00e7lar do\u011frultusunda her iki kamp\u00fcste de yeni programlar hayata ge\u00e7irilebilmektedir.<\/li>\n<li>Tezli Y\u00fcksek Lisans Programlar\u0131 8 ders, seminer dersi ve tez \u00e7al\u0131\u015fmas\u0131ndan olu\u015fmaktad\u0131r.<\/li>\n<li>Tezsiz Y\u00fcksek Lisans Programlar\u0131 10 ders ve d\u00f6nem projesinden olu\u015fmaktad\u0131r.<\/li>\n<li>Derslere devam zorunlulu\u011fu %70\u2019tir.<\/li>\n<li>\u00d6\u011frencinin y\u00fcksek lisans tez savunmas\u0131na girebilmesi i\u00e7in ulusal veya uluslararas\u0131 hakemli dergilerde makalesinin yay\u0131nlanmas\u0131 gerekmektedir.<\/li>\n<\/ul>\n<h4>Bilimsel Haz\u0131rl\u0131k Dersleri<\/h4>\n<ul>\n<li>Lisans derecesini ba\u015fvurduklar\u0131 y\u00fcksek lisans program\u0131ndan farkl\u0131 alanlarda alm\u0131\u015f olan adaylara eksikliklerini gidermek amac\u0131yla bilimsel haz\u0131rl\u0131k dersleri verilmektedir.<\/li>\n<li>Bilimsel haz\u0131rl\u0131k dersleri kredisiz derslerdir ve ek \u00fccrete tabidir.<\/li>\n<\/ul>\n<h3>Doktora Programlar\u0131 Ba\u015fvuru Ko\u015fullar\u0131<\/h3>\n<ul>\n<li>Doktora Program\u0131 i\u00e7in Y\u00fcksek Lisans diplomas\u0131 ile ba\u015fvuran adaylar ilgili ALES puan t\u00fcr\u00fcnden en az 55, puan alm\u0131\u015f olmak,<\/li>\n<li>Doktora Program\u0131 i\u00e7in \u00d6SYM taraf\u0131ndan yap\u0131lan YDS\/Y\u00d6KD\u0130L s\u0131nav\u0131ndan en az 55 (\u0130\u015fletme \u0130ngilizce doktora program\u0131 i\u00e7in en az 65) puan ya da \u00dcniversiteler aras\u0131 Kurulca e\u015fde\u011ferlili\u011fi kabul edilen uluslararas\u0131 yabanc\u0131 dil s\u0131navlar\u0131n\u0131n birinden bu puana e\u015fde\u011fer bir puan alm\u0131\u015f olmak.<\/li>\n<li>\u00d6zel Hukuk doktora program\u0131 ile Uluslararas\u0131 Ticaret ve Avrupa Birli\u011fi Hukuku doktora program\u0131na ba\u015fvuran adaylar\u0131n lisans \u00f6\u011frenimlerini \u201cHukuk\u201d alan\u0131nda yapm\u0131\u015f olmalar\u0131 gerekmektedir.<\/li>\n<li>\u0130ngilizce programlar i\u00e7in YDS\/Y\u00d6KD\u0130L 65 puan, Siyaset Bilimi ve Uluslararas\u0131 \u0130li\u015fkiler program\u0131nda YDS\/Y\u00d6KD\u0130L 55 puan gerekmektedir.<\/li>\n<\/ul>\n<h4>E\u011fitim \u2013 \u00d6\u011fretim<\/h4>\n<ul>\n<li>Dersler hafta i\u00e7i 18.30 \u2013 21.30 saatleri aras\u0131 ve gerekti\u011finde hafta sonu yap\u0131lmaktad\u0131r.<\/li>\n<li>Lisans\u00fcst\u00fc derslerimiz hem S\u00fctl\u00fcce hem de K\u00fc\u00e7\u00fckyal\u0131 kamp\u00fcslerinde yap\u0131lmaktad\u0131r. Talebe g\u00f6re her iki yerle\u015fkede de yeni programlar hayata ge\u00e7irilebilmektedir<\/li>\n<li>Doktora Program\u0131\u2019na Y\u00fcksek Lisans derecesi ile kabul edilen \u00f6\u011frenciler 8 ders, seminer, yeterlilik s\u0131nav\u0131 ve doktora tez \u00e7al\u0131\u015fmas\u0131ndan olu\u015fmaktad\u0131r.<\/li>\n<li>Derslere devam zorunlulu\u011fu %70\u2019tir.<\/li>\n<li>\u00d6\u011frencinin doktora tez savunmas\u0131na girebilmesi i\u00e7in ulusal veya uluslararas\u0131 hakemli dergilerde makalesinin yay\u0131nlanmas\u0131 gerekmektedir.<\/li>\n<li>Program baz\u0131nda farkl\u0131 ko\u015fullar istenebilmektedir. Detaylar i\u00e7in l\u00fctfen ilgili enstit\u00fc ile ileti\u015fime ge\u00e7iniz.<\/li>\n<\/ul>\n<h4>Bilimsel Haz\u0131rl\u0131k Dersleri<\/h4>\n<ul>\n<li>Y\u00fcksek lisans derecesini ba\u015fvurduklar\u0131 doktora program\u0131ndan farkl\u0131 alanlarda alm\u0131\u015f olan adaylara eksikliklerini gidermek amac\u0131yla bilimsel haz\u0131rl\u0131k dersleri verilmektedir.<\/li>\n<li>Bilimsel haz\u0131rl\u0131k dersleri kredisiz derslerdir ve ek \u00fccrete tabidir.<\/li>\n<\/ul>\n","protected":false},"excerpt":{"rendered":"<p>Y\u00fcksek Lisans Programlar\u0131 Ba\u015fvuru Ko\u015fullar\u0131 Y\u00fcksek Lisans Program\u0131 i\u00e7in adaylar ilgili ALES* Puan t\u00fcr\u00fcnden en az 55, \u0130ngilizce Y\u00fcksek Lisans Programlar\u0131 i\u00e7in \u00d6SYM taraf\u0131ndan yap\u0131lan YDS\/Y\u00d6KD\u0130L s\u0131nav\u0131ndan en az 65 puan veya \u00dcniversiteler aras\u0131 Kurulca e\u015fde\u011ferlili\u011fi kabul edilen uluslararas\u0131 yabanc\u0131 dil s\u0131navlar\u0131n\u0131n birinden bu puana e\u015fde\u011fer bir puan alm\u0131\u015f olmak gerekmektedir. Dil belgesine sahip olmayan [&hellip;]<\/p>\n","protected":false},"author":215,"featured_media":0,"parent":0,"menu_order":0,"comment_status":"closed","ping_status":"closed","template":"genel_sayfa.php","meta":{"footnotes":""},"yoast_head":"<!-- This site is optimized with the Yoast SEO Premium plugin v22.1 (Yoast SEO v22.1) - https:\/\/yoast.com\/wordpress\/plugins\/seo\/ -->\n<title>Ba\u015fvuru Ko\u015fullar\u0131 - Uluslararas\u0131 Ticaret<\/title>\n<meta name=\"robots\" content=\"index, follow, max-snippet:-1, max-image-preview:large, max-video-preview:-1\" \/>\n<link rel=\"canonical\" href=\"http:\/\/ticaret.edu.tr\/uluslararasi-ticaret\/basvuru-kosullari\/\" \/>\n<meta property=\"og:locale\" content=\"tr_TR\" \/>\n<meta property=\"og:type\" content=\"article\" \/>\n<meta property=\"og:title\" content=\"Ba\u015fvuru Ko\u015fullar\u0131\" \/>\n<meta property=\"og:description\" content=\"Y\u00fcksek Lisans Programlar\u0131 Ba\u015fvuru Ko\u015fullar\u0131 Y\u00fcksek Lisans Program\u0131 i\u00e7in adaylar ilgili ALES* Puan t\u00fcr\u00fcnden en az 55, \u0130ngilizce Y\u00fcksek Lisans Programlar\u0131 i\u00e7in \u00d6SYM taraf\u0131ndan yap\u0131lan YDS\/Y\u00d6KD\u0130L s\u0131nav\u0131ndan en az 65 puan veya \u00dcniversiteler aras\u0131 Kurulca e\u015fde\u011ferlili\u011fi kabul edilen uluslararas\u0131 yabanc\u0131 dil s\u0131navlar\u0131n\u0131n birinden bu puana e\u015fde\u011fer bir puan alm\u0131\u015f olmak gerekmektedir. Dil belgesine sahip olmayan [&hellip;]\" \/>\n<meta property=\"og:url\" content=\"http:\/\/ticaret.edu.tr\/uluslararasi-ticaret\/basvuru-kosullari\/\" \/>\n<meta property=\"og:site_name\" content=\"Uluslararas\u0131 Ticaret\" \/>\n<meta property=\"article:publisher\" content=\"https:\/\/www.facebook.com\/ticaretedutr\" \/>\n<meta property=\"article:modified_time\" content=\"2025-10-17T10:19:51+00:00\" \/>\n<meta property=\"og:image\" content=\"http:\/\/ticaret.edu.tr\/uluslararasi-ticaret\/wp-content\/uploads\/sites\/18\/2021\/11\/web_logo-01.jpg\" \/>\n\t<meta property=\"og:image:width\" content=\"1250\" \/>\n\t<meta property=\"og:image:height\" content=\"833\" \/>\n\t<meta property=\"og:image:type\" content=\"image\/jpeg\" \/>\n<meta name=\"twitter:card\" content=\"summary_large_image\" \/>\n<meta name=\"twitter:site\" content=\"@ticaretedutr\" \/>\n<meta name=\"twitter:label1\" content=\"Tahmini okuma s\u00fcresi\" \/>\n\t<meta name=\"twitter:data1\" content=\"3 dakika\" \/>\n<script type=\"application\/ld+json\" class=\"yoast-schema-graph\">{\"@context\":\"https:\/\/schema.org\",\"@graph\":[{\"@type\":\"WebPage\",\"@id\":\"http:\/\/ticaret.edu.tr\/uluslararasi-ticaret\/basvuru-kosullari\/\",\"url\":\"http:\/\/ticaret.edu.tr\/uluslararasi-ticaret\/basvuru-kosullari\/\",\"name\":\"Ba\u015fvuru Ko\u015fullar\u0131 - Uluslararas\u0131 Ticaret\",\"isPartOf\":{\"@id\":\"https:\/\/ticaret.edu.tr\/uluslararasi-ticaret\/#website\"},\"datePublished\":\"2025-01-27T06:50:33+00:00\",\"dateModified\":\"2025-10-17T10:19:51+00:00\",\"breadcrumb\":{\"@id\":\"http:\/\/ticaret.edu.tr\/uluslararasi-ticaret\/basvuru-kosullari\/#breadcrumb\"},\"inLanguage\":\"tr\",\"potentialAction\":[{\"@type\":\"ReadAction\",\"target\":[\"http:\/\/ticaret.edu.tr\/uluslararasi-ticaret\/basvuru-kosullari\/\"]}]},{\"@type\":\"BreadcrumbList\",\"@id\":\"http:\/\/ticaret.edu.tr\/uluslararasi-ticaret\/basvuru-kosullari\/#breadcrumb\",\"itemListElement\":[{\"@type\":\"ListItem\",\"position\":1,\"name\":\"Ana sayfa\",\"item\":\"https:\/\/ticaret.edu.tr\/uluslararasi-ticaret\/\"},{\"@type\":\"ListItem\",\"position\":2,\"name\":\"Ba\u015fvuru Ko\u015fullar\u0131\"}]},{\"@type\":\"WebSite\",\"@id\":\"https:\/\/ticaret.edu.tr\/uluslararasi-ticaret\/#website\",\"url\":\"https:\/\/ticaret.edu.tr\/uluslararasi-ticaret\/\",\"name\":\"Uluslararas\u0131 Ticaret\",\"description\":\"\",\"potentialAction\":[{\"@type\":\"SearchAction\",\"target\":{\"@type\":\"EntryPoint\",\"urlTemplate\":\"https:\/\/ticaret.edu.tr\/uluslararasi-ticaret\/?s={search_term_string}\"},\"query-input\":\"required name=search_term_string\"}],\"inLanguage\":\"tr\"}]}<\/script>\n<!-- \/ Yoast SEO Premium plugin. -->","yoast_head_json":{"title":"Ba\u015fvuru Ko\u015fullar\u0131 - Uluslararas\u0131 Ticaret","robots":{"index":"index","follow":"follow","max-snippet":"max-snippet:-1","max-image-preview":"max-image-preview:large","max-video-preview":"max-video-preview:-1"},"canonical":"http:\/\/ticaret.edu.tr\/uluslararasi-ticaret\/basvuru-kosullari\/","og_locale":"tr_TR","og_type":"article","og_title":"Ba\u015fvuru Ko\u015fullar\u0131","og_description":"Y\u00fcksek Lisans Programlar\u0131 Ba\u015fvuru Ko\u015fullar\u0131 Y\u00fcksek Lisans Program\u0131 i\u00e7in adaylar ilgili ALES* Puan t\u00fcr\u00fcnden en az 55, \u0130ngilizce Y\u00fcksek Lisans Programlar\u0131 i\u00e7in \u00d6SYM taraf\u0131ndan yap\u0131lan YDS\/Y\u00d6KD\u0130L s\u0131nav\u0131ndan en az 65 puan veya \u00dcniversiteler aras\u0131 Kurulca e\u015fde\u011ferlili\u011fi kabul edilen uluslararas\u0131 yabanc\u0131 dil s\u0131navlar\u0131n\u0131n birinden bu puana e\u015fde\u011fer bir puan alm\u0131\u015f olmak gerekmektedir. Dil belgesine sahip olmayan [&hellip;]","og_url":"http:\/\/ticaret.edu.tr\/uluslararasi-ticaret\/basvuru-kosullari\/","og_site_name":"Uluslararas\u0131 Ticaret","article_publisher":"https:\/\/www.facebook.com\/ticaretedutr","article_modified_time":"2025-10-17T10:19:51+00:00","og_image":[{"width":1250,"height":833,"url":"http:\/\/ticaret.edu.tr\/uluslararasi-ticaret\/wp-content\/uploads\/sites\/18\/2021\/11\/web_logo-01.jpg","type":"image\/jpeg"}],"twitter_card":"summary_large_image","twitter_site":"@ticaretedutr","twitter_misc":{"Tahmini okuma s\u00fcresi":"3 dakika"},"schema":{"@context":"https:\/\/schema.org","@graph":[{"@type":"WebPage","@id":"http:\/\/ticaret.edu.tr\/uluslararasi-ticaret\/basvuru-kosullari\/","url":"http:\/\/ticaret.edu.tr\/uluslararasi-ticaret\/basvuru-kosullari\/","name":"Ba\u015fvuru Ko\u015fullar\u0131 - Uluslararas\u0131 Ticaret","isPartOf":{"@id":"https:\/\/ticaret.edu.tr\/uluslararasi-ticaret\/#website"},"datePublished":"2025-01-27T06:50:33+00:00","dateModified":"2025-10-17T10:19:51+00:00","breadcrumb":{"@id":"http:\/\/ticaret.edu.tr\/uluslararasi-ticaret\/basvuru-kosullari\/#breadcrumb"},"inLanguage":"tr","potentialAction":[{"@type":"ReadAction","target":["http:\/\/ticaret.edu.tr\/uluslararasi-ticaret\/basvuru-kosullari\/"]}]},{"@type":"BreadcrumbList","@id":"http:\/\/ticaret.edu.tr\/uluslararasi-ticaret\/basvuru-kosullari\/#breadcrumb","itemListElement":[{"@type":"ListItem","position":1,"name":"Ana sayfa","item":"https:\/\/ticaret.edu.tr\/uluslararasi-ticaret\/"},{"@type":"ListItem","position":2,"name":"Ba\u015fvuru Ko\u015fullar\u0131"}]},{"@type":"WebSite","@id":"https:\/\/ticaret.edu.tr\/uluslararasi-ticaret\/#website","url":"https:\/\/ticaret.edu.tr\/uluslararasi-ticaret\/","name":"Uluslararas\u0131 Ticaret","description":"","potentialAction":[{"@type":"SearchAction","target":{"@type":"EntryPoint","urlTemplate":"https:\/\/ticaret.edu.tr\/uluslararasi-ticaret\/?s={search_term_string}"},"query-input":"required name=search_term_string"}],"inLanguage":"tr"}]}},"lang":"tr","translations":{"en":1601,"tr":1599},"pll_sync_post":[],"_links":{"self":[{"href":"http:\/\/ticaret.edu.tr\/uluslararasi-ticaret\/wp-json\/wp\/v2\/pages\/1599"}],"collection":[{"href":"http:\/\/ticaret.edu.tr\/uluslararasi-ticaret\/wp-json\/wp\/v2\/pages"}],"about":[{"href":"http:\/\/ticaret.edu.tr\/uluslararasi-ticaret\/wp-json\/wp\/v2\/types\/page"}],"author":[{"embeddable":true,"href":"http:\/\/ticaret.edu.tr\/uluslararasi-ticaret\/wp-json\/wp\/v2\/users\/215"}],"replies":[{"embeddable":true,"href":"http:\/\/ticaret.edu.tr\/uluslararasi-ticaret\/wp-json\/wp\/v2\/comments?post=1599"}],"version-history":[{"count":3,"href":"http:\/\/ticaret.edu.tr\/uluslararasi-ticaret\/wp-json\/wp\/v2\/pages\/1599\/revisions"}],"predecessor-version":[{"id":2087,"href":"http:\/\/ticaret.edu.tr\/uluslararasi-ticaret\/wp-json\/wp\/v2\/pages\/1599\/revisions\/2087"}],"wp:attachment":[{"href":"http:\/\/ticaret.edu.tr\/uluslararasi-ticaret\/wp-json\/wp\/v2\/media?parent=1599"}],"curies":[{"name":"wp","href":"https:\/\/api.w.org\/{rel}","templated":true}]}}