{"id":1603,"date":"2025-01-27T09:51:18","date_gmt":"2025-01-27T06:51:18","guid":{"rendered":"https:\/\/ticaret.edu.tr\/uluslararasi-ticaret\/?page_id=1603"},"modified":"2026-01-08T11:26:05","modified_gmt":"2026-01-08T08:26:05","slug":"lisansustu-ders-icerikleri","status":"publish","type":"page","link":"http:\/\/ticaret.edu.tr\/uluslararasi-ticaret\/lisansustu-ders-icerikleri\/","title":{"rendered":"Ders \u0130\u00e7erikleri"},"content":{"rendered":"<p><a href=\"https:\/\/obs.ticaret.edu.tr\/oibs\/bologna\/index.aspx?lang=tr&amp;curOp=showPac&amp;curUnit=LEE&amp;curSunit=40864\">Uluslararas\u0131 Ticaret (\u0130ngilizce) Tezli Y\u00fcksek Lisans<\/a><br \/>\n<a href=\"https:\/\/obs.ticaret.edu.tr\/oibs\/bologna\/index.aspx?lang=tr&amp;curOp=showPac&amp;curUnit=LEE&amp;curSunit=40868\">Uluslararas\u0131 Ticaret (\u0130ngilizce) Tezsiz Y\u00fcksek Lisans<\/a><br \/>\n<a href=\"https:\/\/obs.ticaret.edu.tr\/oibs\/bologna\/index.aspx?lang=tr&amp;curOp=showPac&amp;curUnit=LEE&amp;curSunit=40863\">Uluslararas\u0131 Ticaret Tezli Y\u00fcksek Lisans<\/a><br \/>\n<a href=\"https:\/\/obs.ticaret.edu.tr\/oibs\/bologna\/index.aspx?lang=tr&amp;curOp=showPac&amp;curUnit=LEE&amp;curSunit=40867\">Uluslararas\u0131 Ticaret Tezsiz Uzaktan \u00d6\u011fretim Y\u00fcksek Lisans<\/a><br \/>\n<a href=\"https:\/\/obs.ticaret.edu.tr\/oibs\/bologna\/index.aspx?lang=tr&amp;curOp=showPac&amp;curUnit=LEE&amp;curSunit=40866\">Uluslararas\u0131 Ticaret Tezsiz Y\u00fcksek Lisans<\/a><br \/>\n<a href=\"https:\/\/obs.ticaret.edu.tr\/oibs\/bologna\/index.aspx?lang=tr&amp;curOp=showPac&amp;curUnit=LEE&amp;curSunit=40718\">Uluslararas\u0131 Ticaret Doktora<\/a><br \/>\n<a href=\"https:\/\/obs.ticaret.edu.tr\/oibs\/bologna\/index.aspx?lang=tr&amp;curOp=showPac&amp;curUnit=LEE&amp;curSunit=40710\">Uluslararas\u0131 Ticaret Doktora (\u0130ngilizce)<\/a><\/p>\n<p>Bilgi Paketi sekmesi alt\u0131nda yer alan &#8220;Dersler&#8221; sekmesine t\u0131klayarak ders i\u00e7eriklerine ula\u015fabilirsiniz.<\/p>\n","protected":false},"excerpt":{"rendered":"<p>Uluslararas\u0131 Ticaret (\u0130ngilizce) Tezli Y\u00fcksek Lisans Uluslararas\u0131 Ticaret (\u0130ngilizce) Tezsiz Y\u00fcksek Lisans Uluslararas\u0131 Ticaret Tezli Y\u00fcksek Lisans Uluslararas\u0131 Ticaret Tezsiz Uzaktan \u00d6\u011fretim Y\u00fcksek Lisans Uluslararas\u0131 Ticaret Tezsiz Y\u00fcksek Lisans Uluslararas\u0131 Ticaret Doktora Uluslararas\u0131 Ticaret Doktora (\u0130ngilizce) Bilgi Paketi sekmesi alt\u0131nda yer alan &#8220;Dersler&#8221; sekmesine t\u0131klayarak ders i\u00e7eriklerine ula\u015fabilirsiniz.<\/p>\n","protected":false},"author":215,"featured_media":0,"parent":0,"menu_order":0,"comment_status":"closed","ping_status":"closed","template":"genel_sayfa.php","meta":{"footnotes":""},"yoast_head":"<!-- This site is optimized with the Yoast SEO Premium plugin v22.1 (Yoast SEO v22.1) - https:\/\/yoast.com\/wordpress\/plugins\/seo\/ -->\n<title>Ders \u0130\u00e7erikleri - Uluslararas\u0131 Ticaret<\/title>\n<meta name=\"robots\" content=\"index, follow, max-snippet:-1, max-image-preview:large, max-video-preview:-1\" \/>\n<link rel=\"canonical\" href=\"https:\/\/ticaret.edu.tr\/uluslararasi-ticaret\/lisansustu-ders-icerikleri\/\" \/>\n<meta property=\"og:locale\" content=\"tr_TR\" \/>\n<meta property=\"og:type\" content=\"article\" \/>\n<meta property=\"og:title\" content=\"Ders \u0130\u00e7erikleri\" \/>\n<meta property=\"og:description\" content=\"Uluslararas\u0131 Ticaret (\u0130ngilizce) Tezli Y\u00fcksek Lisans Uluslararas\u0131 Ticaret (\u0130ngilizce) Tezsiz Y\u00fcksek Lisans Uluslararas\u0131 Ticaret Tezli Y\u00fcksek Lisans Uluslararas\u0131 Ticaret Tezsiz Uzaktan \u00d6\u011fretim Y\u00fcksek Lisans Uluslararas\u0131 Ticaret Tezsiz Y\u00fcksek Lisans Uluslararas\u0131 Ticaret Doktora Uluslararas\u0131 Ticaret Doktora (\u0130ngilizce) Bilgi Paketi sekmesi alt\u0131nda yer alan &#8220;Dersler&#8221; sekmesine t\u0131klayarak ders i\u00e7eriklerine ula\u015fabilirsiniz.\" \/>\n<meta property=\"og:url\" content=\"https:\/\/ticaret.edu.tr\/uluslararasi-ticaret\/lisansustu-ders-icerikleri\/\" \/>\n<meta property=\"og:site_name\" content=\"Uluslararas\u0131 Ticaret\" \/>\n<meta property=\"article:publisher\" content=\"https:\/\/www.facebook.com\/ticaretedutr\" \/>\n<meta property=\"article:modified_time\" content=\"2026-01-08T08:26:05+00:00\" \/>\n<meta property=\"og:image\" content=\"http:\/\/ticaret.edu.tr\/uluslararasi-ticaret\/wp-content\/uploads\/sites\/18\/2021\/11\/web_logo-01.jpg\" \/>\n\t<meta property=\"og:image:width\" content=\"1250\" \/>\n\t<meta property=\"og:image:height\" content=\"833\" \/>\n\t<meta property=\"og:image:type\" content=\"image\/jpeg\" \/>\n<meta name=\"twitter:card\" content=\"summary_large_image\" \/>\n<meta name=\"twitter:site\" content=\"@ticaretedutr\" \/>\n<meta name=\"twitter:label1\" content=\"Tahmini okuma s\u00fcresi\" \/>\n\t<meta name=\"twitter:data1\" content=\"1 dakika\" \/>\n<script type=\"application\/ld+json\" class=\"yoast-schema-graph\">{\"@context\":\"https:\/\/schema.org\",\"@graph\":[{\"@type\":\"WebPage\",\"@id\":\"https:\/\/ticaret.edu.tr\/uluslararasi-ticaret\/lisansustu-ders-icerikleri\/\",\"url\":\"https:\/\/ticaret.edu.tr\/uluslararasi-ticaret\/lisansustu-ders-icerikleri\/\",\"name\":\"Ders \u0130\u00e7erikleri - Uluslararas\u0131 Ticaret\",\"isPartOf\":{\"@id\":\"https:\/\/ticaret.edu.tr\/uluslararasi-ticaret\/#website\"},\"datePublished\":\"2025-01-27T06:51:18+00:00\",\"dateModified\":\"2026-01-08T08:26:05+00:00\",\"breadcrumb\":{\"@id\":\"https:\/\/ticaret.edu.tr\/uluslararasi-ticaret\/lisansustu-ders-icerikleri\/#breadcrumb\"},\"inLanguage\":\"tr\",\"potentialAction\":[{\"@type\":\"ReadAction\",\"target\":[\"https:\/\/ticaret.edu.tr\/uluslararasi-ticaret\/lisansustu-ders-icerikleri\/\"]}]},{\"@type\":\"BreadcrumbList\",\"@id\":\"https:\/\/ticaret.edu.tr\/uluslararasi-ticaret\/lisansustu-ders-icerikleri\/#breadcrumb\",\"itemListElement\":[{\"@type\":\"ListItem\",\"position\":1,\"name\":\"Ana sayfa\",\"item\":\"https:\/\/ticaret.edu.tr\/uluslararasi-ticaret\/\"},{\"@type\":\"ListItem\",\"position\":2,\"name\":\"Ders \u0130\u00e7erikleri\"}]},{\"@type\":\"WebSite\",\"@id\":\"https:\/\/ticaret.edu.tr\/uluslararasi-ticaret\/#website\",\"url\":\"https:\/\/ticaret.edu.tr\/uluslararasi-ticaret\/\",\"name\":\"Uluslararas\u0131 Ticaret\",\"description\":\"\",\"potentialAction\":[{\"@type\":\"SearchAction\",\"target\":{\"@type\":\"EntryPoint\",\"urlTemplate\":\"https:\/\/ticaret.edu.tr\/uluslararasi-ticaret\/?s={search_term_string}\"},\"query-input\":\"required name=search_term_string\"}],\"inLanguage\":\"tr\"}]}<\/script>\n<!-- \/ Yoast SEO Premium plugin. -->","yoast_head_json":{"title":"Ders \u0130\u00e7erikleri - Uluslararas\u0131 Ticaret","robots":{"index":"index","follow":"follow","max-snippet":"max-snippet:-1","max-image-preview":"max-image-preview:large","max-video-preview":"max-video-preview:-1"},"canonical":"https:\/\/ticaret.edu.tr\/uluslararasi-ticaret\/lisansustu-ders-icerikleri\/","og_locale":"tr_TR","og_type":"article","og_title":"Ders \u0130\u00e7erikleri","og_description":"Uluslararas\u0131 Ticaret (\u0130ngilizce) Tezli Y\u00fcksek Lisans Uluslararas\u0131 Ticaret (\u0130ngilizce) Tezsiz Y\u00fcksek Lisans Uluslararas\u0131 Ticaret Tezli Y\u00fcksek Lisans Uluslararas\u0131 Ticaret Tezsiz Uzaktan \u00d6\u011fretim Y\u00fcksek Lisans Uluslararas\u0131 Ticaret Tezsiz Y\u00fcksek Lisans Uluslararas\u0131 Ticaret Doktora Uluslararas\u0131 Ticaret Doktora (\u0130ngilizce) Bilgi Paketi sekmesi alt\u0131nda yer alan &#8220;Dersler&#8221; sekmesine t\u0131klayarak ders i\u00e7eriklerine ula\u015fabilirsiniz.","og_url":"https:\/\/ticaret.edu.tr\/uluslararasi-ticaret\/lisansustu-ders-icerikleri\/","og_site_name":"Uluslararas\u0131 Ticaret","article_publisher":"https:\/\/www.facebook.com\/ticaretedutr","article_modified_time":"2026-01-08T08:26:05+00:00","og_image":[{"width":1250,"height":833,"url":"http:\/\/ticaret.edu.tr\/uluslararasi-ticaret\/wp-content\/uploads\/sites\/18\/2021\/11\/web_logo-01.jpg","type":"image\/jpeg"}],"twitter_card":"summary_large_image","twitter_site":"@ticaretedutr","twitter_misc":{"Tahmini okuma s\u00fcresi":"1 dakika"},"schema":{"@context":"https:\/\/schema.org","@graph":[{"@type":"WebPage","@id":"https:\/\/ticaret.edu.tr\/uluslararasi-ticaret\/lisansustu-ders-icerikleri\/","url":"https:\/\/ticaret.edu.tr\/uluslararasi-ticaret\/lisansustu-ders-icerikleri\/","name":"Ders \u0130\u00e7erikleri - Uluslararas\u0131 Ticaret","isPartOf":{"@id":"https:\/\/ticaret.edu.tr\/uluslararasi-ticaret\/#website"},"datePublished":"2025-01-27T06:51:18+00:00","dateModified":"2026-01-08T08:26:05+00:00","breadcrumb":{"@id":"https:\/\/ticaret.edu.tr\/uluslararasi-ticaret\/lisansustu-ders-icerikleri\/#breadcrumb"},"inLanguage":"tr","potentialAction":[{"@type":"ReadAction","target":["https:\/\/ticaret.edu.tr\/uluslararasi-ticaret\/lisansustu-ders-icerikleri\/"]}]},{"@type":"BreadcrumbList","@id":"https:\/\/ticaret.edu.tr\/uluslararasi-ticaret\/lisansustu-ders-icerikleri\/#breadcrumb","itemListElement":[{"@type":"ListItem","position":1,"name":"Ana sayfa","item":"https:\/\/ticaret.edu.tr\/uluslararasi-ticaret\/"},{"@type":"ListItem","position":2,"name":"Ders \u0130\u00e7erikleri"}]},{"@type":"WebSite","@id":"https:\/\/ticaret.edu.tr\/uluslararasi-ticaret\/#website","url":"https:\/\/ticaret.edu.tr\/uluslararasi-ticaret\/","name":"Uluslararas\u0131 Ticaret","description":"","potentialAction":[{"@type":"SearchAction","target":{"@type":"EntryPoint","urlTemplate":"https:\/\/ticaret.edu.tr\/uluslararasi-ticaret\/?s={search_term_string}"},"query-input":"required name=search_term_string"}],"inLanguage":"tr"}]}},"lang":"tr","translations":{"en":1605,"tr":1603},"pll_sync_post":[],"_links":{"self":[{"href":"http:\/\/ticaret.edu.tr\/uluslararasi-ticaret\/wp-json\/wp\/v2\/pages\/1603"}],"collection":[{"href":"http:\/\/ticaret.edu.tr\/uluslararasi-ticaret\/wp-json\/wp\/v2\/pages"}],"about":[{"href":"http:\/\/ticaret.edu.tr\/uluslararasi-ticaret\/wp-json\/wp\/v2\/types\/page"}],"author":[{"embeddable":true,"href":"http:\/\/ticaret.edu.tr\/uluslararasi-ticaret\/wp-json\/wp\/v2\/users\/215"}],"replies":[{"embeddable":true,"href":"http:\/\/ticaret.edu.tr\/uluslararasi-ticaret\/wp-json\/wp\/v2\/comments?post=1603"}],"version-history":[{"count":3,"href":"http:\/\/ticaret.edu.tr\/uluslararasi-ticaret\/wp-json\/wp\/v2\/pages\/1603\/revisions"}],"predecessor-version":[{"id":2167,"href":"http:\/\/ticaret.edu.tr\/uluslararasi-ticaret\/wp-json\/wp\/v2\/pages\/1603\/revisions\/2167"}],"wp:attachment":[{"href":"http:\/\/ticaret.edu.tr\/uluslararasi-ticaret\/wp-json\/wp\/v2\/media?parent=1603"}],"curies":[{"name":"wp","href":"https:\/\/api.w.org\/{rel}","templated":true}]}}