{"id":1615,"date":"2025-01-27T09:53:46","date_gmt":"2025-01-27T06:53:46","guid":{"rendered":"https:\/\/ticaret.edu.tr\/uluslararasi-ticaret\/?page_id=1615"},"modified":"2025-10-17T15:19:24","modified_gmt":"2025-10-17T12:19:24","slug":"lisansustu-ogrenci-degisim-programlari-erasmus","status":"publish","type":"page","link":"http:\/\/ticaret.edu.tr\/uluslararasi-ticaret\/lisansustu-ogrenci-degisim-programlari-erasmus\/","title":{"rendered":"\u00d6\u011frenci De\u011fi\u015fim Programlar\u0131 \/ Erasmus"},"content":{"rendered":"<h2><strong>Erasmus+ Program\u0131 Hakk\u0131nda<\/strong><\/h2>\n<ul>\n<li><strong>Erasmus+ Nedir?<\/strong><\/li>\n<\/ul>\n<p>Erasmus+, Avrupa Birli\u011fi taraf\u0131ndan desteklenen ve \u00f6\u011frencilere, akademisyenlere ve idari personele yurtd\u0131\u015f\u0131nda e\u011fitim ve \u00f6\u011fretim f\u0131rsatlar\u0131 sunan bir de\u011fi\u015fim program\u0131d\u0131r.<\/p>\n<ul>\n<li><strong>Erasmus+ ile Neler Kazanabilirsiniz?<\/strong><\/li>\n<\/ul>\n<p>Avrupa\u2019n\u0131n farkl\u0131 \u00fcniversitelerinde bir veya iki d\u00f6nem e\u011fitim alma f\u0131rsat\u0131<\/p>\n<p>Uluslararas\u0131 akademik deneyim ve k\u00fclt\u00fcrel etkile\u015fim<\/p>\n<p>Yabanc\u0131 dil becerilerini geli\u015ftirme<\/p>\n<p>Derslerin kredi olarak tan\u0131nmas\u0131 (ECTS uyumlulu\u011fu)<\/p>\n<p>Erasmus+ hibesi ile mali destek imk\u00e2n\u0131<\/p>\n<ul>\n<li><strong data-start=\"2055\" data-end=\"2107\">G\u00fcncel Erasmus+ Anla\u015fmalar\u0131 (KION Veritaban\u0131)<\/strong><\/li>\n<\/ul>\n<p data-start=\"2111\" data-end=\"2226\">Erasmus+ ile anla\u015fmal\u0131 oldu\u011fumuz \u00fcniversiteleri g\u00f6r\u00fcnt\u00fclemek i\u00e7in:<\/p>\n<p data-start=\"2111\" data-end=\"2226\"><strong data-start=\"2190\" data-end=\"2224\"><a href=\"https:\/\/erasmus.ticaret.edu.tr\/KION.UI.Web.ExchangeProgram\/Public\/AgreementList.aspx?pId=7317\" rel=\"noopener\" data-start=\"2192\" data-end=\"2222\">G\u00fcncel Anla\u015fmalar Listesi<\/a><\/strong><\/p>\n<p data-start=\"2228\" data-end=\"2368\">Bu liste, Uluslararas\u0131 Ticaret b\u00f6l\u00fcm\u00fc \u00f6\u011frencilerinin e\u011fitim alabilece\u011fi partner \u00fcniversiteleri, b\u00f6l\u00fcmleri ve kontenjan bilgilerini i\u00e7ermektedir.<\/p>\n","protected":false},"excerpt":{"rendered":"<p>Erasmus+ Program\u0131 Hakk\u0131nda Erasmus+ Nedir? Erasmus+, Avrupa Birli\u011fi taraf\u0131ndan desteklenen ve \u00f6\u011frencilere, akademisyenlere ve idari personele yurtd\u0131\u015f\u0131nda e\u011fitim ve \u00f6\u011fretim f\u0131rsatlar\u0131 sunan bir de\u011fi\u015fim program\u0131d\u0131r. Erasmus+ ile Neler Kazanabilirsiniz? Avrupa\u2019n\u0131n farkl\u0131 \u00fcniversitelerinde bir veya iki d\u00f6nem e\u011fitim alma f\u0131rsat\u0131 Uluslararas\u0131 akademik deneyim ve k\u00fclt\u00fcrel etkile\u015fim Yabanc\u0131 dil becerilerini geli\u015ftirme Derslerin kredi olarak tan\u0131nmas\u0131 (ECTS uyumlulu\u011fu) [&hellip;]<\/p>\n","protected":false},"author":215,"featured_media":0,"parent":0,"menu_order":0,"comment_status":"closed","ping_status":"closed","template":"genel_sayfa.php","meta":{"footnotes":""},"yoast_head":"<!-- This site is optimized with the Yoast SEO Premium plugin v22.1 (Yoast SEO v22.1) - https:\/\/yoast.com\/wordpress\/plugins\/seo\/ -->\n<title>\u00d6\u011frenci De\u011fi\u015fim Programlar\u0131 \/ Erasmus - Uluslararas\u0131 Ticaret<\/title>\n<meta name=\"robots\" content=\"index, follow, max-snippet:-1, max-image-preview:large, max-video-preview:-1\" \/>\n<link rel=\"canonical\" href=\"http:\/\/ticaret.edu.tr\/uluslararasi-ticaret\/lisansustu-ogrenci-degisim-programlari-erasmus\/\" \/>\n<meta property=\"og:locale\" content=\"tr_TR\" \/>\n<meta property=\"og:type\" content=\"article\" \/>\n<meta property=\"og:title\" content=\"\u00d6\u011frenci De\u011fi\u015fim Programlar\u0131 \/ Erasmus\" \/>\n<meta property=\"og:description\" content=\"Erasmus+ Program\u0131 Hakk\u0131nda Erasmus+ Nedir? Erasmus+, Avrupa Birli\u011fi taraf\u0131ndan desteklenen ve \u00f6\u011frencilere, akademisyenlere ve idari personele yurtd\u0131\u015f\u0131nda e\u011fitim ve \u00f6\u011fretim f\u0131rsatlar\u0131 sunan bir de\u011fi\u015fim program\u0131d\u0131r. Erasmus+ ile Neler Kazanabilirsiniz? Avrupa\u2019n\u0131n farkl\u0131 \u00fcniversitelerinde bir veya iki d\u00f6nem e\u011fitim alma f\u0131rsat\u0131 Uluslararas\u0131 akademik deneyim ve k\u00fclt\u00fcrel etkile\u015fim Yabanc\u0131 dil becerilerini geli\u015ftirme Derslerin kredi olarak tan\u0131nmas\u0131 (ECTS uyumlulu\u011fu) [&hellip;]\" \/>\n<meta property=\"og:url\" content=\"http:\/\/ticaret.edu.tr\/uluslararasi-ticaret\/lisansustu-ogrenci-degisim-programlari-erasmus\/\" \/>\n<meta property=\"og:site_name\" content=\"Uluslararas\u0131 Ticaret\" \/>\n<meta property=\"article:publisher\" content=\"https:\/\/www.facebook.com\/ticaretedutr\" \/>\n<meta property=\"article:modified_time\" content=\"2025-10-17T12:19:24+00:00\" \/>\n<meta property=\"og:image\" content=\"http:\/\/ticaret.edu.tr\/uluslararasi-ticaret\/wp-content\/uploads\/sites\/18\/2021\/11\/web_logo-01.jpg\" \/>\n\t<meta property=\"og:image:width\" content=\"1250\" \/>\n\t<meta property=\"og:image:height\" content=\"833\" \/>\n\t<meta property=\"og:image:type\" content=\"image\/jpeg\" \/>\n<meta name=\"twitter:card\" content=\"summary_large_image\" \/>\n<meta name=\"twitter:site\" content=\"@ticaretedutr\" \/>\n<meta name=\"twitter:label1\" content=\"Tahmini okuma s\u00fcresi\" \/>\n\t<meta name=\"twitter:data1\" content=\"1 dakika\" \/>\n<script type=\"application\/ld+json\" class=\"yoast-schema-graph\">{\"@context\":\"https:\/\/schema.org\",\"@graph\":[{\"@type\":\"WebPage\",\"@id\":\"http:\/\/ticaret.edu.tr\/uluslararasi-ticaret\/lisansustu-ogrenci-degisim-programlari-erasmus\/\",\"url\":\"http:\/\/ticaret.edu.tr\/uluslararasi-ticaret\/lisansustu-ogrenci-degisim-programlari-erasmus\/\",\"name\":\"\u00d6\u011frenci De\u011fi\u015fim Programlar\u0131 \/ Erasmus - Uluslararas\u0131 Ticaret\",\"isPartOf\":{\"@id\":\"https:\/\/ticaret.edu.tr\/uluslararasi-ticaret\/#website\"},\"datePublished\":\"2025-01-27T06:53:46+00:00\",\"dateModified\":\"2025-10-17T12:19:24+00:00\",\"breadcrumb\":{\"@id\":\"http:\/\/ticaret.edu.tr\/uluslararasi-ticaret\/lisansustu-ogrenci-degisim-programlari-erasmus\/#breadcrumb\"},\"inLanguage\":\"tr\",\"potentialAction\":[{\"@type\":\"ReadAction\",\"target\":[\"http:\/\/ticaret.edu.tr\/uluslararasi-ticaret\/lisansustu-ogrenci-degisim-programlari-erasmus\/\"]}]},{\"@type\":\"BreadcrumbList\",\"@id\":\"http:\/\/ticaret.edu.tr\/uluslararasi-ticaret\/lisansustu-ogrenci-degisim-programlari-erasmus\/#breadcrumb\",\"itemListElement\":[{\"@type\":\"ListItem\",\"position\":1,\"name\":\"Ana sayfa\",\"item\":\"https:\/\/ticaret.edu.tr\/uluslararasi-ticaret\/\"},{\"@type\":\"ListItem\",\"position\":2,\"name\":\"\u00d6\u011frenci De\u011fi\u015fim Programlar\u0131 \/ Erasmus\"}]},{\"@type\":\"WebSite\",\"@id\":\"https:\/\/ticaret.edu.tr\/uluslararasi-ticaret\/#website\",\"url\":\"https:\/\/ticaret.edu.tr\/uluslararasi-ticaret\/\",\"name\":\"Uluslararas\u0131 Ticaret\",\"description\":\"\",\"potentialAction\":[{\"@type\":\"SearchAction\",\"target\":{\"@type\":\"EntryPoint\",\"urlTemplate\":\"https:\/\/ticaret.edu.tr\/uluslararasi-ticaret\/?s={search_term_string}\"},\"query-input\":\"required name=search_term_string\"}],\"inLanguage\":\"tr\"}]}<\/script>\n<!-- \/ Yoast SEO Premium plugin. -->","yoast_head_json":{"title":"\u00d6\u011frenci De\u011fi\u015fim Programlar\u0131 \/ Erasmus - Uluslararas\u0131 Ticaret","robots":{"index":"index","follow":"follow","max-snippet":"max-snippet:-1","max-image-preview":"max-image-preview:large","max-video-preview":"max-video-preview:-1"},"canonical":"http:\/\/ticaret.edu.tr\/uluslararasi-ticaret\/lisansustu-ogrenci-degisim-programlari-erasmus\/","og_locale":"tr_TR","og_type":"article","og_title":"\u00d6\u011frenci De\u011fi\u015fim Programlar\u0131 \/ Erasmus","og_description":"Erasmus+ Program\u0131 Hakk\u0131nda Erasmus+ Nedir? Erasmus+, Avrupa Birli\u011fi taraf\u0131ndan desteklenen ve \u00f6\u011frencilere, akademisyenlere ve idari personele yurtd\u0131\u015f\u0131nda e\u011fitim ve \u00f6\u011fretim f\u0131rsatlar\u0131 sunan bir de\u011fi\u015fim program\u0131d\u0131r. Erasmus+ ile Neler Kazanabilirsiniz? Avrupa\u2019n\u0131n farkl\u0131 \u00fcniversitelerinde bir veya iki d\u00f6nem e\u011fitim alma f\u0131rsat\u0131 Uluslararas\u0131 akademik deneyim ve k\u00fclt\u00fcrel etkile\u015fim Yabanc\u0131 dil becerilerini geli\u015ftirme Derslerin kredi olarak tan\u0131nmas\u0131 (ECTS uyumlulu\u011fu) [&hellip;]","og_url":"http:\/\/ticaret.edu.tr\/uluslararasi-ticaret\/lisansustu-ogrenci-degisim-programlari-erasmus\/","og_site_name":"Uluslararas\u0131 Ticaret","article_publisher":"https:\/\/www.facebook.com\/ticaretedutr","article_modified_time":"2025-10-17T12:19:24+00:00","og_image":[{"width":1250,"height":833,"url":"http:\/\/ticaret.edu.tr\/uluslararasi-ticaret\/wp-content\/uploads\/sites\/18\/2021\/11\/web_logo-01.jpg","type":"image\/jpeg"}],"twitter_card":"summary_large_image","twitter_site":"@ticaretedutr","twitter_misc":{"Tahmini okuma s\u00fcresi":"1 dakika"},"schema":{"@context":"https:\/\/schema.org","@graph":[{"@type":"WebPage","@id":"http:\/\/ticaret.edu.tr\/uluslararasi-ticaret\/lisansustu-ogrenci-degisim-programlari-erasmus\/","url":"http:\/\/ticaret.edu.tr\/uluslararasi-ticaret\/lisansustu-ogrenci-degisim-programlari-erasmus\/","name":"\u00d6\u011frenci De\u011fi\u015fim Programlar\u0131 \/ Erasmus - Uluslararas\u0131 Ticaret","isPartOf":{"@id":"https:\/\/ticaret.edu.tr\/uluslararasi-ticaret\/#website"},"datePublished":"2025-01-27T06:53:46+00:00","dateModified":"2025-10-17T12:19:24+00:00","breadcrumb":{"@id":"http:\/\/ticaret.edu.tr\/uluslararasi-ticaret\/lisansustu-ogrenci-degisim-programlari-erasmus\/#breadcrumb"},"inLanguage":"tr","potentialAction":[{"@type":"ReadAction","target":["http:\/\/ticaret.edu.tr\/uluslararasi-ticaret\/lisansustu-ogrenci-degisim-programlari-erasmus\/"]}]},{"@type":"BreadcrumbList","@id":"http:\/\/ticaret.edu.tr\/uluslararasi-ticaret\/lisansustu-ogrenci-degisim-programlari-erasmus\/#breadcrumb","itemListElement":[{"@type":"ListItem","position":1,"name":"Ana sayfa","item":"https:\/\/ticaret.edu.tr\/uluslararasi-ticaret\/"},{"@type":"ListItem","position":2,"name":"\u00d6\u011frenci De\u011fi\u015fim Programlar\u0131 \/ Erasmus"}]},{"@type":"WebSite","@id":"https:\/\/ticaret.edu.tr\/uluslararasi-ticaret\/#website","url":"https:\/\/ticaret.edu.tr\/uluslararasi-ticaret\/","name":"Uluslararas\u0131 Ticaret","description":"","potentialAction":[{"@type":"SearchAction","target":{"@type":"EntryPoint","urlTemplate":"https:\/\/ticaret.edu.tr\/uluslararasi-ticaret\/?s={search_term_string}"},"query-input":"required name=search_term_string"}],"inLanguage":"tr"}]}},"lang":"tr","translations":{"en":1617,"tr":1615},"pll_sync_post":[],"_links":{"self":[{"href":"http:\/\/ticaret.edu.tr\/uluslararasi-ticaret\/wp-json\/wp\/v2\/pages\/1615"}],"collection":[{"href":"http:\/\/ticaret.edu.tr\/uluslararasi-ticaret\/wp-json\/wp\/v2\/pages"}],"about":[{"href":"http:\/\/ticaret.edu.tr\/uluslararasi-ticaret\/wp-json\/wp\/v2\/types\/page"}],"author":[{"embeddable":true,"href":"http:\/\/ticaret.edu.tr\/uluslararasi-ticaret\/wp-json\/wp\/v2\/users\/215"}],"replies":[{"embeddable":true,"href":"http:\/\/ticaret.edu.tr\/uluslararasi-ticaret\/wp-json\/wp\/v2\/comments?post=1615"}],"version-history":[{"count":3,"href":"http:\/\/ticaret.edu.tr\/uluslararasi-ticaret\/wp-json\/wp\/v2\/pages\/1615\/revisions"}],"predecessor-version":[{"id":2112,"href":"http:\/\/ticaret.edu.tr\/uluslararasi-ticaret\/wp-json\/wp\/v2\/pages\/1615\/revisions\/2112"}],"wp:attachment":[{"href":"http:\/\/ticaret.edu.tr\/uluslararasi-ticaret\/wp-json\/wp\/v2\/media?parent=1615"}],"curies":[{"name":"wp","href":"https:\/\/api.w.org\/{rel}","templated":true}]}}