{"id":1623,"date":"2025-01-27T09:55:10","date_gmt":"2025-01-27T06:55:10","guid":{"rendered":"https:\/\/ticaret.edu.tr\/uluslararasi-ticaret\/?page_id=1623"},"modified":"2025-10-17T15:16:33","modified_gmt":"2025-10-17T12:16:33","slug":"ogretim-planlari","status":"publish","type":"page","link":"http:\/\/ticaret.edu.tr\/uluslararasi-ticaret\/ogretim-planlari\/","title":{"rendered":"\u00d6\u011fretim Planlar\u0131"},"content":{"rendered":"<p>L\u0130SANS\u00dcST\u00dc E\u011e\u0130T\u0130M ENST\u0130T\u00dcS\u00dc<br \/>\n<a href=\"https:\/\/ticaret.edu.tr\/lisansustu-egitim-enstitusu\/wp-content\/uploads\/sites\/87\/2025\/10\/2025-2026-Uluslararasi-Ticaret.pdf\">ULUSLARARASI T\u0130CARET Y\u00dcKSEK L\u0130SANS PROGRAMI (TEZL\u0130)<\/a><br \/>\n2025-2026 E\u011e\u0130T\u0130M-\u00d6\u011eRET\u0130M YILI<\/p>\n<p>INSTITUTE OF GRADUATE SCHOOL<br \/>\n<a href=\"https:\/\/ticaret.edu.tr\/lisansustu-egitim-enstitusu\/wp-content\/uploads\/sites\/87\/2025\/10\/2025-2026-Uluslararasi-Ticaret.pdf\">INTERNATIONAL TRADE MASTER PROGRAMME (with THESIS)<\/a><br \/>\n2025-2026 ACADEMIC YEAR<\/p>\n<p><a href=\"https:\/\/ticaret.edu.tr\/dis-ticaret-enstitusu\/wp-content\/uploads\/sites\/35\/2024\/10\/Uluslararasi-Ticaret-Doktora-Dosyasinin-Kopyasi.pdf\">ULUSLARARASI T\u0130CARET DOKTORA PROGRAMI<\/a><br \/>\n2024-2025 E\u011e\u0130T\u0130M-\u00d6\u011eRET\u0130M YILI<\/p>\n<p><a href=\"https:\/\/ticaret.edu.tr\/dis-ticaret-enstitusu\/wp-content\/uploads\/sites\/35\/2024\/10\/Uluslararasi-Ticaret-Doktora-Dosyasinin-Kopyasi.pdf\">INTERNATIONAL TRADE DOCTORATE PROGRAMME<\/a><br \/>\n2024-2025 ACADEMIC YEAR<\/p>\n","protected":false},"excerpt":{"rendered":"<p>L\u0130SANS\u00dcST\u00dc E\u011e\u0130T\u0130M ENST\u0130T\u00dcS\u00dc ULUSLARARASI T\u0130CARET Y\u00dcKSEK L\u0130SANS PROGRAMI (TEZL\u0130) 2025-2026 E\u011e\u0130T\u0130M-\u00d6\u011eRET\u0130M YILI INSTITUTE OF GRADUATE SCHOOL INTERNATIONAL TRADE MASTER PROGRAMME (with THESIS) 2025-2026 ACADEMIC YEAR ULUSLARARASI T\u0130CARET DOKTORA PROGRAMI 2024-2025 E\u011e\u0130T\u0130M-\u00d6\u011eRET\u0130M YILI INTERNATIONAL TRADE DOCTORATE PROGRAMME 2024-2025 ACADEMIC YEAR<\/p>\n","protected":false},"author":215,"featured_media":0,"parent":0,"menu_order":0,"comment_status":"closed","ping_status":"closed","template":"genel_sayfa.php","meta":{"footnotes":""},"yoast_head":"<!-- This site is optimized with the Yoast SEO Premium plugin v22.1 (Yoast SEO v22.1) - https:\/\/yoast.com\/wordpress\/plugins\/seo\/ -->\n<title>\u00d6\u011fretim Planlar\u0131 - Uluslararas\u0131 Ticaret<\/title>\n<meta name=\"robots\" content=\"index, follow, max-snippet:-1, max-image-preview:large, max-video-preview:-1\" \/>\n<link rel=\"canonical\" href=\"http:\/\/ticaret.edu.tr\/uluslararasi-ticaret\/ogretim-planlari\/\" \/>\n<meta property=\"og:locale\" content=\"tr_TR\" \/>\n<meta property=\"og:type\" content=\"article\" \/>\n<meta property=\"og:title\" content=\"\u00d6\u011fretim Planlar\u0131\" \/>\n<meta property=\"og:description\" content=\"L\u0130SANS\u00dcST\u00dc E\u011e\u0130T\u0130M ENST\u0130T\u00dcS\u00dc ULUSLARARASI T\u0130CARET Y\u00dcKSEK L\u0130SANS PROGRAMI (TEZL\u0130) 2025-2026 E\u011e\u0130T\u0130M-\u00d6\u011eRET\u0130M YILI INSTITUTE OF GRADUATE SCHOOL INTERNATIONAL TRADE MASTER PROGRAMME (with THESIS) 2025-2026 ACADEMIC YEAR ULUSLARARASI T\u0130CARET DOKTORA PROGRAMI 2024-2025 E\u011e\u0130T\u0130M-\u00d6\u011eRET\u0130M YILI INTERNATIONAL TRADE DOCTORATE PROGRAMME 2024-2025 ACADEMIC YEAR\" \/>\n<meta property=\"og:url\" content=\"http:\/\/ticaret.edu.tr\/uluslararasi-ticaret\/ogretim-planlari\/\" \/>\n<meta property=\"og:site_name\" content=\"Uluslararas\u0131 Ticaret\" \/>\n<meta property=\"article:publisher\" content=\"https:\/\/www.facebook.com\/ticaretedutr\" \/>\n<meta property=\"article:modified_time\" content=\"2025-10-17T12:16:33+00:00\" \/>\n<meta property=\"og:image\" content=\"http:\/\/ticaret.edu.tr\/uluslararasi-ticaret\/wp-content\/uploads\/sites\/18\/2021\/11\/web_logo-01.jpg\" \/>\n\t<meta property=\"og:image:width\" content=\"1250\" \/>\n\t<meta property=\"og:image:height\" content=\"833\" \/>\n\t<meta property=\"og:image:type\" content=\"image\/jpeg\" \/>\n<meta name=\"twitter:card\" content=\"summary_large_image\" \/>\n<meta name=\"twitter:site\" content=\"@ticaretedutr\" \/>\n<meta name=\"twitter:label1\" content=\"Tahmini okuma s\u00fcresi\" \/>\n\t<meta name=\"twitter:data1\" content=\"1 dakika\" \/>\n<script type=\"application\/ld+json\" class=\"yoast-schema-graph\">{\"@context\":\"https:\/\/schema.org\",\"@graph\":[{\"@type\":\"WebPage\",\"@id\":\"http:\/\/ticaret.edu.tr\/uluslararasi-ticaret\/ogretim-planlari\/\",\"url\":\"http:\/\/ticaret.edu.tr\/uluslararasi-ticaret\/ogretim-planlari\/\",\"name\":\"\u00d6\u011fretim Planlar\u0131 - Uluslararas\u0131 Ticaret\",\"isPartOf\":{\"@id\":\"https:\/\/ticaret.edu.tr\/uluslararasi-ticaret\/#website\"},\"datePublished\":\"2025-01-27T06:55:10+00:00\",\"dateModified\":\"2025-10-17T12:16:33+00:00\",\"breadcrumb\":{\"@id\":\"http:\/\/ticaret.edu.tr\/uluslararasi-ticaret\/ogretim-planlari\/#breadcrumb\"},\"inLanguage\":\"tr\",\"potentialAction\":[{\"@type\":\"ReadAction\",\"target\":[\"http:\/\/ticaret.edu.tr\/uluslararasi-ticaret\/ogretim-planlari\/\"]}]},{\"@type\":\"BreadcrumbList\",\"@id\":\"http:\/\/ticaret.edu.tr\/uluslararasi-ticaret\/ogretim-planlari\/#breadcrumb\",\"itemListElement\":[{\"@type\":\"ListItem\",\"position\":1,\"name\":\"Ana sayfa\",\"item\":\"https:\/\/ticaret.edu.tr\/uluslararasi-ticaret\/\"},{\"@type\":\"ListItem\",\"position\":2,\"name\":\"\u00d6\u011fretim Planlar\u0131\"}]},{\"@type\":\"WebSite\",\"@id\":\"https:\/\/ticaret.edu.tr\/uluslararasi-ticaret\/#website\",\"url\":\"https:\/\/ticaret.edu.tr\/uluslararasi-ticaret\/\",\"name\":\"Uluslararas\u0131 Ticaret\",\"description\":\"\",\"potentialAction\":[{\"@type\":\"SearchAction\",\"target\":{\"@type\":\"EntryPoint\",\"urlTemplate\":\"https:\/\/ticaret.edu.tr\/uluslararasi-ticaret\/?s={search_term_string}\"},\"query-input\":\"required name=search_term_string\"}],\"inLanguage\":\"tr\"}]}<\/script>\n<!-- \/ Yoast SEO Premium plugin. -->","yoast_head_json":{"title":"\u00d6\u011fretim Planlar\u0131 - Uluslararas\u0131 Ticaret","robots":{"index":"index","follow":"follow","max-snippet":"max-snippet:-1","max-image-preview":"max-image-preview:large","max-video-preview":"max-video-preview:-1"},"canonical":"http:\/\/ticaret.edu.tr\/uluslararasi-ticaret\/ogretim-planlari\/","og_locale":"tr_TR","og_type":"article","og_title":"\u00d6\u011fretim Planlar\u0131","og_description":"L\u0130SANS\u00dcST\u00dc E\u011e\u0130T\u0130M ENST\u0130T\u00dcS\u00dc ULUSLARARASI T\u0130CARET Y\u00dcKSEK L\u0130SANS PROGRAMI (TEZL\u0130) 2025-2026 E\u011e\u0130T\u0130M-\u00d6\u011eRET\u0130M YILI INSTITUTE OF GRADUATE SCHOOL INTERNATIONAL TRADE MASTER PROGRAMME (with THESIS) 2025-2026 ACADEMIC YEAR ULUSLARARASI T\u0130CARET DOKTORA PROGRAMI 2024-2025 E\u011e\u0130T\u0130M-\u00d6\u011eRET\u0130M YILI INTERNATIONAL TRADE DOCTORATE PROGRAMME 2024-2025 ACADEMIC YEAR","og_url":"http:\/\/ticaret.edu.tr\/uluslararasi-ticaret\/ogretim-planlari\/","og_site_name":"Uluslararas\u0131 Ticaret","article_publisher":"https:\/\/www.facebook.com\/ticaretedutr","article_modified_time":"2025-10-17T12:16:33+00:00","og_image":[{"width":1250,"height":833,"url":"http:\/\/ticaret.edu.tr\/uluslararasi-ticaret\/wp-content\/uploads\/sites\/18\/2021\/11\/web_logo-01.jpg","type":"image\/jpeg"}],"twitter_card":"summary_large_image","twitter_site":"@ticaretedutr","twitter_misc":{"Tahmini okuma s\u00fcresi":"1 dakika"},"schema":{"@context":"https:\/\/schema.org","@graph":[{"@type":"WebPage","@id":"http:\/\/ticaret.edu.tr\/uluslararasi-ticaret\/ogretim-planlari\/","url":"http:\/\/ticaret.edu.tr\/uluslararasi-ticaret\/ogretim-planlari\/","name":"\u00d6\u011fretim Planlar\u0131 - Uluslararas\u0131 Ticaret","isPartOf":{"@id":"https:\/\/ticaret.edu.tr\/uluslararasi-ticaret\/#website"},"datePublished":"2025-01-27T06:55:10+00:00","dateModified":"2025-10-17T12:16:33+00:00","breadcrumb":{"@id":"http:\/\/ticaret.edu.tr\/uluslararasi-ticaret\/ogretim-planlari\/#breadcrumb"},"inLanguage":"tr","potentialAction":[{"@type":"ReadAction","target":["http:\/\/ticaret.edu.tr\/uluslararasi-ticaret\/ogretim-planlari\/"]}]},{"@type":"BreadcrumbList","@id":"http:\/\/ticaret.edu.tr\/uluslararasi-ticaret\/ogretim-planlari\/#breadcrumb","itemListElement":[{"@type":"ListItem","position":1,"name":"Ana sayfa","item":"https:\/\/ticaret.edu.tr\/uluslararasi-ticaret\/"},{"@type":"ListItem","position":2,"name":"\u00d6\u011fretim Planlar\u0131"}]},{"@type":"WebSite","@id":"https:\/\/ticaret.edu.tr\/uluslararasi-ticaret\/#website","url":"https:\/\/ticaret.edu.tr\/uluslararasi-ticaret\/","name":"Uluslararas\u0131 Ticaret","description":"","potentialAction":[{"@type":"SearchAction","target":{"@type":"EntryPoint","urlTemplate":"https:\/\/ticaret.edu.tr\/uluslararasi-ticaret\/?s={search_term_string}"},"query-input":"required name=search_term_string"}],"inLanguage":"tr"}]}},"lang":"tr","translations":{"en":1625,"tr":1623},"pll_sync_post":[],"_links":{"self":[{"href":"http:\/\/ticaret.edu.tr\/uluslararasi-ticaret\/wp-json\/wp\/v2\/pages\/1623"}],"collection":[{"href":"http:\/\/ticaret.edu.tr\/uluslararasi-ticaret\/wp-json\/wp\/v2\/pages"}],"about":[{"href":"http:\/\/ticaret.edu.tr\/uluslararasi-ticaret\/wp-json\/wp\/v2\/types\/page"}],"author":[{"embeddable":true,"href":"http:\/\/ticaret.edu.tr\/uluslararasi-ticaret\/wp-json\/wp\/v2\/users\/215"}],"replies":[{"embeddable":true,"href":"http:\/\/ticaret.edu.tr\/uluslararasi-ticaret\/wp-json\/wp\/v2\/comments?post=1623"}],"version-history":[{"count":5,"href":"http:\/\/ticaret.edu.tr\/uluslararasi-ticaret\/wp-json\/wp\/v2\/pages\/1623\/revisions"}],"predecessor-version":[{"id":2110,"href":"http:\/\/ticaret.edu.tr\/uluslararasi-ticaret\/wp-json\/wp\/v2\/pages\/1623\/revisions\/2110"}],"wp:attachment":[{"href":"http:\/\/ticaret.edu.tr\/uluslararasi-ticaret\/wp-json\/wp\/v2\/media?parent=1623"}],"curies":[{"name":"wp","href":"https:\/\/api.w.org\/{rel}","templated":true}]}}