{"id":1656,"date":"2025-01-27T10:08:48","date_gmt":"2025-01-27T07:08:48","guid":{"rendered":"https:\/\/ticaret.edu.tr\/uluslararasi-ticaret\/?page_id=1656"},"modified":"2026-01-13T15:23:38","modified_gmt":"2026-01-13T12:23:38","slug":"research-areas","status":"publish","type":"page","link":"http:\/\/ticaret.edu.tr\/uluslararasi-ticaret\/en\/research-areas\/","title":{"rendered":"Research Areas"},"content":{"rendered":"<p><strong>Click on the names to see the research areas of our department staff.<\/strong><\/p>\n<p><a href=\"https:\/\/avesis.ticaret.edu.tr\/ckoksal\/arastirma\">Assoc. Prof. Cihat K\u00d6KSAL<\/a><\/p>\n<p><a href=\"https:\/\/avesis.ticaret.edu.tr\/oersin\/arastirma\">Prof. Dr. \u00d6zg\u00fcr \u00d6mer ERS\u0130N<\/a><\/p>\n<p><a href=\"https:\/\/avesis.ticaret.edu.tr\/anttekeoglu\/arastirma\">Assoc. Prof. A\u015fk\u0131m Nurdan T\u00dcMBEK TEKEO\u011eLU<\/a><\/p>\n<p><a href=\"https:\/\/avesis.ticaret.edu.tr\/dmakdemir\/arastirma\">Res. Asst. Do\u011fan Mert AKDEM\u0130R<\/a><\/p>\n","protected":false},"excerpt":{"rendered":"<p>Click on the names to see the research areas of our department staff. Assoc. Prof. Cihat K\u00d6KSAL Prof. Dr. \u00d6zg\u00fcr \u00d6mer ERS\u0130N Assoc. Prof. A\u015fk\u0131m Nurdan T\u00dcMBEK TEKEO\u011eLU Res. Asst. Do\u011fan Mert AKDEM\u0130R<\/p>\n","protected":false},"author":215,"featured_media":0,"parent":0,"menu_order":0,"comment_status":"closed","ping_status":"closed","template":"genel_sayfa.php","meta":{"footnotes":""},"yoast_head":"<!-- This site is optimized with the Yoast SEO Premium plugin v22.1 (Yoast SEO v22.1) - https:\/\/yoast.com\/wordpress\/plugins\/seo\/ -->\n<title>Research Areas - Uluslararas\u0131 Ticaret<\/title>\n<meta name=\"robots\" content=\"index, follow, max-snippet:-1, max-image-preview:large, max-video-preview:-1\" \/>\n<link rel=\"canonical\" href=\"http:\/\/ticaret.edu.tr\/uluslararasi-ticaret\/en\/research-areas\/\" \/>\n<meta property=\"og:locale\" content=\"tr_TR\" \/>\n<meta property=\"og:type\" content=\"article\" \/>\n<meta property=\"og:title\" content=\"Research Areas\" \/>\n<meta property=\"og:description\" content=\"Click on the names to see the research areas of our department staff. Assoc. Prof. Cihat K\u00d6KSAL Prof. Dr. \u00d6zg\u00fcr \u00d6mer ERS\u0130N Assoc. Prof. A\u015fk\u0131m Nurdan T\u00dcMBEK TEKEO\u011eLU Res. Asst. Do\u011fan Mert AKDEM\u0130R\" \/>\n<meta property=\"og:url\" content=\"http:\/\/ticaret.edu.tr\/uluslararasi-ticaret\/en\/research-areas\/\" \/>\n<meta property=\"og:site_name\" content=\"Uluslararas\u0131 Ticaret\" \/>\n<meta property=\"article:publisher\" content=\"https:\/\/www.facebook.com\/ticaretedutr\" \/>\n<meta property=\"article:modified_time\" content=\"2026-01-13T12:23:38+00:00\" \/>\n<meta property=\"og:image\" content=\"http:\/\/ticaret.edu.tr\/uluslararasi-ticaret\/wp-content\/uploads\/sites\/18\/2021\/11\/web_logo-01.jpg\" \/>\n\t<meta property=\"og:image:width\" content=\"1250\" \/>\n\t<meta property=\"og:image:height\" content=\"833\" \/>\n\t<meta property=\"og:image:type\" content=\"image\/jpeg\" \/>\n<meta name=\"twitter:card\" content=\"summary_large_image\" \/>\n<meta name=\"twitter:site\" content=\"@ticaretedutr\" \/>\n<meta name=\"twitter:label1\" content=\"Tahmini okuma s\u00fcresi\" \/>\n\t<meta name=\"twitter:data1\" content=\"1 dakika\" \/>\n<script type=\"application\/ld+json\" class=\"yoast-schema-graph\">{\"@context\":\"https:\/\/schema.org\",\"@graph\":[{\"@type\":\"WebPage\",\"@id\":\"http:\/\/ticaret.edu.tr\/uluslararasi-ticaret\/en\/research-areas\/\",\"url\":\"http:\/\/ticaret.edu.tr\/uluslararasi-ticaret\/en\/research-areas\/\",\"name\":\"Research Areas - Uluslararas\u0131 Ticaret\",\"isPartOf\":{\"@id\":\"https:\/\/ticaret.edu.tr\/uluslararasi-ticaret\/#website\"},\"datePublished\":\"2025-01-27T07:08:48+00:00\",\"dateModified\":\"2026-01-13T12:23:38+00:00\",\"breadcrumb\":{\"@id\":\"http:\/\/ticaret.edu.tr\/uluslararasi-ticaret\/en\/research-areas\/#breadcrumb\"},\"inLanguage\":\"tr\",\"potentialAction\":[{\"@type\":\"ReadAction\",\"target\":[\"http:\/\/ticaret.edu.tr\/uluslararasi-ticaret\/en\/research-areas\/\"]}]},{\"@type\":\"BreadcrumbList\",\"@id\":\"http:\/\/ticaret.edu.tr\/uluslararasi-ticaret\/en\/research-areas\/#breadcrumb\",\"itemListElement\":[{\"@type\":\"ListItem\",\"position\":1,\"name\":\"Ana sayfa\",\"item\":\"https:\/\/ticaret.edu.tr\/uluslararasi-ticaret\/\"},{\"@type\":\"ListItem\",\"position\":2,\"name\":\"Research Areas\"}]},{\"@type\":\"WebSite\",\"@id\":\"https:\/\/ticaret.edu.tr\/uluslararasi-ticaret\/#website\",\"url\":\"https:\/\/ticaret.edu.tr\/uluslararasi-ticaret\/\",\"name\":\"Uluslararas\u0131 Ticaret\",\"description\":\"\",\"potentialAction\":[{\"@type\":\"SearchAction\",\"target\":{\"@type\":\"EntryPoint\",\"urlTemplate\":\"https:\/\/ticaret.edu.tr\/uluslararasi-ticaret\/?s={search_term_string}\"},\"query-input\":\"required name=search_term_string\"}],\"inLanguage\":\"tr\"}]}<\/script>\n<!-- \/ Yoast SEO Premium plugin. -->","yoast_head_json":{"title":"Research Areas - Uluslararas\u0131 Ticaret","robots":{"index":"index","follow":"follow","max-snippet":"max-snippet:-1","max-image-preview":"max-image-preview:large","max-video-preview":"max-video-preview:-1"},"canonical":"http:\/\/ticaret.edu.tr\/uluslararasi-ticaret\/en\/research-areas\/","og_locale":"tr_TR","og_type":"article","og_title":"Research Areas","og_description":"Click on the names to see the research areas of our department staff. Assoc. Prof. Cihat K\u00d6KSAL Prof. Dr. \u00d6zg\u00fcr \u00d6mer ERS\u0130N Assoc. Prof. A\u015fk\u0131m Nurdan T\u00dcMBEK TEKEO\u011eLU Res. Asst. Do\u011fan Mert AKDEM\u0130R","og_url":"http:\/\/ticaret.edu.tr\/uluslararasi-ticaret\/en\/research-areas\/","og_site_name":"Uluslararas\u0131 Ticaret","article_publisher":"https:\/\/www.facebook.com\/ticaretedutr","article_modified_time":"2026-01-13T12:23:38+00:00","og_image":[{"width":1250,"height":833,"url":"http:\/\/ticaret.edu.tr\/uluslararasi-ticaret\/wp-content\/uploads\/sites\/18\/2021\/11\/web_logo-01.jpg","type":"image\/jpeg"}],"twitter_card":"summary_large_image","twitter_site":"@ticaretedutr","twitter_misc":{"Tahmini okuma s\u00fcresi":"1 dakika"},"schema":{"@context":"https:\/\/schema.org","@graph":[{"@type":"WebPage","@id":"http:\/\/ticaret.edu.tr\/uluslararasi-ticaret\/en\/research-areas\/","url":"http:\/\/ticaret.edu.tr\/uluslararasi-ticaret\/en\/research-areas\/","name":"Research Areas - Uluslararas\u0131 Ticaret","isPartOf":{"@id":"https:\/\/ticaret.edu.tr\/uluslararasi-ticaret\/#website"},"datePublished":"2025-01-27T07:08:48+00:00","dateModified":"2026-01-13T12:23:38+00:00","breadcrumb":{"@id":"http:\/\/ticaret.edu.tr\/uluslararasi-ticaret\/en\/research-areas\/#breadcrumb"},"inLanguage":"tr","potentialAction":[{"@type":"ReadAction","target":["http:\/\/ticaret.edu.tr\/uluslararasi-ticaret\/en\/research-areas\/"]}]},{"@type":"BreadcrumbList","@id":"http:\/\/ticaret.edu.tr\/uluslararasi-ticaret\/en\/research-areas\/#breadcrumb","itemListElement":[{"@type":"ListItem","position":1,"name":"Ana sayfa","item":"https:\/\/ticaret.edu.tr\/uluslararasi-ticaret\/"},{"@type":"ListItem","position":2,"name":"Research Areas"}]},{"@type":"WebSite","@id":"https:\/\/ticaret.edu.tr\/uluslararasi-ticaret\/#website","url":"https:\/\/ticaret.edu.tr\/uluslararasi-ticaret\/","name":"Uluslararas\u0131 Ticaret","description":"","potentialAction":[{"@type":"SearchAction","target":{"@type":"EntryPoint","urlTemplate":"https:\/\/ticaret.edu.tr\/uluslararasi-ticaret\/?s={search_term_string}"},"query-input":"required name=search_term_string"}],"inLanguage":"tr"}]}},"lang":"en","translations":{"en":1656,"tr":1653},"pll_sync_post":[],"_links":{"self":[{"href":"http:\/\/ticaret.edu.tr\/uluslararasi-ticaret\/wp-json\/wp\/v2\/pages\/1656"}],"collection":[{"href":"http:\/\/ticaret.edu.tr\/uluslararasi-ticaret\/wp-json\/wp\/v2\/pages"}],"about":[{"href":"http:\/\/ticaret.edu.tr\/uluslararasi-ticaret\/wp-json\/wp\/v2\/types\/page"}],"author":[{"embeddable":true,"href":"http:\/\/ticaret.edu.tr\/uluslararasi-ticaret\/wp-json\/wp\/v2\/users\/215"}],"replies":[{"embeddable":true,"href":"http:\/\/ticaret.edu.tr\/uluslararasi-ticaret\/wp-json\/wp\/v2\/comments?post=1656"}],"version-history":[{"count":3,"href":"http:\/\/ticaret.edu.tr\/uluslararasi-ticaret\/wp-json\/wp\/v2\/pages\/1656\/revisions"}],"predecessor-version":[{"id":2176,"href":"http:\/\/ticaret.edu.tr\/uluslararasi-ticaret\/wp-json\/wp\/v2\/pages\/1656\/revisions\/2176"}],"wp:attachment":[{"href":"http:\/\/ticaret.edu.tr\/uluslararasi-ticaret\/wp-json\/wp\/v2\/media?parent=1656"}],"curies":[{"name":"wp","href":"https:\/\/api.w.org\/{rel}","templated":true}]}}