{"id":1658,"date":"2025-01-27T10:09:11","date_gmt":"2025-01-27T07:09:11","guid":{"rendered":"https:\/\/ticaret.edu.tr\/uluslararasi-ticaret\/?page_id=1658"},"modified":"2025-03-10T14:00:42","modified_gmt":"2025-03-10T11:00:42","slug":"yayinlar","status":"publish","type":"page","link":"http:\/\/ticaret.edu.tr\/uluslararasi-ticaret\/yayinlar\/","title":{"rendered":"Yay\u0131nlar"},"content":{"rendered":"<p><strong>B\u00f6l\u00fcm kadromuza ait bilimsel etkinliklere isimlerine t\u0131klayarak ula\u015fabilirsiniz:<\/strong><\/p>\n<p><a href=\"https:\/\/avesis.ticaret.edu.tr\/ckoksal\/yayinlar\">Do\u00e7. Dr. Cihat K\u00d6KSAL<\/a><\/p>\n<p><a href=\"https:\/\/avesis.ticaret.edu.tr\/oersin\/yayinlar\">Prof. Dr. \u00d6zg\u00fcr \u00d6mer ERS\u0130N<\/a><\/p>\n<p><a href=\"https:\/\/avesis.ticaret.edu.tr\/anttekeoglu\/yayinlar\">Do\u00e7. Dr. A\u015fk\u0131m Nurdan T\u00dcMBEK TEKEO\u011eLU<\/a><\/p>\n<p><a href=\"https:\/\/avesis.ticaret.edu.tr\/haydin\/yayinlar\">Dr. \u00d6\u011fr. \u00dcyesi Hami AYDIN<\/a><\/p>\n<p><a href=\"https:\/\/avesis.ticaret.edu.tr\/dmakdemir\/yayinlar\">Ar\u015f. G\u00f6r. Do\u011fan Mert AKDEM\u0130R<\/a><\/p>\n","protected":false},"excerpt":{"rendered":"<p>B\u00f6l\u00fcm kadromuza ait bilimsel etkinliklere isimlerine t\u0131klayarak ula\u015fabilirsiniz: Do\u00e7. Dr. Cihat K\u00d6KSAL Prof. Dr. \u00d6zg\u00fcr \u00d6mer ERS\u0130N Do\u00e7. Dr. A\u015fk\u0131m Nurdan T\u00dcMBEK TEKEO\u011eLU Dr. \u00d6\u011fr. \u00dcyesi Hami AYDIN Ar\u015f. G\u00f6r. Do\u011fan Mert AKDEM\u0130R<\/p>\n","protected":false},"author":215,"featured_media":0,"parent":0,"menu_order":0,"comment_status":"closed","ping_status":"closed","template":"genel_sayfa.php","meta":{"footnotes":""},"yoast_head":"<!-- This site is optimized with the Yoast SEO Premium plugin v22.1 (Yoast SEO v22.1) - https:\/\/yoast.com\/wordpress\/plugins\/seo\/ -->\n<title>Yay\u0131nlar - Uluslararas\u0131 Ticaret<\/title>\n<meta name=\"robots\" content=\"index, follow, max-snippet:-1, max-image-preview:large, max-video-preview:-1\" \/>\n<link rel=\"canonical\" href=\"http:\/\/ticaret.edu.tr\/uluslararasi-ticaret\/yayinlar\/\" \/>\n<meta property=\"og:locale\" content=\"tr_TR\" \/>\n<meta property=\"og:type\" content=\"article\" \/>\n<meta property=\"og:title\" content=\"Yay\u0131nlar\" \/>\n<meta property=\"og:description\" content=\"B\u00f6l\u00fcm kadromuza ait bilimsel etkinliklere isimlerine t\u0131klayarak ula\u015fabilirsiniz: Do\u00e7. Dr. Cihat K\u00d6KSAL Prof. Dr. \u00d6zg\u00fcr \u00d6mer ERS\u0130N Do\u00e7. Dr. A\u015fk\u0131m Nurdan T\u00dcMBEK TEKEO\u011eLU Dr. \u00d6\u011fr. \u00dcyesi Hami AYDIN Ar\u015f. G\u00f6r. Do\u011fan Mert AKDEM\u0130R\" \/>\n<meta property=\"og:url\" content=\"http:\/\/ticaret.edu.tr\/uluslararasi-ticaret\/yayinlar\/\" \/>\n<meta property=\"og:site_name\" content=\"Uluslararas\u0131 Ticaret\" \/>\n<meta property=\"article:publisher\" content=\"https:\/\/www.facebook.com\/ticaretedutr\" \/>\n<meta property=\"article:modified_time\" content=\"2025-03-10T11:00:42+00:00\" \/>\n<meta property=\"og:image\" content=\"http:\/\/ticaret.edu.tr\/uluslararasi-ticaret\/wp-content\/uploads\/sites\/18\/2021\/11\/web_logo-01.jpg\" \/>\n\t<meta property=\"og:image:width\" content=\"1250\" \/>\n\t<meta property=\"og:image:height\" content=\"833\" \/>\n\t<meta property=\"og:image:type\" content=\"image\/jpeg\" \/>\n<meta name=\"twitter:card\" content=\"summary_large_image\" \/>\n<meta name=\"twitter:site\" content=\"@ticaretedutr\" \/>\n<script type=\"application\/ld+json\" class=\"yoast-schema-graph\">{\"@context\":\"https:\/\/schema.org\",\"@graph\":[{\"@type\":\"WebPage\",\"@id\":\"http:\/\/ticaret.edu.tr\/uluslararasi-ticaret\/yayinlar\/\",\"url\":\"http:\/\/ticaret.edu.tr\/uluslararasi-ticaret\/yayinlar\/\",\"name\":\"Yay\u0131nlar - Uluslararas\u0131 Ticaret\",\"isPartOf\":{\"@id\":\"https:\/\/ticaret.edu.tr\/uluslararasi-ticaret\/#website\"},\"datePublished\":\"2025-01-27T07:09:11+00:00\",\"dateModified\":\"2025-03-10T11:00:42+00:00\",\"breadcrumb\":{\"@id\":\"http:\/\/ticaret.edu.tr\/uluslararasi-ticaret\/yayinlar\/#breadcrumb\"},\"inLanguage\":\"tr\",\"potentialAction\":[{\"@type\":\"ReadAction\",\"target\":[\"http:\/\/ticaret.edu.tr\/uluslararasi-ticaret\/yayinlar\/\"]}]},{\"@type\":\"BreadcrumbList\",\"@id\":\"http:\/\/ticaret.edu.tr\/uluslararasi-ticaret\/yayinlar\/#breadcrumb\",\"itemListElement\":[{\"@type\":\"ListItem\",\"position\":1,\"name\":\"Ana sayfa\",\"item\":\"https:\/\/ticaret.edu.tr\/uluslararasi-ticaret\/\"},{\"@type\":\"ListItem\",\"position\":2,\"name\":\"Yay\u0131nlar\"}]},{\"@type\":\"WebSite\",\"@id\":\"https:\/\/ticaret.edu.tr\/uluslararasi-ticaret\/#website\",\"url\":\"https:\/\/ticaret.edu.tr\/uluslararasi-ticaret\/\",\"name\":\"Uluslararas\u0131 Ticaret\",\"description\":\"\",\"potentialAction\":[{\"@type\":\"SearchAction\",\"target\":{\"@type\":\"EntryPoint\",\"urlTemplate\":\"https:\/\/ticaret.edu.tr\/uluslararasi-ticaret\/?s={search_term_string}\"},\"query-input\":\"required name=search_term_string\"}],\"inLanguage\":\"tr\"}]}<\/script>\n<!-- \/ Yoast SEO Premium plugin. -->","yoast_head_json":{"title":"Yay\u0131nlar - Uluslararas\u0131 Ticaret","robots":{"index":"index","follow":"follow","max-snippet":"max-snippet:-1","max-image-preview":"max-image-preview:large","max-video-preview":"max-video-preview:-1"},"canonical":"http:\/\/ticaret.edu.tr\/uluslararasi-ticaret\/yayinlar\/","og_locale":"tr_TR","og_type":"article","og_title":"Yay\u0131nlar","og_description":"B\u00f6l\u00fcm kadromuza ait bilimsel etkinliklere isimlerine t\u0131klayarak ula\u015fabilirsiniz: Do\u00e7. Dr. Cihat K\u00d6KSAL Prof. Dr. \u00d6zg\u00fcr \u00d6mer ERS\u0130N Do\u00e7. Dr. A\u015fk\u0131m Nurdan T\u00dcMBEK TEKEO\u011eLU Dr. \u00d6\u011fr. \u00dcyesi Hami AYDIN Ar\u015f. G\u00f6r. Do\u011fan Mert AKDEM\u0130R","og_url":"http:\/\/ticaret.edu.tr\/uluslararasi-ticaret\/yayinlar\/","og_site_name":"Uluslararas\u0131 Ticaret","article_publisher":"https:\/\/www.facebook.com\/ticaretedutr","article_modified_time":"2025-03-10T11:00:42+00:00","og_image":[{"width":1250,"height":833,"url":"http:\/\/ticaret.edu.tr\/uluslararasi-ticaret\/wp-content\/uploads\/sites\/18\/2021\/11\/web_logo-01.jpg","type":"image\/jpeg"}],"twitter_card":"summary_large_image","twitter_site":"@ticaretedutr","schema":{"@context":"https:\/\/schema.org","@graph":[{"@type":"WebPage","@id":"http:\/\/ticaret.edu.tr\/uluslararasi-ticaret\/yayinlar\/","url":"http:\/\/ticaret.edu.tr\/uluslararasi-ticaret\/yayinlar\/","name":"Yay\u0131nlar - Uluslararas\u0131 Ticaret","isPartOf":{"@id":"https:\/\/ticaret.edu.tr\/uluslararasi-ticaret\/#website"},"datePublished":"2025-01-27T07:09:11+00:00","dateModified":"2025-03-10T11:00:42+00:00","breadcrumb":{"@id":"http:\/\/ticaret.edu.tr\/uluslararasi-ticaret\/yayinlar\/#breadcrumb"},"inLanguage":"tr","potentialAction":[{"@type":"ReadAction","target":["http:\/\/ticaret.edu.tr\/uluslararasi-ticaret\/yayinlar\/"]}]},{"@type":"BreadcrumbList","@id":"http:\/\/ticaret.edu.tr\/uluslararasi-ticaret\/yayinlar\/#breadcrumb","itemListElement":[{"@type":"ListItem","position":1,"name":"Ana sayfa","item":"https:\/\/ticaret.edu.tr\/uluslararasi-ticaret\/"},{"@type":"ListItem","position":2,"name":"Yay\u0131nlar"}]},{"@type":"WebSite","@id":"https:\/\/ticaret.edu.tr\/uluslararasi-ticaret\/#website","url":"https:\/\/ticaret.edu.tr\/uluslararasi-ticaret\/","name":"Uluslararas\u0131 Ticaret","description":"","potentialAction":[{"@type":"SearchAction","target":{"@type":"EntryPoint","urlTemplate":"https:\/\/ticaret.edu.tr\/uluslararasi-ticaret\/?s={search_term_string}"},"query-input":"required name=search_term_string"}],"inLanguage":"tr"}]}},"lang":"tr","translations":{"en":1660,"tr":1658},"pll_sync_post":[],"_links":{"self":[{"href":"http:\/\/ticaret.edu.tr\/uluslararasi-ticaret\/wp-json\/wp\/v2\/pages\/1658"}],"collection":[{"href":"http:\/\/ticaret.edu.tr\/uluslararasi-ticaret\/wp-json\/wp\/v2\/pages"}],"about":[{"href":"http:\/\/ticaret.edu.tr\/uluslararasi-ticaret\/wp-json\/wp\/v2\/types\/page"}],"author":[{"embeddable":true,"href":"http:\/\/ticaret.edu.tr\/uluslararasi-ticaret\/wp-json\/wp\/v2\/users\/215"}],"replies":[{"embeddable":true,"href":"http:\/\/ticaret.edu.tr\/uluslararasi-ticaret\/wp-json\/wp\/v2\/comments?post=1658"}],"version-history":[{"count":2,"href":"http:\/\/ticaret.edu.tr\/uluslararasi-ticaret\/wp-json\/wp\/v2\/pages\/1658\/revisions"}],"predecessor-version":[{"id":1865,"href":"http:\/\/ticaret.edu.tr\/uluslararasi-ticaret\/wp-json\/wp\/v2\/pages\/1658\/revisions\/1865"}],"wp:attachment":[{"href":"http:\/\/ticaret.edu.tr\/uluslararasi-ticaret\/wp-json\/wp\/v2\/media?parent=1658"}],"curies":[{"name":"wp","href":"https:\/\/api.w.org\/{rel}","templated":true}]}}