{"id":1692,"date":"2025-01-27T10:55:13","date_gmt":"2025-01-27T07:55:13","guid":{"rendered":"https:\/\/ticaret.edu.tr\/uluslararasi-ticaret\/?page_id=1692"},"modified":"2025-12-18T13:29:27","modified_gmt":"2025-12-18T10:29:27","slug":"bolum-danisma-kurulu","status":"publish","type":"page","link":"http:\/\/ticaret.edu.tr\/uluslararasi-ticaret\/bolum-danisma-kurulu\/","title":{"rendered":"B\u00f6l\u00fcm Dan\u0131\u015fma Kurulu"},"content":{"rendered":"<h3 data-start=\"0\" data-end=\"66\">ULUSLARARASI T\u0130CARET (\u0130NG\u0130L\u0130ZCE) B\u00d6L\u00dcM\u00dc DANI\u015eMA KURULU \u00dcYELER\u0130<\/h3>\n<p>&nbsp;<\/p>\n<table>\n<thead>\n<tr>\n<td><strong>\u0130sim Soyisim<\/strong><\/td>\n<td><strong>\u00c7al\u0131\u015ft\u0131\u011f\u0131 Kurum<\/strong><\/td>\n<td><strong>G\u00f6revi<\/strong><\/td>\n<\/tr>\n<\/thead>\n<tbody>\n<tr>\n<td>Do\u00e7. Dr. Cihat K\u00f6ksal<\/td>\n<td>\u0130stanbul Ticaret \u00dcniversitesi<\/td>\n<td>B\u00f6l\u00fcm Ba\u015fkan\u0131<\/td>\n<\/tr>\n<tr>\n<td>Do\u00e7. Dr. A\u015fk\u0131m Nurdan T\u00fcmbek Tekeo\u011flu<\/td>\n<td>\u0130stanbul Ticaret \u00dcniversitesi<\/td>\n<td>B\u00f6l\u00fcm \u00d6\u011fretim \u00dcyesi<\/td>\n<\/tr>\n<tr>\n<td>Ar\u015f. G\u00f6r. Do\u011fan Mert Akdemir<\/td>\n<td>\u0130stanbul Ticaret \u00dcniversitesi<\/td>\n<td>B\u00f6l\u00fcm Kalite El\u00e7isi<\/td>\n<\/tr>\n<tr>\n<td>Merve K\u0131l\u0131n\u00e7<\/td>\n<td>\u0130stanbul Ticaret \u00dcniversitesi<\/td>\n<td>B\u00f6l\u00fcm \u00d6\u011frenci Temsilcisi<\/td>\n<\/tr>\n<tr>\n<td>Prof. Dr. Mehmet Melemen<\/td>\n<td>Marmara \u00dcniversitesi<\/td>\n<td>\u00d6\u011fretim \u00dcyesi<\/td>\n<\/tr>\n<tr>\n<td>Dr. K\u00fcbra Uluta\u015f<\/td>\n<td>T\u00fcrkiye \u0130hracat\u00e7\u0131lar Meclisi<\/td>\n<td>Genel Sekreter Yard\u0131mc\u0131s\u0131<\/td>\n<\/tr>\n<tr>\n<td>Dr. Rauf Candan O\u011fuzkan \u015eat\u0131ro\u011flu<\/td>\n<td>Ko\u00e7 Holding &#8211; D\u00fczey Pazarlama A.\u015e.<\/td>\n<td>Genel M\u00fcd\u00fcr<\/td>\n<\/tr>\n<\/tbody>\n<\/table>\n<p><a href=\"http:\/\/ticaret.edu.tr\/uluslararasi-ticaret\/wp-content\/uploads\/sites\/18\/2025\/12\/30.04.2025-Tarihli-Danisma-Kurulu-Karari-1.pdf\">30.04.2025 Tarihli Dan\u0131\u015fma Kurulu Karar\u0131<\/a><\/p>\n<p>&nbsp;<\/p>\n","protected":false},"excerpt":{"rendered":"<p>ULUSLARARASI T\u0130CARET (\u0130NG\u0130L\u0130ZCE) B\u00d6L\u00dcM\u00dc DANI\u015eMA KURULU \u00dcYELER\u0130 &nbsp; \u0130sim Soyisim \u00c7al\u0131\u015ft\u0131\u011f\u0131 Kurum G\u00f6revi Do\u00e7. Dr. Cihat K\u00f6ksal \u0130stanbul Ticaret \u00dcniversitesi B\u00f6l\u00fcm Ba\u015fkan\u0131 Do\u00e7. Dr. A\u015fk\u0131m Nurdan T\u00fcmbek Tekeo\u011flu \u0130stanbul Ticaret \u00dcniversitesi B\u00f6l\u00fcm \u00d6\u011fretim \u00dcyesi Ar\u015f. G\u00f6r. Do\u011fan Mert Akdemir \u0130stanbul Ticaret \u00dcniversitesi B\u00f6l\u00fcm Kalite El\u00e7isi Merve K\u0131l\u0131n\u00e7 \u0130stanbul Ticaret \u00dcniversitesi B\u00f6l\u00fcm \u00d6\u011frenci Temsilcisi Prof. Dr. [&hellip;]<\/p>\n","protected":false},"author":215,"featured_media":0,"parent":0,"menu_order":0,"comment_status":"closed","ping_status":"closed","template":"genel_sayfa.php","meta":{"footnotes":""},"yoast_head":"<!-- This site is optimized with the Yoast SEO Premium plugin v22.1 (Yoast SEO v22.1) - https:\/\/yoast.com\/wordpress\/plugins\/seo\/ -->\n<title>B\u00f6l\u00fcm Dan\u0131\u015fma Kurulu - Uluslararas\u0131 Ticaret<\/title>\n<meta name=\"robots\" content=\"index, follow, max-snippet:-1, max-image-preview:large, max-video-preview:-1\" \/>\n<link rel=\"canonical\" href=\"http:\/\/ticaret.edu.tr\/uluslararasi-ticaret\/bolum-danisma-kurulu\/\" \/>\n<meta property=\"og:locale\" content=\"tr_TR\" \/>\n<meta property=\"og:type\" content=\"article\" \/>\n<meta property=\"og:title\" content=\"B\u00f6l\u00fcm Dan\u0131\u015fma Kurulu\" \/>\n<meta property=\"og:description\" content=\"ULUSLARARASI T\u0130CARET (\u0130NG\u0130L\u0130ZCE) B\u00d6L\u00dcM\u00dc DANI\u015eMA KURULU \u00dcYELER\u0130 &nbsp; \u0130sim Soyisim \u00c7al\u0131\u015ft\u0131\u011f\u0131 Kurum G\u00f6revi Do\u00e7. Dr. Cihat K\u00f6ksal \u0130stanbul Ticaret \u00dcniversitesi B\u00f6l\u00fcm Ba\u015fkan\u0131 Do\u00e7. Dr. A\u015fk\u0131m Nurdan T\u00fcmbek Tekeo\u011flu \u0130stanbul Ticaret \u00dcniversitesi B\u00f6l\u00fcm \u00d6\u011fretim \u00dcyesi Ar\u015f. G\u00f6r. Do\u011fan Mert Akdemir \u0130stanbul Ticaret \u00dcniversitesi B\u00f6l\u00fcm Kalite El\u00e7isi Merve K\u0131l\u0131n\u00e7 \u0130stanbul Ticaret \u00dcniversitesi B\u00f6l\u00fcm \u00d6\u011frenci Temsilcisi Prof. Dr. [&hellip;]\" \/>\n<meta property=\"og:url\" content=\"http:\/\/ticaret.edu.tr\/uluslararasi-ticaret\/bolum-danisma-kurulu\/\" \/>\n<meta property=\"og:site_name\" content=\"Uluslararas\u0131 Ticaret\" \/>\n<meta property=\"article:publisher\" content=\"https:\/\/www.facebook.com\/ticaretedutr\" \/>\n<meta property=\"article:modified_time\" content=\"2025-12-18T10:29:27+00:00\" \/>\n<meta property=\"og:image\" content=\"http:\/\/ticaret.edu.tr\/uluslararasi-ticaret\/wp-content\/uploads\/sites\/18\/2021\/11\/web_logo-01.jpg\" \/>\n\t<meta property=\"og:image:width\" content=\"1250\" \/>\n\t<meta property=\"og:image:height\" content=\"833\" \/>\n\t<meta property=\"og:image:type\" content=\"image\/jpeg\" \/>\n<meta name=\"twitter:card\" content=\"summary_large_image\" \/>\n<meta name=\"twitter:site\" content=\"@ticaretedutr\" \/>\n<meta name=\"twitter:label1\" content=\"Tahmini okuma s\u00fcresi\" \/>\n\t<meta name=\"twitter:data1\" content=\"1 dakika\" \/>\n<script type=\"application\/ld+json\" class=\"yoast-schema-graph\">{\"@context\":\"https:\/\/schema.org\",\"@graph\":[{\"@type\":\"WebPage\",\"@id\":\"http:\/\/ticaret.edu.tr\/uluslararasi-ticaret\/bolum-danisma-kurulu\/\",\"url\":\"http:\/\/ticaret.edu.tr\/uluslararasi-ticaret\/bolum-danisma-kurulu\/\",\"name\":\"B\u00f6l\u00fcm Dan\u0131\u015fma Kurulu - Uluslararas\u0131 Ticaret\",\"isPartOf\":{\"@id\":\"https:\/\/ticaret.edu.tr\/uluslararasi-ticaret\/#website\"},\"datePublished\":\"2025-01-27T07:55:13+00:00\",\"dateModified\":\"2025-12-18T10:29:27+00:00\",\"breadcrumb\":{\"@id\":\"http:\/\/ticaret.edu.tr\/uluslararasi-ticaret\/bolum-danisma-kurulu\/#breadcrumb\"},\"inLanguage\":\"tr\",\"potentialAction\":[{\"@type\":\"ReadAction\",\"target\":[\"http:\/\/ticaret.edu.tr\/uluslararasi-ticaret\/bolum-danisma-kurulu\/\"]}]},{\"@type\":\"BreadcrumbList\",\"@id\":\"http:\/\/ticaret.edu.tr\/uluslararasi-ticaret\/bolum-danisma-kurulu\/#breadcrumb\",\"itemListElement\":[{\"@type\":\"ListItem\",\"position\":1,\"name\":\"Ana sayfa\",\"item\":\"https:\/\/ticaret.edu.tr\/uluslararasi-ticaret\/\"},{\"@type\":\"ListItem\",\"position\":2,\"name\":\"B\u00f6l\u00fcm Dan\u0131\u015fma Kurulu\"}]},{\"@type\":\"WebSite\",\"@id\":\"https:\/\/ticaret.edu.tr\/uluslararasi-ticaret\/#website\",\"url\":\"https:\/\/ticaret.edu.tr\/uluslararasi-ticaret\/\",\"name\":\"Uluslararas\u0131 Ticaret\",\"description\":\"\",\"potentialAction\":[{\"@type\":\"SearchAction\",\"target\":{\"@type\":\"EntryPoint\",\"urlTemplate\":\"https:\/\/ticaret.edu.tr\/uluslararasi-ticaret\/?s={search_term_string}\"},\"query-input\":\"required name=search_term_string\"}],\"inLanguage\":\"tr\"}]}<\/script>\n<!-- \/ Yoast SEO Premium plugin. -->","yoast_head_json":{"title":"B\u00f6l\u00fcm Dan\u0131\u015fma Kurulu - Uluslararas\u0131 Ticaret","robots":{"index":"index","follow":"follow","max-snippet":"max-snippet:-1","max-image-preview":"max-image-preview:large","max-video-preview":"max-video-preview:-1"},"canonical":"http:\/\/ticaret.edu.tr\/uluslararasi-ticaret\/bolum-danisma-kurulu\/","og_locale":"tr_TR","og_type":"article","og_title":"B\u00f6l\u00fcm Dan\u0131\u015fma Kurulu","og_description":"ULUSLARARASI T\u0130CARET (\u0130NG\u0130L\u0130ZCE) B\u00d6L\u00dcM\u00dc DANI\u015eMA KURULU \u00dcYELER\u0130 &nbsp; \u0130sim Soyisim \u00c7al\u0131\u015ft\u0131\u011f\u0131 Kurum G\u00f6revi Do\u00e7. Dr. Cihat K\u00f6ksal \u0130stanbul Ticaret \u00dcniversitesi B\u00f6l\u00fcm Ba\u015fkan\u0131 Do\u00e7. Dr. A\u015fk\u0131m Nurdan T\u00fcmbek Tekeo\u011flu \u0130stanbul Ticaret \u00dcniversitesi B\u00f6l\u00fcm \u00d6\u011fretim \u00dcyesi Ar\u015f. G\u00f6r. Do\u011fan Mert Akdemir \u0130stanbul Ticaret \u00dcniversitesi B\u00f6l\u00fcm Kalite El\u00e7isi Merve K\u0131l\u0131n\u00e7 \u0130stanbul Ticaret \u00dcniversitesi B\u00f6l\u00fcm \u00d6\u011frenci Temsilcisi Prof. Dr. [&hellip;]","og_url":"http:\/\/ticaret.edu.tr\/uluslararasi-ticaret\/bolum-danisma-kurulu\/","og_site_name":"Uluslararas\u0131 Ticaret","article_publisher":"https:\/\/www.facebook.com\/ticaretedutr","article_modified_time":"2025-12-18T10:29:27+00:00","og_image":[{"width":1250,"height":833,"url":"http:\/\/ticaret.edu.tr\/uluslararasi-ticaret\/wp-content\/uploads\/sites\/18\/2021\/11\/web_logo-01.jpg","type":"image\/jpeg"}],"twitter_card":"summary_large_image","twitter_site":"@ticaretedutr","twitter_misc":{"Tahmini okuma s\u00fcresi":"1 dakika"},"schema":{"@context":"https:\/\/schema.org","@graph":[{"@type":"WebPage","@id":"http:\/\/ticaret.edu.tr\/uluslararasi-ticaret\/bolum-danisma-kurulu\/","url":"http:\/\/ticaret.edu.tr\/uluslararasi-ticaret\/bolum-danisma-kurulu\/","name":"B\u00f6l\u00fcm Dan\u0131\u015fma Kurulu - Uluslararas\u0131 Ticaret","isPartOf":{"@id":"https:\/\/ticaret.edu.tr\/uluslararasi-ticaret\/#website"},"datePublished":"2025-01-27T07:55:13+00:00","dateModified":"2025-12-18T10:29:27+00:00","breadcrumb":{"@id":"http:\/\/ticaret.edu.tr\/uluslararasi-ticaret\/bolum-danisma-kurulu\/#breadcrumb"},"inLanguage":"tr","potentialAction":[{"@type":"ReadAction","target":["http:\/\/ticaret.edu.tr\/uluslararasi-ticaret\/bolum-danisma-kurulu\/"]}]},{"@type":"BreadcrumbList","@id":"http:\/\/ticaret.edu.tr\/uluslararasi-ticaret\/bolum-danisma-kurulu\/#breadcrumb","itemListElement":[{"@type":"ListItem","position":1,"name":"Ana sayfa","item":"https:\/\/ticaret.edu.tr\/uluslararasi-ticaret\/"},{"@type":"ListItem","position":2,"name":"B\u00f6l\u00fcm Dan\u0131\u015fma Kurulu"}]},{"@type":"WebSite","@id":"https:\/\/ticaret.edu.tr\/uluslararasi-ticaret\/#website","url":"https:\/\/ticaret.edu.tr\/uluslararasi-ticaret\/","name":"Uluslararas\u0131 Ticaret","description":"","potentialAction":[{"@type":"SearchAction","target":{"@type":"EntryPoint","urlTemplate":"https:\/\/ticaret.edu.tr\/uluslararasi-ticaret\/?s={search_term_string}"},"query-input":"required name=search_term_string"}],"inLanguage":"tr"}]}},"lang":"tr","translations":{"en":1694,"tr":1692},"pll_sync_post":[],"_links":{"self":[{"href":"http:\/\/ticaret.edu.tr\/uluslararasi-ticaret\/wp-json\/wp\/v2\/pages\/1692"}],"collection":[{"href":"http:\/\/ticaret.edu.tr\/uluslararasi-ticaret\/wp-json\/wp\/v2\/pages"}],"about":[{"href":"http:\/\/ticaret.edu.tr\/uluslararasi-ticaret\/wp-json\/wp\/v2\/types\/page"}],"author":[{"embeddable":true,"href":"http:\/\/ticaret.edu.tr\/uluslararasi-ticaret\/wp-json\/wp\/v2\/users\/215"}],"replies":[{"embeddable":true,"href":"http:\/\/ticaret.edu.tr\/uluslararasi-ticaret\/wp-json\/wp\/v2\/comments?post=1692"}],"version-history":[{"count":6,"href":"http:\/\/ticaret.edu.tr\/uluslararasi-ticaret\/wp-json\/wp\/v2\/pages\/1692\/revisions"}],"predecessor-version":[{"id":2144,"href":"http:\/\/ticaret.edu.tr\/uluslararasi-ticaret\/wp-json\/wp\/v2\/pages\/1692\/revisions\/2144"}],"wp:attachment":[{"href":"http:\/\/ticaret.edu.tr\/uluslararasi-ticaret\/wp-json\/wp\/v2\/media?parent=1692"}],"curies":[{"name":"wp","href":"https:\/\/api.w.org\/{rel}","templated":true}]}}