{"id":1694,"date":"2025-01-27T10:55:33","date_gmt":"2025-01-27T07:55:33","guid":{"rendered":"https:\/\/ticaret.edu.tr\/uluslararasi-ticaret\/?page_id=1694"},"modified":"2025-12-11T11:10:49","modified_gmt":"2025-12-11T08:10:49","slug":"departments-advisory-board","status":"publish","type":"page","link":"http:\/\/ticaret.edu.tr\/uluslararasi-ticaret\/en\/departments-advisory-board\/","title":{"rendered":"Department&#8217;s Advisory Board"},"content":{"rendered":"<h2><strong>ADVISORY BOARD MEMBERS OF THE INTERNATIONAL TRADE (ENGLISH) DEPARTMENT<\/strong><\/h2>\n<p>&nbsp;<\/p>\n<table>\n<thead>\n<tr>\n<td><strong>Name &amp; Surname<\/strong><\/td>\n<td><strong>Institution<\/strong><\/td>\n<td><strong>Position<\/strong><\/td>\n<\/tr>\n<\/thead>\n<tbody>\n<tr>\n<td>Assoc. Prof. Dr. Cihat K\u00f6ksal<\/td>\n<td>Istanbul Ticaret University<\/td>\n<td>Head of Department<\/td>\n<\/tr>\n<tr>\n<td>Assoc. Prof. Dr. A\u015fk\u0131m Nurdan T\u00fcmbek Tekeo\u011flu<\/td>\n<td>Istanbul Ticaret University<\/td>\n<td>Department Faculty Member<\/td>\n<\/tr>\n<tr>\n<td>Res. Asst. Do\u011fan Mert Akdemir<\/td>\n<td>Istanbul Ticaret University<\/td>\n<td>Department Quality Responsible<\/td>\n<\/tr>\n<tr>\n<td>Merve K\u0131l\u0131n\u00e7<\/td>\n<td>Istanbul Ticaret University<\/td>\n<td>Department Student Representative<\/td>\n<\/tr>\n<tr>\n<td>Prof. Dr. Mehmet Melemen<\/td>\n<td>Marmara University<\/td>\n<td>Faculty Member<\/td>\n<\/tr>\n<tr>\n<td>Dr. K\u00fcbra Uluta\u015f<\/td>\n<td>Turkish Exporters Assembly<\/td>\n<td>Deputy Secretary General<\/td>\n<\/tr>\n<tr>\n<td>Dr. Rauf Candan O\u011fuzkan \u015eat\u0131ro\u011flu<\/td>\n<td>Ko\u00e7 Holding &#8211; D\u00fczey Pazarlama A.\u015e.<\/td>\n<td>General Manager<\/td>\n<\/tr>\n<\/tbody>\n<\/table>\n<p>&nbsp;<\/p>\n","protected":false},"excerpt":{"rendered":"<p>ADVISORY BOARD MEMBERS OF THE INTERNATIONAL TRADE (ENGLISH) DEPARTMENT &nbsp; Name &amp; Surname Institution Position Assoc. Prof. Dr. Cihat K\u00f6ksal Istanbul Ticaret University Head of Department Assoc. Prof. Dr. A\u015fk\u0131m Nurdan T\u00fcmbek Tekeo\u011flu Istanbul Ticaret University Department Faculty Member Res. Asst. Do\u011fan Mert Akdemir Istanbul Ticaret University Department Quality Responsible Merve K\u0131l\u0131n\u00e7 Istanbul Ticaret University [&hellip;]<\/p>\n","protected":false},"author":215,"featured_media":0,"parent":0,"menu_order":0,"comment_status":"closed","ping_status":"closed","template":"genel_sayfa.php","meta":{"footnotes":""},"yoast_head":"<!-- This site is optimized with the Yoast SEO Premium plugin v22.1 (Yoast SEO v22.1) - https:\/\/yoast.com\/wordpress\/plugins\/seo\/ -->\n<title>Department&#039;s Advisory Board - Uluslararas\u0131 Ticaret<\/title>\n<meta name=\"robots\" content=\"index, follow, max-snippet:-1, max-image-preview:large, max-video-preview:-1\" \/>\n<link rel=\"canonical\" href=\"https:\/\/ticaret.edu.tr\/uluslararasi-ticaret\/en\/departments-advisory-board\/\" \/>\n<meta property=\"og:locale\" content=\"tr_TR\" \/>\n<meta property=\"og:type\" content=\"article\" \/>\n<meta property=\"og:title\" content=\"Department&#039;s Advisory Board\" \/>\n<meta property=\"og:description\" content=\"ADVISORY BOARD MEMBERS OF THE INTERNATIONAL TRADE (ENGLISH) DEPARTMENT &nbsp; Name &amp; Surname Institution Position Assoc. Prof. Dr. Cihat K\u00f6ksal Istanbul Ticaret University Head of Department Assoc. Prof. Dr. A\u015fk\u0131m Nurdan T\u00fcmbek Tekeo\u011flu Istanbul Ticaret University Department Faculty Member Res. Asst. Do\u011fan Mert Akdemir Istanbul Ticaret University Department Quality Responsible Merve K\u0131l\u0131n\u00e7 Istanbul Ticaret University [&hellip;]\" \/>\n<meta property=\"og:url\" content=\"https:\/\/ticaret.edu.tr\/uluslararasi-ticaret\/en\/departments-advisory-board\/\" \/>\n<meta property=\"og:site_name\" content=\"Uluslararas\u0131 Ticaret\" \/>\n<meta property=\"article:publisher\" content=\"https:\/\/www.facebook.com\/ticaretedutr\" \/>\n<meta property=\"article:modified_time\" content=\"2025-12-11T08:10:49+00:00\" \/>\n<meta property=\"og:image\" content=\"http:\/\/ticaret.edu.tr\/uluslararasi-ticaret\/wp-content\/uploads\/sites\/18\/2021\/11\/web_logo-01.jpg\" \/>\n\t<meta property=\"og:image:width\" content=\"1250\" \/>\n\t<meta property=\"og:image:height\" content=\"833\" \/>\n\t<meta property=\"og:image:type\" content=\"image\/jpeg\" \/>\n<meta name=\"twitter:card\" content=\"summary_large_image\" \/>\n<meta name=\"twitter:site\" content=\"@ticaretedutr\" \/>\n<meta name=\"twitter:label1\" content=\"Tahmini okuma s\u00fcresi\" \/>\n\t<meta name=\"twitter:data1\" content=\"1 dakika\" \/>\n<script type=\"application\/ld+json\" class=\"yoast-schema-graph\">{\"@context\":\"https:\/\/schema.org\",\"@graph\":[{\"@type\":\"WebPage\",\"@id\":\"https:\/\/ticaret.edu.tr\/uluslararasi-ticaret\/en\/departments-advisory-board\/\",\"url\":\"https:\/\/ticaret.edu.tr\/uluslararasi-ticaret\/en\/departments-advisory-board\/\",\"name\":\"Department's Advisory Board - Uluslararas\u0131 Ticaret\",\"isPartOf\":{\"@id\":\"https:\/\/ticaret.edu.tr\/uluslararasi-ticaret\/#website\"},\"datePublished\":\"2025-01-27T07:55:33+00:00\",\"dateModified\":\"2025-12-11T08:10:49+00:00\",\"breadcrumb\":{\"@id\":\"https:\/\/ticaret.edu.tr\/uluslararasi-ticaret\/en\/departments-advisory-board\/#breadcrumb\"},\"inLanguage\":\"tr\",\"potentialAction\":[{\"@type\":\"ReadAction\",\"target\":[\"https:\/\/ticaret.edu.tr\/uluslararasi-ticaret\/en\/departments-advisory-board\/\"]}]},{\"@type\":\"BreadcrumbList\",\"@id\":\"https:\/\/ticaret.edu.tr\/uluslararasi-ticaret\/en\/departments-advisory-board\/#breadcrumb\",\"itemListElement\":[{\"@type\":\"ListItem\",\"position\":1,\"name\":\"Ana sayfa\",\"item\":\"https:\/\/ticaret.edu.tr\/uluslararasi-ticaret\/\"},{\"@type\":\"ListItem\",\"position\":2,\"name\":\"Department&#8217;s Advisory Board\"}]},{\"@type\":\"WebSite\",\"@id\":\"https:\/\/ticaret.edu.tr\/uluslararasi-ticaret\/#website\",\"url\":\"https:\/\/ticaret.edu.tr\/uluslararasi-ticaret\/\",\"name\":\"Uluslararas\u0131 Ticaret\",\"description\":\"\",\"potentialAction\":[{\"@type\":\"SearchAction\",\"target\":{\"@type\":\"EntryPoint\",\"urlTemplate\":\"https:\/\/ticaret.edu.tr\/uluslararasi-ticaret\/?s={search_term_string}\"},\"query-input\":\"required name=search_term_string\"}],\"inLanguage\":\"tr\"}]}<\/script>\n<!-- \/ Yoast SEO Premium plugin. -->","yoast_head_json":{"title":"Department's Advisory Board - Uluslararas\u0131 Ticaret","robots":{"index":"index","follow":"follow","max-snippet":"max-snippet:-1","max-image-preview":"max-image-preview:large","max-video-preview":"max-video-preview:-1"},"canonical":"https:\/\/ticaret.edu.tr\/uluslararasi-ticaret\/en\/departments-advisory-board\/","og_locale":"tr_TR","og_type":"article","og_title":"Department's Advisory Board","og_description":"ADVISORY BOARD MEMBERS OF THE INTERNATIONAL TRADE (ENGLISH) DEPARTMENT &nbsp; Name &amp; Surname Institution Position Assoc. Prof. Dr. Cihat K\u00f6ksal Istanbul Ticaret University Head of Department Assoc. Prof. Dr. A\u015fk\u0131m Nurdan T\u00fcmbek Tekeo\u011flu Istanbul Ticaret University Department Faculty Member Res. Asst. Do\u011fan Mert Akdemir Istanbul Ticaret University Department Quality Responsible Merve K\u0131l\u0131n\u00e7 Istanbul Ticaret University [&hellip;]","og_url":"https:\/\/ticaret.edu.tr\/uluslararasi-ticaret\/en\/departments-advisory-board\/","og_site_name":"Uluslararas\u0131 Ticaret","article_publisher":"https:\/\/www.facebook.com\/ticaretedutr","article_modified_time":"2025-12-11T08:10:49+00:00","og_image":[{"width":1250,"height":833,"url":"http:\/\/ticaret.edu.tr\/uluslararasi-ticaret\/wp-content\/uploads\/sites\/18\/2021\/11\/web_logo-01.jpg","type":"image\/jpeg"}],"twitter_card":"summary_large_image","twitter_site":"@ticaretedutr","twitter_misc":{"Tahmini okuma s\u00fcresi":"1 dakika"},"schema":{"@context":"https:\/\/schema.org","@graph":[{"@type":"WebPage","@id":"https:\/\/ticaret.edu.tr\/uluslararasi-ticaret\/en\/departments-advisory-board\/","url":"https:\/\/ticaret.edu.tr\/uluslararasi-ticaret\/en\/departments-advisory-board\/","name":"Department's Advisory Board - Uluslararas\u0131 Ticaret","isPartOf":{"@id":"https:\/\/ticaret.edu.tr\/uluslararasi-ticaret\/#website"},"datePublished":"2025-01-27T07:55:33+00:00","dateModified":"2025-12-11T08:10:49+00:00","breadcrumb":{"@id":"https:\/\/ticaret.edu.tr\/uluslararasi-ticaret\/en\/departments-advisory-board\/#breadcrumb"},"inLanguage":"tr","potentialAction":[{"@type":"ReadAction","target":["https:\/\/ticaret.edu.tr\/uluslararasi-ticaret\/en\/departments-advisory-board\/"]}]},{"@type":"BreadcrumbList","@id":"https:\/\/ticaret.edu.tr\/uluslararasi-ticaret\/en\/departments-advisory-board\/#breadcrumb","itemListElement":[{"@type":"ListItem","position":1,"name":"Ana sayfa","item":"https:\/\/ticaret.edu.tr\/uluslararasi-ticaret\/"},{"@type":"ListItem","position":2,"name":"Department&#8217;s Advisory Board"}]},{"@type":"WebSite","@id":"https:\/\/ticaret.edu.tr\/uluslararasi-ticaret\/#website","url":"https:\/\/ticaret.edu.tr\/uluslararasi-ticaret\/","name":"Uluslararas\u0131 Ticaret","description":"","potentialAction":[{"@type":"SearchAction","target":{"@type":"EntryPoint","urlTemplate":"https:\/\/ticaret.edu.tr\/uluslararasi-ticaret\/?s={search_term_string}"},"query-input":"required name=search_term_string"}],"inLanguage":"tr"}]}},"lang":"en","translations":{"en":1694,"tr":1692},"pll_sync_post":[],"_links":{"self":[{"href":"http:\/\/ticaret.edu.tr\/uluslararasi-ticaret\/wp-json\/wp\/v2\/pages\/1694"}],"collection":[{"href":"http:\/\/ticaret.edu.tr\/uluslararasi-ticaret\/wp-json\/wp\/v2\/pages"}],"about":[{"href":"http:\/\/ticaret.edu.tr\/uluslararasi-ticaret\/wp-json\/wp\/v2\/types\/page"}],"author":[{"embeddable":true,"href":"http:\/\/ticaret.edu.tr\/uluslararasi-ticaret\/wp-json\/wp\/v2\/users\/215"}],"replies":[{"embeddable":true,"href":"http:\/\/ticaret.edu.tr\/uluslararasi-ticaret\/wp-json\/wp\/v2\/comments?post=1694"}],"version-history":[{"count":4,"href":"http:\/\/ticaret.edu.tr\/uluslararasi-ticaret\/wp-json\/wp\/v2\/pages\/1694\/revisions"}],"predecessor-version":[{"id":2139,"href":"http:\/\/ticaret.edu.tr\/uluslararasi-ticaret\/wp-json\/wp\/v2\/pages\/1694\/revisions\/2139"}],"wp:attachment":[{"href":"http:\/\/ticaret.edu.tr\/uluslararasi-ticaret\/wp-json\/wp\/v2\/media?parent=1694"}],"curies":[{"name":"wp","href":"https:\/\/api.w.org\/{rel}","templated":true}]}}