{"id":581,"date":"2022-01-04T10:14:41","date_gmt":"2022-01-04T07:14:41","guid":{"rendered":"https:\/\/ticaret.edu.tr\/uluslararasi-ticaret\/?page_id=581"},"modified":"2025-02-11T16:15:30","modified_gmt":"2025-02-11T13:15:30","slug":"academic-staff","status":"publish","type":"page","link":"http:\/\/ticaret.edu.tr\/uluslararasi-ticaret\/en\/academic-staff\/","title":{"rendered":"Academic Staff"},"content":{"rendered":"<style media=\"screen\">\r\n  \/* .akademikkadro_list { list-style: none; padding: 0; margin: 0;}\r\n  .akademikkadro_list li { float:left; width: 50%; margin-bottom: 8px; border-bottom: 1px solid rgba(0,0,0, 0.2); transition: all 0.3s ease-in-out; background-color: #fff;}\r\n  .akademikkadro_list li:first-child { width: 100%; }\r\n  .akademikkadro_list li:first-child .akademik_left { height: 220px;}\r\n  .akademikkadro_list li:hover { background-color: rgba(0,0,0, 0.05); cursor: pointer; }\r\n  .akademik_left { float:left; width: 35%; height: 150px; padding: 10px; border-bottom: 4px solid #0d1554; }\r\n  .akademik_cover { width: 100%; background-size: cover; background-position: center center; height: 100%; border: 1px solid #0d1554;  }\r\n  .akademik_content { float:left; width: 65%; padding: 15px 0px; font-size: 13px; }\r\n  .akademik_content h4 { font-size: 14px; font-weight: 600; }\r\n  .kenar { padding-left: 0; padding-right: 0; } *\/\r\n  @media (max-width: 460px) {\r\n    .akademikkadro_list li { width: 100%!important; }\r\n    .akademikkadro_list li:first-child .akademik_left { height: 120px!important; width: 27%!important;}\r\n    .dropdown-menu .dropdown-menu .dropdown-menu { left: 0px!important; }\r\n    .akademik_content { width: 73%!important; }\r\n\r\n  }\r\n  .akademikkadro_list { list-style: none; padding: 0; margin: 0;}\r\n  .akademikkadro_list li { float:left; width: 50%; margin-bottom: 8px; border-bottom: 1px solid rgba(0,0,0, 0.2); transition: all 0.3s ease-in-out; background-color: #fff;}\r\n  .akademikkadro_list li:first-child { width: 100%; }\r\n  .akademikkadro_list li:first-child .akademik_left { height: 140px; width: 15%;}\r\n  .akademikkadro_list li:hover { background-color: rgba(0,0,0, 0.05); cursor: pointer; }\r\n  .akademik_left { float:left; width: 24%; height: 120px; padding: 10px; border-bottom: 4px solid #0d1554; }\r\n  .akademik_cover { width: 100%; background-size: cover; background-position: top center; height: 100%; border: 2px solid #0d1554; border-radius: 8px; }\r\n  .akademik_content { float:left; width: 76%; padding: 15px 0px; font-size: 13px; position: relative; }\r\n  .akademik_content h4 { font-size: 14px; font-weight: 600; }\r\n  .akademik-line { position: relative; \/*z-index: 9999999;*\/ }\r\n  .akademik_content:after { position: absolute; right: 20px; font-size: 50px; font-family: \"Font Awesome 5 Free\"; content:\"\\f2c2\"; top: 20%; color:#fff; z-index: 1; }\r\n  .kenar { padding-left: 0; padding-right: 0; }\r\n<\/style>\r\n\r\n      <ul class=\"akademikkadro_list\">\r\n                            <li class=\"akademiklist_li\" cv_target=\"https:\/\/avesis.ticaret.edu.tr\/ckoksal\">\r\n            <div class=\"akademik_left\">\r\n              <div class=\"akademik_cover\" style=\"background-image: url('https:\/\/ticaret.edu.tr\/wp-content\/uploads\/2025\/06\/DSCF2067-scaled.jpg');\"><\/div>\r\n            <\/div>\r\n            <div class=\"akademik_content\">\r\n              <a href=\"https:\/\/avesis.ticaret.edu.tr\/ckoksal\" target=\"_blank\"><h4>Assoc. Prof. Dr. Cihat K\u00d6KSAL<\/h4><\/a>\r\n              <div class=\"akademik-line\">Faculty of Business<\/div>\r\n              <div class=\"akademik-line\">International Trade<\/div>\r\n              <div class=\"akademik-line\">Head of Department<\/div>\r\n            <\/div>\r\n          <\/li>\r\n                            <li class=\"akademiklist_li\" cv_target=\"https:\/\/avesis.ticaret.edu.tr\/oersin\">\r\n            <div class=\"akademik_left\">\r\n              <div class=\"akademik_cover\" style=\"background-image: url('https:\/\/ticaret.edu.tr\/wp-content\/uploads\/2022\/08\/Ozgur-Omer-Ersin.jpg');\"><\/div>\r\n            <\/div>\r\n            <div class=\"akademik_content\">\r\n              <a href=\"https:\/\/avesis.ticaret.edu.tr\/oersin\" target=\"_blank\"><h4>Prof. Dr.\u00a0 \u00d6zg\u00fcr \u00d6mer ERS\u0130N<\/h4><\/a>\r\n              <div class=\"akademik-line\">Faculty of Business<\/div>\r\n              <div class=\"akademik-line\">International Trade<\/div>\r\n              <div class=\"akademik-line\">Faculty Member<\/div>\r\n            <\/div>\r\n          <\/li>\r\n                            <li class=\"akademiklist_li\" cv_target=\"https:\/\/avesis.ticaret.edu.tr\/anttekeoglu\">\r\n            <div class=\"akademik_left\">\r\n              <div class=\"akademik_cover\" style=\"background-image: url('https:\/\/ticaret.edu.tr\/wp-content\/uploads\/2025\/06\/DSCF1955-scaled.jpg');\"><\/div>\r\n            <\/div>\r\n            <div class=\"akademik_content\">\r\n              <a href=\"https:\/\/avesis.ticaret.edu.tr\/anttekeoglu\" target=\"_blank\"><h4>Assoc. Prof. Dr.\u00a0 A\u015fk\u0131m Nurdan T\u00dcMBEK TEKEO\u011eLU<\/h4><\/a>\r\n              <div class=\"akademik-line\">Faculty of Business<\/div>\r\n              <div class=\"akademik-line\">International Trade<\/div>\r\n              <div class=\"akademik-line\">Faculty Member<\/div>\r\n            <\/div>\r\n          <\/li>\r\n                            <li class=\"akademiklist_li\" cv_target=\"https:\/\/avesis.ticaret.edu.tr\/satasar\">\r\n            <div class=\"akademik_left\">\r\n              <div class=\"akademik_cover\" style=\"background-image: url('https:\/\/ticaret.edu.tr\/wp-content\/uploads\/2026\/02\/sezin-acik-Tasar.jpg');\"><\/div>\r\n            <\/div>\r\n            <div class=\"akademik_content\">\r\n              <a href=\"https:\/\/avesis.ticaret.edu.tr\/satasar\" target=\"_blank\"><h4>Assoc. Prof. Dr.\u00a0 Sezin A\u00c7IK TA\u015eAR<\/h4><\/a>\r\n              <div class=\"akademik-line\">Faculty of Business Administration<\/div>\r\n              <div class=\"akademik-line\">International Trade (English)<\/div>\r\n              <div class=\"akademik-line\">Faculty Member<\/div>\r\n            <\/div>\r\n          <\/li>\r\n                            <li class=\"akademiklist_li\" cv_target=\"https:\/\/avesis.ticaret.edu.tr\/dmakdemir\">\r\n            <div class=\"akademik_left\">\r\n              <div class=\"akademik_cover\" style=\"background-image: url('https:\/\/ticaret.edu.tr\/uploads\/akademik\/kadro\/dmakdemir.jpg');\"><\/div>\r\n            <\/div>\r\n            <div class=\"akademik_content\">\r\n              <a href=\"https:\/\/avesis.ticaret.edu.tr\/dmakdemir\" target=\"_blank\"><h4>RA Do\u011fan Mert AKDEM\u0130R<\/h4><\/a>\r\n              <div class=\"akademik-line\">Faculty of Business<\/div>\r\n              <div class=\"akademik-line\">International Trade<\/div>\r\n              <div class=\"akademik-line\">Research Assistant<\/div>\r\n            <\/div>\r\n          <\/li>\r\n                            <li class=\"akademiklist_li\" cv_target=\"https:\/\/avesis.ticaret.edu.tr\/\">\r\n            <div class=\"akademik_left\">\r\n              <div class=\"akademik_cover\" style=\"background-image: url('http:\/\/ticaret.edu.tr\/wp-content\/uploads\/2022\/07\/akademik-boyut1.png');\"><\/div>\r\n            <\/div>\r\n            <div class=\"akademik_content\">\r\n              <a href=\"https:\/\/avesis.ticaret.edu.tr\/\" target=\"_blank\"><h4>**Dr. Halide Hamide DUMAN<\/h4><\/a>\r\n              <div class=\"akademik-line\">Faculty of Business Administration<\/div>\r\n              <div class=\"akademik-line\">International Trade (English)<\/div>\r\n              <div class=\"akademik-line\">Visiting Faculty Member<\/div>\r\n            <\/div>\r\n          <\/li>\r\n                            <li class=\"akademiklist_li\" cv_target=\"https:\/\/avesis.ticaret.edu.tr\/\">\r\n            <div class=\"akademik_left\">\r\n              <div class=\"akademik_cover\" style=\"background-image: url('http:\/\/ticaret.edu.tr\/wp-content\/uploads\/2022\/07\/akademik-boyut1.png');\"><\/div>\r\n            <\/div>\r\n            <div class=\"akademik_content\">\r\n              <a href=\"https:\/\/avesis.ticaret.edu.tr\/\" target=\"_blank\"><h4>*Assoc. Prof. Dr. Mehmet Emin K\u00d6RO\u011eLU<\/h4><\/a>\r\n              <div class=\"akademik-line\">Faculty of Business<\/div>\r\n              <div class=\"akademik-line\">International Trade (English)<\/div>\r\n              <div class=\"akademik-line\">Visiting Faculty Member<\/div>\r\n            <\/div>\r\n          <\/li>\r\n                            <li class=\"akademiklist_li\" cv_target=\"https:\/\/avesis.ticaret.edu.tr\/\">\r\n            <div class=\"akademik_left\">\r\n              <div class=\"akademik_cover\" style=\"background-image: url('http:\/\/ticaret.edu.tr\/wp-content\/uploads\/2022\/07\/akademik-boyut1.png');\"><\/div>\r\n            <\/div>\r\n            <div class=\"akademik_content\">\r\n              <a href=\"https:\/\/avesis.ticaret.edu.tr\/\" target=\"_blank\"><h4>**Dr. An\u0131l Sava\u015f KILI\u00c7<\/h4><\/a>\r\n              <div class=\"akademik-line\">Faculty of Business<\/div>\r\n              <div class=\"akademik-line\">International Trade (English)<\/div>\r\n              <div class=\"akademik-line\">Visiting Faculty Member<\/div>\r\n            <\/div>\r\n          <\/li>\r\n                            <li class=\"akademiklist_li\" cv_target=\"https:\/\/avesis.ticaret.edu.tr\/\">\r\n            <div class=\"akademik_left\">\r\n              <div class=\"akademik_cover\" style=\"background-image: url('http:\/\/ticaret.edu.tr\/wp-content\/uploads\/2022\/07\/akademik-boyut1.png');\"><\/div>\r\n            <\/div>\r\n            <div class=\"akademik_content\">\r\n              <a href=\"https:\/\/avesis.ticaret.edu.tr\/\" target=\"_blank\"><h4>**Dr. H\u00fcseyin KARAG\u00d6Z<\/h4><\/a>\r\n              <div class=\"akademik-line\">Faculty of Business<\/div>\r\n              <div class=\"akademik-line\">International Trade (English)<\/div>\r\n              <div class=\"akademik-line\">Visiting Faculty Member<\/div>\r\n            <\/div>\r\n          <\/li>\r\n                            <li class=\"akademiklist_li\" cv_target=\"https:\/\/avesis.ticaret.edu.tr\/\">\r\n            <div class=\"akademik_left\">\r\n              <div class=\"akademik_cover\" style=\"background-image: url('http:\/\/ticaret.edu.tr\/wp-content\/uploads\/2022\/07\/akademik-boyut1.png');\"><\/div>\r\n            <\/div>\r\n            <div class=\"akademik_content\">\r\n              <a href=\"https:\/\/avesis.ticaret.edu.tr\/\" target=\"_blank\"><h4>*Dr. B\u00fclent G\u00dcVEN<\/h4><\/a>\r\n              <div class=\"akademik-line\">Faculty of Business<\/div>\r\n              <div class=\"akademik-line\">International Trade (English)<\/div>\r\n              <div class=\"akademik-line\">Visiting Faculty Member<\/div>\r\n            <\/div>\r\n          <\/li>\r\n                            <li class=\"akademiklist_li\" cv_target=\"https:\/\/avesis.ticaret.edu.tr\/\">\r\n            <div class=\"akademik_left\">\r\n              <div class=\"akademik_cover\" style=\"background-image: url('http:\/\/ticaret.edu.tr\/wp-content\/uploads\/2022\/07\/akademik-boyut1.png');\"><\/div>\r\n            <\/div>\r\n            <div class=\"akademik_content\">\r\n              <a href=\"https:\/\/avesis.ticaret.edu.tr\/\" target=\"_blank\"><h4>*Dr. Assistant Professor J\u00fclide AND\u0130\u00c7<\/h4><\/a>\r\n              <div class=\"akademik-line\">Faculty of Business<\/div>\r\n              <div class=\"akademik-line\">International Trade (English)<\/div>\r\n              <div class=\"akademik-line\">Visiting Faculty Member<\/div>\r\n            <\/div>\r\n          <\/li>\r\n                            <li class=\"akademiklist_li\" cv_target=\"https:\/\/avesis.ticaret.edu.tr\/\">\r\n            <div class=\"akademik_left\">\r\n              <div class=\"akademik_cover\" style=\"background-image: url('http:\/\/ticaret.edu.tr\/wp-content\/uploads\/2022\/07\/akademik-boyut1.png');\"><\/div>\r\n            <\/div>\r\n            <div class=\"akademik_content\">\r\n              <a href=\"https:\/\/avesis.ticaret.edu.tr\/\" target=\"_blank\"><h4>*Assoc. Prof. Dr. Tolga AKSOY<\/h4><\/a>\r\n              <div class=\"akademik-line\">Faculty of Business<\/div>\r\n              <div class=\"akademik-line\">International Trade (English)<\/div>\r\n              <div class=\"akademik-line\">Visiting Faculty Member<\/div>\r\n            <\/div>\r\n          <\/li>\r\n              <\/ul>\r\n\r\n      \n","protected":false},"excerpt":{"rendered":"","protected":false},"author":149,"featured_media":0,"parent":0,"menu_order":0,"comment_status":"closed","ping_status":"closed","template":"genel_sayfa.php","meta":{"footnotes":""},"yoast_head":"<!-- This site is optimized with the Yoast SEO Premium plugin v22.1 (Yoast SEO v22.1) - https:\/\/yoast.com\/wordpress\/plugins\/seo\/ -->\n<title>Academic Staff - Uluslararas\u0131 Ticaret<\/title>\n<meta name=\"robots\" content=\"index, follow, max-snippet:-1, max-image-preview:large, max-video-preview:-1\" \/>\n<link rel=\"canonical\" href=\"http:\/\/ticaret.edu.tr\/uluslararasi-ticaret\/en\/academic-staff\/\" \/>\n<meta property=\"og:locale\" content=\"tr_TR\" \/>\n<meta property=\"og:type\" content=\"article\" \/>\n<meta property=\"og:title\" content=\"Academic Staff\" \/>\n<meta property=\"og:url\" content=\"http:\/\/ticaret.edu.tr\/uluslararasi-ticaret\/en\/academic-staff\/\" \/>\n<meta property=\"og:site_name\" content=\"Uluslararas\u0131 Ticaret\" \/>\n<meta property=\"article:publisher\" content=\"https:\/\/www.facebook.com\/ticaretedutr\" \/>\n<meta property=\"article:modified_time\" content=\"2025-02-11T13:15:30+00:00\" \/>\n<meta property=\"og:image\" content=\"http:\/\/ticaret.edu.tr\/uluslararasi-ticaret\/wp-content\/uploads\/sites\/18\/2021\/11\/web_logo-01.jpg\" \/>\n\t<meta property=\"og:image:width\" content=\"1250\" \/>\n\t<meta property=\"og:image:height\" content=\"833\" \/>\n\t<meta property=\"og:image:type\" content=\"image\/jpeg\" \/>\n<meta name=\"twitter:card\" content=\"summary_large_image\" \/>\n<meta name=\"twitter:site\" content=\"@ticaretedutr\" \/>\n<script type=\"application\/ld+json\" class=\"yoast-schema-graph\">{\"@context\":\"https:\/\/schema.org\",\"@graph\":[{\"@type\":\"WebPage\",\"@id\":\"http:\/\/ticaret.edu.tr\/uluslararasi-ticaret\/en\/academic-staff\/\",\"url\":\"http:\/\/ticaret.edu.tr\/uluslararasi-ticaret\/en\/academic-staff\/\",\"name\":\"Academic Staff - Uluslararas\u0131 Ticaret\",\"isPartOf\":{\"@id\":\"https:\/\/ticaret.edu.tr\/uluslararasi-ticaret\/#website\"},\"datePublished\":\"2022-01-04T07:14:41+00:00\",\"dateModified\":\"2025-02-11T13:15:30+00:00\",\"breadcrumb\":{\"@id\":\"http:\/\/ticaret.edu.tr\/uluslararasi-ticaret\/en\/academic-staff\/#breadcrumb\"},\"inLanguage\":\"tr\",\"potentialAction\":[{\"@type\":\"ReadAction\",\"target\":[\"http:\/\/ticaret.edu.tr\/uluslararasi-ticaret\/en\/academic-staff\/\"]}]},{\"@type\":\"BreadcrumbList\",\"@id\":\"http:\/\/ticaret.edu.tr\/uluslararasi-ticaret\/en\/academic-staff\/#breadcrumb\",\"itemListElement\":[{\"@type\":\"ListItem\",\"position\":1,\"name\":\"Ana sayfa\",\"item\":\"https:\/\/ticaret.edu.tr\/uluslararasi-ticaret\/\"},{\"@type\":\"ListItem\",\"position\":2,\"name\":\"Academic Staff\"}]},{\"@type\":\"WebSite\",\"@id\":\"https:\/\/ticaret.edu.tr\/uluslararasi-ticaret\/#website\",\"url\":\"https:\/\/ticaret.edu.tr\/uluslararasi-ticaret\/\",\"name\":\"Uluslararas\u0131 Ticaret\",\"description\":\"\",\"potentialAction\":[{\"@type\":\"SearchAction\",\"target\":{\"@type\":\"EntryPoint\",\"urlTemplate\":\"https:\/\/ticaret.edu.tr\/uluslararasi-ticaret\/?s={search_term_string}\"},\"query-input\":\"required name=search_term_string\"}],\"inLanguage\":\"tr\"}]}<\/script>\n<!-- \/ Yoast SEO Premium plugin. -->","yoast_head_json":{"title":"Academic Staff - Uluslararas\u0131 Ticaret","robots":{"index":"index","follow":"follow","max-snippet":"max-snippet:-1","max-image-preview":"max-image-preview:large","max-video-preview":"max-video-preview:-1"},"canonical":"http:\/\/ticaret.edu.tr\/uluslararasi-ticaret\/en\/academic-staff\/","og_locale":"tr_TR","og_type":"article","og_title":"Academic Staff","og_url":"http:\/\/ticaret.edu.tr\/uluslararasi-ticaret\/en\/academic-staff\/","og_site_name":"Uluslararas\u0131 Ticaret","article_publisher":"https:\/\/www.facebook.com\/ticaretedutr","article_modified_time":"2025-02-11T13:15:30+00:00","og_image":[{"width":1250,"height":833,"url":"http:\/\/ticaret.edu.tr\/uluslararasi-ticaret\/wp-content\/uploads\/sites\/18\/2021\/11\/web_logo-01.jpg","type":"image\/jpeg"}],"twitter_card":"summary_large_image","twitter_site":"@ticaretedutr","schema":{"@context":"https:\/\/schema.org","@graph":[{"@type":"WebPage","@id":"http:\/\/ticaret.edu.tr\/uluslararasi-ticaret\/en\/academic-staff\/","url":"http:\/\/ticaret.edu.tr\/uluslararasi-ticaret\/en\/academic-staff\/","name":"Academic Staff - Uluslararas\u0131 Ticaret","isPartOf":{"@id":"https:\/\/ticaret.edu.tr\/uluslararasi-ticaret\/#website"},"datePublished":"2022-01-04T07:14:41+00:00","dateModified":"2025-02-11T13:15:30+00:00","breadcrumb":{"@id":"http:\/\/ticaret.edu.tr\/uluslararasi-ticaret\/en\/academic-staff\/#breadcrumb"},"inLanguage":"tr","potentialAction":[{"@type":"ReadAction","target":["http:\/\/ticaret.edu.tr\/uluslararasi-ticaret\/en\/academic-staff\/"]}]},{"@type":"BreadcrumbList","@id":"http:\/\/ticaret.edu.tr\/uluslararasi-ticaret\/en\/academic-staff\/#breadcrumb","itemListElement":[{"@type":"ListItem","position":1,"name":"Ana sayfa","item":"https:\/\/ticaret.edu.tr\/uluslararasi-ticaret\/"},{"@type":"ListItem","position":2,"name":"Academic Staff"}]},{"@type":"WebSite","@id":"https:\/\/ticaret.edu.tr\/uluslararasi-ticaret\/#website","url":"https:\/\/ticaret.edu.tr\/uluslararasi-ticaret\/","name":"Uluslararas\u0131 Ticaret","description":"","potentialAction":[{"@type":"SearchAction","target":{"@type":"EntryPoint","urlTemplate":"https:\/\/ticaret.edu.tr\/uluslararasi-ticaret\/?s={search_term_string}"},"query-input":"required name=search_term_string"}],"inLanguage":"tr"}]}},"lang":"en","translations":{"en":581,"tr":10},"pll_sync_post":[],"_links":{"self":[{"href":"http:\/\/ticaret.edu.tr\/uluslararasi-ticaret\/wp-json\/wp\/v2\/pages\/581"}],"collection":[{"href":"http:\/\/ticaret.edu.tr\/uluslararasi-ticaret\/wp-json\/wp\/v2\/pages"}],"about":[{"href":"http:\/\/ticaret.edu.tr\/uluslararasi-ticaret\/wp-json\/wp\/v2\/types\/page"}],"author":[{"embeddable":true,"href":"http:\/\/ticaret.edu.tr\/uluslararasi-ticaret\/wp-json\/wp\/v2\/users\/149"}],"replies":[{"embeddable":true,"href":"http:\/\/ticaret.edu.tr\/uluslararasi-ticaret\/wp-json\/wp\/v2\/comments?post=581"}],"version-history":[{"count":6,"href":"http:\/\/ticaret.edu.tr\/uluslararasi-ticaret\/wp-json\/wp\/v2\/pages\/581\/revisions"}],"predecessor-version":[{"id":772,"href":"http:\/\/ticaret.edu.tr\/uluslararasi-ticaret\/wp-json\/wp\/v2\/pages\/581\/revisions\/772"}],"wp:attachment":[{"href":"http:\/\/ticaret.edu.tr\/uluslararasi-ticaret\/wp-json\/wp\/v2\/media?parent=581"}],"curies":[{"name":"wp","href":"https:\/\/api.w.org\/{rel}","templated":true}]}}