{"id":6,"date":"2020-05-03T14:52:39","date_gmt":"2020-05-03T11:52:39","guid":{"rendered":"http:\/\/ticaret.edu.tr\/ut\/?page_id=6"},"modified":"2025-12-25T13:52:40","modified_gmt":"2025-12-25T10:52:40","slug":"mufredat","status":"publish","type":"page","link":"http:\/\/ticaret.edu.tr\/uluslararasi-ticaret\/mufredat\/","title":{"rendered":"M\u00fcfredat"},"content":{"rendered":"<p>Uluslararas\u0131 Ticaret B\u00f6l\u00fcm\u00fcne ait m\u00fcfredat d\u00f6nemlere ayr\u0131lm\u0131\u015f bir \u015fekilde a\u015fa\u011f\u0131daki ba\u011flant\u0131da sunulmaktad\u0131r. M\u00fcfredat dosyas\u0131n\u0131n en sonunda d\u00f6nem bazl\u0131 Se\u00e7meli Dersler de belirtilmektedir.<\/p>\n<ul>\n<li>\n<h4><a href=\"http:\/\/ticaret.edu.tr\/uluslararasi-ticaret\/wp-content\/uploads\/sites\/18\/2025\/12\/2025-2026-Uluslararasi-Ticaret-30-Ingilizce-Bolumu-Mufredati.pdf\">2025-2026 Uluslararas\u0131 Ticaret (%30 \u0130ngilizce) B\u00f6l\u00fcm\u00fc M\u00fcfredat\u0131<\/a><\/h4>\n<\/li>\n<li>\n<h4><a href=\"http:\/\/ticaret.edu.tr\/uluslararasi-ticaret\/wp-content\/uploads\/sites\/18\/2025\/12\/2025-2026-Uluslararasi-Ticaret-Ingilizce-Bolumu-Mufredati.pdf\">2025-2026 Uluslararas\u0131 Ticaret (\u0130ngilizce) B\u00f6l\u00fcm\u00fc M\u00fcfredat\u0131<\/a><\/h4>\n<\/li>\n<li>\n<h4><a href=\"http:\/\/ticaret.edu.tr\/uluslararasi-ticaret\/wp-content\/uploads\/sites\/18\/2024\/10\/2024-2025-Uluslararasi-Ticaret-30-Ingilizce-Bolumu-Mufredati.pdf\">2024-2025 Uluslararas\u0131 Ticaret (%30 \u0130ngilizce) B\u00f6l\u00fcm\u00fc M\u00fcfredat\u0131<\/a><\/h4>\n<\/li>\n<li>\n<h4><a href=\"http:\/\/ticaret.edu.tr\/uluslararasi-ticaret\/wp-content\/uploads\/sites\/18\/2024\/10\/2024-2025-Uluslararasi-Ticaret-Ingilizce-Bolumu-Mufredati.pdf\">2024-2025 Uluslararas\u0131 Ticaret (\u0130ngilizce) B\u00f6l\u00fcm\u00fc M\u00fcfredat\u0131<\/a><\/h4>\n<\/li>\n<li>\n<h4><a href=\"http:\/\/ticaret.edu.tr\/uluslararasi-ticaret\/wp-content\/uploads\/sites\/18\/2023\/09\/2023-2024-Akademik-Yili-Uluslararasi-Ticaret-Ingilizce-Mufredat-Dosyasi.pdf\">2023-2024 Akademik Y\u0131l\u0131 Uluslararas\u0131 Ticaret (\u0130ngilizce) M\u00fcfredat Dosyas\u0131<\/a><\/h4>\n<\/li>\n<li>\n<h4><a href=\"http:\/\/ticaret.edu.tr\/uluslararasi-ticaret\/wp-content\/uploads\/sites\/18\/2023\/09\/2023-2024-Akademik-Yili-Uluslararasi-Ticaret-30-Ingilizce-Mufredat-Dosyasi.pdf\">2023-2024 Akademik Y\u0131l\u0131 Uluslararas\u0131 Ticaret (%30 \u0130ngilizce) M\u00fcfredat Dosyas\u0131<\/a><\/h4>\n<\/li>\n<li>\n<h4><a href=\"http:\/\/ticaret.edu.tr\/uluslararasi-ticaret\/wp-content\/uploads\/sites\/18\/2023\/02\/2022-2023-Uluslararasi-Ticaret-Ingilizce-Mufredat-1.pdf\">2022-2023 Uluslararas\u0131 Ticaret (\u0130ngilizce) M\u00fcfredat<\/a><\/h4>\n<\/li>\n<li>\n<h4><a href=\"http:\/\/ticaret.edu.tr\/uluslararasi-ticaret\/wp-content\/uploads\/sites\/18\/2023\/02\/2022-2023-Uuslararasi-Ticaret-30-Ingilizce-Bolumu-Mufredati-1.pdf\">2022-2023 Uluslararas\u0131 Ticaret ( %30 \u0130ngilizce) B\u00f6l\u00fcm\u00fc M\u00fcfredat\u0131<\/a><\/h4>\n<\/li>\n<li>\n<h4><a href=\"http:\/\/ticaret.edu.tr\/ut\/wp-content\/uploads\/sites\/18\/2021\/10\/2021-2022-Uuslararasi-Ticaret-Bolumu-Mufredati.pdf\">2021-2022 Uluslararas\u0131 Ticaret B\u00f6l\u00fcm\u00fc M\u00fcfredat\u0131<\/a><\/h4>\n<\/li>\n<\/ul>\n","protected":false},"excerpt":{"rendered":"<p>Uluslararas\u0131 Ticaret B\u00f6l\u00fcm\u00fcne ait m\u00fcfredat d\u00f6nemlere ayr\u0131lm\u0131\u015f bir \u015fekilde a\u015fa\u011f\u0131daki ba\u011flant\u0131da sunulmaktad\u0131r. M\u00fcfredat dosyas\u0131n\u0131n en sonunda d\u00f6nem bazl\u0131 Se\u00e7meli Dersler de belirtilmektedir. 2025-2026 Uluslararas\u0131 Ticaret (%30 \u0130ngilizce) B\u00f6l\u00fcm\u00fc M\u00fcfredat\u0131 2025-2026 Uluslararas\u0131 Ticaret (\u0130ngilizce) B\u00f6l\u00fcm\u00fc M\u00fcfredat\u0131 2024-2025 Uluslararas\u0131 Ticaret (%30 \u0130ngilizce) B\u00f6l\u00fcm\u00fc M\u00fcfredat\u0131 2024-2025 Uluslararas\u0131 Ticaret (\u0130ngilizce) B\u00f6l\u00fcm\u00fc M\u00fcfredat\u0131 2023-2024 Akademik Y\u0131l\u0131 Uluslararas\u0131 Ticaret (\u0130ngilizce) M\u00fcfredat [&hellip;]<\/p>\n","protected":false},"author":1,"featured_media":0,"parent":0,"menu_order":0,"comment_status":"closed","ping_status":"closed","template":"genel_sayfa.php","meta":{"footnotes":""},"yoast_head":"<!-- This site is optimized with the Yoast SEO Premium plugin v22.1 (Yoast SEO v22.1) - https:\/\/yoast.com\/wordpress\/plugins\/seo\/ -->\n<title>M\u00fcfredat - Uluslararas\u0131 Ticaret<\/title>\n<meta name=\"description\" content=\"Uluslararas\u0131 Ticaret B\u00f6l\u00fcm\u00fcne ait m\u00fcfredat d\u00f6nemlere ayr\u0131lm\u0131\u015f bir \u015fekilde sunulmaktad\u0131r. M\u00fcfredat dosyas\u0131n\u0131n en sonunda d\u00f6nem bazl\u0131 Se\u00e7meli Dersler de belirtilmektedir.\" \/>\n<meta name=\"robots\" content=\"index, follow, max-snippet:-1, max-image-preview:large, max-video-preview:-1\" \/>\n<link rel=\"canonical\" href=\"https:\/\/ticaret.edu.tr\/uluslararasi-ticaret\/mufredat\/\" \/>\n<meta property=\"og:locale\" content=\"tr_TR\" \/>\n<meta property=\"og:type\" content=\"article\" \/>\n<meta property=\"og:title\" content=\"M\u00fcfredat\" \/>\n<meta property=\"og:description\" content=\"Uluslararas\u0131 Ticaret B\u00f6l\u00fcm\u00fcne ait m\u00fcfredat d\u00f6nemlere ayr\u0131lm\u0131\u015f bir \u015fekilde sunulmaktad\u0131r. M\u00fcfredat dosyas\u0131n\u0131n en sonunda d\u00f6nem bazl\u0131 Se\u00e7meli Dersler de belirtilmektedir.\" \/>\n<meta property=\"og:url\" content=\"https:\/\/ticaret.edu.tr\/uluslararasi-ticaret\/mufredat\/\" \/>\n<meta property=\"og:site_name\" content=\"Uluslararas\u0131 Ticaret\" \/>\n<meta property=\"article:publisher\" content=\"https:\/\/www.facebook.com\/ticaretedutr\" \/>\n<meta property=\"article:modified_time\" content=\"2025-12-25T10:52:40+00:00\" \/>\n<meta property=\"og:image\" content=\"http:\/\/ticaret.edu.tr\/uluslararasi-ticaret\/wp-content\/uploads\/sites\/18\/2021\/11\/web_logo-01.jpg\" \/>\n\t<meta property=\"og:image:width\" content=\"1250\" \/>\n\t<meta property=\"og:image:height\" content=\"833\" \/>\n\t<meta property=\"og:image:type\" content=\"image\/jpeg\" \/>\n<meta name=\"twitter:card\" content=\"summary_large_image\" \/>\n<meta name=\"twitter:site\" content=\"@ticaretedutr\" \/>\n<meta name=\"twitter:label1\" content=\"Tahmini okuma s\u00fcresi\" \/>\n\t<meta name=\"twitter:data1\" content=\"1 dakika\" \/>\n<script type=\"application\/ld+json\" class=\"yoast-schema-graph\">{\"@context\":\"https:\/\/schema.org\",\"@graph\":[{\"@type\":\"WebPage\",\"@id\":\"https:\/\/ticaret.edu.tr\/uluslararasi-ticaret\/mufredat\/\",\"url\":\"https:\/\/ticaret.edu.tr\/uluslararasi-ticaret\/mufredat\/\",\"name\":\"M\u00fcfredat - Uluslararas\u0131 Ticaret\",\"isPartOf\":{\"@id\":\"https:\/\/ticaret.edu.tr\/uluslararasi-ticaret\/#website\"},\"datePublished\":\"2020-05-03T11:52:39+00:00\",\"dateModified\":\"2025-12-25T10:52:40+00:00\",\"description\":\"Uluslararas\u0131 Ticaret B\u00f6l\u00fcm\u00fcne ait m\u00fcfredat d\u00f6nemlere ayr\u0131lm\u0131\u015f bir \u015fekilde sunulmaktad\u0131r. M\u00fcfredat dosyas\u0131n\u0131n en sonunda d\u00f6nem bazl\u0131 Se\u00e7meli Dersler de belirtilmektedir.\",\"breadcrumb\":{\"@id\":\"https:\/\/ticaret.edu.tr\/uluslararasi-ticaret\/mufredat\/#breadcrumb\"},\"inLanguage\":\"tr\",\"potentialAction\":[{\"@type\":\"ReadAction\",\"target\":[\"https:\/\/ticaret.edu.tr\/uluslararasi-ticaret\/mufredat\/\"]}]},{\"@type\":\"BreadcrumbList\",\"@id\":\"https:\/\/ticaret.edu.tr\/uluslararasi-ticaret\/mufredat\/#breadcrumb\",\"itemListElement\":[{\"@type\":\"ListItem\",\"position\":1,\"name\":\"Ana sayfa\",\"item\":\"https:\/\/ticaret.edu.tr\/uluslararasi-ticaret\/\"},{\"@type\":\"ListItem\",\"position\":2,\"name\":\"M\u00fcfredat\"}]},{\"@type\":\"WebSite\",\"@id\":\"https:\/\/ticaret.edu.tr\/uluslararasi-ticaret\/#website\",\"url\":\"https:\/\/ticaret.edu.tr\/uluslararasi-ticaret\/\",\"name\":\"Uluslararas\u0131 Ticaret\",\"description\":\"\",\"potentialAction\":[{\"@type\":\"SearchAction\",\"target\":{\"@type\":\"EntryPoint\",\"urlTemplate\":\"https:\/\/ticaret.edu.tr\/uluslararasi-ticaret\/?s={search_term_string}\"},\"query-input\":\"required name=search_term_string\"}],\"inLanguage\":\"tr\"}]}<\/script>\n<!-- \/ Yoast SEO Premium plugin. -->","yoast_head_json":{"title":"M\u00fcfredat - Uluslararas\u0131 Ticaret","description":"Uluslararas\u0131 Ticaret B\u00f6l\u00fcm\u00fcne ait m\u00fcfredat d\u00f6nemlere ayr\u0131lm\u0131\u015f bir \u015fekilde sunulmaktad\u0131r. M\u00fcfredat dosyas\u0131n\u0131n en sonunda d\u00f6nem bazl\u0131 Se\u00e7meli Dersler de belirtilmektedir.","robots":{"index":"index","follow":"follow","max-snippet":"max-snippet:-1","max-image-preview":"max-image-preview:large","max-video-preview":"max-video-preview:-1"},"canonical":"https:\/\/ticaret.edu.tr\/uluslararasi-ticaret\/mufredat\/","og_locale":"tr_TR","og_type":"article","og_title":"M\u00fcfredat","og_description":"Uluslararas\u0131 Ticaret B\u00f6l\u00fcm\u00fcne ait m\u00fcfredat d\u00f6nemlere ayr\u0131lm\u0131\u015f bir \u015fekilde sunulmaktad\u0131r. M\u00fcfredat dosyas\u0131n\u0131n en sonunda d\u00f6nem bazl\u0131 Se\u00e7meli Dersler de belirtilmektedir.","og_url":"https:\/\/ticaret.edu.tr\/uluslararasi-ticaret\/mufredat\/","og_site_name":"Uluslararas\u0131 Ticaret","article_publisher":"https:\/\/www.facebook.com\/ticaretedutr","article_modified_time":"2025-12-25T10:52:40+00:00","og_image":[{"width":1250,"height":833,"url":"http:\/\/ticaret.edu.tr\/uluslararasi-ticaret\/wp-content\/uploads\/sites\/18\/2021\/11\/web_logo-01.jpg","type":"image\/jpeg"}],"twitter_card":"summary_large_image","twitter_site":"@ticaretedutr","twitter_misc":{"Tahmini okuma s\u00fcresi":"1 dakika"},"schema":{"@context":"https:\/\/schema.org","@graph":[{"@type":"WebPage","@id":"https:\/\/ticaret.edu.tr\/uluslararasi-ticaret\/mufredat\/","url":"https:\/\/ticaret.edu.tr\/uluslararasi-ticaret\/mufredat\/","name":"M\u00fcfredat - Uluslararas\u0131 Ticaret","isPartOf":{"@id":"https:\/\/ticaret.edu.tr\/uluslararasi-ticaret\/#website"},"datePublished":"2020-05-03T11:52:39+00:00","dateModified":"2025-12-25T10:52:40+00:00","description":"Uluslararas\u0131 Ticaret B\u00f6l\u00fcm\u00fcne ait m\u00fcfredat d\u00f6nemlere ayr\u0131lm\u0131\u015f bir \u015fekilde sunulmaktad\u0131r. M\u00fcfredat dosyas\u0131n\u0131n en sonunda d\u00f6nem bazl\u0131 Se\u00e7meli Dersler de belirtilmektedir.","breadcrumb":{"@id":"https:\/\/ticaret.edu.tr\/uluslararasi-ticaret\/mufredat\/#breadcrumb"},"inLanguage":"tr","potentialAction":[{"@type":"ReadAction","target":["https:\/\/ticaret.edu.tr\/uluslararasi-ticaret\/mufredat\/"]}]},{"@type":"BreadcrumbList","@id":"https:\/\/ticaret.edu.tr\/uluslararasi-ticaret\/mufredat\/#breadcrumb","itemListElement":[{"@type":"ListItem","position":1,"name":"Ana sayfa","item":"https:\/\/ticaret.edu.tr\/uluslararasi-ticaret\/"},{"@type":"ListItem","position":2,"name":"M\u00fcfredat"}]},{"@type":"WebSite","@id":"https:\/\/ticaret.edu.tr\/uluslararasi-ticaret\/#website","url":"https:\/\/ticaret.edu.tr\/uluslararasi-ticaret\/","name":"Uluslararas\u0131 Ticaret","description":"","potentialAction":[{"@type":"SearchAction","target":{"@type":"EntryPoint","urlTemplate":"https:\/\/ticaret.edu.tr\/uluslararasi-ticaret\/?s={search_term_string}"},"query-input":"required name=search_term_string"}],"inLanguage":"tr"}]}},"lang":"tr","translations":{"en":577,"tr":6},"pll_sync_post":[],"_links":{"self":[{"href":"http:\/\/ticaret.edu.tr\/uluslararasi-ticaret\/wp-json\/wp\/v2\/pages\/6"}],"collection":[{"href":"http:\/\/ticaret.edu.tr\/uluslararasi-ticaret\/wp-json\/wp\/v2\/pages"}],"about":[{"href":"http:\/\/ticaret.edu.tr\/uluslararasi-ticaret\/wp-json\/wp\/v2\/types\/page"}],"author":[{"embeddable":true,"href":"http:\/\/ticaret.edu.tr\/uluslararasi-ticaret\/wp-json\/wp\/v2\/users\/1"}],"replies":[{"embeddable":true,"href":"http:\/\/ticaret.edu.tr\/uluslararasi-ticaret\/wp-json\/wp\/v2\/comments?post=6"}],"version-history":[{"count":19,"href":"http:\/\/ticaret.edu.tr\/uluslararasi-ticaret\/wp-json\/wp\/v2\/pages\/6\/revisions"}],"predecessor-version":[{"id":2150,"href":"http:\/\/ticaret.edu.tr\/uluslararasi-ticaret\/wp-json\/wp\/v2\/pages\/6\/revisions\/2150"}],"wp:attachment":[{"href":"http:\/\/ticaret.edu.tr\/uluslararasi-ticaret\/wp-json\/wp\/v2\/media?parent=6"}],"curies":[{"name":"wp","href":"https:\/\/api.w.org\/{rel}","templated":true}]}}