{"id":306,"date":"2024-07-02T17:41:01","date_gmt":"2024-07-02T14:41:01","guid":{"rendered":"https:\/\/ticaret.edu.tr\/universite-is-dunyasi-iliskileri-uygulama-ve-arastirma-merkezi\/?page_id=306"},"modified":"2025-02-26T13:51:51","modified_gmt":"2025-02-26T10:51:51","slug":"is-birlikleri","status":"publish","type":"page","link":"http:\/\/ticaret.edu.tr\/universite-is-dunyasi-iliskileri-uygulama-ve-arastirma-merkezi\/is-birlikleri\/","title":{"rendered":"\u0130\u015f Birlikleri"},"content":{"rendered":"<p><img loading=\"lazy\" decoding=\"async\" class=\"wp-image-336 alignnone\" src=\"http:\/\/ticaret.edu.tr\/universite-is-dunyasi-iliskileri-uygulama-ve-arastirma-merkezi\/wp-content\/uploads\/sites\/51\/2024\/07\/ito_page-0001-300x187.jpg\" alt=\"\" width=\"421\" height=\"267\" \/>\u00a0 \u00a0 \u00a0 \u00a0 \u00a0 \u00a0 \u00a0 <img loading=\"lazy\" decoding=\"async\" class=\"size-medium wp-image-335 alignnone\" src=\"http:\/\/ticaret.edu.tr\/universite-is-dunyasi-iliskileri-uygulama-ve-arastirma-merkezi\/wp-content\/uploads\/sites\/51\/2024\/07\/teknopark-logo-300x300.jpeg\" alt=\"\" width=\"300\" height=\"300\" srcset=\"http:\/\/ticaret.edu.tr\/universite-is-dunyasi-iliskileri-uygulama-ve-arastirma-merkezi\/wp-content\/uploads\/sites\/51\/2024\/07\/teknopark-logo-300x300.jpeg 300w, http:\/\/ticaret.edu.tr\/universite-is-dunyasi-iliskileri-uygulama-ve-arastirma-merkezi\/wp-content\/uploads\/sites\/51\/2024\/07\/teknopark-logo-1024x1024.jpeg 1024w, http:\/\/ticaret.edu.tr\/universite-is-dunyasi-iliskileri-uygulama-ve-arastirma-merkezi\/wp-content\/uploads\/sites\/51\/2024\/07\/teknopark-logo-150x150.jpeg 150w, http:\/\/ticaret.edu.tr\/universite-is-dunyasi-iliskileri-uygulama-ve-arastirma-merkezi\/wp-content\/uploads\/sites\/51\/2024\/07\/teknopark-logo-768x768.jpeg 768w, http:\/\/ticaret.edu.tr\/universite-is-dunyasi-iliskileri-uygulama-ve-arastirma-merkezi\/wp-content\/uploads\/sites\/51\/2024\/07\/teknopark-logo-1536x1536.jpeg 1536w, http:\/\/ticaret.edu.tr\/universite-is-dunyasi-iliskileri-uygulama-ve-arastirma-merkezi\/wp-content\/uploads\/sites\/51\/2024\/07\/teknopark-logo.jpeg 1600w\" sizes=\"(max-width: 300px) 100vw, 300px\" \/><\/p>\n","protected":false},"excerpt":{"rendered":"<p>\u00a0 \u00a0 \u00a0 \u00a0 \u00a0 \u00a0 \u00a0<\/p>\n","protected":false},"author":43,"featured_media":0,"parent":0,"menu_order":0,"comment_status":"closed","ping_status":"closed","template":"genel_sayfa.php","meta":{"footnotes":""},"yoast_head":"<!-- This site is optimized with the Yoast SEO Premium plugin v22.1 (Yoast SEO v22.1) - https:\/\/yoast.com\/wordpress\/plugins\/seo\/ -->\n<title>\u0130\u015f Birlikleri - \u00dcniversite-\u0130\u015f D\u00fcnyas\u0131 \u0130li\u015fkileri Uygulama ve Ara\u015ft\u0131rma Merkezi<\/title>\n<meta name=\"robots\" content=\"index, follow, max-snippet:-1, max-image-preview:large, max-video-preview:-1\" \/>\n<link rel=\"canonical\" href=\"https:\/\/ticaret.edu.tr\/universite-is-dunyasi-iliskileri-uygulama-ve-arastirma-merkezi\/is-birlikleri\/\" \/>\n<meta property=\"og:locale\" content=\"tr_TR\" \/>\n<meta property=\"og:type\" content=\"article\" \/>\n<meta property=\"og:title\" content=\"\u0130\u015f Birlikleri\" \/>\n<meta property=\"og:description\" content=\"\u00a0 \u00a0 \u00a0 \u00a0 \u00a0 \u00a0 \u00a0\" \/>\n<meta property=\"og:url\" content=\"https:\/\/ticaret.edu.tr\/universite-is-dunyasi-iliskileri-uygulama-ve-arastirma-merkezi\/is-birlikleri\/\" \/>\n<meta property=\"og:site_name\" content=\"\u00dcniversite-\u0130\u015f D\u00fcnyas\u0131 \u0130li\u015fkileri Uygulama ve Ara\u015ft\u0131rma Merkezi\" \/>\n<meta property=\"article:publisher\" content=\"https:\/\/www.facebook.com\/ticaretedutr\" \/>\n<meta property=\"article:modified_time\" content=\"2025-02-26T10:51:51+00:00\" \/>\n<meta property=\"og:image\" content=\"http:\/\/ticaret.edu.tr\/universite-is-dunyasi-iliskileri-uygulama-ve-arastirma-merkezi\/wp-content\/uploads\/sites\/51\/2024\/07\/ito_page-0001-300x187.jpg\" \/>\n<meta name=\"twitter:card\" content=\"summary_large_image\" \/>\n<meta name=\"twitter:site\" content=\"@ticaretedutr\" \/>\n<meta name=\"twitter:label1\" content=\"Tahmini okuma s\u00fcresi\" \/>\n\t<meta name=\"twitter:data1\" content=\"1 dakika\" \/>\n<script type=\"application\/ld+json\" class=\"yoast-schema-graph\">{\"@context\":\"https:\/\/schema.org\",\"@graph\":[{\"@type\":\"WebPage\",\"@id\":\"https:\/\/ticaret.edu.tr\/universite-is-dunyasi-iliskileri-uygulama-ve-arastirma-merkezi\/is-birlikleri\/\",\"url\":\"https:\/\/ticaret.edu.tr\/universite-is-dunyasi-iliskileri-uygulama-ve-arastirma-merkezi\/is-birlikleri\/\",\"name\":\"\u0130\u015f Birlikleri - \u00dcniversite-\u0130\u015f D\u00fcnyas\u0131 \u0130li\u015fkileri Uygulama ve Ara\u015ft\u0131rma Merkezi\",\"isPartOf\":{\"@id\":\"http:\/\/ticaret.edu.tr\/universite-is-dunyasi-iliskileri-uygulama-ve-arastirma-merkezi\/en\/#website\"},\"datePublished\":\"2024-07-02T14:41:01+00:00\",\"dateModified\":\"2025-02-26T10:51:51+00:00\",\"breadcrumb\":{\"@id\":\"https:\/\/ticaret.edu.tr\/universite-is-dunyasi-iliskileri-uygulama-ve-arastirma-merkezi\/is-birlikleri\/#breadcrumb\"},\"inLanguage\":\"tr\",\"potentialAction\":[{\"@type\":\"ReadAction\",\"target\":[\"https:\/\/ticaret.edu.tr\/universite-is-dunyasi-iliskileri-uygulama-ve-arastirma-merkezi\/is-birlikleri\/\"]}]},{\"@type\":\"BreadcrumbList\",\"@id\":\"https:\/\/ticaret.edu.tr\/universite-is-dunyasi-iliskileri-uygulama-ve-arastirma-merkezi\/is-birlikleri\/#breadcrumb\",\"itemListElement\":[{\"@type\":\"ListItem\",\"position\":1,\"name\":\"Ana sayfa\",\"item\":\"https:\/\/ticaret.edu.tr\/universite-is-dunyasi-iliskileri-uygulama-ve-arastirma-merkezi\/\"},{\"@type\":\"ListItem\",\"position\":2,\"name\":\"\u0130\u015f Birlikleri\"}]},{\"@type\":\"WebSite\",\"@id\":\"http:\/\/ticaret.edu.tr\/universite-is-dunyasi-iliskileri-uygulama-ve-arastirma-merkezi\/en\/#website\",\"url\":\"http:\/\/ticaret.edu.tr\/universite-is-dunyasi-iliskileri-uygulama-ve-arastirma-merkezi\/en\/\",\"name\":\"\u00dcniversite-\u0130\u015f D\u00fcnyas\u0131 \u0130li\u015fkileri Uygulama ve Ara\u015ft\u0131rma Merkezi\",\"description\":\"Bir ba\u015fka \u0130stanbul Ticaret \u00dcniversitesi site sitesi\",\"potentialAction\":[{\"@type\":\"SearchAction\",\"target\":{\"@type\":\"EntryPoint\",\"urlTemplate\":\"http:\/\/ticaret.edu.tr\/universite-is-dunyasi-iliskileri-uygulama-ve-arastirma-merkezi\/en\/?s={search_term_string}\"},\"query-input\":\"required name=search_term_string\"}],\"inLanguage\":\"tr\"}]}<\/script>\n<!-- \/ Yoast SEO Premium plugin. -->","yoast_head_json":{"title":"\u0130\u015f Birlikleri - \u00dcniversite-\u0130\u015f D\u00fcnyas\u0131 \u0130li\u015fkileri Uygulama ve Ara\u015ft\u0131rma Merkezi","robots":{"index":"index","follow":"follow","max-snippet":"max-snippet:-1","max-image-preview":"max-image-preview:large","max-video-preview":"max-video-preview:-1"},"canonical":"https:\/\/ticaret.edu.tr\/universite-is-dunyasi-iliskileri-uygulama-ve-arastirma-merkezi\/is-birlikleri\/","og_locale":"tr_TR","og_type":"article","og_title":"\u0130\u015f Birlikleri","og_description":"\u00a0 \u00a0 \u00a0 \u00a0 \u00a0 \u00a0 \u00a0","og_url":"https:\/\/ticaret.edu.tr\/universite-is-dunyasi-iliskileri-uygulama-ve-arastirma-merkezi\/is-birlikleri\/","og_site_name":"\u00dcniversite-\u0130\u015f D\u00fcnyas\u0131 \u0130li\u015fkileri Uygulama ve Ara\u015ft\u0131rma Merkezi","article_publisher":"https:\/\/www.facebook.com\/ticaretedutr","article_modified_time":"2025-02-26T10:51:51+00:00","og_image":[{"url":"http:\/\/ticaret.edu.tr\/universite-is-dunyasi-iliskileri-uygulama-ve-arastirma-merkezi\/wp-content\/uploads\/sites\/51\/2024\/07\/ito_page-0001-300x187.jpg"}],"twitter_card":"summary_large_image","twitter_site":"@ticaretedutr","twitter_misc":{"Tahmini okuma s\u00fcresi":"1 dakika"},"schema":{"@context":"https:\/\/schema.org","@graph":[{"@type":"WebPage","@id":"https:\/\/ticaret.edu.tr\/universite-is-dunyasi-iliskileri-uygulama-ve-arastirma-merkezi\/is-birlikleri\/","url":"https:\/\/ticaret.edu.tr\/universite-is-dunyasi-iliskileri-uygulama-ve-arastirma-merkezi\/is-birlikleri\/","name":"\u0130\u015f Birlikleri - \u00dcniversite-\u0130\u015f D\u00fcnyas\u0131 \u0130li\u015fkileri Uygulama ve Ara\u015ft\u0131rma Merkezi","isPartOf":{"@id":"http:\/\/ticaret.edu.tr\/universite-is-dunyasi-iliskileri-uygulama-ve-arastirma-merkezi\/en\/#website"},"datePublished":"2024-07-02T14:41:01+00:00","dateModified":"2025-02-26T10:51:51+00:00","breadcrumb":{"@id":"https:\/\/ticaret.edu.tr\/universite-is-dunyasi-iliskileri-uygulama-ve-arastirma-merkezi\/is-birlikleri\/#breadcrumb"},"inLanguage":"tr","potentialAction":[{"@type":"ReadAction","target":["https:\/\/ticaret.edu.tr\/universite-is-dunyasi-iliskileri-uygulama-ve-arastirma-merkezi\/is-birlikleri\/"]}]},{"@type":"BreadcrumbList","@id":"https:\/\/ticaret.edu.tr\/universite-is-dunyasi-iliskileri-uygulama-ve-arastirma-merkezi\/is-birlikleri\/#breadcrumb","itemListElement":[{"@type":"ListItem","position":1,"name":"Ana sayfa","item":"https:\/\/ticaret.edu.tr\/universite-is-dunyasi-iliskileri-uygulama-ve-arastirma-merkezi\/"},{"@type":"ListItem","position":2,"name":"\u0130\u015f Birlikleri"}]},{"@type":"WebSite","@id":"http:\/\/ticaret.edu.tr\/universite-is-dunyasi-iliskileri-uygulama-ve-arastirma-merkezi\/en\/#website","url":"http:\/\/ticaret.edu.tr\/universite-is-dunyasi-iliskileri-uygulama-ve-arastirma-merkezi\/en\/","name":"\u00dcniversite-\u0130\u015f D\u00fcnyas\u0131 \u0130li\u015fkileri Uygulama ve Ara\u015ft\u0131rma Merkezi","description":"Bir ba\u015fka \u0130stanbul Ticaret \u00dcniversitesi site sitesi","potentialAction":[{"@type":"SearchAction","target":{"@type":"EntryPoint","urlTemplate":"http:\/\/ticaret.edu.tr\/universite-is-dunyasi-iliskileri-uygulama-ve-arastirma-merkezi\/en\/?s={search_term_string}"},"query-input":"required name=search_term_string"}],"inLanguage":"tr"}]}},"lang":"tr","translations":{"tr":306},"pll_sync_post":[],"_links":{"self":[{"href":"http:\/\/ticaret.edu.tr\/universite-is-dunyasi-iliskileri-uygulama-ve-arastirma-merkezi\/wp-json\/wp\/v2\/pages\/306"}],"collection":[{"href":"http:\/\/ticaret.edu.tr\/universite-is-dunyasi-iliskileri-uygulama-ve-arastirma-merkezi\/wp-json\/wp\/v2\/pages"}],"about":[{"href":"http:\/\/ticaret.edu.tr\/universite-is-dunyasi-iliskileri-uygulama-ve-arastirma-merkezi\/wp-json\/wp\/v2\/types\/page"}],"author":[{"embeddable":true,"href":"http:\/\/ticaret.edu.tr\/universite-is-dunyasi-iliskileri-uygulama-ve-arastirma-merkezi\/wp-json\/wp\/v2\/users\/43"}],"replies":[{"embeddable":true,"href":"http:\/\/ticaret.edu.tr\/universite-is-dunyasi-iliskileri-uygulama-ve-arastirma-merkezi\/wp-json\/wp\/v2\/comments?post=306"}],"version-history":[{"count":6,"href":"http:\/\/ticaret.edu.tr\/universite-is-dunyasi-iliskileri-uygulama-ve-arastirma-merkezi\/wp-json\/wp\/v2\/pages\/306\/revisions"}],"predecessor-version":[{"id":359,"href":"http:\/\/ticaret.edu.tr\/universite-is-dunyasi-iliskileri-uygulama-ve-arastirma-merkezi\/wp-json\/wp\/v2\/pages\/306\/revisions\/359"}],"wp:attachment":[{"href":"http:\/\/ticaret.edu.tr\/universite-is-dunyasi-iliskileri-uygulama-ve-arastirma-merkezi\/wp-json\/wp\/v2\/media?parent=306"}],"curies":[{"name":"wp","href":"https:\/\/api.w.org\/{rel}","templated":true}]}}