{"id":319,"date":"2024-07-03T09:43:29","date_gmt":"2024-07-03T06:43:29","guid":{"rendered":"https:\/\/ticaret.edu.tr\/universite-is-dunyasi-iliskileri-uygulama-ve-arastirma-merkezi\/?page_id=319"},"modified":"2025-02-26T13:45:36","modified_gmt":"2025-02-26T10:45:36","slug":"vizyon-misyon","status":"publish","type":"page","link":"http:\/\/ticaret.edu.tr\/universite-is-dunyasi-iliskileri-uygulama-ve-arastirma-merkezi\/vizyon-misyon\/","title":{"rendered":"Vizyon &#8211; Misyon"},"content":{"rendered":"<p>\u0130stanbul Ticaret \u00dcniversitesi \u00dcniversite \u0130\u015f D\u00fcnyas\u0131 \u0130li\u015fkileri Uygulama ve Ara\u015ft\u0131rma Merkezi\u2019nin kurulu\u015fu ile, \u00fcniversitenin bilgi \u00fcretiminin, ara\u015ft\u0131rma ve geli\u015ftirme yetene\u011finin, akademik kadrosunun birikim ve yetkinli\u011finin; \u00f6zelde D\u00fcnyan\u0131n en b\u00fcy\u00fck ve say\u0131l\u0131 ticaret odalar\u0131ndan birisi olan \u0130stanbul Ticaret Odas\u0131\u2019n\u0131n 700.000&#8217;in \u00fczerindeki \u00fcye i\u015fletmesinin geli\u015ftirilmesinde ve sorunlar\u0131n\u0131n \u00e7\u00f6z\u00fcm\u00fcnde, genelde ise t\u00fcm T\u00fcrkiye\u2019de ayn\u0131 fonksiyonun ger\u00e7ekle\u015ftirilmesi ile \u00e7e\u015fitli alanlarda yarat\u0131lacak katma de\u011fer ile \u00fclkenin kalk\u0131nmas\u0131nda ve refah d\u00fczeyinin artmas\u0131nda \u00f6nemli bir rol \u00fcstlenilmesi ama\u00e7lanmaktad\u0131r.<\/p>\n<p>Merkez, ama\u00e7lar\u0131 do\u011frultusunda a\u015fa\u011f\u0131daki alanlarda \u00e7al\u0131\u015fmalar y\u00fcr\u00fctmektedir:<\/p>\n<p>a) \u0130\u015f D\u00fcnyas\u0131n\u0131n yap\u0131 ve \u00f6zelliklerini belirleyerek, genel, sekt\u00f6rel ve komiteler baz\u0131nda makro ve mikro \u00f6l\u00e7ekli, farkl\u0131 alanlardaki ve konulardaki ihtiya\u00e7lar\u0131n\u0131 belirlemek, periyodik olarak g\u00fcncellemek, bu konularda bilimsel \u00e7al\u0131\u015fmalar ve ara\u015ft\u0131rmalar yapmak ve yapt\u0131rmak.<br \/>\nb) Akademik programlar\u0131n, k\u00fcresel \u00f6rnekleri de dikkate alarak, i\u015f d\u00fcnyas\u0131na y\u00f6nelik uygulama \u00f6rneklerini izlemek, de\u011ferlendirme ve g\u00fcncelleme konular\u0131nda bilimsel \u00e7al\u0131\u015fmalar ve ara\u015ft\u0131rmalar yapmak ve yapt\u0131rmak.<br \/>\nc) \u0130\u015f D\u00fcnyas\u0131n\u0131n e\u011fitim-\u00f6\u011fretim, sertifika program\u0131 ve benzeri taleplerini kar\u015f\u0131lamak.<br \/>\n\u00e7) Faaliyet alan\u0131 ile ilgili i\u015f d\u00fcnyas\u0131na dan\u0131\u015fmanl\u0131k yapmak, proje \u00fcretmek, ara\u015ft\u0131rma ve \u00e7al\u0131\u015fmalar yapmak.<br \/>\nd) \u0130\u015f d\u00fcnyas\u0131n\u0131n ulusal, b\u00f6lgesel ve k\u00fcresel \u00f6l\u00e7ekte rekabet dinamiklerinin belirleyicileri konusunda \u00e7al\u0131\u015fmalar, ara\u015ft\u0131rmalar yapmak ve yapt\u0131rmak, raporlar haz\u0131rlamak ve haz\u0131rlatmak.<br \/>\ne) Merkezin faaliyet alan\u0131na giren di\u011fer konularda \u00e7al\u0131\u015fmalar yapmak ve \u00fcniversite taraf\u0131ndan verilecek di\u011fer g\u00f6revleri yerine getirmek.<\/p>\n","protected":false},"excerpt":{"rendered":"<p>\u0130stanbul Ticaret \u00dcniversitesi \u00dcniversite \u0130\u015f D\u00fcnyas\u0131 \u0130li\u015fkileri Uygulama ve Ara\u015ft\u0131rma Merkezi\u2019nin kurulu\u015fu ile, \u00fcniversitenin bilgi \u00fcretiminin, ara\u015ft\u0131rma ve geli\u015ftirme yetene\u011finin, akademik kadrosunun birikim ve yetkinli\u011finin; \u00f6zelde D\u00fcnyan\u0131n en b\u00fcy\u00fck ve say\u0131l\u0131 ticaret odalar\u0131ndan birisi olan \u0130stanbul Ticaret Odas\u0131\u2019n\u0131n 700.000&#8217;in \u00fczerindeki \u00fcye i\u015fletmesinin geli\u015ftirilmesinde ve sorunlar\u0131n\u0131n \u00e7\u00f6z\u00fcm\u00fcnde, genelde ise t\u00fcm T\u00fcrkiye\u2019de ayn\u0131 fonksiyonun ger\u00e7ekle\u015ftirilmesi ile \u00e7e\u015fitli [&hellip;]<\/p>\n","protected":false},"author":43,"featured_media":0,"parent":0,"menu_order":0,"comment_status":"closed","ping_status":"closed","template":"genel_sayfa.php","meta":{"footnotes":""},"yoast_head":"<!-- This site is optimized with the Yoast SEO Premium plugin v22.1 (Yoast SEO v22.1) - https:\/\/yoast.com\/wordpress\/plugins\/seo\/ -->\n<title>Vizyon - Misyon - \u00dcniversite-\u0130\u015f D\u00fcnyas\u0131 \u0130li\u015fkileri Uygulama ve Ara\u015ft\u0131rma Merkezi<\/title>\n<meta name=\"robots\" content=\"index, follow, max-snippet:-1, max-image-preview:large, max-video-preview:-1\" \/>\n<link rel=\"canonical\" href=\"http:\/\/ticaret.edu.tr\/universite-is-dunyasi-iliskileri-uygulama-ve-arastirma-merkezi\/vizyon-misyon\/\" \/>\n<meta property=\"og:locale\" content=\"tr_TR\" \/>\n<meta property=\"og:type\" content=\"article\" \/>\n<meta property=\"og:title\" content=\"Vizyon - Misyon\" \/>\n<meta property=\"og:description\" content=\"\u0130stanbul Ticaret \u00dcniversitesi \u00dcniversite \u0130\u015f D\u00fcnyas\u0131 \u0130li\u015fkileri Uygulama ve Ara\u015ft\u0131rma Merkezi\u2019nin kurulu\u015fu ile, \u00fcniversitenin bilgi \u00fcretiminin, ara\u015ft\u0131rma ve geli\u015ftirme yetene\u011finin, akademik kadrosunun birikim ve yetkinli\u011finin; \u00f6zelde D\u00fcnyan\u0131n en b\u00fcy\u00fck ve say\u0131l\u0131 ticaret odalar\u0131ndan birisi olan \u0130stanbul Ticaret Odas\u0131\u2019n\u0131n 700.000&#8217;in \u00fczerindeki \u00fcye i\u015fletmesinin geli\u015ftirilmesinde ve sorunlar\u0131n\u0131n \u00e7\u00f6z\u00fcm\u00fcnde, genelde ise t\u00fcm T\u00fcrkiye\u2019de ayn\u0131 fonksiyonun ger\u00e7ekle\u015ftirilmesi ile \u00e7e\u015fitli [&hellip;]\" \/>\n<meta property=\"og:url\" content=\"http:\/\/ticaret.edu.tr\/universite-is-dunyasi-iliskileri-uygulama-ve-arastirma-merkezi\/vizyon-misyon\/\" \/>\n<meta property=\"og:site_name\" content=\"\u00dcniversite-\u0130\u015f D\u00fcnyas\u0131 \u0130li\u015fkileri Uygulama ve Ara\u015ft\u0131rma Merkezi\" \/>\n<meta property=\"article:publisher\" content=\"https:\/\/www.facebook.com\/ticaretedutr\" \/>\n<meta property=\"article:modified_time\" content=\"2025-02-26T10:45:36+00:00\" \/>\n<meta property=\"og:image\" content=\"http:\/\/ticaret.edu.tr\/universite-is-dunyasi-iliskileri-uygulama-ve-arastirma-merkezi\/wp-content\/uploads\/sites\/51\/2021\/11\/web_logo-01.jpg\" \/>\n\t<meta property=\"og:image:width\" content=\"1250\" \/>\n\t<meta property=\"og:image:height\" content=\"833\" \/>\n\t<meta property=\"og:image:type\" content=\"image\/jpeg\" \/>\n<meta name=\"twitter:card\" content=\"summary_large_image\" \/>\n<meta name=\"twitter:site\" content=\"@ticaretedutr\" \/>\n<meta name=\"twitter:label1\" content=\"Tahmini okuma s\u00fcresi\" \/>\n\t<meta name=\"twitter:data1\" content=\"2 dakika\" \/>\n<script type=\"application\/ld+json\" class=\"yoast-schema-graph\">{\"@context\":\"https:\/\/schema.org\",\"@graph\":[{\"@type\":\"WebPage\",\"@id\":\"http:\/\/ticaret.edu.tr\/universite-is-dunyasi-iliskileri-uygulama-ve-arastirma-merkezi\/vizyon-misyon\/\",\"url\":\"http:\/\/ticaret.edu.tr\/universite-is-dunyasi-iliskileri-uygulama-ve-arastirma-merkezi\/vizyon-misyon\/\",\"name\":\"Vizyon - Misyon - \u00dcniversite-\u0130\u015f D\u00fcnyas\u0131 \u0130li\u015fkileri Uygulama ve Ara\u015ft\u0131rma Merkezi\",\"isPartOf\":{\"@id\":\"https:\/\/ticaret.edu.tr\/universite-is-dunyasi-iliskileri-uygulama-ve-arastirma-merkezi\/#website\"},\"datePublished\":\"2024-07-03T06:43:29+00:00\",\"dateModified\":\"2025-02-26T10:45:36+00:00\",\"breadcrumb\":{\"@id\":\"http:\/\/ticaret.edu.tr\/universite-is-dunyasi-iliskileri-uygulama-ve-arastirma-merkezi\/vizyon-misyon\/#breadcrumb\"},\"inLanguage\":\"tr\",\"potentialAction\":[{\"@type\":\"ReadAction\",\"target\":[\"http:\/\/ticaret.edu.tr\/universite-is-dunyasi-iliskileri-uygulama-ve-arastirma-merkezi\/vizyon-misyon\/\"]}]},{\"@type\":\"BreadcrumbList\",\"@id\":\"http:\/\/ticaret.edu.tr\/universite-is-dunyasi-iliskileri-uygulama-ve-arastirma-merkezi\/vizyon-misyon\/#breadcrumb\",\"itemListElement\":[{\"@type\":\"ListItem\",\"position\":1,\"name\":\"Ana sayfa\",\"item\":\"https:\/\/ticaret.edu.tr\/universite-is-dunyasi-iliskileri-uygulama-ve-arastirma-merkezi\/\"},{\"@type\":\"ListItem\",\"position\":2,\"name\":\"Vizyon &#8211; Misyon\"}]},{\"@type\":\"WebSite\",\"@id\":\"https:\/\/ticaret.edu.tr\/universite-is-dunyasi-iliskileri-uygulama-ve-arastirma-merkezi\/#website\",\"url\":\"https:\/\/ticaret.edu.tr\/universite-is-dunyasi-iliskileri-uygulama-ve-arastirma-merkezi\/\",\"name\":\"\u00dcniversite-\u0130\u015f D\u00fcnyas\u0131 \u0130li\u015fkileri Uygulama ve Ara\u015ft\u0131rma Merkezi\",\"description\":\"Bir ba\u015fka \u0130stanbul Ticaret \u00dcniversitesi site sitesi\",\"potentialAction\":[{\"@type\":\"SearchAction\",\"target\":{\"@type\":\"EntryPoint\",\"urlTemplate\":\"https:\/\/ticaret.edu.tr\/universite-is-dunyasi-iliskileri-uygulama-ve-arastirma-merkezi\/?s={search_term_string}\"},\"query-input\":\"required name=search_term_string\"}],\"inLanguage\":\"tr\"}]}<\/script>\n<!-- \/ Yoast SEO Premium plugin. -->","yoast_head_json":{"title":"Vizyon - Misyon - \u00dcniversite-\u0130\u015f D\u00fcnyas\u0131 \u0130li\u015fkileri Uygulama ve Ara\u015ft\u0131rma Merkezi","robots":{"index":"index","follow":"follow","max-snippet":"max-snippet:-1","max-image-preview":"max-image-preview:large","max-video-preview":"max-video-preview:-1"},"canonical":"http:\/\/ticaret.edu.tr\/universite-is-dunyasi-iliskileri-uygulama-ve-arastirma-merkezi\/vizyon-misyon\/","og_locale":"tr_TR","og_type":"article","og_title":"Vizyon - Misyon","og_description":"\u0130stanbul Ticaret \u00dcniversitesi \u00dcniversite \u0130\u015f D\u00fcnyas\u0131 \u0130li\u015fkileri Uygulama ve Ara\u015ft\u0131rma Merkezi\u2019nin kurulu\u015fu ile, \u00fcniversitenin bilgi \u00fcretiminin, ara\u015ft\u0131rma ve geli\u015ftirme yetene\u011finin, akademik kadrosunun birikim ve yetkinli\u011finin; \u00f6zelde D\u00fcnyan\u0131n en b\u00fcy\u00fck ve say\u0131l\u0131 ticaret odalar\u0131ndan birisi olan \u0130stanbul Ticaret Odas\u0131\u2019n\u0131n 700.000&#8217;in \u00fczerindeki \u00fcye i\u015fletmesinin geli\u015ftirilmesinde ve sorunlar\u0131n\u0131n \u00e7\u00f6z\u00fcm\u00fcnde, genelde ise t\u00fcm T\u00fcrkiye\u2019de ayn\u0131 fonksiyonun ger\u00e7ekle\u015ftirilmesi ile \u00e7e\u015fitli [&hellip;]","og_url":"http:\/\/ticaret.edu.tr\/universite-is-dunyasi-iliskileri-uygulama-ve-arastirma-merkezi\/vizyon-misyon\/","og_site_name":"\u00dcniversite-\u0130\u015f D\u00fcnyas\u0131 \u0130li\u015fkileri Uygulama ve Ara\u015ft\u0131rma Merkezi","article_publisher":"https:\/\/www.facebook.com\/ticaretedutr","article_modified_time":"2025-02-26T10:45:36+00:00","og_image":[{"width":1250,"height":833,"url":"http:\/\/ticaret.edu.tr\/universite-is-dunyasi-iliskileri-uygulama-ve-arastirma-merkezi\/wp-content\/uploads\/sites\/51\/2021\/11\/web_logo-01.jpg","type":"image\/jpeg"}],"twitter_card":"summary_large_image","twitter_site":"@ticaretedutr","twitter_misc":{"Tahmini okuma s\u00fcresi":"2 dakika"},"schema":{"@context":"https:\/\/schema.org","@graph":[{"@type":"WebPage","@id":"http:\/\/ticaret.edu.tr\/universite-is-dunyasi-iliskileri-uygulama-ve-arastirma-merkezi\/vizyon-misyon\/","url":"http:\/\/ticaret.edu.tr\/universite-is-dunyasi-iliskileri-uygulama-ve-arastirma-merkezi\/vizyon-misyon\/","name":"Vizyon - Misyon - \u00dcniversite-\u0130\u015f D\u00fcnyas\u0131 \u0130li\u015fkileri Uygulama ve Ara\u015ft\u0131rma Merkezi","isPartOf":{"@id":"https:\/\/ticaret.edu.tr\/universite-is-dunyasi-iliskileri-uygulama-ve-arastirma-merkezi\/#website"},"datePublished":"2024-07-03T06:43:29+00:00","dateModified":"2025-02-26T10:45:36+00:00","breadcrumb":{"@id":"http:\/\/ticaret.edu.tr\/universite-is-dunyasi-iliskileri-uygulama-ve-arastirma-merkezi\/vizyon-misyon\/#breadcrumb"},"inLanguage":"tr","potentialAction":[{"@type":"ReadAction","target":["http:\/\/ticaret.edu.tr\/universite-is-dunyasi-iliskileri-uygulama-ve-arastirma-merkezi\/vizyon-misyon\/"]}]},{"@type":"BreadcrumbList","@id":"http:\/\/ticaret.edu.tr\/universite-is-dunyasi-iliskileri-uygulama-ve-arastirma-merkezi\/vizyon-misyon\/#breadcrumb","itemListElement":[{"@type":"ListItem","position":1,"name":"Ana sayfa","item":"https:\/\/ticaret.edu.tr\/universite-is-dunyasi-iliskileri-uygulama-ve-arastirma-merkezi\/"},{"@type":"ListItem","position":2,"name":"Vizyon &#8211; Misyon"}]},{"@type":"WebSite","@id":"https:\/\/ticaret.edu.tr\/universite-is-dunyasi-iliskileri-uygulama-ve-arastirma-merkezi\/#website","url":"https:\/\/ticaret.edu.tr\/universite-is-dunyasi-iliskileri-uygulama-ve-arastirma-merkezi\/","name":"\u00dcniversite-\u0130\u015f D\u00fcnyas\u0131 \u0130li\u015fkileri Uygulama ve Ara\u015ft\u0131rma Merkezi","description":"Bir ba\u015fka \u0130stanbul Ticaret \u00dcniversitesi site sitesi","potentialAction":[{"@type":"SearchAction","target":{"@type":"EntryPoint","urlTemplate":"https:\/\/ticaret.edu.tr\/universite-is-dunyasi-iliskileri-uygulama-ve-arastirma-merkezi\/?s={search_term_string}"},"query-input":"required name=search_term_string"}],"inLanguage":"tr"}]}},"lang":"tr","translations":{"tr":319},"pll_sync_post":[],"_links":{"self":[{"href":"http:\/\/ticaret.edu.tr\/universite-is-dunyasi-iliskileri-uygulama-ve-arastirma-merkezi\/wp-json\/wp\/v2\/pages\/319"}],"collection":[{"href":"http:\/\/ticaret.edu.tr\/universite-is-dunyasi-iliskileri-uygulama-ve-arastirma-merkezi\/wp-json\/wp\/v2\/pages"}],"about":[{"href":"http:\/\/ticaret.edu.tr\/universite-is-dunyasi-iliskileri-uygulama-ve-arastirma-merkezi\/wp-json\/wp\/v2\/types\/page"}],"author":[{"embeddable":true,"href":"http:\/\/ticaret.edu.tr\/universite-is-dunyasi-iliskileri-uygulama-ve-arastirma-merkezi\/wp-json\/wp\/v2\/users\/43"}],"replies":[{"embeddable":true,"href":"http:\/\/ticaret.edu.tr\/universite-is-dunyasi-iliskileri-uygulama-ve-arastirma-merkezi\/wp-json\/wp\/v2\/comments?post=319"}],"version-history":[{"count":3,"href":"http:\/\/ticaret.edu.tr\/universite-is-dunyasi-iliskileri-uygulama-ve-arastirma-merkezi\/wp-json\/wp\/v2\/pages\/319\/revisions"}],"predecessor-version":[{"id":343,"href":"http:\/\/ticaret.edu.tr\/universite-is-dunyasi-iliskileri-uygulama-ve-arastirma-merkezi\/wp-json\/wp\/v2\/pages\/319\/revisions\/343"}],"wp:attachment":[{"href":"http:\/\/ticaret.edu.tr\/universite-is-dunyasi-iliskileri-uygulama-ve-arastirma-merkezi\/wp-json\/wp\/v2\/media?parent=319"}],"curies":[{"name":"wp","href":"https:\/\/api.w.org\/{rel}","templated":true}]}}