{"id":353,"date":"2025-02-26T13:49:14","date_gmt":"2025-02-26T10:49:14","guid":{"rendered":"https:\/\/ticaret.edu.tr\/universite-is-dunyasi-iliskileri-uygulama-ve-arastirma-merkezi\/?page_id=353"},"modified":"2025-02-26T13:49:45","modified_gmt":"2025-02-26T10:49:45","slug":"general-information","status":"publish","type":"page","link":"http:\/\/ticaret.edu.tr\/universite-is-dunyasi-iliskileri-uygulama-ve-arastirma-merkezi\/en\/general-information\/","title":{"rendered":"General Information"},"content":{"rendered":"<p>Istanbul Commerce University is established by the Istanbul Chamber of Commerce Education and Social Services Foundation as a requirement of the corporate social responsibility of Istanbul Chamber of Commerce. It is a prestige project established with the aim of carrying out contemporary education and research on a global scale with its educational level, scientific research and publications, cultural and artistic activities, and to be among the leading institutions of our country and the world.<\/p>\n<p>In today\u2019s Information Age\/New economy, the most important factor determining the welfare level and development\/development performance of countries is their position in information, innovation and technology production. In this context, universities, which determine the quality of the country\u2019s human capital with the education they provide, also produce knowledge, innovation and technology as an important pillar of the National Innovation System. University Business World Relations Application and Research Centers fulfill a critical and strategic function, acting as an interface of university business world relations at the point of transferring these outputs of the university to production by the business world and the experience, talent and knowledge of the business world to the university.<\/p>\n<p>Within the framework of the awareness of the important function of these centers, within the scope of the Istanbul Chamber of Commerce and Istanbul Commerce University Cooperation Protocol signed in July 2012, \u201cIstanbul Commerce University, in cooperation with the Istanbul Chamber of Commerce, has been decided to establish a University Business World Relations Application and Research Center. This center will organize seminars, certificate programs, congresses, workshops, research, projects and similar activities as a national and global conference for\u00a0 \u00a0strengthening, \u00a0development \u00a0and \u00a0growth of the business world and society.<\/p>\n<p>University Business World Relations Application and Research Center carries out scientific activities, projects and researches such as various symposiums, workshops, seminars with various institutions and organizations of the business world, especially with\u00a0 ITO .<\/p>\n","protected":false},"excerpt":{"rendered":"<p>Istanbul Commerce University is established by the Istanbul Chamber of Commerce Education and Social Services Foundation as a requirement of the corporate social responsibility of Istanbul Chamber of Commerce. It is a prestige project established with the aim of carrying out contemporary education and research on a global scale with its educational level, scientific research [&hellip;]<\/p>\n","protected":false},"author":228,"featured_media":0,"parent":0,"menu_order":0,"comment_status":"closed","ping_status":"closed","template":"genel_sayfa.php","meta":{"footnotes":""},"yoast_head":"<!-- This site is optimized with the Yoast SEO Premium plugin v22.1 (Yoast SEO v22.1) - https:\/\/yoast.com\/wordpress\/plugins\/seo\/ -->\n<title>General Information - \u00dcniversite-\u0130\u015f D\u00fcnyas\u0131 \u0130li\u015fkileri Uygulama ve Ara\u015ft\u0131rma Merkezi<\/title>\n<meta name=\"robots\" content=\"index, follow, max-snippet:-1, max-image-preview:large, max-video-preview:-1\" \/>\n<link rel=\"canonical\" href=\"https:\/\/ticaret.edu.tr\/universite-is-dunyasi-iliskileri-uygulama-ve-arastirma-merkezi\/en\/general-information\/\" \/>\n<meta property=\"og:locale\" content=\"tr_TR\" \/>\n<meta property=\"og:type\" content=\"article\" \/>\n<meta property=\"og:title\" content=\"General Information\" \/>\n<meta property=\"og:description\" content=\"Istanbul Commerce University is established by the Istanbul Chamber of Commerce Education and Social Services Foundation as a requirement of the corporate social responsibility of Istanbul Chamber of Commerce. It is a prestige project established with the aim of carrying out contemporary education and research on a global scale with its educational level, scientific research [&hellip;]\" \/>\n<meta property=\"og:url\" content=\"https:\/\/ticaret.edu.tr\/universite-is-dunyasi-iliskileri-uygulama-ve-arastirma-merkezi\/en\/general-information\/\" \/>\n<meta property=\"og:site_name\" content=\"\u00dcniversite-\u0130\u015f D\u00fcnyas\u0131 \u0130li\u015fkileri Uygulama ve Ara\u015ft\u0131rma Merkezi\" \/>\n<meta property=\"article:publisher\" content=\"https:\/\/www.facebook.com\/ticaretedutr\" \/>\n<meta property=\"article:modified_time\" content=\"2025-02-26T10:49:45+00:00\" \/>\n<meta property=\"og:image\" content=\"http:\/\/ticaret.edu.tr\/universite-is-dunyasi-iliskileri-uygulama-ve-arastirma-merkezi\/wp-content\/uploads\/sites\/51\/2021\/11\/web_logo-01.jpg\" \/>\n\t<meta property=\"og:image:width\" content=\"1250\" \/>\n\t<meta property=\"og:image:height\" content=\"833\" \/>\n\t<meta property=\"og:image:type\" content=\"image\/jpeg\" \/>\n<meta name=\"twitter:card\" content=\"summary_large_image\" \/>\n<meta name=\"twitter:site\" content=\"@ticaretedutr\" \/>\n<meta name=\"twitter:label1\" content=\"Tahmini okuma s\u00fcresi\" \/>\n\t<meta name=\"twitter:data1\" content=\"2 dakika\" \/>\n<script type=\"application\/ld+json\" class=\"yoast-schema-graph\">{\"@context\":\"https:\/\/schema.org\",\"@graph\":[{\"@type\":\"WebPage\",\"@id\":\"https:\/\/ticaret.edu.tr\/universite-is-dunyasi-iliskileri-uygulama-ve-arastirma-merkezi\/en\/general-information\/\",\"url\":\"https:\/\/ticaret.edu.tr\/universite-is-dunyasi-iliskileri-uygulama-ve-arastirma-merkezi\/en\/general-information\/\",\"name\":\"General Information - \u00dcniversite-\u0130\u015f D\u00fcnyas\u0131 \u0130li\u015fkileri Uygulama ve Ara\u015ft\u0131rma Merkezi\",\"isPartOf\":{\"@id\":\"http:\/\/ticaret.edu.tr\/universite-is-dunyasi-iliskileri-uygulama-ve-arastirma-merkezi\/en\/#website\"},\"datePublished\":\"2025-02-26T10:49:14+00:00\",\"dateModified\":\"2025-02-26T10:49:45+00:00\",\"breadcrumb\":{\"@id\":\"https:\/\/ticaret.edu.tr\/universite-is-dunyasi-iliskileri-uygulama-ve-arastirma-merkezi\/en\/general-information\/#breadcrumb\"},\"inLanguage\":\"tr\",\"potentialAction\":[{\"@type\":\"ReadAction\",\"target\":[\"https:\/\/ticaret.edu.tr\/universite-is-dunyasi-iliskileri-uygulama-ve-arastirma-merkezi\/en\/general-information\/\"]}]},{\"@type\":\"BreadcrumbList\",\"@id\":\"https:\/\/ticaret.edu.tr\/universite-is-dunyasi-iliskileri-uygulama-ve-arastirma-merkezi\/en\/general-information\/#breadcrumb\",\"itemListElement\":[{\"@type\":\"ListItem\",\"position\":1,\"name\":\"Ana sayfa\",\"item\":\"https:\/\/ticaret.edu.tr\/universite-is-dunyasi-iliskileri-uygulama-ve-arastirma-merkezi\/\"},{\"@type\":\"ListItem\",\"position\":2,\"name\":\"General Information\"}]},{\"@type\":\"WebSite\",\"@id\":\"http:\/\/ticaret.edu.tr\/universite-is-dunyasi-iliskileri-uygulama-ve-arastirma-merkezi\/en\/#website\",\"url\":\"http:\/\/ticaret.edu.tr\/universite-is-dunyasi-iliskileri-uygulama-ve-arastirma-merkezi\/en\/\",\"name\":\"\u00dcniversite-\u0130\u015f D\u00fcnyas\u0131 \u0130li\u015fkileri Uygulama ve Ara\u015ft\u0131rma Merkezi\",\"description\":\"Bir ba\u015fka \u0130stanbul Ticaret \u00dcniversitesi site sitesi\",\"potentialAction\":[{\"@type\":\"SearchAction\",\"target\":{\"@type\":\"EntryPoint\",\"urlTemplate\":\"http:\/\/ticaret.edu.tr\/universite-is-dunyasi-iliskileri-uygulama-ve-arastirma-merkezi\/en\/?s={search_term_string}\"},\"query-input\":\"required name=search_term_string\"}],\"inLanguage\":\"tr\"}]}<\/script>\n<!-- \/ Yoast SEO Premium plugin. -->","yoast_head_json":{"title":"General Information - \u00dcniversite-\u0130\u015f D\u00fcnyas\u0131 \u0130li\u015fkileri Uygulama ve Ara\u015ft\u0131rma Merkezi","robots":{"index":"index","follow":"follow","max-snippet":"max-snippet:-1","max-image-preview":"max-image-preview:large","max-video-preview":"max-video-preview:-1"},"canonical":"https:\/\/ticaret.edu.tr\/universite-is-dunyasi-iliskileri-uygulama-ve-arastirma-merkezi\/en\/general-information\/","og_locale":"tr_TR","og_type":"article","og_title":"General Information","og_description":"Istanbul Commerce University is established by the Istanbul Chamber of Commerce Education and Social Services Foundation as a requirement of the corporate social responsibility of Istanbul Chamber of Commerce. It is a prestige project established with the aim of carrying out contemporary education and research on a global scale with its educational level, scientific research [&hellip;]","og_url":"https:\/\/ticaret.edu.tr\/universite-is-dunyasi-iliskileri-uygulama-ve-arastirma-merkezi\/en\/general-information\/","og_site_name":"\u00dcniversite-\u0130\u015f D\u00fcnyas\u0131 \u0130li\u015fkileri Uygulama ve Ara\u015ft\u0131rma Merkezi","article_publisher":"https:\/\/www.facebook.com\/ticaretedutr","article_modified_time":"2025-02-26T10:49:45+00:00","og_image":[{"width":1250,"height":833,"url":"http:\/\/ticaret.edu.tr\/universite-is-dunyasi-iliskileri-uygulama-ve-arastirma-merkezi\/wp-content\/uploads\/sites\/51\/2021\/11\/web_logo-01.jpg","type":"image\/jpeg"}],"twitter_card":"summary_large_image","twitter_site":"@ticaretedutr","twitter_misc":{"Tahmini okuma s\u00fcresi":"2 dakika"},"schema":{"@context":"https:\/\/schema.org","@graph":[{"@type":"WebPage","@id":"https:\/\/ticaret.edu.tr\/universite-is-dunyasi-iliskileri-uygulama-ve-arastirma-merkezi\/en\/general-information\/","url":"https:\/\/ticaret.edu.tr\/universite-is-dunyasi-iliskileri-uygulama-ve-arastirma-merkezi\/en\/general-information\/","name":"General Information - \u00dcniversite-\u0130\u015f D\u00fcnyas\u0131 \u0130li\u015fkileri Uygulama ve Ara\u015ft\u0131rma Merkezi","isPartOf":{"@id":"http:\/\/ticaret.edu.tr\/universite-is-dunyasi-iliskileri-uygulama-ve-arastirma-merkezi\/en\/#website"},"datePublished":"2025-02-26T10:49:14+00:00","dateModified":"2025-02-26T10:49:45+00:00","breadcrumb":{"@id":"https:\/\/ticaret.edu.tr\/universite-is-dunyasi-iliskileri-uygulama-ve-arastirma-merkezi\/en\/general-information\/#breadcrumb"},"inLanguage":"tr","potentialAction":[{"@type":"ReadAction","target":["https:\/\/ticaret.edu.tr\/universite-is-dunyasi-iliskileri-uygulama-ve-arastirma-merkezi\/en\/general-information\/"]}]},{"@type":"BreadcrumbList","@id":"https:\/\/ticaret.edu.tr\/universite-is-dunyasi-iliskileri-uygulama-ve-arastirma-merkezi\/en\/general-information\/#breadcrumb","itemListElement":[{"@type":"ListItem","position":1,"name":"Ana sayfa","item":"https:\/\/ticaret.edu.tr\/universite-is-dunyasi-iliskileri-uygulama-ve-arastirma-merkezi\/"},{"@type":"ListItem","position":2,"name":"General Information"}]},{"@type":"WebSite","@id":"http:\/\/ticaret.edu.tr\/universite-is-dunyasi-iliskileri-uygulama-ve-arastirma-merkezi\/en\/#website","url":"http:\/\/ticaret.edu.tr\/universite-is-dunyasi-iliskileri-uygulama-ve-arastirma-merkezi\/en\/","name":"\u00dcniversite-\u0130\u015f D\u00fcnyas\u0131 \u0130li\u015fkileri Uygulama ve Ara\u015ft\u0131rma Merkezi","description":"Bir ba\u015fka \u0130stanbul Ticaret \u00dcniversitesi site sitesi","potentialAction":[{"@type":"SearchAction","target":{"@type":"EntryPoint","urlTemplate":"http:\/\/ticaret.edu.tr\/universite-is-dunyasi-iliskileri-uygulama-ve-arastirma-merkezi\/en\/?s={search_term_string}"},"query-input":"required name=search_term_string"}],"inLanguage":"tr"}]}},"lang":"en","translations":{"en":353,"tr":351},"pll_sync_post":[],"_links":{"self":[{"href":"http:\/\/ticaret.edu.tr\/universite-is-dunyasi-iliskileri-uygulama-ve-arastirma-merkezi\/wp-json\/wp\/v2\/pages\/353"}],"collection":[{"href":"http:\/\/ticaret.edu.tr\/universite-is-dunyasi-iliskileri-uygulama-ve-arastirma-merkezi\/wp-json\/wp\/v2\/pages"}],"about":[{"href":"http:\/\/ticaret.edu.tr\/universite-is-dunyasi-iliskileri-uygulama-ve-arastirma-merkezi\/wp-json\/wp\/v2\/types\/page"}],"author":[{"embeddable":true,"href":"http:\/\/ticaret.edu.tr\/universite-is-dunyasi-iliskileri-uygulama-ve-arastirma-merkezi\/wp-json\/wp\/v2\/users\/228"}],"replies":[{"embeddable":true,"href":"http:\/\/ticaret.edu.tr\/universite-is-dunyasi-iliskileri-uygulama-ve-arastirma-merkezi\/wp-json\/wp\/v2\/comments?post=353"}],"version-history":[{"count":2,"href":"http:\/\/ticaret.edu.tr\/universite-is-dunyasi-iliskileri-uygulama-ve-arastirma-merkezi\/wp-json\/wp\/v2\/pages\/353\/revisions"}],"predecessor-version":[{"id":356,"href":"http:\/\/ticaret.edu.tr\/universite-is-dunyasi-iliskileri-uygulama-ve-arastirma-merkezi\/wp-json\/wp\/v2\/pages\/353\/revisions\/356"}],"wp:attachment":[{"href":"http:\/\/ticaret.edu.tr\/universite-is-dunyasi-iliskileri-uygulama-ve-arastirma-merkezi\/wp-json\/wp\/v2\/media?parent=353"}],"curies":[{"name":"wp","href":"https:\/\/api.w.org\/{rel}","templated":true}]}}