{"id":4,"date":"2020-07-20T07:35:12","date_gmt":"2020-07-20T04:35:12","guid":{"rendered":"http:\/\/ticaret.edu.tr\/uidiuam\/?page_id=4"},"modified":"2025-02-26T13:45:35","modified_gmt":"2025-02-26T10:45:35","slug":"raporlar","status":"publish","type":"page","link":"http:\/\/ticaret.edu.tr\/universite-is-dunyasi-iliskileri-uygulama-ve-arastirma-merkezi\/raporlar\/","title":{"rendered":"Raporlar"},"content":{"rendered":"<ul>\n<li><a href=\"https:\/\/online.fliphtml5.com\/kkfkn\/hlwp\/#p=24\"><strong>Matbaac\u0131l\u0131k Sekt\u00f6r Raporu<\/strong><\/a><\/li>\n<li><a href=\"https:\/\/fliphtml5.com\/kkfkn\/cmlf\/Dijital_D%C3%B6n%C3%BC%C5%9F%C3%BCm_Raporu\/\"><strong>Dijital D\u00f6n\u00fc\u015f\u00fcm Raporu<\/strong><\/a><\/li>\n<\/ul>\n","protected":false},"excerpt":{"rendered":"<p>Matbaac\u0131l\u0131k Sekt\u00f6r Raporu Dijital D\u00f6n\u00fc\u015f\u00fcm Raporu<\/p>\n","protected":false},"author":228,"featured_media":0,"parent":0,"menu_order":0,"comment_status":"closed","ping_status":"closed","template":"genel_sayfa.php","meta":{"footnotes":""},"yoast_head":"<!-- This site is optimized with the Yoast SEO Premium plugin v22.1 (Yoast SEO v22.1) - https:\/\/yoast.com\/wordpress\/plugins\/seo\/ -->\n<title>Raporlar - \u00dcniversite-\u0130\u015f D\u00fcnyas\u0131 \u0130li\u015fkileri Uygulama ve Ara\u015ft\u0131rma Merkezi<\/title>\n<meta name=\"robots\" content=\"index, follow, max-snippet:-1, max-image-preview:large, max-video-preview:-1\" \/>\n<link rel=\"canonical\" href=\"http:\/\/ticaret.edu.tr\/universite-is-dunyasi-iliskileri-uygulama-ve-arastirma-merkezi\/raporlar\/\" \/>\n<meta property=\"og:locale\" content=\"tr_TR\" \/>\n<meta property=\"og:type\" content=\"article\" \/>\n<meta property=\"og:title\" content=\"Raporlar\" \/>\n<meta property=\"og:description\" content=\"Matbaac\u0131l\u0131k Sekt\u00f6r Raporu Dijital D\u00f6n\u00fc\u015f\u00fcm Raporu\" \/>\n<meta property=\"og:url\" content=\"http:\/\/ticaret.edu.tr\/universite-is-dunyasi-iliskileri-uygulama-ve-arastirma-merkezi\/raporlar\/\" \/>\n<meta property=\"og:site_name\" content=\"\u00dcniversite-\u0130\u015f D\u00fcnyas\u0131 \u0130li\u015fkileri Uygulama ve Ara\u015ft\u0131rma Merkezi\" \/>\n<meta property=\"article:publisher\" content=\"https:\/\/www.facebook.com\/ticaretedutr\" \/>\n<meta property=\"article:modified_time\" content=\"2025-02-26T10:45:35+00:00\" \/>\n<meta property=\"og:image\" content=\"http:\/\/ticaret.edu.tr\/universite-is-dunyasi-iliskileri-uygulama-ve-arastirma-merkezi\/wp-content\/uploads\/sites\/51\/2021\/11\/web_logo-01.jpg\" \/>\n\t<meta property=\"og:image:width\" content=\"1250\" \/>\n\t<meta property=\"og:image:height\" content=\"833\" \/>\n\t<meta property=\"og:image:type\" content=\"image\/jpeg\" \/>\n<meta name=\"twitter:card\" content=\"summary_large_image\" \/>\n<meta name=\"twitter:site\" content=\"@ticaretedutr\" \/>\n<meta name=\"twitter:label1\" content=\"Tahmini okuma s\u00fcresi\" \/>\n\t<meta name=\"twitter:data1\" content=\"1 dakika\" \/>\n<script type=\"application\/ld+json\" class=\"yoast-schema-graph\">{\"@context\":\"https:\/\/schema.org\",\"@graph\":[{\"@type\":\"WebPage\",\"@id\":\"http:\/\/ticaret.edu.tr\/universite-is-dunyasi-iliskileri-uygulama-ve-arastirma-merkezi\/raporlar\/\",\"url\":\"http:\/\/ticaret.edu.tr\/universite-is-dunyasi-iliskileri-uygulama-ve-arastirma-merkezi\/raporlar\/\",\"name\":\"Raporlar - \u00dcniversite-\u0130\u015f D\u00fcnyas\u0131 \u0130li\u015fkileri Uygulama ve Ara\u015ft\u0131rma Merkezi\",\"isPartOf\":{\"@id\":\"http:\/\/ticaret.edu.tr\/universite-is-dunyasi-iliskileri-uygulama-ve-arastirma-merkezi\/en\/#website\"},\"datePublished\":\"2020-07-20T04:35:12+00:00\",\"dateModified\":\"2025-02-26T10:45:35+00:00\",\"breadcrumb\":{\"@id\":\"http:\/\/ticaret.edu.tr\/universite-is-dunyasi-iliskileri-uygulama-ve-arastirma-merkezi\/raporlar\/#breadcrumb\"},\"inLanguage\":\"tr\",\"potentialAction\":[{\"@type\":\"ReadAction\",\"target\":[\"http:\/\/ticaret.edu.tr\/universite-is-dunyasi-iliskileri-uygulama-ve-arastirma-merkezi\/raporlar\/\"]}]},{\"@type\":\"BreadcrumbList\",\"@id\":\"http:\/\/ticaret.edu.tr\/universite-is-dunyasi-iliskileri-uygulama-ve-arastirma-merkezi\/raporlar\/#breadcrumb\",\"itemListElement\":[{\"@type\":\"ListItem\",\"position\":1,\"name\":\"Ana sayfa\",\"item\":\"https:\/\/ticaret.edu.tr\/universite-is-dunyasi-iliskileri-uygulama-ve-arastirma-merkezi\/\"},{\"@type\":\"ListItem\",\"position\":2,\"name\":\"Raporlar\"}]},{\"@type\":\"WebSite\",\"@id\":\"http:\/\/ticaret.edu.tr\/universite-is-dunyasi-iliskileri-uygulama-ve-arastirma-merkezi\/en\/#website\",\"url\":\"http:\/\/ticaret.edu.tr\/universite-is-dunyasi-iliskileri-uygulama-ve-arastirma-merkezi\/en\/\",\"name\":\"\u00dcniversite-\u0130\u015f D\u00fcnyas\u0131 \u0130li\u015fkileri Uygulama ve Ara\u015ft\u0131rma Merkezi\",\"description\":\"Bir ba\u015fka \u0130stanbul Ticaret \u00dcniversitesi site sitesi\",\"potentialAction\":[{\"@type\":\"SearchAction\",\"target\":{\"@type\":\"EntryPoint\",\"urlTemplate\":\"http:\/\/ticaret.edu.tr\/universite-is-dunyasi-iliskileri-uygulama-ve-arastirma-merkezi\/en\/?s={search_term_string}\"},\"query-input\":\"required name=search_term_string\"}],\"inLanguage\":\"tr\"}]}<\/script>\n<!-- \/ Yoast SEO Premium plugin. -->","yoast_head_json":{"title":"Raporlar - \u00dcniversite-\u0130\u015f D\u00fcnyas\u0131 \u0130li\u015fkileri Uygulama ve Ara\u015ft\u0131rma Merkezi","robots":{"index":"index","follow":"follow","max-snippet":"max-snippet:-1","max-image-preview":"max-image-preview:large","max-video-preview":"max-video-preview:-1"},"canonical":"http:\/\/ticaret.edu.tr\/universite-is-dunyasi-iliskileri-uygulama-ve-arastirma-merkezi\/raporlar\/","og_locale":"tr_TR","og_type":"article","og_title":"Raporlar","og_description":"Matbaac\u0131l\u0131k Sekt\u00f6r Raporu Dijital D\u00f6n\u00fc\u015f\u00fcm Raporu","og_url":"http:\/\/ticaret.edu.tr\/universite-is-dunyasi-iliskileri-uygulama-ve-arastirma-merkezi\/raporlar\/","og_site_name":"\u00dcniversite-\u0130\u015f D\u00fcnyas\u0131 \u0130li\u015fkileri Uygulama ve Ara\u015ft\u0131rma Merkezi","article_publisher":"https:\/\/www.facebook.com\/ticaretedutr","article_modified_time":"2025-02-26T10:45:35+00:00","og_image":[{"width":1250,"height":833,"url":"http:\/\/ticaret.edu.tr\/universite-is-dunyasi-iliskileri-uygulama-ve-arastirma-merkezi\/wp-content\/uploads\/sites\/51\/2021\/11\/web_logo-01.jpg","type":"image\/jpeg"}],"twitter_card":"summary_large_image","twitter_site":"@ticaretedutr","twitter_misc":{"Tahmini okuma s\u00fcresi":"1 dakika"},"schema":{"@context":"https:\/\/schema.org","@graph":[{"@type":"WebPage","@id":"http:\/\/ticaret.edu.tr\/universite-is-dunyasi-iliskileri-uygulama-ve-arastirma-merkezi\/raporlar\/","url":"http:\/\/ticaret.edu.tr\/universite-is-dunyasi-iliskileri-uygulama-ve-arastirma-merkezi\/raporlar\/","name":"Raporlar - \u00dcniversite-\u0130\u015f D\u00fcnyas\u0131 \u0130li\u015fkileri Uygulama ve Ara\u015ft\u0131rma Merkezi","isPartOf":{"@id":"http:\/\/ticaret.edu.tr\/universite-is-dunyasi-iliskileri-uygulama-ve-arastirma-merkezi\/en\/#website"},"datePublished":"2020-07-20T04:35:12+00:00","dateModified":"2025-02-26T10:45:35+00:00","breadcrumb":{"@id":"http:\/\/ticaret.edu.tr\/universite-is-dunyasi-iliskileri-uygulama-ve-arastirma-merkezi\/raporlar\/#breadcrumb"},"inLanguage":"tr","potentialAction":[{"@type":"ReadAction","target":["http:\/\/ticaret.edu.tr\/universite-is-dunyasi-iliskileri-uygulama-ve-arastirma-merkezi\/raporlar\/"]}]},{"@type":"BreadcrumbList","@id":"http:\/\/ticaret.edu.tr\/universite-is-dunyasi-iliskileri-uygulama-ve-arastirma-merkezi\/raporlar\/#breadcrumb","itemListElement":[{"@type":"ListItem","position":1,"name":"Ana sayfa","item":"https:\/\/ticaret.edu.tr\/universite-is-dunyasi-iliskileri-uygulama-ve-arastirma-merkezi\/"},{"@type":"ListItem","position":2,"name":"Raporlar"}]},{"@type":"WebSite","@id":"http:\/\/ticaret.edu.tr\/universite-is-dunyasi-iliskileri-uygulama-ve-arastirma-merkezi\/en\/#website","url":"http:\/\/ticaret.edu.tr\/universite-is-dunyasi-iliskileri-uygulama-ve-arastirma-merkezi\/en\/","name":"\u00dcniversite-\u0130\u015f D\u00fcnyas\u0131 \u0130li\u015fkileri Uygulama ve Ara\u015ft\u0131rma Merkezi","description":"Bir ba\u015fka \u0130stanbul Ticaret \u00dcniversitesi site sitesi","potentialAction":[{"@type":"SearchAction","target":{"@type":"EntryPoint","urlTemplate":"http:\/\/ticaret.edu.tr\/universite-is-dunyasi-iliskileri-uygulama-ve-arastirma-merkezi\/en\/?s={search_term_string}"},"query-input":"required name=search_term_string"}],"inLanguage":"tr"}]}},"lang":"tr","translations":{"en":175,"tr":4},"pll_sync_post":[],"_links":{"self":[{"href":"http:\/\/ticaret.edu.tr\/universite-is-dunyasi-iliskileri-uygulama-ve-arastirma-merkezi\/wp-json\/wp\/v2\/pages\/4"}],"collection":[{"href":"http:\/\/ticaret.edu.tr\/universite-is-dunyasi-iliskileri-uygulama-ve-arastirma-merkezi\/wp-json\/wp\/v2\/pages"}],"about":[{"href":"http:\/\/ticaret.edu.tr\/universite-is-dunyasi-iliskileri-uygulama-ve-arastirma-merkezi\/wp-json\/wp\/v2\/types\/page"}],"author":[{"embeddable":true,"href":"http:\/\/ticaret.edu.tr\/universite-is-dunyasi-iliskileri-uygulama-ve-arastirma-merkezi\/wp-json\/wp\/v2\/users\/228"}],"replies":[{"embeddable":true,"href":"http:\/\/ticaret.edu.tr\/universite-is-dunyasi-iliskileri-uygulama-ve-arastirma-merkezi\/wp-json\/wp\/v2\/comments?post=4"}],"version-history":[{"count":6,"href":"http:\/\/ticaret.edu.tr\/universite-is-dunyasi-iliskileri-uygulama-ve-arastirma-merkezi\/wp-json\/wp\/v2\/pages\/4\/revisions"}],"predecessor-version":[{"id":334,"href":"http:\/\/ticaret.edu.tr\/universite-is-dunyasi-iliskileri-uygulama-ve-arastirma-merkezi\/wp-json\/wp\/v2\/pages\/4\/revisions\/334"}],"wp:attachment":[{"href":"http:\/\/ticaret.edu.tr\/universite-is-dunyasi-iliskileri-uygulama-ve-arastirma-merkezi\/wp-json\/wp\/v2\/media?parent=4"}],"curies":[{"name":"wp","href":"https:\/\/api.w.org\/{rel}","templated":true}]}}