{"id":5,"date":"2020-05-14T07:34:21","date_gmt":"2020-05-14T04:34:21","guid":{"rendered":"http:\/\/ticaret.edu.tr\/uidiuam\/?page_id=5"},"modified":"2025-02-26T13:44:58","modified_gmt":"2025-02-26T10:44:58","slug":"ana-sayfa","status":"publish","type":"page","link":"http:\/\/ticaret.edu.tr\/universite-is-dunyasi-iliskileri-uygulama-ve-arastirma-merkezi\/","title":{"rendered":"Ana Sayfa"},"content":{"rendered":"<p>\u0130stanbul Ticaret \u00dcniversitesi, \u0130stanbul Ticaret Odas\u0131\u2019n\u0131n kurumsal sosyal sorumlulu\u011funun gere\u011fi olarak \u0130stanbul Ticaret Odas\u0131 E\u011fitim ve Sosyal Hizmetler Vakf\u0131 taraf\u0131ndan; e\u011fitim d\u00fczeyi, bilimsel ara\u015ft\u0131rma ve yay\u0131nlar\u0131, k\u00fclt\u00fcr ve sanat faaliyetleri ile k\u00fcresel \u00f6l\u00e7ekte \u00e7a\u011fda\u015f e\u011fitim ve ara\u015ft\u0131rma yapmak ve \u00fclkemizin ve d\u00fcnyan\u0131n \u00f6nde gelen kurumlar\u0131 aras\u0131nda yer almas\u0131 amac\u0131yla kurulmu\u015f bir prestij projesidir.<\/p>\n<p>G\u00fcn\u00fcm\u00fcz\u00fcn Bilgi \u00c7a\u011f\u0131\/Yeni ekonomisinde \u00fclkelerin refah d\u00fczeyini ve kalk\u0131nma\/geli\u015fme performans\u0131n\u0131 belirleyen en \u00f6nemli fakt\u00f6r bilgi, yenilik ve teknoloji \u00fcretimindeki konumlar\u0131d\u0131r. Bu ba\u011flamda verdikleri e\u011fitim ile \u00fclkenin be\u015feri sermayesinin kalitesini belirleyen \u00fcniversiteler bunun yan\u0131 s\u0131ra Ulusal Yenilik Sistemi\u2019nin \u00f6nemli bir aya\u011f\u0131 olarak bilgi, yenilik ve teknoloji \u00fcretimini ger\u00e7ekle\u015ftirmektedirler. \u00dcniversitenin bu \u00e7\u0131kt\u0131lar\u0131n\u0131n i\u015f d\u00fcnyas\u0131nca \u00fcretime ve i\u015f d\u00fcnyas\u0131n\u0131n sahip oldu\u011fu tecr\u00fcbe, yetenek ve birikimin \u00fcniversiteye aktar\u0131lmas\u0131 noktas\u0131nda \u00fcniversite i\u015f d\u00fcnyas\u0131 ili\u015fkilerinin bir ara y\u00fcz\u00fc olma fonksiyonunu icra eden \u00dcniversite \u0130\u015f D\u00fcnyas\u0131 \u0130li\u015fkileri Uygulama ve Ara\u015ft\u0131rma Merkezleri kritik ve stratejik bir fonksiyonu yerine getirmektedirler.<\/p>\n<p>Bu merkezlerin \u00f6nemli fonksiyonunun fark\u0131ndal\u0131\u011f\u0131 \u00e7er\u00e7evesinde, Temmuz 2012 \u2019de imzalanan \u0130stanbul Ticaret Odas\u0131 ve \u0130stanbul Ticaret \u00dcniversitesi \u0130\u015fbirli\u011fi Protokol\u00fc kapsam\u0131nda \u201c\u0130stanbul Ticaret \u00dcniversitesi, \u0130stanbul Ticaret Odas\u0131 ile i\u015fbirli\u011fi i\u00e7inde i\u015f d\u00fcnyas\u0131n\u0131n ve toplumun g\u00fc\u00e7lenmesine, geli\u015fmesine, b\u00fcy\u00fcmesine ve kalk\u0131nmas\u0131na y\u00f6nelik ulusal ve k\u00fcresel i\u00e7erikli konferans, seminer, sertifika program\u0131, kongre, \u00e7al\u0131\u015ftay, ara\u015ft\u0131rma, proje ve benzeri etkinlikleri d\u00fczenleyece\u011fi \u00dcniversite \u0130\u015f D\u00fcnyas\u0131 \u0130li\u015fkileri Uygulama ve Ara\u015ft\u0131rma Merkezi kurulmas\u0131\u201d kararla\u015ft\u0131r\u0131lm\u0131\u015ft\u0131r.<\/p>\n<p>Bu faaliyetlerin ger\u00e7ekle\u015ftirilmesi i\u00e7in \u00fcniversite ve merkez, i\u015f d\u00fcnyas\u0131n\u0131n kurum, kurulu\u015f ve \u00f6rg\u00fctleri ile i\u015fbirli\u011fi i\u00e7inde olup \u00e7e\u015fitli alanlarda protokoller imzalanm\u0131\u015ft\u0131r. Merkez\u2019in faaliyetleri ba\u011flam\u0131nda, mikro d\u00fczeyde; i\u015f d\u00fcnyas\u0131n\u0131n ihtiya\u00e7 duydu\u011fu her alanda i\u015fbirli\u011fi ve ortak projelerin ger\u00e7ekle\u015ftirilmesi, \u0130\u015fletmelere kurulu\u015flar\u0131ndan \u00fcr\u00fcn pazarlamalar\u0131na, insan kaynaklar\u0131ndan teknolojik deste\u011fe hemen t\u00fcm i\u015fletme fonksiyonlar\u0131n\u0131 kapsayan alanlarda her t\u00fcrl\u00fc deste\u011fin verilmesi; makro d\u00fczeyde, \u00fclkemizin k\u00fcresel rekabet g\u00fcc\u00fcn\u00fc artt\u0131rmaya y\u00f6nelik projelerin realize edilmesi planlanmaktad\u0131r. Bu s\u00fcre\u00e7te \u00fcniversitenin en b\u00fcy\u00fck avantaj\u0131 ve g\u00fcc\u00fc \u0130stanbul Ticaret Odas\u0131\u2019n\u0131n stratejik deste\u011fi ve ortakl\u0131\u011f\u0131d\u0131r.<\/p>\n<p>Di\u011fer taraftan \u00fcniversitemizin temel ama\u00e7lar\u0131ndan olan e\u011fitim ve \u00f6\u011fretim kalitesinin artt\u0131r\u0131lmas\u0131 ve \u00f6\u011frencilere gelecekte mesleklerinde ba\u015far\u0131l\u0131 olmalar\u0131n\u0131 sa\u011flayacak yetkinlik ve donan\u0131m\u0131n kazand\u0131r\u0131lmas\u0131 i\u00e7in; i\u015f d\u00fcnyas\u0131n\u0131n tecr\u00fcbe ve deneyimlerinin \u00f6\u011frencilere aktar\u0131lmas\u0131 ve i\u015f d\u00fcnyas\u0131 ile ger\u00e7ekle\u015ftirilecek projelere \u00f6\u011frencilerin kat\u0131l\u0131m\u0131 sa\u011flanmaktad\u0131r. \u00d6\u011frencilerin projelere kat\u0131l\u0131m\u0131 ve i\u015f d\u00fcnyas\u0131 ile fiili ili\u015fkilerinin sa\u011flanmas\u0131 i\u00e7in \u00e7e\u015fitli y\u00f6ntem ve yollar olu\u015fturulmaktad\u0131r. \u00dcniversite i\u015f d\u00fcnyas\u0131 ili\u015fkilerinde\/projelerinde\/i\u015fbirli\u011finde \u00f6\u011frencilerin payda\u015f olmas\u0131n\u0131n sa\u011flanmas\u0131 \u00f6\u011frencilere sadece teorik de\u011fil uygulamal\u0131 bir e\u011fitimin verilmesi ve \u0130\u015f D\u00fcnyas\u0131 ile ili\u015fki i\u00e7inde olmalar\u0131 hususunda b\u00fcy\u00fck katk\u0131lar sa\u011flayaca\u011f\u0131 de\u011ferlendirilmektedir. Bu ama\u00e7la \u00dcniversite\u2019de \u00dcniversite \u0130\u015f D\u00fcnyas\u0131 \u0130li\u015fkileri \u00d6\u011frenci Kul\u00fcb\u00fc kurulmu\u015f ve faaliyetlere ba\u015flam\u0131\u015ft\u0131r.<br \/>\n\u00dcniversite \u0130\u015f D\u00fcnyas\u0131 \u0130li\u015fkileri Uygulama ve Ara\u015ft\u0131rma Merkezi, \u00dcniversitenin ba\u015fta \u0130TO ile olmak \u00fczere i\u015fd\u00fcnyas\u0131n\u0131n \u00e7e\u015fitli kurum ve kurulu\u015flar\u0131 ile birlikte \u00e7e\u015fitli sempozyum, \u00e7al\u0131\u015ftay, seminer gibi bilimsel etkinlikler, proje ve ara\u015ft\u0131rmalar y\u00fcr\u00fctmektedir.<\/p>\n","protected":false},"excerpt":{"rendered":"<p>\u0130stanbul Ticaret \u00dcniversitesi, \u0130stanbul Ticaret Odas\u0131\u2019n\u0131n kurumsal sosyal sorumlulu\u011funun gere\u011fi olarak \u0130stanbul Ticaret Odas\u0131 E\u011fitim ve Sosyal Hizmetler Vakf\u0131 taraf\u0131ndan; e\u011fitim d\u00fczeyi, bilimsel ara\u015ft\u0131rma ve yay\u0131nlar\u0131, k\u00fclt\u00fcr ve sanat faaliyetleri ile k\u00fcresel \u00f6l\u00e7ekte \u00e7a\u011fda\u015f e\u011fitim ve ara\u015ft\u0131rma yapmak ve \u00fclkemizin ve d\u00fcnyan\u0131n \u00f6nde gelen kurumlar\u0131 aras\u0131nda yer almas\u0131 amac\u0131yla kurulmu\u015f bir prestij projesidir. G\u00fcn\u00fcm\u00fcz\u00fcn Bilgi [&hellip;]<\/p>\n","protected":false},"author":228,"featured_media":0,"parent":0,"menu_order":0,"comment_status":"closed","ping_status":"closed","template":"pages\/homepage.php","meta":{"footnotes":""},"yoast_head":"<!-- This site is optimized with the Yoast SEO Premium plugin v22.1 (Yoast SEO v22.1) - https:\/\/yoast.com\/wordpress\/plugins\/seo\/ -->\n<title>Ana Sayfa - \u00dcniversite-\u0130\u015f D\u00fcnyas\u0131 \u0130li\u015fkileri Uygulama ve Ara\u015ft\u0131rma Merkezi<\/title>\n<meta name=\"description\" content=\"Anasayfa\" \/>\n<meta name=\"robots\" content=\"index, follow, max-snippet:-1, max-image-preview:large, max-video-preview:-1\" \/>\n<link rel=\"canonical\" href=\"https:\/\/ticaret.edu.tr\/universite-is-dunyasi-iliskileri-uygulama-ve-arastirma-merkezi\/\" \/>\n<meta property=\"og:locale\" content=\"tr_TR\" \/>\n<meta property=\"og:type\" content=\"article\" \/>\n<meta property=\"og:title\" content=\"Ana Sayfa\" \/>\n<meta property=\"og:description\" content=\"Anasayfa\" \/>\n<meta property=\"og:url\" content=\"https:\/\/ticaret.edu.tr\/universite-is-dunyasi-iliskileri-uygulama-ve-arastirma-merkezi\/\" \/>\n<meta property=\"og:site_name\" content=\"\u00dcniversite-\u0130\u015f D\u00fcnyas\u0131 \u0130li\u015fkileri Uygulama ve Ara\u015ft\u0131rma Merkezi\" \/>\n<meta property=\"article:publisher\" content=\"https:\/\/www.facebook.com\/ticaretedutr\" \/>\n<meta property=\"article:modified_time\" content=\"2025-02-26T10:44:58+00:00\" \/>\n<meta property=\"og:image\" content=\"http:\/\/ticaret.edu.tr\/universite-is-dunyasi-iliskileri-uygulama-ve-arastirma-merkezi\/wp-content\/uploads\/sites\/51\/2021\/11\/web_logo-01.jpg\" \/>\n\t<meta property=\"og:image:width\" content=\"1250\" \/>\n\t<meta property=\"og:image:height\" content=\"833\" \/>\n\t<meta property=\"og:image:type\" content=\"image\/jpeg\" \/>\n<meta name=\"twitter:card\" content=\"summary_large_image\" \/>\n<meta name=\"twitter:site\" content=\"@ticaretedutr\" \/>\n<meta name=\"twitter:label1\" content=\"Tahmini okuma s\u00fcresi\" \/>\n\t<meta name=\"twitter:data1\" content=\"4 dakika\" \/>\n<script type=\"application\/ld+json\" class=\"yoast-schema-graph\">{\"@context\":\"https:\/\/schema.org\",\"@graph\":[{\"@type\":\"WebPage\",\"@id\":\"https:\/\/ticaret.edu.tr\/universite-is-dunyasi-iliskileri-uygulama-ve-arastirma-merkezi\/\",\"url\":\"https:\/\/ticaret.edu.tr\/universite-is-dunyasi-iliskileri-uygulama-ve-arastirma-merkezi\/\",\"name\":\"Ana Sayfa - \u00dcniversite-\u0130\u015f D\u00fcnyas\u0131 \u0130li\u015fkileri Uygulama ve Ara\u015ft\u0131rma Merkezi\",\"isPartOf\":{\"@id\":\"https:\/\/ticaret.edu.tr\/universite-is-dunyasi-iliskileri-uygulama-ve-arastirma-merkezi\/#website\"},\"datePublished\":\"2020-05-14T04:34:21+00:00\",\"dateModified\":\"2025-02-26T10:44:58+00:00\",\"description\":\"Anasayfa\",\"breadcrumb\":{\"@id\":\"https:\/\/ticaret.edu.tr\/universite-is-dunyasi-iliskileri-uygulama-ve-arastirma-merkezi\/#breadcrumb\"},\"inLanguage\":\"tr\",\"potentialAction\":[{\"@type\":\"ReadAction\",\"target\":[\"https:\/\/ticaret.edu.tr\/universite-is-dunyasi-iliskileri-uygulama-ve-arastirma-merkezi\/\"]}]},{\"@type\":\"BreadcrumbList\",\"@id\":\"https:\/\/ticaret.edu.tr\/universite-is-dunyasi-iliskileri-uygulama-ve-arastirma-merkezi\/#breadcrumb\",\"itemListElement\":[{\"@type\":\"ListItem\",\"position\":1,\"name\":\"Ana sayfa\",\"item\":\"https:\/\/ticaret.edu.tr\/universite-is-dunyasi-iliskileri-uygulama-ve-arastirma-merkezi\/\"},{\"@type\":\"ListItem\",\"position\":2,\"name\":\"Ana Sayfa\"}]},{\"@type\":\"WebSite\",\"@id\":\"https:\/\/ticaret.edu.tr\/universite-is-dunyasi-iliskileri-uygulama-ve-arastirma-merkezi\/#website\",\"url\":\"https:\/\/ticaret.edu.tr\/universite-is-dunyasi-iliskileri-uygulama-ve-arastirma-merkezi\/\",\"name\":\"\u00dcniversite-\u0130\u015f D\u00fcnyas\u0131 \u0130li\u015fkileri Uygulama ve Ara\u015ft\u0131rma Merkezi\",\"description\":\"Bir ba\u015fka \u0130stanbul Ticaret \u00dcniversitesi site sitesi\",\"potentialAction\":[{\"@type\":\"SearchAction\",\"target\":{\"@type\":\"EntryPoint\",\"urlTemplate\":\"https:\/\/ticaret.edu.tr\/universite-is-dunyasi-iliskileri-uygulama-ve-arastirma-merkezi\/?s={search_term_string}\"},\"query-input\":\"required name=search_term_string\"}],\"inLanguage\":\"tr\"}]}<\/script>\n<!-- \/ Yoast SEO Premium plugin. -->","yoast_head_json":{"title":"Ana Sayfa - \u00dcniversite-\u0130\u015f D\u00fcnyas\u0131 \u0130li\u015fkileri Uygulama ve Ara\u015ft\u0131rma Merkezi","description":"Anasayfa","robots":{"index":"index","follow":"follow","max-snippet":"max-snippet:-1","max-image-preview":"max-image-preview:large","max-video-preview":"max-video-preview:-1"},"canonical":"https:\/\/ticaret.edu.tr\/universite-is-dunyasi-iliskileri-uygulama-ve-arastirma-merkezi\/","og_locale":"tr_TR","og_type":"article","og_title":"Ana Sayfa","og_description":"Anasayfa","og_url":"https:\/\/ticaret.edu.tr\/universite-is-dunyasi-iliskileri-uygulama-ve-arastirma-merkezi\/","og_site_name":"\u00dcniversite-\u0130\u015f D\u00fcnyas\u0131 \u0130li\u015fkileri Uygulama ve Ara\u015ft\u0131rma Merkezi","article_publisher":"https:\/\/www.facebook.com\/ticaretedutr","article_modified_time":"2025-02-26T10:44:58+00:00","og_image":[{"width":1250,"height":833,"url":"http:\/\/ticaret.edu.tr\/universite-is-dunyasi-iliskileri-uygulama-ve-arastirma-merkezi\/wp-content\/uploads\/sites\/51\/2021\/11\/web_logo-01.jpg","type":"image\/jpeg"}],"twitter_card":"summary_large_image","twitter_site":"@ticaretedutr","twitter_misc":{"Tahmini okuma s\u00fcresi":"4 dakika"},"schema":{"@context":"https:\/\/schema.org","@graph":[{"@type":"WebPage","@id":"https:\/\/ticaret.edu.tr\/universite-is-dunyasi-iliskileri-uygulama-ve-arastirma-merkezi\/","url":"https:\/\/ticaret.edu.tr\/universite-is-dunyasi-iliskileri-uygulama-ve-arastirma-merkezi\/","name":"Ana Sayfa - \u00dcniversite-\u0130\u015f D\u00fcnyas\u0131 \u0130li\u015fkileri Uygulama ve Ara\u015ft\u0131rma Merkezi","isPartOf":{"@id":"https:\/\/ticaret.edu.tr\/universite-is-dunyasi-iliskileri-uygulama-ve-arastirma-merkezi\/#website"},"datePublished":"2020-05-14T04:34:21+00:00","dateModified":"2025-02-26T10:44:58+00:00","description":"Anasayfa","breadcrumb":{"@id":"https:\/\/ticaret.edu.tr\/universite-is-dunyasi-iliskileri-uygulama-ve-arastirma-merkezi\/#breadcrumb"},"inLanguage":"tr","potentialAction":[{"@type":"ReadAction","target":["https:\/\/ticaret.edu.tr\/universite-is-dunyasi-iliskileri-uygulama-ve-arastirma-merkezi\/"]}]},{"@type":"BreadcrumbList","@id":"https:\/\/ticaret.edu.tr\/universite-is-dunyasi-iliskileri-uygulama-ve-arastirma-merkezi\/#breadcrumb","itemListElement":[{"@type":"ListItem","position":1,"name":"Ana sayfa","item":"https:\/\/ticaret.edu.tr\/universite-is-dunyasi-iliskileri-uygulama-ve-arastirma-merkezi\/"},{"@type":"ListItem","position":2,"name":"Ana Sayfa"}]},{"@type":"WebSite","@id":"https:\/\/ticaret.edu.tr\/universite-is-dunyasi-iliskileri-uygulama-ve-arastirma-merkezi\/#website","url":"https:\/\/ticaret.edu.tr\/universite-is-dunyasi-iliskileri-uygulama-ve-arastirma-merkezi\/","name":"\u00dcniversite-\u0130\u015f D\u00fcnyas\u0131 \u0130li\u015fkileri Uygulama ve Ara\u015ft\u0131rma Merkezi","description":"Bir ba\u015fka \u0130stanbul Ticaret \u00dcniversitesi site sitesi","potentialAction":[{"@type":"SearchAction","target":{"@type":"EntryPoint","urlTemplate":"https:\/\/ticaret.edu.tr\/universite-is-dunyasi-iliskileri-uygulama-ve-arastirma-merkezi\/?s={search_term_string}"},"query-input":"required name=search_term_string"}],"inLanguage":"tr"}]}},"lang":"tr","translations":{"en":110,"tr":5},"pll_sync_post":[],"_links":{"self":[{"href":"http:\/\/ticaret.edu.tr\/universite-is-dunyasi-iliskileri-uygulama-ve-arastirma-merkezi\/wp-json\/wp\/v2\/pages\/5"}],"collection":[{"href":"http:\/\/ticaret.edu.tr\/universite-is-dunyasi-iliskileri-uygulama-ve-arastirma-merkezi\/wp-json\/wp\/v2\/pages"}],"about":[{"href":"http:\/\/ticaret.edu.tr\/universite-is-dunyasi-iliskileri-uygulama-ve-arastirma-merkezi\/wp-json\/wp\/v2\/types\/page"}],"author":[{"embeddable":true,"href":"http:\/\/ticaret.edu.tr\/universite-is-dunyasi-iliskileri-uygulama-ve-arastirma-merkezi\/wp-json\/wp\/v2\/users\/228"}],"replies":[{"embeddable":true,"href":"http:\/\/ticaret.edu.tr\/universite-is-dunyasi-iliskileri-uygulama-ve-arastirma-merkezi\/wp-json\/wp\/v2\/comments?post=5"}],"version-history":[{"count":19,"href":"http:\/\/ticaret.edu.tr\/universite-is-dunyasi-iliskileri-uygulama-ve-arastirma-merkezi\/wp-json\/wp\/v2\/pages\/5\/revisions"}],"predecessor-version":[{"id":349,"href":"http:\/\/ticaret.edu.tr\/universite-is-dunyasi-iliskileri-uygulama-ve-arastirma-merkezi\/wp-json\/wp\/v2\/pages\/5\/revisions\/349"}],"wp:attachment":[{"href":"http:\/\/ticaret.edu.tr\/universite-is-dunyasi-iliskileri-uygulama-ve-arastirma-merkezi\/wp-json\/wp\/v2\/media?parent=5"}],"curies":[{"name":"wp","href":"https:\/\/api.w.org\/{rel}","templated":true}]}}