{"id":131,"date":"2025-01-26T20:39:24","date_gmt":"2025-01-26T17:39:24","guid":{"rendered":"https:\/\/ticaret.edu.tr\/yazilim-muhendisligi-ingilizce\/?page_id=131"},"modified":"2025-10-01T11:42:27","modified_gmt":"2025-10-01T08:42:27","slug":"giris-yazisi","status":"publish","type":"page","link":"http:\/\/ticaret.edu.tr\/yazilim-muhendisligi-ingilizce\/giris-yazisi\/","title":{"rendered":"Giri\u015f Yaz\u0131s\u0131"},"content":{"rendered":"<div data-olk-copy-source=\"MessageBody\">\n<p><strong>Yaz\u0131l\u0131m M\u00fchendisli\u011fi B\u00f6l\u00fcm\u00fcne Ho\u015f Geldiniz<\/strong><\/p>\n<p><strong>Sevgili \u00d6\u011frenciler, De\u011ferli Adaylar ve K\u0131ymetli Ziyaret\u00e7iler,<\/strong><\/p>\n<p>Yaz\u0131l\u0131m, g\u00fcn\u00fcm\u00fcz d\u00fcnyas\u0131nda yaln\u0131zca teknoloji \u015firketlerinin de\u011fil; e\u011fitimden sa\u011fl\u0131\u011fa, savunmadan tar\u0131ma kadar t\u00fcm sekt\u00f6rlerin temel yap\u0131 ta\u015f\u0131 haline gelmi\u015ftir. Bu d\u00f6n\u00fc\u015f\u00fcm\u00fcn merkezinde yer alan <strong>Yaz\u0131l\u0131m M\u00fchendisli\u011fi<\/strong>, g\u00fcvenilir, s\u00fcrd\u00fcr\u00fclebilir ve yenilik\u00e7i \u00e7\u00f6z\u00fcmler sunan sistemler geli\u015ftiren bir m\u00fchendislik disiplinidir.<\/p>\n<p><strong>B\u00f6l\u00fcm\u00fcm\u00fcz<\/strong>, g\u00fc\u00e7l\u00fc akademik kadrosu, s\u00fcrekli g\u00fcncellenen ders i\u00e7erikleri ve uygulamaya dayal\u0131 e\u011fitim anlay\u0131\u015f\u0131yla donan\u0131ml\u0131 m\u00fchendisler yeti\u015ftirmeyi ama\u00e7lamaktad\u0131r. \u00d6\u011frencilerimiz, teorik bilgilerini prati\u011fe d\u00f6kme f\u0131rsat\u0131 bulduklar\u0131 projelerle mezuniyet \u00f6ncesinde sekt\u00f6re haz\u0131r hale gelmektedir.<\/p>\n<p>E\u011fitim program\u0131m\u0131zda; algoritmalar, yaz\u0131l\u0131m dilleri, veritaban\u0131 sistemleri, yapay zek\u00e2, mobil uygulama geli\u015ftirme ve siber g\u00fcvenlik gibi teknik alanlar\u0131n yan\u0131 s\u0131ra, proje y\u00f6netimi, giri\u015fimcilik ve mesleki etik gibi tamamlay\u0131c\u0131 konulara da yer verilmektedir.<\/p>\n<p>Hedefimiz; sadece bug\u00fcn\u00fcn ihtiya\u00e7lar\u0131n\u0131 kar\u015f\u0131layan de\u011fil, ayn\u0131 zamanda <strong>gelece\u011fin teknolojilerine y\u00f6n verecek<\/strong> m\u00fchendisler yeti\u015ftirmektir.<\/p>\n<p><strong>Sizleri de bu dijital d\u00f6n\u00fc\u015f\u00fcm\u00fcn bir par\u00e7as\u0131 olmaya, birlikte daha yenilik\u00e7i bir d\u00fcnyaya katk\u0131 sunmaya davet ediyoruz.<\/strong><\/p>\n<p><strong>Sayg\u0131lar\u0131mla,<\/strong><br \/>\n<strong>Yaz\u0131l\u0131m M\u00fchendisli\u011fi B\u00f6l\u00fcm Ba\u015fkan\u0131<\/strong><\/p>\n<p><strong>Prof.Dr. Do\u011fan KAYA<\/strong><\/p>\n<\/div>\n","protected":false},"excerpt":{"rendered":"<p>Yaz\u0131l\u0131m M\u00fchendisli\u011fi B\u00f6l\u00fcm\u00fcne Ho\u015f Geldiniz Sevgili \u00d6\u011frenciler, De\u011ferli Adaylar ve K\u0131ymetli Ziyaret\u00e7iler, Yaz\u0131l\u0131m, g\u00fcn\u00fcm\u00fcz d\u00fcnyas\u0131nda yaln\u0131zca teknoloji \u015firketlerinin de\u011fil; e\u011fitimden sa\u011fl\u0131\u011fa, savunmadan tar\u0131ma kadar t\u00fcm sekt\u00f6rlerin temel yap\u0131 ta\u015f\u0131 haline gelmi\u015ftir. Bu d\u00f6n\u00fc\u015f\u00fcm\u00fcn merkezinde yer alan Yaz\u0131l\u0131m M\u00fchendisli\u011fi, g\u00fcvenilir, s\u00fcrd\u00fcr\u00fclebilir ve yenilik\u00e7i \u00e7\u00f6z\u00fcmler sunan sistemler geli\u015ftiren bir m\u00fchendislik disiplinidir. B\u00f6l\u00fcm\u00fcm\u00fcz, g\u00fc\u00e7l\u00fc akademik kadrosu, s\u00fcrekli g\u00fcncellenen [&hellip;]<\/p>\n","protected":false},"author":226,"featured_media":0,"parent":0,"menu_order":0,"comment_status":"closed","ping_status":"closed","template":"genel_sayfa.php","meta":{"footnotes":""},"yoast_head":"<!-- This site is optimized with the Yoast SEO Premium plugin v22.1 (Yoast SEO v22.1) - https:\/\/yoast.com\/wordpress\/plugins\/seo\/ -->\n<title>Giri\u015f Yaz\u0131s\u0131 - Yaz\u0131l\u0131m M\u00fchendisli\u011fi (\u0130ngilizce)<\/title>\n<meta name=\"robots\" content=\"index, follow, max-snippet:-1, max-image-preview:large, max-video-preview:-1\" \/>\n<link rel=\"canonical\" href=\"https:\/\/ticaret.edu.tr\/yazilim-muhendisligi-ingilizce\/giris-yazisi\/\" \/>\n<meta property=\"og:locale\" content=\"tr_TR\" \/>\n<meta property=\"og:type\" content=\"article\" \/>\n<meta property=\"og:title\" content=\"Giri\u015f Yaz\u0131s\u0131\" \/>\n<meta property=\"og:description\" content=\"Yaz\u0131l\u0131m M\u00fchendisli\u011fi B\u00f6l\u00fcm\u00fcne Ho\u015f Geldiniz Sevgili \u00d6\u011frenciler, De\u011ferli Adaylar ve K\u0131ymetli Ziyaret\u00e7iler, Yaz\u0131l\u0131m, g\u00fcn\u00fcm\u00fcz d\u00fcnyas\u0131nda yaln\u0131zca teknoloji \u015firketlerinin de\u011fil; e\u011fitimden sa\u011fl\u0131\u011fa, savunmadan tar\u0131ma kadar t\u00fcm sekt\u00f6rlerin temel yap\u0131 ta\u015f\u0131 haline gelmi\u015ftir. Bu d\u00f6n\u00fc\u015f\u00fcm\u00fcn merkezinde yer alan Yaz\u0131l\u0131m M\u00fchendisli\u011fi, g\u00fcvenilir, s\u00fcrd\u00fcr\u00fclebilir ve yenilik\u00e7i \u00e7\u00f6z\u00fcmler sunan sistemler geli\u015ftiren bir m\u00fchendislik disiplinidir. B\u00f6l\u00fcm\u00fcm\u00fcz, g\u00fc\u00e7l\u00fc akademik kadrosu, s\u00fcrekli g\u00fcncellenen [&hellip;]\" \/>\n<meta property=\"og:url\" content=\"https:\/\/ticaret.edu.tr\/yazilim-muhendisligi-ingilizce\/giris-yazisi\/\" \/>\n<meta property=\"og:site_name\" content=\"Yaz\u0131l\u0131m M\u00fchendisli\u011fi (\u0130ngilizce)\" \/>\n<meta property=\"article:publisher\" content=\"https:\/\/www.facebook.com\/ticaretedutr\" \/>\n<meta property=\"article:modified_time\" content=\"2025-10-01T08:42:27+00:00\" \/>\n<meta name=\"twitter:card\" content=\"summary_large_image\" \/>\n<meta name=\"twitter:site\" content=\"@ticaretedutr\" \/>\n<meta name=\"twitter:label1\" content=\"Tahmini okuma s\u00fcresi\" \/>\n\t<meta name=\"twitter:data1\" content=\"1 dakika\" \/>\n<script type=\"application\/ld+json\" class=\"yoast-schema-graph\">{\"@context\":\"https:\/\/schema.org\",\"@graph\":[{\"@type\":\"WebPage\",\"@id\":\"https:\/\/ticaret.edu.tr\/yazilim-muhendisligi-ingilizce\/giris-yazisi\/\",\"url\":\"https:\/\/ticaret.edu.tr\/yazilim-muhendisligi-ingilizce\/giris-yazisi\/\",\"name\":\"Giri\u015f Yaz\u0131s\u0131 - Yaz\u0131l\u0131m M\u00fchendisli\u011fi (\u0130ngilizce)\",\"isPartOf\":{\"@id\":\"https:\/\/ticaret.edu.tr\/yazilim-muhendisligi-ingilizce\/#website\"},\"datePublished\":\"2025-01-26T17:39:24+00:00\",\"dateModified\":\"2025-10-01T08:42:27+00:00\",\"breadcrumb\":{\"@id\":\"https:\/\/ticaret.edu.tr\/yazilim-muhendisligi-ingilizce\/giris-yazisi\/#breadcrumb\"},\"inLanguage\":\"tr\",\"potentialAction\":[{\"@type\":\"ReadAction\",\"target\":[\"https:\/\/ticaret.edu.tr\/yazilim-muhendisligi-ingilizce\/giris-yazisi\/\"]}]},{\"@type\":\"BreadcrumbList\",\"@id\":\"https:\/\/ticaret.edu.tr\/yazilim-muhendisligi-ingilizce\/giris-yazisi\/#breadcrumb\",\"itemListElement\":[{\"@type\":\"ListItem\",\"position\":1,\"name\":\"Ana sayfa\",\"item\":\"https:\/\/ticaret.edu.tr\/yazilim-muhendisligi-ingilizce\/\"},{\"@type\":\"ListItem\",\"position\":2,\"name\":\"Giri\u015f Yaz\u0131s\u0131\"}]},{\"@type\":\"WebSite\",\"@id\":\"https:\/\/ticaret.edu.tr\/yazilim-muhendisligi-ingilizce\/#website\",\"url\":\"https:\/\/ticaret.edu.tr\/yazilim-muhendisligi-ingilizce\/\",\"name\":\"Yaz\u0131l\u0131m M\u00fchendisli\u011fi (\u0130ngilizce)\",\"description\":\"\",\"publisher\":{\"@id\":\"https:\/\/ticaret.edu.tr\/yazilim-muhendisligi-ingilizce\/#organization\"},\"potentialAction\":[{\"@type\":\"SearchAction\",\"target\":{\"@type\":\"EntryPoint\",\"urlTemplate\":\"https:\/\/ticaret.edu.tr\/yazilim-muhendisligi-ingilizce\/?s={search_term_string}\"},\"query-input\":\"required name=search_term_string\"}],\"inLanguage\":\"tr\"},{\"@type\":\"Organization\",\"@id\":\"https:\/\/ticaret.edu.tr\/yazilim-muhendisligi-ingilizce\/#organization\",\"name\":\"\u0130stanbul Ticaret \u00dcniversitesi\",\"url\":\"https:\/\/ticaret.edu.tr\/yazilim-muhendisligi-ingilizce\/\",\"logo\":{\"@type\":\"ImageObject\",\"inLanguage\":\"tr\",\"@id\":\"https:\/\/ticaret.edu.tr\/yazilim-muhendisligi-ingilizce\/#\/schema\/logo\/image\/\",\"url\":\"https:\/\/ticaret.edu.tr\/wp-content\/uploads\/2021\/11\/logo22.png\",\"contentUrl\":\"https:\/\/ticaret.edu.tr\/wp-content\/uploads\/2021\/11\/logo22.png\",\"width\":172,\"height\":112,\"caption\":\"\u0130stanbul Ticaret \u00dcniversitesi\"},\"image\":{\"@id\":\"https:\/\/ticaret.edu.tr\/yazilim-muhendisligi-ingilizce\/#\/schema\/logo\/image\/\"},\"sameAs\":[\"https:\/\/www.facebook.com\/ticaretedutr\",\"https:\/\/twitter.com\/ticaretedutr\"]}]}<\/script>\n<!-- \/ Yoast SEO Premium plugin. -->","yoast_head_json":{"title":"Giri\u015f Yaz\u0131s\u0131 - Yaz\u0131l\u0131m M\u00fchendisli\u011fi (\u0130ngilizce)","robots":{"index":"index","follow":"follow","max-snippet":"max-snippet:-1","max-image-preview":"max-image-preview:large","max-video-preview":"max-video-preview:-1"},"canonical":"https:\/\/ticaret.edu.tr\/yazilim-muhendisligi-ingilizce\/giris-yazisi\/","og_locale":"tr_TR","og_type":"article","og_title":"Giri\u015f Yaz\u0131s\u0131","og_description":"Yaz\u0131l\u0131m M\u00fchendisli\u011fi B\u00f6l\u00fcm\u00fcne Ho\u015f Geldiniz Sevgili \u00d6\u011frenciler, De\u011ferli Adaylar ve K\u0131ymetli Ziyaret\u00e7iler, Yaz\u0131l\u0131m, g\u00fcn\u00fcm\u00fcz d\u00fcnyas\u0131nda yaln\u0131zca teknoloji \u015firketlerinin de\u011fil; e\u011fitimden sa\u011fl\u0131\u011fa, savunmadan tar\u0131ma kadar t\u00fcm sekt\u00f6rlerin temel yap\u0131 ta\u015f\u0131 haline gelmi\u015ftir. Bu d\u00f6n\u00fc\u015f\u00fcm\u00fcn merkezinde yer alan Yaz\u0131l\u0131m M\u00fchendisli\u011fi, g\u00fcvenilir, s\u00fcrd\u00fcr\u00fclebilir ve yenilik\u00e7i \u00e7\u00f6z\u00fcmler sunan sistemler geli\u015ftiren bir m\u00fchendislik disiplinidir. B\u00f6l\u00fcm\u00fcm\u00fcz, g\u00fc\u00e7l\u00fc akademik kadrosu, s\u00fcrekli g\u00fcncellenen [&hellip;]","og_url":"https:\/\/ticaret.edu.tr\/yazilim-muhendisligi-ingilizce\/giris-yazisi\/","og_site_name":"Yaz\u0131l\u0131m M\u00fchendisli\u011fi (\u0130ngilizce)","article_publisher":"https:\/\/www.facebook.com\/ticaretedutr","article_modified_time":"2025-10-01T08:42:27+00:00","twitter_card":"summary_large_image","twitter_site":"@ticaretedutr","twitter_misc":{"Tahmini okuma s\u00fcresi":"1 dakika"},"schema":{"@context":"https:\/\/schema.org","@graph":[{"@type":"WebPage","@id":"https:\/\/ticaret.edu.tr\/yazilim-muhendisligi-ingilizce\/giris-yazisi\/","url":"https:\/\/ticaret.edu.tr\/yazilim-muhendisligi-ingilizce\/giris-yazisi\/","name":"Giri\u015f Yaz\u0131s\u0131 - Yaz\u0131l\u0131m M\u00fchendisli\u011fi (\u0130ngilizce)","isPartOf":{"@id":"https:\/\/ticaret.edu.tr\/yazilim-muhendisligi-ingilizce\/#website"},"datePublished":"2025-01-26T17:39:24+00:00","dateModified":"2025-10-01T08:42:27+00:00","breadcrumb":{"@id":"https:\/\/ticaret.edu.tr\/yazilim-muhendisligi-ingilizce\/giris-yazisi\/#breadcrumb"},"inLanguage":"tr","potentialAction":[{"@type":"ReadAction","target":["https:\/\/ticaret.edu.tr\/yazilim-muhendisligi-ingilizce\/giris-yazisi\/"]}]},{"@type":"BreadcrumbList","@id":"https:\/\/ticaret.edu.tr\/yazilim-muhendisligi-ingilizce\/giris-yazisi\/#breadcrumb","itemListElement":[{"@type":"ListItem","position":1,"name":"Ana sayfa","item":"https:\/\/ticaret.edu.tr\/yazilim-muhendisligi-ingilizce\/"},{"@type":"ListItem","position":2,"name":"Giri\u015f Yaz\u0131s\u0131"}]},{"@type":"WebSite","@id":"https:\/\/ticaret.edu.tr\/yazilim-muhendisligi-ingilizce\/#website","url":"https:\/\/ticaret.edu.tr\/yazilim-muhendisligi-ingilizce\/","name":"Yaz\u0131l\u0131m M\u00fchendisli\u011fi (\u0130ngilizce)","description":"","publisher":{"@id":"https:\/\/ticaret.edu.tr\/yazilim-muhendisligi-ingilizce\/#organization"},"potentialAction":[{"@type":"SearchAction","target":{"@type":"EntryPoint","urlTemplate":"https:\/\/ticaret.edu.tr\/yazilim-muhendisligi-ingilizce\/?s={search_term_string}"},"query-input":"required name=search_term_string"}],"inLanguage":"tr"},{"@type":"Organization","@id":"https:\/\/ticaret.edu.tr\/yazilim-muhendisligi-ingilizce\/#organization","name":"\u0130stanbul Ticaret \u00dcniversitesi","url":"https:\/\/ticaret.edu.tr\/yazilim-muhendisligi-ingilizce\/","logo":{"@type":"ImageObject","inLanguage":"tr","@id":"https:\/\/ticaret.edu.tr\/yazilim-muhendisligi-ingilizce\/#\/schema\/logo\/image\/","url":"https:\/\/ticaret.edu.tr\/wp-content\/uploads\/2021\/11\/logo22.png","contentUrl":"https:\/\/ticaret.edu.tr\/wp-content\/uploads\/2021\/11\/logo22.png","width":172,"height":112,"caption":"\u0130stanbul Ticaret \u00dcniversitesi"},"image":{"@id":"https:\/\/ticaret.edu.tr\/yazilim-muhendisligi-ingilizce\/#\/schema\/logo\/image\/"},"sameAs":["https:\/\/www.facebook.com\/ticaretedutr","https:\/\/twitter.com\/ticaretedutr"]}]}},"lang":"tr","translations":{"tr":131,"en":353},"pll_sync_post":[],"_links":{"self":[{"href":"http:\/\/ticaret.edu.tr\/yazilim-muhendisligi-ingilizce\/wp-json\/wp\/v2\/pages\/131"}],"collection":[{"href":"http:\/\/ticaret.edu.tr\/yazilim-muhendisligi-ingilizce\/wp-json\/wp\/v2\/pages"}],"about":[{"href":"http:\/\/ticaret.edu.tr\/yazilim-muhendisligi-ingilizce\/wp-json\/wp\/v2\/types\/page"}],"author":[{"embeddable":true,"href":"http:\/\/ticaret.edu.tr\/yazilim-muhendisligi-ingilizce\/wp-json\/wp\/v2\/users\/226"}],"replies":[{"embeddable":true,"href":"http:\/\/ticaret.edu.tr\/yazilim-muhendisligi-ingilizce\/wp-json\/wp\/v2\/comments?post=131"}],"version-history":[{"count":5,"href":"http:\/\/ticaret.edu.tr\/yazilim-muhendisligi-ingilizce\/wp-json\/wp\/v2\/pages\/131\/revisions"}],"predecessor-version":[{"id":701,"href":"http:\/\/ticaret.edu.tr\/yazilim-muhendisligi-ingilizce\/wp-json\/wp\/v2\/pages\/131\/revisions\/701"}],"wp:attachment":[{"href":"http:\/\/ticaret.edu.tr\/yazilim-muhendisligi-ingilizce\/wp-json\/wp\/v2\/media?parent=131"}],"curies":[{"name":"wp","href":"https:\/\/api.w.org\/{rel}","templated":true}]}}