{"id":140,"date":"2025-01-26T20:40:09","date_gmt":"2025-01-26T17:40:09","guid":{"rendered":"https:\/\/ticaret.edu.tr\/yazilim-muhendisligi-ingilizce\/?page_id=140"},"modified":"2025-10-03T14:25:36","modified_gmt":"2025-10-03T11:25:36","slug":"tarihce","status":"publish","type":"page","link":"http:\/\/ticaret.edu.tr\/yazilim-muhendisligi-ingilizce\/tarihce\/","title":{"rendered":"Tarih\u00e7e"},"content":{"rendered":"<p style=\"text-align: justify;line-height: 150%\">2022 y\u0131l\u0131nda Y\u00fcksek \u00d6\u011fretim Kurumundan onay alan Yaz\u0131l\u0131m M\u00fchendisli\u011fi B\u00f6l\u00fcm\u00fcm\u00fcz ilk \u00f6\u011frencilerini 2023-2024 e\u011fitim-\u00f6\u011fretim y\u0131l\u0131nda kabul etti. G\u00fcn\u00fcm\u00fcz ve gelece\u011fin aranan meslekleri aras\u0131nda yer alan Yaz\u0131l\u0131m\u00a0M\u00fchendisli\u011fi bilhassa katma de\u011ferli \u00fcr\u00fcn geli\u015ftirmeye mecbur olan \u00fclkemiz i\u00e7in \u00f6ncelikli alanlar aras\u0131na girmektedir. B\u00f6l\u00fcm\u00fcm\u00fcz m\u00fcfredat\u0131, yaz\u0131l\u0131m sekt\u00f6r\u00fcn\u00fcn gereksinimleri do\u011frultusunda ve \u0130stanbul Ticaret Odas\u0131 Bili\u015fim Sekt\u00f6r Komitesi ile ortak \u00e7al\u0131\u015fmalar neticesinde \u015fekillendirilmi\u015f, b\u00fcy\u00fck \u00f6l\u00e7ekli yaz\u0131l\u0131mlar\u0131n geli\u015ftirmesinin her a\u015famas\u0131nda g\u00f6rev alabilecek niteliklerde mezunlar vermeye y\u00f6neliktir. B\u00f6l\u00fcm\u00fcm\u00fcz\u00fcn bu ama\u00e7lara ula\u015fma gayesindeki en b\u00fcy\u00fck destek\u00e7isi \u0130stanbul Ticaret \u00dcniversitesi\u2019nin kurucusu olan \u0130stanbul Ticaret Odas\u0131d\u0131r.<\/p>\n","protected":false},"excerpt":{"rendered":"<p>2022 y\u0131l\u0131nda Y\u00fcksek \u00d6\u011fretim Kurumundan onay alan Yaz\u0131l\u0131m M\u00fchendisli\u011fi B\u00f6l\u00fcm\u00fcm\u00fcz ilk \u00f6\u011frencilerini 2023-2024 e\u011fitim-\u00f6\u011fretim y\u0131l\u0131nda kabul etti. G\u00fcn\u00fcm\u00fcz ve gelece\u011fin aranan meslekleri aras\u0131nda yer alan Yaz\u0131l\u0131m\u00a0M\u00fchendisli\u011fi bilhassa katma de\u011ferli \u00fcr\u00fcn geli\u015ftirmeye mecbur olan \u00fclkemiz i\u00e7in \u00f6ncelikli alanlar aras\u0131na girmektedir. B\u00f6l\u00fcm\u00fcm\u00fcz m\u00fcfredat\u0131, yaz\u0131l\u0131m sekt\u00f6r\u00fcn\u00fcn gereksinimleri do\u011frultusunda ve \u0130stanbul Ticaret Odas\u0131 Bili\u015fim Sekt\u00f6r Komitesi ile ortak \u00e7al\u0131\u015fmalar [&hellip;]<\/p>\n","protected":false},"author":226,"featured_media":0,"parent":0,"menu_order":0,"comment_status":"closed","ping_status":"closed","template":"genel_sayfa.php","meta":{"footnotes":""},"yoast_head":"<!-- This site is optimized with the Yoast SEO Premium plugin v22.1 (Yoast SEO v22.1) - https:\/\/yoast.com\/wordpress\/plugins\/seo\/ -->\n<title>Tarih\u00e7e - Yaz\u0131l\u0131m M\u00fchendisli\u011fi (\u0130ngilizce)<\/title>\n<meta name=\"robots\" content=\"index, follow, max-snippet:-1, max-image-preview:large, max-video-preview:-1\" \/>\n<link rel=\"canonical\" href=\"https:\/\/ticaret.edu.tr\/yazilim-muhendisligi-ingilizce\/tarihce\/\" \/>\n<meta property=\"og:locale\" content=\"tr_TR\" \/>\n<meta property=\"og:type\" content=\"article\" \/>\n<meta property=\"og:title\" content=\"Tarih\u00e7e\" \/>\n<meta property=\"og:description\" content=\"2022 y\u0131l\u0131nda Y\u00fcksek \u00d6\u011fretim Kurumundan onay alan Yaz\u0131l\u0131m M\u00fchendisli\u011fi B\u00f6l\u00fcm\u00fcm\u00fcz ilk \u00f6\u011frencilerini 2023-2024 e\u011fitim-\u00f6\u011fretim y\u0131l\u0131nda kabul etti. G\u00fcn\u00fcm\u00fcz ve gelece\u011fin aranan meslekleri aras\u0131nda yer alan Yaz\u0131l\u0131m\u00a0M\u00fchendisli\u011fi bilhassa katma de\u011ferli \u00fcr\u00fcn geli\u015ftirmeye mecbur olan \u00fclkemiz i\u00e7in \u00f6ncelikli alanlar aras\u0131na girmektedir. B\u00f6l\u00fcm\u00fcm\u00fcz m\u00fcfredat\u0131, yaz\u0131l\u0131m sekt\u00f6r\u00fcn\u00fcn gereksinimleri do\u011frultusunda ve \u0130stanbul Ticaret Odas\u0131 Bili\u015fim Sekt\u00f6r Komitesi ile ortak \u00e7al\u0131\u015fmalar [&hellip;]\" \/>\n<meta property=\"og:url\" content=\"https:\/\/ticaret.edu.tr\/yazilim-muhendisligi-ingilizce\/tarihce\/\" \/>\n<meta property=\"og:site_name\" content=\"Yaz\u0131l\u0131m M\u00fchendisli\u011fi (\u0130ngilizce)\" \/>\n<meta property=\"article:publisher\" content=\"https:\/\/www.facebook.com\/ticaretedutr\" \/>\n<meta property=\"article:modified_time\" content=\"2025-10-03T11:25:36+00:00\" \/>\n<meta name=\"twitter:card\" content=\"summary_large_image\" \/>\n<meta name=\"twitter:site\" content=\"@ticaretedutr\" \/>\n<meta name=\"twitter:label1\" content=\"Tahmini okuma s\u00fcresi\" \/>\n\t<meta name=\"twitter:data1\" content=\"1 dakika\" \/>\n<script type=\"application\/ld+json\" class=\"yoast-schema-graph\">{\"@context\":\"https:\/\/schema.org\",\"@graph\":[{\"@type\":\"WebPage\",\"@id\":\"https:\/\/ticaret.edu.tr\/yazilim-muhendisligi-ingilizce\/tarihce\/\",\"url\":\"https:\/\/ticaret.edu.tr\/yazilim-muhendisligi-ingilizce\/tarihce\/\",\"name\":\"Tarih\u00e7e - Yaz\u0131l\u0131m M\u00fchendisli\u011fi (\u0130ngilizce)\",\"isPartOf\":{\"@id\":\"https:\/\/ticaret.edu.tr\/yazilim-muhendisligi-ingilizce\/#website\"},\"datePublished\":\"2025-01-26T17:40:09+00:00\",\"dateModified\":\"2025-10-03T11:25:36+00:00\",\"breadcrumb\":{\"@id\":\"https:\/\/ticaret.edu.tr\/yazilim-muhendisligi-ingilizce\/tarihce\/#breadcrumb\"},\"inLanguage\":\"tr\",\"potentialAction\":[{\"@type\":\"ReadAction\",\"target\":[\"https:\/\/ticaret.edu.tr\/yazilim-muhendisligi-ingilizce\/tarihce\/\"]}]},{\"@type\":\"BreadcrumbList\",\"@id\":\"https:\/\/ticaret.edu.tr\/yazilim-muhendisligi-ingilizce\/tarihce\/#breadcrumb\",\"itemListElement\":[{\"@type\":\"ListItem\",\"position\":1,\"name\":\"Ana sayfa\",\"item\":\"https:\/\/ticaret.edu.tr\/yazilim-muhendisligi-ingilizce\/\"},{\"@type\":\"ListItem\",\"position\":2,\"name\":\"Tarih\u00e7e\"}]},{\"@type\":\"WebSite\",\"@id\":\"https:\/\/ticaret.edu.tr\/yazilim-muhendisligi-ingilizce\/#website\",\"url\":\"https:\/\/ticaret.edu.tr\/yazilim-muhendisligi-ingilizce\/\",\"name\":\"Yaz\u0131l\u0131m M\u00fchendisli\u011fi (\u0130ngilizce)\",\"description\":\"\",\"publisher\":{\"@id\":\"https:\/\/ticaret.edu.tr\/yazilim-muhendisligi-ingilizce\/#organization\"},\"potentialAction\":[{\"@type\":\"SearchAction\",\"target\":{\"@type\":\"EntryPoint\",\"urlTemplate\":\"https:\/\/ticaret.edu.tr\/yazilim-muhendisligi-ingilizce\/?s={search_term_string}\"},\"query-input\":\"required name=search_term_string\"}],\"inLanguage\":\"tr\"},{\"@type\":\"Organization\",\"@id\":\"https:\/\/ticaret.edu.tr\/yazilim-muhendisligi-ingilizce\/#organization\",\"name\":\"\u0130stanbul Ticaret \u00dcniversitesi\",\"url\":\"https:\/\/ticaret.edu.tr\/yazilim-muhendisligi-ingilizce\/\",\"logo\":{\"@type\":\"ImageObject\",\"inLanguage\":\"tr\",\"@id\":\"https:\/\/ticaret.edu.tr\/yazilim-muhendisligi-ingilizce\/#\/schema\/logo\/image\/\",\"url\":\"https:\/\/ticaret.edu.tr\/wp-content\/uploads\/2021\/11\/logo22.png\",\"contentUrl\":\"https:\/\/ticaret.edu.tr\/wp-content\/uploads\/2021\/11\/logo22.png\",\"width\":172,\"height\":112,\"caption\":\"\u0130stanbul Ticaret \u00dcniversitesi\"},\"image\":{\"@id\":\"https:\/\/ticaret.edu.tr\/yazilim-muhendisligi-ingilizce\/#\/schema\/logo\/image\/\"},\"sameAs\":[\"https:\/\/www.facebook.com\/ticaretedutr\",\"https:\/\/twitter.com\/ticaretedutr\"]}]}<\/script>\n<!-- \/ Yoast SEO Premium plugin. -->","yoast_head_json":{"title":"Tarih\u00e7e - Yaz\u0131l\u0131m M\u00fchendisli\u011fi (\u0130ngilizce)","robots":{"index":"index","follow":"follow","max-snippet":"max-snippet:-1","max-image-preview":"max-image-preview:large","max-video-preview":"max-video-preview:-1"},"canonical":"https:\/\/ticaret.edu.tr\/yazilim-muhendisligi-ingilizce\/tarihce\/","og_locale":"tr_TR","og_type":"article","og_title":"Tarih\u00e7e","og_description":"2022 y\u0131l\u0131nda Y\u00fcksek \u00d6\u011fretim Kurumundan onay alan Yaz\u0131l\u0131m M\u00fchendisli\u011fi B\u00f6l\u00fcm\u00fcm\u00fcz ilk \u00f6\u011frencilerini 2023-2024 e\u011fitim-\u00f6\u011fretim y\u0131l\u0131nda kabul etti. G\u00fcn\u00fcm\u00fcz ve gelece\u011fin aranan meslekleri aras\u0131nda yer alan Yaz\u0131l\u0131m\u00a0M\u00fchendisli\u011fi bilhassa katma de\u011ferli \u00fcr\u00fcn geli\u015ftirmeye mecbur olan \u00fclkemiz i\u00e7in \u00f6ncelikli alanlar aras\u0131na girmektedir. B\u00f6l\u00fcm\u00fcm\u00fcz m\u00fcfredat\u0131, yaz\u0131l\u0131m sekt\u00f6r\u00fcn\u00fcn gereksinimleri do\u011frultusunda ve \u0130stanbul Ticaret Odas\u0131 Bili\u015fim Sekt\u00f6r Komitesi ile ortak \u00e7al\u0131\u015fmalar [&hellip;]","og_url":"https:\/\/ticaret.edu.tr\/yazilim-muhendisligi-ingilizce\/tarihce\/","og_site_name":"Yaz\u0131l\u0131m M\u00fchendisli\u011fi (\u0130ngilizce)","article_publisher":"https:\/\/www.facebook.com\/ticaretedutr","article_modified_time":"2025-10-03T11:25:36+00:00","twitter_card":"summary_large_image","twitter_site":"@ticaretedutr","twitter_misc":{"Tahmini okuma s\u00fcresi":"1 dakika"},"schema":{"@context":"https:\/\/schema.org","@graph":[{"@type":"WebPage","@id":"https:\/\/ticaret.edu.tr\/yazilim-muhendisligi-ingilizce\/tarihce\/","url":"https:\/\/ticaret.edu.tr\/yazilim-muhendisligi-ingilizce\/tarihce\/","name":"Tarih\u00e7e - Yaz\u0131l\u0131m M\u00fchendisli\u011fi (\u0130ngilizce)","isPartOf":{"@id":"https:\/\/ticaret.edu.tr\/yazilim-muhendisligi-ingilizce\/#website"},"datePublished":"2025-01-26T17:40:09+00:00","dateModified":"2025-10-03T11:25:36+00:00","breadcrumb":{"@id":"https:\/\/ticaret.edu.tr\/yazilim-muhendisligi-ingilizce\/tarihce\/#breadcrumb"},"inLanguage":"tr","potentialAction":[{"@type":"ReadAction","target":["https:\/\/ticaret.edu.tr\/yazilim-muhendisligi-ingilizce\/tarihce\/"]}]},{"@type":"BreadcrumbList","@id":"https:\/\/ticaret.edu.tr\/yazilim-muhendisligi-ingilizce\/tarihce\/#breadcrumb","itemListElement":[{"@type":"ListItem","position":1,"name":"Ana sayfa","item":"https:\/\/ticaret.edu.tr\/yazilim-muhendisligi-ingilizce\/"},{"@type":"ListItem","position":2,"name":"Tarih\u00e7e"}]},{"@type":"WebSite","@id":"https:\/\/ticaret.edu.tr\/yazilim-muhendisligi-ingilizce\/#website","url":"https:\/\/ticaret.edu.tr\/yazilim-muhendisligi-ingilizce\/","name":"Yaz\u0131l\u0131m M\u00fchendisli\u011fi (\u0130ngilizce)","description":"","publisher":{"@id":"https:\/\/ticaret.edu.tr\/yazilim-muhendisligi-ingilizce\/#organization"},"potentialAction":[{"@type":"SearchAction","target":{"@type":"EntryPoint","urlTemplate":"https:\/\/ticaret.edu.tr\/yazilim-muhendisligi-ingilizce\/?s={search_term_string}"},"query-input":"required name=search_term_string"}],"inLanguage":"tr"},{"@type":"Organization","@id":"https:\/\/ticaret.edu.tr\/yazilim-muhendisligi-ingilizce\/#organization","name":"\u0130stanbul Ticaret \u00dcniversitesi","url":"https:\/\/ticaret.edu.tr\/yazilim-muhendisligi-ingilizce\/","logo":{"@type":"ImageObject","inLanguage":"tr","@id":"https:\/\/ticaret.edu.tr\/yazilim-muhendisligi-ingilizce\/#\/schema\/logo\/image\/","url":"https:\/\/ticaret.edu.tr\/wp-content\/uploads\/2021\/11\/logo22.png","contentUrl":"https:\/\/ticaret.edu.tr\/wp-content\/uploads\/2021\/11\/logo22.png","width":172,"height":112,"caption":"\u0130stanbul Ticaret \u00dcniversitesi"},"image":{"@id":"https:\/\/ticaret.edu.tr\/yazilim-muhendisligi-ingilizce\/#\/schema\/logo\/image\/"},"sameAs":["https:\/\/www.facebook.com\/ticaretedutr","https:\/\/twitter.com\/ticaretedutr"]}]}},"lang":"tr","translations":{"tr":140,"en":362},"pll_sync_post":[],"_links":{"self":[{"href":"http:\/\/ticaret.edu.tr\/yazilim-muhendisligi-ingilizce\/wp-json\/wp\/v2\/pages\/140"}],"collection":[{"href":"http:\/\/ticaret.edu.tr\/yazilim-muhendisligi-ingilizce\/wp-json\/wp\/v2\/pages"}],"about":[{"href":"http:\/\/ticaret.edu.tr\/yazilim-muhendisligi-ingilizce\/wp-json\/wp\/v2\/types\/page"}],"author":[{"embeddable":true,"href":"http:\/\/ticaret.edu.tr\/yazilim-muhendisligi-ingilizce\/wp-json\/wp\/v2\/users\/226"}],"replies":[{"embeddable":true,"href":"http:\/\/ticaret.edu.tr\/yazilim-muhendisligi-ingilizce\/wp-json\/wp\/v2\/comments?post=140"}],"version-history":[{"count":2,"href":"http:\/\/ticaret.edu.tr\/yazilim-muhendisligi-ingilizce\/wp-json\/wp\/v2\/pages\/140\/revisions"}],"predecessor-version":[{"id":744,"href":"http:\/\/ticaret.edu.tr\/yazilim-muhendisligi-ingilizce\/wp-json\/wp\/v2\/pages\/140\/revisions\/744"}],"wp:attachment":[{"href":"http:\/\/ticaret.edu.tr\/yazilim-muhendisligi-ingilizce\/wp-json\/wp\/v2\/media?parent=140"}],"curies":[{"name":"wp","href":"https:\/\/api.w.org\/{rel}","templated":true}]}}