{"id":177,"date":"2025-01-26T20:44:27","date_gmt":"2025-01-26T17:44:27","guid":{"rendered":"https:\/\/ticaret.edu.tr\/yazilim-muhendisligi-ingilizce\/?page_id=177"},"modified":"2025-10-16T23:14:49","modified_gmt":"2025-10-16T20:14:49","slug":"lisans-genel-bilgi","status":"publish","type":"page","link":"http:\/\/ticaret.edu.tr\/yazilim-muhendisligi-ingilizce\/lisans-genel-bilgi\/","title":{"rendered":"Genel Bilgi"},"content":{"rendered":"<p>Yaz\u0131l\u0131m M\u00fchendisli\u011fi Program\u0131 100% \u0130ngilizce olarak 2022 y\u0131l\u0131nda kurulmu\u015ftur. Yaz\u0131l\u0131m m\u00fchendisli\u011fi program\u0131nda sadece lisans e\u011fitimi verilmektedir.<\/p>\n<p>Lisans e\u011fitimi \u00f6ncesi bir y\u0131l s\u00fcreli haz\u0131rl\u0131k e\u011fitimi zorunludur. \u00d6\u011frenci yeterli dil bilgisine sahipse, dil s\u0131nav\u0131ndan ba\u015far\u0131l\u0131 olmas\u0131 ko\u015fuluyla do\u011frudan 1. s\u0131n\u0131fa kay\u0131t yapt\u0131rabilir.<\/p>\n<p>Mezuniyet i\u00e7in \u00f6\u011frencilerimizin m\u00fcfredatlar\u0131nda tan\u0131mlanm\u0131\u015f toplamda 240 AKTS olan dersleri en az 2.0 ortalama ile ve toplamda 40<br \/>\ng\u00fcn olan iki staj d\u00f6nemini de ba\u015far\u0131l\u0131 \u015fekilde tamamlamalar\u0131 gereklidir.<\/p>\n<p>B\u00f6l\u00fcm \u00f6\u011frencileri ba\u015fka b\u00f6l\u00fcmlerde yandal ve \u00e7ift anadal yapman\u0131n yan\u0131 s\u0131ra, Erasmus+ de\u011fi\u015fim program\u0131 ile anla\u015fmal\u0131 \u00fclkelerde 1 veya 2 yar\u0131y\u0131l e\u011fitim alma hakk\u0131na sahiptir.<\/p>\n","protected":false},"excerpt":{"rendered":"<p>Yaz\u0131l\u0131m M\u00fchendisli\u011fi Program\u0131 100% \u0130ngilizce olarak 2022 y\u0131l\u0131nda kurulmu\u015ftur. Yaz\u0131l\u0131m m\u00fchendisli\u011fi program\u0131nda sadece lisans e\u011fitimi verilmektedir. Lisans e\u011fitimi \u00f6ncesi bir y\u0131l s\u00fcreli haz\u0131rl\u0131k e\u011fitimi zorunludur. \u00d6\u011frenci yeterli dil bilgisine sahipse, dil s\u0131nav\u0131ndan ba\u015far\u0131l\u0131 olmas\u0131 ko\u015fuluyla do\u011frudan 1. s\u0131n\u0131fa kay\u0131t yapt\u0131rabilir. Mezuniyet i\u00e7in \u00f6\u011frencilerimizin m\u00fcfredatlar\u0131nda tan\u0131mlanm\u0131\u015f toplamda 240 AKTS olan dersleri en az 2.0 ortalama ile [&hellip;]<\/p>\n","protected":false},"author":226,"featured_media":0,"parent":0,"menu_order":0,"comment_status":"closed","ping_status":"closed","template":"genel_sayfa.php","meta":{"footnotes":""},"yoast_head":"<!-- This site is optimized with the Yoast SEO Premium plugin v22.1 (Yoast SEO v22.1) - https:\/\/yoast.com\/wordpress\/plugins\/seo\/ -->\n<title>Genel Bilgi - Yaz\u0131l\u0131m M\u00fchendisli\u011fi (\u0130ngilizce)<\/title>\n<meta name=\"robots\" content=\"index, follow, max-snippet:-1, max-image-preview:large, max-video-preview:-1\" \/>\n<link rel=\"canonical\" href=\"https:\/\/ticaret.edu.tr\/yazilim-muhendisligi-ingilizce\/lisans-genel-bilgi\/\" \/>\n<meta property=\"og:locale\" content=\"tr_TR\" \/>\n<meta property=\"og:type\" content=\"article\" \/>\n<meta property=\"og:title\" content=\"Genel Bilgi\" \/>\n<meta property=\"og:description\" content=\"Yaz\u0131l\u0131m M\u00fchendisli\u011fi Program\u0131 100% \u0130ngilizce olarak 2022 y\u0131l\u0131nda kurulmu\u015ftur. Yaz\u0131l\u0131m m\u00fchendisli\u011fi program\u0131nda sadece lisans e\u011fitimi verilmektedir. Lisans e\u011fitimi \u00f6ncesi bir y\u0131l s\u00fcreli haz\u0131rl\u0131k e\u011fitimi zorunludur. \u00d6\u011frenci yeterli dil bilgisine sahipse, dil s\u0131nav\u0131ndan ba\u015far\u0131l\u0131 olmas\u0131 ko\u015fuluyla do\u011frudan 1. s\u0131n\u0131fa kay\u0131t yapt\u0131rabilir. Mezuniyet i\u00e7in \u00f6\u011frencilerimizin m\u00fcfredatlar\u0131nda tan\u0131mlanm\u0131\u015f toplamda 240 AKTS olan dersleri en az 2.0 ortalama ile [&hellip;]\" \/>\n<meta property=\"og:url\" content=\"https:\/\/ticaret.edu.tr\/yazilim-muhendisligi-ingilizce\/lisans-genel-bilgi\/\" \/>\n<meta property=\"og:site_name\" content=\"Yaz\u0131l\u0131m M\u00fchendisli\u011fi (\u0130ngilizce)\" \/>\n<meta property=\"article:publisher\" content=\"https:\/\/www.facebook.com\/ticaretedutr\" \/>\n<meta property=\"article:modified_time\" content=\"2025-10-16T20:14:49+00:00\" \/>\n<meta name=\"twitter:card\" content=\"summary_large_image\" \/>\n<meta name=\"twitter:site\" content=\"@ticaretedutr\" \/>\n<meta name=\"twitter:label1\" content=\"Tahmini okuma s\u00fcresi\" \/>\n\t<meta name=\"twitter:data1\" content=\"1 dakika\" \/>\n<script type=\"application\/ld+json\" class=\"yoast-schema-graph\">{\"@context\":\"https:\/\/schema.org\",\"@graph\":[{\"@type\":\"WebPage\",\"@id\":\"https:\/\/ticaret.edu.tr\/yazilim-muhendisligi-ingilizce\/lisans-genel-bilgi\/\",\"url\":\"https:\/\/ticaret.edu.tr\/yazilim-muhendisligi-ingilizce\/lisans-genel-bilgi\/\",\"name\":\"Genel Bilgi - Yaz\u0131l\u0131m M\u00fchendisli\u011fi (\u0130ngilizce)\",\"isPartOf\":{\"@id\":\"https:\/\/ticaret.edu.tr\/yazilim-muhendisligi-ingilizce\/#website\"},\"datePublished\":\"2025-01-26T17:44:27+00:00\",\"dateModified\":\"2025-10-16T20:14:49+00:00\",\"breadcrumb\":{\"@id\":\"https:\/\/ticaret.edu.tr\/yazilim-muhendisligi-ingilizce\/lisans-genel-bilgi\/#breadcrumb\"},\"inLanguage\":\"tr\",\"potentialAction\":[{\"@type\":\"ReadAction\",\"target\":[\"https:\/\/ticaret.edu.tr\/yazilim-muhendisligi-ingilizce\/lisans-genel-bilgi\/\"]}]},{\"@type\":\"BreadcrumbList\",\"@id\":\"https:\/\/ticaret.edu.tr\/yazilim-muhendisligi-ingilizce\/lisans-genel-bilgi\/#breadcrumb\",\"itemListElement\":[{\"@type\":\"ListItem\",\"position\":1,\"name\":\"Ana sayfa\",\"item\":\"https:\/\/ticaret.edu.tr\/yazilim-muhendisligi-ingilizce\/\"},{\"@type\":\"ListItem\",\"position\":2,\"name\":\"Genel Bilgi\"}]},{\"@type\":\"WebSite\",\"@id\":\"https:\/\/ticaret.edu.tr\/yazilim-muhendisligi-ingilizce\/#website\",\"url\":\"https:\/\/ticaret.edu.tr\/yazilim-muhendisligi-ingilizce\/\",\"name\":\"Yaz\u0131l\u0131m M\u00fchendisli\u011fi (\u0130ngilizce)\",\"description\":\"\",\"publisher\":{\"@id\":\"https:\/\/ticaret.edu.tr\/yazilim-muhendisligi-ingilizce\/#organization\"},\"potentialAction\":[{\"@type\":\"SearchAction\",\"target\":{\"@type\":\"EntryPoint\",\"urlTemplate\":\"https:\/\/ticaret.edu.tr\/yazilim-muhendisligi-ingilizce\/?s={search_term_string}\"},\"query-input\":\"required name=search_term_string\"}],\"inLanguage\":\"tr\"},{\"@type\":\"Organization\",\"@id\":\"https:\/\/ticaret.edu.tr\/yazilim-muhendisligi-ingilizce\/#organization\",\"name\":\"\u0130stanbul Ticaret \u00dcniversitesi\",\"url\":\"https:\/\/ticaret.edu.tr\/yazilim-muhendisligi-ingilizce\/\",\"logo\":{\"@type\":\"ImageObject\",\"inLanguage\":\"tr\",\"@id\":\"https:\/\/ticaret.edu.tr\/yazilim-muhendisligi-ingilizce\/#\/schema\/logo\/image\/\",\"url\":\"https:\/\/ticaret.edu.tr\/wp-content\/uploads\/2021\/11\/logo22.png\",\"contentUrl\":\"https:\/\/ticaret.edu.tr\/wp-content\/uploads\/2021\/11\/logo22.png\",\"width\":172,\"height\":112,\"caption\":\"\u0130stanbul Ticaret \u00dcniversitesi\"},\"image\":{\"@id\":\"https:\/\/ticaret.edu.tr\/yazilim-muhendisligi-ingilizce\/#\/schema\/logo\/image\/\"},\"sameAs\":[\"https:\/\/www.facebook.com\/ticaretedutr\",\"https:\/\/twitter.com\/ticaretedutr\"]}]}<\/script>\n<!-- \/ Yoast SEO Premium plugin. -->","yoast_head_json":{"title":"Genel Bilgi - Yaz\u0131l\u0131m M\u00fchendisli\u011fi (\u0130ngilizce)","robots":{"index":"index","follow":"follow","max-snippet":"max-snippet:-1","max-image-preview":"max-image-preview:large","max-video-preview":"max-video-preview:-1"},"canonical":"https:\/\/ticaret.edu.tr\/yazilim-muhendisligi-ingilizce\/lisans-genel-bilgi\/","og_locale":"tr_TR","og_type":"article","og_title":"Genel Bilgi","og_description":"Yaz\u0131l\u0131m M\u00fchendisli\u011fi Program\u0131 100% \u0130ngilizce olarak 2022 y\u0131l\u0131nda kurulmu\u015ftur. Yaz\u0131l\u0131m m\u00fchendisli\u011fi program\u0131nda sadece lisans e\u011fitimi verilmektedir. Lisans e\u011fitimi \u00f6ncesi bir y\u0131l s\u00fcreli haz\u0131rl\u0131k e\u011fitimi zorunludur. \u00d6\u011frenci yeterli dil bilgisine sahipse, dil s\u0131nav\u0131ndan ba\u015far\u0131l\u0131 olmas\u0131 ko\u015fuluyla do\u011frudan 1. s\u0131n\u0131fa kay\u0131t yapt\u0131rabilir. Mezuniyet i\u00e7in \u00f6\u011frencilerimizin m\u00fcfredatlar\u0131nda tan\u0131mlanm\u0131\u015f toplamda 240 AKTS olan dersleri en az 2.0 ortalama ile [&hellip;]","og_url":"https:\/\/ticaret.edu.tr\/yazilim-muhendisligi-ingilizce\/lisans-genel-bilgi\/","og_site_name":"Yaz\u0131l\u0131m M\u00fchendisli\u011fi (\u0130ngilizce)","article_publisher":"https:\/\/www.facebook.com\/ticaretedutr","article_modified_time":"2025-10-16T20:14:49+00:00","twitter_card":"summary_large_image","twitter_site":"@ticaretedutr","twitter_misc":{"Tahmini okuma s\u00fcresi":"1 dakika"},"schema":{"@context":"https:\/\/schema.org","@graph":[{"@type":"WebPage","@id":"https:\/\/ticaret.edu.tr\/yazilim-muhendisligi-ingilizce\/lisans-genel-bilgi\/","url":"https:\/\/ticaret.edu.tr\/yazilim-muhendisligi-ingilizce\/lisans-genel-bilgi\/","name":"Genel Bilgi - Yaz\u0131l\u0131m M\u00fchendisli\u011fi (\u0130ngilizce)","isPartOf":{"@id":"https:\/\/ticaret.edu.tr\/yazilim-muhendisligi-ingilizce\/#website"},"datePublished":"2025-01-26T17:44:27+00:00","dateModified":"2025-10-16T20:14:49+00:00","breadcrumb":{"@id":"https:\/\/ticaret.edu.tr\/yazilim-muhendisligi-ingilizce\/lisans-genel-bilgi\/#breadcrumb"},"inLanguage":"tr","potentialAction":[{"@type":"ReadAction","target":["https:\/\/ticaret.edu.tr\/yazilim-muhendisligi-ingilizce\/lisans-genel-bilgi\/"]}]},{"@type":"BreadcrumbList","@id":"https:\/\/ticaret.edu.tr\/yazilim-muhendisligi-ingilizce\/lisans-genel-bilgi\/#breadcrumb","itemListElement":[{"@type":"ListItem","position":1,"name":"Ana sayfa","item":"https:\/\/ticaret.edu.tr\/yazilim-muhendisligi-ingilizce\/"},{"@type":"ListItem","position":2,"name":"Genel Bilgi"}]},{"@type":"WebSite","@id":"https:\/\/ticaret.edu.tr\/yazilim-muhendisligi-ingilizce\/#website","url":"https:\/\/ticaret.edu.tr\/yazilim-muhendisligi-ingilizce\/","name":"Yaz\u0131l\u0131m M\u00fchendisli\u011fi (\u0130ngilizce)","description":"","publisher":{"@id":"https:\/\/ticaret.edu.tr\/yazilim-muhendisligi-ingilizce\/#organization"},"potentialAction":[{"@type":"SearchAction","target":{"@type":"EntryPoint","urlTemplate":"https:\/\/ticaret.edu.tr\/yazilim-muhendisligi-ingilizce\/?s={search_term_string}"},"query-input":"required name=search_term_string"}],"inLanguage":"tr"},{"@type":"Organization","@id":"https:\/\/ticaret.edu.tr\/yazilim-muhendisligi-ingilizce\/#organization","name":"\u0130stanbul Ticaret \u00dcniversitesi","url":"https:\/\/ticaret.edu.tr\/yazilim-muhendisligi-ingilizce\/","logo":{"@type":"ImageObject","inLanguage":"tr","@id":"https:\/\/ticaret.edu.tr\/yazilim-muhendisligi-ingilizce\/#\/schema\/logo\/image\/","url":"https:\/\/ticaret.edu.tr\/wp-content\/uploads\/2021\/11\/logo22.png","contentUrl":"https:\/\/ticaret.edu.tr\/wp-content\/uploads\/2021\/11\/logo22.png","width":172,"height":112,"caption":"\u0130stanbul Ticaret \u00dcniversitesi"},"image":{"@id":"https:\/\/ticaret.edu.tr\/yazilim-muhendisligi-ingilizce\/#\/schema\/logo\/image\/"},"sameAs":["https:\/\/www.facebook.com\/ticaretedutr","https:\/\/twitter.com\/ticaretedutr"]}]}},"lang":"tr","translations":{"tr":177,"en":387},"pll_sync_post":[],"_links":{"self":[{"href":"http:\/\/ticaret.edu.tr\/yazilim-muhendisligi-ingilizce\/wp-json\/wp\/v2\/pages\/177"}],"collection":[{"href":"http:\/\/ticaret.edu.tr\/yazilim-muhendisligi-ingilizce\/wp-json\/wp\/v2\/pages"}],"about":[{"href":"http:\/\/ticaret.edu.tr\/yazilim-muhendisligi-ingilizce\/wp-json\/wp\/v2\/types\/page"}],"author":[{"embeddable":true,"href":"http:\/\/ticaret.edu.tr\/yazilim-muhendisligi-ingilizce\/wp-json\/wp\/v2\/users\/226"}],"replies":[{"embeddable":true,"href":"http:\/\/ticaret.edu.tr\/yazilim-muhendisligi-ingilizce\/wp-json\/wp\/v2\/comments?post=177"}],"version-history":[{"count":3,"href":"http:\/\/ticaret.edu.tr\/yazilim-muhendisligi-ingilizce\/wp-json\/wp\/v2\/pages\/177\/revisions"}],"predecessor-version":[{"id":798,"href":"http:\/\/ticaret.edu.tr\/yazilim-muhendisligi-ingilizce\/wp-json\/wp\/v2\/pages\/177\/revisions\/798"}],"wp:attachment":[{"href":"http:\/\/ticaret.edu.tr\/yazilim-muhendisligi-ingilizce\/wp-json\/wp\/v2\/media?parent=177"}],"curies":[{"name":"wp","href":"https:\/\/api.w.org\/{rel}","templated":true}]}}