{"id":2,"date":"2023-07-04T12:15:25","date_gmt":"2023-07-04T09:15:25","guid":{"rendered":"https:\/\/ticaret.edu.tr\/yazilim-muhendisligi-ingilizce\/?page_id=2"},"modified":"2025-02-14T11:50:06","modified_gmt":"2025-02-14T08:50:06","slug":"ana-sayfa","status":"publish","type":"page","link":"http:\/\/ticaret.edu.tr\/yazilim-muhendisligi-ingilizce\/","title":{"rendered":"Ana Sayfa"},"content":{"rendered":"\r\n<p class=\"xmsonormal\">Bilgisayar biri donan\u0131m di\u011feri yaz\u0131l\u0131m olmak \u00fczere iki temel \u00f6\u011feden olu\u015fur. Yaz\u0131l\u0131m m\u00fchendisli\u011fi b\u00f6l\u00fcm\u00fc ikinci \u00f6\u011feyi esas al\u0131r ve onu \u00f6ne \u00e7\u0131karacak \u015fekilde e\u011fitim yapar. Bilgisayar m\u00fchendisli\u011fi e\u011fitiminde ise donan\u0131m ve yaz\u0131l\u0131ma e\u015fit \u00f6l\u00e7\u00fcde a\u011f\u0131rl\u0131k verilir.<\/p>\r\n<p class=\"xmsonormal\">Yaz\u0131l\u0131m\u0131n amac\u0131 var olan donan\u0131ma farkl\u0131 yaz\u0131l\u0131mlar y\u00fckleyerek onu farkl\u0131 sisteme d\u00f6n\u00fc\u015ft\u00fcrmek ve farkl\u0131 i\u015fler i\u00e7in kullanmakt\u0131r. G\u00fcn\u00fcm\u00fczde donan\u0131mdaki geli\u015fmeler h\u0131z, kapasite ve performans art\u0131\u015f\u0131na y\u00f6nelse de yaz\u0131l\u0131mda halen daha el de\u011fmemi\u015f i\u015f alanlar\u0131 vard\u0131r. Yapay zek\u00e2 biliminin geli\u015fmesiyle bu yeni i\u015flere ili\u015fkin yaz\u0131l\u0131mlar\u0131 da yapabilen ileri d\u00fczeyde yaz\u0131l\u0131mlar do\u011fmaya ba\u015flad\u0131. Ama bunlar her ne kadar kendi kendine \u00f6\u011frenen sistemler ise de onlar\u0131 da yine yaz\u0131l\u0131m m\u00fchendisleri yapacakt\u0131r.<\/p>\r\n<p class=\"xmsonormal\">Yaz\u0131l\u0131m m\u00fchendisli\u011fi, bireysel olarak ger\u00e7ekle\u015ftirilmesi zor g\u00f6revler i\u00e7in bir tak\u0131m halinde \u00e7al\u0131\u015fmay\u0131 gerektirir. Ayr\u0131ca yaz\u0131l\u0131m s\u00fcre\u00e7lerinin planlanmas\u0131, analiz edilmesi, tasarlanmas\u0131, uygulanmas\u0131, g\u00fcvenli\u011fi ve test edilmesinde \u00e7e\u015fitli standartlar ve y\u00f6ntemler hakk\u0131nda bilgi sahibi olmay\u0131 gerektirir.<\/p>\r\n<p class=\"xmsonormal\">Yaz\u0131l\u0131m m\u00fchendisli\u011fi e\u011fitiminin hedeflerinden biri de g\u00fcnl\u00fck i\u015flerimizde insan fakt\u00f6r\u00fcn\u00fc en aza indirerek daha sa\u011fl\u0131kl\u0131 de\u011ferlendirmeler yapmak ve \u00fcr\u00fcnler geli\u015ftirmektir.<\/p>\r\n<p class=\"xmsonormal\">B\u00f6l\u00fcm\u00fcm\u00fcz mezunlar\u0131 i\u00e7in hedefledi\u011fimiz i\u015f alanlar\u0131 bilgisayar\u0131n kullan\u0131labilece\u011fi her yerdir. Otomasyon sistemleri, otonom ara\u00e7lar, t\u0131bbi g\u00f6r\u00fcnt\u00fc de\u011ferlendirme sistemleri, bilgisayarl\u0131 e\u011fitim sistemleri, bilgisayarl\u0131 yarg\u0131 ve bilgisayarl\u0131 sa\u011fl\u0131k bu \u00e7al\u0131\u015fma alanlar\u0131na verilebilecek baz\u0131 \u00f6rneklerdir.<\/p>\r\n<p class=\"xmsonormal\">G\u00fc\u00e7l\u00fc e\u011fitim kadromuz ile bu hizmetleri \u00f6\u011frencilerimize \u0130ngilizce dilinde 2023 y\u0131l\u0131ndan beri sunmaktay\u0131z. Amac\u0131m\u0131z kendisine ve \u00fclkesine yararl\u0131 \u00e7a\u011fda\u015f m\u00fchendisler yeti\u015ftirmektir.<\/p>\r\n","protected":false},"excerpt":{"rendered":"<p>Bilgisayar biri donan\u0131m di\u011feri yaz\u0131l\u0131m olmak \u00fczere iki temel \u00f6\u011feden olu\u015fur. Yaz\u0131l\u0131m m\u00fchendisli\u011fi b\u00f6l\u00fcm\u00fc ikinci \u00f6\u011feyi esas al\u0131r ve onu \u00f6ne \u00e7\u0131karacak \u015fekilde e\u011fitim yapar. Bilgisayar m\u00fchendisli\u011fi e\u011fitiminde ise donan\u0131m ve yaz\u0131l\u0131ma e\u015fit \u00f6l\u00e7\u00fcde a\u011f\u0131rl\u0131k verilir. Yaz\u0131l\u0131m\u0131n amac\u0131 var olan donan\u0131ma farkl\u0131 yaz\u0131l\u0131mlar y\u00fckleyerek onu farkl\u0131 sisteme d\u00f6n\u00fc\u015ft\u00fcrmek ve farkl\u0131 i\u015fler i\u00e7in kullanmakt\u0131r. G\u00fcn\u00fcm\u00fczde donan\u0131mdaki [&hellip;]<\/p>\n","protected":false},"author":1,"featured_media":0,"parent":0,"menu_order":0,"comment_status":"closed","ping_status":"closed","template":"pages\/homepage.php","meta":{"footnotes":""},"yoast_head":"<!-- This site is optimized with the Yoast SEO Premium plugin v22.1 (Yoast SEO v22.1) - https:\/\/yoast.com\/wordpress\/plugins\/seo\/ -->\n<title>Ana Sayfa - Yaz\u0131l\u0131m M\u00fchendisli\u011fi (\u0130ngilizce)<\/title>\n<meta name=\"robots\" content=\"index, follow, max-snippet:-1, max-image-preview:large, max-video-preview:-1\" \/>\n<link rel=\"canonical\" href=\"https:\/\/ticaret.edu.tr\/yazilim-muhendisligi-ingilizce\/\" \/>\n<meta property=\"og:locale\" content=\"tr_TR\" \/>\n<meta property=\"og:type\" content=\"article\" \/>\n<meta property=\"og:title\" content=\"Ana Sayfa\" \/>\n<meta property=\"og:description\" content=\"Bilgisayar biri donan\u0131m di\u011feri yaz\u0131l\u0131m olmak \u00fczere iki temel \u00f6\u011feden olu\u015fur. Yaz\u0131l\u0131m m\u00fchendisli\u011fi b\u00f6l\u00fcm\u00fc ikinci \u00f6\u011feyi esas al\u0131r ve onu \u00f6ne \u00e7\u0131karacak \u015fekilde e\u011fitim yapar. Bilgisayar m\u00fchendisli\u011fi e\u011fitiminde ise donan\u0131m ve yaz\u0131l\u0131ma e\u015fit \u00f6l\u00e7\u00fcde a\u011f\u0131rl\u0131k verilir. Yaz\u0131l\u0131m\u0131n amac\u0131 var olan donan\u0131ma farkl\u0131 yaz\u0131l\u0131mlar y\u00fckleyerek onu farkl\u0131 sisteme d\u00f6n\u00fc\u015ft\u00fcrmek ve farkl\u0131 i\u015fler i\u00e7in kullanmakt\u0131r. G\u00fcn\u00fcm\u00fczde donan\u0131mdaki [&hellip;]\" \/>\n<meta property=\"og:url\" content=\"https:\/\/ticaret.edu.tr\/yazilim-muhendisligi-ingilizce\/\" \/>\n<meta property=\"og:site_name\" content=\"Yaz\u0131l\u0131m M\u00fchendisli\u011fi (\u0130ngilizce)\" \/>\n<meta property=\"article:publisher\" content=\"https:\/\/www.facebook.com\/ticaretedutr\" \/>\n<meta property=\"article:modified_time\" content=\"2025-02-14T08:50:06+00:00\" \/>\n<meta name=\"twitter:card\" content=\"summary_large_image\" \/>\n<meta name=\"twitter:site\" content=\"@ticaretedutr\" \/>\n<meta name=\"twitter:label1\" content=\"Tahmini okuma s\u00fcresi\" \/>\n\t<meta name=\"twitter:data1\" content=\"2 dakika\" \/>\n<script type=\"application\/ld+json\" class=\"yoast-schema-graph\">{\"@context\":\"https:\/\/schema.org\",\"@graph\":[{\"@type\":\"WebPage\",\"@id\":\"https:\/\/ticaret.edu.tr\/yazilim-muhendisligi-ingilizce\/\",\"url\":\"https:\/\/ticaret.edu.tr\/yazilim-muhendisligi-ingilizce\/\",\"name\":\"Ana Sayfa - Yaz\u0131l\u0131m M\u00fchendisli\u011fi (\u0130ngilizce)\",\"isPartOf\":{\"@id\":\"https:\/\/ticaret.edu.tr\/yazilim-muhendisligi-ingilizce\/#website\"},\"datePublished\":\"2023-07-04T09:15:25+00:00\",\"dateModified\":\"2025-02-14T08:50:06+00:00\",\"breadcrumb\":{\"@id\":\"https:\/\/ticaret.edu.tr\/yazilim-muhendisligi-ingilizce\/#breadcrumb\"},\"inLanguage\":\"tr\",\"potentialAction\":[{\"@type\":\"ReadAction\",\"target\":[\"https:\/\/ticaret.edu.tr\/yazilim-muhendisligi-ingilizce\/\"]}]},{\"@type\":\"BreadcrumbList\",\"@id\":\"https:\/\/ticaret.edu.tr\/yazilim-muhendisligi-ingilizce\/#breadcrumb\",\"itemListElement\":[{\"@type\":\"ListItem\",\"position\":1,\"name\":\"Ana sayfa\",\"item\":\"https:\/\/ticaret.edu.tr\/yazilim-muhendisligi-ingilizce\/\"},{\"@type\":\"ListItem\",\"position\":2,\"name\":\"Ana Sayfa\"}]},{\"@type\":\"WebSite\",\"@id\":\"https:\/\/ticaret.edu.tr\/yazilim-muhendisligi-ingilizce\/#website\",\"url\":\"https:\/\/ticaret.edu.tr\/yazilim-muhendisligi-ingilizce\/\",\"name\":\"Yaz\u0131l\u0131m M\u00fchendisli\u011fi (\u0130ngilizce)\",\"description\":\"\",\"publisher\":{\"@id\":\"https:\/\/ticaret.edu.tr\/yazilim-muhendisligi-ingilizce\/#organization\"},\"potentialAction\":[{\"@type\":\"SearchAction\",\"target\":{\"@type\":\"EntryPoint\",\"urlTemplate\":\"https:\/\/ticaret.edu.tr\/yazilim-muhendisligi-ingilizce\/?s={search_term_string}\"},\"query-input\":\"required name=search_term_string\"}],\"inLanguage\":\"tr\"},{\"@type\":\"Organization\",\"@id\":\"https:\/\/ticaret.edu.tr\/yazilim-muhendisligi-ingilizce\/#organization\",\"name\":\"\u0130stanbul Ticaret \u00dcniversitesi\",\"url\":\"https:\/\/ticaret.edu.tr\/yazilim-muhendisligi-ingilizce\/\",\"logo\":{\"@type\":\"ImageObject\",\"inLanguage\":\"tr\",\"@id\":\"https:\/\/ticaret.edu.tr\/yazilim-muhendisligi-ingilizce\/#\/schema\/logo\/image\/\",\"url\":\"https:\/\/ticaret.edu.tr\/wp-content\/uploads\/2021\/11\/logo22.png\",\"contentUrl\":\"https:\/\/ticaret.edu.tr\/wp-content\/uploads\/2021\/11\/logo22.png\",\"width\":172,\"height\":112,\"caption\":\"\u0130stanbul Ticaret \u00dcniversitesi\"},\"image\":{\"@id\":\"https:\/\/ticaret.edu.tr\/yazilim-muhendisligi-ingilizce\/#\/schema\/logo\/image\/\"},\"sameAs\":[\"https:\/\/www.facebook.com\/ticaretedutr\",\"https:\/\/twitter.com\/ticaretedutr\"]}]}<\/script>\n<!-- \/ Yoast SEO Premium plugin. -->","yoast_head_json":{"title":"Ana Sayfa - Yaz\u0131l\u0131m M\u00fchendisli\u011fi (\u0130ngilizce)","robots":{"index":"index","follow":"follow","max-snippet":"max-snippet:-1","max-image-preview":"max-image-preview:large","max-video-preview":"max-video-preview:-1"},"canonical":"https:\/\/ticaret.edu.tr\/yazilim-muhendisligi-ingilizce\/","og_locale":"tr_TR","og_type":"article","og_title":"Ana Sayfa","og_description":"Bilgisayar biri donan\u0131m di\u011feri yaz\u0131l\u0131m olmak \u00fczere iki temel \u00f6\u011feden olu\u015fur. Yaz\u0131l\u0131m m\u00fchendisli\u011fi b\u00f6l\u00fcm\u00fc ikinci \u00f6\u011feyi esas al\u0131r ve onu \u00f6ne \u00e7\u0131karacak \u015fekilde e\u011fitim yapar. Bilgisayar m\u00fchendisli\u011fi e\u011fitiminde ise donan\u0131m ve yaz\u0131l\u0131ma e\u015fit \u00f6l\u00e7\u00fcde a\u011f\u0131rl\u0131k verilir. Yaz\u0131l\u0131m\u0131n amac\u0131 var olan donan\u0131ma farkl\u0131 yaz\u0131l\u0131mlar y\u00fckleyerek onu farkl\u0131 sisteme d\u00f6n\u00fc\u015ft\u00fcrmek ve farkl\u0131 i\u015fler i\u00e7in kullanmakt\u0131r. G\u00fcn\u00fcm\u00fczde donan\u0131mdaki [&hellip;]","og_url":"https:\/\/ticaret.edu.tr\/yazilim-muhendisligi-ingilizce\/","og_site_name":"Yaz\u0131l\u0131m M\u00fchendisli\u011fi (\u0130ngilizce)","article_publisher":"https:\/\/www.facebook.com\/ticaretedutr","article_modified_time":"2025-02-14T08:50:06+00:00","twitter_card":"summary_large_image","twitter_site":"@ticaretedutr","twitter_misc":{"Tahmini okuma s\u00fcresi":"2 dakika"},"schema":{"@context":"https:\/\/schema.org","@graph":[{"@type":"WebPage","@id":"https:\/\/ticaret.edu.tr\/yazilim-muhendisligi-ingilizce\/","url":"https:\/\/ticaret.edu.tr\/yazilim-muhendisligi-ingilizce\/","name":"Ana Sayfa - Yaz\u0131l\u0131m M\u00fchendisli\u011fi (\u0130ngilizce)","isPartOf":{"@id":"https:\/\/ticaret.edu.tr\/yazilim-muhendisligi-ingilizce\/#website"},"datePublished":"2023-07-04T09:15:25+00:00","dateModified":"2025-02-14T08:50:06+00:00","breadcrumb":{"@id":"https:\/\/ticaret.edu.tr\/yazilim-muhendisligi-ingilizce\/#breadcrumb"},"inLanguage":"tr","potentialAction":[{"@type":"ReadAction","target":["https:\/\/ticaret.edu.tr\/yazilim-muhendisligi-ingilizce\/"]}]},{"@type":"BreadcrumbList","@id":"https:\/\/ticaret.edu.tr\/yazilim-muhendisligi-ingilizce\/#breadcrumb","itemListElement":[{"@type":"ListItem","position":1,"name":"Ana sayfa","item":"https:\/\/ticaret.edu.tr\/yazilim-muhendisligi-ingilizce\/"},{"@type":"ListItem","position":2,"name":"Ana Sayfa"}]},{"@type":"WebSite","@id":"https:\/\/ticaret.edu.tr\/yazilim-muhendisligi-ingilizce\/#website","url":"https:\/\/ticaret.edu.tr\/yazilim-muhendisligi-ingilizce\/","name":"Yaz\u0131l\u0131m M\u00fchendisli\u011fi (\u0130ngilizce)","description":"","publisher":{"@id":"https:\/\/ticaret.edu.tr\/yazilim-muhendisligi-ingilizce\/#organization"},"potentialAction":[{"@type":"SearchAction","target":{"@type":"EntryPoint","urlTemplate":"https:\/\/ticaret.edu.tr\/yazilim-muhendisligi-ingilizce\/?s={search_term_string}"},"query-input":"required name=search_term_string"}],"inLanguage":"tr"},{"@type":"Organization","@id":"https:\/\/ticaret.edu.tr\/yazilim-muhendisligi-ingilizce\/#organization","name":"\u0130stanbul Ticaret \u00dcniversitesi","url":"https:\/\/ticaret.edu.tr\/yazilim-muhendisligi-ingilizce\/","logo":{"@type":"ImageObject","inLanguage":"tr","@id":"https:\/\/ticaret.edu.tr\/yazilim-muhendisligi-ingilizce\/#\/schema\/logo\/image\/","url":"https:\/\/ticaret.edu.tr\/wp-content\/uploads\/2021\/11\/logo22.png","contentUrl":"https:\/\/ticaret.edu.tr\/wp-content\/uploads\/2021\/11\/logo22.png","width":172,"height":112,"caption":"\u0130stanbul Ticaret \u00dcniversitesi"},"image":{"@id":"https:\/\/ticaret.edu.tr\/yazilim-muhendisligi-ingilizce\/#\/schema\/logo\/image\/"},"sameAs":["https:\/\/www.facebook.com\/ticaretedutr","https:\/\/twitter.com\/ticaretedutr"]}]}},"lang":"tr","translations":{"en":77,"tr":2},"pll_sync_post":[],"_links":{"self":[{"href":"http:\/\/ticaret.edu.tr\/yazilim-muhendisligi-ingilizce\/wp-json\/wp\/v2\/pages\/2"}],"collection":[{"href":"http:\/\/ticaret.edu.tr\/yazilim-muhendisligi-ingilizce\/wp-json\/wp\/v2\/pages"}],"about":[{"href":"http:\/\/ticaret.edu.tr\/yazilim-muhendisligi-ingilizce\/wp-json\/wp\/v2\/types\/page"}],"author":[{"embeddable":true,"href":"http:\/\/ticaret.edu.tr\/yazilim-muhendisligi-ingilizce\/wp-json\/wp\/v2\/users\/1"}],"replies":[{"embeddable":true,"href":"http:\/\/ticaret.edu.tr\/yazilim-muhendisligi-ingilizce\/wp-json\/wp\/v2\/comments?post=2"}],"version-history":[{"count":4,"href":"http:\/\/ticaret.edu.tr\/yazilim-muhendisligi-ingilizce\/wp-json\/wp\/v2\/pages\/2\/revisions"}],"predecessor-version":[{"id":536,"href":"http:\/\/ticaret.edu.tr\/yazilim-muhendisligi-ingilizce\/wp-json\/wp\/v2\/pages\/2\/revisions\/536"}],"wp:attachment":[{"href":"http:\/\/ticaret.edu.tr\/yazilim-muhendisligi-ingilizce\/wp-json\/wp\/v2\/media?parent=2"}],"curies":[{"name":"wp","href":"https:\/\/api.w.org\/{rel}","templated":true}]}}