{"id":266,"date":"2025-01-26T20:56:27","date_gmt":"2025-01-26T17:56:27","guid":{"rendered":"https:\/\/ticaret.edu.tr\/yazilim-muhendisligi-ingilizce\/?page_id=266"},"modified":"2025-10-16T23:44:46","modified_gmt":"2025-10-16T20:44:46","slug":"laboratuvarlar","status":"publish","type":"page","link":"http:\/\/ticaret.edu.tr\/yazilim-muhendisligi-ingilizce\/laboratuvarlar\/","title":{"rendered":"Laboratuvarlar"},"content":{"rendered":"<p>M\u00fchendislik Fak\u00fcltesi i\u00e7inde kurulan Yaz\u0131l\u0131m M\u00fchendisli\u011fi program\u0131, \u0130stanbul Ticaret \u00dcniversitesi M\u00fchendislik Fak\u00fcltesi i\u00e7inde bulunan t\u00fcm laboratuvar imkanlar\u0131n\u0131 kullanmaktad\u0131r. B\u00f6l\u00fcm\u00fcz\u00fcn kullan\u0131m\u0131nda 40 ar ki\u015filik olan 3 Windows temelli laboratuvar yan\u0131nda bir de MAC tabanl\u0131 bilgisayarlar laboratuvar\u0131. Bunun yan\u0131nda, Fizik Laboratuvar\u0131, Elektronik Devre Laboratuvar\u0131, Mikroi\u015flemcili Sistem Laboratuvar\u0131, Lojik Devreler laboratuvar\u0131 mevcuttur. Ayr\u0131ca t\u00fcm m\u00fchendislik \u00f6\u011frencilerine a\u00e7\u0131k olan ve \u00e7e\u015fitli yar\u0131\u015fmalara kat\u0131lmalar\u0131 te\u015fvik ama\u00e7l\u0131 kurulan, bir anlamda proje kulu\u00e7ka laboratuvarlar\u0131 olan Dene Yap Laboratuvarlar\u0131 ad\u0131 ile t\u00fcm laboratuvarlar\u0131m\u0131z \u00f6\u011frencilerin hizmetine a\u00e7\u0131kt\u0131r.<\/p>\n","protected":false},"excerpt":{"rendered":"<p>M\u00fchendislik Fak\u00fcltesi i\u00e7inde kurulan Yaz\u0131l\u0131m M\u00fchendisli\u011fi program\u0131, \u0130stanbul Ticaret \u00dcniversitesi M\u00fchendislik Fak\u00fcltesi i\u00e7inde bulunan t\u00fcm laboratuvar imkanlar\u0131n\u0131 kullanmaktad\u0131r. B\u00f6l\u00fcm\u00fcz\u00fcn kullan\u0131m\u0131nda 40 ar ki\u015filik olan 3 Windows temelli laboratuvar yan\u0131nda bir de MAC tabanl\u0131 bilgisayarlar laboratuvar\u0131. Bunun yan\u0131nda, Fizik Laboratuvar\u0131, Elektronik Devre Laboratuvar\u0131, Mikroi\u015flemcili Sistem Laboratuvar\u0131, Lojik Devreler laboratuvar\u0131 mevcuttur. Ayr\u0131ca t\u00fcm m\u00fchendislik \u00f6\u011frencilerine a\u00e7\u0131k olan [&hellip;]<\/p>\n","protected":false},"author":226,"featured_media":0,"parent":0,"menu_order":0,"comment_status":"closed","ping_status":"closed","template":"genel_sayfa.php","meta":{"footnotes":""},"yoast_head":"<!-- This site is optimized with the Yoast SEO Premium plugin v22.1 (Yoast SEO v22.1) - https:\/\/yoast.com\/wordpress\/plugins\/seo\/ -->\n<title>Laboratuvarlar - Yaz\u0131l\u0131m M\u00fchendisli\u011fi (\u0130ngilizce)<\/title>\n<meta name=\"robots\" content=\"index, follow, max-snippet:-1, max-image-preview:large, max-video-preview:-1\" \/>\n<link rel=\"canonical\" href=\"http:\/\/ticaret.edu.tr\/yazilim-muhendisligi-ingilizce\/laboratuvarlar\/\" \/>\n<meta property=\"og:locale\" content=\"tr_TR\" \/>\n<meta property=\"og:type\" content=\"article\" \/>\n<meta property=\"og:title\" content=\"Laboratuvarlar\" \/>\n<meta property=\"og:description\" content=\"M\u00fchendislik Fak\u00fcltesi i\u00e7inde kurulan Yaz\u0131l\u0131m M\u00fchendisli\u011fi program\u0131, \u0130stanbul Ticaret \u00dcniversitesi M\u00fchendislik Fak\u00fcltesi i\u00e7inde bulunan t\u00fcm laboratuvar imkanlar\u0131n\u0131 kullanmaktad\u0131r. B\u00f6l\u00fcm\u00fcz\u00fcn kullan\u0131m\u0131nda 40 ar ki\u015filik olan 3 Windows temelli laboratuvar yan\u0131nda bir de MAC tabanl\u0131 bilgisayarlar laboratuvar\u0131. Bunun yan\u0131nda, Fizik Laboratuvar\u0131, Elektronik Devre Laboratuvar\u0131, Mikroi\u015flemcili Sistem Laboratuvar\u0131, Lojik Devreler laboratuvar\u0131 mevcuttur. Ayr\u0131ca t\u00fcm m\u00fchendislik \u00f6\u011frencilerine a\u00e7\u0131k olan [&hellip;]\" \/>\n<meta property=\"og:url\" content=\"http:\/\/ticaret.edu.tr\/yazilim-muhendisligi-ingilizce\/laboratuvarlar\/\" \/>\n<meta property=\"og:site_name\" content=\"Yaz\u0131l\u0131m M\u00fchendisli\u011fi (\u0130ngilizce)\" \/>\n<meta property=\"article:publisher\" content=\"https:\/\/www.facebook.com\/ticaretedutr\" \/>\n<meta property=\"article:modified_time\" content=\"2025-10-16T20:44:46+00:00\" \/>\n<meta name=\"twitter:card\" content=\"summary_large_image\" \/>\n<meta name=\"twitter:site\" content=\"@ticaretedutr\" \/>\n<meta name=\"twitter:label1\" content=\"Tahmini okuma s\u00fcresi\" \/>\n\t<meta name=\"twitter:data1\" content=\"1 dakika\" \/>\n<script type=\"application\/ld+json\" class=\"yoast-schema-graph\">{\"@context\":\"https:\/\/schema.org\",\"@graph\":[{\"@type\":\"WebPage\",\"@id\":\"http:\/\/ticaret.edu.tr\/yazilim-muhendisligi-ingilizce\/laboratuvarlar\/\",\"url\":\"http:\/\/ticaret.edu.tr\/yazilim-muhendisligi-ingilizce\/laboratuvarlar\/\",\"name\":\"Laboratuvarlar - Yaz\u0131l\u0131m M\u00fchendisli\u011fi (\u0130ngilizce)\",\"isPartOf\":{\"@id\":\"https:\/\/ticaret.edu.tr\/yazilim-muhendisligi-ingilizce\/#website\"},\"datePublished\":\"2025-01-26T17:56:27+00:00\",\"dateModified\":\"2025-10-16T20:44:46+00:00\",\"breadcrumb\":{\"@id\":\"http:\/\/ticaret.edu.tr\/yazilim-muhendisligi-ingilizce\/laboratuvarlar\/#breadcrumb\"},\"inLanguage\":\"tr\",\"potentialAction\":[{\"@type\":\"ReadAction\",\"target\":[\"http:\/\/ticaret.edu.tr\/yazilim-muhendisligi-ingilizce\/laboratuvarlar\/\"]}]},{\"@type\":\"BreadcrumbList\",\"@id\":\"http:\/\/ticaret.edu.tr\/yazilim-muhendisligi-ingilizce\/laboratuvarlar\/#breadcrumb\",\"itemListElement\":[{\"@type\":\"ListItem\",\"position\":1,\"name\":\"Ana sayfa\",\"item\":\"https:\/\/ticaret.edu.tr\/yazilim-muhendisligi-ingilizce\/\"},{\"@type\":\"ListItem\",\"position\":2,\"name\":\"Laboratuvarlar\"}]},{\"@type\":\"WebSite\",\"@id\":\"https:\/\/ticaret.edu.tr\/yazilim-muhendisligi-ingilizce\/#website\",\"url\":\"https:\/\/ticaret.edu.tr\/yazilim-muhendisligi-ingilizce\/\",\"name\":\"Yaz\u0131l\u0131m M\u00fchendisli\u011fi (\u0130ngilizce)\",\"description\":\"\",\"publisher\":{\"@id\":\"https:\/\/ticaret.edu.tr\/yazilim-muhendisligi-ingilizce\/#organization\"},\"potentialAction\":[{\"@type\":\"SearchAction\",\"target\":{\"@type\":\"EntryPoint\",\"urlTemplate\":\"https:\/\/ticaret.edu.tr\/yazilim-muhendisligi-ingilizce\/?s={search_term_string}\"},\"query-input\":\"required name=search_term_string\"}],\"inLanguage\":\"tr\"},{\"@type\":\"Organization\",\"@id\":\"https:\/\/ticaret.edu.tr\/yazilim-muhendisligi-ingilizce\/#organization\",\"name\":\"\u0130stanbul Ticaret \u00dcniversitesi\",\"url\":\"https:\/\/ticaret.edu.tr\/yazilim-muhendisligi-ingilizce\/\",\"logo\":{\"@type\":\"ImageObject\",\"inLanguage\":\"tr\",\"@id\":\"https:\/\/ticaret.edu.tr\/yazilim-muhendisligi-ingilizce\/#\/schema\/logo\/image\/\",\"url\":\"https:\/\/ticaret.edu.tr\/wp-content\/uploads\/2021\/11\/logo22.png\",\"contentUrl\":\"https:\/\/ticaret.edu.tr\/wp-content\/uploads\/2021\/11\/logo22.png\",\"width\":172,\"height\":112,\"caption\":\"\u0130stanbul Ticaret \u00dcniversitesi\"},\"image\":{\"@id\":\"https:\/\/ticaret.edu.tr\/yazilim-muhendisligi-ingilizce\/#\/schema\/logo\/image\/\"},\"sameAs\":[\"https:\/\/www.facebook.com\/ticaretedutr\",\"https:\/\/twitter.com\/ticaretedutr\"]}]}<\/script>\n<!-- \/ Yoast SEO Premium plugin. -->","yoast_head_json":{"title":"Laboratuvarlar - Yaz\u0131l\u0131m M\u00fchendisli\u011fi (\u0130ngilizce)","robots":{"index":"index","follow":"follow","max-snippet":"max-snippet:-1","max-image-preview":"max-image-preview:large","max-video-preview":"max-video-preview:-1"},"canonical":"http:\/\/ticaret.edu.tr\/yazilim-muhendisligi-ingilizce\/laboratuvarlar\/","og_locale":"tr_TR","og_type":"article","og_title":"Laboratuvarlar","og_description":"M\u00fchendislik Fak\u00fcltesi i\u00e7inde kurulan Yaz\u0131l\u0131m M\u00fchendisli\u011fi program\u0131, \u0130stanbul Ticaret \u00dcniversitesi M\u00fchendislik Fak\u00fcltesi i\u00e7inde bulunan t\u00fcm laboratuvar imkanlar\u0131n\u0131 kullanmaktad\u0131r. B\u00f6l\u00fcm\u00fcz\u00fcn kullan\u0131m\u0131nda 40 ar ki\u015filik olan 3 Windows temelli laboratuvar yan\u0131nda bir de MAC tabanl\u0131 bilgisayarlar laboratuvar\u0131. Bunun yan\u0131nda, Fizik Laboratuvar\u0131, Elektronik Devre Laboratuvar\u0131, Mikroi\u015flemcili Sistem Laboratuvar\u0131, Lojik Devreler laboratuvar\u0131 mevcuttur. Ayr\u0131ca t\u00fcm m\u00fchendislik \u00f6\u011frencilerine a\u00e7\u0131k olan [&hellip;]","og_url":"http:\/\/ticaret.edu.tr\/yazilim-muhendisligi-ingilizce\/laboratuvarlar\/","og_site_name":"Yaz\u0131l\u0131m M\u00fchendisli\u011fi (\u0130ngilizce)","article_publisher":"https:\/\/www.facebook.com\/ticaretedutr","article_modified_time":"2025-10-16T20:44:46+00:00","twitter_card":"summary_large_image","twitter_site":"@ticaretedutr","twitter_misc":{"Tahmini okuma s\u00fcresi":"1 dakika"},"schema":{"@context":"https:\/\/schema.org","@graph":[{"@type":"WebPage","@id":"http:\/\/ticaret.edu.tr\/yazilim-muhendisligi-ingilizce\/laboratuvarlar\/","url":"http:\/\/ticaret.edu.tr\/yazilim-muhendisligi-ingilizce\/laboratuvarlar\/","name":"Laboratuvarlar - Yaz\u0131l\u0131m M\u00fchendisli\u011fi (\u0130ngilizce)","isPartOf":{"@id":"https:\/\/ticaret.edu.tr\/yazilim-muhendisligi-ingilizce\/#website"},"datePublished":"2025-01-26T17:56:27+00:00","dateModified":"2025-10-16T20:44:46+00:00","breadcrumb":{"@id":"http:\/\/ticaret.edu.tr\/yazilim-muhendisligi-ingilizce\/laboratuvarlar\/#breadcrumb"},"inLanguage":"tr","potentialAction":[{"@type":"ReadAction","target":["http:\/\/ticaret.edu.tr\/yazilim-muhendisligi-ingilizce\/laboratuvarlar\/"]}]},{"@type":"BreadcrumbList","@id":"http:\/\/ticaret.edu.tr\/yazilim-muhendisligi-ingilizce\/laboratuvarlar\/#breadcrumb","itemListElement":[{"@type":"ListItem","position":1,"name":"Ana sayfa","item":"https:\/\/ticaret.edu.tr\/yazilim-muhendisligi-ingilizce\/"},{"@type":"ListItem","position":2,"name":"Laboratuvarlar"}]},{"@type":"WebSite","@id":"https:\/\/ticaret.edu.tr\/yazilim-muhendisligi-ingilizce\/#website","url":"https:\/\/ticaret.edu.tr\/yazilim-muhendisligi-ingilizce\/","name":"Yaz\u0131l\u0131m M\u00fchendisli\u011fi (\u0130ngilizce)","description":"","publisher":{"@id":"https:\/\/ticaret.edu.tr\/yazilim-muhendisligi-ingilizce\/#organization"},"potentialAction":[{"@type":"SearchAction","target":{"@type":"EntryPoint","urlTemplate":"https:\/\/ticaret.edu.tr\/yazilim-muhendisligi-ingilizce\/?s={search_term_string}"},"query-input":"required name=search_term_string"}],"inLanguage":"tr"},{"@type":"Organization","@id":"https:\/\/ticaret.edu.tr\/yazilim-muhendisligi-ingilizce\/#organization","name":"\u0130stanbul Ticaret \u00dcniversitesi","url":"https:\/\/ticaret.edu.tr\/yazilim-muhendisligi-ingilizce\/","logo":{"@type":"ImageObject","inLanguage":"tr","@id":"https:\/\/ticaret.edu.tr\/yazilim-muhendisligi-ingilizce\/#\/schema\/logo\/image\/","url":"https:\/\/ticaret.edu.tr\/wp-content\/uploads\/2021\/11\/logo22.png","contentUrl":"https:\/\/ticaret.edu.tr\/wp-content\/uploads\/2021\/11\/logo22.png","width":172,"height":112,"caption":"\u0130stanbul Ticaret \u00dcniversitesi"},"image":{"@id":"https:\/\/ticaret.edu.tr\/yazilim-muhendisligi-ingilizce\/#\/schema\/logo\/image\/"},"sameAs":["https:\/\/www.facebook.com\/ticaretedutr","https:\/\/twitter.com\/ticaretedutr"]}]}},"lang":"tr","translations":{"tr":266,"en":497},"pll_sync_post":[],"_links":{"self":[{"href":"http:\/\/ticaret.edu.tr\/yazilim-muhendisligi-ingilizce\/wp-json\/wp\/v2\/pages\/266"}],"collection":[{"href":"http:\/\/ticaret.edu.tr\/yazilim-muhendisligi-ingilizce\/wp-json\/wp\/v2\/pages"}],"about":[{"href":"http:\/\/ticaret.edu.tr\/yazilim-muhendisligi-ingilizce\/wp-json\/wp\/v2\/types\/page"}],"author":[{"embeddable":true,"href":"http:\/\/ticaret.edu.tr\/yazilim-muhendisligi-ingilizce\/wp-json\/wp\/v2\/users\/226"}],"replies":[{"embeddable":true,"href":"http:\/\/ticaret.edu.tr\/yazilim-muhendisligi-ingilizce\/wp-json\/wp\/v2\/comments?post=266"}],"version-history":[{"count":3,"href":"http:\/\/ticaret.edu.tr\/yazilim-muhendisligi-ingilizce\/wp-json\/wp\/v2\/pages\/266\/revisions"}],"predecessor-version":[{"id":808,"href":"http:\/\/ticaret.edu.tr\/yazilim-muhendisligi-ingilizce\/wp-json\/wp\/v2\/pages\/266\/revisions\/808"}],"wp:attachment":[{"href":"http:\/\/ticaret.edu.tr\/yazilim-muhendisligi-ingilizce\/wp-json\/wp\/v2\/media?parent=266"}],"curies":[{"name":"wp","href":"https:\/\/api.w.org\/{rel}","templated":true}]}}