{"id":302,"date":"2025-01-26T20:59:17","date_gmt":"2025-01-26T17:59:17","guid":{"rendered":"https:\/\/ticaret.edu.tr\/yazilim-muhendisligi-ingilizce\/?page_id=302"},"modified":"2025-03-11T10:55:53","modified_gmt":"2025-03-11T07:55:53","slug":"bolum-danisma-kurulu","status":"publish","type":"page","link":"http:\/\/ticaret.edu.tr\/yazilim-muhendisligi-ingilizce\/bolum-danisma-kurulu\/","title":{"rendered":"B\u00f6l\u00fcm Dan\u0131\u015fma Kurulu"},"content":{"rendered":"<table width=\"766\">\n<tbody>\n<tr>\n<td style=\"text-align: center\" colspan=\"4\" width=\"766\"><strong>Yaz\u0131l\u0131m M\u00fchendisli\u011fi(\u0130ngilizce)<\/strong><\/td>\n<\/tr>\n<tr>\n<td style=\"text-align: center\" colspan=\"4\" width=\"766\"><strong>B\u00f6l\u00fcm Dan\u0131\u015fma Kurulu \u00dcyeleri<\/strong><\/td>\n<\/tr>\n<tr>\n<td style=\"text-align: center\" colspan=\"4\" width=\"766\">B\u00f6l\u00fcm Ba\u015fkan\u0131<\/td>\n<\/tr>\n<tr>\n<td style=\"text-align: center\" colspan=\"4\" width=\"766\">B\u00f6l\u00fcm \u00d6\u011fretim \u00dcyeleri<\/td>\n<\/tr>\n<tr>\n<td style=\"text-align: center\" colspan=\"4\" width=\"766\">B\u00f6l\u00fcm Kalite El\u00e7isi<\/td>\n<\/tr>\n<tr>\n<td style=\"text-align: center\" colspan=\"4\" width=\"766\">B\u00f6l\u00fcm \u00d6\u011frenci Temsilcisi<\/td>\n<\/tr>\n<tr>\n<td style=\"text-align: center\" colspan=\"4\" width=\"766\">B\u00f6l\u00fcm Dan\u0131\u015fma Kurulu \u00dcyeleri (Kurum D\u0131\u015f\u0131 \u00dcyeler)<\/td>\n<\/tr>\n<tr>\n<td width=\"39\"><strong>S\u0131ra No<\/strong><\/td>\n<td width=\"212\"><strong>Ad\u0131-Soyad\u0131<\/strong><\/td>\n<td width=\"222\"><strong>Kurumu<\/strong><\/td>\n<td width=\"293\"><strong>G\u00f6revi<\/strong><\/td>\n<\/tr>\n<tr>\n<td width=\"39\">1<\/td>\n<td width=\"212\">Levent SEKBAN<\/td>\n<td width=\"222\">M&amp;L Software<\/td>\n<td width=\"293\">Y\u00f6netici-Genel M\u00fcd\u00fcr<\/td>\n<\/tr>\n<tr>\n<td width=\"39\">2<\/td>\n<td width=\"212\">Yusuf Kaya<\/td>\n<td width=\"222\">Asis Otomasyon<\/td>\n<td width=\"293\">\u00a0Genel M\u00fcd\u00fcr CEO- Y\u00f6netim Kurulu \u00dcyesi<\/td>\n<\/tr>\n<tr>\n<td width=\"39\">3<\/td>\n<td width=\"212\">Ay\u015feg\u00fcl Yacel<\/td>\n<td width=\"222\">\u0130sPark (Mezun)<\/td>\n<td width=\"293\">\u00a0Proje M\u00fcd\u00fcr\u00fc<\/td>\n<\/tr>\n<tr>\n<td width=\"39\">4<\/td>\n<td width=\"212\">Do\u00e7. Dr. Muhammed Ali AYDIN<\/td>\n<td width=\"222\">\u0130stanbul \u00dcniversitesi-Cerrahpa\u015fa<\/td>\n<td width=\"293\">Dekan Yard\u0131mc\u0131s\u0131-\u00d6\u011fretim \u00dcyesi<\/td>\n<\/tr>\n<tr>\n<td width=\"39\">5<\/td>\n<td width=\"212\">Prof. Dr. Selim Akyoku\u015f<\/td>\n<td width=\"222\">Medipol \u00dcniversitesi<\/td>\n<td width=\"293\">\u00a0Bilgisayar M\u00fch. B\u00f6l\u00fcm Ba\u015fkan\u0131<\/td>\n<\/tr>\n<tr>\n<td width=\"39\">6<\/td>\n<td width=\"212\">Serdar CAN<\/td>\n<td width=\"222\">\u0130TO Meclis \u00dcyesi<\/td>\n<td width=\"293\">5 Nolu Bilgi Teknolojileri Meslek Komitesi \u00dcyesi<\/td>\n<\/tr>\n<tr>\n<td width=\"39\">7<\/td>\n<td width=\"212\">Murat Haz\u0131ro\u011flu<\/td>\n<td width=\"222\">\u0130TO Meclis \u00dcyesi<\/td>\n<td width=\"293\">5 Nolu Bilgi Teknolojileri Meslek Komitesi \u00dcyesi<\/td>\n<\/tr>\n<\/tbody>\n<\/table>\n","protected":false},"excerpt":{"rendered":"<p>Yaz\u0131l\u0131m M\u00fchendisli\u011fi(\u0130ngilizce) B\u00f6l\u00fcm Dan\u0131\u015fma Kurulu \u00dcyeleri B\u00f6l\u00fcm Ba\u015fkan\u0131 B\u00f6l\u00fcm \u00d6\u011fretim \u00dcyeleri B\u00f6l\u00fcm Kalite El\u00e7isi B\u00f6l\u00fcm \u00d6\u011frenci Temsilcisi B\u00f6l\u00fcm Dan\u0131\u015fma Kurulu \u00dcyeleri (Kurum D\u0131\u015f\u0131 \u00dcyeler) S\u0131ra No Ad\u0131-Soyad\u0131 Kurumu G\u00f6revi 1 Levent SEKBAN M&amp;L Software Y\u00f6netici-Genel M\u00fcd\u00fcr 2 Yusuf Kaya Asis Otomasyon \u00a0Genel M\u00fcd\u00fcr CEO- Y\u00f6netim Kurulu \u00dcyesi 3 Ay\u015feg\u00fcl Yacel \u0130sPark (Mezun) \u00a0Proje M\u00fcd\u00fcr\u00fc 4 [&hellip;]<\/p>\n","protected":false},"author":226,"featured_media":0,"parent":0,"menu_order":0,"comment_status":"closed","ping_status":"closed","template":"genel_sayfa.php","meta":{"footnotes":""},"yoast_head":"<!-- This site is optimized with the Yoast SEO Premium plugin v22.1 (Yoast SEO v22.1) - https:\/\/yoast.com\/wordpress\/plugins\/seo\/ -->\n<title>B\u00f6l\u00fcm Dan\u0131\u015fma Kurulu - Yaz\u0131l\u0131m M\u00fchendisli\u011fi (\u0130ngilizce)<\/title>\n<meta name=\"robots\" content=\"index, follow, max-snippet:-1, max-image-preview:large, max-video-preview:-1\" \/>\n<link rel=\"canonical\" href=\"https:\/\/ticaret.edu.tr\/yazilim-muhendisligi-ingilizce\/bolum-danisma-kurulu\/\" \/>\n<meta property=\"og:locale\" content=\"tr_TR\" \/>\n<meta property=\"og:type\" content=\"article\" \/>\n<meta property=\"og:title\" content=\"B\u00f6l\u00fcm Dan\u0131\u015fma Kurulu\" \/>\n<meta property=\"og:description\" content=\"Yaz\u0131l\u0131m M\u00fchendisli\u011fi(\u0130ngilizce) B\u00f6l\u00fcm Dan\u0131\u015fma Kurulu \u00dcyeleri B\u00f6l\u00fcm Ba\u015fkan\u0131 B\u00f6l\u00fcm \u00d6\u011fretim \u00dcyeleri B\u00f6l\u00fcm Kalite El\u00e7isi B\u00f6l\u00fcm \u00d6\u011frenci Temsilcisi B\u00f6l\u00fcm Dan\u0131\u015fma Kurulu \u00dcyeleri (Kurum D\u0131\u015f\u0131 \u00dcyeler) S\u0131ra No Ad\u0131-Soyad\u0131 Kurumu G\u00f6revi 1 Levent SEKBAN M&amp;L Software Y\u00f6netici-Genel M\u00fcd\u00fcr 2 Yusuf Kaya Asis Otomasyon \u00a0Genel M\u00fcd\u00fcr CEO- Y\u00f6netim Kurulu \u00dcyesi 3 Ay\u015feg\u00fcl Yacel \u0130sPark (Mezun) \u00a0Proje M\u00fcd\u00fcr\u00fc 4 [&hellip;]\" \/>\n<meta property=\"og:url\" content=\"https:\/\/ticaret.edu.tr\/yazilim-muhendisligi-ingilizce\/bolum-danisma-kurulu\/\" \/>\n<meta property=\"og:site_name\" content=\"Yaz\u0131l\u0131m M\u00fchendisli\u011fi (\u0130ngilizce)\" \/>\n<meta property=\"article:publisher\" content=\"https:\/\/www.facebook.com\/ticaretedutr\" \/>\n<meta property=\"article:modified_time\" content=\"2025-03-11T07:55:53+00:00\" \/>\n<meta name=\"twitter:card\" content=\"summary_large_image\" \/>\n<meta name=\"twitter:site\" content=\"@ticaretedutr\" \/>\n<meta name=\"twitter:label1\" content=\"Tahmini okuma s\u00fcresi\" \/>\n\t<meta name=\"twitter:data1\" content=\"1 dakika\" \/>\n<script type=\"application\/ld+json\" class=\"yoast-schema-graph\">{\"@context\":\"https:\/\/schema.org\",\"@graph\":[{\"@type\":\"WebPage\",\"@id\":\"https:\/\/ticaret.edu.tr\/yazilim-muhendisligi-ingilizce\/bolum-danisma-kurulu\/\",\"url\":\"https:\/\/ticaret.edu.tr\/yazilim-muhendisligi-ingilizce\/bolum-danisma-kurulu\/\",\"name\":\"B\u00f6l\u00fcm Dan\u0131\u015fma Kurulu - Yaz\u0131l\u0131m M\u00fchendisli\u011fi (\u0130ngilizce)\",\"isPartOf\":{\"@id\":\"https:\/\/ticaret.edu.tr\/yazilim-muhendisligi-ingilizce\/#website\"},\"datePublished\":\"2025-01-26T17:59:17+00:00\",\"dateModified\":\"2025-03-11T07:55:53+00:00\",\"breadcrumb\":{\"@id\":\"https:\/\/ticaret.edu.tr\/yazilim-muhendisligi-ingilizce\/bolum-danisma-kurulu\/#breadcrumb\"},\"inLanguage\":\"tr\",\"potentialAction\":[{\"@type\":\"ReadAction\",\"target\":[\"https:\/\/ticaret.edu.tr\/yazilim-muhendisligi-ingilizce\/bolum-danisma-kurulu\/\"]}]},{\"@type\":\"BreadcrumbList\",\"@id\":\"https:\/\/ticaret.edu.tr\/yazilim-muhendisligi-ingilizce\/bolum-danisma-kurulu\/#breadcrumb\",\"itemListElement\":[{\"@type\":\"ListItem\",\"position\":1,\"name\":\"Ana sayfa\",\"item\":\"https:\/\/ticaret.edu.tr\/yazilim-muhendisligi-ingilizce\/\"},{\"@type\":\"ListItem\",\"position\":2,\"name\":\"B\u00f6l\u00fcm Dan\u0131\u015fma Kurulu\"}]},{\"@type\":\"WebSite\",\"@id\":\"https:\/\/ticaret.edu.tr\/yazilim-muhendisligi-ingilizce\/#website\",\"url\":\"https:\/\/ticaret.edu.tr\/yazilim-muhendisligi-ingilizce\/\",\"name\":\"Yaz\u0131l\u0131m M\u00fchendisli\u011fi (\u0130ngilizce)\",\"description\":\"\",\"publisher\":{\"@id\":\"https:\/\/ticaret.edu.tr\/yazilim-muhendisligi-ingilizce\/#organization\"},\"potentialAction\":[{\"@type\":\"SearchAction\",\"target\":{\"@type\":\"EntryPoint\",\"urlTemplate\":\"https:\/\/ticaret.edu.tr\/yazilim-muhendisligi-ingilizce\/?s={search_term_string}\"},\"query-input\":\"required name=search_term_string\"}],\"inLanguage\":\"tr\"},{\"@type\":\"Organization\",\"@id\":\"https:\/\/ticaret.edu.tr\/yazilim-muhendisligi-ingilizce\/#organization\",\"name\":\"\u0130stanbul Ticaret \u00dcniversitesi\",\"url\":\"https:\/\/ticaret.edu.tr\/yazilim-muhendisligi-ingilizce\/\",\"logo\":{\"@type\":\"ImageObject\",\"inLanguage\":\"tr\",\"@id\":\"https:\/\/ticaret.edu.tr\/yazilim-muhendisligi-ingilizce\/#\/schema\/logo\/image\/\",\"url\":\"https:\/\/ticaret.edu.tr\/wp-content\/uploads\/2021\/11\/logo22.png\",\"contentUrl\":\"https:\/\/ticaret.edu.tr\/wp-content\/uploads\/2021\/11\/logo22.png\",\"width\":172,\"height\":112,\"caption\":\"\u0130stanbul Ticaret \u00dcniversitesi\"},\"image\":{\"@id\":\"https:\/\/ticaret.edu.tr\/yazilim-muhendisligi-ingilizce\/#\/schema\/logo\/image\/\"},\"sameAs\":[\"https:\/\/www.facebook.com\/ticaretedutr\",\"https:\/\/twitter.com\/ticaretedutr\"]}]}<\/script>\n<!-- \/ Yoast SEO Premium plugin. -->","yoast_head_json":{"title":"B\u00f6l\u00fcm Dan\u0131\u015fma Kurulu - Yaz\u0131l\u0131m M\u00fchendisli\u011fi (\u0130ngilizce)","robots":{"index":"index","follow":"follow","max-snippet":"max-snippet:-1","max-image-preview":"max-image-preview:large","max-video-preview":"max-video-preview:-1"},"canonical":"https:\/\/ticaret.edu.tr\/yazilim-muhendisligi-ingilizce\/bolum-danisma-kurulu\/","og_locale":"tr_TR","og_type":"article","og_title":"B\u00f6l\u00fcm Dan\u0131\u015fma Kurulu","og_description":"Yaz\u0131l\u0131m M\u00fchendisli\u011fi(\u0130ngilizce) B\u00f6l\u00fcm Dan\u0131\u015fma Kurulu \u00dcyeleri B\u00f6l\u00fcm Ba\u015fkan\u0131 B\u00f6l\u00fcm \u00d6\u011fretim \u00dcyeleri B\u00f6l\u00fcm Kalite El\u00e7isi B\u00f6l\u00fcm \u00d6\u011frenci Temsilcisi B\u00f6l\u00fcm Dan\u0131\u015fma Kurulu \u00dcyeleri (Kurum D\u0131\u015f\u0131 \u00dcyeler) S\u0131ra No Ad\u0131-Soyad\u0131 Kurumu G\u00f6revi 1 Levent SEKBAN M&amp;L Software Y\u00f6netici-Genel M\u00fcd\u00fcr 2 Yusuf Kaya Asis Otomasyon \u00a0Genel M\u00fcd\u00fcr CEO- Y\u00f6netim Kurulu \u00dcyesi 3 Ay\u015feg\u00fcl Yacel \u0130sPark (Mezun) \u00a0Proje M\u00fcd\u00fcr\u00fc 4 [&hellip;]","og_url":"https:\/\/ticaret.edu.tr\/yazilim-muhendisligi-ingilizce\/bolum-danisma-kurulu\/","og_site_name":"Yaz\u0131l\u0131m M\u00fchendisli\u011fi (\u0130ngilizce)","article_publisher":"https:\/\/www.facebook.com\/ticaretedutr","article_modified_time":"2025-03-11T07:55:53+00:00","twitter_card":"summary_large_image","twitter_site":"@ticaretedutr","twitter_misc":{"Tahmini okuma s\u00fcresi":"1 dakika"},"schema":{"@context":"https:\/\/schema.org","@graph":[{"@type":"WebPage","@id":"https:\/\/ticaret.edu.tr\/yazilim-muhendisligi-ingilizce\/bolum-danisma-kurulu\/","url":"https:\/\/ticaret.edu.tr\/yazilim-muhendisligi-ingilizce\/bolum-danisma-kurulu\/","name":"B\u00f6l\u00fcm Dan\u0131\u015fma Kurulu - Yaz\u0131l\u0131m M\u00fchendisli\u011fi (\u0130ngilizce)","isPartOf":{"@id":"https:\/\/ticaret.edu.tr\/yazilim-muhendisligi-ingilizce\/#website"},"datePublished":"2025-01-26T17:59:17+00:00","dateModified":"2025-03-11T07:55:53+00:00","breadcrumb":{"@id":"https:\/\/ticaret.edu.tr\/yazilim-muhendisligi-ingilizce\/bolum-danisma-kurulu\/#breadcrumb"},"inLanguage":"tr","potentialAction":[{"@type":"ReadAction","target":["https:\/\/ticaret.edu.tr\/yazilim-muhendisligi-ingilizce\/bolum-danisma-kurulu\/"]}]},{"@type":"BreadcrumbList","@id":"https:\/\/ticaret.edu.tr\/yazilim-muhendisligi-ingilizce\/bolum-danisma-kurulu\/#breadcrumb","itemListElement":[{"@type":"ListItem","position":1,"name":"Ana sayfa","item":"https:\/\/ticaret.edu.tr\/yazilim-muhendisligi-ingilizce\/"},{"@type":"ListItem","position":2,"name":"B\u00f6l\u00fcm Dan\u0131\u015fma Kurulu"}]},{"@type":"WebSite","@id":"https:\/\/ticaret.edu.tr\/yazilim-muhendisligi-ingilizce\/#website","url":"https:\/\/ticaret.edu.tr\/yazilim-muhendisligi-ingilizce\/","name":"Yaz\u0131l\u0131m M\u00fchendisli\u011fi (\u0130ngilizce)","description":"","publisher":{"@id":"https:\/\/ticaret.edu.tr\/yazilim-muhendisligi-ingilizce\/#organization"},"potentialAction":[{"@type":"SearchAction","target":{"@type":"EntryPoint","urlTemplate":"https:\/\/ticaret.edu.tr\/yazilim-muhendisligi-ingilizce\/?s={search_term_string}"},"query-input":"required name=search_term_string"}],"inLanguage":"tr"},{"@type":"Organization","@id":"https:\/\/ticaret.edu.tr\/yazilim-muhendisligi-ingilizce\/#organization","name":"\u0130stanbul Ticaret \u00dcniversitesi","url":"https:\/\/ticaret.edu.tr\/yazilim-muhendisligi-ingilizce\/","logo":{"@type":"ImageObject","inLanguage":"tr","@id":"https:\/\/ticaret.edu.tr\/yazilim-muhendisligi-ingilizce\/#\/schema\/logo\/image\/","url":"https:\/\/ticaret.edu.tr\/wp-content\/uploads\/2021\/11\/logo22.png","contentUrl":"https:\/\/ticaret.edu.tr\/wp-content\/uploads\/2021\/11\/logo22.png","width":172,"height":112,"caption":"\u0130stanbul Ticaret \u00dcniversitesi"},"image":{"@id":"https:\/\/ticaret.edu.tr\/yazilim-muhendisligi-ingilizce\/#\/schema\/logo\/image\/"},"sameAs":["https:\/\/www.facebook.com\/ticaretedutr","https:\/\/twitter.com\/ticaretedutr"]}]}},"lang":"tr","translations":{"tr":302,"en":527},"pll_sync_post":[],"_links":{"self":[{"href":"http:\/\/ticaret.edu.tr\/yazilim-muhendisligi-ingilizce\/wp-json\/wp\/v2\/pages\/302"}],"collection":[{"href":"http:\/\/ticaret.edu.tr\/yazilim-muhendisligi-ingilizce\/wp-json\/wp\/v2\/pages"}],"about":[{"href":"http:\/\/ticaret.edu.tr\/yazilim-muhendisligi-ingilizce\/wp-json\/wp\/v2\/types\/page"}],"author":[{"embeddable":true,"href":"http:\/\/ticaret.edu.tr\/yazilim-muhendisligi-ingilizce\/wp-json\/wp\/v2\/users\/226"}],"replies":[{"embeddable":true,"href":"http:\/\/ticaret.edu.tr\/yazilim-muhendisligi-ingilizce\/wp-json\/wp\/v2\/comments?post=302"}],"version-history":[{"count":2,"href":"http:\/\/ticaret.edu.tr\/yazilim-muhendisligi-ingilizce\/wp-json\/wp\/v2\/pages\/302\/revisions"}],"predecessor-version":[{"id":600,"href":"http:\/\/ticaret.edu.tr\/yazilim-muhendisligi-ingilizce\/wp-json\/wp\/v2\/pages\/302\/revisions\/600"}],"wp:attachment":[{"href":"http:\/\/ticaret.edu.tr\/yazilim-muhendisligi-ingilizce\/wp-json\/wp\/v2\/media?parent=302"}],"curies":[{"name":"wp","href":"https:\/\/api.w.org\/{rel}","templated":true}]}}