{"id":372,"date":"2025-01-27T01:01:13","date_gmt":"2025-01-26T22:01:13","guid":{"rendered":"https:\/\/ticaret.edu.tr\/yazilim-muhendisligi-ingilizce\/?page_id=372"},"modified":"2026-01-20T15:53:52","modified_gmt":"2026-01-20T12:53:52","slug":"student-societies","status":"publish","type":"page","link":"http:\/\/ticaret.edu.tr\/yazilim-muhendisligi-ingilizce\/en\/student-societies\/","title":{"rendered":"Student Societies"},"content":{"rendered":"<p data-start=\"38\" data-end=\"554\">Although there is no student club established by the Faculty of Engineering, Department of Software Engineering, the<a href=\"https:\/\/www.linkedin.com\/company\/bilgiveteknolojitoplulugu\/posts\/?feedView=all\"> <strong data-start=\"155\" data-end=\"193\">Information and Technology Society<\/strong><\/a>, which has been formed through the initiative of our faculty students, is a dynamic and active student community that brings together students interested in the information technology sector. The society organizes various events, seminars, workshops, and social responsibility projects with the aim of contributing to students\u2019 academic and social development.<\/p>\n<p data-start=\"559\" data-end=\"602\"><a href=\"https:\/\/ticaret.edu.tr\/saglik-kultur-ve-spor-daire-baskanligi\/ogrenci-topluluklari\/\"><strong data-start=\"559\" data-end=\"602\">Click here for other Student Societies.<\/strong><\/a><\/p>\n","protected":false},"excerpt":{"rendered":"<p>Although there is no student club established by the Faculty of Engineering, Department of Software Engineering, the Information and Technology Society, which has been formed through the initiative of our faculty students, is a dynamic and active student community that brings together students interested in the information technology sector. The society organizes various events, seminars, [&hellip;]<\/p>\n","protected":false},"author":225,"featured_media":0,"parent":0,"menu_order":0,"comment_status":"closed","ping_status":"closed","template":"genel_sayfa.php","meta":{"footnotes":""},"yoast_head":"<!-- This site is optimized with the Yoast SEO Premium plugin v22.1 (Yoast SEO v22.1) - https:\/\/yoast.com\/wordpress\/plugins\/seo\/ -->\n<title>Student Societies - Yaz\u0131l\u0131m M\u00fchendisli\u011fi (\u0130ngilizce)<\/title>\n<meta name=\"robots\" content=\"index, follow, max-snippet:-1, max-image-preview:large, max-video-preview:-1\" \/>\n<link rel=\"canonical\" href=\"https:\/\/ticaret.edu.tr\/yazilim-muhendisligi-ingilizce\/en\/student-societies\/\" \/>\n<meta property=\"og:locale\" content=\"tr_TR\" \/>\n<meta property=\"og:type\" content=\"article\" \/>\n<meta property=\"og:title\" content=\"Student Societies\" \/>\n<meta property=\"og:description\" content=\"Although there is no student club established by the Faculty of Engineering, Department of Software Engineering, the Information and Technology Society, which has been formed through the initiative of our faculty students, is a dynamic and active student community that brings together students interested in the information technology sector. The society organizes various events, seminars, [&hellip;]\" \/>\n<meta property=\"og:url\" content=\"https:\/\/ticaret.edu.tr\/yazilim-muhendisligi-ingilizce\/en\/student-societies\/\" \/>\n<meta property=\"og:site_name\" content=\"Yaz\u0131l\u0131m M\u00fchendisli\u011fi (\u0130ngilizce)\" \/>\n<meta property=\"article:publisher\" content=\"https:\/\/www.facebook.com\/ticaretedutr\" \/>\n<meta property=\"article:modified_time\" content=\"2026-01-20T12:53:52+00:00\" \/>\n<meta name=\"twitter:card\" content=\"summary_large_image\" \/>\n<meta name=\"twitter:site\" content=\"@ticaretedutr\" \/>\n<meta name=\"twitter:label1\" content=\"Tahmini okuma s\u00fcresi\" \/>\n\t<meta name=\"twitter:data1\" content=\"1 dakika\" \/>\n<script type=\"application\/ld+json\" class=\"yoast-schema-graph\">{\"@context\":\"https:\/\/schema.org\",\"@graph\":[{\"@type\":\"WebPage\",\"@id\":\"https:\/\/ticaret.edu.tr\/yazilim-muhendisligi-ingilizce\/en\/student-societies\/\",\"url\":\"https:\/\/ticaret.edu.tr\/yazilim-muhendisligi-ingilizce\/en\/student-societies\/\",\"name\":\"Student Societies - Yaz\u0131l\u0131m M\u00fchendisli\u011fi (\u0130ngilizce)\",\"isPartOf\":{\"@id\":\"https:\/\/ticaret.edu.tr\/yazilim-muhendisligi-ingilizce\/#website\"},\"datePublished\":\"2025-01-26T22:01:13+00:00\",\"dateModified\":\"2026-01-20T12:53:52+00:00\",\"breadcrumb\":{\"@id\":\"https:\/\/ticaret.edu.tr\/yazilim-muhendisligi-ingilizce\/en\/student-societies\/#breadcrumb\"},\"inLanguage\":\"tr\",\"potentialAction\":[{\"@type\":\"ReadAction\",\"target\":[\"https:\/\/ticaret.edu.tr\/yazilim-muhendisligi-ingilizce\/en\/student-societies\/\"]}]},{\"@type\":\"BreadcrumbList\",\"@id\":\"https:\/\/ticaret.edu.tr\/yazilim-muhendisligi-ingilizce\/en\/student-societies\/#breadcrumb\",\"itemListElement\":[{\"@type\":\"ListItem\",\"position\":1,\"name\":\"Ana sayfa\",\"item\":\"https:\/\/ticaret.edu.tr\/yazilim-muhendisligi-ingilizce\/\"},{\"@type\":\"ListItem\",\"position\":2,\"name\":\"Student Societies\"}]},{\"@type\":\"WebSite\",\"@id\":\"https:\/\/ticaret.edu.tr\/yazilim-muhendisligi-ingilizce\/#website\",\"url\":\"https:\/\/ticaret.edu.tr\/yazilim-muhendisligi-ingilizce\/\",\"name\":\"Yaz\u0131l\u0131m M\u00fchendisli\u011fi (\u0130ngilizce)\",\"description\":\"\",\"publisher\":{\"@id\":\"https:\/\/ticaret.edu.tr\/yazilim-muhendisligi-ingilizce\/#organization\"},\"potentialAction\":[{\"@type\":\"SearchAction\",\"target\":{\"@type\":\"EntryPoint\",\"urlTemplate\":\"https:\/\/ticaret.edu.tr\/yazilim-muhendisligi-ingilizce\/?s={search_term_string}\"},\"query-input\":\"required name=search_term_string\"}],\"inLanguage\":\"tr\"},{\"@type\":\"Organization\",\"@id\":\"https:\/\/ticaret.edu.tr\/yazilim-muhendisligi-ingilizce\/#organization\",\"name\":\"\u0130stanbul Ticaret \u00dcniversitesi\",\"url\":\"https:\/\/ticaret.edu.tr\/yazilim-muhendisligi-ingilizce\/\",\"logo\":{\"@type\":\"ImageObject\",\"inLanguage\":\"tr\",\"@id\":\"https:\/\/ticaret.edu.tr\/yazilim-muhendisligi-ingilizce\/#\/schema\/logo\/image\/\",\"url\":\"https:\/\/ticaret.edu.tr\/wp-content\/uploads\/2021\/11\/logo22.png\",\"contentUrl\":\"https:\/\/ticaret.edu.tr\/wp-content\/uploads\/2021\/11\/logo22.png\",\"width\":172,\"height\":112,\"caption\":\"\u0130stanbul Ticaret \u00dcniversitesi\"},\"image\":{\"@id\":\"https:\/\/ticaret.edu.tr\/yazilim-muhendisligi-ingilizce\/#\/schema\/logo\/image\/\"},\"sameAs\":[\"https:\/\/www.facebook.com\/ticaretedutr\",\"https:\/\/twitter.com\/ticaretedutr\"]}]}<\/script>\n<!-- \/ Yoast SEO Premium plugin. -->","yoast_head_json":{"title":"Student Societies - Yaz\u0131l\u0131m M\u00fchendisli\u011fi (\u0130ngilizce)","robots":{"index":"index","follow":"follow","max-snippet":"max-snippet:-1","max-image-preview":"max-image-preview:large","max-video-preview":"max-video-preview:-1"},"canonical":"https:\/\/ticaret.edu.tr\/yazilim-muhendisligi-ingilizce\/en\/student-societies\/","og_locale":"tr_TR","og_type":"article","og_title":"Student Societies","og_description":"Although there is no student club established by the Faculty of Engineering, Department of Software Engineering, the Information and Technology Society, which has been formed through the initiative of our faculty students, is a dynamic and active student community that brings together students interested in the information technology sector. The society organizes various events, seminars, [&hellip;]","og_url":"https:\/\/ticaret.edu.tr\/yazilim-muhendisligi-ingilizce\/en\/student-societies\/","og_site_name":"Yaz\u0131l\u0131m M\u00fchendisli\u011fi (\u0130ngilizce)","article_publisher":"https:\/\/www.facebook.com\/ticaretedutr","article_modified_time":"2026-01-20T12:53:52+00:00","twitter_card":"summary_large_image","twitter_site":"@ticaretedutr","twitter_misc":{"Tahmini okuma s\u00fcresi":"1 dakika"},"schema":{"@context":"https:\/\/schema.org","@graph":[{"@type":"WebPage","@id":"https:\/\/ticaret.edu.tr\/yazilim-muhendisligi-ingilizce\/en\/student-societies\/","url":"https:\/\/ticaret.edu.tr\/yazilim-muhendisligi-ingilizce\/en\/student-societies\/","name":"Student Societies - Yaz\u0131l\u0131m M\u00fchendisli\u011fi (\u0130ngilizce)","isPartOf":{"@id":"https:\/\/ticaret.edu.tr\/yazilim-muhendisligi-ingilizce\/#website"},"datePublished":"2025-01-26T22:01:13+00:00","dateModified":"2026-01-20T12:53:52+00:00","breadcrumb":{"@id":"https:\/\/ticaret.edu.tr\/yazilim-muhendisligi-ingilizce\/en\/student-societies\/#breadcrumb"},"inLanguage":"tr","potentialAction":[{"@type":"ReadAction","target":["https:\/\/ticaret.edu.tr\/yazilim-muhendisligi-ingilizce\/en\/student-societies\/"]}]},{"@type":"BreadcrumbList","@id":"https:\/\/ticaret.edu.tr\/yazilim-muhendisligi-ingilizce\/en\/student-societies\/#breadcrumb","itemListElement":[{"@type":"ListItem","position":1,"name":"Ana sayfa","item":"https:\/\/ticaret.edu.tr\/yazilim-muhendisligi-ingilizce\/"},{"@type":"ListItem","position":2,"name":"Student Societies"}]},{"@type":"WebSite","@id":"https:\/\/ticaret.edu.tr\/yazilim-muhendisligi-ingilizce\/#website","url":"https:\/\/ticaret.edu.tr\/yazilim-muhendisligi-ingilizce\/","name":"Yaz\u0131l\u0131m M\u00fchendisli\u011fi (\u0130ngilizce)","description":"","publisher":{"@id":"https:\/\/ticaret.edu.tr\/yazilim-muhendisligi-ingilizce\/#organization"},"potentialAction":[{"@type":"SearchAction","target":{"@type":"EntryPoint","urlTemplate":"https:\/\/ticaret.edu.tr\/yazilim-muhendisligi-ingilizce\/?s={search_term_string}"},"query-input":"required name=search_term_string"}],"inLanguage":"tr"},{"@type":"Organization","@id":"https:\/\/ticaret.edu.tr\/yazilim-muhendisligi-ingilizce\/#organization","name":"\u0130stanbul Ticaret \u00dcniversitesi","url":"https:\/\/ticaret.edu.tr\/yazilim-muhendisligi-ingilizce\/","logo":{"@type":"ImageObject","inLanguage":"tr","@id":"https:\/\/ticaret.edu.tr\/yazilim-muhendisligi-ingilizce\/#\/schema\/logo\/image\/","url":"https:\/\/ticaret.edu.tr\/wp-content\/uploads\/2021\/11\/logo22.png","contentUrl":"https:\/\/ticaret.edu.tr\/wp-content\/uploads\/2021\/11\/logo22.png","width":172,"height":112,"caption":"\u0130stanbul Ticaret \u00dcniversitesi"},"image":{"@id":"https:\/\/ticaret.edu.tr\/yazilim-muhendisligi-ingilizce\/#\/schema\/logo\/image\/"},"sameAs":["https:\/\/www.facebook.com\/ticaretedutr","https:\/\/twitter.com\/ticaretedutr"]}]}},"lang":"en","translations":{"tr":152,"en":372},"pll_sync_post":[],"_links":{"self":[{"href":"http:\/\/ticaret.edu.tr\/yazilim-muhendisligi-ingilizce\/wp-json\/wp\/v2\/pages\/372"}],"collection":[{"href":"http:\/\/ticaret.edu.tr\/yazilim-muhendisligi-ingilizce\/wp-json\/wp\/v2\/pages"}],"about":[{"href":"http:\/\/ticaret.edu.tr\/yazilim-muhendisligi-ingilizce\/wp-json\/wp\/v2\/types\/page"}],"author":[{"embeddable":true,"href":"http:\/\/ticaret.edu.tr\/yazilim-muhendisligi-ingilizce\/wp-json\/wp\/v2\/users\/225"}],"replies":[{"embeddable":true,"href":"http:\/\/ticaret.edu.tr\/yazilim-muhendisligi-ingilizce\/wp-json\/wp\/v2\/comments?post=372"}],"version-history":[{"count":3,"href":"http:\/\/ticaret.edu.tr\/yazilim-muhendisligi-ingilizce\/wp-json\/wp\/v2\/pages\/372\/revisions"}],"predecessor-version":[{"id":933,"href":"http:\/\/ticaret.edu.tr\/yazilim-muhendisligi-ingilizce\/wp-json\/wp\/v2\/pages\/372\/revisions\/933"}],"wp:attachment":[{"href":"http:\/\/ticaret.edu.tr\/yazilim-muhendisligi-ingilizce\/wp-json\/wp\/v2\/media?parent=372"}],"curies":[{"name":"wp","href":"https:\/\/api.w.org\/{rel}","templated":true}]}}