{"id":399,"date":"2025-01-27T01:05:13","date_gmt":"2025-01-26T22:05:13","guid":{"rendered":"https:\/\/ticaret.edu.tr\/yazilim-muhendisligi-ingilizce\/?page_id=399"},"modified":"2026-01-16T22:27:57","modified_gmt":"2026-01-16T19:27:57","slug":"programs-learning-outcomes","status":"publish","type":"page","link":"http:\/\/ticaret.edu.tr\/yazilim-muhendisligi-ingilizce\/en\/programs-learning-outcomes\/","title":{"rendered":"Program&#8217;s Learning Outcomes"},"content":{"rendered":"<p data-start=\"222\" data-end=\"331\"><strong data-start=\"222\" data-end=\"230\">1.a.<\/strong> Adequate knowledge in mathematics, natural sciences, and discipline-specific engineering subjects.<\/p>\n<p data-start=\"333\" data-end=\"450\"><strong data-start=\"333\" data-end=\"341\">1.b.<\/strong> Ability to apply theoretical and practical knowledge in these areas to solve complex engineering problems.<\/p>\n<p data-start=\"452\" data-end=\"542\"><strong data-start=\"452\" data-end=\"460\">2.a.<\/strong> Ability to identify, define, formulate, and solve complex engineering problems.<\/p>\n<p data-start=\"544\" data-end=\"642\"><strong data-start=\"544\" data-end=\"552\">2.b.<\/strong> Ability to select and apply appropriate analysis and modeling methods for this purpose.<\/p>\n<p data-start=\"644\" data-end=\"793\"><strong data-start=\"644\" data-end=\"652\">3.a.<\/strong> Ability to design a complex system, process, device, or product under realistic constraints and conditions to meet specified requirements.<\/p>\n<p data-start=\"795\" data-end=\"862\"><strong data-start=\"795\" data-end=\"803\">3.b.<\/strong> Ability to apply modern design methods for this purpose.<\/p>\n<p data-start=\"864\" data-end=\"1038\"><strong data-start=\"864\" data-end=\"872\">4.a.<\/strong> Ability to develop, select, and use modern techniques and tools required for the analysis and solution of complex problems encountered in engineering applications.<\/p>\n<p data-start=\"1040\" data-end=\"1103\"><strong data-start=\"1040\" data-end=\"1048\">4.b.<\/strong> Ability to use information technologies effectively.<\/p>\n<p data-start=\"1105\" data-end=\"1303\"><strong data-start=\"1105\" data-end=\"1111\">5.<\/strong> Ability to design experiments, conduct experiments, collect data, analyze and interpret results for the investigation of complex engineering problems or discipline-specific research topics.<\/p>\n<p data-start=\"1305\" data-end=\"1394\"><strong data-start=\"1305\" data-end=\"1313\">6.a.<\/strong> Ability to work effectively in intra-disciplinary and multidisciplinary teams.<\/p>\n<p data-start=\"1396\" data-end=\"1437\"><strong data-start=\"1396\" data-end=\"1404\">6.b.<\/strong> Ability to work independently.<\/p>\n<p data-start=\"1439\" data-end=\"1513\"><strong data-start=\"1439\" data-end=\"1447\">7.a.<\/strong> Ability to communicate effectively in written and oral Turkish.<\/p>\n<p data-start=\"1515\" data-end=\"1569\"><strong data-start=\"1515\" data-end=\"1523\">7.b.<\/strong> Knowledge of at least one foreign language.<\/p>\n<p data-start=\"1571\" data-end=\"1780\"><strong data-start=\"1571\" data-end=\"1579\">7.c.<\/strong> Ability to write effective reports and understand written reports; prepare design and production reports; deliver effective presentations; and give and receive clear and understandable instructions.<\/p>\n<p data-start=\"1782\" data-end=\"1841\"><strong data-start=\"1782\" data-end=\"1790\">8.a.<\/strong> Awareness of the necessity of lifelong learning.<\/p>\n<p data-start=\"1843\" data-end=\"1966\"><strong data-start=\"1843\" data-end=\"1851\">8.b.<\/strong> Ability to access information, monitor developments in science and technology, and continuously improve oneself.<\/p>\n<p data-start=\"1968\" data-end=\"2089\"><strong data-start=\"1968\" data-end=\"1976\">9.a.<\/strong> Ability to act in accordance with ethical principles and awareness of professional and ethical responsibility.<\/p>\n<p data-start=\"2091\" data-end=\"2158\"><strong data-start=\"2091\" data-end=\"2099\">9.b.<\/strong> Knowledge of standards used in engineering applications.<\/p>\n<p data-start=\"2160\" data-end=\"2293\"><strong data-start=\"2160\" data-end=\"2169\">10.a.<\/strong> Knowledge of professional practices in business life, such as project management, risk management, and change management.<\/p>\n<p data-start=\"2295\" data-end=\"2352\"><strong data-start=\"2295\" data-end=\"2304\">10.b.<\/strong> Awareness of entrepreneurship and innovation.<\/p>\n<p data-start=\"2354\" data-end=\"2403\"><strong data-start=\"2354\" data-end=\"2363\">10.c.<\/strong> Knowledge of sustainable development.<\/p>\n<p data-start=\"2405\" data-end=\"2611\"><strong data-start=\"2405\" data-end=\"2414\">11.a.<\/strong> Knowledge of the impacts of engineering applications on health, environment, and safety at universal and societal levels, and awareness of contemporary issues reflected in the engineering field.<\/p>\n<p data-start=\"2613\" data-end=\"2686\"><strong data-start=\"2613\" data-end=\"2622\">11.b.<\/strong> Awareness of the legal consequences of engineering solutions.<\/p>\n","protected":false},"excerpt":{"rendered":"<p>1.a. Adequate knowledge in mathematics, natural sciences, and discipline-specific engineering subjects. 1.b. Ability to apply theoretical and practical knowledge in these areas to solve complex engineering problems. 2.a. Ability to identify, define, formulate, and solve complex engineering problems. 2.b. Ability to select and apply appropriate analysis and modeling methods for this purpose. 3.a. Ability to [&hellip;]<\/p>\n","protected":false},"author":225,"featured_media":0,"parent":0,"menu_order":0,"comment_status":"closed","ping_status":"closed","template":"genel_sayfa.php","meta":{"footnotes":""},"yoast_head":"<!-- This site is optimized with the Yoast SEO Premium plugin v22.1 (Yoast SEO v22.1) - https:\/\/yoast.com\/wordpress\/plugins\/seo\/ -->\n<title>Program&#039;s Learning Outcomes - Yaz\u0131l\u0131m M\u00fchendisli\u011fi (\u0130ngilizce)<\/title>\n<meta name=\"robots\" content=\"index, follow, max-snippet:-1, max-image-preview:large, max-video-preview:-1\" \/>\n<link rel=\"canonical\" href=\"https:\/\/ticaret.edu.tr\/yazilim-muhendisligi-ingilizce\/en\/programs-learning-outcomes\/\" \/>\n<meta property=\"og:locale\" content=\"tr_TR\" \/>\n<meta property=\"og:type\" content=\"article\" \/>\n<meta property=\"og:title\" content=\"Program&#039;s Learning Outcomes\" \/>\n<meta property=\"og:description\" content=\"1.a. Adequate knowledge in mathematics, natural sciences, and discipline-specific engineering subjects. 1.b. Ability to apply theoretical and practical knowledge in these areas to solve complex engineering problems. 2.a. Ability to identify, define, formulate, and solve complex engineering problems. 2.b. Ability to select and apply appropriate analysis and modeling methods for this purpose. 3.a. Ability to [&hellip;]\" \/>\n<meta property=\"og:url\" content=\"https:\/\/ticaret.edu.tr\/yazilim-muhendisligi-ingilizce\/en\/programs-learning-outcomes\/\" \/>\n<meta property=\"og:site_name\" content=\"Yaz\u0131l\u0131m M\u00fchendisli\u011fi (\u0130ngilizce)\" \/>\n<meta property=\"article:publisher\" content=\"https:\/\/www.facebook.com\/ticaretedutr\" \/>\n<meta property=\"article:modified_time\" content=\"2026-01-16T19:27:57+00:00\" \/>\n<meta name=\"twitter:card\" content=\"summary_large_image\" \/>\n<meta name=\"twitter:site\" content=\"@ticaretedutr\" \/>\n<meta name=\"twitter:label1\" content=\"Tahmini okuma s\u00fcresi\" \/>\n\t<meta name=\"twitter:data1\" content=\"2 dakika\" \/>\n<script type=\"application\/ld+json\" class=\"yoast-schema-graph\">{\"@context\":\"https:\/\/schema.org\",\"@graph\":[{\"@type\":\"WebPage\",\"@id\":\"https:\/\/ticaret.edu.tr\/yazilim-muhendisligi-ingilizce\/en\/programs-learning-outcomes\/\",\"url\":\"https:\/\/ticaret.edu.tr\/yazilim-muhendisligi-ingilizce\/en\/programs-learning-outcomes\/\",\"name\":\"Program's Learning Outcomes - Yaz\u0131l\u0131m M\u00fchendisli\u011fi (\u0130ngilizce)\",\"isPartOf\":{\"@id\":\"https:\/\/ticaret.edu.tr\/yazilim-muhendisligi-ingilizce\/#website\"},\"datePublished\":\"2025-01-26T22:05:13+00:00\",\"dateModified\":\"2026-01-16T19:27:57+00:00\",\"breadcrumb\":{\"@id\":\"https:\/\/ticaret.edu.tr\/yazilim-muhendisligi-ingilizce\/en\/programs-learning-outcomes\/#breadcrumb\"},\"inLanguage\":\"tr\",\"potentialAction\":[{\"@type\":\"ReadAction\",\"target\":[\"https:\/\/ticaret.edu.tr\/yazilim-muhendisligi-ingilizce\/en\/programs-learning-outcomes\/\"]}]},{\"@type\":\"BreadcrumbList\",\"@id\":\"https:\/\/ticaret.edu.tr\/yazilim-muhendisligi-ingilizce\/en\/programs-learning-outcomes\/#breadcrumb\",\"itemListElement\":[{\"@type\":\"ListItem\",\"position\":1,\"name\":\"Ana sayfa\",\"item\":\"https:\/\/ticaret.edu.tr\/yazilim-muhendisligi-ingilizce\/\"},{\"@type\":\"ListItem\",\"position\":2,\"name\":\"Program&#8217;s Learning Outcomes\"}]},{\"@type\":\"WebSite\",\"@id\":\"https:\/\/ticaret.edu.tr\/yazilim-muhendisligi-ingilizce\/#website\",\"url\":\"https:\/\/ticaret.edu.tr\/yazilim-muhendisligi-ingilizce\/\",\"name\":\"Yaz\u0131l\u0131m M\u00fchendisli\u011fi (\u0130ngilizce)\",\"description\":\"\",\"publisher\":{\"@id\":\"https:\/\/ticaret.edu.tr\/yazilim-muhendisligi-ingilizce\/#organization\"},\"potentialAction\":[{\"@type\":\"SearchAction\",\"target\":{\"@type\":\"EntryPoint\",\"urlTemplate\":\"https:\/\/ticaret.edu.tr\/yazilim-muhendisligi-ingilizce\/?s={search_term_string}\"},\"query-input\":\"required name=search_term_string\"}],\"inLanguage\":\"tr\"},{\"@type\":\"Organization\",\"@id\":\"https:\/\/ticaret.edu.tr\/yazilim-muhendisligi-ingilizce\/#organization\",\"name\":\"\u0130stanbul Ticaret \u00dcniversitesi\",\"url\":\"https:\/\/ticaret.edu.tr\/yazilim-muhendisligi-ingilizce\/\",\"logo\":{\"@type\":\"ImageObject\",\"inLanguage\":\"tr\",\"@id\":\"https:\/\/ticaret.edu.tr\/yazilim-muhendisligi-ingilizce\/#\/schema\/logo\/image\/\",\"url\":\"https:\/\/ticaret.edu.tr\/wp-content\/uploads\/2021\/11\/logo22.png\",\"contentUrl\":\"https:\/\/ticaret.edu.tr\/wp-content\/uploads\/2021\/11\/logo22.png\",\"width\":172,\"height\":112,\"caption\":\"\u0130stanbul Ticaret \u00dcniversitesi\"},\"image\":{\"@id\":\"https:\/\/ticaret.edu.tr\/yazilim-muhendisligi-ingilizce\/#\/schema\/logo\/image\/\"},\"sameAs\":[\"https:\/\/www.facebook.com\/ticaretedutr\",\"https:\/\/twitter.com\/ticaretedutr\"]}]}<\/script>\n<!-- \/ Yoast SEO Premium plugin. -->","yoast_head_json":{"title":"Program's Learning Outcomes - Yaz\u0131l\u0131m M\u00fchendisli\u011fi (\u0130ngilizce)","robots":{"index":"index","follow":"follow","max-snippet":"max-snippet:-1","max-image-preview":"max-image-preview:large","max-video-preview":"max-video-preview:-1"},"canonical":"https:\/\/ticaret.edu.tr\/yazilim-muhendisligi-ingilizce\/en\/programs-learning-outcomes\/","og_locale":"tr_TR","og_type":"article","og_title":"Program's Learning Outcomes","og_description":"1.a. Adequate knowledge in mathematics, natural sciences, and discipline-specific engineering subjects. 1.b. Ability to apply theoretical and practical knowledge in these areas to solve complex engineering problems. 2.a. Ability to identify, define, formulate, and solve complex engineering problems. 2.b. Ability to select and apply appropriate analysis and modeling methods for this purpose. 3.a. Ability to [&hellip;]","og_url":"https:\/\/ticaret.edu.tr\/yazilim-muhendisligi-ingilizce\/en\/programs-learning-outcomes\/","og_site_name":"Yaz\u0131l\u0131m M\u00fchendisli\u011fi (\u0130ngilizce)","article_publisher":"https:\/\/www.facebook.com\/ticaretedutr","article_modified_time":"2026-01-16T19:27:57+00:00","twitter_card":"summary_large_image","twitter_site":"@ticaretedutr","twitter_misc":{"Tahmini okuma s\u00fcresi":"2 dakika"},"schema":{"@context":"https:\/\/schema.org","@graph":[{"@type":"WebPage","@id":"https:\/\/ticaret.edu.tr\/yazilim-muhendisligi-ingilizce\/en\/programs-learning-outcomes\/","url":"https:\/\/ticaret.edu.tr\/yazilim-muhendisligi-ingilizce\/en\/programs-learning-outcomes\/","name":"Program's Learning Outcomes - Yaz\u0131l\u0131m M\u00fchendisli\u011fi (\u0130ngilizce)","isPartOf":{"@id":"https:\/\/ticaret.edu.tr\/yazilim-muhendisligi-ingilizce\/#website"},"datePublished":"2025-01-26T22:05:13+00:00","dateModified":"2026-01-16T19:27:57+00:00","breadcrumb":{"@id":"https:\/\/ticaret.edu.tr\/yazilim-muhendisligi-ingilizce\/en\/programs-learning-outcomes\/#breadcrumb"},"inLanguage":"tr","potentialAction":[{"@type":"ReadAction","target":["https:\/\/ticaret.edu.tr\/yazilim-muhendisligi-ingilizce\/en\/programs-learning-outcomes\/"]}]},{"@type":"BreadcrumbList","@id":"https:\/\/ticaret.edu.tr\/yazilim-muhendisligi-ingilizce\/en\/programs-learning-outcomes\/#breadcrumb","itemListElement":[{"@type":"ListItem","position":1,"name":"Ana sayfa","item":"https:\/\/ticaret.edu.tr\/yazilim-muhendisligi-ingilizce\/"},{"@type":"ListItem","position":2,"name":"Program&#8217;s Learning Outcomes"}]},{"@type":"WebSite","@id":"https:\/\/ticaret.edu.tr\/yazilim-muhendisligi-ingilizce\/#website","url":"https:\/\/ticaret.edu.tr\/yazilim-muhendisligi-ingilizce\/","name":"Yaz\u0131l\u0131m M\u00fchendisli\u011fi (\u0130ngilizce)","description":"","publisher":{"@id":"https:\/\/ticaret.edu.tr\/yazilim-muhendisligi-ingilizce\/#organization"},"potentialAction":[{"@type":"SearchAction","target":{"@type":"EntryPoint","urlTemplate":"https:\/\/ticaret.edu.tr\/yazilim-muhendisligi-ingilizce\/?s={search_term_string}"},"query-input":"required name=search_term_string"}],"inLanguage":"tr"},{"@type":"Organization","@id":"https:\/\/ticaret.edu.tr\/yazilim-muhendisligi-ingilizce\/#organization","name":"\u0130stanbul Ticaret \u00dcniversitesi","url":"https:\/\/ticaret.edu.tr\/yazilim-muhendisligi-ingilizce\/","logo":{"@type":"ImageObject","inLanguage":"tr","@id":"https:\/\/ticaret.edu.tr\/yazilim-muhendisligi-ingilizce\/#\/schema\/logo\/image\/","url":"https:\/\/ticaret.edu.tr\/wp-content\/uploads\/2021\/11\/logo22.png","contentUrl":"https:\/\/ticaret.edu.tr\/wp-content\/uploads\/2021\/11\/logo22.png","width":172,"height":112,"caption":"\u0130stanbul Ticaret \u00dcniversitesi"},"image":{"@id":"https:\/\/ticaret.edu.tr\/yazilim-muhendisligi-ingilizce\/#\/schema\/logo\/image\/"},"sameAs":["https:\/\/www.facebook.com\/ticaretedutr","https:\/\/twitter.com\/ticaretedutr"]}]}},"lang":"en","translations":{"tr":186,"en":399},"pll_sync_post":[],"_links":{"self":[{"href":"http:\/\/ticaret.edu.tr\/yazilim-muhendisligi-ingilizce\/wp-json\/wp\/v2\/pages\/399"}],"collection":[{"href":"http:\/\/ticaret.edu.tr\/yazilim-muhendisligi-ingilizce\/wp-json\/wp\/v2\/pages"}],"about":[{"href":"http:\/\/ticaret.edu.tr\/yazilim-muhendisligi-ingilizce\/wp-json\/wp\/v2\/types\/page"}],"author":[{"embeddable":true,"href":"http:\/\/ticaret.edu.tr\/yazilim-muhendisligi-ingilizce\/wp-json\/wp\/v2\/users\/225"}],"replies":[{"embeddable":true,"href":"http:\/\/ticaret.edu.tr\/yazilim-muhendisligi-ingilizce\/wp-json\/wp\/v2\/comments?post=399"}],"version-history":[{"count":2,"href":"http:\/\/ticaret.edu.tr\/yazilim-muhendisligi-ingilizce\/wp-json\/wp\/v2\/pages\/399\/revisions"}],"predecessor-version":[{"id":888,"href":"http:\/\/ticaret.edu.tr\/yazilim-muhendisligi-ingilizce\/wp-json\/wp\/v2\/pages\/399\/revisions\/888"}],"wp:attachment":[{"href":"http:\/\/ticaret.edu.tr\/yazilim-muhendisligi-ingilizce\/wp-json\/wp\/v2\/media?parent=399"}],"curies":[{"name":"wp","href":"https:\/\/api.w.org\/{rel}","templated":true}]}}