{"id":506,"date":"2025-01-27T01:25:58","date_gmt":"2025-01-26T22:25:58","guid":{"rendered":"https:\/\/ticaret.edu.tr\/yazilim-muhendisligi-ingilizce\/?page_id=506"},"modified":"2026-01-19T14:37:24","modified_gmt":"2026-01-19T11:37:24","slug":"publications","status":"publish","type":"page","link":"http:\/\/ticaret.edu.tr\/yazilim-muhendisligi-ingilizce\/en\/publications\/","title":{"rendered":"Publications"},"content":{"rendered":"<div><a href=\"https:\/\/avesis.ticaret.edu.tr\/dogank\"><strong>Prof. Dr. Do\u011fan Kaya<\/strong><\/a><\/div>\n<div>\n<div class=\"csl-bib-body\">\n<div>\n<div><\/div>\n<div><a href=\"https:\/\/avesis.ticaret.edu.tr\/mturan\/yayinlar\"><strong>Assoc. Prof. Dr. Metin Turan<\/strong><\/a><\/div>\n<\/div>\n<\/div>\n<div>\n<div class=\"csl-bib-body\">\n<div class=\"csl-entry\">\n<p dir=\"auto\"><a href=\"https:\/\/avesis.ticaret.edu.tr\/ikose\/yayinlar\"><strong>Asst. Prof. Dr. \u0130lker K\u00f6se<\/strong><\/a><\/p>\n<\/div>\n<\/div>\n<div>\n<div>\n<p dir=\"auto\"><a href=\"https:\/\/avesis.ticaret.edu.tr\/aboyaci\/yayinlar\"><strong>Asst. Prof. Dr. Ali Boyac\u0131<\/strong><\/a><\/p>\n<p dir=\"auto\"><a href=\"https:\/\/avesis.ticaret.edu.tr\/fnaki\/yayinlar\"><strong>Asst. Prof. Dr. Fatma Nur Ak\u0131<\/strong><\/a><\/p>\n<p dir=\"auto\">\n<\/div>\n<\/div>\n<\/div>\n<\/div>\n","protected":false},"excerpt":{"rendered":"<p>Prof. Dr. Do\u011fan Kaya Assoc. Prof. Dr. Metin Turan Asst. Prof. Dr. \u0130lker K\u00f6se Asst. Prof. Dr. Ali Boyac\u0131 Asst. Prof. Dr. Fatma Nur Ak\u0131<\/p>\n","protected":false},"author":225,"featured_media":0,"parent":0,"menu_order":0,"comment_status":"closed","ping_status":"closed","template":"genel_sayfa.php","meta":{"footnotes":""},"yoast_head":"<!-- This site is optimized with the Yoast SEO Premium plugin v22.1 (Yoast SEO v22.1) - https:\/\/yoast.com\/wordpress\/plugins\/seo\/ -->\n<title>Publications - Yaz\u0131l\u0131m M\u00fchendisli\u011fi (\u0130ngilizce)<\/title>\n<meta name=\"robots\" content=\"index, follow, max-snippet:-1, max-image-preview:large, max-video-preview:-1\" \/>\n<link rel=\"canonical\" href=\"http:\/\/ticaret.edu.tr\/yazilim-muhendisligi-ingilizce\/en\/publications\/\" \/>\n<meta property=\"og:locale\" content=\"tr_TR\" \/>\n<meta property=\"og:type\" content=\"article\" \/>\n<meta property=\"og:title\" content=\"Publications\" \/>\n<meta property=\"og:description\" content=\"Prof. Dr. Do\u011fan Kaya Assoc. Prof. Dr. Metin Turan Asst. Prof. Dr. \u0130lker K\u00f6se Asst. Prof. Dr. Ali Boyac\u0131 Asst. Prof. Dr. Fatma Nur Ak\u0131\" \/>\n<meta property=\"og:url\" content=\"http:\/\/ticaret.edu.tr\/yazilim-muhendisligi-ingilizce\/en\/publications\/\" \/>\n<meta property=\"og:site_name\" content=\"Yaz\u0131l\u0131m M\u00fchendisli\u011fi (\u0130ngilizce)\" \/>\n<meta property=\"article:publisher\" content=\"https:\/\/www.facebook.com\/ticaretedutr\" \/>\n<meta property=\"article:modified_time\" content=\"2026-01-19T11:37:24+00:00\" \/>\n<meta name=\"twitter:card\" content=\"summary_large_image\" \/>\n<meta name=\"twitter:site\" content=\"@ticaretedutr\" \/>\n<meta name=\"twitter:label1\" content=\"Tahmini okuma s\u00fcresi\" \/>\n\t<meta name=\"twitter:data1\" content=\"1 dakika\" \/>\n<script type=\"application\/ld+json\" class=\"yoast-schema-graph\">{\"@context\":\"https:\/\/schema.org\",\"@graph\":[{\"@type\":\"WebPage\",\"@id\":\"http:\/\/ticaret.edu.tr\/yazilim-muhendisligi-ingilizce\/en\/publications\/\",\"url\":\"http:\/\/ticaret.edu.tr\/yazilim-muhendisligi-ingilizce\/en\/publications\/\",\"name\":\"Publications - Yaz\u0131l\u0131m M\u00fchendisli\u011fi (\u0130ngilizce)\",\"isPartOf\":{\"@id\":\"https:\/\/ticaret.edu.tr\/yazilim-muhendisligi-ingilizce\/#website\"},\"datePublished\":\"2025-01-26T22:25:58+00:00\",\"dateModified\":\"2026-01-19T11:37:24+00:00\",\"breadcrumb\":{\"@id\":\"http:\/\/ticaret.edu.tr\/yazilim-muhendisligi-ingilizce\/en\/publications\/#breadcrumb\"},\"inLanguage\":\"tr\",\"potentialAction\":[{\"@type\":\"ReadAction\",\"target\":[\"http:\/\/ticaret.edu.tr\/yazilim-muhendisligi-ingilizce\/en\/publications\/\"]}]},{\"@type\":\"BreadcrumbList\",\"@id\":\"http:\/\/ticaret.edu.tr\/yazilim-muhendisligi-ingilizce\/en\/publications\/#breadcrumb\",\"itemListElement\":[{\"@type\":\"ListItem\",\"position\":1,\"name\":\"Ana sayfa\",\"item\":\"https:\/\/ticaret.edu.tr\/yazilim-muhendisligi-ingilizce\/\"},{\"@type\":\"ListItem\",\"position\":2,\"name\":\"Publications\"}]},{\"@type\":\"WebSite\",\"@id\":\"https:\/\/ticaret.edu.tr\/yazilim-muhendisligi-ingilizce\/#website\",\"url\":\"https:\/\/ticaret.edu.tr\/yazilim-muhendisligi-ingilizce\/\",\"name\":\"Yaz\u0131l\u0131m M\u00fchendisli\u011fi (\u0130ngilizce)\",\"description\":\"\",\"publisher\":{\"@id\":\"https:\/\/ticaret.edu.tr\/yazilim-muhendisligi-ingilizce\/#organization\"},\"potentialAction\":[{\"@type\":\"SearchAction\",\"target\":{\"@type\":\"EntryPoint\",\"urlTemplate\":\"https:\/\/ticaret.edu.tr\/yazilim-muhendisligi-ingilizce\/?s={search_term_string}\"},\"query-input\":\"required name=search_term_string\"}],\"inLanguage\":\"tr\"},{\"@type\":\"Organization\",\"@id\":\"https:\/\/ticaret.edu.tr\/yazilim-muhendisligi-ingilizce\/#organization\",\"name\":\"\u0130stanbul Ticaret \u00dcniversitesi\",\"url\":\"https:\/\/ticaret.edu.tr\/yazilim-muhendisligi-ingilizce\/\",\"logo\":{\"@type\":\"ImageObject\",\"inLanguage\":\"tr\",\"@id\":\"https:\/\/ticaret.edu.tr\/yazilim-muhendisligi-ingilizce\/#\/schema\/logo\/image\/\",\"url\":\"https:\/\/ticaret.edu.tr\/wp-content\/uploads\/2021\/11\/logo22.png\",\"contentUrl\":\"https:\/\/ticaret.edu.tr\/wp-content\/uploads\/2021\/11\/logo22.png\",\"width\":172,\"height\":112,\"caption\":\"\u0130stanbul Ticaret \u00dcniversitesi\"},\"image\":{\"@id\":\"https:\/\/ticaret.edu.tr\/yazilim-muhendisligi-ingilizce\/#\/schema\/logo\/image\/\"},\"sameAs\":[\"https:\/\/www.facebook.com\/ticaretedutr\",\"https:\/\/twitter.com\/ticaretedutr\"]}]}<\/script>\n<!-- \/ Yoast SEO Premium plugin. -->","yoast_head_json":{"title":"Publications - Yaz\u0131l\u0131m M\u00fchendisli\u011fi (\u0130ngilizce)","robots":{"index":"index","follow":"follow","max-snippet":"max-snippet:-1","max-image-preview":"max-image-preview:large","max-video-preview":"max-video-preview:-1"},"canonical":"http:\/\/ticaret.edu.tr\/yazilim-muhendisligi-ingilizce\/en\/publications\/","og_locale":"tr_TR","og_type":"article","og_title":"Publications","og_description":"Prof. Dr. Do\u011fan Kaya Assoc. Prof. Dr. Metin Turan Asst. Prof. Dr. \u0130lker K\u00f6se Asst. Prof. Dr. Ali Boyac\u0131 Asst. Prof. Dr. Fatma Nur Ak\u0131","og_url":"http:\/\/ticaret.edu.tr\/yazilim-muhendisligi-ingilizce\/en\/publications\/","og_site_name":"Yaz\u0131l\u0131m M\u00fchendisli\u011fi (\u0130ngilizce)","article_publisher":"https:\/\/www.facebook.com\/ticaretedutr","article_modified_time":"2026-01-19T11:37:24+00:00","twitter_card":"summary_large_image","twitter_site":"@ticaretedutr","twitter_misc":{"Tahmini okuma s\u00fcresi":"1 dakika"},"schema":{"@context":"https:\/\/schema.org","@graph":[{"@type":"WebPage","@id":"http:\/\/ticaret.edu.tr\/yazilim-muhendisligi-ingilizce\/en\/publications\/","url":"http:\/\/ticaret.edu.tr\/yazilim-muhendisligi-ingilizce\/en\/publications\/","name":"Publications - Yaz\u0131l\u0131m M\u00fchendisli\u011fi (\u0130ngilizce)","isPartOf":{"@id":"https:\/\/ticaret.edu.tr\/yazilim-muhendisligi-ingilizce\/#website"},"datePublished":"2025-01-26T22:25:58+00:00","dateModified":"2026-01-19T11:37:24+00:00","breadcrumb":{"@id":"http:\/\/ticaret.edu.tr\/yazilim-muhendisligi-ingilizce\/en\/publications\/#breadcrumb"},"inLanguage":"tr","potentialAction":[{"@type":"ReadAction","target":["http:\/\/ticaret.edu.tr\/yazilim-muhendisligi-ingilizce\/en\/publications\/"]}]},{"@type":"BreadcrumbList","@id":"http:\/\/ticaret.edu.tr\/yazilim-muhendisligi-ingilizce\/en\/publications\/#breadcrumb","itemListElement":[{"@type":"ListItem","position":1,"name":"Ana sayfa","item":"https:\/\/ticaret.edu.tr\/yazilim-muhendisligi-ingilizce\/"},{"@type":"ListItem","position":2,"name":"Publications"}]},{"@type":"WebSite","@id":"https:\/\/ticaret.edu.tr\/yazilim-muhendisligi-ingilizce\/#website","url":"https:\/\/ticaret.edu.tr\/yazilim-muhendisligi-ingilizce\/","name":"Yaz\u0131l\u0131m M\u00fchendisli\u011fi (\u0130ngilizce)","description":"","publisher":{"@id":"https:\/\/ticaret.edu.tr\/yazilim-muhendisligi-ingilizce\/#organization"},"potentialAction":[{"@type":"SearchAction","target":{"@type":"EntryPoint","urlTemplate":"https:\/\/ticaret.edu.tr\/yazilim-muhendisligi-ingilizce\/?s={search_term_string}"},"query-input":"required name=search_term_string"}],"inLanguage":"tr"},{"@type":"Organization","@id":"https:\/\/ticaret.edu.tr\/yazilim-muhendisligi-ingilizce\/#organization","name":"\u0130stanbul Ticaret \u00dcniversitesi","url":"https:\/\/ticaret.edu.tr\/yazilim-muhendisligi-ingilizce\/","logo":{"@type":"ImageObject","inLanguage":"tr","@id":"https:\/\/ticaret.edu.tr\/yazilim-muhendisligi-ingilizce\/#\/schema\/logo\/image\/","url":"https:\/\/ticaret.edu.tr\/wp-content\/uploads\/2021\/11\/logo22.png","contentUrl":"https:\/\/ticaret.edu.tr\/wp-content\/uploads\/2021\/11\/logo22.png","width":172,"height":112,"caption":"\u0130stanbul Ticaret \u00dcniversitesi"},"image":{"@id":"https:\/\/ticaret.edu.tr\/yazilim-muhendisligi-ingilizce\/#\/schema\/logo\/image\/"},"sameAs":["https:\/\/www.facebook.com\/ticaretedutr","https:\/\/twitter.com\/ticaretedutr"]}]}},"lang":"en","translations":{"tr":275,"en":506},"pll_sync_post":[],"_links":{"self":[{"href":"http:\/\/ticaret.edu.tr\/yazilim-muhendisligi-ingilizce\/wp-json\/wp\/v2\/pages\/506"}],"collection":[{"href":"http:\/\/ticaret.edu.tr\/yazilim-muhendisligi-ingilizce\/wp-json\/wp\/v2\/pages"}],"about":[{"href":"http:\/\/ticaret.edu.tr\/yazilim-muhendisligi-ingilizce\/wp-json\/wp\/v2\/types\/page"}],"author":[{"embeddable":true,"href":"http:\/\/ticaret.edu.tr\/yazilim-muhendisligi-ingilizce\/wp-json\/wp\/v2\/users\/225"}],"replies":[{"embeddable":true,"href":"http:\/\/ticaret.edu.tr\/yazilim-muhendisligi-ingilizce\/wp-json\/wp\/v2\/comments?post=506"}],"version-history":[{"count":5,"href":"http:\/\/ticaret.edu.tr\/yazilim-muhendisligi-ingilizce\/wp-json\/wp\/v2\/pages\/506\/revisions"}],"predecessor-version":[{"id":919,"href":"http:\/\/ticaret.edu.tr\/yazilim-muhendisligi-ingilizce\/wp-json\/wp\/v2\/pages\/506\/revisions\/919"}],"wp:attachment":[{"href":"http:\/\/ticaret.edu.tr\/yazilim-muhendisligi-ingilizce\/wp-json\/wp\/v2\/media?parent=506"}],"curies":[{"name":"wp","href":"https:\/\/api.w.org\/{rel}","templated":true}]}}