{"id":527,"date":"2025-01-27T01:28:46","date_gmt":"2025-01-26T22:28:46","guid":{"rendered":"https:\/\/ticaret.edu.tr\/yazilim-muhendisligi-ingilizce\/?page_id=527"},"modified":"2025-10-02T11:36:56","modified_gmt":"2025-10-02T08:36:56","slug":"departments-advisory-board","status":"publish","type":"page","link":"http:\/\/ticaret.edu.tr\/yazilim-muhendisligi-ingilizce\/en\/departments-advisory-board\/","title":{"rendered":"Department\u2019s Advisory Board"},"content":{"rendered":"<table width=\"766\">\n<tbody>\n<tr>\n<td style=\"text-align: center\" colspan=\"4\" width=\"766\"><strong>Software Engineering<\/strong><\/td>\n<\/tr>\n<tr>\n<td style=\"text-align: center\" colspan=\"4\" width=\"766\"><strong>Department Advisory Board Members<\/strong><\/td>\n<\/tr>\n<tr>\n<td style=\"text-align: center\" colspan=\"4\" width=\"766\">Head of the Department<\/td>\n<\/tr>\n<tr>\n<td style=\"text-align: center\" colspan=\"4\" width=\"766\">Faculty Members<\/td>\n<\/tr>\n<tr>\n<td style=\"text-align: center\" colspan=\"4\" width=\"766\">Department Quality Ambassador<\/td>\n<\/tr>\n<tr>\n<td style=\"text-align: center\" colspan=\"4\" width=\"766\">Department Student Representative<\/td>\n<\/tr>\n<tr>\n<td style=\"text-align: center\" colspan=\"4\" width=\"766\">Department Advisory Board Members (External Members)<\/td>\n<\/tr>\n<tr>\n<td width=\"39\"><strong>Number<\/strong><\/td>\n<td width=\"212\"><strong>Name-Surname<\/strong><\/td>\n<td width=\"222\"><strong>Organisation<\/strong><\/td>\n<td width=\"293\"><strong>Duty<\/strong><\/td>\n<\/tr>\n<tr>\n<td width=\"39\">1<\/td>\n<td width=\"212\">Levent SEKBAN<\/td>\n<td width=\"222\">M&amp;L Software<\/td>\n<td width=\"293\">Manager &#8211; General Manager<\/td>\n<\/tr>\n<tr>\n<td width=\"39\">2<\/td>\n<td width=\"212\">Yusuf Kaya<\/td>\n<td width=\"222\">Asis Otomasyon<\/td>\n<td width=\"293\">\n<p id=\"tw-target-text\" class=\"tw-data-text tw-text-large tw-ta\" dir=\"ltr\" role=\"text\" data-placeholder=\"\u00c7eviri\" data-ved=\"2ahUKEwjR0q2AjIWQAxXzhv0HHS5cE-IQ3ewLegQIChAV\" aria-label=\"\u00c7evrilmi\u015f metin: General Manager CEO - Board Member\"><span class=\"Y2IQFc\" lang=\"en\">General Manager CEO &#8211; Board Member<\/span><\/p>\n<\/td>\n<\/tr>\n<tr>\n<td width=\"39\">3<\/td>\n<td width=\"212\">Ay\u015feg\u00fcl Yacel<\/td>\n<td width=\"222\">\u0130sPark (Mezun)<\/td>\n<td width=\"293\">\u00a0Project Manager<\/td>\n<\/tr>\n<tr>\n<td width=\"39\">4<\/td>\n<td width=\"212\">Do\u00e7. Dr. Muhammed Ali AYDIN<\/td>\n<td width=\"222\">\u0130stanbul \u00dcniversitesi-Cerrahpa\u015fa<\/td>\n<td width=\"293\">Vice Dean-Faculty Member<\/td>\n<\/tr>\n<tr>\n<td width=\"39\">5<\/td>\n<td width=\"212\">Prof. Dr. Selim Akyoku\u015f<\/td>\n<td width=\"222\">Medipol \u00dcniversitesi<\/td>\n<td width=\"293\">\u00a0Head of Computer Engineering Department<\/td>\n<\/tr>\n<tr>\n<td width=\"39\">6<\/td>\n<td width=\"212\">Serdar CAN<\/td>\n<td width=\"222\">\u0130TO Meclis \u00dcyesi<\/td>\n<td width=\"293\">Member of the Information Technologies Professional Committee No.5<\/td>\n<\/tr>\n<tr>\n<td width=\"39\">7<\/td>\n<td width=\"212\">Murat Haz\u0131ro\u011flu<\/td>\n<td width=\"222\">\u0130TO Meclis \u00dcyesi<\/td>\n<td width=\"293\">Member of the Information Technologies Professional Committee No.5<\/td>\n<\/tr>\n<\/tbody>\n<\/table>\n","protected":false},"excerpt":{"rendered":"<p>Software Engineering Department Advisory Board Members Head of the Department Faculty Members Department Quality Ambassador Department Student Representative Department Advisory Board Members (External Members) Number Name-Surname Organisation Duty 1 Levent SEKBAN M&amp;L Software Manager &#8211; General Manager 2 Yusuf Kaya Asis Otomasyon General Manager CEO &#8211; Board Member 3 Ay\u015feg\u00fcl Yacel \u0130sPark (Mezun) \u00a0Project Manager [&hellip;]<\/p>\n","protected":false},"author":225,"featured_media":0,"parent":0,"menu_order":0,"comment_status":"closed","ping_status":"closed","template":"genel_sayfa.php","meta":{"footnotes":""},"yoast_head":"<!-- This site is optimized with the Yoast SEO Premium plugin v22.1 (Yoast SEO v22.1) - https:\/\/yoast.com\/wordpress\/plugins\/seo\/ -->\n<title>Department\u2019s Advisory Board - Yaz\u0131l\u0131m M\u00fchendisli\u011fi (\u0130ngilizce)<\/title>\n<meta name=\"robots\" content=\"index, follow, max-snippet:-1, max-image-preview:large, max-video-preview:-1\" \/>\n<link rel=\"canonical\" href=\"http:\/\/ticaret.edu.tr\/yazilim-muhendisligi-ingilizce\/en\/departments-advisory-board\/\" \/>\n<meta property=\"og:locale\" content=\"tr_TR\" \/>\n<meta property=\"og:type\" content=\"article\" \/>\n<meta property=\"og:title\" content=\"Department\u2019s Advisory Board\" \/>\n<meta property=\"og:description\" content=\"Software Engineering Department Advisory Board Members Head of the Department Faculty Members Department Quality Ambassador Department Student Representative Department Advisory Board Members (External Members) Number Name-Surname Organisation Duty 1 Levent SEKBAN M&amp;L Software Manager &#8211; General Manager 2 Yusuf Kaya Asis Otomasyon General Manager CEO &#8211; Board Member 3 Ay\u015feg\u00fcl Yacel \u0130sPark (Mezun) \u00a0Project Manager [&hellip;]\" \/>\n<meta property=\"og:url\" content=\"http:\/\/ticaret.edu.tr\/yazilim-muhendisligi-ingilizce\/en\/departments-advisory-board\/\" \/>\n<meta property=\"og:site_name\" content=\"Yaz\u0131l\u0131m M\u00fchendisli\u011fi (\u0130ngilizce)\" \/>\n<meta property=\"article:publisher\" content=\"https:\/\/www.facebook.com\/ticaretedutr\" \/>\n<meta property=\"article:modified_time\" content=\"2025-10-02T08:36:56+00:00\" \/>\n<meta name=\"twitter:card\" content=\"summary_large_image\" \/>\n<meta name=\"twitter:site\" content=\"@ticaretedutr\" \/>\n<meta name=\"twitter:label1\" content=\"Tahmini okuma s\u00fcresi\" \/>\n\t<meta name=\"twitter:data1\" content=\"1 dakika\" \/>\n<script type=\"application\/ld+json\" class=\"yoast-schema-graph\">{\"@context\":\"https:\/\/schema.org\",\"@graph\":[{\"@type\":\"WebPage\",\"@id\":\"http:\/\/ticaret.edu.tr\/yazilim-muhendisligi-ingilizce\/en\/departments-advisory-board\/\",\"url\":\"http:\/\/ticaret.edu.tr\/yazilim-muhendisligi-ingilizce\/en\/departments-advisory-board\/\",\"name\":\"Department\u2019s Advisory Board - Yaz\u0131l\u0131m M\u00fchendisli\u011fi (\u0130ngilizce)\",\"isPartOf\":{\"@id\":\"https:\/\/ticaret.edu.tr\/yazilim-muhendisligi-ingilizce\/#website\"},\"datePublished\":\"2025-01-26T22:28:46+00:00\",\"dateModified\":\"2025-10-02T08:36:56+00:00\",\"breadcrumb\":{\"@id\":\"http:\/\/ticaret.edu.tr\/yazilim-muhendisligi-ingilizce\/en\/departments-advisory-board\/#breadcrumb\"},\"inLanguage\":\"tr\",\"potentialAction\":[{\"@type\":\"ReadAction\",\"target\":[\"http:\/\/ticaret.edu.tr\/yazilim-muhendisligi-ingilizce\/en\/departments-advisory-board\/\"]}]},{\"@type\":\"BreadcrumbList\",\"@id\":\"http:\/\/ticaret.edu.tr\/yazilim-muhendisligi-ingilizce\/en\/departments-advisory-board\/#breadcrumb\",\"itemListElement\":[{\"@type\":\"ListItem\",\"position\":1,\"name\":\"Ana sayfa\",\"item\":\"https:\/\/ticaret.edu.tr\/yazilim-muhendisligi-ingilizce\/\"},{\"@type\":\"ListItem\",\"position\":2,\"name\":\"Department\u2019s Advisory Board\"}]},{\"@type\":\"WebSite\",\"@id\":\"https:\/\/ticaret.edu.tr\/yazilim-muhendisligi-ingilizce\/#website\",\"url\":\"https:\/\/ticaret.edu.tr\/yazilim-muhendisligi-ingilizce\/\",\"name\":\"Yaz\u0131l\u0131m M\u00fchendisli\u011fi (\u0130ngilizce)\",\"description\":\"\",\"publisher\":{\"@id\":\"https:\/\/ticaret.edu.tr\/yazilim-muhendisligi-ingilizce\/#organization\"},\"potentialAction\":[{\"@type\":\"SearchAction\",\"target\":{\"@type\":\"EntryPoint\",\"urlTemplate\":\"https:\/\/ticaret.edu.tr\/yazilim-muhendisligi-ingilizce\/?s={search_term_string}\"},\"query-input\":\"required name=search_term_string\"}],\"inLanguage\":\"tr\"},{\"@type\":\"Organization\",\"@id\":\"https:\/\/ticaret.edu.tr\/yazilim-muhendisligi-ingilizce\/#organization\",\"name\":\"\u0130stanbul Ticaret \u00dcniversitesi\",\"url\":\"https:\/\/ticaret.edu.tr\/yazilim-muhendisligi-ingilizce\/\",\"logo\":{\"@type\":\"ImageObject\",\"inLanguage\":\"tr\",\"@id\":\"https:\/\/ticaret.edu.tr\/yazilim-muhendisligi-ingilizce\/#\/schema\/logo\/image\/\",\"url\":\"https:\/\/ticaret.edu.tr\/wp-content\/uploads\/2021\/11\/logo22.png\",\"contentUrl\":\"https:\/\/ticaret.edu.tr\/wp-content\/uploads\/2021\/11\/logo22.png\",\"width\":172,\"height\":112,\"caption\":\"\u0130stanbul Ticaret \u00dcniversitesi\"},\"image\":{\"@id\":\"https:\/\/ticaret.edu.tr\/yazilim-muhendisligi-ingilizce\/#\/schema\/logo\/image\/\"},\"sameAs\":[\"https:\/\/www.facebook.com\/ticaretedutr\",\"https:\/\/twitter.com\/ticaretedutr\"]}]}<\/script>\n<!-- \/ Yoast SEO Premium plugin. -->","yoast_head_json":{"title":"Department\u2019s Advisory Board - Yaz\u0131l\u0131m M\u00fchendisli\u011fi (\u0130ngilizce)","robots":{"index":"index","follow":"follow","max-snippet":"max-snippet:-1","max-image-preview":"max-image-preview:large","max-video-preview":"max-video-preview:-1"},"canonical":"http:\/\/ticaret.edu.tr\/yazilim-muhendisligi-ingilizce\/en\/departments-advisory-board\/","og_locale":"tr_TR","og_type":"article","og_title":"Department\u2019s Advisory Board","og_description":"Software Engineering Department Advisory Board Members Head of the Department Faculty Members Department Quality Ambassador Department Student Representative Department Advisory Board Members (External Members) Number Name-Surname Organisation Duty 1 Levent SEKBAN M&amp;L Software Manager &#8211; General Manager 2 Yusuf Kaya Asis Otomasyon General Manager CEO &#8211; Board Member 3 Ay\u015feg\u00fcl Yacel \u0130sPark (Mezun) \u00a0Project Manager [&hellip;]","og_url":"http:\/\/ticaret.edu.tr\/yazilim-muhendisligi-ingilizce\/en\/departments-advisory-board\/","og_site_name":"Yaz\u0131l\u0131m M\u00fchendisli\u011fi (\u0130ngilizce)","article_publisher":"https:\/\/www.facebook.com\/ticaretedutr","article_modified_time":"2025-10-02T08:36:56+00:00","twitter_card":"summary_large_image","twitter_site":"@ticaretedutr","twitter_misc":{"Tahmini okuma s\u00fcresi":"1 dakika"},"schema":{"@context":"https:\/\/schema.org","@graph":[{"@type":"WebPage","@id":"http:\/\/ticaret.edu.tr\/yazilim-muhendisligi-ingilizce\/en\/departments-advisory-board\/","url":"http:\/\/ticaret.edu.tr\/yazilim-muhendisligi-ingilizce\/en\/departments-advisory-board\/","name":"Department\u2019s Advisory Board - Yaz\u0131l\u0131m M\u00fchendisli\u011fi (\u0130ngilizce)","isPartOf":{"@id":"https:\/\/ticaret.edu.tr\/yazilim-muhendisligi-ingilizce\/#website"},"datePublished":"2025-01-26T22:28:46+00:00","dateModified":"2025-10-02T08:36:56+00:00","breadcrumb":{"@id":"http:\/\/ticaret.edu.tr\/yazilim-muhendisligi-ingilizce\/en\/departments-advisory-board\/#breadcrumb"},"inLanguage":"tr","potentialAction":[{"@type":"ReadAction","target":["http:\/\/ticaret.edu.tr\/yazilim-muhendisligi-ingilizce\/en\/departments-advisory-board\/"]}]},{"@type":"BreadcrumbList","@id":"http:\/\/ticaret.edu.tr\/yazilim-muhendisligi-ingilizce\/en\/departments-advisory-board\/#breadcrumb","itemListElement":[{"@type":"ListItem","position":1,"name":"Ana sayfa","item":"https:\/\/ticaret.edu.tr\/yazilim-muhendisligi-ingilizce\/"},{"@type":"ListItem","position":2,"name":"Department\u2019s Advisory Board"}]},{"@type":"WebSite","@id":"https:\/\/ticaret.edu.tr\/yazilim-muhendisligi-ingilizce\/#website","url":"https:\/\/ticaret.edu.tr\/yazilim-muhendisligi-ingilizce\/","name":"Yaz\u0131l\u0131m M\u00fchendisli\u011fi (\u0130ngilizce)","description":"","publisher":{"@id":"https:\/\/ticaret.edu.tr\/yazilim-muhendisligi-ingilizce\/#organization"},"potentialAction":[{"@type":"SearchAction","target":{"@type":"EntryPoint","urlTemplate":"https:\/\/ticaret.edu.tr\/yazilim-muhendisligi-ingilizce\/?s={search_term_string}"},"query-input":"required name=search_term_string"}],"inLanguage":"tr"},{"@type":"Organization","@id":"https:\/\/ticaret.edu.tr\/yazilim-muhendisligi-ingilizce\/#organization","name":"\u0130stanbul Ticaret \u00dcniversitesi","url":"https:\/\/ticaret.edu.tr\/yazilim-muhendisligi-ingilizce\/","logo":{"@type":"ImageObject","inLanguage":"tr","@id":"https:\/\/ticaret.edu.tr\/yazilim-muhendisligi-ingilizce\/#\/schema\/logo\/image\/","url":"https:\/\/ticaret.edu.tr\/wp-content\/uploads\/2021\/11\/logo22.png","contentUrl":"https:\/\/ticaret.edu.tr\/wp-content\/uploads\/2021\/11\/logo22.png","width":172,"height":112,"caption":"\u0130stanbul Ticaret \u00dcniversitesi"},"image":{"@id":"https:\/\/ticaret.edu.tr\/yazilim-muhendisligi-ingilizce\/#\/schema\/logo\/image\/"},"sameAs":["https:\/\/www.facebook.com\/ticaretedutr","https:\/\/twitter.com\/ticaretedutr"]}]}},"lang":"en","translations":{"tr":302,"en":527},"pll_sync_post":[],"_links":{"self":[{"href":"http:\/\/ticaret.edu.tr\/yazilim-muhendisligi-ingilizce\/wp-json\/wp\/v2\/pages\/527"}],"collection":[{"href":"http:\/\/ticaret.edu.tr\/yazilim-muhendisligi-ingilizce\/wp-json\/wp\/v2\/pages"}],"about":[{"href":"http:\/\/ticaret.edu.tr\/yazilim-muhendisligi-ingilizce\/wp-json\/wp\/v2\/types\/page"}],"author":[{"embeddable":true,"href":"http:\/\/ticaret.edu.tr\/yazilim-muhendisligi-ingilizce\/wp-json\/wp\/v2\/users\/225"}],"replies":[{"embeddable":true,"href":"http:\/\/ticaret.edu.tr\/yazilim-muhendisligi-ingilizce\/wp-json\/wp\/v2\/comments?post=527"}],"version-history":[{"count":3,"href":"http:\/\/ticaret.edu.tr\/yazilim-muhendisligi-ingilizce\/wp-json\/wp\/v2\/pages\/527\/revisions"}],"predecessor-version":[{"id":705,"href":"http:\/\/ticaret.edu.tr\/yazilim-muhendisligi-ingilizce\/wp-json\/wp\/v2\/pages\/527\/revisions\/705"}],"wp:attachment":[{"href":"http:\/\/ticaret.edu.tr\/yazilim-muhendisligi-ingilizce\/wp-json\/wp\/v2\/media?parent=527"}],"curies":[{"name":"wp","href":"https:\/\/api.w.org\/{rel}","templated":true}]}}