{"id":99,"date":"2024-04-26T16:06:06","date_gmt":"2024-04-26T13:06:06","guid":{"rendered":"https:\/\/ticaret.edu.tr\/yazilim-muhendisligi-ingilizce\/?page_id=99"},"modified":"2025-03-11T10:32:37","modified_gmt":"2025-03-11T07:32:37","slug":"wishes-and-recommendations","status":"publish","type":"page","link":"http:\/\/ticaret.edu.tr\/yazilim-muhendisligi-ingilizce\/en\/wishes-and-recommendations\/","title":{"rendered":"Wishes and Suggestions"},"content":{"rendered":"<div class='fluentform fluentform_wrapper_4'><form data-form_id=\"4\" id=\"fluentform_4\" class=\"frm-fluent-form fluent_form_4 ff-el-form-top ff_form_instance_4_1 ff-form-loading\" data-form_instance=\"ff_form_instance_4_1\" ><input type='hidden' name='__fluent_form_embded_post_id' value='99' \/><input type=\"hidden\" id=\"_fluentform_4_fluentformnonce\" name=\"_fluentform_4_fluentformnonce\" value=\"8602b8a493\" \/><input type=\"hidden\" name=\"_wp_http_referer\" value=\"\/yazilim-muhendisligi-ingilizce\/wp-json\/wp\/v2\/pages\/99\" \/><div data-type=\"name-element\" data-name=\"names\" class=\" ff-field_container ff-name-field-wrapper\" ><div class='ff-t-container'><div class='ff-t-cell '><div class='ff-el-group'><div class='ff-el-input--label ff-el-is-required asterisk-right'><label for='ff_4_names_first_name_'>Name<\/label> <\/div><div class='ff-el-input--content'><input type=\"text\" name=\"names[first_name]\" id=\"ff_4_names_first_name_\" class=\"ff-el-form-control\" placeholder=\"Your name\" ><\/div><\/div><\/div><div class='ff-t-cell '><div class='ff-el-group'><div class='ff-el-input--label ff-el-is-required asterisk-right'><label for='ff_4_names_last_name_'>Surname<\/label> <\/div><div class='ff-el-input--content'><input type=\"text\" name=\"names[last_name]\" id=\"ff_4_names_last_name_\" class=\"ff-el-form-control\" placeholder=\"Your surname\" ><\/div><\/div><\/div><\/div><\/div><div class='ff-el-group'><div class='ff-el-input--label ff-el-is-required asterisk-right'><label for='ff_4_email'>E-mail<\/label> <\/div><div class='ff-el-input--content'><input type=\"email\" name=\"email\" id=\"ff_4_email\" class=\"ff-el-form-control\" placeholder=\"Your e-mail address\" data-name=\"email\" ><\/div><\/div><div class='ff-el-group'><div class='ff-el-input--label ff-el-is-required asterisk-right'><label for='ff_4_phone'>Phone<\/label> <\/div><div class='ff-el-input--content'><input type=\"text\" name=\"phone\" class=\"ff-el-form-control\" placeholder=\"Your phone number\" data-name=\"phone\" id=\"ff_4_phone\" ><\/div><\/div><div class='ff-el-group'><div class='ff-el-input--label ff-el-is-required asterisk-right'><label for='ff_4_message'>Wishes and Suggestions<\/label> <\/div><div class='ff-el-input--content'><textarea name=\"message\" id=\"ff_4_message\" class=\"ff-el-form-control\" rows=\"4\" cols=\"2\" data-name=\"message\" ><\/textarea><\/div><\/div><div class='ff-el-group' data-name=\"recaptcha\" ><div class='ff-el-input--content'><div data-fluent_id='4' name='g-recaptcha-response'><div\n\t\tdata-sitekey='6Lcg1RUqAAAAAO6JhXTWCHAhapy8ZyRmeu3RkoMV'\n\t\tid='fluentform-recaptcha-4'\n\t\tclass='ff-el-recaptcha g-recaptcha'\n\t\tdata-callback='fluentFormrecaptchaSuccessCallback'><\/div><\/div><\/div><\/div><div class='ff-el-group ff-text-center ff_submit_btn_wrapper'><button type=\"submit\" class=\"ff-btn ff-btn-submit   ff-btn-md\" >SUBMIT<\/button><\/div><\/form><div id='fluentform_4_errors' class='ff-errors-in-stack ff_form_instance_4_1 ff-form-loading_errors ff_form_instance_4_1_errors'><\/div><\/div>        <script type=\"text\/javascript\">\n            window.fluent_form_ff_form_instance_4_1 = {\"id\":\"4\",\"settings\":{\"layout\":{\"labelPlacement\":\"top\",\"helpMessagePlacement\":\"with_label\",\"errorMessagePlacement\":\"inline\",\"asteriskPlacement\":\"asterisk-right\"},\"id\":\"39\",\"restrictions\":{\"denyEmptySubmission\":{\"enabled\":false}}},\"form_instance\":\"ff_form_instance_4_1\",\"form_id_selector\":\"fluentform_4\",\"rules\":{\"names[first_name]\":{\"required\":{\"value\":true,\"message\":\"This field is required\"}},\"names[middle_name]\":{\"required\":{\"value\":false,\"message\":\"This field is required\"}},\"names[last_name]\":{\"required\":{\"value\":true,\"message\":\"This field is required\"}},\"email\":{\"required\":{\"value\":true,\"message\":\"This field is required\"},\"email\":{\"value\":true,\"message\":\"This field must contain a valid email\"}},\"phone\":{\"required\":{\"value\":true,\"message\":\"This field is required\"}},\"message\":{\"required\":{\"value\":true,\"message\":\"This field is required\"}},\"recaptcha\":[]}};\n                    <\/script>\n        \n","protected":false},"excerpt":{"rendered":"","protected":false},"author":189,"featured_media":0,"parent":0,"menu_order":0,"comment_status":"closed","ping_status":"closed","template":"genel_sayfa.php","meta":{"footnotes":""},"yoast_head":"<!-- This site is optimized with the Yoast SEO Premium plugin v22.1 (Yoast SEO v22.1) - https:\/\/yoast.com\/wordpress\/plugins\/seo\/ -->\n<title>Wishes and Suggestions - Yaz\u0131l\u0131m M\u00fchendisli\u011fi (\u0130ngilizce)<\/title>\n<meta name=\"robots\" content=\"index, follow, max-snippet:-1, max-image-preview:large, max-video-preview:-1\" \/>\n<link rel=\"canonical\" href=\"https:\/\/ticaret.edu.tr\/yazilim-muhendisligi-ingilizce\/en\/wishes-and-recommendations\/\" \/>\n<meta property=\"og:locale\" content=\"tr_TR\" \/>\n<meta property=\"og:type\" content=\"article\" \/>\n<meta property=\"og:title\" content=\"Wishes and Suggestions\" \/>\n<meta property=\"og:url\" content=\"https:\/\/ticaret.edu.tr\/yazilim-muhendisligi-ingilizce\/en\/wishes-and-recommendations\/\" \/>\n<meta property=\"og:site_name\" content=\"Yaz\u0131l\u0131m M\u00fchendisli\u011fi (\u0130ngilizce)\" \/>\n<meta property=\"article:publisher\" content=\"https:\/\/www.facebook.com\/ticaretedutr\" \/>\n<meta property=\"article:modified_time\" content=\"2025-03-11T07:32:37+00:00\" \/>\n<meta name=\"twitter:card\" content=\"summary_large_image\" \/>\n<meta name=\"twitter:site\" content=\"@ticaretedutr\" \/>\n<script type=\"application\/ld+json\" class=\"yoast-schema-graph\">{\"@context\":\"https:\/\/schema.org\",\"@graph\":[{\"@type\":\"WebPage\",\"@id\":\"https:\/\/ticaret.edu.tr\/yazilim-muhendisligi-ingilizce\/en\/wishes-and-recommendations\/\",\"url\":\"https:\/\/ticaret.edu.tr\/yazilim-muhendisligi-ingilizce\/en\/wishes-and-recommendations\/\",\"name\":\"Wishes and Suggestions - Yaz\u0131l\u0131m M\u00fchendisli\u011fi (\u0130ngilizce)\",\"isPartOf\":{\"@id\":\"https:\/\/ticaret.edu.tr\/yazilim-muhendisligi-ingilizce\/#website\"},\"datePublished\":\"2024-04-26T13:06:06+00:00\",\"dateModified\":\"2025-03-11T07:32:37+00:00\",\"breadcrumb\":{\"@id\":\"https:\/\/ticaret.edu.tr\/yazilim-muhendisligi-ingilizce\/en\/wishes-and-recommendations\/#breadcrumb\"},\"inLanguage\":\"tr\",\"potentialAction\":[{\"@type\":\"ReadAction\",\"target\":[\"https:\/\/ticaret.edu.tr\/yazilim-muhendisligi-ingilizce\/en\/wishes-and-recommendations\/\"]}]},{\"@type\":\"BreadcrumbList\",\"@id\":\"https:\/\/ticaret.edu.tr\/yazilim-muhendisligi-ingilizce\/en\/wishes-and-recommendations\/#breadcrumb\",\"itemListElement\":[{\"@type\":\"ListItem\",\"position\":1,\"name\":\"Ana sayfa\",\"item\":\"https:\/\/ticaret.edu.tr\/yazilim-muhendisligi-ingilizce\/\"},{\"@type\":\"ListItem\",\"position\":2,\"name\":\"Wishes and Suggestions\"}]},{\"@type\":\"WebSite\",\"@id\":\"https:\/\/ticaret.edu.tr\/yazilim-muhendisligi-ingilizce\/#website\",\"url\":\"https:\/\/ticaret.edu.tr\/yazilim-muhendisligi-ingilizce\/\",\"name\":\"Yaz\u0131l\u0131m M\u00fchendisli\u011fi (\u0130ngilizce)\",\"description\":\"\",\"publisher\":{\"@id\":\"https:\/\/ticaret.edu.tr\/yazilim-muhendisligi-ingilizce\/#organization\"},\"potentialAction\":[{\"@type\":\"SearchAction\",\"target\":{\"@type\":\"EntryPoint\",\"urlTemplate\":\"https:\/\/ticaret.edu.tr\/yazilim-muhendisligi-ingilizce\/?s={search_term_string}\"},\"query-input\":\"required name=search_term_string\"}],\"inLanguage\":\"tr\"},{\"@type\":\"Organization\",\"@id\":\"https:\/\/ticaret.edu.tr\/yazilim-muhendisligi-ingilizce\/#organization\",\"name\":\"\u0130stanbul Ticaret \u00dcniversitesi\",\"url\":\"https:\/\/ticaret.edu.tr\/yazilim-muhendisligi-ingilizce\/\",\"logo\":{\"@type\":\"ImageObject\",\"inLanguage\":\"tr\",\"@id\":\"https:\/\/ticaret.edu.tr\/yazilim-muhendisligi-ingilizce\/#\/schema\/logo\/image\/\",\"url\":\"https:\/\/ticaret.edu.tr\/wp-content\/uploads\/2021\/11\/logo22.png\",\"contentUrl\":\"https:\/\/ticaret.edu.tr\/wp-content\/uploads\/2021\/11\/logo22.png\",\"width\":172,\"height\":112,\"caption\":\"\u0130stanbul Ticaret \u00dcniversitesi\"},\"image\":{\"@id\":\"https:\/\/ticaret.edu.tr\/yazilim-muhendisligi-ingilizce\/#\/schema\/logo\/image\/\"},\"sameAs\":[\"https:\/\/www.facebook.com\/ticaretedutr\",\"https:\/\/twitter.com\/ticaretedutr\"]}]}<\/script>\n<!-- \/ Yoast SEO Premium plugin. -->","yoast_head_json":{"title":"Wishes and Suggestions - Yaz\u0131l\u0131m M\u00fchendisli\u011fi (\u0130ngilizce)","robots":{"index":"index","follow":"follow","max-snippet":"max-snippet:-1","max-image-preview":"max-image-preview:large","max-video-preview":"max-video-preview:-1"},"canonical":"https:\/\/ticaret.edu.tr\/yazilim-muhendisligi-ingilizce\/en\/wishes-and-recommendations\/","og_locale":"tr_TR","og_type":"article","og_title":"Wishes and Suggestions","og_url":"https:\/\/ticaret.edu.tr\/yazilim-muhendisligi-ingilizce\/en\/wishes-and-recommendations\/","og_site_name":"Yaz\u0131l\u0131m M\u00fchendisli\u011fi (\u0130ngilizce)","article_publisher":"https:\/\/www.facebook.com\/ticaretedutr","article_modified_time":"2025-03-11T07:32:37+00:00","twitter_card":"summary_large_image","twitter_site":"@ticaretedutr","schema":{"@context":"https:\/\/schema.org","@graph":[{"@type":"WebPage","@id":"https:\/\/ticaret.edu.tr\/yazilim-muhendisligi-ingilizce\/en\/wishes-and-recommendations\/","url":"https:\/\/ticaret.edu.tr\/yazilim-muhendisligi-ingilizce\/en\/wishes-and-recommendations\/","name":"Wishes and Suggestions - Yaz\u0131l\u0131m M\u00fchendisli\u011fi (\u0130ngilizce)","isPartOf":{"@id":"https:\/\/ticaret.edu.tr\/yazilim-muhendisligi-ingilizce\/#website"},"datePublished":"2024-04-26T13:06:06+00:00","dateModified":"2025-03-11T07:32:37+00:00","breadcrumb":{"@id":"https:\/\/ticaret.edu.tr\/yazilim-muhendisligi-ingilizce\/en\/wishes-and-recommendations\/#breadcrumb"},"inLanguage":"tr","potentialAction":[{"@type":"ReadAction","target":["https:\/\/ticaret.edu.tr\/yazilim-muhendisligi-ingilizce\/en\/wishes-and-recommendations\/"]}]},{"@type":"BreadcrumbList","@id":"https:\/\/ticaret.edu.tr\/yazilim-muhendisligi-ingilizce\/en\/wishes-and-recommendations\/#breadcrumb","itemListElement":[{"@type":"ListItem","position":1,"name":"Ana sayfa","item":"https:\/\/ticaret.edu.tr\/yazilim-muhendisligi-ingilizce\/"},{"@type":"ListItem","position":2,"name":"Wishes and Suggestions"}]},{"@type":"WebSite","@id":"https:\/\/ticaret.edu.tr\/yazilim-muhendisligi-ingilizce\/#website","url":"https:\/\/ticaret.edu.tr\/yazilim-muhendisligi-ingilizce\/","name":"Yaz\u0131l\u0131m M\u00fchendisli\u011fi (\u0130ngilizce)","description":"","publisher":{"@id":"https:\/\/ticaret.edu.tr\/yazilim-muhendisligi-ingilizce\/#organization"},"potentialAction":[{"@type":"SearchAction","target":{"@type":"EntryPoint","urlTemplate":"https:\/\/ticaret.edu.tr\/yazilim-muhendisligi-ingilizce\/?s={search_term_string}"},"query-input":"required name=search_term_string"}],"inLanguage":"tr"},{"@type":"Organization","@id":"https:\/\/ticaret.edu.tr\/yazilim-muhendisligi-ingilizce\/#organization","name":"\u0130stanbul Ticaret \u00dcniversitesi","url":"https:\/\/ticaret.edu.tr\/yazilim-muhendisligi-ingilizce\/","logo":{"@type":"ImageObject","inLanguage":"tr","@id":"https:\/\/ticaret.edu.tr\/yazilim-muhendisligi-ingilizce\/#\/schema\/logo\/image\/","url":"https:\/\/ticaret.edu.tr\/wp-content\/uploads\/2021\/11\/logo22.png","contentUrl":"https:\/\/ticaret.edu.tr\/wp-content\/uploads\/2021\/11\/logo22.png","width":172,"height":112,"caption":"\u0130stanbul Ticaret \u00dcniversitesi"},"image":{"@id":"https:\/\/ticaret.edu.tr\/yazilim-muhendisligi-ingilizce\/#\/schema\/logo\/image\/"},"sameAs":["https:\/\/www.facebook.com\/ticaretedutr","https:\/\/twitter.com\/ticaretedutr"]}]}},"lang":"en","translations":{"en":99,"tr":69},"pll_sync_post":[],"_links":{"self":[{"href":"http:\/\/ticaret.edu.tr\/yazilim-muhendisligi-ingilizce\/wp-json\/wp\/v2\/pages\/99"}],"collection":[{"href":"http:\/\/ticaret.edu.tr\/yazilim-muhendisligi-ingilizce\/wp-json\/wp\/v2\/pages"}],"about":[{"href":"http:\/\/ticaret.edu.tr\/yazilim-muhendisligi-ingilizce\/wp-json\/wp\/v2\/types\/page"}],"author":[{"embeddable":true,"href":"http:\/\/ticaret.edu.tr\/yazilim-muhendisligi-ingilizce\/wp-json\/wp\/v2\/users\/189"}],"replies":[{"embeddable":true,"href":"http:\/\/ticaret.edu.tr\/yazilim-muhendisligi-ingilizce\/wp-json\/wp\/v2\/comments?post=99"}],"version-history":[{"count":3,"href":"http:\/\/ticaret.edu.tr\/yazilim-muhendisligi-ingilizce\/wp-json\/wp\/v2\/pages\/99\/revisions"}],"predecessor-version":[{"id":595,"href":"http:\/\/ticaret.edu.tr\/yazilim-muhendisligi-ingilizce\/wp-json\/wp\/v2\/pages\/99\/revisions\/595"}],"wp:attachment":[{"href":"http:\/\/ticaret.edu.tr\/yazilim-muhendisligi-ingilizce\/wp-json\/wp\/v2\/media?parent=99"}],"curies":[{"name":"wp","href":"https:\/\/api.w.org\/{rel}","templated":true}]}}