{"id":377,"date":"2025-01-26T23:16:42","date_gmt":"2025-01-26T20:16:42","guid":{"rendered":"https:\/\/ticaret.edu.tr\/yonetim-bilisim-sistemleri-ingilizce\/?page_id=377"},"modified":"2025-02-24T16:18:01","modified_gmt":"2025-02-24T13:18:01","slug":"lisans-yonetmelikler","status":"publish","type":"page","link":"http:\/\/ticaret.edu.tr\/yonetim-bilisim-sistemleri-ingilizce\/lisans-yonetmelikler\/","title":{"rendered":"Y\u00f6netmelikler"},"content":{"rendered":"<h5><strong>A\u015fa\u011f\u0131daki y\u00f6netmelik ve y\u00f6nergeler \u0130stanbul Ticaret \u00dcniversitesi Y\u00f6netim Bili\u015fim Sistemleri (MIS) B\u00f6l\u00fcm\u00fc i\u00e7in ge\u00e7erlidir:<\/strong><\/h5>\n<p>&nbsp;<\/p>\n<ul>\n<li><a href=\"https:\/\/www.mevzuat.gov.tr\/mevzuat?MevzuatNo=15066&amp;MevzuatTur=8&amp;MevzuatTertip=5\"><strong>\u0130stanbul Ticaret \u00dcniversitesi \u00d6n Lisans ve Lisans E\u011fitim, \u00d6\u011fretim ve S\u0131nav Y\u00f6netmeli\u011fi<\/strong><\/a><\/li>\n<li><a href=\"https:\/\/www.mevzuat.gov.tr\/mevzuat?MevzuatNo=7267&amp;MevzuatTur=8&amp;MevzuatTertip=5\"><strong>\u0130stanbul Ticaret \u00dcniversitesi Yaz Okulu Y\u00f6netmeli\u011fi<\/strong><\/a><\/li>\n<li><a href=\"https:\/\/ticaret.edu.tr\/wp-content\/uploads\/2021\/04\/lisans.pdf\"><strong>\u0130stanbul Ticaret \u00dcniversitesi Lisans Bitirme Projesi Y\u00f6nergeleri<\/strong><\/a><\/li>\n<li><a href=\"https:\/\/ticaret.edu.tr\/wp-content\/uploads\/2021\/04\/ogrenci-topluluk.pdf\"><strong>\u0130stanbul Ticaret \u00dcniversitesi \u00d6\u011frenci Kul\u00fcpleri Y\u00f6nerge<\/strong><\/a><\/li>\n<li><a href=\"https:\/\/ticaret.edu.tr\/wp-content\/uploads\/2021\/11\/Istanbul-Ticaret-Universitesi-Lisans-Burs-Yonergesi.pdf\"><strong>Burs Y\u00f6nergeleri<\/strong><\/a><\/li>\n<\/ul>\n","protected":false},"excerpt":{"rendered":"<p>A\u015fa\u011f\u0131daki y\u00f6netmelik ve y\u00f6nergeler \u0130stanbul Ticaret \u00dcniversitesi Y\u00f6netim Bili\u015fim Sistemleri (MIS) B\u00f6l\u00fcm\u00fc i\u00e7in ge\u00e7erlidir: &nbsp; \u0130stanbul Ticaret \u00dcniversitesi \u00d6n Lisans ve Lisans E\u011fitim, \u00d6\u011fretim ve S\u0131nav Y\u00f6netmeli\u011fi \u0130stanbul Ticaret \u00dcniversitesi Yaz Okulu Y\u00f6netmeli\u011fi \u0130stanbul Ticaret \u00dcniversitesi Lisans Bitirme Projesi Y\u00f6nergeleri \u0130stanbul Ticaret \u00dcniversitesi \u00d6\u011frenci Kul\u00fcpleri Y\u00f6nerge Burs Y\u00f6nergeleri<\/p>\n","protected":false},"author":64,"featured_media":0,"parent":0,"menu_order":0,"comment_status":"closed","ping_status":"closed","template":"genel_sayfa.php","meta":{"footnotes":""},"yoast_head":"<!-- This site is optimized with the Yoast SEO Premium plugin v22.1 (Yoast SEO v22.1) - https:\/\/yoast.com\/wordpress\/plugins\/seo\/ -->\n<title>Y\u00f6netmelikler - Y\u00f6netim Bili\u015fim Sistemleri (\u0130ngilizce)<\/title>\n<meta name=\"robots\" content=\"index, follow, max-snippet:-1, max-image-preview:large, max-video-preview:-1\" \/>\n<link rel=\"canonical\" href=\"http:\/\/ticaret.edu.tr\/yonetim-bilisim-sistemleri-ingilizce\/lisans-yonetmelikler\/\" \/>\n<meta property=\"og:locale\" content=\"tr_TR\" \/>\n<meta property=\"og:type\" content=\"article\" \/>\n<meta property=\"og:title\" content=\"Y\u00f6netmelikler\" \/>\n<meta property=\"og:description\" content=\"A\u015fa\u011f\u0131daki y\u00f6netmelik ve y\u00f6nergeler \u0130stanbul Ticaret \u00dcniversitesi Y\u00f6netim Bili\u015fim Sistemleri (MIS) B\u00f6l\u00fcm\u00fc i\u00e7in ge\u00e7erlidir: &nbsp; \u0130stanbul Ticaret \u00dcniversitesi \u00d6n Lisans ve Lisans E\u011fitim, \u00d6\u011fretim ve S\u0131nav Y\u00f6netmeli\u011fi \u0130stanbul Ticaret \u00dcniversitesi Yaz Okulu Y\u00f6netmeli\u011fi \u0130stanbul Ticaret \u00dcniversitesi Lisans Bitirme Projesi Y\u00f6nergeleri \u0130stanbul Ticaret \u00dcniversitesi \u00d6\u011frenci Kul\u00fcpleri Y\u00f6nerge Burs Y\u00f6nergeleri\" \/>\n<meta property=\"og:url\" content=\"http:\/\/ticaret.edu.tr\/yonetim-bilisim-sistemleri-ingilizce\/lisans-yonetmelikler\/\" \/>\n<meta property=\"og:site_name\" content=\"Y\u00f6netim Bili\u015fim Sistemleri (\u0130ngilizce)\" \/>\n<meta property=\"article:publisher\" content=\"https:\/\/www.facebook.com\/ticaretedutr\" \/>\n<meta property=\"article:modified_time\" content=\"2025-02-24T13:18:01+00:00\" \/>\n<meta name=\"twitter:card\" content=\"summary_large_image\" \/>\n<meta name=\"twitter:site\" content=\"@ticaretedutr\" \/>\n<meta name=\"twitter:label1\" content=\"Tahmini okuma s\u00fcresi\" \/>\n\t<meta name=\"twitter:data1\" content=\"1 dakika\" \/>\n<script type=\"application\/ld+json\" class=\"yoast-schema-graph\">{\"@context\":\"https:\/\/schema.org\",\"@graph\":[{\"@type\":\"WebPage\",\"@id\":\"http:\/\/ticaret.edu.tr\/yonetim-bilisim-sistemleri-ingilizce\/lisans-yonetmelikler\/\",\"url\":\"http:\/\/ticaret.edu.tr\/yonetim-bilisim-sistemleri-ingilizce\/lisans-yonetmelikler\/\",\"name\":\"Y\u00f6netmelikler - Y\u00f6netim Bili\u015fim Sistemleri (\u0130ngilizce)\",\"isPartOf\":{\"@id\":\"http:\/\/ticaret.edu.tr\/yonetim-bilisim-sistemleri-ingilizce\/en\/#website\"},\"datePublished\":\"2025-01-26T20:16:42+00:00\",\"dateModified\":\"2025-02-24T13:18:01+00:00\",\"breadcrumb\":{\"@id\":\"http:\/\/ticaret.edu.tr\/yonetim-bilisim-sistemleri-ingilizce\/lisans-yonetmelikler\/#breadcrumb\"},\"inLanguage\":\"tr\",\"potentialAction\":[{\"@type\":\"ReadAction\",\"target\":[\"http:\/\/ticaret.edu.tr\/yonetim-bilisim-sistemleri-ingilizce\/lisans-yonetmelikler\/\"]}]},{\"@type\":\"BreadcrumbList\",\"@id\":\"http:\/\/ticaret.edu.tr\/yonetim-bilisim-sistemleri-ingilizce\/lisans-yonetmelikler\/#breadcrumb\",\"itemListElement\":[{\"@type\":\"ListItem\",\"position\":1,\"name\":\"Ana sayfa\",\"item\":\"https:\/\/ticaret.edu.tr\/yonetim-bilisim-sistemleri-ingilizce\/\"},{\"@type\":\"ListItem\",\"position\":2,\"name\":\"Y\u00f6netmelikler\"}]},{\"@type\":\"WebSite\",\"@id\":\"http:\/\/ticaret.edu.tr\/yonetim-bilisim-sistemleri-ingilizce\/en\/#website\",\"url\":\"http:\/\/ticaret.edu.tr\/yonetim-bilisim-sistemleri-ingilizce\/en\/\",\"name\":\"Y\u00f6netim Bili\u015fim Sistemleri (\u0130ngilizce)\",\"description\":\"\",\"potentialAction\":[{\"@type\":\"SearchAction\",\"target\":{\"@type\":\"EntryPoint\",\"urlTemplate\":\"http:\/\/ticaret.edu.tr\/yonetim-bilisim-sistemleri-ingilizce\/en\/?s={search_term_string}\"},\"query-input\":\"required name=search_term_string\"}],\"inLanguage\":\"tr\"}]}<\/script>\n<!-- \/ Yoast SEO Premium plugin. -->","yoast_head_json":{"title":"Y\u00f6netmelikler - Y\u00f6netim Bili\u015fim Sistemleri (\u0130ngilizce)","robots":{"index":"index","follow":"follow","max-snippet":"max-snippet:-1","max-image-preview":"max-image-preview:large","max-video-preview":"max-video-preview:-1"},"canonical":"http:\/\/ticaret.edu.tr\/yonetim-bilisim-sistemleri-ingilizce\/lisans-yonetmelikler\/","og_locale":"tr_TR","og_type":"article","og_title":"Y\u00f6netmelikler","og_description":"A\u015fa\u011f\u0131daki y\u00f6netmelik ve y\u00f6nergeler \u0130stanbul Ticaret \u00dcniversitesi Y\u00f6netim Bili\u015fim Sistemleri (MIS) B\u00f6l\u00fcm\u00fc i\u00e7in ge\u00e7erlidir: &nbsp; \u0130stanbul Ticaret \u00dcniversitesi \u00d6n Lisans ve Lisans E\u011fitim, \u00d6\u011fretim ve S\u0131nav Y\u00f6netmeli\u011fi \u0130stanbul Ticaret \u00dcniversitesi Yaz Okulu Y\u00f6netmeli\u011fi \u0130stanbul Ticaret \u00dcniversitesi Lisans Bitirme Projesi Y\u00f6nergeleri \u0130stanbul Ticaret \u00dcniversitesi \u00d6\u011frenci Kul\u00fcpleri Y\u00f6nerge Burs Y\u00f6nergeleri","og_url":"http:\/\/ticaret.edu.tr\/yonetim-bilisim-sistemleri-ingilizce\/lisans-yonetmelikler\/","og_site_name":"Y\u00f6netim Bili\u015fim Sistemleri (\u0130ngilizce)","article_publisher":"https:\/\/www.facebook.com\/ticaretedutr","article_modified_time":"2025-02-24T13:18:01+00:00","twitter_card":"summary_large_image","twitter_site":"@ticaretedutr","twitter_misc":{"Tahmini okuma s\u00fcresi":"1 dakika"},"schema":{"@context":"https:\/\/schema.org","@graph":[{"@type":"WebPage","@id":"http:\/\/ticaret.edu.tr\/yonetim-bilisim-sistemleri-ingilizce\/lisans-yonetmelikler\/","url":"http:\/\/ticaret.edu.tr\/yonetim-bilisim-sistemleri-ingilizce\/lisans-yonetmelikler\/","name":"Y\u00f6netmelikler - Y\u00f6netim Bili\u015fim Sistemleri (\u0130ngilizce)","isPartOf":{"@id":"http:\/\/ticaret.edu.tr\/yonetim-bilisim-sistemleri-ingilizce\/en\/#website"},"datePublished":"2025-01-26T20:16:42+00:00","dateModified":"2025-02-24T13:18:01+00:00","breadcrumb":{"@id":"http:\/\/ticaret.edu.tr\/yonetim-bilisim-sistemleri-ingilizce\/lisans-yonetmelikler\/#breadcrumb"},"inLanguage":"tr","potentialAction":[{"@type":"ReadAction","target":["http:\/\/ticaret.edu.tr\/yonetim-bilisim-sistemleri-ingilizce\/lisans-yonetmelikler\/"]}]},{"@type":"BreadcrumbList","@id":"http:\/\/ticaret.edu.tr\/yonetim-bilisim-sistemleri-ingilizce\/lisans-yonetmelikler\/#breadcrumb","itemListElement":[{"@type":"ListItem","position":1,"name":"Ana sayfa","item":"https:\/\/ticaret.edu.tr\/yonetim-bilisim-sistemleri-ingilizce\/"},{"@type":"ListItem","position":2,"name":"Y\u00f6netmelikler"}]},{"@type":"WebSite","@id":"http:\/\/ticaret.edu.tr\/yonetim-bilisim-sistemleri-ingilizce\/en\/#website","url":"http:\/\/ticaret.edu.tr\/yonetim-bilisim-sistemleri-ingilizce\/en\/","name":"Y\u00f6netim Bili\u015fim Sistemleri (\u0130ngilizce)","description":"","potentialAction":[{"@type":"SearchAction","target":{"@type":"EntryPoint","urlTemplate":"http:\/\/ticaret.edu.tr\/yonetim-bilisim-sistemleri-ingilizce\/en\/?s={search_term_string}"},"query-input":"required name=search_term_string"}],"inLanguage":"tr"}]}},"lang":"tr","translations":{"en":379,"tr":377},"pll_sync_post":[],"_links":{"self":[{"href":"http:\/\/ticaret.edu.tr\/yonetim-bilisim-sistemleri-ingilizce\/wp-json\/wp\/v2\/pages\/377"}],"collection":[{"href":"http:\/\/ticaret.edu.tr\/yonetim-bilisim-sistemleri-ingilizce\/wp-json\/wp\/v2\/pages"}],"about":[{"href":"http:\/\/ticaret.edu.tr\/yonetim-bilisim-sistemleri-ingilizce\/wp-json\/wp\/v2\/types\/page"}],"author":[{"embeddable":true,"href":"http:\/\/ticaret.edu.tr\/yonetim-bilisim-sistemleri-ingilizce\/wp-json\/wp\/v2\/users\/64"}],"replies":[{"embeddable":true,"href":"http:\/\/ticaret.edu.tr\/yonetim-bilisim-sistemleri-ingilizce\/wp-json\/wp\/v2\/comments?post=377"}],"version-history":[{"count":11,"href":"http:\/\/ticaret.edu.tr\/yonetim-bilisim-sistemleri-ingilizce\/wp-json\/wp\/v2\/pages\/377\/revisions"}],"predecessor-version":[{"id":1080,"href":"http:\/\/ticaret.edu.tr\/yonetim-bilisim-sistemleri-ingilizce\/wp-json\/wp\/v2\/pages\/377\/revisions\/1080"}],"wp:attachment":[{"href":"http:\/\/ticaret.edu.tr\/yonetim-bilisim-sistemleri-ingilizce\/wp-json\/wp\/v2\/media?parent=377"}],"curies":[{"name":"wp","href":"https:\/\/api.w.org\/{rel}","templated":true}]}}