{"id":399,"date":"2025-01-26T23:16:49","date_gmt":"2025-01-26T20:16:49","guid":{"rendered":"https:\/\/ticaret.edu.tr\/yonetim-bilisim-sistemleri-ingilizce\/?page_id=399"},"modified":"2025-02-24T13:50:36","modified_gmt":"2025-02-24T10:50:36","slug":"history","status":"publish","type":"page","link":"http:\/\/ticaret.edu.tr\/yonetim-bilisim-sistemleri-ingilizce\/en\/history\/","title":{"rendered":"History"},"content":{"rendered":"<p>The <strong>Management Information Systems (MIS) Department<\/strong> was established under the <a href=\"https:\/\/ticaret.edu.tr\/isletme-fakultesi\/\"><strong>Faculty of Business Administration<\/strong><\/a> at <a href=\"https:\/\/ticaret.edu.tr\/\"><strong>\u0130stanbul Ticaret University<\/strong><\/a> on <strong>July 3, 2023<\/strong> and commenced its academic activities with <strong>English as the medium of instruction<\/strong>.<\/p>\n<p>The department welcomed its first cohort of students in 2023 at the <strong>S\u00fctl\u00fcce Campus<\/strong> and currently hosts preparatory, first-year, and second-year students. The department is expected to graduate its first students in the 2026-2027 academic year.<\/p>\n","protected":false},"excerpt":{"rendered":"<p>The Management Information Systems (MIS) Department was established under the Faculty of Business Administration at \u0130stanbul Ticaret University on July 3, 2023 and commenced its academic activities with English as the medium of instruction. The department welcomed its first cohort of students in 2023 at the S\u00fctl\u00fcce Campus and currently hosts preparatory, first-year, and second-year [&hellip;]<\/p>\n","protected":false},"author":64,"featured_media":0,"parent":0,"menu_order":0,"comment_status":"closed","ping_status":"closed","template":"genel_sayfa.php","meta":{"footnotes":""},"yoast_head":"<!-- This site is optimized with the Yoast SEO Premium plugin v22.1 (Yoast SEO v22.1) - https:\/\/yoast.com\/wordpress\/plugins\/seo\/ -->\n<title>History - Y\u00f6netim Bili\u015fim Sistemleri (\u0130ngilizce)<\/title>\n<meta name=\"description\" content=\"The Management Information Systems (MIS) Department was established under the Faculty of Business Administration at \u0130stanbul Ticaret University on July 3, 2023 and commenced its academic activities with English as the medium of instruction.The department welcomed its first cohort of students in 2023 at the S\u00fctl\u00fcce Campus and currently hosts preparatory, first-year, and second-year students. The department is expected to graduate its first students in the 2026-2027 academic year.\" \/>\n<meta name=\"robots\" content=\"index, follow, max-snippet:-1, max-image-preview:large, max-video-preview:-1\" \/>\n<link rel=\"canonical\" href=\"https:\/\/ticaret.edu.tr\/yonetim-bilisim-sistemleri-ingilizce\/en\/history\/\" \/>\n<meta property=\"og:locale\" content=\"tr_TR\" \/>\n<meta property=\"og:type\" content=\"article\" \/>\n<meta property=\"og:title\" content=\"History\" \/>\n<meta property=\"og:description\" content=\"The Management Information Systems (MIS) Department was established under the Faculty of Business Administration at \u0130stanbul Ticaret University on July 3, 2023 and commenced its academic activities with English as the medium of instruction.The department welcomed its first cohort of students in 2023 at the S\u00fctl\u00fcce Campus and currently hosts preparatory, first-year, and second-year students. The department is expected to graduate its first students in the 2026-2027 academic year.\" \/>\n<meta property=\"og:url\" content=\"https:\/\/ticaret.edu.tr\/yonetim-bilisim-sistemleri-ingilizce\/en\/history\/\" \/>\n<meta property=\"og:site_name\" content=\"Y\u00f6netim Bili\u015fim Sistemleri (\u0130ngilizce)\" \/>\n<meta property=\"article:publisher\" content=\"https:\/\/www.facebook.com\/ticaretedutr\" \/>\n<meta property=\"article:modified_time\" content=\"2025-02-24T10:50:36+00:00\" \/>\n<meta name=\"twitter:card\" content=\"summary_large_image\" \/>\n<meta name=\"twitter:site\" content=\"@ticaretedutr\" \/>\n<meta name=\"twitter:label1\" content=\"Tahmini okuma s\u00fcresi\" \/>\n\t<meta name=\"twitter:data1\" content=\"1 dakika\" \/>\n<script type=\"application\/ld+json\" class=\"yoast-schema-graph\">{\"@context\":\"https:\/\/schema.org\",\"@graph\":[{\"@type\":\"WebPage\",\"@id\":\"https:\/\/ticaret.edu.tr\/yonetim-bilisim-sistemleri-ingilizce\/en\/history\/\",\"url\":\"https:\/\/ticaret.edu.tr\/yonetim-bilisim-sistemleri-ingilizce\/en\/history\/\",\"name\":\"History - Y\u00f6netim Bili\u015fim Sistemleri (\u0130ngilizce)\",\"isPartOf\":{\"@id\":\"http:\/\/ticaret.edu.tr\/yonetim-bilisim-sistemleri-ingilizce\/en\/#website\"},\"datePublished\":\"2025-01-26T20:16:49+00:00\",\"dateModified\":\"2025-02-24T10:50:36+00:00\",\"description\":\"The Management Information Systems (MIS) Department was established under the Faculty of Business Administration at \u0130stanbul Ticaret University on July 3, 2023 and commenced its academic activities with English as the medium of instruction.The department welcomed its first cohort of students in 2023 at the S\u00fctl\u00fcce Campus and currently hosts preparatory, first-year, and second-year students. The department is expected to graduate its first students in the 2026-2027 academic year.\",\"breadcrumb\":{\"@id\":\"https:\/\/ticaret.edu.tr\/yonetim-bilisim-sistemleri-ingilizce\/en\/history\/#breadcrumb\"},\"inLanguage\":\"tr\",\"potentialAction\":[{\"@type\":\"ReadAction\",\"target\":[\"https:\/\/ticaret.edu.tr\/yonetim-bilisim-sistemleri-ingilizce\/en\/history\/\"]}]},{\"@type\":\"BreadcrumbList\",\"@id\":\"https:\/\/ticaret.edu.tr\/yonetim-bilisim-sistemleri-ingilizce\/en\/history\/#breadcrumb\",\"itemListElement\":[{\"@type\":\"ListItem\",\"position\":1,\"name\":\"Ana sayfa\",\"item\":\"https:\/\/ticaret.edu.tr\/yonetim-bilisim-sistemleri-ingilizce\/\"},{\"@type\":\"ListItem\",\"position\":2,\"name\":\"History\"}]},{\"@type\":\"WebSite\",\"@id\":\"http:\/\/ticaret.edu.tr\/yonetim-bilisim-sistemleri-ingilizce\/en\/#website\",\"url\":\"http:\/\/ticaret.edu.tr\/yonetim-bilisim-sistemleri-ingilizce\/en\/\",\"name\":\"Y\u00f6netim Bili\u015fim Sistemleri (\u0130ngilizce)\",\"description\":\"\",\"potentialAction\":[{\"@type\":\"SearchAction\",\"target\":{\"@type\":\"EntryPoint\",\"urlTemplate\":\"http:\/\/ticaret.edu.tr\/yonetim-bilisim-sistemleri-ingilizce\/en\/?s={search_term_string}\"},\"query-input\":\"required name=search_term_string\"}],\"inLanguage\":\"tr\"}]}<\/script>\n<!-- \/ Yoast SEO Premium plugin. -->","yoast_head_json":{"title":"History - Y\u00f6netim Bili\u015fim Sistemleri (\u0130ngilizce)","description":"The Management Information Systems (MIS) Department was established under the Faculty of Business Administration at \u0130stanbul Ticaret University on July 3, 2023 and commenced its academic activities with English as the medium of instruction.The department welcomed its first cohort of students in 2023 at the S\u00fctl\u00fcce Campus and currently hosts preparatory, first-year, and second-year students. The department is expected to graduate its first students in the 2026-2027 academic year.","robots":{"index":"index","follow":"follow","max-snippet":"max-snippet:-1","max-image-preview":"max-image-preview:large","max-video-preview":"max-video-preview:-1"},"canonical":"https:\/\/ticaret.edu.tr\/yonetim-bilisim-sistemleri-ingilizce\/en\/history\/","og_locale":"tr_TR","og_type":"article","og_title":"History","og_description":"The Management Information Systems (MIS) Department was established under the Faculty of Business Administration at \u0130stanbul Ticaret University on July 3, 2023 and commenced its academic activities with English as the medium of instruction.The department welcomed its first cohort of students in 2023 at the S\u00fctl\u00fcce Campus and currently hosts preparatory, first-year, and second-year students. The department is expected to graduate its first students in the 2026-2027 academic year.","og_url":"https:\/\/ticaret.edu.tr\/yonetim-bilisim-sistemleri-ingilizce\/en\/history\/","og_site_name":"Y\u00f6netim Bili\u015fim Sistemleri (\u0130ngilizce)","article_publisher":"https:\/\/www.facebook.com\/ticaretedutr","article_modified_time":"2025-02-24T10:50:36+00:00","twitter_card":"summary_large_image","twitter_site":"@ticaretedutr","twitter_misc":{"Tahmini okuma s\u00fcresi":"1 dakika"},"schema":{"@context":"https:\/\/schema.org","@graph":[{"@type":"WebPage","@id":"https:\/\/ticaret.edu.tr\/yonetim-bilisim-sistemleri-ingilizce\/en\/history\/","url":"https:\/\/ticaret.edu.tr\/yonetim-bilisim-sistemleri-ingilizce\/en\/history\/","name":"History - Y\u00f6netim Bili\u015fim Sistemleri (\u0130ngilizce)","isPartOf":{"@id":"http:\/\/ticaret.edu.tr\/yonetim-bilisim-sistemleri-ingilizce\/en\/#website"},"datePublished":"2025-01-26T20:16:49+00:00","dateModified":"2025-02-24T10:50:36+00:00","description":"The Management Information Systems (MIS) Department was established under the Faculty of Business Administration at \u0130stanbul Ticaret University on July 3, 2023 and commenced its academic activities with English as the medium of instruction.The department welcomed its first cohort of students in 2023 at the S\u00fctl\u00fcce Campus and currently hosts preparatory, first-year, and second-year students. The department is expected to graduate its first students in the 2026-2027 academic year.","breadcrumb":{"@id":"https:\/\/ticaret.edu.tr\/yonetim-bilisim-sistemleri-ingilizce\/en\/history\/#breadcrumb"},"inLanguage":"tr","potentialAction":[{"@type":"ReadAction","target":["https:\/\/ticaret.edu.tr\/yonetim-bilisim-sistemleri-ingilizce\/en\/history\/"]}]},{"@type":"BreadcrumbList","@id":"https:\/\/ticaret.edu.tr\/yonetim-bilisim-sistemleri-ingilizce\/en\/history\/#breadcrumb","itemListElement":[{"@type":"ListItem","position":1,"name":"Ana sayfa","item":"https:\/\/ticaret.edu.tr\/yonetim-bilisim-sistemleri-ingilizce\/"},{"@type":"ListItem","position":2,"name":"History"}]},{"@type":"WebSite","@id":"http:\/\/ticaret.edu.tr\/yonetim-bilisim-sistemleri-ingilizce\/en\/#website","url":"http:\/\/ticaret.edu.tr\/yonetim-bilisim-sistemleri-ingilizce\/en\/","name":"Y\u00f6netim Bili\u015fim Sistemleri (\u0130ngilizce)","description":"","potentialAction":[{"@type":"SearchAction","target":{"@type":"EntryPoint","urlTemplate":"http:\/\/ticaret.edu.tr\/yonetim-bilisim-sistemleri-ingilizce\/en\/?s={search_term_string}"},"query-input":"required name=search_term_string"}],"inLanguage":"tr"}]}},"lang":"en","translations":{"en":399,"tr":397},"pll_sync_post":[],"_links":{"self":[{"href":"http:\/\/ticaret.edu.tr\/yonetim-bilisim-sistemleri-ingilizce\/wp-json\/wp\/v2\/pages\/399"}],"collection":[{"href":"http:\/\/ticaret.edu.tr\/yonetim-bilisim-sistemleri-ingilizce\/wp-json\/wp\/v2\/pages"}],"about":[{"href":"http:\/\/ticaret.edu.tr\/yonetim-bilisim-sistemleri-ingilizce\/wp-json\/wp\/v2\/types\/page"}],"author":[{"embeddable":true,"href":"http:\/\/ticaret.edu.tr\/yonetim-bilisim-sistemleri-ingilizce\/wp-json\/wp\/v2\/users\/64"}],"replies":[{"embeddable":true,"href":"http:\/\/ticaret.edu.tr\/yonetim-bilisim-sistemleri-ingilizce\/wp-json\/wp\/v2\/comments?post=399"}],"version-history":[{"count":3,"href":"http:\/\/ticaret.edu.tr\/yonetim-bilisim-sistemleri-ingilizce\/wp-json\/wp\/v2\/pages\/399\/revisions"}],"predecessor-version":[{"id":1004,"href":"http:\/\/ticaret.edu.tr\/yonetim-bilisim-sistemleri-ingilizce\/wp-json\/wp\/v2\/pages\/399\/revisions\/1004"}],"wp:attachment":[{"href":"http:\/\/ticaret.edu.tr\/yonetim-bilisim-sistemleri-ingilizce\/wp-json\/wp\/v2\/media?parent=399"}],"curies":[{"name":"wp","href":"https:\/\/api.w.org\/{rel}","templated":true}]}}