{"id":403,"date":"2025-01-26T23:16:51","date_gmt":"2025-01-26T20:16:51","guid":{"rendered":"https:\/\/ticaret.edu.tr\/yonetim-bilisim-sistemleri-ingilizce\/?page_id=403"},"modified":"2026-01-20T14:52:44","modified_gmt":"2026-01-20T11:52:44","slug":"prospective-students","status":"publish","type":"page","link":"http:\/\/ticaret.edu.tr\/yonetim-bilisim-sistemleri-ingilizce\/en\/prospective-students\/","title":{"rendered":"Prospective Students"},"content":{"rendered":"<h2 style=\"text-align: center\">\u21d3<\/h2>\n<h4 style=\"text-align: center\"><span style=\"color: #0000ff\"><a style=\"color: #0000ff\" href=\"https:\/\/lisansaday.ticaret.edu.tr\/yonetim-bilisim-sistemleri-ingilizce\/\">https:\/\/lisansaday.ticaret.edu.tr\/yonetim-bilisim-sistemleri-ingilizce\/<\/a><\/span><\/h4>\n","protected":false},"excerpt":{"rendered":"<p>\u21d3 https:\/\/lisansaday.ticaret.edu.tr\/yonetim-bilisim-sistemleri-ingilizce\/<\/p>\n","protected":false},"author":64,"featured_media":0,"parent":0,"menu_order":0,"comment_status":"closed","ping_status":"closed","template":"genel_sayfa.php","meta":{"footnotes":""},"yoast_head":"<!-- This site is optimized with the Yoast SEO Premium plugin v22.1 (Yoast SEO v22.1) - https:\/\/yoast.com\/wordpress\/plugins\/seo\/ -->\n<title>Prospective Students - Y\u00f6netim Bili\u015fim Sistemleri (\u0130ngilizce)<\/title>\n<meta name=\"robots\" content=\"index, follow, max-snippet:-1, max-image-preview:large, max-video-preview:-1\" \/>\n<link rel=\"canonical\" href=\"http:\/\/ticaret.edu.tr\/yonetim-bilisim-sistemleri-ingilizce\/en\/prospective-students\/\" \/>\n<meta property=\"og:locale\" content=\"tr_TR\" \/>\n<meta property=\"og:type\" content=\"article\" \/>\n<meta property=\"og:title\" content=\"Prospective Students\" \/>\n<meta property=\"og:description\" content=\"\u21d3 https:\/\/lisansaday.ticaret.edu.tr\/yonetim-bilisim-sistemleri-ingilizce\/\" \/>\n<meta property=\"og:url\" content=\"http:\/\/ticaret.edu.tr\/yonetim-bilisim-sistemleri-ingilizce\/en\/prospective-students\/\" \/>\n<meta property=\"og:site_name\" content=\"Y\u00f6netim Bili\u015fim Sistemleri (\u0130ngilizce)\" \/>\n<meta property=\"article:publisher\" content=\"https:\/\/www.facebook.com\/ticaretedutr\" \/>\n<meta property=\"article:modified_time\" content=\"2026-01-20T11:52:44+00:00\" \/>\n<meta name=\"twitter:card\" content=\"summary_large_image\" \/>\n<meta name=\"twitter:site\" content=\"@ticaretedutr\" \/>\n<meta name=\"twitter:label1\" content=\"Tahmini okuma s\u00fcresi\" \/>\n\t<meta name=\"twitter:data1\" content=\"1 dakika\" \/>\n<script type=\"application\/ld+json\" class=\"yoast-schema-graph\">{\"@context\":\"https:\/\/schema.org\",\"@graph\":[{\"@type\":\"WebPage\",\"@id\":\"http:\/\/ticaret.edu.tr\/yonetim-bilisim-sistemleri-ingilizce\/en\/prospective-students\/\",\"url\":\"http:\/\/ticaret.edu.tr\/yonetim-bilisim-sistemleri-ingilizce\/en\/prospective-students\/\",\"name\":\"Prospective Students - Y\u00f6netim Bili\u015fim Sistemleri (\u0130ngilizce)\",\"isPartOf\":{\"@id\":\"http:\/\/ticaret.edu.tr\/yonetim-bilisim-sistemleri-ingilizce\/en\/#website\"},\"datePublished\":\"2025-01-26T20:16:51+00:00\",\"dateModified\":\"2026-01-20T11:52:44+00:00\",\"breadcrumb\":{\"@id\":\"http:\/\/ticaret.edu.tr\/yonetim-bilisim-sistemleri-ingilizce\/en\/prospective-students\/#breadcrumb\"},\"inLanguage\":\"tr\",\"potentialAction\":[{\"@type\":\"ReadAction\",\"target\":[\"http:\/\/ticaret.edu.tr\/yonetim-bilisim-sistemleri-ingilizce\/en\/prospective-students\/\"]}]},{\"@type\":\"BreadcrumbList\",\"@id\":\"http:\/\/ticaret.edu.tr\/yonetim-bilisim-sistemleri-ingilizce\/en\/prospective-students\/#breadcrumb\",\"itemListElement\":[{\"@type\":\"ListItem\",\"position\":1,\"name\":\"Ana sayfa\",\"item\":\"https:\/\/ticaret.edu.tr\/yonetim-bilisim-sistemleri-ingilizce\/\"},{\"@type\":\"ListItem\",\"position\":2,\"name\":\"Prospective Students\"}]},{\"@type\":\"WebSite\",\"@id\":\"http:\/\/ticaret.edu.tr\/yonetim-bilisim-sistemleri-ingilizce\/en\/#website\",\"url\":\"http:\/\/ticaret.edu.tr\/yonetim-bilisim-sistemleri-ingilizce\/en\/\",\"name\":\"Y\u00f6netim Bili\u015fim Sistemleri (\u0130ngilizce)\",\"description\":\"\",\"potentialAction\":[{\"@type\":\"SearchAction\",\"target\":{\"@type\":\"EntryPoint\",\"urlTemplate\":\"http:\/\/ticaret.edu.tr\/yonetim-bilisim-sistemleri-ingilizce\/en\/?s={search_term_string}\"},\"query-input\":\"required name=search_term_string\"}],\"inLanguage\":\"tr\"}]}<\/script>\n<!-- \/ Yoast SEO Premium plugin. -->","yoast_head_json":{"title":"Prospective Students - Y\u00f6netim Bili\u015fim Sistemleri (\u0130ngilizce)","robots":{"index":"index","follow":"follow","max-snippet":"max-snippet:-1","max-image-preview":"max-image-preview:large","max-video-preview":"max-video-preview:-1"},"canonical":"http:\/\/ticaret.edu.tr\/yonetim-bilisim-sistemleri-ingilizce\/en\/prospective-students\/","og_locale":"tr_TR","og_type":"article","og_title":"Prospective Students","og_description":"\u21d3 https:\/\/lisansaday.ticaret.edu.tr\/yonetim-bilisim-sistemleri-ingilizce\/","og_url":"http:\/\/ticaret.edu.tr\/yonetim-bilisim-sistemleri-ingilizce\/en\/prospective-students\/","og_site_name":"Y\u00f6netim Bili\u015fim Sistemleri (\u0130ngilizce)","article_publisher":"https:\/\/www.facebook.com\/ticaretedutr","article_modified_time":"2026-01-20T11:52:44+00:00","twitter_card":"summary_large_image","twitter_site":"@ticaretedutr","twitter_misc":{"Tahmini okuma s\u00fcresi":"1 dakika"},"schema":{"@context":"https:\/\/schema.org","@graph":[{"@type":"WebPage","@id":"http:\/\/ticaret.edu.tr\/yonetim-bilisim-sistemleri-ingilizce\/en\/prospective-students\/","url":"http:\/\/ticaret.edu.tr\/yonetim-bilisim-sistemleri-ingilizce\/en\/prospective-students\/","name":"Prospective Students - Y\u00f6netim Bili\u015fim Sistemleri (\u0130ngilizce)","isPartOf":{"@id":"http:\/\/ticaret.edu.tr\/yonetim-bilisim-sistemleri-ingilizce\/en\/#website"},"datePublished":"2025-01-26T20:16:51+00:00","dateModified":"2026-01-20T11:52:44+00:00","breadcrumb":{"@id":"http:\/\/ticaret.edu.tr\/yonetim-bilisim-sistemleri-ingilizce\/en\/prospective-students\/#breadcrumb"},"inLanguage":"tr","potentialAction":[{"@type":"ReadAction","target":["http:\/\/ticaret.edu.tr\/yonetim-bilisim-sistemleri-ingilizce\/en\/prospective-students\/"]}]},{"@type":"BreadcrumbList","@id":"http:\/\/ticaret.edu.tr\/yonetim-bilisim-sistemleri-ingilizce\/en\/prospective-students\/#breadcrumb","itemListElement":[{"@type":"ListItem","position":1,"name":"Ana sayfa","item":"https:\/\/ticaret.edu.tr\/yonetim-bilisim-sistemleri-ingilizce\/"},{"@type":"ListItem","position":2,"name":"Prospective Students"}]},{"@type":"WebSite","@id":"http:\/\/ticaret.edu.tr\/yonetim-bilisim-sistemleri-ingilizce\/en\/#website","url":"http:\/\/ticaret.edu.tr\/yonetim-bilisim-sistemleri-ingilizce\/en\/","name":"Y\u00f6netim Bili\u015fim Sistemleri (\u0130ngilizce)","description":"","potentialAction":[{"@type":"SearchAction","target":{"@type":"EntryPoint","urlTemplate":"http:\/\/ticaret.edu.tr\/yonetim-bilisim-sistemleri-ingilizce\/en\/?s={search_term_string}"},"query-input":"required name=search_term_string"}],"inLanguage":"tr"}]}},"lang":"en","translations":{"en":403,"tr":401},"pll_sync_post":[],"_links":{"self":[{"href":"http:\/\/ticaret.edu.tr\/yonetim-bilisim-sistemleri-ingilizce\/wp-json\/wp\/v2\/pages\/403"}],"collection":[{"href":"http:\/\/ticaret.edu.tr\/yonetim-bilisim-sistemleri-ingilizce\/wp-json\/wp\/v2\/pages"}],"about":[{"href":"http:\/\/ticaret.edu.tr\/yonetim-bilisim-sistemleri-ingilizce\/wp-json\/wp\/v2\/types\/page"}],"author":[{"embeddable":true,"href":"http:\/\/ticaret.edu.tr\/yonetim-bilisim-sistemleri-ingilizce\/wp-json\/wp\/v2\/users\/64"}],"replies":[{"embeddable":true,"href":"http:\/\/ticaret.edu.tr\/yonetim-bilisim-sistemleri-ingilizce\/wp-json\/wp\/v2\/comments?post=403"}],"version-history":[{"count":5,"href":"http:\/\/ticaret.edu.tr\/yonetim-bilisim-sistemleri-ingilizce\/wp-json\/wp\/v2\/pages\/403\/revisions"}],"predecessor-version":[{"id":1648,"href":"http:\/\/ticaret.edu.tr\/yonetim-bilisim-sistemleri-ingilizce\/wp-json\/wp\/v2\/pages\/403\/revisions\/1648"}],"wp:attachment":[{"href":"http:\/\/ticaret.edu.tr\/yonetim-bilisim-sistemleri-ingilizce\/wp-json\/wp\/v2\/media?parent=403"}],"curies":[{"name":"wp","href":"https:\/\/api.w.org\/{rel}","templated":true}]}}