{"id":413,"date":"2025-01-26T23:16:56","date_gmt":"2025-01-26T20:16:56","guid":{"rendered":"https:\/\/ticaret.edu.tr\/yonetim-bilisim-sistemleri-ingilizce\/?page_id=413"},"modified":"2025-02-24T13:50:55","modified_gmt":"2025-02-24T10:50:55","slug":"ogrenci-topluluklari","status":"publish","type":"page","link":"http:\/\/ticaret.edu.tr\/yonetim-bilisim-sistemleri-ingilizce\/ogrenci-topluluklari\/","title":{"rendered":"\u00d6\u011frenci Topluluklar\u0131"},"content":{"rendered":"<h4><\/h4>\n<h4>Y\u00f6netim Bili\u015fim Sistemleri (MIS) B\u00f6l\u00fcm\u00fc \u00d6\u011frenci Toplulu\u011fu<\/h4>\n<p>&nbsp;<\/p>\n<p>\u0130stanbul Ticaret \u00dcniversitesi,<strong><a href=\"https:\/\/www.instagram.com\/managementinfosystem\/\"> Y\u00f6netim Bili\u015fim Sistemleri (MIS) B\u00f6l\u00fcm\u00fc \u00d6\u011frenci Toplulu\u011fu<\/a><\/strong> aktif olarak seminerler ve etkinlikler d\u00fczenlenmektedir.<\/p>\n<p>MIS \u00d6\u011frenci Toplulu\u011funun d\u00fczenledi\u011fi aktiviteleri <strong><a href=\"https:\/\/www.instagram.com\/managementinfosystem\/\">Instagram<\/a><\/strong> adresinden takip edebilirsiniz.<\/p>\n","protected":false},"excerpt":{"rendered":"<p>Y\u00f6netim Bili\u015fim Sistemleri (MIS) B\u00f6l\u00fcm\u00fc \u00d6\u011frenci Toplulu\u011fu &nbsp; \u0130stanbul Ticaret \u00dcniversitesi, Y\u00f6netim Bili\u015fim Sistemleri (MIS) B\u00f6l\u00fcm\u00fc \u00d6\u011frenci Toplulu\u011fu aktif olarak seminerler ve etkinlikler d\u00fczenlenmektedir. MIS \u00d6\u011frenci Toplulu\u011funun d\u00fczenledi\u011fi aktiviteleri Instagram adresinden takip edebilirsiniz.<\/p>\n","protected":false},"author":64,"featured_media":0,"parent":0,"menu_order":0,"comment_status":"closed","ping_status":"closed","template":"genel_sayfa.php","meta":{"footnotes":""},"yoast_head":"<!-- This site is optimized with the Yoast SEO Premium plugin v22.1 (Yoast SEO v22.1) - https:\/\/yoast.com\/wordpress\/plugins\/seo\/ -->\n<title>\u00d6\u011frenci Topluluklar\u0131 - Y\u00f6netim Bili\u015fim Sistemleri (\u0130ngilizce)<\/title>\n<meta name=\"description\" content=\"\u0130stanbul Ticaret \u00dcniversitesi, Y\u00f6netim Bili\u015fim Sistemleri (MIS) B\u00f6l\u00fcm\u00fc \u00d6\u011frenci Toplulu\u011fu aktif olarak seminerler ve etkinlikler d\u00fczenlenmektedir. MIS \u00d6\u011frenci Toplulu\u011funun d\u00fczenledi\u011fi aktiviteleri Instagram adresinden takip edebilirsiniz.\" \/>\n<meta name=\"robots\" content=\"index, follow, max-snippet:-1, max-image-preview:large, max-video-preview:-1\" \/>\n<link rel=\"canonical\" href=\"http:\/\/ticaret.edu.tr\/yonetim-bilisim-sistemleri-ingilizce\/ogrenci-topluluklari\/\" \/>\n<meta property=\"og:locale\" content=\"tr_TR\" \/>\n<meta property=\"og:type\" content=\"article\" \/>\n<meta property=\"og:title\" content=\"\u00d6\u011frenci Topluluklar\u0131\" \/>\n<meta property=\"og:description\" content=\"\u0130stanbul Ticaret \u00dcniversitesi, Y\u00f6netim Bili\u015fim Sistemleri (MIS) B\u00f6l\u00fcm\u00fc \u00d6\u011frenci Toplulu\u011fu aktif olarak seminerler ve etkinlikler d\u00fczenlenmektedir. MIS \u00d6\u011frenci Toplulu\u011funun d\u00fczenledi\u011fi aktiviteleri Instagram adresinden takip edebilirsiniz.\" \/>\n<meta property=\"og:url\" content=\"http:\/\/ticaret.edu.tr\/yonetim-bilisim-sistemleri-ingilizce\/ogrenci-topluluklari\/\" \/>\n<meta property=\"og:site_name\" content=\"Y\u00f6netim Bili\u015fim Sistemleri (\u0130ngilizce)\" \/>\n<meta property=\"article:publisher\" content=\"https:\/\/www.facebook.com\/ticaretedutr\" \/>\n<meta property=\"article:modified_time\" content=\"2025-02-24T10:50:55+00:00\" \/>\n<meta name=\"twitter:card\" content=\"summary_large_image\" \/>\n<meta name=\"twitter:site\" content=\"@ticaretedutr\" \/>\n<meta name=\"twitter:label1\" content=\"Tahmini okuma s\u00fcresi\" \/>\n\t<meta name=\"twitter:data1\" content=\"1 dakika\" \/>\n<script type=\"application\/ld+json\" class=\"yoast-schema-graph\">{\"@context\":\"https:\/\/schema.org\",\"@graph\":[{\"@type\":\"WebPage\",\"@id\":\"http:\/\/ticaret.edu.tr\/yonetim-bilisim-sistemleri-ingilizce\/ogrenci-topluluklari\/\",\"url\":\"http:\/\/ticaret.edu.tr\/yonetim-bilisim-sistemleri-ingilizce\/ogrenci-topluluklari\/\",\"name\":\"\u00d6\u011frenci Topluluklar\u0131 - Y\u00f6netim Bili\u015fim Sistemleri (\u0130ngilizce)\",\"isPartOf\":{\"@id\":\"http:\/\/ticaret.edu.tr\/yonetim-bilisim-sistemleri-ingilizce\/en\/#website\"},\"datePublished\":\"2025-01-26T20:16:56+00:00\",\"dateModified\":\"2025-02-24T10:50:55+00:00\",\"description\":\"\u0130stanbul Ticaret \u00dcniversitesi, Y\u00f6netim Bili\u015fim Sistemleri (MIS) B\u00f6l\u00fcm\u00fc \u00d6\u011frenci Toplulu\u011fu aktif olarak seminerler ve etkinlikler d\u00fczenlenmektedir. MIS \u00d6\u011frenci Toplulu\u011funun d\u00fczenledi\u011fi aktiviteleri Instagram adresinden takip edebilirsiniz.\",\"breadcrumb\":{\"@id\":\"http:\/\/ticaret.edu.tr\/yonetim-bilisim-sistemleri-ingilizce\/ogrenci-topluluklari\/#breadcrumb\"},\"inLanguage\":\"tr\",\"potentialAction\":[{\"@type\":\"ReadAction\",\"target\":[\"http:\/\/ticaret.edu.tr\/yonetim-bilisim-sistemleri-ingilizce\/ogrenci-topluluklari\/\"]}]},{\"@type\":\"BreadcrumbList\",\"@id\":\"http:\/\/ticaret.edu.tr\/yonetim-bilisim-sistemleri-ingilizce\/ogrenci-topluluklari\/#breadcrumb\",\"itemListElement\":[{\"@type\":\"ListItem\",\"position\":1,\"name\":\"Ana sayfa\",\"item\":\"https:\/\/ticaret.edu.tr\/yonetim-bilisim-sistemleri-ingilizce\/\"},{\"@type\":\"ListItem\",\"position\":2,\"name\":\"\u00d6\u011frenci Topluluklar\u0131\"}]},{\"@type\":\"WebSite\",\"@id\":\"http:\/\/ticaret.edu.tr\/yonetim-bilisim-sistemleri-ingilizce\/en\/#website\",\"url\":\"http:\/\/ticaret.edu.tr\/yonetim-bilisim-sistemleri-ingilizce\/en\/\",\"name\":\"Y\u00f6netim Bili\u015fim Sistemleri (\u0130ngilizce)\",\"description\":\"\",\"potentialAction\":[{\"@type\":\"SearchAction\",\"target\":{\"@type\":\"EntryPoint\",\"urlTemplate\":\"http:\/\/ticaret.edu.tr\/yonetim-bilisim-sistemleri-ingilizce\/en\/?s={search_term_string}\"},\"query-input\":\"required name=search_term_string\"}],\"inLanguage\":\"tr\"}]}<\/script>\n<!-- \/ Yoast SEO Premium plugin. -->","yoast_head_json":{"title":"\u00d6\u011frenci Topluluklar\u0131 - Y\u00f6netim Bili\u015fim Sistemleri (\u0130ngilizce)","description":"\u0130stanbul Ticaret \u00dcniversitesi, Y\u00f6netim Bili\u015fim Sistemleri (MIS) B\u00f6l\u00fcm\u00fc \u00d6\u011frenci Toplulu\u011fu aktif olarak seminerler ve etkinlikler d\u00fczenlenmektedir. MIS \u00d6\u011frenci Toplulu\u011funun d\u00fczenledi\u011fi aktiviteleri Instagram adresinden takip edebilirsiniz.","robots":{"index":"index","follow":"follow","max-snippet":"max-snippet:-1","max-image-preview":"max-image-preview:large","max-video-preview":"max-video-preview:-1"},"canonical":"http:\/\/ticaret.edu.tr\/yonetim-bilisim-sistemleri-ingilizce\/ogrenci-topluluklari\/","og_locale":"tr_TR","og_type":"article","og_title":"\u00d6\u011frenci Topluluklar\u0131","og_description":"\u0130stanbul Ticaret \u00dcniversitesi, Y\u00f6netim Bili\u015fim Sistemleri (MIS) B\u00f6l\u00fcm\u00fc \u00d6\u011frenci Toplulu\u011fu aktif olarak seminerler ve etkinlikler d\u00fczenlenmektedir. MIS \u00d6\u011frenci Toplulu\u011funun d\u00fczenledi\u011fi aktiviteleri Instagram adresinden takip edebilirsiniz.","og_url":"http:\/\/ticaret.edu.tr\/yonetim-bilisim-sistemleri-ingilizce\/ogrenci-topluluklari\/","og_site_name":"Y\u00f6netim Bili\u015fim Sistemleri (\u0130ngilizce)","article_publisher":"https:\/\/www.facebook.com\/ticaretedutr","article_modified_time":"2025-02-24T10:50:55+00:00","twitter_card":"summary_large_image","twitter_site":"@ticaretedutr","twitter_misc":{"Tahmini okuma s\u00fcresi":"1 dakika"},"schema":{"@context":"https:\/\/schema.org","@graph":[{"@type":"WebPage","@id":"http:\/\/ticaret.edu.tr\/yonetim-bilisim-sistemleri-ingilizce\/ogrenci-topluluklari\/","url":"http:\/\/ticaret.edu.tr\/yonetim-bilisim-sistemleri-ingilizce\/ogrenci-topluluklari\/","name":"\u00d6\u011frenci Topluluklar\u0131 - Y\u00f6netim Bili\u015fim Sistemleri (\u0130ngilizce)","isPartOf":{"@id":"http:\/\/ticaret.edu.tr\/yonetim-bilisim-sistemleri-ingilizce\/en\/#website"},"datePublished":"2025-01-26T20:16:56+00:00","dateModified":"2025-02-24T10:50:55+00:00","description":"\u0130stanbul Ticaret \u00dcniversitesi, Y\u00f6netim Bili\u015fim Sistemleri (MIS) B\u00f6l\u00fcm\u00fc \u00d6\u011frenci Toplulu\u011fu aktif olarak seminerler ve etkinlikler d\u00fczenlenmektedir. MIS \u00d6\u011frenci Toplulu\u011funun d\u00fczenledi\u011fi aktiviteleri Instagram adresinden takip edebilirsiniz.","breadcrumb":{"@id":"http:\/\/ticaret.edu.tr\/yonetim-bilisim-sistemleri-ingilizce\/ogrenci-topluluklari\/#breadcrumb"},"inLanguage":"tr","potentialAction":[{"@type":"ReadAction","target":["http:\/\/ticaret.edu.tr\/yonetim-bilisim-sistemleri-ingilizce\/ogrenci-topluluklari\/"]}]},{"@type":"BreadcrumbList","@id":"http:\/\/ticaret.edu.tr\/yonetim-bilisim-sistemleri-ingilizce\/ogrenci-topluluklari\/#breadcrumb","itemListElement":[{"@type":"ListItem","position":1,"name":"Ana sayfa","item":"https:\/\/ticaret.edu.tr\/yonetim-bilisim-sistemleri-ingilizce\/"},{"@type":"ListItem","position":2,"name":"\u00d6\u011frenci Topluluklar\u0131"}]},{"@type":"WebSite","@id":"http:\/\/ticaret.edu.tr\/yonetim-bilisim-sistemleri-ingilizce\/en\/#website","url":"http:\/\/ticaret.edu.tr\/yonetim-bilisim-sistemleri-ingilizce\/en\/","name":"Y\u00f6netim Bili\u015fim Sistemleri (\u0130ngilizce)","description":"","potentialAction":[{"@type":"SearchAction","target":{"@type":"EntryPoint","urlTemplate":"http:\/\/ticaret.edu.tr\/yonetim-bilisim-sistemleri-ingilizce\/en\/?s={search_term_string}"},"query-input":"required name=search_term_string"}],"inLanguage":"tr"}]}},"lang":"tr","translations":{"en":416,"tr":413},"pll_sync_post":[],"_links":{"self":[{"href":"http:\/\/ticaret.edu.tr\/yonetim-bilisim-sistemleri-ingilizce\/wp-json\/wp\/v2\/pages\/413"}],"collection":[{"href":"http:\/\/ticaret.edu.tr\/yonetim-bilisim-sistemleri-ingilizce\/wp-json\/wp\/v2\/pages"}],"about":[{"href":"http:\/\/ticaret.edu.tr\/yonetim-bilisim-sistemleri-ingilizce\/wp-json\/wp\/v2\/types\/page"}],"author":[{"embeddable":true,"href":"http:\/\/ticaret.edu.tr\/yonetim-bilisim-sistemleri-ingilizce\/wp-json\/wp\/v2\/users\/64"}],"replies":[{"embeddable":true,"href":"http:\/\/ticaret.edu.tr\/yonetim-bilisim-sistemleri-ingilizce\/wp-json\/wp\/v2\/comments?post=413"}],"version-history":[{"count":5,"href":"http:\/\/ticaret.edu.tr\/yonetim-bilisim-sistemleri-ingilizce\/wp-json\/wp\/v2\/pages\/413\/revisions"}],"predecessor-version":[{"id":1020,"href":"http:\/\/ticaret.edu.tr\/yonetim-bilisim-sistemleri-ingilizce\/wp-json\/wp\/v2\/pages\/413\/revisions\/1020"}],"wp:attachment":[{"href":"http:\/\/ticaret.edu.tr\/yonetim-bilisim-sistemleri-ingilizce\/wp-json\/wp\/v2\/media?parent=413"}],"curies":[{"name":"wp","href":"https:\/\/api.w.org\/{rel}","templated":true}]}}