{"id":419,"date":"2025-01-26T23:18:21","date_gmt":"2025-01-26T20:18:21","guid":{"rendered":"https:\/\/ticaret.edu.tr\/yonetim-bilisim-sistemleri-ingilizce\/?page_id=419"},"modified":"2026-04-30T08:19:04","modified_gmt":"2026-04-30T05:19:04","slug":"department-boards-and-committees","status":"publish","type":"page","link":"http:\/\/ticaret.edu.tr\/yonetim-bilisim-sistemleri-ingilizce\/en\/department-boards-and-committees\/","title":{"rendered":"Department Boards and Committees"},"content":{"rendered":"<h2>DEPARTMENT BOARD MEMBERS<\/h2>\n<ol>\n<li><a href=\"https:\/\/avesis.ticaret.edu.tr\/uaydin\">Assoc. Prof. Umut AYDIN<\/a><\/li>\n<li><a href=\"https:\/\/avesis.ticaret.edu.tr\/goowilliams\">Asst. Prof. <\/a><a href=\"https:\/\/avesis.ticaret.edu.tr\/goowilliams\">Godwin Oluseye OLASEHINDE-WILLIAMS<\/a><\/li>\n<li><a href=\"https:\/\/avesis.ticaret.edu.tr\/iboyaci\/yayinlar\">Asst. Prof. \u0130srafil BOYACI<\/a><\/li>\n<li><a href=\"https:\/\/avesis.ticaret.edu.tr\/tkaradayi\">Res. Asst. Talha KARADAYI<\/a><\/li>\n<li><a href=\"https:\/\/avesis.ticaret.edu.tr\/nozturk\">Res. Asst. Nesli\u015fah \u00d6ZT\u00dcRK<\/a><\/li>\n<\/ol>\n<p>&nbsp;<\/p>\n<h2>COMMITTEES<\/h2>\n<h3>Lateral Transfer \/ Vertical Transfer \/ Graduation Commission<\/h3>\n<ol>\n<li><a href=\"https:\/\/avesis.ticaret.edu.tr\/uaydin\">Assoc. Prof. Umut AYDIN<\/a><\/li>\n<li><a href=\"https:\/\/avesis.ticaret.edu.tr\/tkaradayi\">Res. Asst. Talha KARADAYI<\/a><\/li>\n<li><a href=\"https:\/\/avesis.ticaret.edu.tr\/nozturk\">Res. Asst. Nesli\u015fah \u00d6ZT\u00dcRK<\/a><\/li>\n<\/ol>\n<h3><\/h3>\n<h3>Internship Committee<\/h3>\n<ol>\n<li><a href=\"https:\/\/avesis.ticaret.edu.tr\/uaydin\">Assoc. Prof. Umut AYDIN<\/a><\/li>\n<li><a href=\"https:\/\/avesis.ticaret.edu.tr\/tkaradayi\">Res. Asst. Talha KARADAYI<\/a><\/li>\n<li><a href=\"https:\/\/avesis.ticaret.edu.tr\/nozturk\">Res. Asst. Nesli\u015fah \u00d6ZT\u00dcRK<\/a><\/li>\n<\/ol>\n<h3><\/h3>\n<h3>Erasmus Coordinator<\/h3>\n<ol>\n<li><a href=\"https:\/\/avesis.ticaret.edu.tr\/iboyaci\/yayinlar\">Asst. Prof. \u0130srafil BOYACI<\/a><\/li>\n<\/ol>\n<h3><\/h3>\n<h3>Accreditation Commission<\/h3>\n<ol>\n<li><a href=\"https:\/\/avesis.ticaret.edu.tr\/uaydin\">Assoc. Prof. Umut AYDIN<\/a><\/li>\n<li><a href=\"https:\/\/avesis.ticaret.edu.tr\/tkaradayi\">Res. Asst. Talha KARADAYI<\/a><\/li>\n<li><a href=\"https:\/\/avesis.ticaret.edu.tr\/nozturk\">Res. Asst. Nesli\u015fah \u00d6ZT\u00dcRK<\/a><\/li>\n<\/ol>\n","protected":false},"excerpt":{"rendered":"<p>DEPARTMENT BOARD MEMBERS Assoc. Prof. Umut AYDIN Asst. Prof. Godwin Oluseye OLASEHINDE-WILLIAMS Asst. Prof. \u0130srafil BOYACI Res. Asst. Talha KARADAYI Res. Asst. Nesli\u015fah \u00d6ZT\u00dcRK &nbsp; COMMITTEES Lateral Transfer \/ Vertical Transfer \/ Graduation Commission Assoc. Prof. Umut AYDIN Res. Asst. Talha KARADAYI Res. Asst. Nesli\u015fah \u00d6ZT\u00dcRK Internship Committee Assoc. Prof. Umut AYDIN Res. Asst. Talha [&hellip;]<\/p>\n","protected":false},"author":64,"featured_media":0,"parent":0,"menu_order":0,"comment_status":"closed","ping_status":"closed","template":"genel_sayfa.php","meta":{"footnotes":""},"yoast_head":"<!-- This site is optimized with the Yoast SEO Premium plugin v22.1 (Yoast SEO v22.1) - https:\/\/yoast.com\/wordpress\/plugins\/seo\/ -->\n<title>Department Boards and Committees - Y\u00f6netim Bili\u015fim Sistemleri (\u0130ngilizce)<\/title>\n<meta name=\"robots\" content=\"index, follow, max-snippet:-1, max-image-preview:large, max-video-preview:-1\" \/>\n<link rel=\"canonical\" href=\"http:\/\/ticaret.edu.tr\/yonetim-bilisim-sistemleri-ingilizce\/en\/department-boards-and-committees\/\" \/>\n<meta property=\"og:locale\" content=\"tr_TR\" \/>\n<meta property=\"og:type\" content=\"article\" \/>\n<meta property=\"og:title\" content=\"Department Boards and Committees\" \/>\n<meta property=\"og:description\" content=\"DEPARTMENT BOARD MEMBERS Assoc. Prof. Umut AYDIN Asst. Prof. Godwin Oluseye OLASEHINDE-WILLIAMS Asst. Prof. \u0130srafil BOYACI Res. Asst. Talha KARADAYI Res. Asst. Nesli\u015fah \u00d6ZT\u00dcRK &nbsp; COMMITTEES Lateral Transfer \/ Vertical Transfer \/ Graduation Commission Assoc. Prof. Umut AYDIN Res. Asst. Talha KARADAYI Res. Asst. Nesli\u015fah \u00d6ZT\u00dcRK Internship Committee Assoc. Prof. Umut AYDIN Res. Asst. Talha [&hellip;]\" \/>\n<meta property=\"og:url\" content=\"http:\/\/ticaret.edu.tr\/yonetim-bilisim-sistemleri-ingilizce\/en\/department-boards-and-committees\/\" \/>\n<meta property=\"og:site_name\" content=\"Y\u00f6netim Bili\u015fim Sistemleri (\u0130ngilizce)\" \/>\n<meta property=\"article:publisher\" content=\"https:\/\/www.facebook.com\/ticaretedutr\" \/>\n<meta property=\"article:modified_time\" content=\"2026-04-30T05:19:04+00:00\" \/>\n<meta name=\"twitter:card\" content=\"summary_large_image\" \/>\n<meta name=\"twitter:site\" content=\"@ticaretedutr\" \/>\n<meta name=\"twitter:label1\" content=\"Tahmini okuma s\u00fcresi\" \/>\n\t<meta name=\"twitter:data1\" content=\"1 dakika\" \/>\n<script type=\"application\/ld+json\" class=\"yoast-schema-graph\">{\"@context\":\"https:\/\/schema.org\",\"@graph\":[{\"@type\":\"WebPage\",\"@id\":\"http:\/\/ticaret.edu.tr\/yonetim-bilisim-sistemleri-ingilizce\/en\/department-boards-and-committees\/\",\"url\":\"http:\/\/ticaret.edu.tr\/yonetim-bilisim-sistemleri-ingilizce\/en\/department-boards-and-committees\/\",\"name\":\"Department Boards and Committees - Y\u00f6netim Bili\u015fim Sistemleri (\u0130ngilizce)\",\"isPartOf\":{\"@id\":\"http:\/\/ticaret.edu.tr\/yonetim-bilisim-sistemleri-ingilizce\/en\/#website\"},\"datePublished\":\"2025-01-26T20:18:21+00:00\",\"dateModified\":\"2026-04-30T05:19:04+00:00\",\"breadcrumb\":{\"@id\":\"http:\/\/ticaret.edu.tr\/yonetim-bilisim-sistemleri-ingilizce\/en\/department-boards-and-committees\/#breadcrumb\"},\"inLanguage\":\"tr\",\"potentialAction\":[{\"@type\":\"ReadAction\",\"target\":[\"http:\/\/ticaret.edu.tr\/yonetim-bilisim-sistemleri-ingilizce\/en\/department-boards-and-committees\/\"]}]},{\"@type\":\"BreadcrumbList\",\"@id\":\"http:\/\/ticaret.edu.tr\/yonetim-bilisim-sistemleri-ingilizce\/en\/department-boards-and-committees\/#breadcrumb\",\"itemListElement\":[{\"@type\":\"ListItem\",\"position\":1,\"name\":\"Ana sayfa\",\"item\":\"https:\/\/ticaret.edu.tr\/yonetim-bilisim-sistemleri-ingilizce\/\"},{\"@type\":\"ListItem\",\"position\":2,\"name\":\"Department Boards and Committees\"}]},{\"@type\":\"WebSite\",\"@id\":\"http:\/\/ticaret.edu.tr\/yonetim-bilisim-sistemleri-ingilizce\/en\/#website\",\"url\":\"http:\/\/ticaret.edu.tr\/yonetim-bilisim-sistemleri-ingilizce\/en\/\",\"name\":\"Y\u00f6netim Bili\u015fim Sistemleri (\u0130ngilizce)\",\"description\":\"\",\"potentialAction\":[{\"@type\":\"SearchAction\",\"target\":{\"@type\":\"EntryPoint\",\"urlTemplate\":\"http:\/\/ticaret.edu.tr\/yonetim-bilisim-sistemleri-ingilizce\/en\/?s={search_term_string}\"},\"query-input\":\"required name=search_term_string\"}],\"inLanguage\":\"tr\"}]}<\/script>\n<!-- \/ Yoast SEO Premium plugin. -->","yoast_head_json":{"title":"Department Boards and Committees - Y\u00f6netim Bili\u015fim Sistemleri (\u0130ngilizce)","robots":{"index":"index","follow":"follow","max-snippet":"max-snippet:-1","max-image-preview":"max-image-preview:large","max-video-preview":"max-video-preview:-1"},"canonical":"http:\/\/ticaret.edu.tr\/yonetim-bilisim-sistemleri-ingilizce\/en\/department-boards-and-committees\/","og_locale":"tr_TR","og_type":"article","og_title":"Department Boards and Committees","og_description":"DEPARTMENT BOARD MEMBERS Assoc. Prof. Umut AYDIN Asst. Prof. Godwin Oluseye OLASEHINDE-WILLIAMS Asst. Prof. \u0130srafil BOYACI Res. Asst. Talha KARADAYI Res. Asst. Nesli\u015fah \u00d6ZT\u00dcRK &nbsp; COMMITTEES Lateral Transfer \/ Vertical Transfer \/ Graduation Commission Assoc. Prof. Umut AYDIN Res. Asst. Talha KARADAYI Res. Asst. Nesli\u015fah \u00d6ZT\u00dcRK Internship Committee Assoc. Prof. Umut AYDIN Res. Asst. Talha [&hellip;]","og_url":"http:\/\/ticaret.edu.tr\/yonetim-bilisim-sistemleri-ingilizce\/en\/department-boards-and-committees\/","og_site_name":"Y\u00f6netim Bili\u015fim Sistemleri (\u0130ngilizce)","article_publisher":"https:\/\/www.facebook.com\/ticaretedutr","article_modified_time":"2026-04-30T05:19:04+00:00","twitter_card":"summary_large_image","twitter_site":"@ticaretedutr","twitter_misc":{"Tahmini okuma s\u00fcresi":"1 dakika"},"schema":{"@context":"https:\/\/schema.org","@graph":[{"@type":"WebPage","@id":"http:\/\/ticaret.edu.tr\/yonetim-bilisim-sistemleri-ingilizce\/en\/department-boards-and-committees\/","url":"http:\/\/ticaret.edu.tr\/yonetim-bilisim-sistemleri-ingilizce\/en\/department-boards-and-committees\/","name":"Department Boards and Committees - Y\u00f6netim Bili\u015fim Sistemleri (\u0130ngilizce)","isPartOf":{"@id":"http:\/\/ticaret.edu.tr\/yonetim-bilisim-sistemleri-ingilizce\/en\/#website"},"datePublished":"2025-01-26T20:18:21+00:00","dateModified":"2026-04-30T05:19:04+00:00","breadcrumb":{"@id":"http:\/\/ticaret.edu.tr\/yonetim-bilisim-sistemleri-ingilizce\/en\/department-boards-and-committees\/#breadcrumb"},"inLanguage":"tr","potentialAction":[{"@type":"ReadAction","target":["http:\/\/ticaret.edu.tr\/yonetim-bilisim-sistemleri-ingilizce\/en\/department-boards-and-committees\/"]}]},{"@type":"BreadcrumbList","@id":"http:\/\/ticaret.edu.tr\/yonetim-bilisim-sistemleri-ingilizce\/en\/department-boards-and-committees\/#breadcrumb","itemListElement":[{"@type":"ListItem","position":1,"name":"Ana sayfa","item":"https:\/\/ticaret.edu.tr\/yonetim-bilisim-sistemleri-ingilizce\/"},{"@type":"ListItem","position":2,"name":"Department Boards and Committees"}]},{"@type":"WebSite","@id":"http:\/\/ticaret.edu.tr\/yonetim-bilisim-sistemleri-ingilizce\/en\/#website","url":"http:\/\/ticaret.edu.tr\/yonetim-bilisim-sistemleri-ingilizce\/en\/","name":"Y\u00f6netim Bili\u015fim Sistemleri (\u0130ngilizce)","description":"","potentialAction":[{"@type":"SearchAction","target":{"@type":"EntryPoint","urlTemplate":"http:\/\/ticaret.edu.tr\/yonetim-bilisim-sistemleri-ingilizce\/en\/?s={search_term_string}"},"query-input":"required name=search_term_string"}],"inLanguage":"tr"}]}},"lang":"en","translations":{"en":419,"tr":418},"pll_sync_post":[],"_links":{"self":[{"href":"http:\/\/ticaret.edu.tr\/yonetim-bilisim-sistemleri-ingilizce\/wp-json\/wp\/v2\/pages\/419"}],"collection":[{"href":"http:\/\/ticaret.edu.tr\/yonetim-bilisim-sistemleri-ingilizce\/wp-json\/wp\/v2\/pages"}],"about":[{"href":"http:\/\/ticaret.edu.tr\/yonetim-bilisim-sistemleri-ingilizce\/wp-json\/wp\/v2\/types\/page"}],"author":[{"embeddable":true,"href":"http:\/\/ticaret.edu.tr\/yonetim-bilisim-sistemleri-ingilizce\/wp-json\/wp\/v2\/users\/64"}],"replies":[{"embeddable":true,"href":"http:\/\/ticaret.edu.tr\/yonetim-bilisim-sistemleri-ingilizce\/wp-json\/wp\/v2\/comments?post=419"}],"version-history":[{"count":14,"href":"http:\/\/ticaret.edu.tr\/yonetim-bilisim-sistemleri-ingilizce\/wp-json\/wp\/v2\/pages\/419\/revisions"}],"predecessor-version":[{"id":1790,"href":"http:\/\/ticaret.edu.tr\/yonetim-bilisim-sistemleri-ingilizce\/wp-json\/wp\/v2\/pages\/419\/revisions\/1790"}],"wp:attachment":[{"href":"http:\/\/ticaret.edu.tr\/yonetim-bilisim-sistemleri-ingilizce\/wp-json\/wp\/v2\/media?parent=419"}],"curies":[{"name":"wp","href":"https:\/\/api.w.org\/{rel}","templated":true}]}}