{"id":420,"date":"2025-01-26T23:18:20","date_gmt":"2025-01-26T20:18:20","guid":{"rendered":"https:\/\/ticaret.edu.tr\/yonetim-bilisim-sistemleri-ingilizce\/?page_id=420"},"modified":"2025-10-17T12:47:33","modified_gmt":"2025-10-17T09:47:33","slug":"sayisal-bilgiler","status":"publish","type":"page","link":"http:\/\/ticaret.edu.tr\/yonetim-bilisim-sistemleri-ingilizce\/sayisal-bilgiler\/","title":{"rendered":"Say\u0131sal Bilgiler"},"content":{"rendered":"<h2>2025-2026 E\u011fitim \u00d6\u011fretim Y\u0131l\u0131 Say\u0131sal Veriler<\/h2>\n<p>&nbsp;<\/p>\n<h3 data-start=\"103\" data-end=\"162\"><strong data-start=\"108\" data-end=\"162\">Y\u00f6netim Bili\u015fim Sistemleri B\u00f6l\u00fcm\u00fc \u00d6\u011frenci Say\u0131lar\u0131<\/strong><\/h3>\n<div class=\"_tableContainer_1rjym_1\">\n<div class=\"group _tableWrapper_1rjym_13 flex w-fit flex-col-reverse\">\n<table class=\"w-fit min-w-(--thread-content-width)\" style=\"height: 179px\" width=\"619\" data-start=\"164\" data-end=\"461\">\n<thead data-start=\"164\" data-end=\"220\">\n<tr data-start=\"164\" data-end=\"220\">\n<th data-start=\"164\" data-end=\"183\" data-col-size=\"sm\"><strong data-start=\"166\" data-end=\"182\">S\u0131n\u0131f D\u00fczeyi<\/strong><\/th>\n<th data-start=\"183\" data-end=\"204\" data-col-size=\"sm\"><strong data-start=\"185\" data-end=\"203\">\u00d6\u011frenci Say\u0131s\u0131<\/strong><\/th>\n<th data-start=\"204\" data-end=\"220\" data-col-size=\"sm\"><strong data-start=\"206\" data-end=\"218\">A\u00e7\u0131klama<\/strong><\/th>\n<\/tr>\n<\/thead>\n<tbody data-start=\"279\" data-end=\"461\">\n<tr data-start=\"279\" data-end=\"314\">\n<td data-start=\"279\" data-end=\"297\" data-col-size=\"sm\">Haz\u0131rl\u0131k S\u0131n\u0131f\u0131<\/td>\n<td data-col-size=\"sm\" data-start=\"297\" data-end=\"310\">35 \u00d6\u011frenci<\/td>\n<td data-col-size=\"sm\" data-start=\"310\" data-end=\"314\"><\/td>\n<\/tr>\n<tr data-start=\"315\" data-end=\"343\">\n<td data-start=\"315\" data-end=\"326\" data-col-size=\"sm\">1. S\u0131n\u0131f<\/td>\n<td data-col-size=\"sm\" data-start=\"326\" data-end=\"339\">47 \u00d6\u011frenci<\/td>\n<td data-col-size=\"sm\" data-start=\"339\" data-end=\"343\"><\/td>\n<\/tr>\n<tr data-start=\"344\" data-end=\"372\">\n<td data-start=\"344\" data-end=\"355\" data-col-size=\"sm\">2. S\u0131n\u0131f<\/td>\n<td data-col-size=\"sm\" data-start=\"355\" data-end=\"368\">34 \u00d6\u011frenci<\/td>\n<td data-col-size=\"sm\" data-start=\"368\" data-end=\"372\"><\/td>\n<\/tr>\n<tr data-start=\"373\" data-end=\"400\">\n<td data-start=\"373\" data-end=\"384\" data-col-size=\"sm\">3. S\u0131n\u0131f<\/td>\n<td data-col-size=\"sm\" data-start=\"384\" data-end=\"396\">5 \u00d6\u011frenci<\/td>\n<td data-col-size=\"sm\" data-start=\"396\" data-end=\"400\"><\/td>\n<\/tr>\n<tr data-start=\"401\" data-end=\"461\">\n<td data-start=\"401\" data-end=\"412\" data-col-size=\"sm\">4. S\u0131n\u0131f<\/td>\n<td data-col-size=\"sm\" data-start=\"412\" data-end=\"424\">0 \u00d6\u011frenci<\/td>\n<td data-col-size=\"sm\" data-start=\"424\" data-end=\"461\">Hen\u00fcz \u00f6\u011frencimiz bulunmamaktad\u0131r.<\/td>\n<\/tr>\n<\/tbody>\n<\/table>\n<\/div>\n<\/div>\n<p>&nbsp;<\/p>\n<p>&nbsp;<\/p>\n<h3><strong>2025 YKS Sonu\u00e7lar\u0131 &#8211; Y\u00f6netim Bili\u015fim Sistemleri (\u0130ngilizce) Programlar\u0131 \u2013 Puan ve Kontenjan Bilgileri<\/strong><\/h3>\n<div class=\"_tableContainer_1rjym_1\">\n<div class=\"group _tableWrapper_1rjym_13 flex w-fit flex-col-reverse\">\n<table class=\"w-fit min-w-(--thread-content-width)\" style=\"height: 126px\" width=\"984\" data-start=\"213\" data-end=\"691\">\n<thead data-start=\"213\" data-end=\"319\">\n<tr data-start=\"213\" data-end=\"319\">\n<th data-start=\"213\" data-end=\"231\" data-col-size=\"md\"><strong data-start=\"215\" data-end=\"230\">Program Ad\u0131<\/strong><\/th>\n<th data-start=\"231\" data-end=\"247\" data-col-size=\"sm\"><strong data-start=\"233\" data-end=\"246\">Puan T\u00fcr\u00fc<\/strong><\/th>\n<th data-start=\"247\" data-end=\"263\" data-col-size=\"sm\"><strong data-start=\"249\" data-end=\"262\">Kontenjan<\/strong><\/th>\n<th data-start=\"263\" data-end=\"278\" data-col-size=\"sm\"><strong data-start=\"265\" data-end=\"277\">Yerle\u015fen<\/strong><\/th>\n<th data-start=\"278\" data-end=\"298\" data-col-size=\"sm\"><strong data-start=\"280\" data-end=\"297\">En K\u00fc\u00e7\u00fck Puan<\/strong><\/th>\n<th data-start=\"298\" data-end=\"319\" data-col-size=\"sm\"><strong data-start=\"300\" data-end=\"317\">En B\u00fcy\u00fck Puan<\/strong><\/th>\n<\/tr>\n<\/thead>\n<tbody data-start=\"433\" data-end=\"691\">\n<tr data-start=\"433\" data-end=\"524\">\n<td data-start=\"433\" data-end=\"490\" data-col-size=\"md\">Y\u00f6netim Bili\u015fim Sistemleri (\u0130ngilizce) (%50 \u0130ndirimli)<\/td>\n<td data-start=\"490\" data-end=\"495\" data-col-size=\"sm\">EA<\/td>\n<td data-start=\"495\" data-end=\"500\" data-col-size=\"sm\">25<\/td>\n<td data-start=\"500\" data-end=\"505\" data-col-size=\"sm\">25<\/td>\n<td data-start=\"505\" data-end=\"514\" data-col-size=\"sm\">330.61<\/td>\n<td data-start=\"514\" data-end=\"524\" data-col-size=\"sm\">369.47<\/td>\n<\/tr>\n<tr data-start=\"525\" data-end=\"607\">\n<td data-start=\"525\" data-end=\"575\" data-col-size=\"md\">Y\u00f6netim Bili\u015fim Sistemleri (\u0130ngilizce) (Burslu)<\/td>\n<td data-start=\"575\" data-end=\"580\" data-col-size=\"sm\">EA<\/td>\n<td data-start=\"580\" data-end=\"584\" data-col-size=\"sm\">5<\/td>\n<td data-start=\"584\" data-end=\"588\" data-col-size=\"sm\">5<\/td>\n<td data-start=\"588\" data-end=\"597\" data-col-size=\"sm\">415.97<\/td>\n<td data-start=\"597\" data-end=\"607\" data-col-size=\"sm\">431.85<\/td>\n<\/tr>\n<tr data-start=\"608\" data-end=\"691\">\n<td data-start=\"608\" data-end=\"659\" data-col-size=\"md\">Y\u00f6netim Bili\u015fim Sistemleri (\u0130ngilizce) (\u00dccretli)<\/td>\n<td data-start=\"659\" data-end=\"664\" data-col-size=\"sm\">EA<\/td>\n<td data-start=\"664\" data-end=\"668\" data-col-size=\"sm\">9<\/td>\n<td data-start=\"668\" data-end=\"672\" data-col-size=\"sm\">9<\/td>\n<td data-start=\"672\" data-end=\"681\" data-col-size=\"sm\">308.85<\/td>\n<td data-start=\"681\" data-end=\"691\" data-col-size=\"sm\">321.39<\/td>\n<\/tr>\n<\/tbody>\n<\/table>\n<\/div>\n<\/div>\n","protected":false},"excerpt":{"rendered":"<p>2025-2026 E\u011fitim \u00d6\u011fretim Y\u0131l\u0131 Say\u0131sal Veriler &nbsp; Y\u00f6netim Bili\u015fim Sistemleri B\u00f6l\u00fcm\u00fc \u00d6\u011frenci Say\u0131lar\u0131 S\u0131n\u0131f D\u00fczeyi \u00d6\u011frenci Say\u0131s\u0131 A\u00e7\u0131klama Haz\u0131rl\u0131k S\u0131n\u0131f\u0131 35 \u00d6\u011frenci 1. S\u0131n\u0131f 47 \u00d6\u011frenci 2. S\u0131n\u0131f 34 \u00d6\u011frenci 3. S\u0131n\u0131f 5 \u00d6\u011frenci 4. S\u0131n\u0131f 0 \u00d6\u011frenci Hen\u00fcz \u00f6\u011frencimiz bulunmamaktad\u0131r. &nbsp; &nbsp; 2025 YKS Sonu\u00e7lar\u0131 &#8211; Y\u00f6netim Bili\u015fim Sistemleri (\u0130ngilizce) Programlar\u0131 \u2013 Puan ve [&hellip;]<\/p>\n","protected":false},"author":64,"featured_media":0,"parent":0,"menu_order":0,"comment_status":"closed","ping_status":"closed","template":"genel_sayfa.php","meta":{"footnotes":""},"yoast_head":"<!-- This site is optimized with the Yoast SEO Premium plugin v22.1 (Yoast SEO v22.1) - https:\/\/yoast.com\/wordpress\/plugins\/seo\/ -->\n<title>Say\u0131sal Bilgiler - Y\u00f6netim Bili\u015fim Sistemleri (\u0130ngilizce)<\/title>\n<meta name=\"robots\" content=\"index, follow, max-snippet:-1, max-image-preview:large, max-video-preview:-1\" \/>\n<link rel=\"canonical\" href=\"http:\/\/ticaret.edu.tr\/yonetim-bilisim-sistemleri-ingilizce\/sayisal-bilgiler\/\" \/>\n<meta property=\"og:locale\" content=\"tr_TR\" \/>\n<meta property=\"og:type\" content=\"article\" \/>\n<meta property=\"og:title\" content=\"Say\u0131sal Bilgiler\" \/>\n<meta property=\"og:description\" content=\"2025-2026 E\u011fitim \u00d6\u011fretim Y\u0131l\u0131 Say\u0131sal Veriler &nbsp; Y\u00f6netim Bili\u015fim Sistemleri B\u00f6l\u00fcm\u00fc \u00d6\u011frenci Say\u0131lar\u0131 S\u0131n\u0131f D\u00fczeyi \u00d6\u011frenci Say\u0131s\u0131 A\u00e7\u0131klama Haz\u0131rl\u0131k S\u0131n\u0131f\u0131 35 \u00d6\u011frenci 1. S\u0131n\u0131f 47 \u00d6\u011frenci 2. S\u0131n\u0131f 34 \u00d6\u011frenci 3. S\u0131n\u0131f 5 \u00d6\u011frenci 4. S\u0131n\u0131f 0 \u00d6\u011frenci Hen\u00fcz \u00f6\u011frencimiz bulunmamaktad\u0131r. &nbsp; &nbsp; 2025 YKS Sonu\u00e7lar\u0131 &#8211; Y\u00f6netim Bili\u015fim Sistemleri (\u0130ngilizce) Programlar\u0131 \u2013 Puan ve [&hellip;]\" \/>\n<meta property=\"og:url\" content=\"http:\/\/ticaret.edu.tr\/yonetim-bilisim-sistemleri-ingilizce\/sayisal-bilgiler\/\" \/>\n<meta property=\"og:site_name\" content=\"Y\u00f6netim Bili\u015fim Sistemleri (\u0130ngilizce)\" \/>\n<meta property=\"article:publisher\" content=\"https:\/\/www.facebook.com\/ticaretedutr\" \/>\n<meta property=\"article:modified_time\" content=\"2025-10-17T09:47:33+00:00\" \/>\n<meta name=\"twitter:card\" content=\"summary_large_image\" \/>\n<meta name=\"twitter:site\" content=\"@ticaretedutr\" \/>\n<meta name=\"twitter:label1\" content=\"Tahmini okuma s\u00fcresi\" \/>\n\t<meta name=\"twitter:data1\" content=\"1 dakika\" \/>\n<script type=\"application\/ld+json\" class=\"yoast-schema-graph\">{\"@context\":\"https:\/\/schema.org\",\"@graph\":[{\"@type\":\"WebPage\",\"@id\":\"http:\/\/ticaret.edu.tr\/yonetim-bilisim-sistemleri-ingilizce\/sayisal-bilgiler\/\",\"url\":\"http:\/\/ticaret.edu.tr\/yonetim-bilisim-sistemleri-ingilizce\/sayisal-bilgiler\/\",\"name\":\"Say\u0131sal Bilgiler - Y\u00f6netim Bili\u015fim Sistemleri (\u0130ngilizce)\",\"isPartOf\":{\"@id\":\"http:\/\/ticaret.edu.tr\/yonetim-bilisim-sistemleri-ingilizce\/en\/#website\"},\"datePublished\":\"2025-01-26T20:18:20+00:00\",\"dateModified\":\"2025-10-17T09:47:33+00:00\",\"breadcrumb\":{\"@id\":\"http:\/\/ticaret.edu.tr\/yonetim-bilisim-sistemleri-ingilizce\/sayisal-bilgiler\/#breadcrumb\"},\"inLanguage\":\"tr\",\"potentialAction\":[{\"@type\":\"ReadAction\",\"target\":[\"http:\/\/ticaret.edu.tr\/yonetim-bilisim-sistemleri-ingilizce\/sayisal-bilgiler\/\"]}]},{\"@type\":\"BreadcrumbList\",\"@id\":\"http:\/\/ticaret.edu.tr\/yonetim-bilisim-sistemleri-ingilizce\/sayisal-bilgiler\/#breadcrumb\",\"itemListElement\":[{\"@type\":\"ListItem\",\"position\":1,\"name\":\"Ana sayfa\",\"item\":\"https:\/\/ticaret.edu.tr\/yonetim-bilisim-sistemleri-ingilizce\/\"},{\"@type\":\"ListItem\",\"position\":2,\"name\":\"Say\u0131sal Bilgiler\"}]},{\"@type\":\"WebSite\",\"@id\":\"http:\/\/ticaret.edu.tr\/yonetim-bilisim-sistemleri-ingilizce\/en\/#website\",\"url\":\"http:\/\/ticaret.edu.tr\/yonetim-bilisim-sistemleri-ingilizce\/en\/\",\"name\":\"Y\u00f6netim Bili\u015fim Sistemleri (\u0130ngilizce)\",\"description\":\"\",\"potentialAction\":[{\"@type\":\"SearchAction\",\"target\":{\"@type\":\"EntryPoint\",\"urlTemplate\":\"http:\/\/ticaret.edu.tr\/yonetim-bilisim-sistemleri-ingilizce\/en\/?s={search_term_string}\"},\"query-input\":\"required name=search_term_string\"}],\"inLanguage\":\"tr\"}]}<\/script>\n<!-- \/ Yoast SEO Premium plugin. -->","yoast_head_json":{"title":"Say\u0131sal Bilgiler - Y\u00f6netim Bili\u015fim Sistemleri (\u0130ngilizce)","robots":{"index":"index","follow":"follow","max-snippet":"max-snippet:-1","max-image-preview":"max-image-preview:large","max-video-preview":"max-video-preview:-1"},"canonical":"http:\/\/ticaret.edu.tr\/yonetim-bilisim-sistemleri-ingilizce\/sayisal-bilgiler\/","og_locale":"tr_TR","og_type":"article","og_title":"Say\u0131sal Bilgiler","og_description":"2025-2026 E\u011fitim \u00d6\u011fretim Y\u0131l\u0131 Say\u0131sal Veriler &nbsp; Y\u00f6netim Bili\u015fim Sistemleri B\u00f6l\u00fcm\u00fc \u00d6\u011frenci Say\u0131lar\u0131 S\u0131n\u0131f D\u00fczeyi \u00d6\u011frenci Say\u0131s\u0131 A\u00e7\u0131klama Haz\u0131rl\u0131k S\u0131n\u0131f\u0131 35 \u00d6\u011frenci 1. S\u0131n\u0131f 47 \u00d6\u011frenci 2. S\u0131n\u0131f 34 \u00d6\u011frenci 3. S\u0131n\u0131f 5 \u00d6\u011frenci 4. S\u0131n\u0131f 0 \u00d6\u011frenci Hen\u00fcz \u00f6\u011frencimiz bulunmamaktad\u0131r. &nbsp; &nbsp; 2025 YKS Sonu\u00e7lar\u0131 &#8211; Y\u00f6netim Bili\u015fim Sistemleri (\u0130ngilizce) Programlar\u0131 \u2013 Puan ve [&hellip;]","og_url":"http:\/\/ticaret.edu.tr\/yonetim-bilisim-sistemleri-ingilizce\/sayisal-bilgiler\/","og_site_name":"Y\u00f6netim Bili\u015fim Sistemleri (\u0130ngilizce)","article_publisher":"https:\/\/www.facebook.com\/ticaretedutr","article_modified_time":"2025-10-17T09:47:33+00:00","twitter_card":"summary_large_image","twitter_site":"@ticaretedutr","twitter_misc":{"Tahmini okuma s\u00fcresi":"1 dakika"},"schema":{"@context":"https:\/\/schema.org","@graph":[{"@type":"WebPage","@id":"http:\/\/ticaret.edu.tr\/yonetim-bilisim-sistemleri-ingilizce\/sayisal-bilgiler\/","url":"http:\/\/ticaret.edu.tr\/yonetim-bilisim-sistemleri-ingilizce\/sayisal-bilgiler\/","name":"Say\u0131sal Bilgiler - Y\u00f6netim Bili\u015fim Sistemleri (\u0130ngilizce)","isPartOf":{"@id":"http:\/\/ticaret.edu.tr\/yonetim-bilisim-sistemleri-ingilizce\/en\/#website"},"datePublished":"2025-01-26T20:18:20+00:00","dateModified":"2025-10-17T09:47:33+00:00","breadcrumb":{"@id":"http:\/\/ticaret.edu.tr\/yonetim-bilisim-sistemleri-ingilizce\/sayisal-bilgiler\/#breadcrumb"},"inLanguage":"tr","potentialAction":[{"@type":"ReadAction","target":["http:\/\/ticaret.edu.tr\/yonetim-bilisim-sistemleri-ingilizce\/sayisal-bilgiler\/"]}]},{"@type":"BreadcrumbList","@id":"http:\/\/ticaret.edu.tr\/yonetim-bilisim-sistemleri-ingilizce\/sayisal-bilgiler\/#breadcrumb","itemListElement":[{"@type":"ListItem","position":1,"name":"Ana sayfa","item":"https:\/\/ticaret.edu.tr\/yonetim-bilisim-sistemleri-ingilizce\/"},{"@type":"ListItem","position":2,"name":"Say\u0131sal Bilgiler"}]},{"@type":"WebSite","@id":"http:\/\/ticaret.edu.tr\/yonetim-bilisim-sistemleri-ingilizce\/en\/#website","url":"http:\/\/ticaret.edu.tr\/yonetim-bilisim-sistemleri-ingilizce\/en\/","name":"Y\u00f6netim Bili\u015fim Sistemleri (\u0130ngilizce)","description":"","potentialAction":[{"@type":"SearchAction","target":{"@type":"EntryPoint","urlTemplate":"http:\/\/ticaret.edu.tr\/yonetim-bilisim-sistemleri-ingilizce\/en\/?s={search_term_string}"},"query-input":"required name=search_term_string"}],"inLanguage":"tr"}]}},"lang":"tr","translations":{"en":421,"tr":420},"pll_sync_post":[],"_links":{"self":[{"href":"http:\/\/ticaret.edu.tr\/yonetim-bilisim-sistemleri-ingilizce\/wp-json\/wp\/v2\/pages\/420"}],"collection":[{"href":"http:\/\/ticaret.edu.tr\/yonetim-bilisim-sistemleri-ingilizce\/wp-json\/wp\/v2\/pages"}],"about":[{"href":"http:\/\/ticaret.edu.tr\/yonetim-bilisim-sistemleri-ingilizce\/wp-json\/wp\/v2\/types\/page"}],"author":[{"embeddable":true,"href":"http:\/\/ticaret.edu.tr\/yonetim-bilisim-sistemleri-ingilizce\/wp-json\/wp\/v2\/users\/64"}],"replies":[{"embeddable":true,"href":"http:\/\/ticaret.edu.tr\/yonetim-bilisim-sistemleri-ingilizce\/wp-json\/wp\/v2\/comments?post=420"}],"version-history":[{"count":5,"href":"http:\/\/ticaret.edu.tr\/yonetim-bilisim-sistemleri-ingilizce\/wp-json\/wp\/v2\/pages\/420\/revisions"}],"predecessor-version":[{"id":1514,"href":"http:\/\/ticaret.edu.tr\/yonetim-bilisim-sistemleri-ingilizce\/wp-json\/wp\/v2\/pages\/420\/revisions\/1514"}],"wp:attachment":[{"href":"http:\/\/ticaret.edu.tr\/yonetim-bilisim-sistemleri-ingilizce\/wp-json\/wp\/v2\/media?parent=420"}],"curies":[{"name":"wp","href":"https:\/\/api.w.org\/{rel}","templated":true}]}}