{"id":421,"date":"2025-01-26T23:16:57","date_gmt":"2025-01-26T20:16:57","guid":{"rendered":"https:\/\/ticaret.edu.tr\/yonetim-bilisim-sistemleri-ingilizce\/?page_id=421"},"modified":"2025-10-17T12:46:08","modified_gmt":"2025-10-17T09:46:08","slug":"factual-information","status":"publish","type":"page","link":"http:\/\/ticaret.edu.tr\/yonetim-bilisim-sistemleri-ingilizce\/en\/factual-information\/","title":{"rendered":"Factual Information"},"content":{"rendered":"<h2>2025\u20132026 Academic Year \u2013 Quantitative Data<\/h2>\n<p>&nbsp;<\/p>\n<h3>Number of Students in the Management Information Systems Program<\/h3>\n<table class=\"w-fit min-w-(--thread-content-width)\" style=\"height: 166px\" width=\"577\" data-start=\"224\" data-end=\"510\">\n<thead data-start=\"224\" data-end=\"280\">\n<tr data-start=\"224\" data-end=\"280\">\n<th data-start=\"224\" data-end=\"242\" data-col-size=\"sm\"><strong data-start=\"226\" data-end=\"241\">Class Level<\/strong><\/th>\n<th data-start=\"242\" data-end=\"267\" data-col-size=\"sm\"><strong data-start=\"244\" data-end=\"266\">Number of Students<\/strong><\/th>\n<th data-start=\"267\" data-end=\"280\" data-col-size=\"sm\"><strong data-start=\"269\" data-end=\"278\">Notes<\/strong><\/th>\n<\/tr>\n<\/thead>\n<tbody data-start=\"339\" data-end=\"510\">\n<tr data-start=\"339\" data-end=\"377\">\n<td data-start=\"339\" data-end=\"359\" data-col-size=\"sm\">Preparatory Class<\/td>\n<td data-start=\"359\" data-end=\"373\" data-col-size=\"sm\">35 Students<\/td>\n<td data-start=\"373\" data-end=\"377\" data-col-size=\"sm\"><\/td>\n<\/tr>\n<tr data-start=\"378\" data-end=\"407\">\n<td data-start=\"378\" data-end=\"389\" data-col-size=\"sm\">1st Year<\/td>\n<td data-start=\"389\" data-end=\"403\" data-col-size=\"sm\">47 Students<\/td>\n<td data-start=\"403\" data-end=\"407\" data-col-size=\"sm\"><\/td>\n<\/tr>\n<tr data-start=\"408\" data-end=\"437\">\n<td data-start=\"408\" data-end=\"419\" data-col-size=\"sm\">2nd Year<\/td>\n<td data-start=\"419\" data-end=\"433\" data-col-size=\"sm\">34 Students<\/td>\n<td data-start=\"433\" data-end=\"437\" data-col-size=\"sm\"><\/td>\n<\/tr>\n<tr data-start=\"438\" data-end=\"466\">\n<td data-start=\"438\" data-end=\"449\" data-col-size=\"sm\">3rd Year<\/td>\n<td data-start=\"449\" data-end=\"462\" data-col-size=\"sm\">5 Students<\/td>\n<td data-start=\"462\" data-end=\"466\" data-col-size=\"sm\"><\/td>\n<\/tr>\n<tr data-start=\"467\" data-end=\"510\">\n<td data-start=\"467\" data-end=\"478\" data-col-size=\"sm\">4th Year<\/td>\n<td data-start=\"478\" data-end=\"491\" data-col-size=\"sm\">0 Students<\/td>\n<td data-start=\"491\" data-end=\"510\" data-col-size=\"sm\">No students yet<\/td>\n<\/tr>\n<\/tbody>\n<\/table>\n<p>&nbsp;<\/p>\n<h3>2025 YKS Results &#8211; Management Information Systems (English) Programs \u2013 Score and Quota Information<\/h3>\n<div class=\"_tableContainer_1rjym_1\">\n<div class=\"group _tableWrapper_1rjym_13 flex w-fit flex-col-reverse\">\n<table class=\"w-fit min-w-(--thread-content-width)\" data-start=\"792\" data-end=\"1299\">\n<thead data-start=\"792\" data-end=\"902\">\n<tr data-start=\"792\" data-end=\"902\">\n<th data-start=\"792\" data-end=\"811\" data-col-size=\"md\"><strong data-start=\"794\" data-end=\"810\">Program Name<\/strong><\/th>\n<th data-start=\"811\" data-end=\"828\" data-col-size=\"sm\"><strong data-start=\"813\" data-end=\"827\">Score Type<\/strong><\/th>\n<th data-start=\"828\" data-end=\"840\" data-col-size=\"sm\"><strong data-start=\"830\" data-end=\"839\">Quota<\/strong><\/th>\n<th data-start=\"840\" data-end=\"862\" data-col-size=\"sm\"><strong data-start=\"842\" data-end=\"861\">Placed Students<\/strong><\/th>\n<th data-start=\"862\" data-end=\"881\" data-col-size=\"sm\"><strong data-start=\"864\" data-end=\"880\">Lowest Score<\/strong><\/th>\n<th data-start=\"881\" data-end=\"902\" data-col-size=\"sm\"><strong data-start=\"883\" data-end=\"900\">Highest Score<\/strong><\/th>\n<\/tr>\n<\/thead>\n<tbody data-start=\"1017\" data-end=\"1299\">\n<tr data-start=\"1017\" data-end=\"1112\">\n<td data-start=\"1017\" data-end=\"1078\" data-col-size=\"md\">Management Information Systems (English) (50% Scholarship)<\/td>\n<td data-start=\"1078\" data-end=\"1083\" data-col-size=\"sm\">EA<\/td>\n<td data-start=\"1083\" data-end=\"1088\" data-col-size=\"sm\">25<\/td>\n<td data-start=\"1088\" data-end=\"1093\" data-col-size=\"sm\">25<\/td>\n<td data-start=\"1093\" data-end=\"1102\" data-col-size=\"sm\">330.61<\/td>\n<td data-start=\"1102\" data-end=\"1112\" data-col-size=\"sm\">369.47<\/td>\n<\/tr>\n<tr data-start=\"1113\" data-end=\"1207\">\n<td data-start=\"1113\" data-end=\"1175\" data-col-size=\"md\">Management Information Systems (English) (Full Scholarship)<\/td>\n<td data-col-size=\"sm\" data-start=\"1175\" data-end=\"1180\">EA<\/td>\n<td data-col-size=\"sm\" data-start=\"1180\" data-end=\"1184\">5<\/td>\n<td data-col-size=\"sm\" data-start=\"1184\" data-end=\"1188\">5<\/td>\n<td data-col-size=\"sm\" data-start=\"1188\" data-end=\"1197\">415.97<\/td>\n<td data-col-size=\"sm\" data-start=\"1197\" data-end=\"1207\">431.85<\/td>\n<\/tr>\n<tr data-start=\"1208\" data-end=\"1299\">\n<td data-start=\"1208\" data-end=\"1267\" data-col-size=\"md\">Management Information Systems (English) (Tuition-Based)<\/td>\n<td data-col-size=\"sm\" data-start=\"1267\" data-end=\"1272\">EA<\/td>\n<td data-col-size=\"sm\" data-start=\"1272\" data-end=\"1276\">9<\/td>\n<td data-col-size=\"sm\" data-start=\"1276\" data-end=\"1280\">9<\/td>\n<td data-col-size=\"sm\" data-start=\"1280\" data-end=\"1289\">308.85<\/td>\n<td data-col-size=\"sm\" data-start=\"1289\" data-end=\"1299\">321.39<\/td>\n<\/tr>\n<\/tbody>\n<\/table>\n<\/div>\n<\/div>\n","protected":false},"excerpt":{"rendered":"<p>2025\u20132026 Academic Year \u2013 Quantitative Data &nbsp; Number of Students in the Management Information Systems Program Class Level Number of Students Notes Preparatory Class 35 Students 1st Year 47 Students 2nd Year 34 Students 3rd Year 5 Students 4th Year 0 Students No students yet &nbsp; 2025 YKS Results &#8211; Management Information Systems (English) Programs [&hellip;]<\/p>\n","protected":false},"author":64,"featured_media":0,"parent":0,"menu_order":0,"comment_status":"closed","ping_status":"closed","template":"genel_sayfa.php","meta":{"footnotes":""},"yoast_head":"<!-- This site is optimized with the Yoast SEO Premium plugin v22.1 (Yoast SEO v22.1) - https:\/\/yoast.com\/wordpress\/plugins\/seo\/ -->\n<title>Factual Information - Y\u00f6netim Bili\u015fim Sistemleri (\u0130ngilizce)<\/title>\n<meta name=\"robots\" content=\"index, follow, max-snippet:-1, max-image-preview:large, max-video-preview:-1\" \/>\n<link rel=\"canonical\" href=\"http:\/\/ticaret.edu.tr\/yonetim-bilisim-sistemleri-ingilizce\/en\/factual-information\/\" \/>\n<meta property=\"og:locale\" content=\"tr_TR\" \/>\n<meta property=\"og:type\" content=\"article\" \/>\n<meta property=\"og:title\" content=\"Factual Information\" \/>\n<meta property=\"og:description\" content=\"2025\u20132026 Academic Year \u2013 Quantitative Data &nbsp; Number of Students in the Management Information Systems Program Class Level Number of Students Notes Preparatory Class 35 Students 1st Year 47 Students 2nd Year 34 Students 3rd Year 5 Students 4th Year 0 Students No students yet &nbsp; 2025 YKS Results &#8211; Management Information Systems (English) Programs [&hellip;]\" \/>\n<meta property=\"og:url\" content=\"http:\/\/ticaret.edu.tr\/yonetim-bilisim-sistemleri-ingilizce\/en\/factual-information\/\" \/>\n<meta property=\"og:site_name\" content=\"Y\u00f6netim Bili\u015fim Sistemleri (\u0130ngilizce)\" \/>\n<meta property=\"article:publisher\" content=\"https:\/\/www.facebook.com\/ticaretedutr\" \/>\n<meta property=\"article:modified_time\" content=\"2025-10-17T09:46:08+00:00\" \/>\n<meta name=\"twitter:card\" content=\"summary_large_image\" \/>\n<meta name=\"twitter:site\" content=\"@ticaretedutr\" \/>\n<meta name=\"twitter:label1\" content=\"Tahmini okuma s\u00fcresi\" \/>\n\t<meta name=\"twitter:data1\" content=\"1 dakika\" \/>\n<script type=\"application\/ld+json\" class=\"yoast-schema-graph\">{\"@context\":\"https:\/\/schema.org\",\"@graph\":[{\"@type\":\"WebPage\",\"@id\":\"http:\/\/ticaret.edu.tr\/yonetim-bilisim-sistemleri-ingilizce\/en\/factual-information\/\",\"url\":\"http:\/\/ticaret.edu.tr\/yonetim-bilisim-sistemleri-ingilizce\/en\/factual-information\/\",\"name\":\"Factual Information - Y\u00f6netim Bili\u015fim Sistemleri (\u0130ngilizce)\",\"isPartOf\":{\"@id\":\"http:\/\/ticaret.edu.tr\/yonetim-bilisim-sistemleri-ingilizce\/en\/#website\"},\"datePublished\":\"2025-01-26T20:16:57+00:00\",\"dateModified\":\"2025-10-17T09:46:08+00:00\",\"breadcrumb\":{\"@id\":\"http:\/\/ticaret.edu.tr\/yonetim-bilisim-sistemleri-ingilizce\/en\/factual-information\/#breadcrumb\"},\"inLanguage\":\"tr\",\"potentialAction\":[{\"@type\":\"ReadAction\",\"target\":[\"http:\/\/ticaret.edu.tr\/yonetim-bilisim-sistemleri-ingilizce\/en\/factual-information\/\"]}]},{\"@type\":\"BreadcrumbList\",\"@id\":\"http:\/\/ticaret.edu.tr\/yonetim-bilisim-sistemleri-ingilizce\/en\/factual-information\/#breadcrumb\",\"itemListElement\":[{\"@type\":\"ListItem\",\"position\":1,\"name\":\"Ana sayfa\",\"item\":\"https:\/\/ticaret.edu.tr\/yonetim-bilisim-sistemleri-ingilizce\/\"},{\"@type\":\"ListItem\",\"position\":2,\"name\":\"Factual Information\"}]},{\"@type\":\"WebSite\",\"@id\":\"http:\/\/ticaret.edu.tr\/yonetim-bilisim-sistemleri-ingilizce\/en\/#website\",\"url\":\"http:\/\/ticaret.edu.tr\/yonetim-bilisim-sistemleri-ingilizce\/en\/\",\"name\":\"Y\u00f6netim Bili\u015fim Sistemleri (\u0130ngilizce)\",\"description\":\"\",\"potentialAction\":[{\"@type\":\"SearchAction\",\"target\":{\"@type\":\"EntryPoint\",\"urlTemplate\":\"http:\/\/ticaret.edu.tr\/yonetim-bilisim-sistemleri-ingilizce\/en\/?s={search_term_string}\"},\"query-input\":\"required name=search_term_string\"}],\"inLanguage\":\"tr\"}]}<\/script>\n<!-- \/ Yoast SEO Premium plugin. -->","yoast_head_json":{"title":"Factual Information - Y\u00f6netim Bili\u015fim Sistemleri (\u0130ngilizce)","robots":{"index":"index","follow":"follow","max-snippet":"max-snippet:-1","max-image-preview":"max-image-preview:large","max-video-preview":"max-video-preview:-1"},"canonical":"http:\/\/ticaret.edu.tr\/yonetim-bilisim-sistemleri-ingilizce\/en\/factual-information\/","og_locale":"tr_TR","og_type":"article","og_title":"Factual Information","og_description":"2025\u20132026 Academic Year \u2013 Quantitative Data &nbsp; Number of Students in the Management Information Systems Program Class Level Number of Students Notes Preparatory Class 35 Students 1st Year 47 Students 2nd Year 34 Students 3rd Year 5 Students 4th Year 0 Students No students yet &nbsp; 2025 YKS Results &#8211; Management Information Systems (English) Programs [&hellip;]","og_url":"http:\/\/ticaret.edu.tr\/yonetim-bilisim-sistemleri-ingilizce\/en\/factual-information\/","og_site_name":"Y\u00f6netim Bili\u015fim Sistemleri (\u0130ngilizce)","article_publisher":"https:\/\/www.facebook.com\/ticaretedutr","article_modified_time":"2025-10-17T09:46:08+00:00","twitter_card":"summary_large_image","twitter_site":"@ticaretedutr","twitter_misc":{"Tahmini okuma s\u00fcresi":"1 dakika"},"schema":{"@context":"https:\/\/schema.org","@graph":[{"@type":"WebPage","@id":"http:\/\/ticaret.edu.tr\/yonetim-bilisim-sistemleri-ingilizce\/en\/factual-information\/","url":"http:\/\/ticaret.edu.tr\/yonetim-bilisim-sistemleri-ingilizce\/en\/factual-information\/","name":"Factual Information - Y\u00f6netim Bili\u015fim Sistemleri (\u0130ngilizce)","isPartOf":{"@id":"http:\/\/ticaret.edu.tr\/yonetim-bilisim-sistemleri-ingilizce\/en\/#website"},"datePublished":"2025-01-26T20:16:57+00:00","dateModified":"2025-10-17T09:46:08+00:00","breadcrumb":{"@id":"http:\/\/ticaret.edu.tr\/yonetim-bilisim-sistemleri-ingilizce\/en\/factual-information\/#breadcrumb"},"inLanguage":"tr","potentialAction":[{"@type":"ReadAction","target":["http:\/\/ticaret.edu.tr\/yonetim-bilisim-sistemleri-ingilizce\/en\/factual-information\/"]}]},{"@type":"BreadcrumbList","@id":"http:\/\/ticaret.edu.tr\/yonetim-bilisim-sistemleri-ingilizce\/en\/factual-information\/#breadcrumb","itemListElement":[{"@type":"ListItem","position":1,"name":"Ana sayfa","item":"https:\/\/ticaret.edu.tr\/yonetim-bilisim-sistemleri-ingilizce\/"},{"@type":"ListItem","position":2,"name":"Factual Information"}]},{"@type":"WebSite","@id":"http:\/\/ticaret.edu.tr\/yonetim-bilisim-sistemleri-ingilizce\/en\/#website","url":"http:\/\/ticaret.edu.tr\/yonetim-bilisim-sistemleri-ingilizce\/en\/","name":"Y\u00f6netim Bili\u015fim Sistemleri (\u0130ngilizce)","description":"","potentialAction":[{"@type":"SearchAction","target":{"@type":"EntryPoint","urlTemplate":"http:\/\/ticaret.edu.tr\/yonetim-bilisim-sistemleri-ingilizce\/en\/?s={search_term_string}"},"query-input":"required name=search_term_string"}],"inLanguage":"tr"}]}},"lang":"en","translations":{"en":421,"tr":420},"pll_sync_post":[],"_links":{"self":[{"href":"http:\/\/ticaret.edu.tr\/yonetim-bilisim-sistemleri-ingilizce\/wp-json\/wp\/v2\/pages\/421"}],"collection":[{"href":"http:\/\/ticaret.edu.tr\/yonetim-bilisim-sistemleri-ingilizce\/wp-json\/wp\/v2\/pages"}],"about":[{"href":"http:\/\/ticaret.edu.tr\/yonetim-bilisim-sistemleri-ingilizce\/wp-json\/wp\/v2\/types\/page"}],"author":[{"embeddable":true,"href":"http:\/\/ticaret.edu.tr\/yonetim-bilisim-sistemleri-ingilizce\/wp-json\/wp\/v2\/users\/64"}],"replies":[{"embeddable":true,"href":"http:\/\/ticaret.edu.tr\/yonetim-bilisim-sistemleri-ingilizce\/wp-json\/wp\/v2\/comments?post=421"}],"version-history":[{"count":4,"href":"http:\/\/ticaret.edu.tr\/yonetim-bilisim-sistemleri-ingilizce\/wp-json\/wp\/v2\/pages\/421\/revisions"}],"predecessor-version":[{"id":1513,"href":"http:\/\/ticaret.edu.tr\/yonetim-bilisim-sistemleri-ingilizce\/wp-json\/wp\/v2\/pages\/421\/revisions\/1513"}],"wp:attachment":[{"href":"http:\/\/ticaret.edu.tr\/yonetim-bilisim-sistemleri-ingilizce\/wp-json\/wp\/v2\/media?parent=421"}],"curies":[{"name":"wp","href":"https:\/\/api.w.org\/{rel}","templated":true}]}}