{"id":440,"date":"2025-01-26T23:17:19","date_gmt":"2025-01-26T20:17:19","guid":{"rendered":"https:\/\/ticaret.edu.tr\/yonetim-bilisim-sistemleri-ingilizce\/?page_id=440"},"modified":"2025-10-17T15:43:16","modified_gmt":"2025-10-17T12:43:16","slug":"lisansustu-genel-bilgi","status":"publish","type":"page","link":"http:\/\/ticaret.edu.tr\/yonetim-bilisim-sistemleri-ingilizce\/lisansustu-genel-bilgi\/","title":{"rendered":"Genel Bilgi"},"content":{"rendered":"<p>AR-GE, End\u00fcstri 4.0, inovasyon gibi kavramlarla yeniden \u015fekillenen \u00fcretim, e-ticaret, i\u015fletme analiti\u011fi ve dijital pazarlamadaki uygulamalar ekonomide geleneksel yakla\u015f\u0131mlar\u0131 k\u00f6kl\u00fc bir \u015fekilde etkilemi\u015ftir. Bug\u00fcn i\u015fletmeler bilgi sistemi teknolojileri ile dinamik, etkile\u015fimli, h\u0131zl\u0131 dijitalle\u015fen bir yap\u0131ya do\u011fru d\u00f6n\u00fc\u015f\u00fcrken geleneksel ekonomi ve i\u015fletme yakla\u015f\u0131mlar\u0131 bu konuda yetersiz kalmaktad\u0131r. \u0130\u015fletme, ekonomi gibi bilim dallar\u0131n\u0131n ve disiplinleraras\u0131 ili\u015fkilerin bi\u00e7im de\u011fi\u015ftirdi\u011fi bu d\u00f6nemde y\u00f6netim bilgi sistemlerindeki d\u00f6n\u00fc\u015f\u00fcm\u00fcn daha yak\u0131ndan incelenmesi ve anla\u015f\u0131lmas\u0131 gerekmektedir. Yeni ekonomi \u00e7er\u00e7evesinde makro ve mikro \u00e7evredeki de\u011fi\u015fimlerin i\u015fletme, uluslararas\u0131 ticaret, insan kaynaklar\u0131, finans, operasyon ve tedarik zinciri y\u00f6netimi ba\u015fta olmak \u00fczere bir\u00e7ok bilim dal\u0131ndaki teorik ve pratik uygulamalar\u0131n\u0131n anla\u015f\u0131lmas\u0131 program\u0131n temel ama\u00e7lar\u0131 aras\u0131ndad\u0131r.<\/p>\n<p>\u00dclkemizin k\u00fcresel rekabet avantaj\u0131 yaratma amac\u0131 do\u011frultusunda katma de\u011feri y\u00fcksek de\u011fer zincirine h\u00e2kim ileri teknolojili \u00fcr\u00fcn ve hizmetleri sunan y\u00f6netim organizasyon yap\u0131lar\u0131n\u0131n geli\u015ftirilmesi son derece \u00f6nemlidir. Bu \u00e7er\u00e7evede y\u00f6netim bili\u015fim sistemleri yap\u0131lar\u0131n\u0131n anlat\u0131lmas\u0131 ve anlamland\u0131rmas\u0131 gerekmektedir. Bu ger\u00e7eklik dikkate al\u0131narak \u201cY\u00f6netim Bili\u015fimleri Sistemleri\u201d, i\u015f d\u00fcnyas\u0131nda veriye dayal\u0131 karar ve uygulamalar\u0131 destekleyen ve artan ihtiyaca cevap verebilecek mezunlar\u0131n yeti\u015ftirilmesine imkan sa\u011flayabilecek bir interdisipliner dald\u0131r. Bu b\u00f6l\u00fcm, \u0130ktisat ve \u0130\u015fletme alanlar\u0131n\u0131n yan\u0131nda \u0130\u015fletme Analiti\u011fi, Dijital Ekonomi ve Pazarlama b\u00f6l\u00fcmleri ile ortak dersler olu\u015fturmaktad\u0131r. Y\u00f6netim Bili\u015fim Sistemleri fazlas\u0131yla talep g\u00f6rmeye devam eden bir interdisiplin olmas\u0131 yan\u0131nda, i\u015f d\u00fcnyas\u0131n\u0131n ihtiya\u00e7lar\u0131na cevap vermesi, mevcut programlar\u0131m\u0131zla konuya ili\u015fkin ders deste\u011fi katk\u0131s\u0131 sa\u011flamas\u0131 bak\u0131m\u0131ndan sekt\u00f6r ve akademik payda\u015flar\u0131n taleplerini kar\u015f\u0131lamaktad\u0131r.<\/p>\n","protected":false},"excerpt":{"rendered":"<p>AR-GE, End\u00fcstri 4.0, inovasyon gibi kavramlarla yeniden \u015fekillenen \u00fcretim, e-ticaret, i\u015fletme analiti\u011fi ve dijital pazarlamadaki uygulamalar ekonomide geleneksel yakla\u015f\u0131mlar\u0131 k\u00f6kl\u00fc bir \u015fekilde etkilemi\u015ftir. Bug\u00fcn i\u015fletmeler bilgi sistemi teknolojileri ile dinamik, etkile\u015fimli, h\u0131zl\u0131 dijitalle\u015fen bir yap\u0131ya do\u011fru d\u00f6n\u00fc\u015f\u00fcrken geleneksel ekonomi ve i\u015fletme yakla\u015f\u0131mlar\u0131 bu konuda yetersiz kalmaktad\u0131r. \u0130\u015fletme, ekonomi gibi bilim dallar\u0131n\u0131n ve disiplinleraras\u0131 ili\u015fkilerin bi\u00e7im [&hellip;]<\/p>\n","protected":false},"author":64,"featured_media":0,"parent":0,"menu_order":0,"comment_status":"closed","ping_status":"closed","template":"genel_sayfa.php","meta":{"footnotes":""},"yoast_head":"<!-- This site is optimized with the Yoast SEO Premium plugin v22.1 (Yoast SEO v22.1) - https:\/\/yoast.com\/wordpress\/plugins\/seo\/ -->\n<title>Genel Bilgi - Y\u00f6netim Bili\u015fim Sistemleri (\u0130ngilizce)<\/title>\n<meta name=\"robots\" content=\"index, follow, max-snippet:-1, max-image-preview:large, max-video-preview:-1\" \/>\n<link rel=\"canonical\" href=\"http:\/\/ticaret.edu.tr\/yonetim-bilisim-sistemleri-ingilizce\/lisansustu-genel-bilgi\/\" \/>\n<meta property=\"og:locale\" content=\"tr_TR\" \/>\n<meta property=\"og:type\" content=\"article\" \/>\n<meta property=\"og:title\" content=\"Genel Bilgi\" \/>\n<meta property=\"og:description\" content=\"AR-GE, End\u00fcstri 4.0, inovasyon gibi kavramlarla yeniden \u015fekillenen \u00fcretim, e-ticaret, i\u015fletme analiti\u011fi ve dijital pazarlamadaki uygulamalar ekonomide geleneksel yakla\u015f\u0131mlar\u0131 k\u00f6kl\u00fc bir \u015fekilde etkilemi\u015ftir. Bug\u00fcn i\u015fletmeler bilgi sistemi teknolojileri ile dinamik, etkile\u015fimli, h\u0131zl\u0131 dijitalle\u015fen bir yap\u0131ya do\u011fru d\u00f6n\u00fc\u015f\u00fcrken geleneksel ekonomi ve i\u015fletme yakla\u015f\u0131mlar\u0131 bu konuda yetersiz kalmaktad\u0131r. \u0130\u015fletme, ekonomi gibi bilim dallar\u0131n\u0131n ve disiplinleraras\u0131 ili\u015fkilerin bi\u00e7im [&hellip;]\" \/>\n<meta property=\"og:url\" content=\"http:\/\/ticaret.edu.tr\/yonetim-bilisim-sistemleri-ingilizce\/lisansustu-genel-bilgi\/\" \/>\n<meta property=\"og:site_name\" content=\"Y\u00f6netim Bili\u015fim Sistemleri (\u0130ngilizce)\" \/>\n<meta property=\"article:publisher\" content=\"https:\/\/www.facebook.com\/ticaretedutr\" \/>\n<meta property=\"article:modified_time\" content=\"2025-10-17T12:43:16+00:00\" \/>\n<meta name=\"twitter:card\" content=\"summary_large_image\" \/>\n<meta name=\"twitter:site\" content=\"@ticaretedutr\" \/>\n<meta name=\"twitter:label1\" content=\"Tahmini okuma s\u00fcresi\" \/>\n\t<meta name=\"twitter:data1\" content=\"2 dakika\" \/>\n<script type=\"application\/ld+json\" class=\"yoast-schema-graph\">{\"@context\":\"https:\/\/schema.org\",\"@graph\":[{\"@type\":\"WebPage\",\"@id\":\"http:\/\/ticaret.edu.tr\/yonetim-bilisim-sistemleri-ingilizce\/lisansustu-genel-bilgi\/\",\"url\":\"http:\/\/ticaret.edu.tr\/yonetim-bilisim-sistemleri-ingilizce\/lisansustu-genel-bilgi\/\",\"name\":\"Genel Bilgi - Y\u00f6netim Bili\u015fim Sistemleri (\u0130ngilizce)\",\"isPartOf\":{\"@id\":\"http:\/\/ticaret.edu.tr\/yonetim-bilisim-sistemleri-ingilizce\/en\/#website\"},\"datePublished\":\"2025-01-26T20:17:19+00:00\",\"dateModified\":\"2025-10-17T12:43:16+00:00\",\"breadcrumb\":{\"@id\":\"http:\/\/ticaret.edu.tr\/yonetim-bilisim-sistemleri-ingilizce\/lisansustu-genel-bilgi\/#breadcrumb\"},\"inLanguage\":\"tr\",\"potentialAction\":[{\"@type\":\"ReadAction\",\"target\":[\"http:\/\/ticaret.edu.tr\/yonetim-bilisim-sistemleri-ingilizce\/lisansustu-genel-bilgi\/\"]}]},{\"@type\":\"BreadcrumbList\",\"@id\":\"http:\/\/ticaret.edu.tr\/yonetim-bilisim-sistemleri-ingilizce\/lisansustu-genel-bilgi\/#breadcrumb\",\"itemListElement\":[{\"@type\":\"ListItem\",\"position\":1,\"name\":\"Ana sayfa\",\"item\":\"https:\/\/ticaret.edu.tr\/yonetim-bilisim-sistemleri-ingilizce\/\"},{\"@type\":\"ListItem\",\"position\":2,\"name\":\"Genel Bilgi\"}]},{\"@type\":\"WebSite\",\"@id\":\"http:\/\/ticaret.edu.tr\/yonetim-bilisim-sistemleri-ingilizce\/en\/#website\",\"url\":\"http:\/\/ticaret.edu.tr\/yonetim-bilisim-sistemleri-ingilizce\/en\/\",\"name\":\"Y\u00f6netim Bili\u015fim Sistemleri (\u0130ngilizce)\",\"description\":\"\",\"potentialAction\":[{\"@type\":\"SearchAction\",\"target\":{\"@type\":\"EntryPoint\",\"urlTemplate\":\"http:\/\/ticaret.edu.tr\/yonetim-bilisim-sistemleri-ingilizce\/en\/?s={search_term_string}\"},\"query-input\":\"required name=search_term_string\"}],\"inLanguage\":\"tr\"}]}<\/script>\n<!-- \/ Yoast SEO Premium plugin. -->","yoast_head_json":{"title":"Genel Bilgi - Y\u00f6netim Bili\u015fim Sistemleri (\u0130ngilizce)","robots":{"index":"index","follow":"follow","max-snippet":"max-snippet:-1","max-image-preview":"max-image-preview:large","max-video-preview":"max-video-preview:-1"},"canonical":"http:\/\/ticaret.edu.tr\/yonetim-bilisim-sistemleri-ingilizce\/lisansustu-genel-bilgi\/","og_locale":"tr_TR","og_type":"article","og_title":"Genel Bilgi","og_description":"AR-GE, End\u00fcstri 4.0, inovasyon gibi kavramlarla yeniden \u015fekillenen \u00fcretim, e-ticaret, i\u015fletme analiti\u011fi ve dijital pazarlamadaki uygulamalar ekonomide geleneksel yakla\u015f\u0131mlar\u0131 k\u00f6kl\u00fc bir \u015fekilde etkilemi\u015ftir. Bug\u00fcn i\u015fletmeler bilgi sistemi teknolojileri ile dinamik, etkile\u015fimli, h\u0131zl\u0131 dijitalle\u015fen bir yap\u0131ya do\u011fru d\u00f6n\u00fc\u015f\u00fcrken geleneksel ekonomi ve i\u015fletme yakla\u015f\u0131mlar\u0131 bu konuda yetersiz kalmaktad\u0131r. \u0130\u015fletme, ekonomi gibi bilim dallar\u0131n\u0131n ve disiplinleraras\u0131 ili\u015fkilerin bi\u00e7im [&hellip;]","og_url":"http:\/\/ticaret.edu.tr\/yonetim-bilisim-sistemleri-ingilizce\/lisansustu-genel-bilgi\/","og_site_name":"Y\u00f6netim Bili\u015fim Sistemleri (\u0130ngilizce)","article_publisher":"https:\/\/www.facebook.com\/ticaretedutr","article_modified_time":"2025-10-17T12:43:16+00:00","twitter_card":"summary_large_image","twitter_site":"@ticaretedutr","twitter_misc":{"Tahmini okuma s\u00fcresi":"2 dakika"},"schema":{"@context":"https:\/\/schema.org","@graph":[{"@type":"WebPage","@id":"http:\/\/ticaret.edu.tr\/yonetim-bilisim-sistemleri-ingilizce\/lisansustu-genel-bilgi\/","url":"http:\/\/ticaret.edu.tr\/yonetim-bilisim-sistemleri-ingilizce\/lisansustu-genel-bilgi\/","name":"Genel Bilgi - Y\u00f6netim Bili\u015fim Sistemleri (\u0130ngilizce)","isPartOf":{"@id":"http:\/\/ticaret.edu.tr\/yonetim-bilisim-sistemleri-ingilizce\/en\/#website"},"datePublished":"2025-01-26T20:17:19+00:00","dateModified":"2025-10-17T12:43:16+00:00","breadcrumb":{"@id":"http:\/\/ticaret.edu.tr\/yonetim-bilisim-sistemleri-ingilizce\/lisansustu-genel-bilgi\/#breadcrumb"},"inLanguage":"tr","potentialAction":[{"@type":"ReadAction","target":["http:\/\/ticaret.edu.tr\/yonetim-bilisim-sistemleri-ingilizce\/lisansustu-genel-bilgi\/"]}]},{"@type":"BreadcrumbList","@id":"http:\/\/ticaret.edu.tr\/yonetim-bilisim-sistemleri-ingilizce\/lisansustu-genel-bilgi\/#breadcrumb","itemListElement":[{"@type":"ListItem","position":1,"name":"Ana sayfa","item":"https:\/\/ticaret.edu.tr\/yonetim-bilisim-sistemleri-ingilizce\/"},{"@type":"ListItem","position":2,"name":"Genel Bilgi"}]},{"@type":"WebSite","@id":"http:\/\/ticaret.edu.tr\/yonetim-bilisim-sistemleri-ingilizce\/en\/#website","url":"http:\/\/ticaret.edu.tr\/yonetim-bilisim-sistemleri-ingilizce\/en\/","name":"Y\u00f6netim Bili\u015fim Sistemleri (\u0130ngilizce)","description":"","potentialAction":[{"@type":"SearchAction","target":{"@type":"EntryPoint","urlTemplate":"http:\/\/ticaret.edu.tr\/yonetim-bilisim-sistemleri-ingilizce\/en\/?s={search_term_string}"},"query-input":"required name=search_term_string"}],"inLanguage":"tr"}]}},"lang":"tr","translations":{"en":442,"tr":440},"pll_sync_post":[],"_links":{"self":[{"href":"http:\/\/ticaret.edu.tr\/yonetim-bilisim-sistemleri-ingilizce\/wp-json\/wp\/v2\/pages\/440"}],"collection":[{"href":"http:\/\/ticaret.edu.tr\/yonetim-bilisim-sistemleri-ingilizce\/wp-json\/wp\/v2\/pages"}],"about":[{"href":"http:\/\/ticaret.edu.tr\/yonetim-bilisim-sistemleri-ingilizce\/wp-json\/wp\/v2\/types\/page"}],"author":[{"embeddable":true,"href":"http:\/\/ticaret.edu.tr\/yonetim-bilisim-sistemleri-ingilizce\/wp-json\/wp\/v2\/users\/64"}],"replies":[{"embeddable":true,"href":"http:\/\/ticaret.edu.tr\/yonetim-bilisim-sistemleri-ingilizce\/wp-json\/wp\/v2\/comments?post=440"}],"version-history":[{"count":2,"href":"http:\/\/ticaret.edu.tr\/yonetim-bilisim-sistemleri-ingilizce\/wp-json\/wp\/v2\/pages\/440\/revisions"}],"predecessor-version":[{"id":1531,"href":"http:\/\/ticaret.edu.tr\/yonetim-bilisim-sistemleri-ingilizce\/wp-json\/wp\/v2\/pages\/440\/revisions\/1531"}],"wp:attachment":[{"href":"http:\/\/ticaret.edu.tr\/yonetim-bilisim-sistemleri-ingilizce\/wp-json\/wp\/v2\/media?parent=440"}],"curies":[{"name":"wp","href":"https:\/\/api.w.org\/{rel}","templated":true}]}}