{"id":451,"date":"2025-01-26T23:17:23","date_gmt":"2025-01-26T20:17:23","guid":{"rendered":"https:\/\/ticaret.edu.tr\/yonetim-bilisim-sistemleri-ingilizce\/?page_id=451"},"modified":"2025-10-17T12:28:53","modified_gmt":"2025-10-17T09:28:53","slug":"program-ogretim-ciktilari","status":"publish","type":"page","link":"http:\/\/ticaret.edu.tr\/yonetim-bilisim-sistemleri-ingilizce\/program-ogretim-ciktilari\/","title":{"rendered":"Program \u00d6\u011fretim \u00c7\u0131kt\u0131lar\u0131"},"content":{"rendered":"<h3>B\u00f6l\u00fcm\u00fcm\u00fcz\u00fcn Program \u00d6\u011frenme \u00c7\u0131kt\u0131lar\u0131 (P\u00d6\u00c7) a\u015fa\u011f\u0131daki gibidir:<\/h3>\n<p><strong>P1-<\/strong> Bilgi, sistem ve bili\u015fim sistemlerini kuramsal ve olgusal ba\u011flamda tan\u0131mlar.<\/p>\n<p><strong>P2-<\/strong> \u0130\u015fletmelerde bili\u015fim sistem ve teknolojilerinin kullan\u0131m\u0131na y\u00f6nelik yenilik\u00e7i \u00e7\u00f6z\u00fcmler \u00fcretir.<\/p>\n<p><strong>P3-<\/strong> Bili\u015fim sistemleri, organizasyon, y\u00f6netim ve strateji kavramlar\u0131 aras\u0131ndaki ili\u015fkileri analiz eder.<\/p>\n<p><strong>P4-<\/strong> Veri taban\u0131 tasar\u0131m\u0131, modellemesi ve programlamas\u0131 gibi g\u00fcncel uygulamalara hakim olur.<\/p>\n<p><strong>P5-<\/strong> Bili\u015fim sistemleri arac\u0131l\u0131\u011f\u0131yla organizasyon yap\u0131s\u0131n\u0131 dijital d\u00fcnyan\u0131n dinamikleri ba\u011flam\u0131nda yeniden tasarlar.<\/p>\n<p><strong>P6-<\/strong> Sekt\u00f6re \u00f6zg\u00fc analitik, y\u00f6netsel ve dijital yetkinlikleri b\u00fct\u00fcnle\u015ftirerek g\u00fcncel yakla\u015f\u0131mlar geli\u015ftirir.<\/p>\n","protected":false},"excerpt":{"rendered":"<p>B\u00f6l\u00fcm\u00fcm\u00fcz\u00fcn Program \u00d6\u011frenme \u00c7\u0131kt\u0131lar\u0131 (P\u00d6\u00c7) a\u015fa\u011f\u0131daki gibidir: P1- Bilgi, sistem ve bili\u015fim sistemlerini kuramsal ve olgusal ba\u011flamda tan\u0131mlar. P2- \u0130\u015fletmelerde bili\u015fim sistem ve teknolojilerinin kullan\u0131m\u0131na y\u00f6nelik yenilik\u00e7i \u00e7\u00f6z\u00fcmler \u00fcretir. P3- Bili\u015fim sistemleri, organizasyon, y\u00f6netim ve strateji kavramlar\u0131 aras\u0131ndaki ili\u015fkileri analiz eder. P4- Veri taban\u0131 tasar\u0131m\u0131, modellemesi ve programlamas\u0131 gibi g\u00fcncel uygulamalara hakim olur. P5- Bili\u015fim [&hellip;]<\/p>\n","protected":false},"author":64,"featured_media":0,"parent":0,"menu_order":0,"comment_status":"closed","ping_status":"closed","template":"genel_sayfa.php","meta":{"footnotes":""},"yoast_head":"<!-- This site is optimized with the Yoast SEO Premium plugin v22.1 (Yoast SEO v22.1) - https:\/\/yoast.com\/wordpress\/plugins\/seo\/ -->\n<title>Program \u00d6\u011fretim \u00c7\u0131kt\u0131lar\u0131 - Y\u00f6netim Bili\u015fim Sistemleri (\u0130ngilizce)<\/title>\n<meta name=\"robots\" content=\"index, follow, max-snippet:-1, max-image-preview:large, max-video-preview:-1\" \/>\n<link rel=\"canonical\" href=\"http:\/\/ticaret.edu.tr\/yonetim-bilisim-sistemleri-ingilizce\/program-ogretim-ciktilari\/\" \/>\n<meta property=\"og:locale\" content=\"tr_TR\" \/>\n<meta property=\"og:type\" content=\"article\" \/>\n<meta property=\"og:title\" content=\"Program \u00d6\u011fretim \u00c7\u0131kt\u0131lar\u0131\" \/>\n<meta property=\"og:description\" content=\"B\u00f6l\u00fcm\u00fcm\u00fcz\u00fcn Program \u00d6\u011frenme \u00c7\u0131kt\u0131lar\u0131 (P\u00d6\u00c7) a\u015fa\u011f\u0131daki gibidir: P1- Bilgi, sistem ve bili\u015fim sistemlerini kuramsal ve olgusal ba\u011flamda tan\u0131mlar. P2- \u0130\u015fletmelerde bili\u015fim sistem ve teknolojilerinin kullan\u0131m\u0131na y\u00f6nelik yenilik\u00e7i \u00e7\u00f6z\u00fcmler \u00fcretir. P3- Bili\u015fim sistemleri, organizasyon, y\u00f6netim ve strateji kavramlar\u0131 aras\u0131ndaki ili\u015fkileri analiz eder. P4- Veri taban\u0131 tasar\u0131m\u0131, modellemesi ve programlamas\u0131 gibi g\u00fcncel uygulamalara hakim olur. P5- Bili\u015fim [&hellip;]\" \/>\n<meta property=\"og:url\" content=\"http:\/\/ticaret.edu.tr\/yonetim-bilisim-sistemleri-ingilizce\/program-ogretim-ciktilari\/\" \/>\n<meta property=\"og:site_name\" content=\"Y\u00f6netim Bili\u015fim Sistemleri (\u0130ngilizce)\" \/>\n<meta property=\"article:publisher\" content=\"https:\/\/www.facebook.com\/ticaretedutr\" \/>\n<meta property=\"article:modified_time\" content=\"2025-10-17T09:28:53+00:00\" \/>\n<meta name=\"twitter:card\" content=\"summary_large_image\" \/>\n<meta name=\"twitter:site\" content=\"@ticaretedutr\" \/>\n<meta name=\"twitter:label1\" content=\"Tahmini okuma s\u00fcresi\" \/>\n\t<meta name=\"twitter:data1\" content=\"1 dakika\" \/>\n<script type=\"application\/ld+json\" class=\"yoast-schema-graph\">{\"@context\":\"https:\/\/schema.org\",\"@graph\":[{\"@type\":\"WebPage\",\"@id\":\"http:\/\/ticaret.edu.tr\/yonetim-bilisim-sistemleri-ingilizce\/program-ogretim-ciktilari\/\",\"url\":\"http:\/\/ticaret.edu.tr\/yonetim-bilisim-sistemleri-ingilizce\/program-ogretim-ciktilari\/\",\"name\":\"Program \u00d6\u011fretim \u00c7\u0131kt\u0131lar\u0131 - Y\u00f6netim Bili\u015fim Sistemleri (\u0130ngilizce)\",\"isPartOf\":{\"@id\":\"http:\/\/ticaret.edu.tr\/yonetim-bilisim-sistemleri-ingilizce\/en\/#website\"},\"datePublished\":\"2025-01-26T20:17:23+00:00\",\"dateModified\":\"2025-10-17T09:28:53+00:00\",\"breadcrumb\":{\"@id\":\"http:\/\/ticaret.edu.tr\/yonetim-bilisim-sistemleri-ingilizce\/program-ogretim-ciktilari\/#breadcrumb\"},\"inLanguage\":\"tr\",\"potentialAction\":[{\"@type\":\"ReadAction\",\"target\":[\"http:\/\/ticaret.edu.tr\/yonetim-bilisim-sistemleri-ingilizce\/program-ogretim-ciktilari\/\"]}]},{\"@type\":\"BreadcrumbList\",\"@id\":\"http:\/\/ticaret.edu.tr\/yonetim-bilisim-sistemleri-ingilizce\/program-ogretim-ciktilari\/#breadcrumb\",\"itemListElement\":[{\"@type\":\"ListItem\",\"position\":1,\"name\":\"Ana sayfa\",\"item\":\"https:\/\/ticaret.edu.tr\/yonetim-bilisim-sistemleri-ingilizce\/\"},{\"@type\":\"ListItem\",\"position\":2,\"name\":\"Program \u00d6\u011fretim \u00c7\u0131kt\u0131lar\u0131\"}]},{\"@type\":\"WebSite\",\"@id\":\"http:\/\/ticaret.edu.tr\/yonetim-bilisim-sistemleri-ingilizce\/en\/#website\",\"url\":\"http:\/\/ticaret.edu.tr\/yonetim-bilisim-sistemleri-ingilizce\/en\/\",\"name\":\"Y\u00f6netim Bili\u015fim Sistemleri (\u0130ngilizce)\",\"description\":\"\",\"potentialAction\":[{\"@type\":\"SearchAction\",\"target\":{\"@type\":\"EntryPoint\",\"urlTemplate\":\"http:\/\/ticaret.edu.tr\/yonetim-bilisim-sistemleri-ingilizce\/en\/?s={search_term_string}\"},\"query-input\":\"required name=search_term_string\"}],\"inLanguage\":\"tr\"}]}<\/script>\n<!-- \/ Yoast SEO Premium plugin. -->","yoast_head_json":{"title":"Program \u00d6\u011fretim \u00c7\u0131kt\u0131lar\u0131 - Y\u00f6netim Bili\u015fim Sistemleri (\u0130ngilizce)","robots":{"index":"index","follow":"follow","max-snippet":"max-snippet:-1","max-image-preview":"max-image-preview:large","max-video-preview":"max-video-preview:-1"},"canonical":"http:\/\/ticaret.edu.tr\/yonetim-bilisim-sistemleri-ingilizce\/program-ogretim-ciktilari\/","og_locale":"tr_TR","og_type":"article","og_title":"Program \u00d6\u011fretim \u00c7\u0131kt\u0131lar\u0131","og_description":"B\u00f6l\u00fcm\u00fcm\u00fcz\u00fcn Program \u00d6\u011frenme \u00c7\u0131kt\u0131lar\u0131 (P\u00d6\u00c7) a\u015fa\u011f\u0131daki gibidir: P1- Bilgi, sistem ve bili\u015fim sistemlerini kuramsal ve olgusal ba\u011flamda tan\u0131mlar. P2- \u0130\u015fletmelerde bili\u015fim sistem ve teknolojilerinin kullan\u0131m\u0131na y\u00f6nelik yenilik\u00e7i \u00e7\u00f6z\u00fcmler \u00fcretir. P3- Bili\u015fim sistemleri, organizasyon, y\u00f6netim ve strateji kavramlar\u0131 aras\u0131ndaki ili\u015fkileri analiz eder. P4- Veri taban\u0131 tasar\u0131m\u0131, modellemesi ve programlamas\u0131 gibi g\u00fcncel uygulamalara hakim olur. P5- Bili\u015fim [&hellip;]","og_url":"http:\/\/ticaret.edu.tr\/yonetim-bilisim-sistemleri-ingilizce\/program-ogretim-ciktilari\/","og_site_name":"Y\u00f6netim Bili\u015fim Sistemleri (\u0130ngilizce)","article_publisher":"https:\/\/www.facebook.com\/ticaretedutr","article_modified_time":"2025-10-17T09:28:53+00:00","twitter_card":"summary_large_image","twitter_site":"@ticaretedutr","twitter_misc":{"Tahmini okuma s\u00fcresi":"1 dakika"},"schema":{"@context":"https:\/\/schema.org","@graph":[{"@type":"WebPage","@id":"http:\/\/ticaret.edu.tr\/yonetim-bilisim-sistemleri-ingilizce\/program-ogretim-ciktilari\/","url":"http:\/\/ticaret.edu.tr\/yonetim-bilisim-sistemleri-ingilizce\/program-ogretim-ciktilari\/","name":"Program \u00d6\u011fretim \u00c7\u0131kt\u0131lar\u0131 - Y\u00f6netim Bili\u015fim Sistemleri (\u0130ngilizce)","isPartOf":{"@id":"http:\/\/ticaret.edu.tr\/yonetim-bilisim-sistemleri-ingilizce\/en\/#website"},"datePublished":"2025-01-26T20:17:23+00:00","dateModified":"2025-10-17T09:28:53+00:00","breadcrumb":{"@id":"http:\/\/ticaret.edu.tr\/yonetim-bilisim-sistemleri-ingilizce\/program-ogretim-ciktilari\/#breadcrumb"},"inLanguage":"tr","potentialAction":[{"@type":"ReadAction","target":["http:\/\/ticaret.edu.tr\/yonetim-bilisim-sistemleri-ingilizce\/program-ogretim-ciktilari\/"]}]},{"@type":"BreadcrumbList","@id":"http:\/\/ticaret.edu.tr\/yonetim-bilisim-sistemleri-ingilizce\/program-ogretim-ciktilari\/#breadcrumb","itemListElement":[{"@type":"ListItem","position":1,"name":"Ana sayfa","item":"https:\/\/ticaret.edu.tr\/yonetim-bilisim-sistemleri-ingilizce\/"},{"@type":"ListItem","position":2,"name":"Program \u00d6\u011fretim \u00c7\u0131kt\u0131lar\u0131"}]},{"@type":"WebSite","@id":"http:\/\/ticaret.edu.tr\/yonetim-bilisim-sistemleri-ingilizce\/en\/#website","url":"http:\/\/ticaret.edu.tr\/yonetim-bilisim-sistemleri-ingilizce\/en\/","name":"Y\u00f6netim Bili\u015fim Sistemleri (\u0130ngilizce)","description":"","potentialAction":[{"@type":"SearchAction","target":{"@type":"EntryPoint","urlTemplate":"http:\/\/ticaret.edu.tr\/yonetim-bilisim-sistemleri-ingilizce\/en\/?s={search_term_string}"},"query-input":"required name=search_term_string"}],"inLanguage":"tr"}]}},"lang":"tr","translations":{"en":453,"tr":451},"pll_sync_post":[],"_links":{"self":[{"href":"http:\/\/ticaret.edu.tr\/yonetim-bilisim-sistemleri-ingilizce\/wp-json\/wp\/v2\/pages\/451"}],"collection":[{"href":"http:\/\/ticaret.edu.tr\/yonetim-bilisim-sistemleri-ingilizce\/wp-json\/wp\/v2\/pages"}],"about":[{"href":"http:\/\/ticaret.edu.tr\/yonetim-bilisim-sistemleri-ingilizce\/wp-json\/wp\/v2\/types\/page"}],"author":[{"embeddable":true,"href":"http:\/\/ticaret.edu.tr\/yonetim-bilisim-sistemleri-ingilizce\/wp-json\/wp\/v2\/users\/64"}],"replies":[{"embeddable":true,"href":"http:\/\/ticaret.edu.tr\/yonetim-bilisim-sistemleri-ingilizce\/wp-json\/wp\/v2\/comments?post=451"}],"version-history":[{"count":2,"href":"http:\/\/ticaret.edu.tr\/yonetim-bilisim-sistemleri-ingilizce\/wp-json\/wp\/v2\/pages\/451\/revisions"}],"predecessor-version":[{"id":1499,"href":"http:\/\/ticaret.edu.tr\/yonetim-bilisim-sistemleri-ingilizce\/wp-json\/wp\/v2\/pages\/451\/revisions\/1499"}],"wp:attachment":[{"href":"http:\/\/ticaret.edu.tr\/yonetim-bilisim-sistemleri-ingilizce\/wp-json\/wp\/v2\/media?parent=451"}],"curies":[{"name":"wp","href":"https:\/\/api.w.org\/{rel}","templated":true}]}}