{"id":465,"date":"2025-01-26T23:17:29","date_gmt":"2025-01-26T20:17:29","guid":{"rendered":"https:\/\/ticaret.edu.tr\/yonetim-bilisim-sistemleri-ingilizce\/?page_id=465"},"modified":"2025-02-24T13:50:42","modified_gmt":"2025-02-24T10:50:42","slug":"kazanilan-derece-gereklilikleri-ve-kurallar","status":"publish","type":"page","link":"http:\/\/ticaret.edu.tr\/yonetim-bilisim-sistemleri-ingilizce\/kazanilan-derece-gereklilikleri-ve-kurallar\/","title":{"rendered":"Kazan\u0131lan Derece Gereklilikleri ve Kurallar"},"content":{"rendered":"<p>Program m\u00fcfredat\u0131nda mevcut olan (<strong>toplam 240 AKTS<\/strong>) derslerin t\u00fcm\u00fcn\u00fc ba\u015far\u0131yla tamamlamak i\u00e7in \u00f6\u011frenciler <strong>4.00 \u00fczerinden en az 2.00 a\u011f\u0131rl\u0131kl\u0131 not ortalamas\u0131 elde etmek<\/strong> zorundad\u0131rlar. \u00d6\u011frencilerin mezun olabilmeleri i\u00e7in \u00f6\u011fretim programlar\u0131nda \u00f6ng\u00f6r\u00fclen t\u00fcm derslerden en az DF notu alarak ba\u015far\u0131l\u0131 olmalar\u0131 gerekmektedir. Ek olarak G\u00fcz ve Bahar d\u00f6neminde birer tane olmak \u00fczere iki ayr\u0131 <strong>zorunlu Staj dersi<\/strong> kapsam\u0131nda stajlar\u0131n\u0131 tamamlamal\u0131d\u0131r.<\/p>\n","protected":false},"excerpt":{"rendered":"<p>Program m\u00fcfredat\u0131nda mevcut olan (toplam 240 AKTS) derslerin t\u00fcm\u00fcn\u00fc ba\u015far\u0131yla tamamlamak i\u00e7in \u00f6\u011frenciler 4.00 \u00fczerinden en az 2.00 a\u011f\u0131rl\u0131kl\u0131 not ortalamas\u0131 elde etmek zorundad\u0131rlar. \u00d6\u011frencilerin mezun olabilmeleri i\u00e7in \u00f6\u011fretim programlar\u0131nda \u00f6ng\u00f6r\u00fclen t\u00fcm derslerden en az DF notu alarak ba\u015far\u0131l\u0131 olmalar\u0131 gerekmektedir. Ek olarak G\u00fcz ve Bahar d\u00f6neminde birer tane olmak \u00fczere iki ayr\u0131 zorunlu Staj [&hellip;]<\/p>\n","protected":false},"author":64,"featured_media":0,"parent":0,"menu_order":0,"comment_status":"closed","ping_status":"closed","template":"genel_sayfa.php","meta":{"footnotes":""},"yoast_head":"<!-- This site is optimized with the Yoast SEO Premium plugin v22.1 (Yoast SEO v22.1) - https:\/\/yoast.com\/wordpress\/plugins\/seo\/ -->\n<title>Kazan\u0131lan Derece Gereklilikleri ve Kurallar - Y\u00f6netim Bili\u015fim Sistemleri (\u0130ngilizce)<\/title>\n<meta name=\"description\" content=\"240 AKTS&#039;lik ders say\u0131s\u0131n\u0131 ba\u015far\u0131yla tamamlamak, 4.00 \u00fczerinden en az 2.00 GNO elde etmek ve zorunlu Staj derslerini tamamlamak.\" \/>\n<meta name=\"robots\" content=\"index, follow, max-snippet:-1, max-image-preview:large, max-video-preview:-1\" \/>\n<link rel=\"canonical\" href=\"http:\/\/ticaret.edu.tr\/yonetim-bilisim-sistemleri-ingilizce\/kazanilan-derece-gereklilikleri-ve-kurallar\/\" \/>\n<meta property=\"og:locale\" content=\"tr_TR\" \/>\n<meta property=\"og:type\" content=\"article\" \/>\n<meta property=\"og:title\" content=\"Kazan\u0131lan Derece Gereklilikleri ve Kurallar\" \/>\n<meta property=\"og:description\" content=\"240 AKTS&#039;lik ders say\u0131s\u0131n\u0131 ba\u015far\u0131yla tamamlamak, 4.00 \u00fczerinden en az 2.00 GNO elde etmek ve zorunlu Staj derslerini tamamlamak.\" \/>\n<meta property=\"og:url\" content=\"http:\/\/ticaret.edu.tr\/yonetim-bilisim-sistemleri-ingilizce\/kazanilan-derece-gereklilikleri-ve-kurallar\/\" \/>\n<meta property=\"og:site_name\" content=\"Y\u00f6netim Bili\u015fim Sistemleri (\u0130ngilizce)\" \/>\n<meta property=\"article:publisher\" content=\"https:\/\/www.facebook.com\/ticaretedutr\" \/>\n<meta property=\"article:modified_time\" content=\"2025-02-24T10:50:42+00:00\" \/>\n<meta name=\"twitter:card\" content=\"summary_large_image\" \/>\n<meta name=\"twitter:site\" content=\"@ticaretedutr\" \/>\n<meta name=\"twitter:label1\" content=\"Tahmini okuma s\u00fcresi\" \/>\n\t<meta name=\"twitter:data1\" content=\"1 dakika\" \/>\n<script type=\"application\/ld+json\" class=\"yoast-schema-graph\">{\"@context\":\"https:\/\/schema.org\",\"@graph\":[{\"@type\":\"WebPage\",\"@id\":\"http:\/\/ticaret.edu.tr\/yonetim-bilisim-sistemleri-ingilizce\/kazanilan-derece-gereklilikleri-ve-kurallar\/\",\"url\":\"http:\/\/ticaret.edu.tr\/yonetim-bilisim-sistemleri-ingilizce\/kazanilan-derece-gereklilikleri-ve-kurallar\/\",\"name\":\"Kazan\u0131lan Derece Gereklilikleri ve Kurallar - Y\u00f6netim Bili\u015fim Sistemleri (\u0130ngilizce)\",\"isPartOf\":{\"@id\":\"http:\/\/ticaret.edu.tr\/yonetim-bilisim-sistemleri-ingilizce\/en\/#website\"},\"datePublished\":\"2025-01-26T20:17:29+00:00\",\"dateModified\":\"2025-02-24T10:50:42+00:00\",\"description\":\"240 AKTS'lik ders say\u0131s\u0131n\u0131 ba\u015far\u0131yla tamamlamak, 4.00 \u00fczerinden en az 2.00 GNO elde etmek ve zorunlu Staj derslerini tamamlamak.\",\"breadcrumb\":{\"@id\":\"http:\/\/ticaret.edu.tr\/yonetim-bilisim-sistemleri-ingilizce\/kazanilan-derece-gereklilikleri-ve-kurallar\/#breadcrumb\"},\"inLanguage\":\"tr\",\"potentialAction\":[{\"@type\":\"ReadAction\",\"target\":[\"http:\/\/ticaret.edu.tr\/yonetim-bilisim-sistemleri-ingilizce\/kazanilan-derece-gereklilikleri-ve-kurallar\/\"]}]},{\"@type\":\"BreadcrumbList\",\"@id\":\"http:\/\/ticaret.edu.tr\/yonetim-bilisim-sistemleri-ingilizce\/kazanilan-derece-gereklilikleri-ve-kurallar\/#breadcrumb\",\"itemListElement\":[{\"@type\":\"ListItem\",\"position\":1,\"name\":\"Ana sayfa\",\"item\":\"https:\/\/ticaret.edu.tr\/yonetim-bilisim-sistemleri-ingilizce\/\"},{\"@type\":\"ListItem\",\"position\":2,\"name\":\"Kazan\u0131lan Derece Gereklilikleri ve Kurallar\"}]},{\"@type\":\"WebSite\",\"@id\":\"http:\/\/ticaret.edu.tr\/yonetim-bilisim-sistemleri-ingilizce\/en\/#website\",\"url\":\"http:\/\/ticaret.edu.tr\/yonetim-bilisim-sistemleri-ingilizce\/en\/\",\"name\":\"Y\u00f6netim Bili\u015fim Sistemleri (\u0130ngilizce)\",\"description\":\"\",\"potentialAction\":[{\"@type\":\"SearchAction\",\"target\":{\"@type\":\"EntryPoint\",\"urlTemplate\":\"http:\/\/ticaret.edu.tr\/yonetim-bilisim-sistemleri-ingilizce\/en\/?s={search_term_string}\"},\"query-input\":\"required name=search_term_string\"}],\"inLanguage\":\"tr\"}]}<\/script>\n<!-- \/ Yoast SEO Premium plugin. -->","yoast_head_json":{"title":"Kazan\u0131lan Derece Gereklilikleri ve Kurallar - Y\u00f6netim Bili\u015fim Sistemleri (\u0130ngilizce)","description":"240 AKTS'lik ders say\u0131s\u0131n\u0131 ba\u015far\u0131yla tamamlamak, 4.00 \u00fczerinden en az 2.00 GNO elde etmek ve zorunlu Staj derslerini tamamlamak.","robots":{"index":"index","follow":"follow","max-snippet":"max-snippet:-1","max-image-preview":"max-image-preview:large","max-video-preview":"max-video-preview:-1"},"canonical":"http:\/\/ticaret.edu.tr\/yonetim-bilisim-sistemleri-ingilizce\/kazanilan-derece-gereklilikleri-ve-kurallar\/","og_locale":"tr_TR","og_type":"article","og_title":"Kazan\u0131lan Derece Gereklilikleri ve Kurallar","og_description":"240 AKTS'lik ders say\u0131s\u0131n\u0131 ba\u015far\u0131yla tamamlamak, 4.00 \u00fczerinden en az 2.00 GNO elde etmek ve zorunlu Staj derslerini tamamlamak.","og_url":"http:\/\/ticaret.edu.tr\/yonetim-bilisim-sistemleri-ingilizce\/kazanilan-derece-gereklilikleri-ve-kurallar\/","og_site_name":"Y\u00f6netim Bili\u015fim Sistemleri (\u0130ngilizce)","article_publisher":"https:\/\/www.facebook.com\/ticaretedutr","article_modified_time":"2025-02-24T10:50:42+00:00","twitter_card":"summary_large_image","twitter_site":"@ticaretedutr","twitter_misc":{"Tahmini okuma s\u00fcresi":"1 dakika"},"schema":{"@context":"https:\/\/schema.org","@graph":[{"@type":"WebPage","@id":"http:\/\/ticaret.edu.tr\/yonetim-bilisim-sistemleri-ingilizce\/kazanilan-derece-gereklilikleri-ve-kurallar\/","url":"http:\/\/ticaret.edu.tr\/yonetim-bilisim-sistemleri-ingilizce\/kazanilan-derece-gereklilikleri-ve-kurallar\/","name":"Kazan\u0131lan Derece Gereklilikleri ve Kurallar - Y\u00f6netim Bili\u015fim Sistemleri (\u0130ngilizce)","isPartOf":{"@id":"http:\/\/ticaret.edu.tr\/yonetim-bilisim-sistemleri-ingilizce\/en\/#website"},"datePublished":"2025-01-26T20:17:29+00:00","dateModified":"2025-02-24T10:50:42+00:00","description":"240 AKTS'lik ders say\u0131s\u0131n\u0131 ba\u015far\u0131yla tamamlamak, 4.00 \u00fczerinden en az 2.00 GNO elde etmek ve zorunlu Staj derslerini tamamlamak.","breadcrumb":{"@id":"http:\/\/ticaret.edu.tr\/yonetim-bilisim-sistemleri-ingilizce\/kazanilan-derece-gereklilikleri-ve-kurallar\/#breadcrumb"},"inLanguage":"tr","potentialAction":[{"@type":"ReadAction","target":["http:\/\/ticaret.edu.tr\/yonetim-bilisim-sistemleri-ingilizce\/kazanilan-derece-gereklilikleri-ve-kurallar\/"]}]},{"@type":"BreadcrumbList","@id":"http:\/\/ticaret.edu.tr\/yonetim-bilisim-sistemleri-ingilizce\/kazanilan-derece-gereklilikleri-ve-kurallar\/#breadcrumb","itemListElement":[{"@type":"ListItem","position":1,"name":"Ana sayfa","item":"https:\/\/ticaret.edu.tr\/yonetim-bilisim-sistemleri-ingilizce\/"},{"@type":"ListItem","position":2,"name":"Kazan\u0131lan Derece Gereklilikleri ve Kurallar"}]},{"@type":"WebSite","@id":"http:\/\/ticaret.edu.tr\/yonetim-bilisim-sistemleri-ingilizce\/en\/#website","url":"http:\/\/ticaret.edu.tr\/yonetim-bilisim-sistemleri-ingilizce\/en\/","name":"Y\u00f6netim Bili\u015fim Sistemleri (\u0130ngilizce)","description":"","potentialAction":[{"@type":"SearchAction","target":{"@type":"EntryPoint","urlTemplate":"http:\/\/ticaret.edu.tr\/yonetim-bilisim-sistemleri-ingilizce\/en\/?s={search_term_string}"},"query-input":"required name=search_term_string"}],"inLanguage":"tr"}]}},"lang":"tr","translations":{"en":1053,"tr":465},"pll_sync_post":[],"_links":{"self":[{"href":"http:\/\/ticaret.edu.tr\/yonetim-bilisim-sistemleri-ingilizce\/wp-json\/wp\/v2\/pages\/465"}],"collection":[{"href":"http:\/\/ticaret.edu.tr\/yonetim-bilisim-sistemleri-ingilizce\/wp-json\/wp\/v2\/pages"}],"about":[{"href":"http:\/\/ticaret.edu.tr\/yonetim-bilisim-sistemleri-ingilizce\/wp-json\/wp\/v2\/types\/page"}],"author":[{"embeddable":true,"href":"http:\/\/ticaret.edu.tr\/yonetim-bilisim-sistemleri-ingilizce\/wp-json\/wp\/v2\/users\/64"}],"replies":[{"embeddable":true,"href":"http:\/\/ticaret.edu.tr\/yonetim-bilisim-sistemleri-ingilizce\/wp-json\/wp\/v2\/comments?post=465"}],"version-history":[{"count":3,"href":"http:\/\/ticaret.edu.tr\/yonetim-bilisim-sistemleri-ingilizce\/wp-json\/wp\/v2\/pages\/465\/revisions"}],"predecessor-version":[{"id":1051,"href":"http:\/\/ticaret.edu.tr\/yonetim-bilisim-sistemleri-ingilizce\/wp-json\/wp\/v2\/pages\/465\/revisions\/1051"}],"wp:attachment":[{"href":"http:\/\/ticaret.edu.tr\/yonetim-bilisim-sistemleri-ingilizce\/wp-json\/wp\/v2\/media?parent=465"}],"curies":[{"name":"wp","href":"https:\/\/api.w.org\/{rel}","templated":true}]}}