{"id":469,"date":"2025-01-26T23:17:31","date_gmt":"2025-01-26T20:17:31","guid":{"rendered":"https:\/\/ticaret.edu.tr\/yonetim-bilisim-sistemleri-ingilizce\/?page_id=469"},"modified":"2025-02-24T13:50:48","modified_gmt":"2025-02-24T10:50:48","slug":"mezuniyet-kosullari","status":"publish","type":"page","link":"http:\/\/ticaret.edu.tr\/yonetim-bilisim-sistemleri-ingilizce\/mezuniyet-kosullari\/","title":{"rendered":"Mezuniyet Ko\u015fullar\u0131"},"content":{"rendered":"<p>\u00d6\u011frenci kay\u0131t oldu\u011fu program\u0131n ders planlar\u0131nda yer alan derslere yaz\u0131larak bu dersleri ba\u015farm\u0131\u015f, \u0130stanbul Ticaret \u00dcniversitesi<strong> Lisans E\u011fitim ve \u00d6\u011fretim ve S\u0131nav Y\u00f6netmeli\u011fi\u2019nde g\u00f6sterilen staj ve tasar\u0131m projesi \/bitirme \u00f6devi gibi \u00e7al\u0131\u015fmalar\u0131 ba\u015far\u0131 ile bitirmi\u015f ve GANO\u2019su en az 2.00 olan \u00f6\u011frenciler<\/strong> \u00dcniversite e\u011fitim-\u00f6\u011fretimini tamamlam\u0131\u015f say\u0131l\u0131rlar.<\/p>\n","protected":false},"excerpt":{"rendered":"<p>\u00d6\u011frenci kay\u0131t oldu\u011fu program\u0131n ders planlar\u0131nda yer alan derslere yaz\u0131larak bu dersleri ba\u015farm\u0131\u015f, \u0130stanbul Ticaret \u00dcniversitesi Lisans E\u011fitim ve \u00d6\u011fretim ve S\u0131nav Y\u00f6netmeli\u011fi\u2019nde g\u00f6sterilen staj ve tasar\u0131m projesi \/bitirme \u00f6devi gibi \u00e7al\u0131\u015fmalar\u0131 ba\u015far\u0131 ile bitirmi\u015f ve GANO\u2019su en az 2.00 olan \u00f6\u011frenciler \u00dcniversite e\u011fitim-\u00f6\u011fretimini tamamlam\u0131\u015f say\u0131l\u0131rlar.<\/p>\n","protected":false},"author":64,"featured_media":0,"parent":0,"menu_order":0,"comment_status":"closed","ping_status":"closed","template":"genel_sayfa.php","meta":{"footnotes":""},"yoast_head":"<!-- This site is optimized with the Yoast SEO Premium plugin v22.1 (Yoast SEO v22.1) - https:\/\/yoast.com\/wordpress\/plugins\/seo\/ -->\n<title>Mezuniyet Ko\u015fullar\u0131 - Y\u00f6netim Bili\u015fim Sistemleri (\u0130ngilizce)<\/title>\n<meta name=\"description\" content=\"Lisans E\u011fitim ve \u00d6\u011fretim ve S\u0131nav Y\u00f6netmeli\u011fi\u2019nde g\u00f6sterilen staj ve tasar\u0131m projesi \/bitirme \u00f6devi gibi \u00e7al\u0131\u015fmalar\u0131 ba\u015far\u0131 ile bitirmi\u015f ve GANO\u2019su en az 2.00 olan \u00f6\u011frenciler\" \/>\n<meta name=\"robots\" content=\"index, follow, max-snippet:-1, max-image-preview:large, max-video-preview:-1\" \/>\n<link rel=\"canonical\" href=\"http:\/\/ticaret.edu.tr\/yonetim-bilisim-sistemleri-ingilizce\/mezuniyet-kosullari\/\" \/>\n<meta property=\"og:locale\" content=\"tr_TR\" \/>\n<meta property=\"og:type\" content=\"article\" \/>\n<meta property=\"og:title\" content=\"Mezuniyet Ko\u015fullar\u0131\" \/>\n<meta property=\"og:description\" content=\"Lisans E\u011fitim ve \u00d6\u011fretim ve S\u0131nav Y\u00f6netmeli\u011fi\u2019nde g\u00f6sterilen staj ve tasar\u0131m projesi \/bitirme \u00f6devi gibi \u00e7al\u0131\u015fmalar\u0131 ba\u015far\u0131 ile bitirmi\u015f ve GANO\u2019su en az 2.00 olan \u00f6\u011frenciler\" \/>\n<meta property=\"og:url\" content=\"http:\/\/ticaret.edu.tr\/yonetim-bilisim-sistemleri-ingilizce\/mezuniyet-kosullari\/\" \/>\n<meta property=\"og:site_name\" content=\"Y\u00f6netim Bili\u015fim Sistemleri (\u0130ngilizce)\" \/>\n<meta property=\"article:publisher\" content=\"https:\/\/www.facebook.com\/ticaretedutr\" \/>\n<meta property=\"article:modified_time\" content=\"2025-02-24T10:50:48+00:00\" \/>\n<meta name=\"twitter:card\" content=\"summary_large_image\" \/>\n<meta name=\"twitter:site\" content=\"@ticaretedutr\" \/>\n<meta name=\"twitter:label1\" content=\"Tahmini okuma s\u00fcresi\" \/>\n\t<meta name=\"twitter:data1\" content=\"1 dakika\" \/>\n<script type=\"application\/ld+json\" class=\"yoast-schema-graph\">{\"@context\":\"https:\/\/schema.org\",\"@graph\":[{\"@type\":\"WebPage\",\"@id\":\"http:\/\/ticaret.edu.tr\/yonetim-bilisim-sistemleri-ingilizce\/mezuniyet-kosullari\/\",\"url\":\"http:\/\/ticaret.edu.tr\/yonetim-bilisim-sistemleri-ingilizce\/mezuniyet-kosullari\/\",\"name\":\"Mezuniyet Ko\u015fullar\u0131 - Y\u00f6netim Bili\u015fim Sistemleri (\u0130ngilizce)\",\"isPartOf\":{\"@id\":\"http:\/\/ticaret.edu.tr\/yonetim-bilisim-sistemleri-ingilizce\/en\/#website\"},\"datePublished\":\"2025-01-26T20:17:31+00:00\",\"dateModified\":\"2025-02-24T10:50:48+00:00\",\"description\":\"Lisans E\u011fitim ve \u00d6\u011fretim ve S\u0131nav Y\u00f6netmeli\u011fi\u2019nde g\u00f6sterilen staj ve tasar\u0131m projesi \/bitirme \u00f6devi gibi \u00e7al\u0131\u015fmalar\u0131 ba\u015far\u0131 ile bitirmi\u015f ve GANO\u2019su en az 2.00 olan \u00f6\u011frenciler\",\"breadcrumb\":{\"@id\":\"http:\/\/ticaret.edu.tr\/yonetim-bilisim-sistemleri-ingilizce\/mezuniyet-kosullari\/#breadcrumb\"},\"inLanguage\":\"tr\",\"potentialAction\":[{\"@type\":\"ReadAction\",\"target\":[\"http:\/\/ticaret.edu.tr\/yonetim-bilisim-sistemleri-ingilizce\/mezuniyet-kosullari\/\"]}]},{\"@type\":\"BreadcrumbList\",\"@id\":\"http:\/\/ticaret.edu.tr\/yonetim-bilisim-sistemleri-ingilizce\/mezuniyet-kosullari\/#breadcrumb\",\"itemListElement\":[{\"@type\":\"ListItem\",\"position\":1,\"name\":\"Ana sayfa\",\"item\":\"https:\/\/ticaret.edu.tr\/yonetim-bilisim-sistemleri-ingilizce\/\"},{\"@type\":\"ListItem\",\"position\":2,\"name\":\"Mezuniyet Ko\u015fullar\u0131\"}]},{\"@type\":\"WebSite\",\"@id\":\"http:\/\/ticaret.edu.tr\/yonetim-bilisim-sistemleri-ingilizce\/en\/#website\",\"url\":\"http:\/\/ticaret.edu.tr\/yonetim-bilisim-sistemleri-ingilizce\/en\/\",\"name\":\"Y\u00f6netim Bili\u015fim Sistemleri (\u0130ngilizce)\",\"description\":\"\",\"potentialAction\":[{\"@type\":\"SearchAction\",\"target\":{\"@type\":\"EntryPoint\",\"urlTemplate\":\"http:\/\/ticaret.edu.tr\/yonetim-bilisim-sistemleri-ingilizce\/en\/?s={search_term_string}\"},\"query-input\":\"required name=search_term_string\"}],\"inLanguage\":\"tr\"}]}<\/script>\n<!-- \/ Yoast SEO Premium plugin. -->","yoast_head_json":{"title":"Mezuniyet Ko\u015fullar\u0131 - Y\u00f6netim Bili\u015fim Sistemleri (\u0130ngilizce)","description":"Lisans E\u011fitim ve \u00d6\u011fretim ve S\u0131nav Y\u00f6netmeli\u011fi\u2019nde g\u00f6sterilen staj ve tasar\u0131m projesi \/bitirme \u00f6devi gibi \u00e7al\u0131\u015fmalar\u0131 ba\u015far\u0131 ile bitirmi\u015f ve GANO\u2019su en az 2.00 olan \u00f6\u011frenciler","robots":{"index":"index","follow":"follow","max-snippet":"max-snippet:-1","max-image-preview":"max-image-preview:large","max-video-preview":"max-video-preview:-1"},"canonical":"http:\/\/ticaret.edu.tr\/yonetim-bilisim-sistemleri-ingilizce\/mezuniyet-kosullari\/","og_locale":"tr_TR","og_type":"article","og_title":"Mezuniyet Ko\u015fullar\u0131","og_description":"Lisans E\u011fitim ve \u00d6\u011fretim ve S\u0131nav Y\u00f6netmeli\u011fi\u2019nde g\u00f6sterilen staj ve tasar\u0131m projesi \/bitirme \u00f6devi gibi \u00e7al\u0131\u015fmalar\u0131 ba\u015far\u0131 ile bitirmi\u015f ve GANO\u2019su en az 2.00 olan \u00f6\u011frenciler","og_url":"http:\/\/ticaret.edu.tr\/yonetim-bilisim-sistemleri-ingilizce\/mezuniyet-kosullari\/","og_site_name":"Y\u00f6netim Bili\u015fim Sistemleri (\u0130ngilizce)","article_publisher":"https:\/\/www.facebook.com\/ticaretedutr","article_modified_time":"2025-02-24T10:50:48+00:00","twitter_card":"summary_large_image","twitter_site":"@ticaretedutr","twitter_misc":{"Tahmini okuma s\u00fcresi":"1 dakika"},"schema":{"@context":"https:\/\/schema.org","@graph":[{"@type":"WebPage","@id":"http:\/\/ticaret.edu.tr\/yonetim-bilisim-sistemleri-ingilizce\/mezuniyet-kosullari\/","url":"http:\/\/ticaret.edu.tr\/yonetim-bilisim-sistemleri-ingilizce\/mezuniyet-kosullari\/","name":"Mezuniyet Ko\u015fullar\u0131 - Y\u00f6netim Bili\u015fim Sistemleri (\u0130ngilizce)","isPartOf":{"@id":"http:\/\/ticaret.edu.tr\/yonetim-bilisim-sistemleri-ingilizce\/en\/#website"},"datePublished":"2025-01-26T20:17:31+00:00","dateModified":"2025-02-24T10:50:48+00:00","description":"Lisans E\u011fitim ve \u00d6\u011fretim ve S\u0131nav Y\u00f6netmeli\u011fi\u2019nde g\u00f6sterilen staj ve tasar\u0131m projesi \/bitirme \u00f6devi gibi \u00e7al\u0131\u015fmalar\u0131 ba\u015far\u0131 ile bitirmi\u015f ve GANO\u2019su en az 2.00 olan \u00f6\u011frenciler","breadcrumb":{"@id":"http:\/\/ticaret.edu.tr\/yonetim-bilisim-sistemleri-ingilizce\/mezuniyet-kosullari\/#breadcrumb"},"inLanguage":"tr","potentialAction":[{"@type":"ReadAction","target":["http:\/\/ticaret.edu.tr\/yonetim-bilisim-sistemleri-ingilizce\/mezuniyet-kosullari\/"]}]},{"@type":"BreadcrumbList","@id":"http:\/\/ticaret.edu.tr\/yonetim-bilisim-sistemleri-ingilizce\/mezuniyet-kosullari\/#breadcrumb","itemListElement":[{"@type":"ListItem","position":1,"name":"Ana sayfa","item":"https:\/\/ticaret.edu.tr\/yonetim-bilisim-sistemleri-ingilizce\/"},{"@type":"ListItem","position":2,"name":"Mezuniyet Ko\u015fullar\u0131"}]},{"@type":"WebSite","@id":"http:\/\/ticaret.edu.tr\/yonetim-bilisim-sistemleri-ingilizce\/en\/#website","url":"http:\/\/ticaret.edu.tr\/yonetim-bilisim-sistemleri-ingilizce\/en\/","name":"Y\u00f6netim Bili\u015fim Sistemleri (\u0130ngilizce)","description":"","potentialAction":[{"@type":"SearchAction","target":{"@type":"EntryPoint","urlTemplate":"http:\/\/ticaret.edu.tr\/yonetim-bilisim-sistemleri-ingilizce\/en\/?s={search_term_string}"},"query-input":"required name=search_term_string"}],"inLanguage":"tr"}]}},"lang":"tr","translations":{"en":471,"tr":469},"pll_sync_post":[],"_links":{"self":[{"href":"http:\/\/ticaret.edu.tr\/yonetim-bilisim-sistemleri-ingilizce\/wp-json\/wp\/v2\/pages\/469"}],"collection":[{"href":"http:\/\/ticaret.edu.tr\/yonetim-bilisim-sistemleri-ingilizce\/wp-json\/wp\/v2\/pages"}],"about":[{"href":"http:\/\/ticaret.edu.tr\/yonetim-bilisim-sistemleri-ingilizce\/wp-json\/wp\/v2\/types\/page"}],"author":[{"embeddable":true,"href":"http:\/\/ticaret.edu.tr\/yonetim-bilisim-sistemleri-ingilizce\/wp-json\/wp\/v2\/users\/64"}],"replies":[{"embeddable":true,"href":"http:\/\/ticaret.edu.tr\/yonetim-bilisim-sistemleri-ingilizce\/wp-json\/wp\/v2\/comments?post=469"}],"version-history":[{"count":2,"href":"http:\/\/ticaret.edu.tr\/yonetim-bilisim-sistemleri-ingilizce\/wp-json\/wp\/v2\/pages\/469\/revisions"}],"predecessor-version":[{"id":1056,"href":"http:\/\/ticaret.edu.tr\/yonetim-bilisim-sistemleri-ingilizce\/wp-json\/wp\/v2\/pages\/469\/revisions\/1056"}],"wp:attachment":[{"href":"http:\/\/ticaret.edu.tr\/yonetim-bilisim-sistemleri-ingilizce\/wp-json\/wp\/v2\/media?parent=469"}],"curies":[{"name":"wp","href":"https:\/\/api.w.org\/{rel}","templated":true}]}}