{"id":481,"date":"2025-01-26T23:17:48","date_gmt":"2025-01-26T20:17:48","guid":{"rendered":"https:\/\/ticaret.edu.tr\/yonetim-bilisim-sistemleri-ingilizce\/?page_id=481"},"modified":"2025-09-22T13:50:53","modified_gmt":"2025-09-22T10:50:53","slug":"mufredat","status":"publish","type":"page","link":"http:\/\/ticaret.edu.tr\/yonetim-bilisim-sistemleri-ingilizce\/mufredat\/","title":{"rendered":"M\u00fcfredat"},"content":{"rendered":"<p>A\u015fa\u011f\u0131daki ba\u011flant\u0131lardan 2025-2026 E\u011fitim \u00d6\u011fretim Y\u0131l\u0131 ve \u00f6nceki y\u0131llara ait Y\u00f6netim Bili\u015fim Sistemleri M\u00fcfredat\u0131na ula\u015fabilirsiniz.<\/p>\n<h4><a href=\"http:\/\/ticaret.edu.tr\/yonetim-bilisim-sistemleri-ingilizce\/wp-content\/uploads\/sites\/77\/2025\/09\/2025-2026-Yonetim-Bilisim-Sistemleri-Ingilizce-Bolumu-Mufredat-2.pdf\">2025-2026<\/a><a href=\"http:\/\/ticaret.edu.tr\/yonetim-bilisim-sistemleri-ingilizce\/wp-content\/uploads\/sites\/77\/2025\/09\/2025-2026-Yonetim-Bilisim-Sistemleri-Ingilizce-Bolumu-Mufredat-2.pdf\">\u00a0Akademik Y\u0131l\u0131 &#8211; Yo\u0308netim Bilis\u0327im Sistemleri Bo\u0308lu\u0308mu\u0308 Mu\u0308fredat\u0131<\/a><\/h4>\n<h4><a href=\"http:\/\/ticaret.edu.tr\/yonetim-bilisim-sistemleri-ingilizce\/wp-content\/uploads\/sites\/77\/2024\/12\/2024-2025-Academic-Year-\u2013-Management-and-Information-Systems-Eng-Department-Curriculum.pdf\">2024-2025 Akademik Y\u0131l\u0131 \u2013 Y\u00f6netim Bili\u015fim Sistemleri B\u00f6l\u00fcm\u00fc M\u00fcfredat\u0131<\/a><\/h4>\n<h4><a href=\"https:\/\/ticaret.edu.tr\/yonetim-bilisim-sistemleri-ingilizce\/wp-content\/uploads\/sites\/77\/2023\/09\/2023-2024-Akademik-Yili-Yonetim-ve-Bilisim-Sistemleri-Ingilizce-Bolumu-Mufredat-Dosyasi.pdf\">2023-2024 Akademik Y\u0131l\u0131 \u2013 Y\u00f6netim Bili\u015fim Sistemleri B\u00f6l\u00fcm\u00fc M\u00fcfredat\u0131<\/a><\/h4>\n","protected":false},"excerpt":{"rendered":"<p>A\u015fa\u011f\u0131daki ba\u011flant\u0131lardan 2025-2026 E\u011fitim \u00d6\u011fretim Y\u0131l\u0131 ve \u00f6nceki y\u0131llara ait Y\u00f6netim Bili\u015fim Sistemleri M\u00fcfredat\u0131na ula\u015fabilirsiniz. 2025-2026\u00a0Akademik Y\u0131l\u0131 &#8211; Yo\u0308netim Bilis\u0327im Sistemleri Bo\u0308lu\u0308mu\u0308 Mu\u0308fredat\u0131 2024-2025 Akademik Y\u0131l\u0131 \u2013 Y\u00f6netim Bili\u015fim Sistemleri B\u00f6l\u00fcm\u00fc M\u00fcfredat\u0131 2023-2024 Akademik Y\u0131l\u0131 \u2013 Y\u00f6netim Bili\u015fim Sistemleri B\u00f6l\u00fcm\u00fc M\u00fcfredat\u0131<\/p>\n","protected":false},"author":64,"featured_media":0,"parent":0,"menu_order":0,"comment_status":"closed","ping_status":"closed","template":"genel_sayfa.php","meta":{"footnotes":""},"yoast_head":"<!-- This site is optimized with the Yoast SEO Premium plugin v22.1 (Yoast SEO v22.1) - https:\/\/yoast.com\/wordpress\/plugins\/seo\/ -->\n<title>M\u00fcfredat - Y\u00f6netim Bili\u015fim Sistemleri (\u0130ngilizce)<\/title>\n<meta name=\"description\" content=\"2024-2025 E\u011fitim \u00d6\u011fretim Y\u0131l\u0131 ve \u00f6nceki y\u0131llara ait Y\u00f6netim Bili\u015fim Sistemleri M\u00fcfredat\u0131na ula\u015fabilirsiniz.\" \/>\n<meta name=\"robots\" content=\"index, follow, max-snippet:-1, max-image-preview:large, max-video-preview:-1\" \/>\n<link rel=\"canonical\" href=\"https:\/\/ticaret.edu.tr\/yonetim-bilisim-sistemleri-ingilizce\/mufredat\/\" \/>\n<meta property=\"og:locale\" content=\"tr_TR\" \/>\n<meta property=\"og:type\" content=\"article\" \/>\n<meta property=\"og:title\" content=\"M\u00fcfredat\" \/>\n<meta property=\"og:description\" content=\"2024-2025 E\u011fitim \u00d6\u011fretim Y\u0131l\u0131 ve \u00f6nceki y\u0131llara ait Y\u00f6netim Bili\u015fim Sistemleri M\u00fcfredat\u0131na ula\u015fabilirsiniz.\" \/>\n<meta property=\"og:url\" content=\"https:\/\/ticaret.edu.tr\/yonetim-bilisim-sistemleri-ingilizce\/mufredat\/\" \/>\n<meta property=\"og:site_name\" content=\"Y\u00f6netim Bili\u015fim Sistemleri (\u0130ngilizce)\" \/>\n<meta property=\"article:publisher\" content=\"https:\/\/www.facebook.com\/ticaretedutr\" \/>\n<meta property=\"article:modified_time\" content=\"2025-09-22T10:50:53+00:00\" \/>\n<meta name=\"twitter:card\" content=\"summary_large_image\" \/>\n<meta name=\"twitter:site\" content=\"@ticaretedutr\" \/>\n<meta name=\"twitter:label1\" content=\"Tahmini okuma s\u00fcresi\" \/>\n\t<meta name=\"twitter:data1\" content=\"1 dakika\" \/>\n<script type=\"application\/ld+json\" class=\"yoast-schema-graph\">{\"@context\":\"https:\/\/schema.org\",\"@graph\":[{\"@type\":\"WebPage\",\"@id\":\"https:\/\/ticaret.edu.tr\/yonetim-bilisim-sistemleri-ingilizce\/mufredat\/\",\"url\":\"https:\/\/ticaret.edu.tr\/yonetim-bilisim-sistemleri-ingilizce\/mufredat\/\",\"name\":\"M\u00fcfredat - Y\u00f6netim Bili\u015fim Sistemleri (\u0130ngilizce)\",\"isPartOf\":{\"@id\":\"http:\/\/ticaret.edu.tr\/yonetim-bilisim-sistemleri-ingilizce\/en\/#website\"},\"datePublished\":\"2025-01-26T20:17:48+00:00\",\"dateModified\":\"2025-09-22T10:50:53+00:00\",\"description\":\"2024-2025 E\u011fitim \u00d6\u011fretim Y\u0131l\u0131 ve \u00f6nceki y\u0131llara ait Y\u00f6netim Bili\u015fim Sistemleri M\u00fcfredat\u0131na ula\u015fabilirsiniz.\",\"breadcrumb\":{\"@id\":\"https:\/\/ticaret.edu.tr\/yonetim-bilisim-sistemleri-ingilizce\/mufredat\/#breadcrumb\"},\"inLanguage\":\"tr\",\"potentialAction\":[{\"@type\":\"ReadAction\",\"target\":[\"https:\/\/ticaret.edu.tr\/yonetim-bilisim-sistemleri-ingilizce\/mufredat\/\"]}]},{\"@type\":\"BreadcrumbList\",\"@id\":\"https:\/\/ticaret.edu.tr\/yonetim-bilisim-sistemleri-ingilizce\/mufredat\/#breadcrumb\",\"itemListElement\":[{\"@type\":\"ListItem\",\"position\":1,\"name\":\"Ana sayfa\",\"item\":\"https:\/\/ticaret.edu.tr\/yonetim-bilisim-sistemleri-ingilizce\/\"},{\"@type\":\"ListItem\",\"position\":2,\"name\":\"M\u00fcfredat\"}]},{\"@type\":\"WebSite\",\"@id\":\"http:\/\/ticaret.edu.tr\/yonetim-bilisim-sistemleri-ingilizce\/en\/#website\",\"url\":\"http:\/\/ticaret.edu.tr\/yonetim-bilisim-sistemleri-ingilizce\/en\/\",\"name\":\"Y\u00f6netim Bili\u015fim Sistemleri (\u0130ngilizce)\",\"description\":\"\",\"potentialAction\":[{\"@type\":\"SearchAction\",\"target\":{\"@type\":\"EntryPoint\",\"urlTemplate\":\"http:\/\/ticaret.edu.tr\/yonetim-bilisim-sistemleri-ingilizce\/en\/?s={search_term_string}\"},\"query-input\":\"required name=search_term_string\"}],\"inLanguage\":\"tr\"}]}<\/script>\n<!-- \/ Yoast SEO Premium plugin. -->","yoast_head_json":{"title":"M\u00fcfredat - Y\u00f6netim Bili\u015fim Sistemleri (\u0130ngilizce)","description":"2024-2025 E\u011fitim \u00d6\u011fretim Y\u0131l\u0131 ve \u00f6nceki y\u0131llara ait Y\u00f6netim Bili\u015fim Sistemleri M\u00fcfredat\u0131na ula\u015fabilirsiniz.","robots":{"index":"index","follow":"follow","max-snippet":"max-snippet:-1","max-image-preview":"max-image-preview:large","max-video-preview":"max-video-preview:-1"},"canonical":"https:\/\/ticaret.edu.tr\/yonetim-bilisim-sistemleri-ingilizce\/mufredat\/","og_locale":"tr_TR","og_type":"article","og_title":"M\u00fcfredat","og_description":"2024-2025 E\u011fitim \u00d6\u011fretim Y\u0131l\u0131 ve \u00f6nceki y\u0131llara ait Y\u00f6netim Bili\u015fim Sistemleri M\u00fcfredat\u0131na ula\u015fabilirsiniz.","og_url":"https:\/\/ticaret.edu.tr\/yonetim-bilisim-sistemleri-ingilizce\/mufredat\/","og_site_name":"Y\u00f6netim Bili\u015fim Sistemleri (\u0130ngilizce)","article_publisher":"https:\/\/www.facebook.com\/ticaretedutr","article_modified_time":"2025-09-22T10:50:53+00:00","twitter_card":"summary_large_image","twitter_site":"@ticaretedutr","twitter_misc":{"Tahmini okuma s\u00fcresi":"1 dakika"},"schema":{"@context":"https:\/\/schema.org","@graph":[{"@type":"WebPage","@id":"https:\/\/ticaret.edu.tr\/yonetim-bilisim-sistemleri-ingilizce\/mufredat\/","url":"https:\/\/ticaret.edu.tr\/yonetim-bilisim-sistemleri-ingilizce\/mufredat\/","name":"M\u00fcfredat - Y\u00f6netim Bili\u015fim Sistemleri (\u0130ngilizce)","isPartOf":{"@id":"http:\/\/ticaret.edu.tr\/yonetim-bilisim-sistemleri-ingilizce\/en\/#website"},"datePublished":"2025-01-26T20:17:48+00:00","dateModified":"2025-09-22T10:50:53+00:00","description":"2024-2025 E\u011fitim \u00d6\u011fretim Y\u0131l\u0131 ve \u00f6nceki y\u0131llara ait Y\u00f6netim Bili\u015fim Sistemleri M\u00fcfredat\u0131na ula\u015fabilirsiniz.","breadcrumb":{"@id":"https:\/\/ticaret.edu.tr\/yonetim-bilisim-sistemleri-ingilizce\/mufredat\/#breadcrumb"},"inLanguage":"tr","potentialAction":[{"@type":"ReadAction","target":["https:\/\/ticaret.edu.tr\/yonetim-bilisim-sistemleri-ingilizce\/mufredat\/"]}]},{"@type":"BreadcrumbList","@id":"https:\/\/ticaret.edu.tr\/yonetim-bilisim-sistemleri-ingilizce\/mufredat\/#breadcrumb","itemListElement":[{"@type":"ListItem","position":1,"name":"Ana sayfa","item":"https:\/\/ticaret.edu.tr\/yonetim-bilisim-sistemleri-ingilizce\/"},{"@type":"ListItem","position":2,"name":"M\u00fcfredat"}]},{"@type":"WebSite","@id":"http:\/\/ticaret.edu.tr\/yonetim-bilisim-sistemleri-ingilizce\/en\/#website","url":"http:\/\/ticaret.edu.tr\/yonetim-bilisim-sistemleri-ingilizce\/en\/","name":"Y\u00f6netim Bili\u015fim Sistemleri (\u0130ngilizce)","description":"","potentialAction":[{"@type":"SearchAction","target":{"@type":"EntryPoint","urlTemplate":"http:\/\/ticaret.edu.tr\/yonetim-bilisim-sistemleri-ingilizce\/en\/?s={search_term_string}"},"query-input":"required name=search_term_string"}],"inLanguage":"tr"}]}},"lang":"tr","translations":{"tr":481,"en":1066},"pll_sync_post":[],"_links":{"self":[{"href":"http:\/\/ticaret.edu.tr\/yonetim-bilisim-sistemleri-ingilizce\/wp-json\/wp\/v2\/pages\/481"}],"collection":[{"href":"http:\/\/ticaret.edu.tr\/yonetim-bilisim-sistemleri-ingilizce\/wp-json\/wp\/v2\/pages"}],"about":[{"href":"http:\/\/ticaret.edu.tr\/yonetim-bilisim-sistemleri-ingilizce\/wp-json\/wp\/v2\/types\/page"}],"author":[{"embeddable":true,"href":"http:\/\/ticaret.edu.tr\/yonetim-bilisim-sistemleri-ingilizce\/wp-json\/wp\/v2\/users\/64"}],"replies":[{"embeddable":true,"href":"http:\/\/ticaret.edu.tr\/yonetim-bilisim-sistemleri-ingilizce\/wp-json\/wp\/v2\/comments?post=481"}],"version-history":[{"count":8,"href":"http:\/\/ticaret.edu.tr\/yonetim-bilisim-sistemleri-ingilizce\/wp-json\/wp\/v2\/pages\/481\/revisions"}],"predecessor-version":[{"id":1425,"href":"http:\/\/ticaret.edu.tr\/yonetim-bilisim-sistemleri-ingilizce\/wp-json\/wp\/v2\/pages\/481\/revisions\/1425"}],"wp:attachment":[{"href":"http:\/\/ticaret.edu.tr\/yonetim-bilisim-sistemleri-ingilizce\/wp-json\/wp\/v2\/media?parent=481"}],"curies":[{"name":"wp","href":"https:\/\/api.w.org\/{rel}","templated":true}]}}