{"id":495,"date":"2025-01-26T23:17:53","date_gmt":"2025-01-26T20:17:53","guid":{"rendered":"https:\/\/ticaret.edu.tr\/yonetim-bilisim-sistemleri-ingilizce\/?page_id=495"},"modified":"2025-02-24T16:11:54","modified_gmt":"2025-02-24T13:11:54","slug":"cap-yandal-yatay-gecis","status":"publish","type":"page","link":"http:\/\/ticaret.edu.tr\/yonetim-bilisim-sistemleri-ingilizce\/cap-yandal-yatay-gecis\/","title":{"rendered":"\u00c7ap &#8211; Yandal \/ Yatay Ge\u00e7i\u015f"},"content":{"rendered":"<p>B\u00f6l\u00fcm\u00fcm\u00fcz \u00e7ift anadal ve yan dal programlar\u0131n\u0131n uygulanmas\u0131\u00a0<strong><em>\u201c <a href=\"https:\/\/www.mevzuat.gov.tr\/mevzuat?MevzuatNo=7266&amp;MevzuatTur=8&amp;MevzuatTertip=5\">\u0130stanbul Ticaret \u00dcniversitesi \u00c7ift Anadal ve Yan Dal Programlar\u0131 Y\u00f6netmeli\u011fi<\/a>\u201d<\/em><\/strong> kapsam\u0131nda y\u00fcr\u00fct\u00fcl\u00fcr.<\/p>\n<p>\u00c7ap ve Yan Dal Ba\u015fvuru ve Kay\u0131t i\u015flemlerine y\u00f6nelik ak\u0131\u015f \u015femas\u0131 i\u00e7in\u00a0<a href=\"http:\/\/ticaret.edu.tr\/endustri-muhendisligi\/wp-content\/uploads\/sites\/21\/2022\/10\/EK-1.-Cap-ve-Yan-Dal-Basvuru-ve-Kayit-Is-Akis-Semasi.pdf\">t\u0131klay\u0131n\u0131z.<\/a><\/p>\n","protected":false},"excerpt":{"rendered":"<p>B\u00f6l\u00fcm\u00fcm\u00fcz \u00e7ift anadal ve yan dal programlar\u0131n\u0131n uygulanmas\u0131\u00a0\u201c \u0130stanbul Ticaret \u00dcniversitesi \u00c7ift Anadal ve Yan Dal Programlar\u0131 Y\u00f6netmeli\u011fi\u201d kapsam\u0131nda y\u00fcr\u00fct\u00fcl\u00fcr. \u00c7ap ve Yan Dal Ba\u015fvuru ve Kay\u0131t i\u015flemlerine y\u00f6nelik ak\u0131\u015f \u015femas\u0131 i\u00e7in\u00a0t\u0131klay\u0131n\u0131z.<\/p>\n","protected":false},"author":64,"featured_media":0,"parent":0,"menu_order":0,"comment_status":"closed","ping_status":"closed","template":"genel_sayfa.php","meta":{"footnotes":""},"yoast_head":"<!-- This site is optimized with the Yoast SEO Premium plugin v22.1 (Yoast SEO v22.1) - https:\/\/yoast.com\/wordpress\/plugins\/seo\/ -->\n<title>\u00c7ap - Yandal \/ Yatay Ge\u00e7i\u015f - Y\u00f6netim Bili\u015fim Sistemleri (\u0130ngilizce)<\/title>\n<meta name=\"description\" content=\"B\u00f6l\u00fcm\u00fcm\u00fcz \u00e7ift anadal ve yan dal programlar\u0131n\u0131n uygulanmas\u0131\u00a0\u201c \u0130stanbul Ticaret \u00dcniversitesi \u00c7ift Anadal ve Yan Dal Programlar\u0131 Y\u00f6netmeli\u011fi\u201d kapsam\u0131nda y\u00fcr\u00fct\u00fcl\u00fcr.\" \/>\n<meta name=\"robots\" content=\"index, follow, max-snippet:-1, max-image-preview:large, max-video-preview:-1\" \/>\n<link rel=\"canonical\" href=\"http:\/\/ticaret.edu.tr\/yonetim-bilisim-sistemleri-ingilizce\/cap-yandal-yatay-gecis\/\" \/>\n<meta property=\"og:locale\" content=\"tr_TR\" \/>\n<meta property=\"og:type\" content=\"article\" \/>\n<meta property=\"og:title\" content=\"\u00c7ap - Yandal \/ Yatay Ge\u00e7i\u015f\" \/>\n<meta property=\"og:description\" content=\"B\u00f6l\u00fcm\u00fcm\u00fcz \u00e7ift anadal ve yan dal programlar\u0131n\u0131n uygulanmas\u0131\u00a0\u201c \u0130stanbul Ticaret \u00dcniversitesi \u00c7ift Anadal ve Yan Dal Programlar\u0131 Y\u00f6netmeli\u011fi\u201d kapsam\u0131nda y\u00fcr\u00fct\u00fcl\u00fcr.\" \/>\n<meta property=\"og:url\" content=\"http:\/\/ticaret.edu.tr\/yonetim-bilisim-sistemleri-ingilizce\/cap-yandal-yatay-gecis\/\" \/>\n<meta property=\"og:site_name\" content=\"Y\u00f6netim Bili\u015fim Sistemleri (\u0130ngilizce)\" \/>\n<meta property=\"article:publisher\" content=\"https:\/\/www.facebook.com\/ticaretedutr\" \/>\n<meta property=\"article:modified_time\" content=\"2025-02-24T13:11:54+00:00\" \/>\n<meta name=\"twitter:card\" content=\"summary_large_image\" \/>\n<meta name=\"twitter:site\" content=\"@ticaretedutr\" \/>\n<meta name=\"twitter:label1\" content=\"Tahmini okuma s\u00fcresi\" \/>\n\t<meta name=\"twitter:data1\" content=\"1 dakika\" \/>\n<script type=\"application\/ld+json\" class=\"yoast-schema-graph\">{\"@context\":\"https:\/\/schema.org\",\"@graph\":[{\"@type\":\"WebPage\",\"@id\":\"http:\/\/ticaret.edu.tr\/yonetim-bilisim-sistemleri-ingilizce\/cap-yandal-yatay-gecis\/\",\"url\":\"http:\/\/ticaret.edu.tr\/yonetim-bilisim-sistemleri-ingilizce\/cap-yandal-yatay-gecis\/\",\"name\":\"\u00c7ap - Yandal \/ Yatay Ge\u00e7i\u015f - Y\u00f6netim Bili\u015fim Sistemleri (\u0130ngilizce)\",\"isPartOf\":{\"@id\":\"http:\/\/ticaret.edu.tr\/yonetim-bilisim-sistemleri-ingilizce\/en\/#website\"},\"datePublished\":\"2025-01-26T20:17:53+00:00\",\"dateModified\":\"2025-02-24T13:11:54+00:00\",\"description\":\"B\u00f6l\u00fcm\u00fcm\u00fcz \u00e7ift anadal ve yan dal programlar\u0131n\u0131n uygulanmas\u0131\u00a0\u201c \u0130stanbul Ticaret \u00dcniversitesi \u00c7ift Anadal ve Yan Dal Programlar\u0131 Y\u00f6netmeli\u011fi\u201d kapsam\u0131nda y\u00fcr\u00fct\u00fcl\u00fcr.\",\"breadcrumb\":{\"@id\":\"http:\/\/ticaret.edu.tr\/yonetim-bilisim-sistemleri-ingilizce\/cap-yandal-yatay-gecis\/#breadcrumb\"},\"inLanguage\":\"tr\",\"potentialAction\":[{\"@type\":\"ReadAction\",\"target\":[\"http:\/\/ticaret.edu.tr\/yonetim-bilisim-sistemleri-ingilizce\/cap-yandal-yatay-gecis\/\"]}]},{\"@type\":\"BreadcrumbList\",\"@id\":\"http:\/\/ticaret.edu.tr\/yonetim-bilisim-sistemleri-ingilizce\/cap-yandal-yatay-gecis\/#breadcrumb\",\"itemListElement\":[{\"@type\":\"ListItem\",\"position\":1,\"name\":\"Ana sayfa\",\"item\":\"https:\/\/ticaret.edu.tr\/yonetim-bilisim-sistemleri-ingilizce\/\"},{\"@type\":\"ListItem\",\"position\":2,\"name\":\"\u00c7ap &#8211; Yandal \/ Yatay Ge\u00e7i\u015f\"}]},{\"@type\":\"WebSite\",\"@id\":\"http:\/\/ticaret.edu.tr\/yonetim-bilisim-sistemleri-ingilizce\/en\/#website\",\"url\":\"http:\/\/ticaret.edu.tr\/yonetim-bilisim-sistemleri-ingilizce\/en\/\",\"name\":\"Y\u00f6netim Bili\u015fim Sistemleri (\u0130ngilizce)\",\"description\":\"\",\"potentialAction\":[{\"@type\":\"SearchAction\",\"target\":{\"@type\":\"EntryPoint\",\"urlTemplate\":\"http:\/\/ticaret.edu.tr\/yonetim-bilisim-sistemleri-ingilizce\/en\/?s={search_term_string}\"},\"query-input\":\"required name=search_term_string\"}],\"inLanguage\":\"tr\"}]}<\/script>\n<!-- \/ Yoast SEO Premium plugin. -->","yoast_head_json":{"title":"\u00c7ap - Yandal \/ Yatay Ge\u00e7i\u015f - Y\u00f6netim Bili\u015fim Sistemleri (\u0130ngilizce)","description":"B\u00f6l\u00fcm\u00fcm\u00fcz \u00e7ift anadal ve yan dal programlar\u0131n\u0131n uygulanmas\u0131\u00a0\u201c \u0130stanbul Ticaret \u00dcniversitesi \u00c7ift Anadal ve Yan Dal Programlar\u0131 Y\u00f6netmeli\u011fi\u201d kapsam\u0131nda y\u00fcr\u00fct\u00fcl\u00fcr.","robots":{"index":"index","follow":"follow","max-snippet":"max-snippet:-1","max-image-preview":"max-image-preview:large","max-video-preview":"max-video-preview:-1"},"canonical":"http:\/\/ticaret.edu.tr\/yonetim-bilisim-sistemleri-ingilizce\/cap-yandal-yatay-gecis\/","og_locale":"tr_TR","og_type":"article","og_title":"\u00c7ap - Yandal \/ Yatay Ge\u00e7i\u015f","og_description":"B\u00f6l\u00fcm\u00fcm\u00fcz \u00e7ift anadal ve yan dal programlar\u0131n\u0131n uygulanmas\u0131\u00a0\u201c \u0130stanbul Ticaret \u00dcniversitesi \u00c7ift Anadal ve Yan Dal Programlar\u0131 Y\u00f6netmeli\u011fi\u201d kapsam\u0131nda y\u00fcr\u00fct\u00fcl\u00fcr.","og_url":"http:\/\/ticaret.edu.tr\/yonetim-bilisim-sistemleri-ingilizce\/cap-yandal-yatay-gecis\/","og_site_name":"Y\u00f6netim Bili\u015fim Sistemleri (\u0130ngilizce)","article_publisher":"https:\/\/www.facebook.com\/ticaretedutr","article_modified_time":"2025-02-24T13:11:54+00:00","twitter_card":"summary_large_image","twitter_site":"@ticaretedutr","twitter_misc":{"Tahmini okuma s\u00fcresi":"1 dakika"},"schema":{"@context":"https:\/\/schema.org","@graph":[{"@type":"WebPage","@id":"http:\/\/ticaret.edu.tr\/yonetim-bilisim-sistemleri-ingilizce\/cap-yandal-yatay-gecis\/","url":"http:\/\/ticaret.edu.tr\/yonetim-bilisim-sistemleri-ingilizce\/cap-yandal-yatay-gecis\/","name":"\u00c7ap - Yandal \/ Yatay Ge\u00e7i\u015f - Y\u00f6netim Bili\u015fim Sistemleri (\u0130ngilizce)","isPartOf":{"@id":"http:\/\/ticaret.edu.tr\/yonetim-bilisim-sistemleri-ingilizce\/en\/#website"},"datePublished":"2025-01-26T20:17:53+00:00","dateModified":"2025-02-24T13:11:54+00:00","description":"B\u00f6l\u00fcm\u00fcm\u00fcz \u00e7ift anadal ve yan dal programlar\u0131n\u0131n uygulanmas\u0131\u00a0\u201c \u0130stanbul Ticaret \u00dcniversitesi \u00c7ift Anadal ve Yan Dal Programlar\u0131 Y\u00f6netmeli\u011fi\u201d kapsam\u0131nda y\u00fcr\u00fct\u00fcl\u00fcr.","breadcrumb":{"@id":"http:\/\/ticaret.edu.tr\/yonetim-bilisim-sistemleri-ingilizce\/cap-yandal-yatay-gecis\/#breadcrumb"},"inLanguage":"tr","potentialAction":[{"@type":"ReadAction","target":["http:\/\/ticaret.edu.tr\/yonetim-bilisim-sistemleri-ingilizce\/cap-yandal-yatay-gecis\/"]}]},{"@type":"BreadcrumbList","@id":"http:\/\/ticaret.edu.tr\/yonetim-bilisim-sistemleri-ingilizce\/cap-yandal-yatay-gecis\/#breadcrumb","itemListElement":[{"@type":"ListItem","position":1,"name":"Ana sayfa","item":"https:\/\/ticaret.edu.tr\/yonetim-bilisim-sistemleri-ingilizce\/"},{"@type":"ListItem","position":2,"name":"\u00c7ap &#8211; Yandal \/ Yatay Ge\u00e7i\u015f"}]},{"@type":"WebSite","@id":"http:\/\/ticaret.edu.tr\/yonetim-bilisim-sistemleri-ingilizce\/en\/#website","url":"http:\/\/ticaret.edu.tr\/yonetim-bilisim-sistemleri-ingilizce\/en\/","name":"Y\u00f6netim Bili\u015fim Sistemleri (\u0130ngilizce)","description":"","potentialAction":[{"@type":"SearchAction","target":{"@type":"EntryPoint","urlTemplate":"http:\/\/ticaret.edu.tr\/yonetim-bilisim-sistemleri-ingilizce\/en\/?s={search_term_string}"},"query-input":"required name=search_term_string"}],"inLanguage":"tr"}]}},"lang":"tr","translations":{"en":497,"tr":495},"pll_sync_post":[],"_links":{"self":[{"href":"http:\/\/ticaret.edu.tr\/yonetim-bilisim-sistemleri-ingilizce\/wp-json\/wp\/v2\/pages\/495"}],"collection":[{"href":"http:\/\/ticaret.edu.tr\/yonetim-bilisim-sistemleri-ingilizce\/wp-json\/wp\/v2\/pages"}],"about":[{"href":"http:\/\/ticaret.edu.tr\/yonetim-bilisim-sistemleri-ingilizce\/wp-json\/wp\/v2\/types\/page"}],"author":[{"embeddable":true,"href":"http:\/\/ticaret.edu.tr\/yonetim-bilisim-sistemleri-ingilizce\/wp-json\/wp\/v2\/users\/64"}],"replies":[{"embeddable":true,"href":"http:\/\/ticaret.edu.tr\/yonetim-bilisim-sistemleri-ingilizce\/wp-json\/wp\/v2\/comments?post=495"}],"version-history":[{"count":4,"href":"http:\/\/ticaret.edu.tr\/yonetim-bilisim-sistemleri-ingilizce\/wp-json\/wp\/v2\/pages\/495\/revisions"}],"predecessor-version":[{"id":1192,"href":"http:\/\/ticaret.edu.tr\/yonetim-bilisim-sistemleri-ingilizce\/wp-json\/wp\/v2\/pages\/495\/revisions\/1192"}],"wp:attachment":[{"href":"http:\/\/ticaret.edu.tr\/yonetim-bilisim-sistemleri-ingilizce\/wp-json\/wp\/v2\/media?parent=495"}],"curies":[{"name":"wp","href":"https:\/\/api.w.org\/{rel}","templated":true}]}}