{"id":723,"date":"2025-01-26T23:38:49","date_gmt":"2025-01-26T20:38:49","guid":{"rendered":"https:\/\/ticaret.edu.tr\/yonetim-bilisim-sistemleri-ingilizce\/?page_id=723"},"modified":"2025-10-17T15:58:30","modified_gmt":"2025-10-17T12:58:30","slug":"lisansustu-ders-ve-sinav-programi","status":"publish","type":"page","link":"http:\/\/ticaret.edu.tr\/yonetim-bilisim-sistemleri-ingilizce\/lisansustu-ders-ve-sinav-programi\/","title":{"rendered":"Ders ve S\u0131nav Program\u0131"},"content":{"rendered":"<p>Lisans\u00fcst\u00fc E\u011fitimine ait Ders ve S\u0131nav Program\u0131 i\u00e7eriklerine ula\u015fmak i\u00e7in <a href=\"https:\/\/ticaret.edu.tr\/lisansustu-egitim-enstitusu\/\"><strong>L\u0130SANS\u00dcST\u00dc E\u011e\u0130T\u0130M ENST\u0130T\u00dcS\u00dc<\/strong><\/a>\u00a0sayfas\u0131n\u0131 ziyaret ediniz.<\/p>\n","protected":false},"excerpt":{"rendered":"<p>Lisans\u00fcst\u00fc E\u011fitimine ait Ders ve S\u0131nav Program\u0131 i\u00e7eriklerine ula\u015fmak i\u00e7in L\u0130SANS\u00dcST\u00dc E\u011e\u0130T\u0130M ENST\u0130T\u00dcS\u00dc\u00a0sayfas\u0131n\u0131 ziyaret ediniz.<\/p>\n","protected":false},"author":211,"featured_media":0,"parent":0,"menu_order":0,"comment_status":"closed","ping_status":"closed","template":"genel_sayfa.php","meta":{"footnotes":""},"yoast_head":"<!-- This site is optimized with the Yoast SEO Premium plugin v22.1 (Yoast SEO v22.1) - https:\/\/yoast.com\/wordpress\/plugins\/seo\/ -->\n<title>Ders ve S\u0131nav Program\u0131 - Y\u00f6netim Bili\u015fim Sistemleri (\u0130ngilizce)<\/title>\n<meta name=\"robots\" content=\"index, follow, max-snippet:-1, max-image-preview:large, max-video-preview:-1\" \/>\n<link rel=\"canonical\" href=\"http:\/\/ticaret.edu.tr\/yonetim-bilisim-sistemleri-ingilizce\/lisansustu-ders-ve-sinav-programi\/\" \/>\n<meta property=\"og:locale\" content=\"tr_TR\" \/>\n<meta property=\"og:type\" content=\"article\" \/>\n<meta property=\"og:title\" content=\"Ders ve S\u0131nav Program\u0131\" \/>\n<meta property=\"og:description\" content=\"Lisans\u00fcst\u00fc E\u011fitimine ait Ders ve S\u0131nav Program\u0131 i\u00e7eriklerine ula\u015fmak i\u00e7in L\u0130SANS\u00dcST\u00dc E\u011e\u0130T\u0130M ENST\u0130T\u00dcS\u00dc\u00a0sayfas\u0131n\u0131 ziyaret ediniz.\" \/>\n<meta property=\"og:url\" content=\"http:\/\/ticaret.edu.tr\/yonetim-bilisim-sistemleri-ingilizce\/lisansustu-ders-ve-sinav-programi\/\" \/>\n<meta property=\"og:site_name\" content=\"Y\u00f6netim Bili\u015fim Sistemleri (\u0130ngilizce)\" \/>\n<meta property=\"article:publisher\" content=\"https:\/\/www.facebook.com\/ticaretedutr\" \/>\n<meta property=\"article:modified_time\" content=\"2025-10-17T12:58:30+00:00\" \/>\n<meta name=\"twitter:card\" content=\"summary_large_image\" \/>\n<meta name=\"twitter:site\" content=\"@ticaretedutr\" \/>\n<meta name=\"twitter:label1\" content=\"Tahmini okuma s\u00fcresi\" \/>\n\t<meta name=\"twitter:data1\" content=\"1 dakika\" \/>\n<script type=\"application\/ld+json\" class=\"yoast-schema-graph\">{\"@context\":\"https:\/\/schema.org\",\"@graph\":[{\"@type\":\"WebPage\",\"@id\":\"http:\/\/ticaret.edu.tr\/yonetim-bilisim-sistemleri-ingilizce\/lisansustu-ders-ve-sinav-programi\/\",\"url\":\"http:\/\/ticaret.edu.tr\/yonetim-bilisim-sistemleri-ingilizce\/lisansustu-ders-ve-sinav-programi\/\",\"name\":\"Ders ve S\u0131nav Program\u0131 - Y\u00f6netim Bili\u015fim Sistemleri (\u0130ngilizce)\",\"isPartOf\":{\"@id\":\"http:\/\/ticaret.edu.tr\/yonetim-bilisim-sistemleri-ingilizce\/en\/#website\"},\"datePublished\":\"2025-01-26T20:38:49+00:00\",\"dateModified\":\"2025-10-17T12:58:30+00:00\",\"breadcrumb\":{\"@id\":\"http:\/\/ticaret.edu.tr\/yonetim-bilisim-sistemleri-ingilizce\/lisansustu-ders-ve-sinav-programi\/#breadcrumb\"},\"inLanguage\":\"tr\",\"potentialAction\":[{\"@type\":\"ReadAction\",\"target\":[\"http:\/\/ticaret.edu.tr\/yonetim-bilisim-sistemleri-ingilizce\/lisansustu-ders-ve-sinav-programi\/\"]}]},{\"@type\":\"BreadcrumbList\",\"@id\":\"http:\/\/ticaret.edu.tr\/yonetim-bilisim-sistemleri-ingilizce\/lisansustu-ders-ve-sinav-programi\/#breadcrumb\",\"itemListElement\":[{\"@type\":\"ListItem\",\"position\":1,\"name\":\"Ana sayfa\",\"item\":\"https:\/\/ticaret.edu.tr\/yonetim-bilisim-sistemleri-ingilizce\/\"},{\"@type\":\"ListItem\",\"position\":2,\"name\":\"Ders ve S\u0131nav Program\u0131\"}]},{\"@type\":\"WebSite\",\"@id\":\"http:\/\/ticaret.edu.tr\/yonetim-bilisim-sistemleri-ingilizce\/en\/#website\",\"url\":\"http:\/\/ticaret.edu.tr\/yonetim-bilisim-sistemleri-ingilizce\/en\/\",\"name\":\"Y\u00f6netim Bili\u015fim Sistemleri (\u0130ngilizce)\",\"description\":\"\",\"potentialAction\":[{\"@type\":\"SearchAction\",\"target\":{\"@type\":\"EntryPoint\",\"urlTemplate\":\"http:\/\/ticaret.edu.tr\/yonetim-bilisim-sistemleri-ingilizce\/en\/?s={search_term_string}\"},\"query-input\":\"required name=search_term_string\"}],\"inLanguage\":\"tr\"}]}<\/script>\n<!-- \/ Yoast SEO Premium plugin. -->","yoast_head_json":{"title":"Ders ve S\u0131nav Program\u0131 - Y\u00f6netim Bili\u015fim Sistemleri (\u0130ngilizce)","robots":{"index":"index","follow":"follow","max-snippet":"max-snippet:-1","max-image-preview":"max-image-preview:large","max-video-preview":"max-video-preview:-1"},"canonical":"http:\/\/ticaret.edu.tr\/yonetim-bilisim-sistemleri-ingilizce\/lisansustu-ders-ve-sinav-programi\/","og_locale":"tr_TR","og_type":"article","og_title":"Ders ve S\u0131nav Program\u0131","og_description":"Lisans\u00fcst\u00fc E\u011fitimine ait Ders ve S\u0131nav Program\u0131 i\u00e7eriklerine ula\u015fmak i\u00e7in L\u0130SANS\u00dcST\u00dc E\u011e\u0130T\u0130M ENST\u0130T\u00dcS\u00dc\u00a0sayfas\u0131n\u0131 ziyaret ediniz.","og_url":"http:\/\/ticaret.edu.tr\/yonetim-bilisim-sistemleri-ingilizce\/lisansustu-ders-ve-sinav-programi\/","og_site_name":"Y\u00f6netim Bili\u015fim Sistemleri (\u0130ngilizce)","article_publisher":"https:\/\/www.facebook.com\/ticaretedutr","article_modified_time":"2025-10-17T12:58:30+00:00","twitter_card":"summary_large_image","twitter_site":"@ticaretedutr","twitter_misc":{"Tahmini okuma s\u00fcresi":"1 dakika"},"schema":{"@context":"https:\/\/schema.org","@graph":[{"@type":"WebPage","@id":"http:\/\/ticaret.edu.tr\/yonetim-bilisim-sistemleri-ingilizce\/lisansustu-ders-ve-sinav-programi\/","url":"http:\/\/ticaret.edu.tr\/yonetim-bilisim-sistemleri-ingilizce\/lisansustu-ders-ve-sinav-programi\/","name":"Ders ve S\u0131nav Program\u0131 - Y\u00f6netim Bili\u015fim Sistemleri (\u0130ngilizce)","isPartOf":{"@id":"http:\/\/ticaret.edu.tr\/yonetim-bilisim-sistemleri-ingilizce\/en\/#website"},"datePublished":"2025-01-26T20:38:49+00:00","dateModified":"2025-10-17T12:58:30+00:00","breadcrumb":{"@id":"http:\/\/ticaret.edu.tr\/yonetim-bilisim-sistemleri-ingilizce\/lisansustu-ders-ve-sinav-programi\/#breadcrumb"},"inLanguage":"tr","potentialAction":[{"@type":"ReadAction","target":["http:\/\/ticaret.edu.tr\/yonetim-bilisim-sistemleri-ingilizce\/lisansustu-ders-ve-sinav-programi\/"]}]},{"@type":"BreadcrumbList","@id":"http:\/\/ticaret.edu.tr\/yonetim-bilisim-sistemleri-ingilizce\/lisansustu-ders-ve-sinav-programi\/#breadcrumb","itemListElement":[{"@type":"ListItem","position":1,"name":"Ana sayfa","item":"https:\/\/ticaret.edu.tr\/yonetim-bilisim-sistemleri-ingilizce\/"},{"@type":"ListItem","position":2,"name":"Ders ve S\u0131nav Program\u0131"}]},{"@type":"WebSite","@id":"http:\/\/ticaret.edu.tr\/yonetim-bilisim-sistemleri-ingilizce\/en\/#website","url":"http:\/\/ticaret.edu.tr\/yonetim-bilisim-sistemleri-ingilizce\/en\/","name":"Y\u00f6netim Bili\u015fim Sistemleri (\u0130ngilizce)","description":"","potentialAction":[{"@type":"SearchAction","target":{"@type":"EntryPoint","urlTemplate":"http:\/\/ticaret.edu.tr\/yonetim-bilisim-sistemleri-ingilizce\/en\/?s={search_term_string}"},"query-input":"required name=search_term_string"}],"inLanguage":"tr"}]}},"lang":"tr","translations":{"en":726,"tr":723},"pll_sync_post":[],"_links":{"self":[{"href":"http:\/\/ticaret.edu.tr\/yonetim-bilisim-sistemleri-ingilizce\/wp-json\/wp\/v2\/pages\/723"}],"collection":[{"href":"http:\/\/ticaret.edu.tr\/yonetim-bilisim-sistemleri-ingilizce\/wp-json\/wp\/v2\/pages"}],"about":[{"href":"http:\/\/ticaret.edu.tr\/yonetim-bilisim-sistemleri-ingilizce\/wp-json\/wp\/v2\/types\/page"}],"author":[{"embeddable":true,"href":"http:\/\/ticaret.edu.tr\/yonetim-bilisim-sistemleri-ingilizce\/wp-json\/wp\/v2\/users\/211"}],"replies":[{"embeddable":true,"href":"http:\/\/ticaret.edu.tr\/yonetim-bilisim-sistemleri-ingilizce\/wp-json\/wp\/v2\/comments?post=723"}],"version-history":[{"count":2,"href":"http:\/\/ticaret.edu.tr\/yonetim-bilisim-sistemleri-ingilizce\/wp-json\/wp\/v2\/pages\/723\/revisions"}],"predecessor-version":[{"id":1541,"href":"http:\/\/ticaret.edu.tr\/yonetim-bilisim-sistemleri-ingilizce\/wp-json\/wp\/v2\/pages\/723\/revisions\/1541"}],"wp:attachment":[{"href":"http:\/\/ticaret.edu.tr\/yonetim-bilisim-sistemleri-ingilizce\/wp-json\/wp\/v2\/media?parent=723"}],"curies":[{"name":"wp","href":"https:\/\/api.w.org\/{rel}","templated":true}]}}