{"id":773,"date":"2025-01-26T23:45:40","date_gmt":"2025-01-26T20:45:40","guid":{"rendered":"https:\/\/ticaret.edu.tr\/yonetim-bilisim-sistemleri-ingilizce\/?page_id=773"},"modified":"2025-10-17T11:59:22","modified_gmt":"2025-10-17T08:59:22","slug":"arastirma-alanlari","status":"publish","type":"page","link":"http:\/\/ticaret.edu.tr\/yonetim-bilisim-sistemleri-ingilizce\/arastirma-alanlari\/","title":{"rendered":"Ara\u015ft\u0131rma Alanlar\u0131"},"content":{"rendered":"<h4>Y\u00d6NET\u0130M B\u0130L\u0130\u015e\u0130M S\u0130STEMLER\u0130 B\u00d6L\u00dcM\u00dc ARA\u015eTIRMA ALANLARI<\/h4>\n<ul>\n<li data-start=\"255\" data-end=\"492\">\n<p data-start=\"258\" data-end=\"492\">Veri Bilimi, \u0130\u015f Analiti\u011fi ve Yapay Zek\u00e2<\/p>\n<\/li>\n<li data-start=\"493\" data-end=\"751\">\n<p data-start=\"496\" data-end=\"751\">Dijital D\u00f6n\u00fc\u015f\u00fcm, B\u0130T\u2019in Ekonomisi ve Yaz\u0131l\u0131m\/BT Y\u00f6netimi<\/p>\n<\/li>\n<li data-start=\"493\" data-end=\"751\">\n<p data-start=\"496\" data-end=\"751\">Dijital Pazarlama, E-Ticaret ve \u00c7evrim-i\u00e7i T\u00fcketici Davran\u0131\u015f\u0131<\/p>\n<\/li>\n<li data-start=\"493\" data-end=\"751\">\n<p data-start=\"496\" data-end=\"751\">Siber G\u00fcvenlik, A\u011f Sistemleri ve Yeni Teknolojiler (IoT, Blokzincir, Dijital \u0130kiz vb.)<\/p>\n<\/li>\n<li data-start=\"493\" data-end=\"751\">ERP ve Karar Destek Sistemleri<\/li>\n<\/ul>\n","protected":false},"excerpt":{"rendered":"<p>Y\u00d6NET\u0130M B\u0130L\u0130\u015e\u0130M S\u0130STEMLER\u0130 B\u00d6L\u00dcM\u00dc ARA\u015eTIRMA ALANLARI Veri Bilimi, \u0130\u015f Analiti\u011fi ve Yapay Zek\u00e2 Dijital D\u00f6n\u00fc\u015f\u00fcm, B\u0130T\u2019in Ekonomisi ve Yaz\u0131l\u0131m\/BT Y\u00f6netimi Dijital Pazarlama, E-Ticaret ve \u00c7evrim-i\u00e7i T\u00fcketici Davran\u0131\u015f\u0131 Siber G\u00fcvenlik, A\u011f Sistemleri ve Yeni Teknolojiler (IoT, Blokzincir, Dijital \u0130kiz vb.) ERP ve Karar Destek Sistemleri<\/p>\n","protected":false},"author":211,"featured_media":0,"parent":0,"menu_order":0,"comment_status":"closed","ping_status":"closed","template":"genel_sayfa.php","meta":{"footnotes":""},"yoast_head":"<!-- This site is optimized with the Yoast SEO Premium plugin v22.1 (Yoast SEO v22.1) - https:\/\/yoast.com\/wordpress\/plugins\/seo\/ -->\n<title>Ara\u015ft\u0131rma Alanlar\u0131 - Y\u00f6netim Bili\u015fim Sistemleri (\u0130ngilizce)<\/title>\n<meta name=\"robots\" content=\"index, follow, max-snippet:-1, max-image-preview:large, max-video-preview:-1\" \/>\n<link rel=\"canonical\" href=\"http:\/\/ticaret.edu.tr\/yonetim-bilisim-sistemleri-ingilizce\/arastirma-alanlari\/\" \/>\n<meta property=\"og:locale\" content=\"tr_TR\" \/>\n<meta property=\"og:type\" content=\"article\" \/>\n<meta property=\"og:title\" content=\"Ara\u015ft\u0131rma Alanlar\u0131\" \/>\n<meta property=\"og:description\" content=\"Y\u00d6NET\u0130M B\u0130L\u0130\u015e\u0130M S\u0130STEMLER\u0130 B\u00d6L\u00dcM\u00dc ARA\u015eTIRMA ALANLARI Veri Bilimi, \u0130\u015f Analiti\u011fi ve Yapay Zek\u00e2 Dijital D\u00f6n\u00fc\u015f\u00fcm, B\u0130T\u2019in Ekonomisi ve Yaz\u0131l\u0131m\/BT Y\u00f6netimi Dijital Pazarlama, E-Ticaret ve \u00c7evrim-i\u00e7i T\u00fcketici Davran\u0131\u015f\u0131 Siber G\u00fcvenlik, A\u011f Sistemleri ve Yeni Teknolojiler (IoT, Blokzincir, Dijital \u0130kiz vb.) ERP ve Karar Destek Sistemleri\" \/>\n<meta property=\"og:url\" content=\"http:\/\/ticaret.edu.tr\/yonetim-bilisim-sistemleri-ingilizce\/arastirma-alanlari\/\" \/>\n<meta property=\"og:site_name\" content=\"Y\u00f6netim Bili\u015fim Sistemleri (\u0130ngilizce)\" \/>\n<meta property=\"article:publisher\" content=\"https:\/\/www.facebook.com\/ticaretedutr\" \/>\n<meta property=\"article:modified_time\" content=\"2025-10-17T08:59:22+00:00\" \/>\n<meta name=\"twitter:card\" content=\"summary_large_image\" \/>\n<meta name=\"twitter:site\" content=\"@ticaretedutr\" \/>\n<meta name=\"twitter:label1\" content=\"Tahmini okuma s\u00fcresi\" \/>\n\t<meta name=\"twitter:data1\" content=\"1 dakika\" \/>\n<script type=\"application\/ld+json\" class=\"yoast-schema-graph\">{\"@context\":\"https:\/\/schema.org\",\"@graph\":[{\"@type\":\"WebPage\",\"@id\":\"http:\/\/ticaret.edu.tr\/yonetim-bilisim-sistemleri-ingilizce\/arastirma-alanlari\/\",\"url\":\"http:\/\/ticaret.edu.tr\/yonetim-bilisim-sistemleri-ingilizce\/arastirma-alanlari\/\",\"name\":\"Ara\u015ft\u0131rma Alanlar\u0131 - Y\u00f6netim Bili\u015fim Sistemleri (\u0130ngilizce)\",\"isPartOf\":{\"@id\":\"http:\/\/ticaret.edu.tr\/yonetim-bilisim-sistemleri-ingilizce\/en\/#website\"},\"datePublished\":\"2025-01-26T20:45:40+00:00\",\"dateModified\":\"2025-10-17T08:59:22+00:00\",\"breadcrumb\":{\"@id\":\"http:\/\/ticaret.edu.tr\/yonetim-bilisim-sistemleri-ingilizce\/arastirma-alanlari\/#breadcrumb\"},\"inLanguage\":\"tr\",\"potentialAction\":[{\"@type\":\"ReadAction\",\"target\":[\"http:\/\/ticaret.edu.tr\/yonetim-bilisim-sistemleri-ingilizce\/arastirma-alanlari\/\"]}]},{\"@type\":\"BreadcrumbList\",\"@id\":\"http:\/\/ticaret.edu.tr\/yonetim-bilisim-sistemleri-ingilizce\/arastirma-alanlari\/#breadcrumb\",\"itemListElement\":[{\"@type\":\"ListItem\",\"position\":1,\"name\":\"Ana sayfa\",\"item\":\"https:\/\/ticaret.edu.tr\/yonetim-bilisim-sistemleri-ingilizce\/\"},{\"@type\":\"ListItem\",\"position\":2,\"name\":\"Ara\u015ft\u0131rma Alanlar\u0131\"}]},{\"@type\":\"WebSite\",\"@id\":\"http:\/\/ticaret.edu.tr\/yonetim-bilisim-sistemleri-ingilizce\/en\/#website\",\"url\":\"http:\/\/ticaret.edu.tr\/yonetim-bilisim-sistemleri-ingilizce\/en\/\",\"name\":\"Y\u00f6netim Bili\u015fim Sistemleri (\u0130ngilizce)\",\"description\":\"\",\"potentialAction\":[{\"@type\":\"SearchAction\",\"target\":{\"@type\":\"EntryPoint\",\"urlTemplate\":\"http:\/\/ticaret.edu.tr\/yonetim-bilisim-sistemleri-ingilizce\/en\/?s={search_term_string}\"},\"query-input\":\"required name=search_term_string\"}],\"inLanguage\":\"tr\"}]}<\/script>\n<!-- \/ Yoast SEO Premium plugin. -->","yoast_head_json":{"title":"Ara\u015ft\u0131rma Alanlar\u0131 - Y\u00f6netim Bili\u015fim Sistemleri (\u0130ngilizce)","robots":{"index":"index","follow":"follow","max-snippet":"max-snippet:-1","max-image-preview":"max-image-preview:large","max-video-preview":"max-video-preview:-1"},"canonical":"http:\/\/ticaret.edu.tr\/yonetim-bilisim-sistemleri-ingilizce\/arastirma-alanlari\/","og_locale":"tr_TR","og_type":"article","og_title":"Ara\u015ft\u0131rma Alanlar\u0131","og_description":"Y\u00d6NET\u0130M B\u0130L\u0130\u015e\u0130M S\u0130STEMLER\u0130 B\u00d6L\u00dcM\u00dc ARA\u015eTIRMA ALANLARI Veri Bilimi, \u0130\u015f Analiti\u011fi ve Yapay Zek\u00e2 Dijital D\u00f6n\u00fc\u015f\u00fcm, B\u0130T\u2019in Ekonomisi ve Yaz\u0131l\u0131m\/BT Y\u00f6netimi Dijital Pazarlama, E-Ticaret ve \u00c7evrim-i\u00e7i T\u00fcketici Davran\u0131\u015f\u0131 Siber G\u00fcvenlik, A\u011f Sistemleri ve Yeni Teknolojiler (IoT, Blokzincir, Dijital \u0130kiz vb.) ERP ve Karar Destek Sistemleri","og_url":"http:\/\/ticaret.edu.tr\/yonetim-bilisim-sistemleri-ingilizce\/arastirma-alanlari\/","og_site_name":"Y\u00f6netim Bili\u015fim Sistemleri (\u0130ngilizce)","article_publisher":"https:\/\/www.facebook.com\/ticaretedutr","article_modified_time":"2025-10-17T08:59:22+00:00","twitter_card":"summary_large_image","twitter_site":"@ticaretedutr","twitter_misc":{"Tahmini okuma s\u00fcresi":"1 dakika"},"schema":{"@context":"https:\/\/schema.org","@graph":[{"@type":"WebPage","@id":"http:\/\/ticaret.edu.tr\/yonetim-bilisim-sistemleri-ingilizce\/arastirma-alanlari\/","url":"http:\/\/ticaret.edu.tr\/yonetim-bilisim-sistemleri-ingilizce\/arastirma-alanlari\/","name":"Ara\u015ft\u0131rma Alanlar\u0131 - Y\u00f6netim Bili\u015fim Sistemleri (\u0130ngilizce)","isPartOf":{"@id":"http:\/\/ticaret.edu.tr\/yonetim-bilisim-sistemleri-ingilizce\/en\/#website"},"datePublished":"2025-01-26T20:45:40+00:00","dateModified":"2025-10-17T08:59:22+00:00","breadcrumb":{"@id":"http:\/\/ticaret.edu.tr\/yonetim-bilisim-sistemleri-ingilizce\/arastirma-alanlari\/#breadcrumb"},"inLanguage":"tr","potentialAction":[{"@type":"ReadAction","target":["http:\/\/ticaret.edu.tr\/yonetim-bilisim-sistemleri-ingilizce\/arastirma-alanlari\/"]}]},{"@type":"BreadcrumbList","@id":"http:\/\/ticaret.edu.tr\/yonetim-bilisim-sistemleri-ingilizce\/arastirma-alanlari\/#breadcrumb","itemListElement":[{"@type":"ListItem","position":1,"name":"Ana sayfa","item":"https:\/\/ticaret.edu.tr\/yonetim-bilisim-sistemleri-ingilizce\/"},{"@type":"ListItem","position":2,"name":"Ara\u015ft\u0131rma Alanlar\u0131"}]},{"@type":"WebSite","@id":"http:\/\/ticaret.edu.tr\/yonetim-bilisim-sistemleri-ingilizce\/en\/#website","url":"http:\/\/ticaret.edu.tr\/yonetim-bilisim-sistemleri-ingilizce\/en\/","name":"Y\u00f6netim Bili\u015fim Sistemleri (\u0130ngilizce)","description":"","potentialAction":[{"@type":"SearchAction","target":{"@type":"EntryPoint","urlTemplate":"http:\/\/ticaret.edu.tr\/yonetim-bilisim-sistemleri-ingilizce\/en\/?s={search_term_string}"},"query-input":"required name=search_term_string"}],"inLanguage":"tr"}]}},"lang":"tr","translations":{"en":776,"tr":773},"pll_sync_post":[],"_links":{"self":[{"href":"http:\/\/ticaret.edu.tr\/yonetim-bilisim-sistemleri-ingilizce\/wp-json\/wp\/v2\/pages\/773"}],"collection":[{"href":"http:\/\/ticaret.edu.tr\/yonetim-bilisim-sistemleri-ingilizce\/wp-json\/wp\/v2\/pages"}],"about":[{"href":"http:\/\/ticaret.edu.tr\/yonetim-bilisim-sistemleri-ingilizce\/wp-json\/wp\/v2\/types\/page"}],"author":[{"embeddable":true,"href":"http:\/\/ticaret.edu.tr\/yonetim-bilisim-sistemleri-ingilizce\/wp-json\/wp\/v2\/users\/211"}],"replies":[{"embeddable":true,"href":"http:\/\/ticaret.edu.tr\/yonetim-bilisim-sistemleri-ingilizce\/wp-json\/wp\/v2\/comments?post=773"}],"version-history":[{"count":4,"href":"http:\/\/ticaret.edu.tr\/yonetim-bilisim-sistemleri-ingilizce\/wp-json\/wp\/v2\/pages\/773\/revisions"}],"predecessor-version":[{"id":1486,"href":"http:\/\/ticaret.edu.tr\/yonetim-bilisim-sistemleri-ingilizce\/wp-json\/wp\/v2\/pages\/773\/revisions\/1486"}],"wp:attachment":[{"href":"http:\/\/ticaret.edu.tr\/yonetim-bilisim-sistemleri-ingilizce\/wp-json\/wp\/v2\/media?parent=773"}],"curies":[{"name":"wp","href":"https:\/\/api.w.org\/{rel}","templated":true}]}}