{"id":782,"date":"2025-01-26T23:46:36","date_gmt":"2025-01-26T20:46:36","guid":{"rendered":"https:\/\/ticaret.edu.tr\/yonetim-bilisim-sistemleri-ingilizce\/?page_id=782"},"modified":"2026-05-01T21:44:14","modified_gmt":"2026-05-01T18:44:14","slug":"publications","status":"publish","type":"page","link":"http:\/\/ticaret.edu.tr\/yonetim-bilisim-sistemleri-ingilizce\/en\/publications\/","title":{"rendered":"Publications"},"content":{"rendered":"<div class=\"flex-shrink-0 flex flex-col relative items-end\">\n<div>\n<div class=\"pt-0\">\n<div class=\"gizmo-bot-avatar flex h-8 w-8 items-center justify-center overflow-hidden rounded-full\">\n<div class=\"relative p-1 rounded-sm flex items-center justify-center bg-token-main-surface-primary text-token-text-primary h-8 w-8\"><\/div>\n<\/div>\n<\/div>\n<\/div>\n<\/div>\n<div class=\"group\/conversation-turn relative flex w-full min-w-0 flex-col agent-turn\">\n<div class=\"flex-col gap-1 md:gap-3\">\n<div class=\"flex max-w-full flex-col flex-grow\">\n<div class=\"min-h-8 text-message flex w-full flex-col items-end gap-2 whitespace-normal break-words text-start [.text-message+&amp;]:mt-5\" dir=\"auto\" data-message-author-role=\"assistant\" data-message-id=\"0b818813-9b1f-4ddd-8555-62b36fe69e8f\" data-message-model-slug=\"gpt-4o\">\n<div class=\"flex w-full flex-col gap-1 empty:hidden first:pt-[3px]\">\n<div class=\"markdown prose w-full break-words dark:prose-invert light\">\n<h4>You can access the <strong>publications of our faculty members<\/strong> by clicking on their names:<\/h4>\n<ul>\n<li><strong><a href=\"https:\/\/avesis.ticaret.edu.tr\/uaydin\/yayinlar\" rel=\"noopener\">Assoc. Prof. Umut AYDIN<\/a><\/strong><\/li>\n<li><strong><a href=\"https:\/\/avesis.ticaret.edu.tr\/goowilliams\/yayinlar\" rel=\"noopener\">Asst. Prof. Godwin Oluseye OLASEHINDE-WILLIAMS<\/a><\/strong><\/li>\n<li><strong><a href=\"https:\/\/avesis.ticaret.edu.tr\/iboyaci\/yayinlar\" rel=\"noopener\">Asst. Prof. \u0130srafil BOYACI<\/a><\/strong><\/li>\n<li><strong><a href=\"https:\/\/avesis.ticaret.edu.tr\/tkaradayi\/yayinlar\" rel=\"noopener\">Res. Asst. Talha KARADAYI<\/a><\/strong><\/li>\n<\/ul>\n<\/div>\n<\/div>\n<\/div>\n<\/div>\n<\/div>\n<\/div>\n","protected":false},"excerpt":{"rendered":"<p>You can access the publications of our faculty members by clicking on their names: Assoc. Prof. Umut AYDIN Asst. Prof. Godwin Oluseye OLASEHINDE-WILLIAMS Asst. Prof. \u0130srafil BOYACI Res. Asst. Talha KARADAYI<\/p>\n","protected":false},"author":211,"featured_media":0,"parent":0,"menu_order":0,"comment_status":"closed","ping_status":"closed","template":"genel_sayfa.php","meta":{"footnotes":""},"yoast_head":"<!-- This site is optimized with the Yoast SEO Premium plugin v22.1 (Yoast SEO v22.1) - https:\/\/yoast.com\/wordpress\/plugins\/seo\/ -->\n<title>Publications - Y\u00f6netim Bili\u015fim Sistemleri (\u0130ngilizce)<\/title>\n<meta name=\"robots\" content=\"index, follow, max-snippet:-1, max-image-preview:large, max-video-preview:-1\" \/>\n<link rel=\"canonical\" href=\"http:\/\/ticaret.edu.tr\/yonetim-bilisim-sistemleri-ingilizce\/en\/publications\/\" \/>\n<meta property=\"og:locale\" content=\"tr_TR\" \/>\n<meta property=\"og:type\" content=\"article\" \/>\n<meta property=\"og:title\" content=\"Publications\" \/>\n<meta property=\"og:description\" content=\"You can access the publications of our faculty members by clicking on their names: Assoc. Prof. Umut AYDIN Asst. Prof. Godwin Oluseye OLASEHINDE-WILLIAMS Asst. Prof. \u0130srafil BOYACI Res. Asst. Talha KARADAYI\" \/>\n<meta property=\"og:url\" content=\"http:\/\/ticaret.edu.tr\/yonetim-bilisim-sistemleri-ingilizce\/en\/publications\/\" \/>\n<meta property=\"og:site_name\" content=\"Y\u00f6netim Bili\u015fim Sistemleri (\u0130ngilizce)\" \/>\n<meta property=\"article:publisher\" content=\"https:\/\/www.facebook.com\/ticaretedutr\" \/>\n<meta property=\"article:modified_time\" content=\"2026-05-01T18:44:14+00:00\" \/>\n<meta name=\"twitter:card\" content=\"summary_large_image\" \/>\n<meta name=\"twitter:site\" content=\"@ticaretedutr\" \/>\n<meta name=\"twitter:label1\" content=\"Tahmini okuma s\u00fcresi\" \/>\n\t<meta name=\"twitter:data1\" content=\"1 dakika\" \/>\n<script type=\"application\/ld+json\" class=\"yoast-schema-graph\">{\"@context\":\"https:\/\/schema.org\",\"@graph\":[{\"@type\":\"WebPage\",\"@id\":\"http:\/\/ticaret.edu.tr\/yonetim-bilisim-sistemleri-ingilizce\/en\/publications\/\",\"url\":\"http:\/\/ticaret.edu.tr\/yonetim-bilisim-sistemleri-ingilizce\/en\/publications\/\",\"name\":\"Publications - Y\u00f6netim Bili\u015fim Sistemleri (\u0130ngilizce)\",\"isPartOf\":{\"@id\":\"http:\/\/ticaret.edu.tr\/yonetim-bilisim-sistemleri-ingilizce\/en\/#website\"},\"datePublished\":\"2025-01-26T20:46:36+00:00\",\"dateModified\":\"2026-05-01T18:44:14+00:00\",\"breadcrumb\":{\"@id\":\"http:\/\/ticaret.edu.tr\/yonetim-bilisim-sistemleri-ingilizce\/en\/publications\/#breadcrumb\"},\"inLanguage\":\"tr\",\"potentialAction\":[{\"@type\":\"ReadAction\",\"target\":[\"http:\/\/ticaret.edu.tr\/yonetim-bilisim-sistemleri-ingilizce\/en\/publications\/\"]}]},{\"@type\":\"BreadcrumbList\",\"@id\":\"http:\/\/ticaret.edu.tr\/yonetim-bilisim-sistemleri-ingilizce\/en\/publications\/#breadcrumb\",\"itemListElement\":[{\"@type\":\"ListItem\",\"position\":1,\"name\":\"Ana sayfa\",\"item\":\"https:\/\/ticaret.edu.tr\/yonetim-bilisim-sistemleri-ingilizce\/\"},{\"@type\":\"ListItem\",\"position\":2,\"name\":\"Publications\"}]},{\"@type\":\"WebSite\",\"@id\":\"http:\/\/ticaret.edu.tr\/yonetim-bilisim-sistemleri-ingilizce\/en\/#website\",\"url\":\"http:\/\/ticaret.edu.tr\/yonetim-bilisim-sistemleri-ingilizce\/en\/\",\"name\":\"Y\u00f6netim Bili\u015fim Sistemleri (\u0130ngilizce)\",\"description\":\"\",\"potentialAction\":[{\"@type\":\"SearchAction\",\"target\":{\"@type\":\"EntryPoint\",\"urlTemplate\":\"http:\/\/ticaret.edu.tr\/yonetim-bilisim-sistemleri-ingilizce\/en\/?s={search_term_string}\"},\"query-input\":\"required name=search_term_string\"}],\"inLanguage\":\"tr\"}]}<\/script>\n<!-- \/ Yoast SEO Premium plugin. -->","yoast_head_json":{"title":"Publications - Y\u00f6netim Bili\u015fim Sistemleri (\u0130ngilizce)","robots":{"index":"index","follow":"follow","max-snippet":"max-snippet:-1","max-image-preview":"max-image-preview:large","max-video-preview":"max-video-preview:-1"},"canonical":"http:\/\/ticaret.edu.tr\/yonetim-bilisim-sistemleri-ingilizce\/en\/publications\/","og_locale":"tr_TR","og_type":"article","og_title":"Publications","og_description":"You can access the publications of our faculty members by clicking on their names: Assoc. Prof. Umut AYDIN Asst. Prof. Godwin Oluseye OLASEHINDE-WILLIAMS Asst. Prof. \u0130srafil BOYACI Res. Asst. Talha KARADAYI","og_url":"http:\/\/ticaret.edu.tr\/yonetim-bilisim-sistemleri-ingilizce\/en\/publications\/","og_site_name":"Y\u00f6netim Bili\u015fim Sistemleri (\u0130ngilizce)","article_publisher":"https:\/\/www.facebook.com\/ticaretedutr","article_modified_time":"2026-05-01T18:44:14+00:00","twitter_card":"summary_large_image","twitter_site":"@ticaretedutr","twitter_misc":{"Tahmini okuma s\u00fcresi":"1 dakika"},"schema":{"@context":"https:\/\/schema.org","@graph":[{"@type":"WebPage","@id":"http:\/\/ticaret.edu.tr\/yonetim-bilisim-sistemleri-ingilizce\/en\/publications\/","url":"http:\/\/ticaret.edu.tr\/yonetim-bilisim-sistemleri-ingilizce\/en\/publications\/","name":"Publications - Y\u00f6netim Bili\u015fim Sistemleri (\u0130ngilizce)","isPartOf":{"@id":"http:\/\/ticaret.edu.tr\/yonetim-bilisim-sistemleri-ingilizce\/en\/#website"},"datePublished":"2025-01-26T20:46:36+00:00","dateModified":"2026-05-01T18:44:14+00:00","breadcrumb":{"@id":"http:\/\/ticaret.edu.tr\/yonetim-bilisim-sistemleri-ingilizce\/en\/publications\/#breadcrumb"},"inLanguage":"tr","potentialAction":[{"@type":"ReadAction","target":["http:\/\/ticaret.edu.tr\/yonetim-bilisim-sistemleri-ingilizce\/en\/publications\/"]}]},{"@type":"BreadcrumbList","@id":"http:\/\/ticaret.edu.tr\/yonetim-bilisim-sistemleri-ingilizce\/en\/publications\/#breadcrumb","itemListElement":[{"@type":"ListItem","position":1,"name":"Ana sayfa","item":"https:\/\/ticaret.edu.tr\/yonetim-bilisim-sistemleri-ingilizce\/"},{"@type":"ListItem","position":2,"name":"Publications"}]},{"@type":"WebSite","@id":"http:\/\/ticaret.edu.tr\/yonetim-bilisim-sistemleri-ingilizce\/en\/#website","url":"http:\/\/ticaret.edu.tr\/yonetim-bilisim-sistemleri-ingilizce\/en\/","name":"Y\u00f6netim Bili\u015fim Sistemleri (\u0130ngilizce)","description":"","potentialAction":[{"@type":"SearchAction","target":{"@type":"EntryPoint","urlTemplate":"http:\/\/ticaret.edu.tr\/yonetim-bilisim-sistemleri-ingilizce\/en\/?s={search_term_string}"},"query-input":"required name=search_term_string"}],"inLanguage":"tr"}]}},"lang":"en","translations":{"en":782},"pll_sync_post":[],"_links":{"self":[{"href":"http:\/\/ticaret.edu.tr\/yonetim-bilisim-sistemleri-ingilizce\/wp-json\/wp\/v2\/pages\/782"}],"collection":[{"href":"http:\/\/ticaret.edu.tr\/yonetim-bilisim-sistemleri-ingilizce\/wp-json\/wp\/v2\/pages"}],"about":[{"href":"http:\/\/ticaret.edu.tr\/yonetim-bilisim-sistemleri-ingilizce\/wp-json\/wp\/v2\/types\/page"}],"author":[{"embeddable":true,"href":"http:\/\/ticaret.edu.tr\/yonetim-bilisim-sistemleri-ingilizce\/wp-json\/wp\/v2\/users\/211"}],"replies":[{"embeddable":true,"href":"http:\/\/ticaret.edu.tr\/yonetim-bilisim-sistemleri-ingilizce\/wp-json\/wp\/v2\/comments?post=782"}],"version-history":[{"count":7,"href":"http:\/\/ticaret.edu.tr\/yonetim-bilisim-sistemleri-ingilizce\/wp-json\/wp\/v2\/pages\/782\/revisions"}],"predecessor-version":[{"id":1804,"href":"http:\/\/ticaret.edu.tr\/yonetim-bilisim-sistemleri-ingilizce\/wp-json\/wp\/v2\/pages\/782\/revisions\/1804"}],"wp:attachment":[{"href":"http:\/\/ticaret.edu.tr\/yonetim-bilisim-sistemleri-ingilizce\/wp-json\/wp\/v2\/media?parent=782"}],"curies":[{"name":"wp","href":"https:\/\/api.w.org\/{rel}","templated":true}]}}