{"id":824,"date":"2025-01-26T23:51:46","date_gmt":"2025-01-26T20:51:46","guid":{"rendered":"https:\/\/ticaret.edu.tr\/yonetim-bilisim-sistemleri-ingilizce\/?page_id=824"},"modified":"2026-04-30T08:30:23","modified_gmt":"2026-04-30T05:30:23","slug":"departments-advisory-board","status":"publish","type":"page","link":"http:\/\/ticaret.edu.tr\/yonetim-bilisim-sistemleri-ingilizce\/en\/departments-advisory-board\/","title":{"rendered":"Department&#8217;s Advisory Board"},"content":{"rendered":"<table style=\"height: 379px\" width=\"845\">\n<tbody>\n<tr>\n<td colspan=\"3\" width=\"662\">\n<h3>MANAGEMENT INFORMATION SYSTEMS (ENG) DEPARTMENT ADVISORY BOARD<\/h3>\n<\/td>\n<\/tr>\n<tr>\n<td width=\"217\"><strong>Title \/Name Surname<\/strong><\/td>\n<td width=\"236\"><b>Institution<\/b><\/td>\n<td width=\"208\"><strong>Position<\/strong><\/td>\n<\/tr>\n<tr>\n<td width=\"217\">Assoc. Prof. Umut AYDIN<\/td>\n<td width=\"236\">Istanbul Ticaret University<\/td>\n<td width=\"208\">Head of Department<\/td>\n<\/tr>\n<tr>\n<td width=\"217\">Asst. Prof. \u0130srafil BOYACI<\/td>\n<td width=\"236\">Istanbul Ticaret University<\/td>\n<td width=\"208\">Faculty Member<\/td>\n<\/tr>\n<tr>\n<td width=\"217\">Asst. Prof. Godwin Oluseye OLASEHINDE-WILLIAMS<\/td>\n<td width=\"236\">Istanbul Ticaret University<\/td>\n<td width=\"208\">Faculty Member<\/td>\n<\/tr>\n<tr>\n<td width=\"217\">Res. Asst. Talha KARADAYI<\/td>\n<td width=\"236\">Istanbul Ticaret University<\/td>\n<td width=\"208\">Departmental Research Assistant<\/td>\n<\/tr>\n<tr>\n<td width=\"217\">Res. Asst. Nesli\u015fah \u00d6ZT\u00dcRK<\/td>\n<td width=\"236\">Istanbul Ticaret University<\/td>\n<td width=\"208\">Departmental Research Assistant<\/td>\n<\/tr>\n<tr>\n<td width=\"217\">Belinay TAYKUTG\u00dcL<\/td>\n<td width=\"236\">Istanbul Ticaret University<\/td>\n<td width=\"208\">Student Representative<\/td>\n<\/tr>\n<tr>\n<td width=\"217\">Prof. Kemal Bur\u00e7 \u00dcLENG\u0130N<\/td>\n<td width=\"236\">Istanbul Technical University, NielsenIQ &amp; GfK (Istanbul, Turkiye)<\/td>\n<td width=\"208\">Faculty Member (Department of Business Engineering), Quantitative Analysis and Data Science Consultant<\/td>\n<\/tr>\n<tr>\n<td width=\"217\">Dr. G\u00f6khan S\u00dcRMEL\u0130<\/td>\n<td width=\"236\">The Very Group (Liverpool, United Kingdom)<\/td>\n<td width=\"208\">Data Science Manager<\/td>\n<\/tr>\n<tr>\n<td width=\"217\">Dr. \u00d6mer ZEYBEK<\/td>\n<td width=\"236\">Migros Trade Inc. (Istanbul, Turkiye)<\/td>\n<td width=\"208\">Technical Manager<\/td>\n<\/tr>\n<tr>\n<td width=\"217\">Researcher Erol CENG\u0130Z<\/td>\n<td width=\"236\">Appythings B. V. (Amsterdam, Netherlands)<\/td>\n<td width=\"208\">Cloud Integration Engineer<\/td>\n<\/tr>\n<\/tbody>\n<\/table>\n","protected":false},"excerpt":{"rendered":"<p>MANAGEMENT INFORMATION SYSTEMS (ENG) DEPARTMENT ADVISORY BOARD Title \/Name Surname Institution Position Assoc. Prof. Umut AYDIN Istanbul Ticaret University Head of Department Asst. Prof. \u0130srafil BOYACI Istanbul Ticaret University Faculty Member Asst. Prof. Godwin Oluseye OLASEHINDE-WILLIAMS Istanbul Ticaret University Faculty Member Res. Asst. Talha KARADAYI Istanbul Ticaret University Departmental Research Assistant Res. Asst. Nesli\u015fah \u00d6ZT\u00dcRK [&hellip;]<\/p>\n","protected":false},"author":211,"featured_media":0,"parent":0,"menu_order":0,"comment_status":"closed","ping_status":"closed","template":"genel_sayfa.php","meta":{"footnotes":""},"yoast_head":"<!-- This site is optimized with the Yoast SEO Premium plugin v22.1 (Yoast SEO v22.1) - https:\/\/yoast.com\/wordpress\/plugins\/seo\/ -->\n<title>Department&#039;s Advisory Board - Y\u00f6netim Bili\u015fim Sistemleri (\u0130ngilizce)<\/title>\n<meta name=\"robots\" content=\"index, follow, max-snippet:-1, max-image-preview:large, max-video-preview:-1\" \/>\n<link rel=\"canonical\" href=\"http:\/\/ticaret.edu.tr\/yonetim-bilisim-sistemleri-ingilizce\/en\/departments-advisory-board\/\" \/>\n<meta property=\"og:locale\" content=\"tr_TR\" \/>\n<meta property=\"og:type\" content=\"article\" \/>\n<meta property=\"og:title\" content=\"Department&#039;s Advisory Board\" \/>\n<meta property=\"og:description\" content=\"MANAGEMENT INFORMATION SYSTEMS (ENG) DEPARTMENT ADVISORY BOARD Title \/Name Surname Institution Position Assoc. Prof. Umut AYDIN Istanbul Ticaret University Head of Department Asst. Prof. \u0130srafil BOYACI Istanbul Ticaret University Faculty Member Asst. Prof. Godwin Oluseye OLASEHINDE-WILLIAMS Istanbul Ticaret University Faculty Member Res. Asst. Talha KARADAYI Istanbul Ticaret University Departmental Research Assistant Res. Asst. Nesli\u015fah \u00d6ZT\u00dcRK [&hellip;]\" \/>\n<meta property=\"og:url\" content=\"http:\/\/ticaret.edu.tr\/yonetim-bilisim-sistemleri-ingilizce\/en\/departments-advisory-board\/\" \/>\n<meta property=\"og:site_name\" content=\"Y\u00f6netim Bili\u015fim Sistemleri (\u0130ngilizce)\" \/>\n<meta property=\"article:publisher\" content=\"https:\/\/www.facebook.com\/ticaretedutr\" \/>\n<meta property=\"article:modified_time\" content=\"2026-04-30T05:30:23+00:00\" \/>\n<meta name=\"twitter:card\" content=\"summary_large_image\" \/>\n<meta name=\"twitter:site\" content=\"@ticaretedutr\" \/>\n<meta name=\"twitter:label1\" content=\"Tahmini okuma s\u00fcresi\" \/>\n\t<meta name=\"twitter:data1\" content=\"1 dakika\" \/>\n<script type=\"application\/ld+json\" class=\"yoast-schema-graph\">{\"@context\":\"https:\/\/schema.org\",\"@graph\":[{\"@type\":\"WebPage\",\"@id\":\"http:\/\/ticaret.edu.tr\/yonetim-bilisim-sistemleri-ingilizce\/en\/departments-advisory-board\/\",\"url\":\"http:\/\/ticaret.edu.tr\/yonetim-bilisim-sistemleri-ingilizce\/en\/departments-advisory-board\/\",\"name\":\"Department's Advisory Board - Y\u00f6netim Bili\u015fim Sistemleri (\u0130ngilizce)\",\"isPartOf\":{\"@id\":\"http:\/\/ticaret.edu.tr\/yonetim-bilisim-sistemleri-ingilizce\/en\/#website\"},\"datePublished\":\"2025-01-26T20:51:46+00:00\",\"dateModified\":\"2026-04-30T05:30:23+00:00\",\"breadcrumb\":{\"@id\":\"http:\/\/ticaret.edu.tr\/yonetim-bilisim-sistemleri-ingilizce\/en\/departments-advisory-board\/#breadcrumb\"},\"inLanguage\":\"tr\",\"potentialAction\":[{\"@type\":\"ReadAction\",\"target\":[\"http:\/\/ticaret.edu.tr\/yonetim-bilisim-sistemleri-ingilizce\/en\/departments-advisory-board\/\"]}]},{\"@type\":\"BreadcrumbList\",\"@id\":\"http:\/\/ticaret.edu.tr\/yonetim-bilisim-sistemleri-ingilizce\/en\/departments-advisory-board\/#breadcrumb\",\"itemListElement\":[{\"@type\":\"ListItem\",\"position\":1,\"name\":\"Ana sayfa\",\"item\":\"https:\/\/ticaret.edu.tr\/yonetim-bilisim-sistemleri-ingilizce\/\"},{\"@type\":\"ListItem\",\"position\":2,\"name\":\"Department&#8217;s Advisory Board\"}]},{\"@type\":\"WebSite\",\"@id\":\"http:\/\/ticaret.edu.tr\/yonetim-bilisim-sistemleri-ingilizce\/en\/#website\",\"url\":\"http:\/\/ticaret.edu.tr\/yonetim-bilisim-sistemleri-ingilizce\/en\/\",\"name\":\"Y\u00f6netim Bili\u015fim Sistemleri (\u0130ngilizce)\",\"description\":\"\",\"potentialAction\":[{\"@type\":\"SearchAction\",\"target\":{\"@type\":\"EntryPoint\",\"urlTemplate\":\"http:\/\/ticaret.edu.tr\/yonetim-bilisim-sistemleri-ingilizce\/en\/?s={search_term_string}\"},\"query-input\":\"required name=search_term_string\"}],\"inLanguage\":\"tr\"}]}<\/script>\n<!-- \/ Yoast SEO Premium plugin. -->","yoast_head_json":{"title":"Department's Advisory Board - Y\u00f6netim Bili\u015fim Sistemleri (\u0130ngilizce)","robots":{"index":"index","follow":"follow","max-snippet":"max-snippet:-1","max-image-preview":"max-image-preview:large","max-video-preview":"max-video-preview:-1"},"canonical":"http:\/\/ticaret.edu.tr\/yonetim-bilisim-sistemleri-ingilizce\/en\/departments-advisory-board\/","og_locale":"tr_TR","og_type":"article","og_title":"Department's Advisory Board","og_description":"MANAGEMENT INFORMATION SYSTEMS (ENG) DEPARTMENT ADVISORY BOARD Title \/Name Surname Institution Position Assoc. Prof. Umut AYDIN Istanbul Ticaret University Head of Department Asst. Prof. \u0130srafil BOYACI Istanbul Ticaret University Faculty Member Asst. Prof. Godwin Oluseye OLASEHINDE-WILLIAMS Istanbul Ticaret University Faculty Member Res. Asst. Talha KARADAYI Istanbul Ticaret University Departmental Research Assistant Res. Asst. Nesli\u015fah \u00d6ZT\u00dcRK [&hellip;]","og_url":"http:\/\/ticaret.edu.tr\/yonetim-bilisim-sistemleri-ingilizce\/en\/departments-advisory-board\/","og_site_name":"Y\u00f6netim Bili\u015fim Sistemleri (\u0130ngilizce)","article_publisher":"https:\/\/www.facebook.com\/ticaretedutr","article_modified_time":"2026-04-30T05:30:23+00:00","twitter_card":"summary_large_image","twitter_site":"@ticaretedutr","twitter_misc":{"Tahmini okuma s\u00fcresi":"1 dakika"},"schema":{"@context":"https:\/\/schema.org","@graph":[{"@type":"WebPage","@id":"http:\/\/ticaret.edu.tr\/yonetim-bilisim-sistemleri-ingilizce\/en\/departments-advisory-board\/","url":"http:\/\/ticaret.edu.tr\/yonetim-bilisim-sistemleri-ingilizce\/en\/departments-advisory-board\/","name":"Department's Advisory Board - Y\u00f6netim Bili\u015fim Sistemleri (\u0130ngilizce)","isPartOf":{"@id":"http:\/\/ticaret.edu.tr\/yonetim-bilisim-sistemleri-ingilizce\/en\/#website"},"datePublished":"2025-01-26T20:51:46+00:00","dateModified":"2026-04-30T05:30:23+00:00","breadcrumb":{"@id":"http:\/\/ticaret.edu.tr\/yonetim-bilisim-sistemleri-ingilizce\/en\/departments-advisory-board\/#breadcrumb"},"inLanguage":"tr","potentialAction":[{"@type":"ReadAction","target":["http:\/\/ticaret.edu.tr\/yonetim-bilisim-sistemleri-ingilizce\/en\/departments-advisory-board\/"]}]},{"@type":"BreadcrumbList","@id":"http:\/\/ticaret.edu.tr\/yonetim-bilisim-sistemleri-ingilizce\/en\/departments-advisory-board\/#breadcrumb","itemListElement":[{"@type":"ListItem","position":1,"name":"Ana sayfa","item":"https:\/\/ticaret.edu.tr\/yonetim-bilisim-sistemleri-ingilizce\/"},{"@type":"ListItem","position":2,"name":"Department&#8217;s Advisory Board"}]},{"@type":"WebSite","@id":"http:\/\/ticaret.edu.tr\/yonetim-bilisim-sistemleri-ingilizce\/en\/#website","url":"http:\/\/ticaret.edu.tr\/yonetim-bilisim-sistemleri-ingilizce\/en\/","name":"Y\u00f6netim Bili\u015fim Sistemleri (\u0130ngilizce)","description":"","potentialAction":[{"@type":"SearchAction","target":{"@type":"EntryPoint","urlTemplate":"http:\/\/ticaret.edu.tr\/yonetim-bilisim-sistemleri-ingilizce\/en\/?s={search_term_string}"},"query-input":"required name=search_term_string"}],"inLanguage":"tr"}]}},"lang":"en","translations":{"en":824,"tr":821},"pll_sync_post":[],"_links":{"self":[{"href":"http:\/\/ticaret.edu.tr\/yonetim-bilisim-sistemleri-ingilizce\/wp-json\/wp\/v2\/pages\/824"}],"collection":[{"href":"http:\/\/ticaret.edu.tr\/yonetim-bilisim-sistemleri-ingilizce\/wp-json\/wp\/v2\/pages"}],"about":[{"href":"http:\/\/ticaret.edu.tr\/yonetim-bilisim-sistemleri-ingilizce\/wp-json\/wp\/v2\/types\/page"}],"author":[{"embeddable":true,"href":"http:\/\/ticaret.edu.tr\/yonetim-bilisim-sistemleri-ingilizce\/wp-json\/wp\/v2\/users\/211"}],"replies":[{"embeddable":true,"href":"http:\/\/ticaret.edu.tr\/yonetim-bilisim-sistemleri-ingilizce\/wp-json\/wp\/v2\/comments?post=824"}],"version-history":[{"count":9,"href":"http:\/\/ticaret.edu.tr\/yonetim-bilisim-sistemleri-ingilizce\/wp-json\/wp\/v2\/pages\/824\/revisions"}],"predecessor-version":[{"id":1799,"href":"http:\/\/ticaret.edu.tr\/yonetim-bilisim-sistemleri-ingilizce\/wp-json\/wp\/v2\/pages\/824\/revisions\/1799"}],"wp:attachment":[{"href":"http:\/\/ticaret.edu.tr\/yonetim-bilisim-sistemleri-ingilizce\/wp-json\/wp\/v2\/media?parent=824"}],"curies":[{"name":"wp","href":"https:\/\/api.w.org\/{rel}","templated":true}]}}